{"id":5957,"date":"2026-01-02T13:01:16","date_gmt":"2026-01-02T12:01:16","guid":{"rendered":"https:\/\/janeke1830.it\/prodotto\/brosse-demelante-magnum-famille-noir\/"},"modified":"2026-03-03T11:47:17","modified_gmt":"2026-03-03T10:47:17","slug":"brosse-demelante-magnum-famille-noir","status":"publish","type":"product","link":"https:\/\/janeke1830.it\/fr\/prodotto\/brosse-demelante-magnum-famille-noir\/","title":{"rendered":"Brosse d\u00e9m\u00ealante magnum famille noir"},"content":{"rendered":"","protected":false},"excerpt":{"rendered":"<p><em>23,5 cm<\/em><\/p>\n<p>La brosse plate en r\u00e9sine ac\u00e9talique noire avec pointes moul\u00e9es en mat\u00e9riau souple est anti-casse, anti-arrachage et d\u00e9m\u00ealante. Elle peut aussi \u00eatre utilis\u00e9e pour brosser les cheveux boucl\u00e9s-ondul\u00e9s naturels, aussi bien secs qu&rsquo;humides, pour ne pas ab\u00eemer la structure des tiges. <\/p>\n","protected":false},"featured_media":5958,"comment_status":"closed","ping_status":"closed","template":"","meta":[],"product_brand":[824],"product_cat":[208],"product_tag":[699,733],"class_list":{"0":"post-5957","1":"product","2":"type-product","3":"status-publish","4":"has-post-thumbnail","6":"product_brand-professional","7":"product_cat-brosses","8":"product_tag-brosses-professionnelles","9":"product_tag-noir","11":"first","12":"instock","13":"shipping-taxable","14":"purchasable","15":"product-type-simple"},"yoast_head":"<!-- This site is optimized with the Yoast SEO plugin v27.1.1 - https:\/\/yoast.com\/product\/yoast-seo-wordpress\/ -->\n<title>Brosse \u00e0 n\u0153uds Magnum Black Family - J\u00e4neke 1830<\/title>\n<meta name=\"description\" content=\"D\u00e9m\u00ealez les boucles sans les casser avec la brosse dissolvante J\u00e4neke Black Family Magnum. Id\u00e9ale pour les cheveux secs et mouill\u00e9s. Achetez-le !\" \/>\n<meta name=\"robots\" content=\"index, follow, max-snippet:-1, max-image-preview:large, max-video-preview:-1\" \/>\n<link rel=\"canonical\" href=\"https:\/\/janeke1830.it\/fr\/prodotto\/brosse-demelante-magnum-famille-noir\/\" \/>\n<meta property=\"og:locale\" content=\"fr_FR\" \/>\n<meta property=\"og:type\" content=\"article\" \/>\n<meta property=\"og:title\" content=\"Brosse \u00e0 n\u0153uds Magnum Black Family - J\u00e4neke 1830\" \/>\n<meta property=\"og:description\" content=\"D\u00e9m\u00ealez les boucles sans les casser avec la brosse dissolvante J\u00e4neke Black Family Magnum. Id\u00e9ale pour les cheveux secs et mouill\u00e9s. Achetez-le !\" \/>\n<meta property=\"og:url\" content=\"https:\/\/janeke1830.it\/fr\/prodotto\/brosse-demelante-magnum-famille-noir\/\" \/>\n<meta property=\"og:site_name\" content=\"J\u00e4neke\" \/>\n<meta property=\"article:publisher\" content=\"https:\/\/www.facebook.com\/janeke1830\" \/>\n<meta property=\"article:modified_time\" content=\"2026-03-03T10:47:17+00:00\" \/>\n<meta property=\"og:image\" content=\"https:\/\/janeke1830.it\/wp-content\/uploads\/2026\/01\/71SP227-NER.png\" \/>\n\t<meta property=\"og:image:width\" content=\"1024\" \/>\n\t<meta property=\"og:image:height\" content=\"1024\" \/>\n\t<meta property=\"og:image:type\" content=\"image\/png\" \/>\n<meta name=\"twitter:card\" content=\"summary_large_image\" \/>\n<script type=\"application\/ld+json\" class=\"yoast-schema-graph\">{\"@context\":\"https:\/\/schema.org\",\"@graph\":[{\"@type\":\"WebPage\",\"@id\":\"https:\/\/janeke1830.it\/fr\/prodotto\/brosse-demelante-magnum-famille-noir\/\",\"url\":\"https:\/\/janeke1830.it\/fr\/prodotto\/brosse-demelante-magnum-famille-noir\/\",\"name\":\"Brosse \u00e0 n\u0153uds Magnum Black Family - J\u00e4neke 1830\",\"isPartOf\":{\"@id\":\"https:\/\/janeke1830.it\/#website\"},\"primaryImageOfPage\":{\"@id\":\"https:\/\/janeke1830.it\/fr\/prodotto\/brosse-demelante-magnum-famille-noir\/#primaryimage\"},\"image\":{\"@id\":\"https:\/\/janeke1830.it\/fr\/prodotto\/brosse-demelante-magnum-famille-noir\/#primaryimage\"},\"thumbnailUrl\":\"https:\/\/janeke1830.it\/wp-content\/uploads\/2026\/01\/spazzola-scioglinodi-magnum-71sp227-ner.png\",\"datePublished\":\"2026-01-02T12:01:16+00:00\",\"dateModified\":\"2026-03-03T10:47:17+00:00\",\"description\":\"D\u00e9m\u00ealez les boucles sans les casser avec la brosse dissolvante J\u00e4neke Black Family Magnum. Id\u00e9ale pour les cheveux secs et mouill\u00e9s. Achetez-le !\",\"breadcrumb\":{\"@id\":\"https:\/\/janeke1830.it\/fr\/prodotto\/brosse-demelante-magnum-famille-noir\/#breadcrumb\"},\"inLanguage\":\"fr-FR\",\"potentialAction\":[{\"@type\":\"ReadAction\",\"target\":[\"https:\/\/janeke1830.it\/fr\/prodotto\/brosse-demelante-magnum-famille-noir\/\"]}]},{\"@type\":\"ImageObject\",\"inLanguage\":\"fr-FR\",\"@id\":\"https:\/\/janeke1830.it\/fr\/prodotto\/brosse-demelante-magnum-famille-noir\/#primaryimage\",\"url\":\"https:\/\/janeke1830.it\/wp-content\/uploads\/2026\/01\/spazzola-scioglinodi-magnum-71sp227-ner.png\",\"contentUrl\":\"https:\/\/janeke1830.it\/wp-content\/uploads\/2026\/01\/spazzola-scioglinodi-magnum-71sp227-ner.png\",\"width\":1024,\"height\":1024,\"caption\":\"Spazzola scioglinodi magnum famiglia nero J\u00e4neke anti-rottura per ricci ondulati\"},{\"@type\":\"BreadcrumbList\",\"@id\":\"https:\/\/janeke1830.it\/fr\/prodotto\/brosse-demelante-magnum-famille-noir\/#breadcrumb\",\"itemListElement\":[{\"@type\":\"ListItem\",\"position\":1,\"name\":\"Home\",\"item\":\"https:\/\/janeke1830.it\/\"},{\"@type\":\"ListItem\",\"position\":2,\"name\":\"Boutique\",\"item\":\"https:\/\/janeke1830.it\/fr\/boutique\/\"},{\"@type\":\"ListItem\",\"position\":3,\"name\":\"Brosse d\u00e9m\u00ealante magnum famille noir\"}]},{\"@type\":\"WebSite\",\"@id\":\"https:\/\/janeke1830.it\/#website\",\"url\":\"https:\/\/janeke1830.it\/\",\"name\":\"J\u00e4neke 1830\",\"description\":\"\",\"publisher\":{\"@id\":\"https:\/\/janeke1830.it\/#organization\"},\"potentialAction\":[{\"@type\":\"SearchAction\",\"target\":{\"@type\":\"EntryPoint\",\"urlTemplate\":\"https:\/\/janeke1830.it\/?s={search_term_string}\"},\"query-input\":{\"@type\":\"PropertyValueSpecification\",\"valueRequired\":true,\"valueName\":\"search_term_string\"}}],\"inLanguage\":\"fr-FR\"},{\"@type\":\"Organization\",\"@id\":\"https:\/\/janeke1830.it\/#organization\",\"name\":\"J\u00e4neke 1830\",\"url\":\"https:\/\/janeke1830.it\/\",\"logo\":{\"@type\":\"ImageObject\",\"inLanguage\":\"fr-FR\",\"@id\":\"https:\/\/janeke1830.it\/#\/schema\/logo\/image\/\",\"url\":\"https:\/\/janeke1830.it\/wp-content\/uploads\/2025\/12\/logo-nero-janeke.png\",\"contentUrl\":\"https:\/\/janeke1830.it\/wp-content\/uploads\/2025\/12\/logo-nero-janeke.png\",\"width\":1824,\"height\":829,\"caption\":\"J\u00e4neke 1830\"},\"image\":{\"@id\":\"https:\/\/janeke1830.it\/#\/schema\/logo\/image\/\"},\"sameAs\":[\"https:\/\/www.facebook.com\/janeke1830\",\"https:\/\/www.instagram.com\/janeke1830official\",\"https:\/\/www.linkedin.com\/company\/giorgio-janeke-s-r-l-\/\"]}]}<\/script>\n<!-- \/ Yoast SEO plugin. -->","yoast_head_json":{"title":"Brosse \u00e0 n\u0153uds Magnum Black Family - J\u00e4neke 1830","description":"D\u00e9m\u00ealez les boucles sans les casser avec la brosse dissolvante J\u00e4neke Black Family Magnum. Id\u00e9ale pour les cheveux secs et mouill\u00e9s. Achetez-le !","robots":{"index":"index","follow":"follow","max-snippet":"max-snippet:-1","max-image-preview":"max-image-preview:large","max-video-preview":"max-video-preview:-1"},"canonical":"https:\/\/janeke1830.it\/fr\/prodotto\/brosse-demelante-magnum-famille-noir\/","og_locale":"fr_FR","og_type":"article","og_title":"Brosse \u00e0 n\u0153uds Magnum Black Family - J\u00e4neke 1830","og_description":"D\u00e9m\u00ealez les boucles sans les casser avec la brosse dissolvante J\u00e4neke Black Family Magnum. Id\u00e9ale pour les cheveux secs et mouill\u00e9s. Achetez-le !","og_url":"https:\/\/janeke1830.it\/fr\/prodotto\/brosse-demelante-magnum-famille-noir\/","og_site_name":"J\u00e4neke","article_publisher":"https:\/\/www.facebook.com\/janeke1830","article_modified_time":"2026-03-03T10:47:17+00:00","og_image":[{"width":1024,"height":1024,"url":"https:\/\/janeke1830.it\/wp-content\/uploads\/2026\/01\/71SP227-NER.png","type":"image\/png"}],"twitter_card":"summary_large_image","schema":{"@context":"https:\/\/schema.org","@graph":[{"@type":"WebPage","@id":"https:\/\/janeke1830.it\/fr\/prodotto\/brosse-demelante-magnum-famille-noir\/","url":"https:\/\/janeke1830.it\/fr\/prodotto\/brosse-demelante-magnum-famille-noir\/","name":"Brosse \u00e0 n\u0153uds Magnum Black Family - J\u00e4neke 1830","isPartOf":{"@id":"https:\/\/janeke1830.it\/#website"},"primaryImageOfPage":{"@id":"https:\/\/janeke1830.it\/fr\/prodotto\/brosse-demelante-magnum-famille-noir\/#primaryimage"},"image":{"@id":"https:\/\/janeke1830.it\/fr\/prodotto\/brosse-demelante-magnum-famille-noir\/#primaryimage"},"thumbnailUrl":"https:\/\/janeke1830.it\/wp-content\/uploads\/2026\/01\/spazzola-scioglinodi-magnum-71sp227-ner.png","datePublished":"2026-01-02T12:01:16+00:00","dateModified":"2026-03-03T10:47:17+00:00","description":"D\u00e9m\u00ealez les boucles sans les casser avec la brosse dissolvante J\u00e4neke Black Family Magnum. Id\u00e9ale pour les cheveux secs et mouill\u00e9s. Achetez-le !","breadcrumb":{"@id":"https:\/\/janeke1830.it\/fr\/prodotto\/brosse-demelante-magnum-famille-noir\/#breadcrumb"},"inLanguage":"fr-FR","potentialAction":[{"@type":"ReadAction","target":["https:\/\/janeke1830.it\/fr\/prodotto\/brosse-demelante-magnum-famille-noir\/"]}]},{"@type":"ImageObject","inLanguage":"fr-FR","@id":"https:\/\/janeke1830.it\/fr\/prodotto\/brosse-demelante-magnum-famille-noir\/#primaryimage","url":"https:\/\/janeke1830.it\/wp-content\/uploads\/2026\/01\/spazzola-scioglinodi-magnum-71sp227-ner.png","contentUrl":"https:\/\/janeke1830.it\/wp-content\/uploads\/2026\/01\/spazzola-scioglinodi-magnum-71sp227-ner.png","width":1024,"height":1024,"caption":"Spazzola scioglinodi magnum famiglia nero J\u00e4neke anti-rottura per ricci ondulati"},{"@type":"BreadcrumbList","@id":"https:\/\/janeke1830.it\/fr\/prodotto\/brosse-demelante-magnum-famille-noir\/#breadcrumb","itemListElement":[{"@type":"ListItem","position":1,"name":"Home","item":"https:\/\/janeke1830.it\/"},{"@type":"ListItem","position":2,"name":"Boutique","item":"https:\/\/janeke1830.it\/fr\/boutique\/"},{"@type":"ListItem","position":3,"name":"Brosse d\u00e9m\u00ealante magnum famille noir"}]},{"@type":"WebSite","@id":"https:\/\/janeke1830.it\/#website","url":"https:\/\/janeke1830.it\/","name":"J\u00e4neke 1830","description":"","publisher":{"@id":"https:\/\/janeke1830.it\/#organization"},"potentialAction":[{"@type":"SearchAction","target":{"@type":"EntryPoint","urlTemplate":"https:\/\/janeke1830.it\/?s={search_term_string}"},"query-input":{"@type":"PropertyValueSpecification","valueRequired":true,"valueName":"search_term_string"}}],"inLanguage":"fr-FR"},{"@type":"Organization","@id":"https:\/\/janeke1830.it\/#organization","name":"J\u00e4neke 1830","url":"https:\/\/janeke1830.it\/","logo":{"@type":"ImageObject","inLanguage":"fr-FR","@id":"https:\/\/janeke1830.it\/#\/schema\/logo\/image\/","url":"https:\/\/janeke1830.it\/wp-content\/uploads\/2025\/12\/logo-nero-janeke.png","contentUrl":"https:\/\/janeke1830.it\/wp-content\/uploads\/2025\/12\/logo-nero-janeke.png","width":1824,"height":829,"caption":"J\u00e4neke 1830"},"image":{"@id":"https:\/\/janeke1830.it\/#\/schema\/logo\/image\/"},"sameAs":["https:\/\/www.facebook.com\/janeke1830","https:\/\/www.instagram.com\/janeke1830official","https:\/\/www.linkedin.com\/company\/giorgio-janeke-s-r-l-\/"]}]}},"_links":{"self":[{"href":"https:\/\/janeke1830.it\/fr\/wp-json\/wp\/v2\/product\/5957","targetHints":{"allow":["GET"]}}],"collection":[{"href":"https:\/\/janeke1830.it\/fr\/wp-json\/wp\/v2\/product"}],"about":[{"href":"https:\/\/janeke1830.it\/fr\/wp-json\/wp\/v2\/types\/product"}],"replies":[{"embeddable":true,"href":"https:\/\/janeke1830.it\/fr\/wp-json\/wp\/v2\/comments?post=5957"}],"wp:featuredmedia":[{"embeddable":true,"href":"https:\/\/janeke1830.it\/fr\/wp-json\/wp\/v2\/media\/5958"}],"wp:attachment":[{"href":"https:\/\/janeke1830.it\/fr\/wp-json\/wp\/v2\/media?parent=5957"}],"wp:term":[{"taxonomy":"product_brand","embeddable":true,"href":"https:\/\/janeke1830.it\/fr\/wp-json\/wp\/v2\/product_brand?post=5957"},{"taxonomy":"product_cat","embeddable":true,"href":"https:\/\/janeke1830.it\/fr\/wp-json\/wp\/v2\/product_cat?post=5957"},{"taxonomy":"product_tag","embeddable":true,"href":"https:\/\/janeke1830.it\/fr\/wp-json\/wp\/v2\/product_tag?post=5957"}],"curies":[{"name":"wp","href":"https:\/\/api.w.org\/{rel}","templated":true}]}}