{"id":4919,"date":"2025-12-02T16:02:03","date_gmt":"2025-12-02T15:02:03","guid":{"rendered":"https:\/\/janeke1830.it\/prodotto\/brosse-thermique-spiral-aluminium\/"},"modified":"2026-02-10T14:42:38","modified_gmt":"2026-02-10T13:42:38","slug":"brosse-thermique-spiral-aluminium","status":"publish","type":"product","link":"https:\/\/janeke1830.it\/fr\/prodotto\/brosse-thermique-spiral-aluminium\/","title":{"rendered":"Brosse thermique Spiral aluminium"},"content":{"rendered":"","protected":false},"excerpt":{"rendered":"<p>Brosse thermique ronde Spiral, cylindre aluminium.<\/p>\n<p>Les trous permettent un s\u00e9chage plus rapide et le tube m\u00e9tallique aide au lissage de la m\u00e8che. Le manche ergonomique avec \u00e9tranglement facilite la rotation de la brosse entre le pouce et l&rsquo;index. Avec embout amovible pour tracer les sections de cheveux pendant le s\u00e9chage.  <\/p>\n","protected":false},"featured_media":4920,"comment_status":"closed","ping_status":"closed","template":"","meta":[],"product_brand":[824],"product_cat":[208],"product_tag":[699],"class_list":{"0":"post-4919","1":"product","2":"type-product","3":"status-publish","4":"has-post-thumbnail","6":"product_brand-professional","7":"product_cat-brosses","8":"product_tag-brosses-professionnelles","10":"first","11":"instock","12":"shipping-taxable","13":"purchasable","14":"product-type-variable","15":"has-default-attributes","16":"wvs-archive-product-wrapper"},"yoast_head":"<!-- This site is optimized with the Yoast SEO plugin v27.1.1 - https:\/\/yoast.com\/product\/yoast-seo-wordpress\/ -->\n<title>J\u00e4neke Spiral Aluminium Thermal Brush - Rapid Styling<\/title>\n<meta name=\"description\" content=\"Obtenez des plis rapides et pr\u00e9cis avec la brosse thermique en aluminium Spiral de J\u00e4neke. Cylindre ergonomique en aluminium. Achetez-la maintenant !\" \/>\n<meta name=\"robots\" content=\"index, follow, max-snippet:-1, max-image-preview:large, max-video-preview:-1\" \/>\n<link rel=\"canonical\" href=\"https:\/\/janeke1830.it\/fr\/prodotto\/brosse-thermique-spiral-aluminium\/\" \/>\n<meta property=\"og:locale\" content=\"fr_FR\" \/>\n<meta property=\"og:type\" content=\"article\" \/>\n<meta property=\"og:title\" content=\"J\u00e4neke Spiral Aluminium Thermal Brush - Rapid Styling\" \/>\n<meta property=\"og:description\" content=\"Obtenez des plis rapides et pr\u00e9cis avec la brosse thermique en aluminium Spiral de J\u00e4neke. Cylindre ergonomique en aluminium. Achetez-la maintenant !\" \/>\n<meta property=\"og:url\" content=\"https:\/\/janeke1830.it\/fr\/prodotto\/brosse-thermique-spiral-aluminium\/\" \/>\n<meta property=\"og:site_name\" content=\"J\u00e4neke\" \/>\n<meta property=\"article:publisher\" content=\"https:\/\/www.facebook.com\/janeke1830\" \/>\n<meta property=\"article:modified_time\" content=\"2026-02-10T13:42:38+00:00\" \/>\n<meta property=\"og:image\" content=\"https:\/\/janeke1830.it\/wp-content\/uploads\/2026\/01\/SP614C-ALMTiraciocche.png\" \/>\n\t<meta property=\"og:image:width\" content=\"1024\" \/>\n\t<meta property=\"og:image:height\" content=\"1024\" \/>\n\t<meta property=\"og:image:type\" content=\"image\/png\" \/>\n<meta name=\"twitter:card\" content=\"summary_large_image\" \/>\n<script type=\"application\/ld+json\" class=\"yoast-schema-graph\">{\"@context\":\"https:\/\/schema.org\",\"@graph\":[{\"@type\":\"WebPage\",\"@id\":\"https:\/\/janeke1830.it\/fr\/prodotto\/brosse-thermique-spiral-aluminium\/\",\"url\":\"https:\/\/janeke1830.it\/fr\/prodotto\/brosse-thermique-spiral-aluminium\/\",\"name\":\"J\u00e4neke Spiral Aluminium Thermal Brush - Rapid Styling\",\"isPartOf\":{\"@id\":\"https:\/\/janeke1830.it\/#website\"},\"primaryImageOfPage\":{\"@id\":\"https:\/\/janeke1830.it\/fr\/prodotto\/brosse-thermique-spiral-aluminium\/#primaryimage\"},\"image\":{\"@id\":\"https:\/\/janeke1830.it\/fr\/prodotto\/brosse-thermique-spiral-aluminium\/#primaryimage\"},\"thumbnailUrl\":\"https:\/\/janeke1830.it\/wp-content\/uploads\/2026\/01\/spazzola-spiral-65mm-nero-sp614c-almtiraciocche.png\",\"datePublished\":\"2025-12-02T15:02:03+00:00\",\"dateModified\":\"2026-02-10T13:42:38+00:00\",\"description\":\"Obtenez des plis rapides et pr\u00e9cis avec la brosse thermique en aluminium Spiral de J\u00e4neke. Cylindre ergonomique en aluminium. Achetez-la maintenant !\",\"breadcrumb\":{\"@id\":\"https:\/\/janeke1830.it\/fr\/prodotto\/brosse-thermique-spiral-aluminium\/#breadcrumb\"},\"inLanguage\":\"fr-FR\",\"potentialAction\":[{\"@type\":\"ReadAction\",\"target\":[\"https:\/\/janeke1830.it\/fr\/prodotto\/brosse-thermique-spiral-aluminium\/\"]}]},{\"@type\":\"ImageObject\",\"inLanguage\":\"fr-FR\",\"@id\":\"https:\/\/janeke1830.it\/fr\/prodotto\/brosse-thermique-spiral-aluminium\/#primaryimage\",\"url\":\"https:\/\/janeke1830.it\/wp-content\/uploads\/2026\/01\/spazzola-spiral-65mm-nero-sp614c-almtiraciocche.png\",\"contentUrl\":\"https:\/\/janeke1830.it\/wp-content\/uploads\/2026\/01\/spazzola-spiral-65mm-nero-sp614c-almtiraciocche.png\",\"width\":1024,\"height\":1024,\"caption\":\"Spazzola termica Spiral alluminio 65mm nero J\u00e4neke per asciugatura rapida\"},{\"@type\":\"BreadcrumbList\",\"@id\":\"https:\/\/janeke1830.it\/fr\/prodotto\/brosse-thermique-spiral-aluminium\/#breadcrumb\",\"itemListElement\":[{\"@type\":\"ListItem\",\"position\":1,\"name\":\"Home\",\"item\":\"https:\/\/janeke1830.it\/\"},{\"@type\":\"ListItem\",\"position\":2,\"name\":\"Boutique\",\"item\":\"https:\/\/janeke1830.it\/fr\/boutique\/\"},{\"@type\":\"ListItem\",\"position\":3,\"name\":\"Brosse thermique Spiral aluminium\"}]},{\"@type\":\"WebSite\",\"@id\":\"https:\/\/janeke1830.it\/#website\",\"url\":\"https:\/\/janeke1830.it\/\",\"name\":\"J\u00e4neke 1830\",\"description\":\"\",\"publisher\":{\"@id\":\"https:\/\/janeke1830.it\/#organization\"},\"potentialAction\":[{\"@type\":\"SearchAction\",\"target\":{\"@type\":\"EntryPoint\",\"urlTemplate\":\"https:\/\/janeke1830.it\/?s={search_term_string}\"},\"query-input\":{\"@type\":\"PropertyValueSpecification\",\"valueRequired\":true,\"valueName\":\"search_term_string\"}}],\"inLanguage\":\"fr-FR\"},{\"@type\":\"Organization\",\"@id\":\"https:\/\/janeke1830.it\/#organization\",\"name\":\"J\u00e4neke 1830\",\"url\":\"https:\/\/janeke1830.it\/\",\"logo\":{\"@type\":\"ImageObject\",\"inLanguage\":\"fr-FR\",\"@id\":\"https:\/\/janeke1830.it\/#\/schema\/logo\/image\/\",\"url\":\"https:\/\/janeke1830.it\/wp-content\/uploads\/2025\/12\/logo-nero-janeke.png\",\"contentUrl\":\"https:\/\/janeke1830.it\/wp-content\/uploads\/2025\/12\/logo-nero-janeke.png\",\"width\":1824,\"height\":829,\"caption\":\"J\u00e4neke 1830\"},\"image\":{\"@id\":\"https:\/\/janeke1830.it\/#\/schema\/logo\/image\/\"},\"sameAs\":[\"https:\/\/www.facebook.com\/janeke1830\",\"https:\/\/www.instagram.com\/janeke1830official\",\"https:\/\/www.linkedin.com\/company\/giorgio-janeke-s-r-l-\/\"]}]}<\/script>\n<!-- \/ Yoast SEO plugin. -->","yoast_head_json":{"title":"J\u00e4neke Spiral Aluminium Thermal Brush - Rapid Styling","description":"Obtenez des plis rapides et pr\u00e9cis avec la brosse thermique en aluminium Spiral de J\u00e4neke. Cylindre ergonomique en aluminium. Achetez-la maintenant !","robots":{"index":"index","follow":"follow","max-snippet":"max-snippet:-1","max-image-preview":"max-image-preview:large","max-video-preview":"max-video-preview:-1"},"canonical":"https:\/\/janeke1830.it\/fr\/prodotto\/brosse-thermique-spiral-aluminium\/","og_locale":"fr_FR","og_type":"article","og_title":"J\u00e4neke Spiral Aluminium Thermal Brush - Rapid Styling","og_description":"Obtenez des plis rapides et pr\u00e9cis avec la brosse thermique en aluminium Spiral de J\u00e4neke. Cylindre ergonomique en aluminium. Achetez-la maintenant !","og_url":"https:\/\/janeke1830.it\/fr\/prodotto\/brosse-thermique-spiral-aluminium\/","og_site_name":"J\u00e4neke","article_publisher":"https:\/\/www.facebook.com\/janeke1830","article_modified_time":"2026-02-10T13:42:38+00:00","og_image":[{"width":1024,"height":1024,"url":"https:\/\/janeke1830.it\/wp-content\/uploads\/2026\/01\/SP614C-ALMTiraciocche.png","type":"image\/png"}],"twitter_card":"summary_large_image","schema":{"@context":"https:\/\/schema.org","@graph":[{"@type":"WebPage","@id":"https:\/\/janeke1830.it\/fr\/prodotto\/brosse-thermique-spiral-aluminium\/","url":"https:\/\/janeke1830.it\/fr\/prodotto\/brosse-thermique-spiral-aluminium\/","name":"J\u00e4neke Spiral Aluminium Thermal Brush - Rapid Styling","isPartOf":{"@id":"https:\/\/janeke1830.it\/#website"},"primaryImageOfPage":{"@id":"https:\/\/janeke1830.it\/fr\/prodotto\/brosse-thermique-spiral-aluminium\/#primaryimage"},"image":{"@id":"https:\/\/janeke1830.it\/fr\/prodotto\/brosse-thermique-spiral-aluminium\/#primaryimage"},"thumbnailUrl":"https:\/\/janeke1830.it\/wp-content\/uploads\/2026\/01\/spazzola-spiral-65mm-nero-sp614c-almtiraciocche.png","datePublished":"2025-12-02T15:02:03+00:00","dateModified":"2026-02-10T13:42:38+00:00","description":"Obtenez des plis rapides et pr\u00e9cis avec la brosse thermique en aluminium Spiral de J\u00e4neke. Cylindre ergonomique en aluminium. Achetez-la maintenant !","breadcrumb":{"@id":"https:\/\/janeke1830.it\/fr\/prodotto\/brosse-thermique-spiral-aluminium\/#breadcrumb"},"inLanguage":"fr-FR","potentialAction":[{"@type":"ReadAction","target":["https:\/\/janeke1830.it\/fr\/prodotto\/brosse-thermique-spiral-aluminium\/"]}]},{"@type":"ImageObject","inLanguage":"fr-FR","@id":"https:\/\/janeke1830.it\/fr\/prodotto\/brosse-thermique-spiral-aluminium\/#primaryimage","url":"https:\/\/janeke1830.it\/wp-content\/uploads\/2026\/01\/spazzola-spiral-65mm-nero-sp614c-almtiraciocche.png","contentUrl":"https:\/\/janeke1830.it\/wp-content\/uploads\/2026\/01\/spazzola-spiral-65mm-nero-sp614c-almtiraciocche.png","width":1024,"height":1024,"caption":"Spazzola termica Spiral alluminio 65mm nero J\u00e4neke per asciugatura rapida"},{"@type":"BreadcrumbList","@id":"https:\/\/janeke1830.it\/fr\/prodotto\/brosse-thermique-spiral-aluminium\/#breadcrumb","itemListElement":[{"@type":"ListItem","position":1,"name":"Home","item":"https:\/\/janeke1830.it\/"},{"@type":"ListItem","position":2,"name":"Boutique","item":"https:\/\/janeke1830.it\/fr\/boutique\/"},{"@type":"ListItem","position":3,"name":"Brosse thermique Spiral aluminium"}]},{"@type":"WebSite","@id":"https:\/\/janeke1830.it\/#website","url":"https:\/\/janeke1830.it\/","name":"J\u00e4neke 1830","description":"","publisher":{"@id":"https:\/\/janeke1830.it\/#organization"},"potentialAction":[{"@type":"SearchAction","target":{"@type":"EntryPoint","urlTemplate":"https:\/\/janeke1830.it\/?s={search_term_string}"},"query-input":{"@type":"PropertyValueSpecification","valueRequired":true,"valueName":"search_term_string"}}],"inLanguage":"fr-FR"},{"@type":"Organization","@id":"https:\/\/janeke1830.it\/#organization","name":"J\u00e4neke 1830","url":"https:\/\/janeke1830.it\/","logo":{"@type":"ImageObject","inLanguage":"fr-FR","@id":"https:\/\/janeke1830.it\/#\/schema\/logo\/image\/","url":"https:\/\/janeke1830.it\/wp-content\/uploads\/2025\/12\/logo-nero-janeke.png","contentUrl":"https:\/\/janeke1830.it\/wp-content\/uploads\/2025\/12\/logo-nero-janeke.png","width":1824,"height":829,"caption":"J\u00e4neke 1830"},"image":{"@id":"https:\/\/janeke1830.it\/#\/schema\/logo\/image\/"},"sameAs":["https:\/\/www.facebook.com\/janeke1830","https:\/\/www.instagram.com\/janeke1830official","https:\/\/www.linkedin.com\/company\/giorgio-janeke-s-r-l-\/"]}]}},"_links":{"self":[{"href":"https:\/\/janeke1830.it\/fr\/wp-json\/wp\/v2\/product\/4919","targetHints":{"allow":["GET"]}}],"collection":[{"href":"https:\/\/janeke1830.it\/fr\/wp-json\/wp\/v2\/product"}],"about":[{"href":"https:\/\/janeke1830.it\/fr\/wp-json\/wp\/v2\/types\/product"}],"replies":[{"embeddable":true,"href":"https:\/\/janeke1830.it\/fr\/wp-json\/wp\/v2\/comments?post=4919"}],"wp:featuredmedia":[{"embeddable":true,"href":"https:\/\/janeke1830.it\/fr\/wp-json\/wp\/v2\/media\/4920"}],"wp:attachment":[{"href":"https:\/\/janeke1830.it\/fr\/wp-json\/wp\/v2\/media?parent=4919"}],"wp:term":[{"taxonomy":"product_brand","embeddable":true,"href":"https:\/\/janeke1830.it\/fr\/wp-json\/wp\/v2\/product_brand?post=4919"},{"taxonomy":"product_cat","embeddable":true,"href":"https:\/\/janeke1830.it\/fr\/wp-json\/wp\/v2\/product_cat?post=4919"},{"taxonomy":"product_tag","embeddable":true,"href":"https:\/\/janeke1830.it\/fr\/wp-json\/wp\/v2\/product_tag?post=4919"}],"curies":[{"name":"wp","href":"https:\/\/api.w.org\/{rel}","templated":true}]}}