{"id":4905,"date":"2025-12-02T15:25:36","date_gmt":"2025-12-02T14:25:36","guid":{"rendered":"https:\/\/janeke1830.it\/prodotto\/peigne-dapplication-gel-en-corne\/"},"modified":"2026-03-03T11:47:24","modified_gmt":"2026-03-03T10:47:24","slug":"peigne-dapplication-gel-en-corne","status":"publish","type":"product","link":"https:\/\/janeke1830.it\/fr\/prodotto\/peigne-dapplication-gel-en-corne\/","title":{"rendered":"Peigne d&rsquo;application gel en corne"},"content":{"rendered":"","protected":false},"excerpt":{"rendered":"<p><em>18,7 \u00d7 4 cm<\/em><\/p>\n<p>Peigne Supercomb id\u00e9al pour r\u00e9partir les gels, les mousses et les produits de mise en plis sur toute la longueur des cheveux sans tiraillements ni cassure des tiges.<\/p>\n","protected":false},"featured_media":4906,"comment_status":"closed","ping_status":"closed","template":"","meta":[],"product_brand":[824],"product_cat":[617],"product_tag":[728],"class_list":{"0":"post-4905","1":"product","2":"type-product","3":"status-publish","4":"has-post-thumbnail","6":"product_brand-professional","7":"product_cat-peignes","8":"product_tag-peignes-professionnels","10":"first","11":"instock","12":"shipping-taxable","13":"purchasable","14":"product-type-simple"},"yoast_head":"<!-- This site is optimized with the Yoast SEO plugin v27.1.1 - https:\/\/yoast.com\/product\/yoast-seo-wordpress\/ -->\n<title>Peigne d&#039;application de gel Corne J\u00e4neke - Pour gel et mousse<\/title>\n<meta name=\"description\" content=\"Id\u00e9al pour appliquer la mousse sans casse, le peigne J\u00e4neke Horn Application Gel r\u00e9partit le produit sur les longueurs. D\u00e9couvrez-le !\" \/>\n<meta name=\"robots\" content=\"index, follow, max-snippet:-1, max-image-preview:large, max-video-preview:-1\" \/>\n<link rel=\"canonical\" href=\"https:\/\/janeke1830.it\/fr\/prodotto\/peigne-dapplication-gel-en-corne\/\" \/>\n<meta property=\"og:locale\" content=\"fr_FR\" \/>\n<meta property=\"og:type\" content=\"article\" \/>\n<meta property=\"og:title\" content=\"Peigne d&#039;application de gel Corne J\u00e4neke - Pour gel et mousse\" \/>\n<meta property=\"og:description\" content=\"Id\u00e9al pour appliquer la mousse sans casse, le peigne J\u00e4neke Horn Application Gel r\u00e9partit le produit sur les longueurs. D\u00e9couvrez-le !\" \/>\n<meta property=\"og:url\" content=\"https:\/\/janeke1830.it\/fr\/prodotto\/peigne-dapplication-gel-en-corne\/\" \/>\n<meta property=\"og:site_name\" content=\"J\u00e4neke\" \/>\n<meta property=\"article:publisher\" content=\"https:\/\/www.facebook.com\/janeke1830\" \/>\n<meta property=\"article:modified_time\" content=\"2026-03-03T10:47:24+00:00\" \/>\n<meta property=\"og:image\" content=\"https:\/\/janeke1830.it\/wp-content\/uploads\/2026\/01\/74871.png\" \/>\n\t<meta property=\"og:image:width\" content=\"1024\" \/>\n\t<meta property=\"og:image:height\" content=\"1024\" \/>\n\t<meta property=\"og:image:type\" content=\"image\/png\" \/>\n<meta name=\"twitter:card\" content=\"summary_large_image\" \/>\n<script type=\"application\/ld+json\" class=\"yoast-schema-graph\">{\"@context\":\"https:\/\/schema.org\",\"@graph\":[{\"@type\":\"WebPage\",\"@id\":\"https:\/\/janeke1830.it\/fr\/prodotto\/peigne-dapplication-gel-en-corne\/\",\"url\":\"https:\/\/janeke1830.it\/fr\/prodotto\/peigne-dapplication-gel-en-corne\/\",\"name\":\"Peigne d'application de gel Corne J\u00e4neke - Pour gel et mousse\",\"isPartOf\":{\"@id\":\"https:\/\/janeke1830.it\/#website\"},\"primaryImageOfPage\":{\"@id\":\"https:\/\/janeke1830.it\/fr\/prodotto\/peigne-dapplication-gel-en-corne\/#primaryimage\"},\"image\":{\"@id\":\"https:\/\/janeke1830.it\/fr\/prodotto\/peigne-dapplication-gel-en-corne\/#primaryimage\"},\"thumbnailUrl\":\"https:\/\/janeke1830.it\/wp-content\/uploads\/2026\/01\/gel-comb-corno-74871.png\",\"datePublished\":\"2025-12-02T14:25:36+00:00\",\"dateModified\":\"2026-03-03T10:47:24+00:00\",\"description\":\"Id\u00e9al pour appliquer la mousse sans casse, le peigne J\u00e4neke Horn Application Gel r\u00e9partit le produit sur les longueurs. D\u00e9couvrez-le !\",\"breadcrumb\":{\"@id\":\"https:\/\/janeke1830.it\/fr\/prodotto\/peigne-dapplication-gel-en-corne\/#breadcrumb\"},\"inLanguage\":\"fr-FR\",\"potentialAction\":[{\"@type\":\"ReadAction\",\"target\":[\"https:\/\/janeke1830.it\/fr\/prodotto\/peigne-dapplication-gel-en-corne\/\"]}]},{\"@type\":\"ImageObject\",\"inLanguage\":\"fr-FR\",\"@id\":\"https:\/\/janeke1830.it\/fr\/prodotto\/peigne-dapplication-gel-en-corne\/#primaryimage\",\"url\":\"https:\/\/janeke1830.it\/wp-content\/uploads\/2026\/01\/gel-comb-corno-74871.png\",\"contentUrl\":\"https:\/\/janeke1830.it\/wp-content\/uploads\/2026\/01\/gel-comb-corno-74871.png\",\"width\":1024,\"height\":1024,\"caption\":\"Pettine gel corno J\u00e4neke Supercomb per spandere gel e mousse\"},{\"@type\":\"BreadcrumbList\",\"@id\":\"https:\/\/janeke1830.it\/fr\/prodotto\/peigne-dapplication-gel-en-corne\/#breadcrumb\",\"itemListElement\":[{\"@type\":\"ListItem\",\"position\":1,\"name\":\"Home\",\"item\":\"https:\/\/janeke1830.it\/\"},{\"@type\":\"ListItem\",\"position\":2,\"name\":\"Boutique\",\"item\":\"https:\/\/janeke1830.it\/fr\/boutique\/\"},{\"@type\":\"ListItem\",\"position\":3,\"name\":\"Peigne d&rsquo;application gel en corne\"}]},{\"@type\":\"WebSite\",\"@id\":\"https:\/\/janeke1830.it\/#website\",\"url\":\"https:\/\/janeke1830.it\/\",\"name\":\"J\u00e4neke 1830\",\"description\":\"\",\"publisher\":{\"@id\":\"https:\/\/janeke1830.it\/#organization\"},\"potentialAction\":[{\"@type\":\"SearchAction\",\"target\":{\"@type\":\"EntryPoint\",\"urlTemplate\":\"https:\/\/janeke1830.it\/?s={search_term_string}\"},\"query-input\":{\"@type\":\"PropertyValueSpecification\",\"valueRequired\":true,\"valueName\":\"search_term_string\"}}],\"inLanguage\":\"fr-FR\"},{\"@type\":\"Organization\",\"@id\":\"https:\/\/janeke1830.it\/#organization\",\"name\":\"J\u00e4neke 1830\",\"url\":\"https:\/\/janeke1830.it\/\",\"logo\":{\"@type\":\"ImageObject\",\"inLanguage\":\"fr-FR\",\"@id\":\"https:\/\/janeke1830.it\/#\/schema\/logo\/image\/\",\"url\":\"https:\/\/janeke1830.it\/wp-content\/uploads\/2025\/12\/logo-nero-janeke.png\",\"contentUrl\":\"https:\/\/janeke1830.it\/wp-content\/uploads\/2025\/12\/logo-nero-janeke.png\",\"width\":1824,\"height\":829,\"caption\":\"J\u00e4neke 1830\"},\"image\":{\"@id\":\"https:\/\/janeke1830.it\/#\/schema\/logo\/image\/\"},\"sameAs\":[\"https:\/\/www.facebook.com\/janeke1830\",\"https:\/\/www.instagram.com\/janeke1830official\",\"https:\/\/www.linkedin.com\/company\/giorgio-janeke-s-r-l-\/\"]}]}<\/script>\n<!-- \/ Yoast SEO plugin. -->","yoast_head_json":{"title":"Peigne d'application de gel Corne J\u00e4neke - Pour gel et mousse","description":"Id\u00e9al pour appliquer la mousse sans casse, le peigne J\u00e4neke Horn Application Gel r\u00e9partit le produit sur les longueurs. D\u00e9couvrez-le !","robots":{"index":"index","follow":"follow","max-snippet":"max-snippet:-1","max-image-preview":"max-image-preview:large","max-video-preview":"max-video-preview:-1"},"canonical":"https:\/\/janeke1830.it\/fr\/prodotto\/peigne-dapplication-gel-en-corne\/","og_locale":"fr_FR","og_type":"article","og_title":"Peigne d'application de gel Corne J\u00e4neke - Pour gel et mousse","og_description":"Id\u00e9al pour appliquer la mousse sans casse, le peigne J\u00e4neke Horn Application Gel r\u00e9partit le produit sur les longueurs. D\u00e9couvrez-le !","og_url":"https:\/\/janeke1830.it\/fr\/prodotto\/peigne-dapplication-gel-en-corne\/","og_site_name":"J\u00e4neke","article_publisher":"https:\/\/www.facebook.com\/janeke1830","article_modified_time":"2026-03-03T10:47:24+00:00","og_image":[{"width":1024,"height":1024,"url":"https:\/\/janeke1830.it\/wp-content\/uploads\/2026\/01\/74871.png","type":"image\/png"}],"twitter_card":"summary_large_image","schema":{"@context":"https:\/\/schema.org","@graph":[{"@type":"WebPage","@id":"https:\/\/janeke1830.it\/fr\/prodotto\/peigne-dapplication-gel-en-corne\/","url":"https:\/\/janeke1830.it\/fr\/prodotto\/peigne-dapplication-gel-en-corne\/","name":"Peigne d'application de gel Corne J\u00e4neke - Pour gel et mousse","isPartOf":{"@id":"https:\/\/janeke1830.it\/#website"},"primaryImageOfPage":{"@id":"https:\/\/janeke1830.it\/fr\/prodotto\/peigne-dapplication-gel-en-corne\/#primaryimage"},"image":{"@id":"https:\/\/janeke1830.it\/fr\/prodotto\/peigne-dapplication-gel-en-corne\/#primaryimage"},"thumbnailUrl":"https:\/\/janeke1830.it\/wp-content\/uploads\/2026\/01\/gel-comb-corno-74871.png","datePublished":"2025-12-02T14:25:36+00:00","dateModified":"2026-03-03T10:47:24+00:00","description":"Id\u00e9al pour appliquer la mousse sans casse, le peigne J\u00e4neke Horn Application Gel r\u00e9partit le produit sur les longueurs. D\u00e9couvrez-le !","breadcrumb":{"@id":"https:\/\/janeke1830.it\/fr\/prodotto\/peigne-dapplication-gel-en-corne\/#breadcrumb"},"inLanguage":"fr-FR","potentialAction":[{"@type":"ReadAction","target":["https:\/\/janeke1830.it\/fr\/prodotto\/peigne-dapplication-gel-en-corne\/"]}]},{"@type":"ImageObject","inLanguage":"fr-FR","@id":"https:\/\/janeke1830.it\/fr\/prodotto\/peigne-dapplication-gel-en-corne\/#primaryimage","url":"https:\/\/janeke1830.it\/wp-content\/uploads\/2026\/01\/gel-comb-corno-74871.png","contentUrl":"https:\/\/janeke1830.it\/wp-content\/uploads\/2026\/01\/gel-comb-corno-74871.png","width":1024,"height":1024,"caption":"Pettine gel corno J\u00e4neke Supercomb per spandere gel e mousse"},{"@type":"BreadcrumbList","@id":"https:\/\/janeke1830.it\/fr\/prodotto\/peigne-dapplication-gel-en-corne\/#breadcrumb","itemListElement":[{"@type":"ListItem","position":1,"name":"Home","item":"https:\/\/janeke1830.it\/"},{"@type":"ListItem","position":2,"name":"Boutique","item":"https:\/\/janeke1830.it\/fr\/boutique\/"},{"@type":"ListItem","position":3,"name":"Peigne d&rsquo;application gel en corne"}]},{"@type":"WebSite","@id":"https:\/\/janeke1830.it\/#website","url":"https:\/\/janeke1830.it\/","name":"J\u00e4neke 1830","description":"","publisher":{"@id":"https:\/\/janeke1830.it\/#organization"},"potentialAction":[{"@type":"SearchAction","target":{"@type":"EntryPoint","urlTemplate":"https:\/\/janeke1830.it\/?s={search_term_string}"},"query-input":{"@type":"PropertyValueSpecification","valueRequired":true,"valueName":"search_term_string"}}],"inLanguage":"fr-FR"},{"@type":"Organization","@id":"https:\/\/janeke1830.it\/#organization","name":"J\u00e4neke 1830","url":"https:\/\/janeke1830.it\/","logo":{"@type":"ImageObject","inLanguage":"fr-FR","@id":"https:\/\/janeke1830.it\/#\/schema\/logo\/image\/","url":"https:\/\/janeke1830.it\/wp-content\/uploads\/2025\/12\/logo-nero-janeke.png","contentUrl":"https:\/\/janeke1830.it\/wp-content\/uploads\/2025\/12\/logo-nero-janeke.png","width":1824,"height":829,"caption":"J\u00e4neke 1830"},"image":{"@id":"https:\/\/janeke1830.it\/#\/schema\/logo\/image\/"},"sameAs":["https:\/\/www.facebook.com\/janeke1830","https:\/\/www.instagram.com\/janeke1830official","https:\/\/www.linkedin.com\/company\/giorgio-janeke-s-r-l-\/"]}]}},"_links":{"self":[{"href":"https:\/\/janeke1830.it\/fr\/wp-json\/wp\/v2\/product\/4905","targetHints":{"allow":["GET"]}}],"collection":[{"href":"https:\/\/janeke1830.it\/fr\/wp-json\/wp\/v2\/product"}],"about":[{"href":"https:\/\/janeke1830.it\/fr\/wp-json\/wp\/v2\/types\/product"}],"replies":[{"embeddable":true,"href":"https:\/\/janeke1830.it\/fr\/wp-json\/wp\/v2\/comments?post=4905"}],"wp:featuredmedia":[{"embeddable":true,"href":"https:\/\/janeke1830.it\/fr\/wp-json\/wp\/v2\/media\/4906"}],"wp:attachment":[{"href":"https:\/\/janeke1830.it\/fr\/wp-json\/wp\/v2\/media?parent=4905"}],"wp:term":[{"taxonomy":"product_brand","embeddable":true,"href":"https:\/\/janeke1830.it\/fr\/wp-json\/wp\/v2\/product_brand?post=4905"},{"taxonomy":"product_cat","embeddable":true,"href":"https:\/\/janeke1830.it\/fr\/wp-json\/wp\/v2\/product_cat?post=4905"},{"taxonomy":"product_tag","embeddable":true,"href":"https:\/\/janeke1830.it\/fr\/wp-json\/wp\/v2\/product_tag?post=4905"}],"curies":[{"name":"wp","href":"https:\/\/api.w.org\/{rel}","templated":true}]}}