{"id":4662,"date":"2026-01-02T15:33:28","date_gmt":"2026-01-02T14:33:28","guid":{"rendered":"https:\/\/janeke1830.it\/prodotto\/brosse-pneumatique-en-corne-synthetique-avec-soies-en-nylon\/"},"modified":"2026-01-30T14:06:16","modified_gmt":"2026-01-30T13:06:16","slug":"brosse-pneumatique-en-corne-synthetique-avec-soies-en-nylon","status":"publish","type":"product","link":"https:\/\/janeke1830.it\/fr\/prodotto\/brosse-pneumatique-en-corne-synthetique-avec-soies-en-nylon\/","title":{"rendered":"Brosse pneumatique en corne synth\u00e9tique avec soies en nylon"},"content":{"rendered":"","protected":false},"excerpt":{"rendered":"<p>Brosse pneumatique professionnelle pure soie de sanglier avec renfort nylon.<\/p>\n<p>Brosse pneumatique avec effet \"massage\". La haute densit\u00e9 des poils permet un brossage en douceur qui convient \u00e9galement aux extensions \u00e9claircissantes et anti-poussi\u00e8re. Les poils en nylon renforc\u00e9s ajoutent de la puissance au d\u00e9m\u00ealage.<\/p>\n","protected":false},"featured_media":4663,"comment_status":"closed","ping_status":"closed","template":"","meta":[],"product_brand":[824],"product_cat":[208],"product_tag":[699,792],"class_list":{"0":"post-4662","1":"product","2":"type-product","3":"status-publish","4":"has-post-thumbnail","6":"product_brand-professional","7":"product_cat-brosses","8":"product_tag-brosses-professionnelles","9":"product_tag-pneumatique-2","11":"first","12":"instock","13":"shipping-taxable","14":"purchasable","15":"product-type-variable","16":"wvs-archive-product-wrapper"},"yoast_head":"<!-- This site is optimized with the Yoast SEO plugin v27.1.1 - https:\/\/yoast.com\/product\/yoast-seo-wordpress\/ -->\n<title>Brosse \u00e0 corne pneumatique avec poils en nylon - J\u00e4neke<\/title>\n<meta name=\"description\" content=\"Brosse pneumatique en corne synth\u00e9tique avec poils en nylon J\u00e4neke : pour d\u00e9m\u00ealer et polir. Id\u00e9ale pour les extensions. A d\u00e9couvrir sans tarder !\" \/>\n<meta name=\"robots\" content=\"index, follow, max-snippet:-1, max-image-preview:large, max-video-preview:-1\" \/>\n<link rel=\"canonical\" href=\"https:\/\/janeke1830.it\/fr\/prodotto\/brosse-pneumatique-en-corne-synthetique-avec-soies-en-nylon\/\" \/>\n<meta property=\"og:locale\" content=\"fr_FR\" \/>\n<meta property=\"og:type\" content=\"article\" \/>\n<meta property=\"og:title\" content=\"Brosse \u00e0 corne pneumatique avec poils en nylon - J\u00e4neke\" \/>\n<meta property=\"og:description\" content=\"Brosse pneumatique en corne synth\u00e9tique avec poils en nylon J\u00e4neke : pour d\u00e9m\u00ealer et polir. Id\u00e9ale pour les extensions. A d\u00e9couvrir sans tarder !\" \/>\n<meta property=\"og:url\" content=\"https:\/\/janeke1830.it\/fr\/prodotto\/brosse-pneumatique-en-corne-synthetique-avec-soies-en-nylon\/\" \/>\n<meta property=\"og:site_name\" content=\"J\u00e4neke\" \/>\n<meta property=\"article:publisher\" content=\"https:\/\/www.facebook.com\/janeke1830\" \/>\n<meta property=\"article:modified_time\" content=\"2026-01-30T13:06:16+00:00\" \/>\n<meta property=\"og:image\" content=\"https:\/\/janeke1830.it\/wp-content\/uploads\/2026\/01\/SP23MCRN-1.png\" \/>\n\t<meta property=\"og:image:width\" content=\"1024\" \/>\n\t<meta property=\"og:image:height\" content=\"1024\" \/>\n\t<meta property=\"og:image:type\" content=\"image\/png\" \/>\n<meta name=\"twitter:card\" content=\"summary_large_image\" \/>\n<script type=\"application\/ld+json\" class=\"yoast-schema-graph\">{\"@context\":\"https:\/\/schema.org\",\"@graph\":[{\"@type\":\"WebPage\",\"@id\":\"https:\/\/janeke1830.it\/fr\/prodotto\/brosse-pneumatique-en-corne-synthetique-avec-soies-en-nylon\/\",\"url\":\"https:\/\/janeke1830.it\/fr\/prodotto\/brosse-pneumatique-en-corne-synthetique-avec-soies-en-nylon\/\",\"name\":\"Brosse \u00e0 corne pneumatique avec poils en nylon - J\u00e4neke\",\"isPartOf\":{\"@id\":\"https:\/\/janeke1830.it\/#website\"},\"primaryImageOfPage\":{\"@id\":\"https:\/\/janeke1830.it\/fr\/prodotto\/brosse-pneumatique-en-corne-synthetique-avec-soies-en-nylon\/#primaryimage\"},\"image\":{\"@id\":\"https:\/\/janeke1830.it\/fr\/prodotto\/brosse-pneumatique-en-corne-synthetique-avec-soies-en-nylon\/#primaryimage\"},\"thumbnailUrl\":\"https:\/\/janeke1830.it\/wp-content\/uploads\/2026\/01\/spazzola-pneumatica-nylon-regular-sp23mcrn-1.png\",\"datePublished\":\"2026-01-02T14:33:28+00:00\",\"dateModified\":\"2026-01-30T13:06:16+00:00\",\"description\":\"Brosse pneumatique en corne synth\u00e9tique avec poils en nylon J\u00e4neke : pour d\u00e9m\u00ealer et polir. Id\u00e9ale pour les extensions. A d\u00e9couvrir sans tarder !\",\"breadcrumb\":{\"@id\":\"https:\/\/janeke1830.it\/fr\/prodotto\/brosse-pneumatique-en-corne-synthetique-avec-soies-en-nylon\/#breadcrumb\"},\"inLanguage\":\"fr-FR\",\"potentialAction\":[{\"@type\":\"ReadAction\",\"target\":[\"https:\/\/janeke1830.it\/fr\/prodotto\/brosse-pneumatique-en-corne-synthetique-avec-soies-en-nylon\/\"]}]},{\"@type\":\"ImageObject\",\"inLanguage\":\"fr-FR\",\"@id\":\"https:\/\/janeke1830.it\/fr\/prodotto\/brosse-pneumatique-en-corne-synthetique-avec-soies-en-nylon\/#primaryimage\",\"url\":\"https:\/\/janeke1830.it\/wp-content\/uploads\/2026\/01\/spazzola-pneumatica-nylon-regular-sp23mcrn-1.png\",\"contentUrl\":\"https:\/\/janeke1830.it\/wp-content\/uploads\/2026\/01\/spazzola-pneumatica-nylon-regular-sp23mcrn-1.png\",\"width\":1024,\"height\":1024,\"caption\":\"Spazzola pneumatica corno sintetico con setole in nylon regular J\u00e4neke\"},{\"@type\":\"BreadcrumbList\",\"@id\":\"https:\/\/janeke1830.it\/fr\/prodotto\/brosse-pneumatique-en-corne-synthetique-avec-soies-en-nylon\/#breadcrumb\",\"itemListElement\":[{\"@type\":\"ListItem\",\"position\":1,\"name\":\"Home\",\"item\":\"https:\/\/janeke1830.it\/\"},{\"@type\":\"ListItem\",\"position\":2,\"name\":\"Boutique\",\"item\":\"https:\/\/janeke1830.it\/fr\/boutique\/\"},{\"@type\":\"ListItem\",\"position\":3,\"name\":\"Brosse pneumatique en corne synth\u00e9tique avec soies en nylon\"}]},{\"@type\":\"WebSite\",\"@id\":\"https:\/\/janeke1830.it\/#website\",\"url\":\"https:\/\/janeke1830.it\/\",\"name\":\"J\u00e4neke 1830\",\"description\":\"\",\"publisher\":{\"@id\":\"https:\/\/janeke1830.it\/#organization\"},\"potentialAction\":[{\"@type\":\"SearchAction\",\"target\":{\"@type\":\"EntryPoint\",\"urlTemplate\":\"https:\/\/janeke1830.it\/?s={search_term_string}\"},\"query-input\":{\"@type\":\"PropertyValueSpecification\",\"valueRequired\":true,\"valueName\":\"search_term_string\"}}],\"inLanguage\":\"fr-FR\"},{\"@type\":\"Organization\",\"@id\":\"https:\/\/janeke1830.it\/#organization\",\"name\":\"J\u00e4neke 1830\",\"url\":\"https:\/\/janeke1830.it\/\",\"logo\":{\"@type\":\"ImageObject\",\"inLanguage\":\"fr-FR\",\"@id\":\"https:\/\/janeke1830.it\/#\/schema\/logo\/image\/\",\"url\":\"https:\/\/janeke1830.it\/wp-content\/uploads\/2025\/12\/logo-nero-janeke.png\",\"contentUrl\":\"https:\/\/janeke1830.it\/wp-content\/uploads\/2025\/12\/logo-nero-janeke.png\",\"width\":1824,\"height\":829,\"caption\":\"J\u00e4neke 1830\"},\"image\":{\"@id\":\"https:\/\/janeke1830.it\/#\/schema\/logo\/image\/\"},\"sameAs\":[\"https:\/\/www.facebook.com\/janeke1830\",\"https:\/\/www.instagram.com\/janeke1830official\",\"https:\/\/www.linkedin.com\/company\/giorgio-janeke-s-r-l-\/\"]}]}<\/script>\n<!-- \/ Yoast SEO plugin. -->","yoast_head_json":{"title":"Brosse \u00e0 corne pneumatique avec poils en nylon - J\u00e4neke","description":"Brosse pneumatique en corne synth\u00e9tique avec poils en nylon J\u00e4neke : pour d\u00e9m\u00ealer et polir. Id\u00e9ale pour les extensions. A d\u00e9couvrir sans tarder !","robots":{"index":"index","follow":"follow","max-snippet":"max-snippet:-1","max-image-preview":"max-image-preview:large","max-video-preview":"max-video-preview:-1"},"canonical":"https:\/\/janeke1830.it\/fr\/prodotto\/brosse-pneumatique-en-corne-synthetique-avec-soies-en-nylon\/","og_locale":"fr_FR","og_type":"article","og_title":"Brosse \u00e0 corne pneumatique avec poils en nylon - J\u00e4neke","og_description":"Brosse pneumatique en corne synth\u00e9tique avec poils en nylon J\u00e4neke : pour d\u00e9m\u00ealer et polir. Id\u00e9ale pour les extensions. A d\u00e9couvrir sans tarder !","og_url":"https:\/\/janeke1830.it\/fr\/prodotto\/brosse-pneumatique-en-corne-synthetique-avec-soies-en-nylon\/","og_site_name":"J\u00e4neke","article_publisher":"https:\/\/www.facebook.com\/janeke1830","article_modified_time":"2026-01-30T13:06:16+00:00","og_image":[{"width":1024,"height":1024,"url":"https:\/\/janeke1830.it\/wp-content\/uploads\/2026\/01\/SP23MCRN-1.png","type":"image\/png"}],"twitter_card":"summary_large_image","schema":{"@context":"https:\/\/schema.org","@graph":[{"@type":"WebPage","@id":"https:\/\/janeke1830.it\/fr\/prodotto\/brosse-pneumatique-en-corne-synthetique-avec-soies-en-nylon\/","url":"https:\/\/janeke1830.it\/fr\/prodotto\/brosse-pneumatique-en-corne-synthetique-avec-soies-en-nylon\/","name":"Brosse \u00e0 corne pneumatique avec poils en nylon - J\u00e4neke","isPartOf":{"@id":"https:\/\/janeke1830.it\/#website"},"primaryImageOfPage":{"@id":"https:\/\/janeke1830.it\/fr\/prodotto\/brosse-pneumatique-en-corne-synthetique-avec-soies-en-nylon\/#primaryimage"},"image":{"@id":"https:\/\/janeke1830.it\/fr\/prodotto\/brosse-pneumatique-en-corne-synthetique-avec-soies-en-nylon\/#primaryimage"},"thumbnailUrl":"https:\/\/janeke1830.it\/wp-content\/uploads\/2026\/01\/spazzola-pneumatica-nylon-regular-sp23mcrn-1.png","datePublished":"2026-01-02T14:33:28+00:00","dateModified":"2026-01-30T13:06:16+00:00","description":"Brosse pneumatique en corne synth\u00e9tique avec poils en nylon J\u00e4neke : pour d\u00e9m\u00ealer et polir. Id\u00e9ale pour les extensions. A d\u00e9couvrir sans tarder !","breadcrumb":{"@id":"https:\/\/janeke1830.it\/fr\/prodotto\/brosse-pneumatique-en-corne-synthetique-avec-soies-en-nylon\/#breadcrumb"},"inLanguage":"fr-FR","potentialAction":[{"@type":"ReadAction","target":["https:\/\/janeke1830.it\/fr\/prodotto\/brosse-pneumatique-en-corne-synthetique-avec-soies-en-nylon\/"]}]},{"@type":"ImageObject","inLanguage":"fr-FR","@id":"https:\/\/janeke1830.it\/fr\/prodotto\/brosse-pneumatique-en-corne-synthetique-avec-soies-en-nylon\/#primaryimage","url":"https:\/\/janeke1830.it\/wp-content\/uploads\/2026\/01\/spazzola-pneumatica-nylon-regular-sp23mcrn-1.png","contentUrl":"https:\/\/janeke1830.it\/wp-content\/uploads\/2026\/01\/spazzola-pneumatica-nylon-regular-sp23mcrn-1.png","width":1024,"height":1024,"caption":"Spazzola pneumatica corno sintetico con setole in nylon regular J\u00e4neke"},{"@type":"BreadcrumbList","@id":"https:\/\/janeke1830.it\/fr\/prodotto\/brosse-pneumatique-en-corne-synthetique-avec-soies-en-nylon\/#breadcrumb","itemListElement":[{"@type":"ListItem","position":1,"name":"Home","item":"https:\/\/janeke1830.it\/"},{"@type":"ListItem","position":2,"name":"Boutique","item":"https:\/\/janeke1830.it\/fr\/boutique\/"},{"@type":"ListItem","position":3,"name":"Brosse pneumatique en corne synth\u00e9tique avec soies en nylon"}]},{"@type":"WebSite","@id":"https:\/\/janeke1830.it\/#website","url":"https:\/\/janeke1830.it\/","name":"J\u00e4neke 1830","description":"","publisher":{"@id":"https:\/\/janeke1830.it\/#organization"},"potentialAction":[{"@type":"SearchAction","target":{"@type":"EntryPoint","urlTemplate":"https:\/\/janeke1830.it\/?s={search_term_string}"},"query-input":{"@type":"PropertyValueSpecification","valueRequired":true,"valueName":"search_term_string"}}],"inLanguage":"fr-FR"},{"@type":"Organization","@id":"https:\/\/janeke1830.it\/#organization","name":"J\u00e4neke 1830","url":"https:\/\/janeke1830.it\/","logo":{"@type":"ImageObject","inLanguage":"fr-FR","@id":"https:\/\/janeke1830.it\/#\/schema\/logo\/image\/","url":"https:\/\/janeke1830.it\/wp-content\/uploads\/2025\/12\/logo-nero-janeke.png","contentUrl":"https:\/\/janeke1830.it\/wp-content\/uploads\/2025\/12\/logo-nero-janeke.png","width":1824,"height":829,"caption":"J\u00e4neke 1830"},"image":{"@id":"https:\/\/janeke1830.it\/#\/schema\/logo\/image\/"},"sameAs":["https:\/\/www.facebook.com\/janeke1830","https:\/\/www.instagram.com\/janeke1830official","https:\/\/www.linkedin.com\/company\/giorgio-janeke-s-r-l-\/"]}]}},"_links":{"self":[{"href":"https:\/\/janeke1830.it\/fr\/wp-json\/wp\/v2\/product\/4662","targetHints":{"allow":["GET"]}}],"collection":[{"href":"https:\/\/janeke1830.it\/fr\/wp-json\/wp\/v2\/product"}],"about":[{"href":"https:\/\/janeke1830.it\/fr\/wp-json\/wp\/v2\/types\/product"}],"replies":[{"embeddable":true,"href":"https:\/\/janeke1830.it\/fr\/wp-json\/wp\/v2\/comments?post=4662"}],"wp:featuredmedia":[{"embeddable":true,"href":"https:\/\/janeke1830.it\/fr\/wp-json\/wp\/v2\/media\/4663"}],"wp:attachment":[{"href":"https:\/\/janeke1830.it\/fr\/wp-json\/wp\/v2\/media?parent=4662"}],"wp:term":[{"taxonomy":"product_brand","embeddable":true,"href":"https:\/\/janeke1830.it\/fr\/wp-json\/wp\/v2\/product_brand?post=4662"},{"taxonomy":"product_cat","embeddable":true,"href":"https:\/\/janeke1830.it\/fr\/wp-json\/wp\/v2\/product_cat?post=4662"},{"taxonomy":"product_tag","embeddable":true,"href":"https:\/\/janeke1830.it\/fr\/wp-json\/wp\/v2\/product_tag?post=4662"}],"curies":[{"name":"wp","href":"https:\/\/api.w.org\/{rel}","templated":true}]}}