{"id":4499,"date":"2025-12-02T10:24:23","date_gmt":"2025-12-02T09:24:23","guid":{"rendered":"https:\/\/janeke1830.it\/prodotto\/peigne-de-coiffeur-noir\/"},"modified":"2026-03-03T11:47:14","modified_gmt":"2026-03-03T10:47:14","slug":"peigne-de-coiffeur-noir","status":"publish","type":"product","link":"https:\/\/janeke1830.it\/fr\/prodotto\/peigne-de-coiffeur-noir\/","title":{"rendered":"Peigne de coiffeur noir"},"content":{"rendered":"","protected":false},"excerpt":{"rendered":"<p><em>21,5 cm<\/em><\/p>\n<p>Peigne de coupe pour homme et cheveux mi-longs r\u00e9sistant aux hautes temp\u00e9ratures, incassable et inalt\u00e9rable.<br \/>\nAdapt\u00e9 \u00e0 un usage professionnel avec une finition des dents faite \u00e0 la main.<\/p>\n","protected":false},"featured_media":4500,"comment_status":"closed","ping_status":"closed","template":"","meta":[],"product_brand":[824],"product_cat":[617],"product_tag":[733,728],"class_list":{"0":"post-4499","1":"product","2":"type-product","3":"status-publish","4":"has-post-thumbnail","6":"product_brand-professional","7":"product_cat-peignes","8":"product_tag-noir","9":"product_tag-peignes-professionnels","11":"first","12":"instock","13":"shipping-taxable","14":"purchasable","15":"product-type-simple"},"yoast_head":"<!-- This site is optimized with the Yoast SEO plugin v27.1.1 - https:\/\/yoast.com\/product\/yoast-seo-wordpress\/ -->\n<title>Peigne de coiffeur noir J\u00e4neke - Coupe mi-courte<\/title>\n<meta name=\"description\" content=\"Fini \u00e0 la main et incassable, le peigne de coiffure noir J\u00e4neke assure la pr\u00e9cision des coupes pour hommes et des coupes mi-courtes. D\u00e9couvrez-le d\u00e8s maintenant !\" \/>\n<meta name=\"robots\" content=\"index, follow, max-snippet:-1, max-image-preview:large, max-video-preview:-1\" \/>\n<link rel=\"canonical\" href=\"https:\/\/janeke1830.it\/fr\/prodotto\/peigne-de-coiffeur-noir\/\" \/>\n<meta property=\"og:locale\" content=\"fr_FR\" \/>\n<meta property=\"og:type\" content=\"article\" \/>\n<meta property=\"og:title\" content=\"Peigne de coiffeur noir J\u00e4neke - Coupe mi-courte\" \/>\n<meta property=\"og:description\" content=\"Fini \u00e0 la main et incassable, le peigne de coiffure noir J\u00e4neke assure la pr\u00e9cision des coupes pour hommes et des coupes mi-courtes. D\u00e9couvrez-le d\u00e8s maintenant !\" \/>\n<meta property=\"og:url\" content=\"https:\/\/janeke1830.it\/fr\/prodotto\/peigne-de-coiffeur-noir\/\" \/>\n<meta property=\"og:site_name\" content=\"J\u00e4neke\" \/>\n<meta property=\"article:publisher\" content=\"https:\/\/www.facebook.com\/janeke1830\" \/>\n<meta property=\"article:modified_time\" content=\"2026-03-03T10:47:14+00:00\" \/>\n<meta property=\"og:image\" content=\"https:\/\/janeke1830.it\/wp-content\/uploads\/2026\/01\/57819.png\" \/>\n\t<meta property=\"og:image:width\" content=\"1024\" \/>\n\t<meta property=\"og:image:height\" content=\"1024\" \/>\n\t<meta property=\"og:image:type\" content=\"image\/png\" \/>\n<meta name=\"twitter:card\" content=\"summary_large_image\" \/>\n<script type=\"application\/ld+json\" class=\"yoast-schema-graph\">{\"@context\":\"https:\/\/schema.org\",\"@graph\":[{\"@type\":\"WebPage\",\"@id\":\"https:\/\/janeke1830.it\/fr\/prodotto\/peigne-de-coiffeur-noir\/\",\"url\":\"https:\/\/janeke1830.it\/fr\/prodotto\/peigne-de-coiffeur-noir\/\",\"name\":\"Peigne de coiffeur noir J\u00e4neke - Coupe mi-courte\",\"isPartOf\":{\"@id\":\"https:\/\/janeke1830.it\/#website\"},\"primaryImageOfPage\":{\"@id\":\"https:\/\/janeke1830.it\/fr\/prodotto\/peigne-de-coiffeur-noir\/#primaryimage\"},\"image\":{\"@id\":\"https:\/\/janeke1830.it\/fr\/prodotto\/peigne-de-coiffeur-noir\/#primaryimage\"},\"thumbnailUrl\":\"https:\/\/janeke1830.it\/wp-content\/uploads\/2026\/01\/pettine-acconciatore-nero-57819.png\",\"datePublished\":\"2025-12-02T09:24:23+00:00\",\"dateModified\":\"2026-03-03T10:47:14+00:00\",\"description\":\"Fini \u00e0 la main et incassable, le peigne de coiffure noir J\u00e4neke assure la pr\u00e9cision des coupes pour hommes et des coupes mi-courtes. D\u00e9couvrez-le d\u00e8s maintenant !\",\"breadcrumb\":{\"@id\":\"https:\/\/janeke1830.it\/fr\/prodotto\/peigne-de-coiffeur-noir\/#breadcrumb\"},\"inLanguage\":\"fr-FR\",\"potentialAction\":[{\"@type\":\"ReadAction\",\"target\":[\"https:\/\/janeke1830.it\/fr\/prodotto\/peigne-de-coiffeur-noir\/\"]}]},{\"@type\":\"ImageObject\",\"inLanguage\":\"fr-FR\",\"@id\":\"https:\/\/janeke1830.it\/fr\/prodotto\/peigne-de-coiffeur-noir\/#primaryimage\",\"url\":\"https:\/\/janeke1830.it\/wp-content\/uploads\/2026\/01\/pettine-acconciatore-nero-57819.png\",\"contentUrl\":\"https:\/\/janeke1830.it\/wp-content\/uploads\/2026\/01\/pettine-acconciatore-nero-57819.png\",\"width\":1024,\"height\":1024,\"caption\":\"Pettine acconciatore nero J\u00e4neke professionale per taglio medio-corto resistente\"},{\"@type\":\"BreadcrumbList\",\"@id\":\"https:\/\/janeke1830.it\/fr\/prodotto\/peigne-de-coiffeur-noir\/#breadcrumb\",\"itemListElement\":[{\"@type\":\"ListItem\",\"position\":1,\"name\":\"Home\",\"item\":\"https:\/\/janeke1830.it\/\"},{\"@type\":\"ListItem\",\"position\":2,\"name\":\"Boutique\",\"item\":\"https:\/\/janeke1830.it\/fr\/boutique\/\"},{\"@type\":\"ListItem\",\"position\":3,\"name\":\"Peigne de coiffeur noir\"}]},{\"@type\":\"WebSite\",\"@id\":\"https:\/\/janeke1830.it\/#website\",\"url\":\"https:\/\/janeke1830.it\/\",\"name\":\"J\u00e4neke 1830\",\"description\":\"\",\"publisher\":{\"@id\":\"https:\/\/janeke1830.it\/#organization\"},\"potentialAction\":[{\"@type\":\"SearchAction\",\"target\":{\"@type\":\"EntryPoint\",\"urlTemplate\":\"https:\/\/janeke1830.it\/?s={search_term_string}\"},\"query-input\":{\"@type\":\"PropertyValueSpecification\",\"valueRequired\":true,\"valueName\":\"search_term_string\"}}],\"inLanguage\":\"fr-FR\"},{\"@type\":\"Organization\",\"@id\":\"https:\/\/janeke1830.it\/#organization\",\"name\":\"J\u00e4neke 1830\",\"url\":\"https:\/\/janeke1830.it\/\",\"logo\":{\"@type\":\"ImageObject\",\"inLanguage\":\"fr-FR\",\"@id\":\"https:\/\/janeke1830.it\/#\/schema\/logo\/image\/\",\"url\":\"https:\/\/janeke1830.it\/wp-content\/uploads\/2025\/12\/logo-nero-janeke.png\",\"contentUrl\":\"https:\/\/janeke1830.it\/wp-content\/uploads\/2025\/12\/logo-nero-janeke.png\",\"width\":1824,\"height\":829,\"caption\":\"J\u00e4neke 1830\"},\"image\":{\"@id\":\"https:\/\/janeke1830.it\/#\/schema\/logo\/image\/\"},\"sameAs\":[\"https:\/\/www.facebook.com\/janeke1830\",\"https:\/\/www.instagram.com\/janeke1830official\",\"https:\/\/www.linkedin.com\/company\/giorgio-janeke-s-r-l-\/\"]}]}<\/script>\n<!-- \/ Yoast SEO plugin. -->","yoast_head_json":{"title":"Peigne de coiffeur noir J\u00e4neke - Coupe mi-courte","description":"Fini \u00e0 la main et incassable, le peigne de coiffure noir J\u00e4neke assure la pr\u00e9cision des coupes pour hommes et des coupes mi-courtes. D\u00e9couvrez-le d\u00e8s maintenant !","robots":{"index":"index","follow":"follow","max-snippet":"max-snippet:-1","max-image-preview":"max-image-preview:large","max-video-preview":"max-video-preview:-1"},"canonical":"https:\/\/janeke1830.it\/fr\/prodotto\/peigne-de-coiffeur-noir\/","og_locale":"fr_FR","og_type":"article","og_title":"Peigne de coiffeur noir J\u00e4neke - Coupe mi-courte","og_description":"Fini \u00e0 la main et incassable, le peigne de coiffure noir J\u00e4neke assure la pr\u00e9cision des coupes pour hommes et des coupes mi-courtes. D\u00e9couvrez-le d\u00e8s maintenant !","og_url":"https:\/\/janeke1830.it\/fr\/prodotto\/peigne-de-coiffeur-noir\/","og_site_name":"J\u00e4neke","article_publisher":"https:\/\/www.facebook.com\/janeke1830","article_modified_time":"2026-03-03T10:47:14+00:00","og_image":[{"width":1024,"height":1024,"url":"https:\/\/janeke1830.it\/wp-content\/uploads\/2026\/01\/57819.png","type":"image\/png"}],"twitter_card":"summary_large_image","schema":{"@context":"https:\/\/schema.org","@graph":[{"@type":"WebPage","@id":"https:\/\/janeke1830.it\/fr\/prodotto\/peigne-de-coiffeur-noir\/","url":"https:\/\/janeke1830.it\/fr\/prodotto\/peigne-de-coiffeur-noir\/","name":"Peigne de coiffeur noir J\u00e4neke - Coupe mi-courte","isPartOf":{"@id":"https:\/\/janeke1830.it\/#website"},"primaryImageOfPage":{"@id":"https:\/\/janeke1830.it\/fr\/prodotto\/peigne-de-coiffeur-noir\/#primaryimage"},"image":{"@id":"https:\/\/janeke1830.it\/fr\/prodotto\/peigne-de-coiffeur-noir\/#primaryimage"},"thumbnailUrl":"https:\/\/janeke1830.it\/wp-content\/uploads\/2026\/01\/pettine-acconciatore-nero-57819.png","datePublished":"2025-12-02T09:24:23+00:00","dateModified":"2026-03-03T10:47:14+00:00","description":"Fini \u00e0 la main et incassable, le peigne de coiffure noir J\u00e4neke assure la pr\u00e9cision des coupes pour hommes et des coupes mi-courtes. D\u00e9couvrez-le d\u00e8s maintenant !","breadcrumb":{"@id":"https:\/\/janeke1830.it\/fr\/prodotto\/peigne-de-coiffeur-noir\/#breadcrumb"},"inLanguage":"fr-FR","potentialAction":[{"@type":"ReadAction","target":["https:\/\/janeke1830.it\/fr\/prodotto\/peigne-de-coiffeur-noir\/"]}]},{"@type":"ImageObject","inLanguage":"fr-FR","@id":"https:\/\/janeke1830.it\/fr\/prodotto\/peigne-de-coiffeur-noir\/#primaryimage","url":"https:\/\/janeke1830.it\/wp-content\/uploads\/2026\/01\/pettine-acconciatore-nero-57819.png","contentUrl":"https:\/\/janeke1830.it\/wp-content\/uploads\/2026\/01\/pettine-acconciatore-nero-57819.png","width":1024,"height":1024,"caption":"Pettine acconciatore nero J\u00e4neke professionale per taglio medio-corto resistente"},{"@type":"BreadcrumbList","@id":"https:\/\/janeke1830.it\/fr\/prodotto\/peigne-de-coiffeur-noir\/#breadcrumb","itemListElement":[{"@type":"ListItem","position":1,"name":"Home","item":"https:\/\/janeke1830.it\/"},{"@type":"ListItem","position":2,"name":"Boutique","item":"https:\/\/janeke1830.it\/fr\/boutique\/"},{"@type":"ListItem","position":3,"name":"Peigne de coiffeur noir"}]},{"@type":"WebSite","@id":"https:\/\/janeke1830.it\/#website","url":"https:\/\/janeke1830.it\/","name":"J\u00e4neke 1830","description":"","publisher":{"@id":"https:\/\/janeke1830.it\/#organization"},"potentialAction":[{"@type":"SearchAction","target":{"@type":"EntryPoint","urlTemplate":"https:\/\/janeke1830.it\/?s={search_term_string}"},"query-input":{"@type":"PropertyValueSpecification","valueRequired":true,"valueName":"search_term_string"}}],"inLanguage":"fr-FR"},{"@type":"Organization","@id":"https:\/\/janeke1830.it\/#organization","name":"J\u00e4neke 1830","url":"https:\/\/janeke1830.it\/","logo":{"@type":"ImageObject","inLanguage":"fr-FR","@id":"https:\/\/janeke1830.it\/#\/schema\/logo\/image\/","url":"https:\/\/janeke1830.it\/wp-content\/uploads\/2025\/12\/logo-nero-janeke.png","contentUrl":"https:\/\/janeke1830.it\/wp-content\/uploads\/2025\/12\/logo-nero-janeke.png","width":1824,"height":829,"caption":"J\u00e4neke 1830"},"image":{"@id":"https:\/\/janeke1830.it\/#\/schema\/logo\/image\/"},"sameAs":["https:\/\/www.facebook.com\/janeke1830","https:\/\/www.instagram.com\/janeke1830official","https:\/\/www.linkedin.com\/company\/giorgio-janeke-s-r-l-\/"]}]}},"_links":{"self":[{"href":"https:\/\/janeke1830.it\/fr\/wp-json\/wp\/v2\/product\/4499","targetHints":{"allow":["GET"]}}],"collection":[{"href":"https:\/\/janeke1830.it\/fr\/wp-json\/wp\/v2\/product"}],"about":[{"href":"https:\/\/janeke1830.it\/fr\/wp-json\/wp\/v2\/types\/product"}],"replies":[{"embeddable":true,"href":"https:\/\/janeke1830.it\/fr\/wp-json\/wp\/v2\/comments?post=4499"}],"wp:featuredmedia":[{"embeddable":true,"href":"https:\/\/janeke1830.it\/fr\/wp-json\/wp\/v2\/media\/4500"}],"wp:attachment":[{"href":"https:\/\/janeke1830.it\/fr\/wp-json\/wp\/v2\/media?parent=4499"}],"wp:term":[{"taxonomy":"product_brand","embeddable":true,"href":"https:\/\/janeke1830.it\/fr\/wp-json\/wp\/v2\/product_brand?post=4499"},{"taxonomy":"product_cat","embeddable":true,"href":"https:\/\/janeke1830.it\/fr\/wp-json\/wp\/v2\/product_cat?post=4499"},{"taxonomy":"product_tag","embeddable":true,"href":"https:\/\/janeke1830.it\/fr\/wp-json\/wp\/v2\/product_tag?post=4499"}],"curies":[{"name":"wp","href":"https:\/\/api.w.org\/{rel}","templated":true}]}}