{"id":4371,"date":"2025-11-28T15:10:19","date_gmt":"2025-11-28T14:10:19","guid":{"rendered":"https:\/\/janeke1830.it\/prodotto\/apres-shampooing-love-is-in-the-air\/"},"modified":"2026-03-03T11:46:26","modified_gmt":"2026-03-03T10:46:26","slug":"apres-shampooing-love-is-in-the-air","status":"publish","type":"product","link":"https:\/\/janeke1830.it\/fr\/prodotto\/apres-shampooing-love-is-in-the-air\/","title":{"rendered":"Apr\u00e8s-shampooing \"Love is in the air\""},"content":{"rendered":"","protected":false},"excerpt":{"rendered":"<p>L&rsquo;<strong>apr\u00e8s-shampooing Janeke<\/strong> nourrit et d\u00e9m\u00eale en douceur, apportant souplesse et brillance \u00e0 tous types de cheveux. Sa formule riche et \u00e9quilibr\u00e9e aide \u00e0 r\u00e9parer les longueurs ab\u00eem\u00e9es, rendant la chevelure plus soyeuse et facile \u00e0 coiffer. Utilis\u00e9 r\u00e9guli\u00e8rement, il laisse les cheveux sains, vitaux et parfum\u00e9s, pour une beaut\u00e9 naturelle sign\u00e9e Janeke.  <\/p>\n","protected":false},"featured_media":4372,"comment_status":"closed","ping_status":"closed","template":"","meta":[],"product_brand":[811],"product_cat":[742],"product_tag":[750,743],"class_list":{"0":"post-4371","1":"product","2":"type-product","3":"status-publish","4":"has-post-thumbnail","6":"product_brand-everyday","7":"product_cat-soins-du-corps-et-des-cheveux","8":"product_tag-soin-cheveux","9":"product_tag-soin-du-corps","11":"first","12":"instock","13":"shipping-taxable","14":"purchasable","15":"product-type-simple"},"yoast_head":"<!-- This site is optimized with the Yoast SEO plugin v27.1.1 - https:\/\/yoast.com\/product\/yoast-seo-wordpress\/ -->\n<title>Apr\u00e8s-shampooing &quot;Love Is In The Air J\u00e4neke 1830&quot; - Nourrissant<\/title>\n<meta name=\"description\" content=\"Obtenez de la douceur et du peignage avec le revitalisant Love is in the Air de J\u00e4neke. Nourrissant, parfum\u00e9 et doux. Achetez-le maintenant !\" \/>\n<meta name=\"robots\" content=\"index, follow, max-snippet:-1, max-image-preview:large, max-video-preview:-1\" \/>\n<link rel=\"canonical\" href=\"https:\/\/janeke1830.it\/fr\/prodotto\/apres-shampooing-love-is-in-the-air\/\" \/>\n<meta property=\"og:locale\" content=\"fr_FR\" \/>\n<meta property=\"og:type\" content=\"article\" \/>\n<meta property=\"og:title\" content=\"Apr\u00e8s-shampooing &quot;Love Is In The Air J\u00e4neke 1830&quot; - Nourrissant\" \/>\n<meta property=\"og:description\" content=\"Obtenez de la douceur et du peignage avec le revitalisant Love is in the Air de J\u00e4neke. Nourrissant, parfum\u00e9 et doux. Achetez-le maintenant !\" \/>\n<meta property=\"og:url\" content=\"https:\/\/janeke1830.it\/fr\/prodotto\/apres-shampooing-love-is-in-the-air\/\" \/>\n<meta property=\"og:site_name\" content=\"J\u00e4neke\" \/>\n<meta property=\"article:publisher\" content=\"https:\/\/www.facebook.com\/janeke1830\" \/>\n<meta property=\"article:modified_time\" content=\"2026-03-03T10:46:26+00:00\" \/>\n<meta property=\"og:image\" content=\"https:\/\/janeke1830.it\/wp-content\/uploads\/2025\/12\/conditioner-love.png\" \/>\n\t<meta property=\"og:image:width\" content=\"1024\" \/>\n\t<meta property=\"og:image:height\" content=\"1024\" \/>\n\t<meta property=\"og:image:type\" content=\"image\/png\" \/>\n<meta name=\"twitter:card\" content=\"summary_large_image\" \/>\n<script type=\"application\/ld+json\" class=\"yoast-schema-graph\">{\"@context\":\"https:\/\/schema.org\",\"@graph\":[{\"@type\":\"WebPage\",\"@id\":\"https:\/\/janeke1830.it\/fr\/prodotto\/apres-shampooing-love-is-in-the-air\/\",\"url\":\"https:\/\/janeke1830.it\/fr\/prodotto\/apres-shampooing-love-is-in-the-air\/\",\"name\":\"Apr\u00e8s-shampooing \\\"Love Is In The Air J\u00e4neke 1830\\\" - Nourrissant\",\"isPartOf\":{\"@id\":\"https:\/\/janeke1830.it\/#website\"},\"primaryImageOfPage\":{\"@id\":\"https:\/\/janeke1830.it\/fr\/prodotto\/apres-shampooing-love-is-in-the-air\/#primaryimage\"},\"image\":{\"@id\":\"https:\/\/janeke1830.it\/fr\/prodotto\/apres-shampooing-love-is-in-the-air\/#primaryimage\"},\"thumbnailUrl\":\"https:\/\/janeke1830.it\/wp-content\/uploads\/2025\/12\/conditioner-love-in-air.png\",\"datePublished\":\"2025-11-28T14:10:19+00:00\",\"dateModified\":\"2026-03-03T10:46:26+00:00\",\"description\":\"Obtenez de la douceur et du peignage avec le revitalisant Love is in the Air de J\u00e4neke. Nourrissant, parfum\u00e9 et doux. Achetez-le maintenant !\",\"breadcrumb\":{\"@id\":\"https:\/\/janeke1830.it\/fr\/prodotto\/apres-shampooing-love-is-in-the-air\/#breadcrumb\"},\"inLanguage\":\"fr-FR\",\"potentialAction\":[{\"@type\":\"ReadAction\",\"target\":[\"https:\/\/janeke1830.it\/fr\/prodotto\/apres-shampooing-love-is-in-the-air\/\"]}]},{\"@type\":\"ImageObject\",\"inLanguage\":\"fr-FR\",\"@id\":\"https:\/\/janeke1830.it\/fr\/prodotto\/apres-shampooing-love-is-in-the-air\/#primaryimage\",\"url\":\"https:\/\/janeke1830.it\/wp-content\/uploads\/2025\/12\/conditioner-love-in-air.png\",\"contentUrl\":\"https:\/\/janeke1830.it\/wp-content\/uploads\/2025\/12\/conditioner-love-in-air.png\",\"width\":1024,\"height\":1024,\"caption\":\"Conditioner Love is in the Air J\u00e4neke nutriente districante lucentezza\"},{\"@type\":\"BreadcrumbList\",\"@id\":\"https:\/\/janeke1830.it\/fr\/prodotto\/apres-shampooing-love-is-in-the-air\/#breadcrumb\",\"itemListElement\":[{\"@type\":\"ListItem\",\"position\":1,\"name\":\"Home\",\"item\":\"https:\/\/janeke1830.it\/\"},{\"@type\":\"ListItem\",\"position\":2,\"name\":\"Boutique\",\"item\":\"https:\/\/janeke1830.it\/fr\/boutique\/\"},{\"@type\":\"ListItem\",\"position\":3,\"name\":\"Apr\u00e8s-shampooing \u00ab\u00a0Love is in the air\u00a0\u00bb\"}]},{\"@type\":\"WebSite\",\"@id\":\"https:\/\/janeke1830.it\/#website\",\"url\":\"https:\/\/janeke1830.it\/\",\"name\":\"J\u00e4neke 1830\",\"description\":\"\",\"publisher\":{\"@id\":\"https:\/\/janeke1830.it\/#organization\"},\"potentialAction\":[{\"@type\":\"SearchAction\",\"target\":{\"@type\":\"EntryPoint\",\"urlTemplate\":\"https:\/\/janeke1830.it\/?s={search_term_string}\"},\"query-input\":{\"@type\":\"PropertyValueSpecification\",\"valueRequired\":true,\"valueName\":\"search_term_string\"}}],\"inLanguage\":\"fr-FR\"},{\"@type\":\"Organization\",\"@id\":\"https:\/\/janeke1830.it\/#organization\",\"name\":\"J\u00e4neke 1830\",\"url\":\"https:\/\/janeke1830.it\/\",\"logo\":{\"@type\":\"ImageObject\",\"inLanguage\":\"fr-FR\",\"@id\":\"https:\/\/janeke1830.it\/#\/schema\/logo\/image\/\",\"url\":\"https:\/\/janeke1830.it\/wp-content\/uploads\/2025\/12\/logo-nero-janeke.png\",\"contentUrl\":\"https:\/\/janeke1830.it\/wp-content\/uploads\/2025\/12\/logo-nero-janeke.png\",\"width\":1824,\"height\":829,\"caption\":\"J\u00e4neke 1830\"},\"image\":{\"@id\":\"https:\/\/janeke1830.it\/#\/schema\/logo\/image\/\"},\"sameAs\":[\"https:\/\/www.facebook.com\/janeke1830\",\"https:\/\/www.instagram.com\/janeke1830official\",\"https:\/\/www.linkedin.com\/company\/giorgio-janeke-s-r-l-\/\"]}]}<\/script>\n<!-- \/ Yoast SEO plugin. -->","yoast_head_json":{"title":"Apr\u00e8s-shampooing \"Love Is In The Air J\u00e4neke 1830\" - Nourrissant","description":"Obtenez de la douceur et du peignage avec le revitalisant Love is in the Air de J\u00e4neke. Nourrissant, parfum\u00e9 et doux. Achetez-le maintenant !","robots":{"index":"index","follow":"follow","max-snippet":"max-snippet:-1","max-image-preview":"max-image-preview:large","max-video-preview":"max-video-preview:-1"},"canonical":"https:\/\/janeke1830.it\/fr\/prodotto\/apres-shampooing-love-is-in-the-air\/","og_locale":"fr_FR","og_type":"article","og_title":"Apr\u00e8s-shampooing \"Love Is In The Air J\u00e4neke 1830\" - Nourrissant","og_description":"Obtenez de la douceur et du peignage avec le revitalisant Love is in the Air de J\u00e4neke. Nourrissant, parfum\u00e9 et doux. Achetez-le maintenant !","og_url":"https:\/\/janeke1830.it\/fr\/prodotto\/apres-shampooing-love-is-in-the-air\/","og_site_name":"J\u00e4neke","article_publisher":"https:\/\/www.facebook.com\/janeke1830","article_modified_time":"2026-03-03T10:46:26+00:00","og_image":[{"width":1024,"height":1024,"url":"https:\/\/janeke1830.it\/wp-content\/uploads\/2025\/12\/conditioner-love.png","type":"image\/png"}],"twitter_card":"summary_large_image","schema":{"@context":"https:\/\/schema.org","@graph":[{"@type":"WebPage","@id":"https:\/\/janeke1830.it\/fr\/prodotto\/apres-shampooing-love-is-in-the-air\/","url":"https:\/\/janeke1830.it\/fr\/prodotto\/apres-shampooing-love-is-in-the-air\/","name":"Apr\u00e8s-shampooing \"Love Is In The Air J\u00e4neke 1830\" - Nourrissant","isPartOf":{"@id":"https:\/\/janeke1830.it\/#website"},"primaryImageOfPage":{"@id":"https:\/\/janeke1830.it\/fr\/prodotto\/apres-shampooing-love-is-in-the-air\/#primaryimage"},"image":{"@id":"https:\/\/janeke1830.it\/fr\/prodotto\/apres-shampooing-love-is-in-the-air\/#primaryimage"},"thumbnailUrl":"https:\/\/janeke1830.it\/wp-content\/uploads\/2025\/12\/conditioner-love-in-air.png","datePublished":"2025-11-28T14:10:19+00:00","dateModified":"2026-03-03T10:46:26+00:00","description":"Obtenez de la douceur et du peignage avec le revitalisant Love is in the Air de J\u00e4neke. Nourrissant, parfum\u00e9 et doux. Achetez-le maintenant !","breadcrumb":{"@id":"https:\/\/janeke1830.it\/fr\/prodotto\/apres-shampooing-love-is-in-the-air\/#breadcrumb"},"inLanguage":"fr-FR","potentialAction":[{"@type":"ReadAction","target":["https:\/\/janeke1830.it\/fr\/prodotto\/apres-shampooing-love-is-in-the-air\/"]}]},{"@type":"ImageObject","inLanguage":"fr-FR","@id":"https:\/\/janeke1830.it\/fr\/prodotto\/apres-shampooing-love-is-in-the-air\/#primaryimage","url":"https:\/\/janeke1830.it\/wp-content\/uploads\/2025\/12\/conditioner-love-in-air.png","contentUrl":"https:\/\/janeke1830.it\/wp-content\/uploads\/2025\/12\/conditioner-love-in-air.png","width":1024,"height":1024,"caption":"Conditioner Love is in the Air J\u00e4neke nutriente districante lucentezza"},{"@type":"BreadcrumbList","@id":"https:\/\/janeke1830.it\/fr\/prodotto\/apres-shampooing-love-is-in-the-air\/#breadcrumb","itemListElement":[{"@type":"ListItem","position":1,"name":"Home","item":"https:\/\/janeke1830.it\/"},{"@type":"ListItem","position":2,"name":"Boutique","item":"https:\/\/janeke1830.it\/fr\/boutique\/"},{"@type":"ListItem","position":3,"name":"Apr\u00e8s-shampooing \u00ab\u00a0Love is in the air\u00a0\u00bb"}]},{"@type":"WebSite","@id":"https:\/\/janeke1830.it\/#website","url":"https:\/\/janeke1830.it\/","name":"J\u00e4neke 1830","description":"","publisher":{"@id":"https:\/\/janeke1830.it\/#organization"},"potentialAction":[{"@type":"SearchAction","target":{"@type":"EntryPoint","urlTemplate":"https:\/\/janeke1830.it\/?s={search_term_string}"},"query-input":{"@type":"PropertyValueSpecification","valueRequired":true,"valueName":"search_term_string"}}],"inLanguage":"fr-FR"},{"@type":"Organization","@id":"https:\/\/janeke1830.it\/#organization","name":"J\u00e4neke 1830","url":"https:\/\/janeke1830.it\/","logo":{"@type":"ImageObject","inLanguage":"fr-FR","@id":"https:\/\/janeke1830.it\/#\/schema\/logo\/image\/","url":"https:\/\/janeke1830.it\/wp-content\/uploads\/2025\/12\/logo-nero-janeke.png","contentUrl":"https:\/\/janeke1830.it\/wp-content\/uploads\/2025\/12\/logo-nero-janeke.png","width":1824,"height":829,"caption":"J\u00e4neke 1830"},"image":{"@id":"https:\/\/janeke1830.it\/#\/schema\/logo\/image\/"},"sameAs":["https:\/\/www.facebook.com\/janeke1830","https:\/\/www.instagram.com\/janeke1830official","https:\/\/www.linkedin.com\/company\/giorgio-janeke-s-r-l-\/"]}]}},"_links":{"self":[{"href":"https:\/\/janeke1830.it\/fr\/wp-json\/wp\/v2\/product\/4371","targetHints":{"allow":["GET"]}}],"collection":[{"href":"https:\/\/janeke1830.it\/fr\/wp-json\/wp\/v2\/product"}],"about":[{"href":"https:\/\/janeke1830.it\/fr\/wp-json\/wp\/v2\/types\/product"}],"replies":[{"embeddable":true,"href":"https:\/\/janeke1830.it\/fr\/wp-json\/wp\/v2\/comments?post=4371"}],"wp:featuredmedia":[{"embeddable":true,"href":"https:\/\/janeke1830.it\/fr\/wp-json\/wp\/v2\/media\/4372"}],"wp:attachment":[{"href":"https:\/\/janeke1830.it\/fr\/wp-json\/wp\/v2\/media?parent=4371"}],"wp:term":[{"taxonomy":"product_brand","embeddable":true,"href":"https:\/\/janeke1830.it\/fr\/wp-json\/wp\/v2\/product_brand?post=4371"},{"taxonomy":"product_cat","embeddable":true,"href":"https:\/\/janeke1830.it\/fr\/wp-json\/wp\/v2\/product_cat?post=4371"},{"taxonomy":"product_tag","embeddable":true,"href":"https:\/\/janeke1830.it\/fr\/wp-json\/wp\/v2\/product_tag?post=4371"}],"curies":[{"name":"wp","href":"https:\/\/api.w.org\/{rel}","templated":true}]}}