{"id":4271,"date":"2025-12-02T09:38:02","date_gmt":"2025-12-02T08:38:02","guid":{"rendered":"https:\/\/janeke1830.it\/prodotto\/peigne-ondule-noir-pour-lapplication-de-gel\/"},"modified":"2026-03-03T11:47:09","modified_gmt":"2026-03-03T10:47:09","slug":"peigne-ondule-noir-pour-lapplication-de-gel","status":"publish","type":"product","link":"https:\/\/janeke1830.it\/fr\/prodotto\/peigne-ondule-noir-pour-lapplication-de-gel\/","title":{"rendered":"Peigne ondul\u00e9 noir pour l&rsquo;application de gel"},"content":{"rendered":"","protected":false},"excerpt":{"rendered":"<p><em>18 cm<\/em><\/p>\n<p>Peigne professionnel \u00e0 poign\u00e9e ergonomique, id\u00e9al pour appliquer gel, mousse et produits de pr\u00e9-coiffage. Parfait pour ouvrir les boucles lors de la mise en plis ou pour ajuster le cr\u00eapage. <\/p>\n","protected":false},"featured_media":790,"comment_status":"closed","ping_status":"closed","template":"","meta":[],"product_brand":[824],"product_cat":[617],"product_tag":[733,728],"class_list":{"0":"post-4271","1":"product","2":"type-product","3":"status-publish","4":"has-post-thumbnail","6":"product_brand-professional","7":"product_cat-peignes","8":"product_tag-noir","9":"product_tag-peignes-professionnels","11":"first","12":"instock","13":"shipping-taxable","14":"purchasable","15":"product-type-simple"},"yoast_head":"<!-- This site is optimized with the Yoast SEO plugin v27.1.1 - https:\/\/yoast.com\/product\/yoast-seo-wordpress\/ -->\n<title>Peigne ondul\u00e9 noir pour l&#039;application de gel - J\u00e4neke<\/title>\n<meta name=\"robots\" content=\"index, follow, max-snippet:-1, max-image-preview:large, max-video-preview:-1\" \/>\n<link rel=\"canonical\" href=\"https:\/\/janeke1830.it\/prodotto\/pettine-spandi-gel-ondulato-nero\/\" \/>\n<meta property=\"og:locale\" content=\"fr_FR\" \/>\n<meta property=\"og:type\" content=\"article\" \/>\n<meta property=\"og:title\" content=\"Peigne ondul\u00e9 noir pour l&#039;application de gel - J\u00e4neke\" \/>\n<meta property=\"og:description\" content=\"18 cm Peigne professionnel \u00e0 poign\u00e9e ergonomique, id\u00e9al pour appliquer gel, mousse et produits de pr\u00e9-coiffage. Parfait pour ouvrir les boucles lors de la mise en plis ou pour ajuster le cr\u00eapage.\" \/>\n<meta property=\"og:url\" content=\"https:\/\/janeke1830.it\/prodotto\/pettine-spandi-gel-ondulato-nero\/\" \/>\n<meta property=\"og:site_name\" content=\"J\u00e4neke\" \/>\n<meta property=\"article:publisher\" content=\"https:\/\/www.facebook.com\/janeke1830\" \/>\n<meta property=\"article:modified_time\" content=\"2026-03-03T10:47:09+00:00\" \/>\n<meta property=\"og:image\" content=\"https:\/\/janeke1830.it\/wp-content\/uploads\/2026\/01\/57805.png\" \/>\n\t<meta property=\"og:image:width\" content=\"1024\" \/>\n\t<meta property=\"og:image:height\" content=\"1024\" \/>\n\t<meta property=\"og:image:type\" content=\"image\/png\" \/>\n<meta name=\"twitter:card\" content=\"summary_large_image\" \/>\n<script type=\"application\/ld+json\" class=\"yoast-schema-graph\">{\"@context\":\"https:\/\/schema.org\",\"@graph\":[{\"@type\":\"WebPage\",\"@id\":\"https:\/\/janeke1830.it\/prodotto\/pettine-spandi-gel-ondulato-nero\/\",\"url\":\"https:\/\/janeke1830.it\/prodotto\/pettine-spandi-gel-ondulato-nero\/\",\"name\":\"Peigne ondul\u00e9 noir pour l'application de gel - J\u00e4neke\",\"isPartOf\":{\"@id\":\"https:\/\/janeke1830.it\/#website\"},\"primaryImageOfPage\":{\"@id\":\"https:\/\/janeke1830.it\/prodotto\/pettine-spandi-gel-ondulato-nero\/#primaryimage\"},\"image\":{\"@id\":\"https:\/\/janeke1830.it\/prodotto\/pettine-spandi-gel-ondulato-nero\/#primaryimage\"},\"thumbnailUrl\":\"https:\/\/janeke1830.it\/wp-content\/uploads\/2026\/01\/pettine-gel-ondulato-nero-57805.png\",\"datePublished\":\"2025-12-02T08:38:02+00:00\",\"dateModified\":\"2026-03-03T10:47:09+00:00\",\"breadcrumb\":{\"@id\":\"https:\/\/janeke1830.it\/prodotto\/pettine-spandi-gel-ondulato-nero\/#breadcrumb\"},\"inLanguage\":\"fr-FR\",\"potentialAction\":[{\"@type\":\"ReadAction\",\"target\":[\"https:\/\/janeke1830.it\/prodotto\/pettine-spandi-gel-ondulato-nero\/\"]}]},{\"@type\":\"ImageObject\",\"inLanguage\":\"fr-FR\",\"@id\":\"https:\/\/janeke1830.it\/prodotto\/pettine-spandi-gel-ondulato-nero\/#primaryimage\",\"url\":\"https:\/\/janeke1830.it\/wp-content\/uploads\/2026\/01\/pettine-gel-ondulato-nero-57805.png\",\"contentUrl\":\"https:\/\/janeke1830.it\/wp-content\/uploads\/2026\/01\/pettine-gel-ondulato-nero-57805.png\",\"width\":1024,\"height\":1024,\"caption\":\"Pettine spandi gel ondulato nero J\u00e4neke ergonomico per boccoli e ondulature\"},{\"@type\":\"BreadcrumbList\",\"@id\":\"https:\/\/janeke1830.it\/prodotto\/pettine-spandi-gel-ondulato-nero\/#breadcrumb\",\"itemListElement\":[{\"@type\":\"ListItem\",\"position\":1,\"name\":\"Home\",\"item\":\"https:\/\/janeke1830.it\/\"},{\"@type\":\"ListItem\",\"position\":2,\"name\":\"Boutique\",\"item\":\"https:\/\/janeke1830.it\/fr\/boutique\/\"},{\"@type\":\"ListItem\",\"position\":3,\"name\":\"Peigne ondul\u00e9 noir pour l&#8217;application de gel\"}]},{\"@type\":\"WebSite\",\"@id\":\"https:\/\/janeke1830.it\/#website\",\"url\":\"https:\/\/janeke1830.it\/\",\"name\":\"J\u00e4neke 1830\",\"description\":\"\",\"publisher\":{\"@id\":\"https:\/\/janeke1830.it\/#organization\"},\"potentialAction\":[{\"@type\":\"SearchAction\",\"target\":{\"@type\":\"EntryPoint\",\"urlTemplate\":\"https:\/\/janeke1830.it\/?s={search_term_string}\"},\"query-input\":{\"@type\":\"PropertyValueSpecification\",\"valueRequired\":true,\"valueName\":\"search_term_string\"}}],\"inLanguage\":\"fr-FR\"},{\"@type\":\"Organization\",\"@id\":\"https:\/\/janeke1830.it\/#organization\",\"name\":\"J\u00e4neke 1830\",\"url\":\"https:\/\/janeke1830.it\/\",\"logo\":{\"@type\":\"ImageObject\",\"inLanguage\":\"fr-FR\",\"@id\":\"https:\/\/janeke1830.it\/#\/schema\/logo\/image\/\",\"url\":\"https:\/\/janeke1830.it\/wp-content\/uploads\/2025\/12\/logo-nero-janeke.png\",\"contentUrl\":\"https:\/\/janeke1830.it\/wp-content\/uploads\/2025\/12\/logo-nero-janeke.png\",\"width\":1824,\"height\":829,\"caption\":\"J\u00e4neke 1830\"},\"image\":{\"@id\":\"https:\/\/janeke1830.it\/#\/schema\/logo\/image\/\"},\"sameAs\":[\"https:\/\/www.facebook.com\/janeke1830\",\"https:\/\/www.instagram.com\/janeke1830official\",\"https:\/\/www.linkedin.com\/company\/giorgio-janeke-s-r-l-\/\"]}]}<\/script>\n<!-- \/ Yoast SEO plugin. -->","yoast_head_json":{"title":"Peigne ondul\u00e9 noir pour l'application de gel - J\u00e4neke","robots":{"index":"index","follow":"follow","max-snippet":"max-snippet:-1","max-image-preview":"max-image-preview:large","max-video-preview":"max-video-preview:-1"},"canonical":"https:\/\/janeke1830.it\/prodotto\/pettine-spandi-gel-ondulato-nero\/","og_locale":"fr_FR","og_type":"article","og_title":"Peigne ondul\u00e9 noir pour l'application de gel - J\u00e4neke","og_description":"18 cm Peigne professionnel \u00e0 poign\u00e9e ergonomique, id\u00e9al pour appliquer gel, mousse et produits de pr\u00e9-coiffage. Parfait pour ouvrir les boucles lors de la mise en plis ou pour ajuster le cr\u00eapage.","og_url":"https:\/\/janeke1830.it\/prodotto\/pettine-spandi-gel-ondulato-nero\/","og_site_name":"J\u00e4neke","article_publisher":"https:\/\/www.facebook.com\/janeke1830","article_modified_time":"2026-03-03T10:47:09+00:00","og_image":[{"width":1024,"height":1024,"url":"https:\/\/janeke1830.it\/wp-content\/uploads\/2026\/01\/57805.png","type":"image\/png"}],"twitter_card":"summary_large_image","schema":{"@context":"https:\/\/schema.org","@graph":[{"@type":"WebPage","@id":"https:\/\/janeke1830.it\/prodotto\/pettine-spandi-gel-ondulato-nero\/","url":"https:\/\/janeke1830.it\/prodotto\/pettine-spandi-gel-ondulato-nero\/","name":"Peigne ondul\u00e9 noir pour l'application de gel - J\u00e4neke","isPartOf":{"@id":"https:\/\/janeke1830.it\/#website"},"primaryImageOfPage":{"@id":"https:\/\/janeke1830.it\/prodotto\/pettine-spandi-gel-ondulato-nero\/#primaryimage"},"image":{"@id":"https:\/\/janeke1830.it\/prodotto\/pettine-spandi-gel-ondulato-nero\/#primaryimage"},"thumbnailUrl":"https:\/\/janeke1830.it\/wp-content\/uploads\/2026\/01\/pettine-gel-ondulato-nero-57805.png","datePublished":"2025-12-02T08:38:02+00:00","dateModified":"2026-03-03T10:47:09+00:00","breadcrumb":{"@id":"https:\/\/janeke1830.it\/prodotto\/pettine-spandi-gel-ondulato-nero\/#breadcrumb"},"inLanguage":"fr-FR","potentialAction":[{"@type":"ReadAction","target":["https:\/\/janeke1830.it\/prodotto\/pettine-spandi-gel-ondulato-nero\/"]}]},{"@type":"ImageObject","inLanguage":"fr-FR","@id":"https:\/\/janeke1830.it\/prodotto\/pettine-spandi-gel-ondulato-nero\/#primaryimage","url":"https:\/\/janeke1830.it\/wp-content\/uploads\/2026\/01\/pettine-gel-ondulato-nero-57805.png","contentUrl":"https:\/\/janeke1830.it\/wp-content\/uploads\/2026\/01\/pettine-gel-ondulato-nero-57805.png","width":1024,"height":1024,"caption":"Pettine spandi gel ondulato nero J\u00e4neke ergonomico per boccoli e ondulature"},{"@type":"BreadcrumbList","@id":"https:\/\/janeke1830.it\/prodotto\/pettine-spandi-gel-ondulato-nero\/#breadcrumb","itemListElement":[{"@type":"ListItem","position":1,"name":"Home","item":"https:\/\/janeke1830.it\/"},{"@type":"ListItem","position":2,"name":"Boutique","item":"https:\/\/janeke1830.it\/fr\/boutique\/"},{"@type":"ListItem","position":3,"name":"Peigne ondul\u00e9 noir pour l&#8217;application de gel"}]},{"@type":"WebSite","@id":"https:\/\/janeke1830.it\/#website","url":"https:\/\/janeke1830.it\/","name":"J\u00e4neke 1830","description":"","publisher":{"@id":"https:\/\/janeke1830.it\/#organization"},"potentialAction":[{"@type":"SearchAction","target":{"@type":"EntryPoint","urlTemplate":"https:\/\/janeke1830.it\/?s={search_term_string}"},"query-input":{"@type":"PropertyValueSpecification","valueRequired":true,"valueName":"search_term_string"}}],"inLanguage":"fr-FR"},{"@type":"Organization","@id":"https:\/\/janeke1830.it\/#organization","name":"J\u00e4neke 1830","url":"https:\/\/janeke1830.it\/","logo":{"@type":"ImageObject","inLanguage":"fr-FR","@id":"https:\/\/janeke1830.it\/#\/schema\/logo\/image\/","url":"https:\/\/janeke1830.it\/wp-content\/uploads\/2025\/12\/logo-nero-janeke.png","contentUrl":"https:\/\/janeke1830.it\/wp-content\/uploads\/2025\/12\/logo-nero-janeke.png","width":1824,"height":829,"caption":"J\u00e4neke 1830"},"image":{"@id":"https:\/\/janeke1830.it\/#\/schema\/logo\/image\/"},"sameAs":["https:\/\/www.facebook.com\/janeke1830","https:\/\/www.instagram.com\/janeke1830official","https:\/\/www.linkedin.com\/company\/giorgio-janeke-s-r-l-\/"]}]}},"_links":{"self":[{"href":"https:\/\/janeke1830.it\/fr\/wp-json\/wp\/v2\/product\/4271","targetHints":{"allow":["GET"]}}],"collection":[{"href":"https:\/\/janeke1830.it\/fr\/wp-json\/wp\/v2\/product"}],"about":[{"href":"https:\/\/janeke1830.it\/fr\/wp-json\/wp\/v2\/types\/product"}],"replies":[{"embeddable":true,"href":"https:\/\/janeke1830.it\/fr\/wp-json\/wp\/v2\/comments?post=4271"}],"wp:featuredmedia":[{"embeddable":true,"href":"https:\/\/janeke1830.it\/fr\/wp-json\/wp\/v2\/media\/790"}],"wp:attachment":[{"href":"https:\/\/janeke1830.it\/fr\/wp-json\/wp\/v2\/media?parent=4271"}],"wp:term":[{"taxonomy":"product_brand","embeddable":true,"href":"https:\/\/janeke1830.it\/fr\/wp-json\/wp\/v2\/product_brand?post=4271"},{"taxonomy":"product_cat","embeddable":true,"href":"https:\/\/janeke1830.it\/fr\/wp-json\/wp\/v2\/product_cat?post=4271"},{"taxonomy":"product_tag","embeddable":true,"href":"https:\/\/janeke1830.it\/fr\/wp-json\/wp\/v2\/product_tag?post=4271"}],"curies":[{"name":"wp","href":"https:\/\/api.w.org\/{rel}","templated":true}]}}