{"id":4227,"date":"2025-12-02T10:02:46","date_gmt":"2025-12-02T09:02:46","guid":{"rendered":"https:\/\/janeke1830.it\/prodotto\/peigne-a-ondulations-court-noir\/"},"modified":"2026-03-03T11:47:13","modified_gmt":"2026-03-03T10:47:13","slug":"peigne-a-ondulations-court-noir","status":"publish","type":"product","link":"https:\/\/janeke1830.it\/fr\/prodotto\/peigne-a-ondulations-court-noir\/","title":{"rendered":"Peigne \u00e0 ondulations court noir"},"content":{"rendered":"","protected":false},"excerpt":{"rendered":"<p><em>19 cm<\/em><\/p>\n<p>Peigne de coupe pour homme et cheveux mi-courts, r\u00e9sistant aux hautes temp\u00e9ratures, incassable et inalt\u00e9rable.<br \/>\n Adapt\u00e9 \u00e0 un usage professionnel avec une finition des dents faite \u00e0 la main. Le design en biais permet de travailler \u00e9galement les baby-hair. <\/p>\n","protected":false},"featured_media":4228,"comment_status":"closed","ping_status":"closed","template":"","meta":[],"product_brand":[824],"product_cat":[617],"product_tag":[733,728],"class_list":{"0":"post-4227","1":"product","2":"type-product","3":"status-publish","4":"has-post-thumbnail","6":"product_brand-professional","7":"product_cat-peignes","8":"product_tag-noir","9":"product_tag-peignes-professionnels","11":"first","12":"instock","13":"shipping-taxable","14":"purchasable","15":"product-type-simple"},"yoast_head":"<!-- This site is optimized with the Yoast SEO plugin v27.1.1 - https:\/\/yoast.com\/product\/yoast-seo-wordpress\/ -->\n<title>J\u00e4neke Short Black Ripple Comb - cheveux mi-courts<\/title>\n<meta name=\"description\" content=\"Fini \u00e0 la main pour travailler m\u00eame les cheveux de b\u00e9b\u00e9, le peigne court ondul\u00e9 noir de J\u00e4neke est id\u00e9al pour les coupes masculines. Achetez-le maintenant !\" \/>\n<meta name=\"robots\" content=\"index, follow, max-snippet:-1, max-image-preview:large, max-video-preview:-1\" \/>\n<link rel=\"canonical\" href=\"https:\/\/janeke1830.it\/fr\/prodotto\/peigne-a-ondulations-court-noir\/\" \/>\n<meta property=\"og:locale\" content=\"fr_FR\" \/>\n<meta property=\"og:type\" content=\"article\" \/>\n<meta property=\"og:title\" content=\"J\u00e4neke Short Black Ripple Comb - cheveux mi-courts\" \/>\n<meta property=\"og:description\" content=\"Fini \u00e0 la main pour travailler m\u00eame les cheveux de b\u00e9b\u00e9, le peigne court ondul\u00e9 noir de J\u00e4neke est id\u00e9al pour les coupes masculines. Achetez-le maintenant !\" \/>\n<meta property=\"og:url\" content=\"https:\/\/janeke1830.it\/fr\/prodotto\/peigne-a-ondulations-court-noir\/\" \/>\n<meta property=\"og:site_name\" content=\"J\u00e4neke\" \/>\n<meta property=\"article:publisher\" content=\"https:\/\/www.facebook.com\/janeke1830\" \/>\n<meta property=\"article:modified_time\" content=\"2026-03-03T10:47:13+00:00\" \/>\n<meta property=\"og:image\" content=\"https:\/\/janeke1830.it\/wp-content\/uploads\/2026\/01\/57824.png\" \/>\n\t<meta property=\"og:image:width\" content=\"1024\" \/>\n\t<meta property=\"og:image:height\" content=\"1024\" \/>\n\t<meta property=\"og:image:type\" content=\"image\/png\" \/>\n<meta name=\"twitter:card\" content=\"summary_large_image\" \/>\n<script type=\"application\/ld+json\" class=\"yoast-schema-graph\">{\"@context\":\"https:\/\/schema.org\",\"@graph\":[{\"@type\":\"WebPage\",\"@id\":\"https:\/\/janeke1830.it\/fr\/prodotto\/peigne-a-ondulations-court-noir\/\",\"url\":\"https:\/\/janeke1830.it\/fr\/prodotto\/peigne-a-ondulations-court-noir\/\",\"name\":\"J\u00e4neke Short Black Ripple Comb - cheveux mi-courts\",\"isPartOf\":{\"@id\":\"https:\/\/janeke1830.it\/#website\"},\"primaryImageOfPage\":{\"@id\":\"https:\/\/janeke1830.it\/fr\/prodotto\/peigne-a-ondulations-court-noir\/#primaryimage\"},\"image\":{\"@id\":\"https:\/\/janeke1830.it\/fr\/prodotto\/peigne-a-ondulations-court-noir\/#primaryimage\"},\"thumbnailUrl\":\"https:\/\/janeke1830.it\/wp-content\/uploads\/2026\/01\/pettine-ondulazione-corto-nero-57824.png\",\"datePublished\":\"2025-12-02T09:02:46+00:00\",\"dateModified\":\"2026-03-03T10:47:13+00:00\",\"description\":\"Fini \u00e0 la main pour travailler m\u00eame les cheveux de b\u00e9b\u00e9, le peigne court ondul\u00e9 noir de J\u00e4neke est id\u00e9al pour les coupes masculines. Achetez-le maintenant !\",\"breadcrumb\":{\"@id\":\"https:\/\/janeke1830.it\/fr\/prodotto\/peigne-a-ondulations-court-noir\/#breadcrumb\"},\"inLanguage\":\"fr-FR\",\"potentialAction\":[{\"@type\":\"ReadAction\",\"target\":[\"https:\/\/janeke1830.it\/fr\/prodotto\/peigne-a-ondulations-court-noir\/\"]}]},{\"@type\":\"ImageObject\",\"inLanguage\":\"fr-FR\",\"@id\":\"https:\/\/janeke1830.it\/fr\/prodotto\/peigne-a-ondulations-court-noir\/#primaryimage\",\"url\":\"https:\/\/janeke1830.it\/wp-content\/uploads\/2026\/01\/pettine-ondulazione-corto-nero-57824.png\",\"contentUrl\":\"https:\/\/janeke1830.it\/wp-content\/uploads\/2026\/01\/pettine-ondulazione-corto-nero-57824.png\",\"width\":1024,\"height\":1024,\"caption\":\"Pettine ondulazione corto nero J\u00e4neke per taglio medio-corto e baby-hair\"},{\"@type\":\"BreadcrumbList\",\"@id\":\"https:\/\/janeke1830.it\/fr\/prodotto\/peigne-a-ondulations-court-noir\/#breadcrumb\",\"itemListElement\":[{\"@type\":\"ListItem\",\"position\":1,\"name\":\"Home\",\"item\":\"https:\/\/janeke1830.it\/\"},{\"@type\":\"ListItem\",\"position\":2,\"name\":\"Boutique\",\"item\":\"https:\/\/janeke1830.it\/fr\/boutique\/\"},{\"@type\":\"ListItem\",\"position\":3,\"name\":\"Peigne \u00e0 ondulations court noir\"}]},{\"@type\":\"WebSite\",\"@id\":\"https:\/\/janeke1830.it\/#website\",\"url\":\"https:\/\/janeke1830.it\/\",\"name\":\"J\u00e4neke 1830\",\"description\":\"\",\"publisher\":{\"@id\":\"https:\/\/janeke1830.it\/#organization\"},\"potentialAction\":[{\"@type\":\"SearchAction\",\"target\":{\"@type\":\"EntryPoint\",\"urlTemplate\":\"https:\/\/janeke1830.it\/?s={search_term_string}\"},\"query-input\":{\"@type\":\"PropertyValueSpecification\",\"valueRequired\":true,\"valueName\":\"search_term_string\"}}],\"inLanguage\":\"fr-FR\"},{\"@type\":\"Organization\",\"@id\":\"https:\/\/janeke1830.it\/#organization\",\"name\":\"J\u00e4neke 1830\",\"url\":\"https:\/\/janeke1830.it\/\",\"logo\":{\"@type\":\"ImageObject\",\"inLanguage\":\"fr-FR\",\"@id\":\"https:\/\/janeke1830.it\/#\/schema\/logo\/image\/\",\"url\":\"https:\/\/janeke1830.it\/wp-content\/uploads\/2025\/12\/logo-nero-janeke.png\",\"contentUrl\":\"https:\/\/janeke1830.it\/wp-content\/uploads\/2025\/12\/logo-nero-janeke.png\",\"width\":1824,\"height\":829,\"caption\":\"J\u00e4neke 1830\"},\"image\":{\"@id\":\"https:\/\/janeke1830.it\/#\/schema\/logo\/image\/\"},\"sameAs\":[\"https:\/\/www.facebook.com\/janeke1830\",\"https:\/\/www.instagram.com\/janeke1830official\",\"https:\/\/www.linkedin.com\/company\/giorgio-janeke-s-r-l-\/\"]}]}<\/script>\n<!-- \/ Yoast SEO plugin. -->","yoast_head_json":{"title":"J\u00e4neke Short Black Ripple Comb - cheveux mi-courts","description":"Fini \u00e0 la main pour travailler m\u00eame les cheveux de b\u00e9b\u00e9, le peigne court ondul\u00e9 noir de J\u00e4neke est id\u00e9al pour les coupes masculines. Achetez-le maintenant !","robots":{"index":"index","follow":"follow","max-snippet":"max-snippet:-1","max-image-preview":"max-image-preview:large","max-video-preview":"max-video-preview:-1"},"canonical":"https:\/\/janeke1830.it\/fr\/prodotto\/peigne-a-ondulations-court-noir\/","og_locale":"fr_FR","og_type":"article","og_title":"J\u00e4neke Short Black Ripple Comb - cheveux mi-courts","og_description":"Fini \u00e0 la main pour travailler m\u00eame les cheveux de b\u00e9b\u00e9, le peigne court ondul\u00e9 noir de J\u00e4neke est id\u00e9al pour les coupes masculines. Achetez-le maintenant !","og_url":"https:\/\/janeke1830.it\/fr\/prodotto\/peigne-a-ondulations-court-noir\/","og_site_name":"J\u00e4neke","article_publisher":"https:\/\/www.facebook.com\/janeke1830","article_modified_time":"2026-03-03T10:47:13+00:00","og_image":[{"width":1024,"height":1024,"url":"https:\/\/janeke1830.it\/wp-content\/uploads\/2026\/01\/57824.png","type":"image\/png"}],"twitter_card":"summary_large_image","schema":{"@context":"https:\/\/schema.org","@graph":[{"@type":"WebPage","@id":"https:\/\/janeke1830.it\/fr\/prodotto\/peigne-a-ondulations-court-noir\/","url":"https:\/\/janeke1830.it\/fr\/prodotto\/peigne-a-ondulations-court-noir\/","name":"J\u00e4neke Short Black Ripple Comb - cheveux mi-courts","isPartOf":{"@id":"https:\/\/janeke1830.it\/#website"},"primaryImageOfPage":{"@id":"https:\/\/janeke1830.it\/fr\/prodotto\/peigne-a-ondulations-court-noir\/#primaryimage"},"image":{"@id":"https:\/\/janeke1830.it\/fr\/prodotto\/peigne-a-ondulations-court-noir\/#primaryimage"},"thumbnailUrl":"https:\/\/janeke1830.it\/wp-content\/uploads\/2026\/01\/pettine-ondulazione-corto-nero-57824.png","datePublished":"2025-12-02T09:02:46+00:00","dateModified":"2026-03-03T10:47:13+00:00","description":"Fini \u00e0 la main pour travailler m\u00eame les cheveux de b\u00e9b\u00e9, le peigne court ondul\u00e9 noir de J\u00e4neke est id\u00e9al pour les coupes masculines. Achetez-le maintenant !","breadcrumb":{"@id":"https:\/\/janeke1830.it\/fr\/prodotto\/peigne-a-ondulations-court-noir\/#breadcrumb"},"inLanguage":"fr-FR","potentialAction":[{"@type":"ReadAction","target":["https:\/\/janeke1830.it\/fr\/prodotto\/peigne-a-ondulations-court-noir\/"]}]},{"@type":"ImageObject","inLanguage":"fr-FR","@id":"https:\/\/janeke1830.it\/fr\/prodotto\/peigne-a-ondulations-court-noir\/#primaryimage","url":"https:\/\/janeke1830.it\/wp-content\/uploads\/2026\/01\/pettine-ondulazione-corto-nero-57824.png","contentUrl":"https:\/\/janeke1830.it\/wp-content\/uploads\/2026\/01\/pettine-ondulazione-corto-nero-57824.png","width":1024,"height":1024,"caption":"Pettine ondulazione corto nero J\u00e4neke per taglio medio-corto e baby-hair"},{"@type":"BreadcrumbList","@id":"https:\/\/janeke1830.it\/fr\/prodotto\/peigne-a-ondulations-court-noir\/#breadcrumb","itemListElement":[{"@type":"ListItem","position":1,"name":"Home","item":"https:\/\/janeke1830.it\/"},{"@type":"ListItem","position":2,"name":"Boutique","item":"https:\/\/janeke1830.it\/fr\/boutique\/"},{"@type":"ListItem","position":3,"name":"Peigne \u00e0 ondulations court noir"}]},{"@type":"WebSite","@id":"https:\/\/janeke1830.it\/#website","url":"https:\/\/janeke1830.it\/","name":"J\u00e4neke 1830","description":"","publisher":{"@id":"https:\/\/janeke1830.it\/#organization"},"potentialAction":[{"@type":"SearchAction","target":{"@type":"EntryPoint","urlTemplate":"https:\/\/janeke1830.it\/?s={search_term_string}"},"query-input":{"@type":"PropertyValueSpecification","valueRequired":true,"valueName":"search_term_string"}}],"inLanguage":"fr-FR"},{"@type":"Organization","@id":"https:\/\/janeke1830.it\/#organization","name":"J\u00e4neke 1830","url":"https:\/\/janeke1830.it\/","logo":{"@type":"ImageObject","inLanguage":"fr-FR","@id":"https:\/\/janeke1830.it\/#\/schema\/logo\/image\/","url":"https:\/\/janeke1830.it\/wp-content\/uploads\/2025\/12\/logo-nero-janeke.png","contentUrl":"https:\/\/janeke1830.it\/wp-content\/uploads\/2025\/12\/logo-nero-janeke.png","width":1824,"height":829,"caption":"J\u00e4neke 1830"},"image":{"@id":"https:\/\/janeke1830.it\/#\/schema\/logo\/image\/"},"sameAs":["https:\/\/www.facebook.com\/janeke1830","https:\/\/www.instagram.com\/janeke1830official","https:\/\/www.linkedin.com\/company\/giorgio-janeke-s-r-l-\/"]}]}},"_links":{"self":[{"href":"https:\/\/janeke1830.it\/fr\/wp-json\/wp\/v2\/product\/4227","targetHints":{"allow":["GET"]}}],"collection":[{"href":"https:\/\/janeke1830.it\/fr\/wp-json\/wp\/v2\/product"}],"about":[{"href":"https:\/\/janeke1830.it\/fr\/wp-json\/wp\/v2\/types\/product"}],"replies":[{"embeddable":true,"href":"https:\/\/janeke1830.it\/fr\/wp-json\/wp\/v2\/comments?post=4227"}],"wp:featuredmedia":[{"embeddable":true,"href":"https:\/\/janeke1830.it\/fr\/wp-json\/wp\/v2\/media\/4228"}],"wp:attachment":[{"href":"https:\/\/janeke1830.it\/fr\/wp-json\/wp\/v2\/media?parent=4227"}],"wp:term":[{"taxonomy":"product_brand","embeddable":true,"href":"https:\/\/janeke1830.it\/fr\/wp-json\/wp\/v2\/product_brand?post=4227"},{"taxonomy":"product_cat","embeddable":true,"href":"https:\/\/janeke1830.it\/fr\/wp-json\/wp\/v2\/product_cat?post=4227"},{"taxonomy":"product_tag","embeddable":true,"href":"https:\/\/janeke1830.it\/fr\/wp-json\/wp\/v2\/product_tag?post=4227"}],"curies":[{"name":"wp","href":"https:\/\/api.w.org\/{rel}","templated":true}]}}