{"id":4100,"date":"2026-01-03T12:10:17","date_gmt":"2026-01-03T11:10:17","guid":{"rendered":"https:\/\/janeke1830.it\/prodotto\/miroir-de-table-double-face\/"},"modified":"2026-02-02T11:36:54","modified_gmt":"2026-02-02T10:36:54","slug":"miroir-de-table-double-face","status":"publish","type":"product","link":"https:\/\/janeke1830.it\/fr\/prodotto\/miroir-de-table-double-face\/","title":{"rendered":"Miroir de table double face"},"content":{"rendered":"","protected":false},"excerpt":{"rendered":"<p>Le <strong>miroir de table double face avec support Janeke<\/strong> d&rsquo;un diam\u00e8tre de <strong>170 mm<\/strong> offre deux surfaces : une standard et une grossissante, id\u00e9ales pour le maquillage et les soins d\u00e9taill\u00e9s du visage. Le support stable assure confort et praticit\u00e9 sur toute surface, tandis que le design \u00e9l\u00e9gant valorise chaque espace. Fabriqu\u00e9 avec des mat\u00e9riaux de haute qualit\u00e9, il allie fonctionnalit\u00e9, r\u00e9sistance et raffinement, garantissant le style et la fiabilit\u00e9 typiques de Janeke.  <\/p>\n","protected":false},"featured_media":4101,"comment_status":"closed","ping_status":"closed","template":"","meta":[],"product_brand":[815],"product_cat":[637],"product_tag":[697],"class_list":{"0":"post-4100","1":"product","2":"type-product","3":"status-publish","4":"has-post-thumbnail","6":"product_brand-luxury","7":"product_cat-miroirs","8":"product_tag-miroirs","10":"first","11":"instock","12":"shipping-taxable","13":"purchasable","14":"product-type-variable","15":"has-default-attributes","16":"wvs-archive-product-wrapper"},"yoast_head":"<!-- This site is optimized with the Yoast SEO plugin v27.1.1 - https:\/\/yoast.com\/product\/yoast-seo-wordpress\/ -->\n<title>J\u00e4neke Miroir de table double face - Double surface<\/title>\n<meta name=\"description\" content=\"Pour un maquillage impeccable, choisissez l&#039;\u00e9l\u00e9gance du miroir de table double face J\u00e4neke. Double vision et style. D\u00e9couvrez-le d\u00e8s maintenant !\" \/>\n<meta name=\"robots\" content=\"index, follow, max-snippet:-1, max-image-preview:large, max-video-preview:-1\" \/>\n<link rel=\"canonical\" href=\"https:\/\/janeke1830.it\/fr\/prodotto\/miroir-de-table-double-face\/\" \/>\n<meta property=\"og:locale\" content=\"fr_FR\" \/>\n<meta property=\"og:type\" content=\"article\" \/>\n<meta property=\"og:title\" content=\"J\u00e4neke Miroir de table double face - Double surface\" \/>\n<meta property=\"og:description\" content=\"Pour un maquillage impeccable, choisissez l&#039;\u00e9l\u00e9gance du miroir de table double face J\u00e4neke. Double vision et style. D\u00e9couvrez-le d\u00e8s maintenant !\" \/>\n<meta property=\"og:url\" content=\"https:\/\/janeke1830.it\/fr\/prodotto\/miroir-de-table-double-face\/\" \/>\n<meta property=\"og:site_name\" content=\"J\u00e4neke\" \/>\n<meta property=\"article:publisher\" content=\"https:\/\/www.facebook.com\/janeke1830\" \/>\n<meta property=\"article:modified_time\" content=\"2026-02-02T10:36:54+00:00\" \/>\n<meta property=\"og:image\" content=\"https:\/\/janeke1830.it\/wp-content\/uploads\/2026\/01\/AU447.3.png\" \/>\n\t<meta property=\"og:image:width\" content=\"1024\" \/>\n\t<meta property=\"og:image:height\" content=\"1024\" \/>\n\t<meta property=\"og:image:type\" content=\"image\/png\" \/>\n<meta name=\"twitter:card\" content=\"summary_large_image\" \/>\n<script type=\"application\/ld+json\" class=\"yoast-schema-graph\">{\"@context\":\"https:\/\/schema.org\",\"@graph\":[{\"@type\":\"WebPage\",\"@id\":\"https:\/\/janeke1830.it\/fr\/prodotto\/miroir-de-table-double-face\/\",\"url\":\"https:\/\/janeke1830.it\/fr\/prodotto\/miroir-de-table-double-face\/\",\"name\":\"J\u00e4neke Miroir de table double face - Double surface\",\"isPartOf\":{\"@id\":\"https:\/\/janeke1830.it\/#website\"},\"primaryImageOfPage\":{\"@id\":\"https:\/\/janeke1830.it\/fr\/prodotto\/miroir-de-table-double-face\/#primaryimage\"},\"image\":{\"@id\":\"https:\/\/janeke1830.it\/fr\/prodotto\/miroir-de-table-double-face\/#primaryimage\"},\"thumbnailUrl\":\"https:\/\/janeke1830.it\/wp-content\/uploads\/2026\/01\/specchio-bifacciale-oro-au447.3.png\",\"datePublished\":\"2026-01-03T11:10:17+00:00\",\"dateModified\":\"2026-02-02T10:36:54+00:00\",\"description\":\"Pour un maquillage impeccable, choisissez l'\u00e9l\u00e9gance du miroir de table double face J\u00e4neke. Double vision et style. D\u00e9couvrez-le d\u00e8s maintenant !\",\"breadcrumb\":{\"@id\":\"https:\/\/janeke1830.it\/fr\/prodotto\/miroir-de-table-double-face\/#breadcrumb\"},\"inLanguage\":\"fr-FR\",\"potentialAction\":[{\"@type\":\"ReadAction\",\"target\":[\"https:\/\/janeke1830.it\/fr\/prodotto\/miroir-de-table-double-face\/\"]}]},{\"@type\":\"ImageObject\",\"inLanguage\":\"fr-FR\",\"@id\":\"https:\/\/janeke1830.it\/fr\/prodotto\/miroir-de-table-double-face\/#primaryimage\",\"url\":\"https:\/\/janeke1830.it\/wp-content\/uploads\/2026\/01\/specchio-bifacciale-oro-au447.3.png\",\"contentUrl\":\"https:\/\/janeke1830.it\/wp-content\/uploads\/2026\/01\/specchio-bifacciale-oro-au447.3.png\",\"width\":1024,\"height\":1024,\"caption\":\"Specchio bifacciale tavolo 170mm J\u00e4neke oro con lente ingrandente\"},{\"@type\":\"BreadcrumbList\",\"@id\":\"https:\/\/janeke1830.it\/fr\/prodotto\/miroir-de-table-double-face\/#breadcrumb\",\"itemListElement\":[{\"@type\":\"ListItem\",\"position\":1,\"name\":\"Home\",\"item\":\"https:\/\/janeke1830.it\/\"},{\"@type\":\"ListItem\",\"position\":2,\"name\":\"Boutique\",\"item\":\"https:\/\/janeke1830.it\/fr\/boutique\/\"},{\"@type\":\"ListItem\",\"position\":3,\"name\":\"Miroir de table double face\"}]},{\"@type\":\"WebSite\",\"@id\":\"https:\/\/janeke1830.it\/#website\",\"url\":\"https:\/\/janeke1830.it\/\",\"name\":\"J\u00e4neke 1830\",\"description\":\"\",\"publisher\":{\"@id\":\"https:\/\/janeke1830.it\/#organization\"},\"potentialAction\":[{\"@type\":\"SearchAction\",\"target\":{\"@type\":\"EntryPoint\",\"urlTemplate\":\"https:\/\/janeke1830.it\/?s={search_term_string}\"},\"query-input\":{\"@type\":\"PropertyValueSpecification\",\"valueRequired\":true,\"valueName\":\"search_term_string\"}}],\"inLanguage\":\"fr-FR\"},{\"@type\":\"Organization\",\"@id\":\"https:\/\/janeke1830.it\/#organization\",\"name\":\"J\u00e4neke 1830\",\"url\":\"https:\/\/janeke1830.it\/\",\"logo\":{\"@type\":\"ImageObject\",\"inLanguage\":\"fr-FR\",\"@id\":\"https:\/\/janeke1830.it\/#\/schema\/logo\/image\/\",\"url\":\"https:\/\/janeke1830.it\/wp-content\/uploads\/2025\/12\/logo-nero-janeke.png\",\"contentUrl\":\"https:\/\/janeke1830.it\/wp-content\/uploads\/2025\/12\/logo-nero-janeke.png\",\"width\":1824,\"height\":829,\"caption\":\"J\u00e4neke 1830\"},\"image\":{\"@id\":\"https:\/\/janeke1830.it\/#\/schema\/logo\/image\/\"},\"sameAs\":[\"https:\/\/www.facebook.com\/janeke1830\",\"https:\/\/www.instagram.com\/janeke1830official\",\"https:\/\/www.linkedin.com\/company\/giorgio-janeke-s-r-l-\/\"]}]}<\/script>\n<!-- \/ Yoast SEO plugin. -->","yoast_head_json":{"title":"J\u00e4neke Miroir de table double face - Double surface","description":"Pour un maquillage impeccable, choisissez l'\u00e9l\u00e9gance du miroir de table double face J\u00e4neke. Double vision et style. D\u00e9couvrez-le d\u00e8s maintenant !","robots":{"index":"index","follow":"follow","max-snippet":"max-snippet:-1","max-image-preview":"max-image-preview:large","max-video-preview":"max-video-preview:-1"},"canonical":"https:\/\/janeke1830.it\/fr\/prodotto\/miroir-de-table-double-face\/","og_locale":"fr_FR","og_type":"article","og_title":"J\u00e4neke Miroir de table double face - Double surface","og_description":"Pour un maquillage impeccable, choisissez l'\u00e9l\u00e9gance du miroir de table double face J\u00e4neke. Double vision et style. D\u00e9couvrez-le d\u00e8s maintenant !","og_url":"https:\/\/janeke1830.it\/fr\/prodotto\/miroir-de-table-double-face\/","og_site_name":"J\u00e4neke","article_publisher":"https:\/\/www.facebook.com\/janeke1830","article_modified_time":"2026-02-02T10:36:54+00:00","og_image":[{"width":1024,"height":1024,"url":"https:\/\/janeke1830.it\/wp-content\/uploads\/2026\/01\/AU447.3.png","type":"image\/png"}],"twitter_card":"summary_large_image","schema":{"@context":"https:\/\/schema.org","@graph":[{"@type":"WebPage","@id":"https:\/\/janeke1830.it\/fr\/prodotto\/miroir-de-table-double-face\/","url":"https:\/\/janeke1830.it\/fr\/prodotto\/miroir-de-table-double-face\/","name":"J\u00e4neke Miroir de table double face - Double surface","isPartOf":{"@id":"https:\/\/janeke1830.it\/#website"},"primaryImageOfPage":{"@id":"https:\/\/janeke1830.it\/fr\/prodotto\/miroir-de-table-double-face\/#primaryimage"},"image":{"@id":"https:\/\/janeke1830.it\/fr\/prodotto\/miroir-de-table-double-face\/#primaryimage"},"thumbnailUrl":"https:\/\/janeke1830.it\/wp-content\/uploads\/2026\/01\/specchio-bifacciale-oro-au447.3.png","datePublished":"2026-01-03T11:10:17+00:00","dateModified":"2026-02-02T10:36:54+00:00","description":"Pour un maquillage impeccable, choisissez l'\u00e9l\u00e9gance du miroir de table double face J\u00e4neke. Double vision et style. D\u00e9couvrez-le d\u00e8s maintenant !","breadcrumb":{"@id":"https:\/\/janeke1830.it\/fr\/prodotto\/miroir-de-table-double-face\/#breadcrumb"},"inLanguage":"fr-FR","potentialAction":[{"@type":"ReadAction","target":["https:\/\/janeke1830.it\/fr\/prodotto\/miroir-de-table-double-face\/"]}]},{"@type":"ImageObject","inLanguage":"fr-FR","@id":"https:\/\/janeke1830.it\/fr\/prodotto\/miroir-de-table-double-face\/#primaryimage","url":"https:\/\/janeke1830.it\/wp-content\/uploads\/2026\/01\/specchio-bifacciale-oro-au447.3.png","contentUrl":"https:\/\/janeke1830.it\/wp-content\/uploads\/2026\/01\/specchio-bifacciale-oro-au447.3.png","width":1024,"height":1024,"caption":"Specchio bifacciale tavolo 170mm J\u00e4neke oro con lente ingrandente"},{"@type":"BreadcrumbList","@id":"https:\/\/janeke1830.it\/fr\/prodotto\/miroir-de-table-double-face\/#breadcrumb","itemListElement":[{"@type":"ListItem","position":1,"name":"Home","item":"https:\/\/janeke1830.it\/"},{"@type":"ListItem","position":2,"name":"Boutique","item":"https:\/\/janeke1830.it\/fr\/boutique\/"},{"@type":"ListItem","position":3,"name":"Miroir de table double face"}]},{"@type":"WebSite","@id":"https:\/\/janeke1830.it\/#website","url":"https:\/\/janeke1830.it\/","name":"J\u00e4neke 1830","description":"","publisher":{"@id":"https:\/\/janeke1830.it\/#organization"},"potentialAction":[{"@type":"SearchAction","target":{"@type":"EntryPoint","urlTemplate":"https:\/\/janeke1830.it\/?s={search_term_string}"},"query-input":{"@type":"PropertyValueSpecification","valueRequired":true,"valueName":"search_term_string"}}],"inLanguage":"fr-FR"},{"@type":"Organization","@id":"https:\/\/janeke1830.it\/#organization","name":"J\u00e4neke 1830","url":"https:\/\/janeke1830.it\/","logo":{"@type":"ImageObject","inLanguage":"fr-FR","@id":"https:\/\/janeke1830.it\/#\/schema\/logo\/image\/","url":"https:\/\/janeke1830.it\/wp-content\/uploads\/2025\/12\/logo-nero-janeke.png","contentUrl":"https:\/\/janeke1830.it\/wp-content\/uploads\/2025\/12\/logo-nero-janeke.png","width":1824,"height":829,"caption":"J\u00e4neke 1830"},"image":{"@id":"https:\/\/janeke1830.it\/#\/schema\/logo\/image\/"},"sameAs":["https:\/\/www.facebook.com\/janeke1830","https:\/\/www.instagram.com\/janeke1830official","https:\/\/www.linkedin.com\/company\/giorgio-janeke-s-r-l-\/"]}]}},"_links":{"self":[{"href":"https:\/\/janeke1830.it\/fr\/wp-json\/wp\/v2\/product\/4100","targetHints":{"allow":["GET"]}}],"collection":[{"href":"https:\/\/janeke1830.it\/fr\/wp-json\/wp\/v2\/product"}],"about":[{"href":"https:\/\/janeke1830.it\/fr\/wp-json\/wp\/v2\/types\/product"}],"replies":[{"embeddable":true,"href":"https:\/\/janeke1830.it\/fr\/wp-json\/wp\/v2\/comments?post=4100"}],"wp:featuredmedia":[{"embeddable":true,"href":"https:\/\/janeke1830.it\/fr\/wp-json\/wp\/v2\/media\/4101"}],"wp:attachment":[{"href":"https:\/\/janeke1830.it\/fr\/wp-json\/wp\/v2\/media?parent=4100"}],"wp:term":[{"taxonomy":"product_brand","embeddable":true,"href":"https:\/\/janeke1830.it\/fr\/wp-json\/wp\/v2\/product_brand?post=4100"},{"taxonomy":"product_cat","embeddable":true,"href":"https:\/\/janeke1830.it\/fr\/wp-json\/wp\/v2\/product_cat?post=4100"},{"taxonomy":"product_tag","embeddable":true,"href":"https:\/\/janeke1830.it\/fr\/wp-json\/wp\/v2\/product_tag?post=4100"}],"curies":[{"name":"wp","href":"https:\/\/api.w.org\/{rel}","templated":true}]}}