{"id":4039,"date":"2026-01-03T12:24:12","date_gmt":"2026-01-03T11:24:12","guid":{"rendered":"https:\/\/janeke1830.it\/prodotto\/miroir-de-sac-65-mm\/"},"modified":"2026-03-03T11:48:06","modified_gmt":"2026-03-03T10:48:06","slug":"miroir-de-sac-65-mm","status":"publish","type":"product","link":"https:\/\/janeke1830.it\/fr\/prodotto\/miroir-de-sac-65-mm\/","title":{"rendered":"Miroir de sac 65 mm"},"content":{"rendered":"","protected":false},"excerpt":{"rendered":"<p>Compact et \u00e9l\u00e9gant, le Miroir de Sac Rond Janeke d&rsquo;un diam\u00e8tre de 65 mm est con\u00e7u pour des retouches rapides \u00e0 tout moment de la journ\u00e9e. L\u00e9ger et pratique, il se glisse facilement dans votre sac, offrant toujours une vision claire et d\u00e9taill\u00e9e. <\/p>\n<p>Son design raffin\u00e9 allie fonctionnalit\u00e9 et style, en faisant un accessoire indispensable qui refl\u00e8te l&rsquo;\u00e9l\u00e9gance et la qualit\u00e9 artisanale caract\u00e9ristiques de la marque Janeke.<\/p>\n","protected":false},"featured_media":4040,"comment_status":"closed","ping_status":"closed","template":"","meta":[],"product_brand":[815],"product_cat":[637],"product_tag":[697],"class_list":{"0":"post-4039","1":"product","2":"type-product","3":"status-publish","4":"has-post-thumbnail","6":"product_brand-luxury","7":"product_cat-miroirs","8":"product_tag-miroirs","10":"first","11":"instock","12":"shipping-taxable","13":"purchasable","14":"product-type-variable","15":"wvs-archive-product-wrapper"},"yoast_head":"<!-- This site is optimized with the Yoast SEO plugin v27.6 - https:\/\/yoast.com\/product\/yoast-seo-wordpress\/ -->\n<title>J\u00e4neke 65mm Handbag Mirror - Compact et \u00e9l\u00e9gant<\/title>\n<meta name=\"description\" content=\"Pour un look impeccable o\u00f9 que vous soyez, choisissez le miroir de sac \u00e0 main J\u00e4neke de 65 mm. Petit, \u00e9l\u00e9gant et pratique. D\u00e9couvrez-le en ligne d\u00e8s maintenant !\" \/>\n<meta name=\"robots\" content=\"index, follow, max-snippet:-1, max-image-preview:large, max-video-preview:-1\" \/>\n<link rel=\"canonical\" href=\"https:\/\/janeke1830.it\/fr\/prodotto\/miroir-de-sac-65-mm\/\" \/>\n<meta property=\"og:locale\" content=\"fr_FR\" \/>\n<meta property=\"og:type\" content=\"article\" \/>\n<meta property=\"og:title\" content=\"J\u00e4neke 65mm Handbag Mirror - Compact et \u00e9l\u00e9gant\" \/>\n<meta property=\"og:description\" content=\"Pour un look impeccable o\u00f9 que vous soyez, choisissez le miroir de sac \u00e0 main J\u00e4neke de 65 mm. Petit, \u00e9l\u00e9gant et pratique. D\u00e9couvrez-le en ligne d\u00e8s maintenant !\" \/>\n<meta property=\"og:url\" content=\"https:\/\/janeke1830.it\/fr\/prodotto\/miroir-de-sac-65-mm\/\" \/>\n<meta property=\"og:site_name\" content=\"J\u00e4neke\" \/>\n<meta property=\"article:publisher\" content=\"https:\/\/www.facebook.com\/janeke1830\" \/>\n<meta property=\"article:modified_time\" content=\"2026-03-03T10:48:06+00:00\" \/>\n<meta property=\"og:image\" content=\"https:\/\/janeke1830.it\/wp-content\/uploads\/2025\/12\/AU484.3DBL.png\" \/>\n\t<meta property=\"og:image:width\" content=\"1024\" \/>\n\t<meta property=\"og:image:height\" content=\"1024\" \/>\n\t<meta property=\"og:image:type\" content=\"image\/png\" \/>\n<meta name=\"twitter:card\" content=\"summary_large_image\" \/>\n<script type=\"application\/ld+json\" class=\"yoast-schema-graph\">{\"@context\":\"https:\\\/\\\/schema.org\",\"@graph\":[{\"@type\":\"WebPage\",\"@id\":\"https:\\\/\\\/janeke1830.it\\\/fr\\\/prodotto\\\/miroir-de-sac-65-mm\\\/\",\"url\":\"https:\\\/\\\/janeke1830.it\\\/fr\\\/prodotto\\\/miroir-de-sac-65-mm\\\/\",\"name\":\"J\u00e4neke 65mm Handbag Mirror - Compact et \u00e9l\u00e9gant\",\"isPartOf\":{\"@id\":\"https:\\\/\\\/janeke1830.it\\\/#website\"},\"primaryImageOfPage\":{\"@id\":\"https:\\\/\\\/janeke1830.it\\\/fr\\\/prodotto\\\/miroir-de-sac-65-mm\\\/#primaryimage\"},\"image\":{\"@id\":\"https:\\\/\\\/janeke1830.it\\\/fr\\\/prodotto\\\/miroir-de-sac-65-mm\\\/#primaryimage\"},\"thumbnailUrl\":\"https:\\\/\\\/janeke1830.it\\\/wp-content\\\/uploads\\\/2025\\\/12\\\/specchietto-borsetta-73mm-tartaruga-au484.3dbl.png\",\"datePublished\":\"2026-01-03T11:24:12+00:00\",\"dateModified\":\"2026-03-03T10:48:06+00:00\",\"description\":\"Pour un look impeccable o\u00f9 que vous soyez, choisissez le miroir de sac \u00e0 main J\u00e4neke de 65 mm. Petit, \u00e9l\u00e9gant et pratique. D\u00e9couvrez-le en ligne d\u00e8s maintenant !\",\"breadcrumb\":{\"@id\":\"https:\\\/\\\/janeke1830.it\\\/fr\\\/prodotto\\\/miroir-de-sac-65-mm\\\/#breadcrumb\"},\"inLanguage\":\"fr-FR\",\"potentialAction\":[{\"@type\":\"ReadAction\",\"target\":[\"https:\\\/\\\/janeke1830.it\\\/fr\\\/prodotto\\\/miroir-de-sac-65-mm\\\/\"]}]},{\"@type\":\"ImageObject\",\"inLanguage\":\"fr-FR\",\"@id\":\"https:\\\/\\\/janeke1830.it\\\/fr\\\/prodotto\\\/miroir-de-sac-65-mm\\\/#primaryimage\",\"url\":\"https:\\\/\\\/janeke1830.it\\\/wp-content\\\/uploads\\\/2025\\\/12\\\/specchietto-borsetta-73mm-tartaruga-au484.3dbl.png\",\"contentUrl\":\"https:\\\/\\\/janeke1830.it\\\/wp-content\\\/uploads\\\/2025\\\/12\\\/specchietto-borsetta-73mm-tartaruga-au484.3dbl.png\",\"width\":1024,\"height\":1024,\"caption\":\"Specchietto da borsetta rotondo 65mm J\u00e4neke tartaruga elegante e leggero\"},{\"@type\":\"BreadcrumbList\",\"@id\":\"https:\\\/\\\/janeke1830.it\\\/fr\\\/prodotto\\\/miroir-de-sac-65-mm\\\/#breadcrumb\",\"itemListElement\":[{\"@type\":\"ListItem\",\"position\":1,\"name\":\"Home\",\"item\":\"https:\\\/\\\/janeke1830.it\\\/\"},{\"@type\":\"ListItem\",\"position\":2,\"name\":\"Boutique\",\"item\":\"https:\\\/\\\/janeke1830.it\\\/fr\\\/boutique\\\/\"},{\"@type\":\"ListItem\",\"position\":3,\"name\":\"Miroir de sac 65 mm\"}]},{\"@type\":\"WebSite\",\"@id\":\"https:\\\/\\\/janeke1830.it\\\/#website\",\"url\":\"https:\\\/\\\/janeke1830.it\\\/\",\"name\":\"J\u00e4neke 1830\",\"description\":\"\",\"publisher\":{\"@id\":\"https:\\\/\\\/janeke1830.it\\\/#organization\"},\"potentialAction\":[{\"@type\":\"SearchAction\",\"target\":{\"@type\":\"EntryPoint\",\"urlTemplate\":\"https:\\\/\\\/janeke1830.it\\\/?s={search_term_string}\"},\"query-input\":{\"@type\":\"PropertyValueSpecification\",\"valueRequired\":true,\"valueName\":\"search_term_string\"}}],\"inLanguage\":\"fr-FR\"},{\"@type\":\"Organization\",\"@id\":\"https:\\\/\\\/janeke1830.it\\\/#organization\",\"name\":\"J\u00e4neke 1830\",\"url\":\"https:\\\/\\\/janeke1830.it\\\/\",\"logo\":{\"@type\":\"ImageObject\",\"inLanguage\":\"fr-FR\",\"@id\":\"https:\\\/\\\/janeke1830.it\\\/#\\\/schema\\\/logo\\\/image\\\/\",\"url\":\"https:\\\/\\\/janeke1830.it\\\/wp-content\\\/uploads\\\/2025\\\/12\\\/logo-nero-janeke.png\",\"contentUrl\":\"https:\\\/\\\/janeke1830.it\\\/wp-content\\\/uploads\\\/2025\\\/12\\\/logo-nero-janeke.png\",\"width\":1824,\"height\":829,\"caption\":\"J\u00e4neke 1830\"},\"image\":{\"@id\":\"https:\\\/\\\/janeke1830.it\\\/#\\\/schema\\\/logo\\\/image\\\/\"},\"sameAs\":[\"https:\\\/\\\/www.facebook.com\\\/janeke1830\",\"https:\\\/\\\/www.instagram.com\\\/janeke1830official\",\"https:\\\/\\\/www.linkedin.com\\\/company\\\/giorgio-janeke-s-r-l-\\\/\"]}]}<\/script>\n<!-- \/ Yoast SEO plugin. -->","yoast_head_json":{"title":"J\u00e4neke 65mm Handbag Mirror - Compact et \u00e9l\u00e9gant","description":"Pour un look impeccable o\u00f9 que vous soyez, choisissez le miroir de sac \u00e0 main J\u00e4neke de 65 mm. Petit, \u00e9l\u00e9gant et pratique. D\u00e9couvrez-le en ligne d\u00e8s maintenant !","robots":{"index":"index","follow":"follow","max-snippet":"max-snippet:-1","max-image-preview":"max-image-preview:large","max-video-preview":"max-video-preview:-1"},"canonical":"https:\/\/janeke1830.it\/fr\/prodotto\/miroir-de-sac-65-mm\/","og_locale":"fr_FR","og_type":"article","og_title":"J\u00e4neke 65mm Handbag Mirror - Compact et \u00e9l\u00e9gant","og_description":"Pour un look impeccable o\u00f9 que vous soyez, choisissez le miroir de sac \u00e0 main J\u00e4neke de 65 mm. Petit, \u00e9l\u00e9gant et pratique. D\u00e9couvrez-le en ligne d\u00e8s maintenant !","og_url":"https:\/\/janeke1830.it\/fr\/prodotto\/miroir-de-sac-65-mm\/","og_site_name":"J\u00e4neke","article_publisher":"https:\/\/www.facebook.com\/janeke1830","article_modified_time":"2026-03-03T10:48:06+00:00","og_image":[{"width":1024,"height":1024,"url":"https:\/\/janeke1830.it\/wp-content\/uploads\/2025\/12\/AU484.3DBL.png","type":"image\/png"}],"twitter_card":"summary_large_image","schema":{"@context":"https:\/\/schema.org","@graph":[{"@type":"WebPage","@id":"https:\/\/janeke1830.it\/fr\/prodotto\/miroir-de-sac-65-mm\/","url":"https:\/\/janeke1830.it\/fr\/prodotto\/miroir-de-sac-65-mm\/","name":"J\u00e4neke 65mm Handbag Mirror - Compact et \u00e9l\u00e9gant","isPartOf":{"@id":"https:\/\/janeke1830.it\/#website"},"primaryImageOfPage":{"@id":"https:\/\/janeke1830.it\/fr\/prodotto\/miroir-de-sac-65-mm\/#primaryimage"},"image":{"@id":"https:\/\/janeke1830.it\/fr\/prodotto\/miroir-de-sac-65-mm\/#primaryimage"},"thumbnailUrl":"https:\/\/janeke1830.it\/wp-content\/uploads\/2025\/12\/specchietto-borsetta-73mm-tartaruga-au484.3dbl.png","datePublished":"2026-01-03T11:24:12+00:00","dateModified":"2026-03-03T10:48:06+00:00","description":"Pour un look impeccable o\u00f9 que vous soyez, choisissez le miroir de sac \u00e0 main J\u00e4neke de 65 mm. Petit, \u00e9l\u00e9gant et pratique. D\u00e9couvrez-le en ligne d\u00e8s maintenant !","breadcrumb":{"@id":"https:\/\/janeke1830.it\/fr\/prodotto\/miroir-de-sac-65-mm\/#breadcrumb"},"inLanguage":"fr-FR","potentialAction":[{"@type":"ReadAction","target":["https:\/\/janeke1830.it\/fr\/prodotto\/miroir-de-sac-65-mm\/"]}]},{"@type":"ImageObject","inLanguage":"fr-FR","@id":"https:\/\/janeke1830.it\/fr\/prodotto\/miroir-de-sac-65-mm\/#primaryimage","url":"https:\/\/janeke1830.it\/wp-content\/uploads\/2025\/12\/specchietto-borsetta-73mm-tartaruga-au484.3dbl.png","contentUrl":"https:\/\/janeke1830.it\/wp-content\/uploads\/2025\/12\/specchietto-borsetta-73mm-tartaruga-au484.3dbl.png","width":1024,"height":1024,"caption":"Specchietto da borsetta rotondo 65mm J\u00e4neke tartaruga elegante e leggero"},{"@type":"BreadcrumbList","@id":"https:\/\/janeke1830.it\/fr\/prodotto\/miroir-de-sac-65-mm\/#breadcrumb","itemListElement":[{"@type":"ListItem","position":1,"name":"Home","item":"https:\/\/janeke1830.it\/"},{"@type":"ListItem","position":2,"name":"Boutique","item":"https:\/\/janeke1830.it\/fr\/boutique\/"},{"@type":"ListItem","position":3,"name":"Miroir de sac 65 mm"}]},{"@type":"WebSite","@id":"https:\/\/janeke1830.it\/#website","url":"https:\/\/janeke1830.it\/","name":"J\u00e4neke 1830","description":"","publisher":{"@id":"https:\/\/janeke1830.it\/#organization"},"potentialAction":[{"@type":"SearchAction","target":{"@type":"EntryPoint","urlTemplate":"https:\/\/janeke1830.it\/?s={search_term_string}"},"query-input":{"@type":"PropertyValueSpecification","valueRequired":true,"valueName":"search_term_string"}}],"inLanguage":"fr-FR"},{"@type":"Organization","@id":"https:\/\/janeke1830.it\/#organization","name":"J\u00e4neke 1830","url":"https:\/\/janeke1830.it\/","logo":{"@type":"ImageObject","inLanguage":"fr-FR","@id":"https:\/\/janeke1830.it\/#\/schema\/logo\/image\/","url":"https:\/\/janeke1830.it\/wp-content\/uploads\/2025\/12\/logo-nero-janeke.png","contentUrl":"https:\/\/janeke1830.it\/wp-content\/uploads\/2025\/12\/logo-nero-janeke.png","width":1824,"height":829,"caption":"J\u00e4neke 1830"},"image":{"@id":"https:\/\/janeke1830.it\/#\/schema\/logo\/image\/"},"sameAs":["https:\/\/www.facebook.com\/janeke1830","https:\/\/www.instagram.com\/janeke1830official","https:\/\/www.linkedin.com\/company\/giorgio-janeke-s-r-l-\/"]}]}},"_links":{"self":[{"href":"https:\/\/janeke1830.it\/fr\/wp-json\/wp\/v2\/product\/4039","targetHints":{"allow":["GET"]}}],"collection":[{"href":"https:\/\/janeke1830.it\/fr\/wp-json\/wp\/v2\/product"}],"about":[{"href":"https:\/\/janeke1830.it\/fr\/wp-json\/wp\/v2\/types\/product"}],"replies":[{"embeddable":true,"href":"https:\/\/janeke1830.it\/fr\/wp-json\/wp\/v2\/comments?post=4039"}],"wp:featuredmedia":[{"embeddable":true,"href":"https:\/\/janeke1830.it\/fr\/wp-json\/wp\/v2\/media\/4040"}],"wp:attachment":[{"href":"https:\/\/janeke1830.it\/fr\/wp-json\/wp\/v2\/media?parent=4039"}],"wp:term":[{"taxonomy":"product_brand","embeddable":true,"href":"https:\/\/janeke1830.it\/fr\/wp-json\/wp\/v2\/product_brand?post=4039"},{"taxonomy":"product_cat","embeddable":true,"href":"https:\/\/janeke1830.it\/fr\/wp-json\/wp\/v2\/product_cat?post=4039"},{"taxonomy":"product_tag","embeddable":true,"href":"https:\/\/janeke1830.it\/fr\/wp-json\/wp\/v2\/product_tag?post=4039"}],"curies":[{"name":"wp","href":"https:\/\/api.w.org\/{rel}","templated":true}]}}