{"id":3978,"date":"2026-01-01T18:08:02","date_gmt":"2026-01-01T17:08:02","guid":{"rendered":"https:\/\/janeke1830.it\/prodotto\/pomme-brush\/"},"modified":"2026-02-10T11:40:37","modified_gmt":"2026-02-10T10:40:37","slug":"pomme-brush","status":"publish","type":"product","link":"https:\/\/janeke1830.it\/fr\/prodotto\/pomme-brush\/","title":{"rendered":"Pomme Brush"},"content":{"rendered":"","protected":false},"excerpt":{"rendered":"<p>La <strong>Brosse Pomme Janeke<\/strong> est une brosse compacte et fonctionnelle, parfaite \u00e0 emporter partout dans son sac. Sa forme de \u00ab pomme \u00bb allie esth\u00e9tique et praticit\u00e9, tandis que ses poils souples d\u00e9m\u00ealent d\u00e9licatement les cheveux sans les casser. <\/p>\n<p>\u00c9quip\u00e9e d&rsquo;un miroir int\u00e9gr\u00e9, elle permet de v\u00e9rifier sa coiffure \u00e0 tout moment de la journ\u00e9e. \u00c9l\u00e9gante, maniable et r\u00e9sistante, c&rsquo;est l&rsquo;accessoire id\u00e9al pour un coiffage rapide et le soin quotidien des cheveux, avec la qualit\u00e9 et le style distinctifs de la marque Janeke. <\/p>\n","protected":false},"featured_media":3979,"comment_status":"closed","ping_status":"closed","template":"","meta":[],"product_brand":[811],"product_cat":[208],"product_tag":[449],"class_list":{"0":"post-3978","1":"product","2":"type-product","3":"status-publish","4":"has-post-thumbnail","6":"product_brand-everyday","7":"product_cat-brosses","8":"product_tag-obs","10":"first","11":"instock","12":"shipping-taxable","13":"purchasable","14":"product-type-variable","15":"wvs-archive-product-wrapper"},"yoast_head":"<!-- This site is optimized with the Yoast SEO plugin v27.1.1 - https:\/\/yoast.com\/product\/yoast-seo-wordpress\/ -->\n<title>J\u00e4neke Pomme Brush - Compact avec miroir<\/title>\n<meta name=\"description\" content=\"D\u00e9m\u00ealez et contr\u00f4lez votre look n&#039;importe o\u00f9 avec la brosse J\u00e4neke Pomme. Compact, fonctionnel et avec miroir int\u00e9gr\u00e9. Ajoutez-le \u00e0 votre panier !\" \/>\n<meta name=\"robots\" content=\"index, follow, max-snippet:-1, max-image-preview:large, max-video-preview:-1\" \/>\n<link rel=\"canonical\" href=\"https:\/\/janeke1830.it\/fr\/prodotto\/pomme-brush\/\" \/>\n<meta property=\"og:locale\" content=\"fr_FR\" \/>\n<meta property=\"og:type\" content=\"article\" \/>\n<meta property=\"og:title\" content=\"J\u00e4neke Pomme Brush - Compact avec miroir\" \/>\n<meta property=\"og:description\" content=\"D\u00e9m\u00ealez et contr\u00f4lez votre look n&#039;importe o\u00f9 avec la brosse J\u00e4neke Pomme. Compact, fonctionnel et avec miroir int\u00e9gr\u00e9. Ajoutez-le \u00e0 votre panier !\" \/>\n<meta property=\"og:url\" content=\"https:\/\/janeke1830.it\/fr\/prodotto\/pomme-brush\/\" \/>\n<meta property=\"og:site_name\" content=\"J\u00e4neke\" \/>\n<meta property=\"article:publisher\" content=\"https:\/\/www.facebook.com\/janeke1830\" \/>\n<meta property=\"article:modified_time\" content=\"2026-02-10T10:40:37+00:00\" \/>\n<meta property=\"og:image\" content=\"https:\/\/janeke1830.it\/wp-content\/uploads\/2025\/12\/71SP228NER-cover.png\" \/>\n\t<meta property=\"og:image:width\" content=\"800\" \/>\n\t<meta property=\"og:image:height\" content=\"800\" \/>\n\t<meta property=\"og:image:type\" content=\"image\/png\" \/>\n<meta name=\"twitter:card\" content=\"summary_large_image\" \/>\n<script type=\"application\/ld+json\" class=\"yoast-schema-graph\">{\"@context\":\"https:\/\/schema.org\",\"@graph\":[{\"@type\":\"WebPage\",\"@id\":\"https:\/\/janeke1830.it\/fr\/prodotto\/pomme-brush\/\",\"url\":\"https:\/\/janeke1830.it\/fr\/prodotto\/pomme-brush\/\",\"name\":\"J\u00e4neke Pomme Brush - Compact avec miroir\",\"isPartOf\":{\"@id\":\"https:\/\/janeke1830.it\/#website\"},\"primaryImageOfPage\":{\"@id\":\"https:\/\/janeke1830.it\/fr\/prodotto\/pomme-brush\/#primaryimage\"},\"image\":{\"@id\":\"https:\/\/janeke1830.it\/fr\/prodotto\/pomme-brush\/#primaryimage\"},\"thumbnailUrl\":\"https:\/\/janeke1830.it\/wp-content\/uploads\/2025\/12\/71SP228NER-cover.png\",\"datePublished\":\"2026-01-01T17:08:02+00:00\",\"dateModified\":\"2026-02-10T10:40:37+00:00\",\"description\":\"D\u00e9m\u00ealez et contr\u00f4lez votre look n'importe o\u00f9 avec la brosse J\u00e4neke Pomme. Compact, fonctionnel et avec miroir int\u00e9gr\u00e9. Ajoutez-le \u00e0 votre panier !\",\"breadcrumb\":{\"@id\":\"https:\/\/janeke1830.it\/fr\/prodotto\/pomme-brush\/#breadcrumb\"},\"inLanguage\":\"fr-FR\",\"potentialAction\":[{\"@type\":\"ReadAction\",\"target\":[\"https:\/\/janeke1830.it\/fr\/prodotto\/pomme-brush\/\"]}]},{\"@type\":\"ImageObject\",\"inLanguage\":\"fr-FR\",\"@id\":\"https:\/\/janeke1830.it\/fr\/prodotto\/pomme-brush\/#primaryimage\",\"url\":\"https:\/\/janeke1830.it\/wp-content\/uploads\/2025\/12\/71SP228NER-cover.png\",\"contentUrl\":\"https:\/\/janeke1830.it\/wp-content\/uploads\/2025\/12\/71SP228NER-cover.png\",\"width\":800,\"height\":800},{\"@type\":\"BreadcrumbList\",\"@id\":\"https:\/\/janeke1830.it\/fr\/prodotto\/pomme-brush\/#breadcrumb\",\"itemListElement\":[{\"@type\":\"ListItem\",\"position\":1,\"name\":\"Home\",\"item\":\"https:\/\/janeke1830.it\/\"},{\"@type\":\"ListItem\",\"position\":2,\"name\":\"Boutique\",\"item\":\"https:\/\/janeke1830.it\/fr\/boutique\/\"},{\"@type\":\"ListItem\",\"position\":3,\"name\":\"Pomme Brush\"}]},{\"@type\":\"WebSite\",\"@id\":\"https:\/\/janeke1830.it\/#website\",\"url\":\"https:\/\/janeke1830.it\/\",\"name\":\"J\u00e4neke 1830\",\"description\":\"\",\"publisher\":{\"@id\":\"https:\/\/janeke1830.it\/#organization\"},\"potentialAction\":[{\"@type\":\"SearchAction\",\"target\":{\"@type\":\"EntryPoint\",\"urlTemplate\":\"https:\/\/janeke1830.it\/?s={search_term_string}\"},\"query-input\":{\"@type\":\"PropertyValueSpecification\",\"valueRequired\":true,\"valueName\":\"search_term_string\"}}],\"inLanguage\":\"fr-FR\"},{\"@type\":\"Organization\",\"@id\":\"https:\/\/janeke1830.it\/#organization\",\"name\":\"J\u00e4neke 1830\",\"url\":\"https:\/\/janeke1830.it\/\",\"logo\":{\"@type\":\"ImageObject\",\"inLanguage\":\"fr-FR\",\"@id\":\"https:\/\/janeke1830.it\/#\/schema\/logo\/image\/\",\"url\":\"https:\/\/janeke1830.it\/wp-content\/uploads\/2025\/12\/logo-nero-janeke.png\",\"contentUrl\":\"https:\/\/janeke1830.it\/wp-content\/uploads\/2025\/12\/logo-nero-janeke.png\",\"width\":1824,\"height\":829,\"caption\":\"J\u00e4neke 1830\"},\"image\":{\"@id\":\"https:\/\/janeke1830.it\/#\/schema\/logo\/image\/\"},\"sameAs\":[\"https:\/\/www.facebook.com\/janeke1830\",\"https:\/\/www.instagram.com\/janeke1830official\",\"https:\/\/www.linkedin.com\/company\/giorgio-janeke-s-r-l-\/\"]}]}<\/script>\n<!-- \/ Yoast SEO plugin. -->","yoast_head_json":{"title":"J\u00e4neke Pomme Brush - Compact avec miroir","description":"D\u00e9m\u00ealez et contr\u00f4lez votre look n'importe o\u00f9 avec la brosse J\u00e4neke Pomme. Compact, fonctionnel et avec miroir int\u00e9gr\u00e9. Ajoutez-le \u00e0 votre panier !","robots":{"index":"index","follow":"follow","max-snippet":"max-snippet:-1","max-image-preview":"max-image-preview:large","max-video-preview":"max-video-preview:-1"},"canonical":"https:\/\/janeke1830.it\/fr\/prodotto\/pomme-brush\/","og_locale":"fr_FR","og_type":"article","og_title":"J\u00e4neke Pomme Brush - Compact avec miroir","og_description":"D\u00e9m\u00ealez et contr\u00f4lez votre look n'importe o\u00f9 avec la brosse J\u00e4neke Pomme. Compact, fonctionnel et avec miroir int\u00e9gr\u00e9. Ajoutez-le \u00e0 votre panier !","og_url":"https:\/\/janeke1830.it\/fr\/prodotto\/pomme-brush\/","og_site_name":"J\u00e4neke","article_publisher":"https:\/\/www.facebook.com\/janeke1830","article_modified_time":"2026-02-10T10:40:37+00:00","og_image":[{"width":800,"height":800,"url":"https:\/\/janeke1830.it\/wp-content\/uploads\/2025\/12\/71SP228NER-cover.png","type":"image\/png"}],"twitter_card":"summary_large_image","schema":{"@context":"https:\/\/schema.org","@graph":[{"@type":"WebPage","@id":"https:\/\/janeke1830.it\/fr\/prodotto\/pomme-brush\/","url":"https:\/\/janeke1830.it\/fr\/prodotto\/pomme-brush\/","name":"J\u00e4neke Pomme Brush - Compact avec miroir","isPartOf":{"@id":"https:\/\/janeke1830.it\/#website"},"primaryImageOfPage":{"@id":"https:\/\/janeke1830.it\/fr\/prodotto\/pomme-brush\/#primaryimage"},"image":{"@id":"https:\/\/janeke1830.it\/fr\/prodotto\/pomme-brush\/#primaryimage"},"thumbnailUrl":"https:\/\/janeke1830.it\/wp-content\/uploads\/2025\/12\/71SP228NER-cover.png","datePublished":"2026-01-01T17:08:02+00:00","dateModified":"2026-02-10T10:40:37+00:00","description":"D\u00e9m\u00ealez et contr\u00f4lez votre look n'importe o\u00f9 avec la brosse J\u00e4neke Pomme. Compact, fonctionnel et avec miroir int\u00e9gr\u00e9. Ajoutez-le \u00e0 votre panier !","breadcrumb":{"@id":"https:\/\/janeke1830.it\/fr\/prodotto\/pomme-brush\/#breadcrumb"},"inLanguage":"fr-FR","potentialAction":[{"@type":"ReadAction","target":["https:\/\/janeke1830.it\/fr\/prodotto\/pomme-brush\/"]}]},{"@type":"ImageObject","inLanguage":"fr-FR","@id":"https:\/\/janeke1830.it\/fr\/prodotto\/pomme-brush\/#primaryimage","url":"https:\/\/janeke1830.it\/wp-content\/uploads\/2025\/12\/71SP228NER-cover.png","contentUrl":"https:\/\/janeke1830.it\/wp-content\/uploads\/2025\/12\/71SP228NER-cover.png","width":800,"height":800},{"@type":"BreadcrumbList","@id":"https:\/\/janeke1830.it\/fr\/prodotto\/pomme-brush\/#breadcrumb","itemListElement":[{"@type":"ListItem","position":1,"name":"Home","item":"https:\/\/janeke1830.it\/"},{"@type":"ListItem","position":2,"name":"Boutique","item":"https:\/\/janeke1830.it\/fr\/boutique\/"},{"@type":"ListItem","position":3,"name":"Pomme Brush"}]},{"@type":"WebSite","@id":"https:\/\/janeke1830.it\/#website","url":"https:\/\/janeke1830.it\/","name":"J\u00e4neke 1830","description":"","publisher":{"@id":"https:\/\/janeke1830.it\/#organization"},"potentialAction":[{"@type":"SearchAction","target":{"@type":"EntryPoint","urlTemplate":"https:\/\/janeke1830.it\/?s={search_term_string}"},"query-input":{"@type":"PropertyValueSpecification","valueRequired":true,"valueName":"search_term_string"}}],"inLanguage":"fr-FR"},{"@type":"Organization","@id":"https:\/\/janeke1830.it\/#organization","name":"J\u00e4neke 1830","url":"https:\/\/janeke1830.it\/","logo":{"@type":"ImageObject","inLanguage":"fr-FR","@id":"https:\/\/janeke1830.it\/#\/schema\/logo\/image\/","url":"https:\/\/janeke1830.it\/wp-content\/uploads\/2025\/12\/logo-nero-janeke.png","contentUrl":"https:\/\/janeke1830.it\/wp-content\/uploads\/2025\/12\/logo-nero-janeke.png","width":1824,"height":829,"caption":"J\u00e4neke 1830"},"image":{"@id":"https:\/\/janeke1830.it\/#\/schema\/logo\/image\/"},"sameAs":["https:\/\/www.facebook.com\/janeke1830","https:\/\/www.instagram.com\/janeke1830official","https:\/\/www.linkedin.com\/company\/giorgio-janeke-s-r-l-\/"]}]}},"_links":{"self":[{"href":"https:\/\/janeke1830.it\/fr\/wp-json\/wp\/v2\/product\/3978","targetHints":{"allow":["GET"]}}],"collection":[{"href":"https:\/\/janeke1830.it\/fr\/wp-json\/wp\/v2\/product"}],"about":[{"href":"https:\/\/janeke1830.it\/fr\/wp-json\/wp\/v2\/types\/product"}],"replies":[{"embeddable":true,"href":"https:\/\/janeke1830.it\/fr\/wp-json\/wp\/v2\/comments?post=3978"}],"wp:featuredmedia":[{"embeddable":true,"href":"https:\/\/janeke1830.it\/fr\/wp-json\/wp\/v2\/media\/3979"}],"wp:attachment":[{"href":"https:\/\/janeke1830.it\/fr\/wp-json\/wp\/v2\/media?parent=3978"}],"wp:term":[{"taxonomy":"product_brand","embeddable":true,"href":"https:\/\/janeke1830.it\/fr\/wp-json\/wp\/v2\/product_brand?post=3978"},{"taxonomy":"product_cat","embeddable":true,"href":"https:\/\/janeke1830.it\/fr\/wp-json\/wp\/v2\/product_cat?post=3978"},{"taxonomy":"product_tag","embeddable":true,"href":"https:\/\/janeke1830.it\/fr\/wp-json\/wp\/v2\/product_tag?post=3978"}],"curies":[{"name":"wp","href":"https:\/\/api.w.org\/{rel}","templated":true}]}}