{"id":3963,"date":"2026-01-02T11:54:38","date_gmt":"2026-01-02T10:54:38","guid":{"rendered":"https:\/\/janeke1830.it\/prodotto\/brosse-hexagonale-en-bois-noir-brosse-avec-ramasse-meches\/"},"modified":"2026-02-10T14:41:10","modified_gmt":"2026-02-10T13:41:10","slug":"brosse-hexagonale-en-bois-noir-brosse-avec-ramasse-meches","status":"publish","type":"product","link":"https:\/\/janeke1830.it\/fr\/prodotto\/brosse-hexagonale-en-bois-noir-brosse-avec-ramasse-meches\/","title":{"rendered":"Brosse hexagonale en bois noir bross\u00e9 avec ramasse-m\u00e8ches"},"content":{"rendered":"","protected":false},"excerpt":{"rendered":"<p>Brosse en bois noir bross\u00e9, poils de sanglier pour massage.<\/p>\n<p>Recommand\u00e9e pour un coiffage doux ou un effet lisse sur cheveux tendant \u00e0 \u00eatre cr\u00e9pus. La double brosse, naturelle et en nylon, permet de brosser et d\u00e9m\u00ealer les cheveux avec un effet massage. La pointe amovible se fixe \u00e0 l&rsquo;extr\u00e9mit\u00e9 du manche et cr\u00e9e une queue utile pour tracer les sections de cheveux lors du s\u00e9chage.  <\/p>\n<p>&nbsp;<\/p>\n","protected":false},"featured_media":3964,"comment_status":"closed","ping_status":"closed","template":"","meta":[],"product_brand":[824],"product_cat":[208],"product_tag":[699],"class_list":{"0":"post-3963","1":"product","2":"type-product","3":"status-publish","4":"has-post-thumbnail","6":"product_brand-professional","7":"product_cat-brosses","8":"product_tag-brosses-professionnelles","10":"first","11":"instock","12":"shipping-taxable","13":"purchasable","14":"product-type-variable","15":"wvs-archive-product-wrapper"},"yoast_head":"<!-- This site is optimized with the Yoast SEO plugin v27.1.1 - https:\/\/yoast.com\/product\/yoast-seo-wordpress\/ -->\n<title>Brosse \u00e0 cheveux hexagonale en bois noir - J\u00e4neke<\/title>\n<meta name=\"description\" content=\"Lissez les frisottis et les m\u00e8ches fourchues avec la brosse hexagonale en bois noir de J\u00e4neke. Poils m\u00e9lang\u00e9s. Achetez-la maintenant !\" \/>\n<meta name=\"robots\" content=\"index, follow, max-snippet:-1, max-image-preview:large, max-video-preview:-1\" \/>\n<link rel=\"canonical\" href=\"https:\/\/janeke1830.it\/fr\/prodotto\/brosse-hexagonale-en-bois-noir-brosse-avec-ramasse-meches\/\" \/>\n<meta property=\"og:locale\" content=\"fr_FR\" \/>\n<meta property=\"og:type\" content=\"article\" \/>\n<meta property=\"og:title\" content=\"Brosse \u00e0 cheveux hexagonale en bois noir - J\u00e4neke\" \/>\n<meta property=\"og:description\" content=\"Lissez les frisottis et les m\u00e8ches fourchues avec la brosse hexagonale en bois noir de J\u00e4neke. Poils m\u00e9lang\u00e9s. Achetez-la maintenant !\" \/>\n<meta property=\"og:url\" content=\"https:\/\/janeke1830.it\/fr\/prodotto\/brosse-hexagonale-en-bois-noir-brosse-avec-ramasse-meches\/\" \/>\n<meta property=\"og:site_name\" content=\"J\u00e4neke\" \/>\n<meta property=\"article:publisher\" content=\"https:\/\/www.facebook.com\/janeke1830\" \/>\n<meta property=\"article:modified_time\" content=\"2026-02-10T13:41:10+00:00\" \/>\n<meta property=\"og:image\" content=\"https:\/\/janeke1830.it\/wp-content\/uploads\/2026\/01\/SP89NM.R.png\" \/>\n\t<meta property=\"og:image:width\" content=\"1024\" \/>\n\t<meta property=\"og:image:height\" content=\"1024\" \/>\n\t<meta property=\"og:image:type\" content=\"image\/png\" \/>\n<meta name=\"twitter:card\" content=\"summary_large_image\" \/>\n<script type=\"application\/ld+json\" class=\"yoast-schema-graph\">{\"@context\":\"https:\/\/schema.org\",\"@graph\":[{\"@type\":\"WebPage\",\"@id\":\"https:\/\/janeke1830.it\/fr\/prodotto\/brosse-hexagonale-en-bois-noir-brosse-avec-ramasse-meches\/\",\"url\":\"https:\/\/janeke1830.it\/fr\/prodotto\/brosse-hexagonale-en-bois-noir-brosse-avec-ramasse-meches\/\",\"name\":\"Brosse \u00e0 cheveux hexagonale en bois noir - J\u00e4neke\",\"isPartOf\":{\"@id\":\"https:\/\/janeke1830.it\/#website\"},\"primaryImageOfPage\":{\"@id\":\"https:\/\/janeke1830.it\/fr\/prodotto\/brosse-hexagonale-en-bois-noir-brosse-avec-ramasse-meches\/#primaryimage\"},\"image\":{\"@id\":\"https:\/\/janeke1830.it\/fr\/prodotto\/brosse-hexagonale-en-bois-noir-brosse-avec-ramasse-meches\/#primaryimage\"},\"thumbnailUrl\":\"https:\/\/janeke1830.it\/wp-content\/uploads\/2026\/01\/spazzola-esagonale-legno-55mm-sp89nm.r.png\",\"datePublished\":\"2026-01-02T10:54:38+00:00\",\"dateModified\":\"2026-02-10T13:41:10+00:00\",\"description\":\"Lissez les frisottis et les m\u00e8ches fourchues avec la brosse hexagonale en bois noir de J\u00e4neke. Poils m\u00e9lang\u00e9s. Achetez-la maintenant !\",\"breadcrumb\":{\"@id\":\"https:\/\/janeke1830.it\/fr\/prodotto\/brosse-hexagonale-en-bois-noir-brosse-avec-ramasse-meches\/#breadcrumb\"},\"inLanguage\":\"fr-FR\",\"potentialAction\":[{\"@type\":\"ReadAction\",\"target\":[\"https:\/\/janeke1830.it\/fr\/prodotto\/brosse-hexagonale-en-bois-noir-brosse-avec-ramasse-meches\/\"]}]},{\"@type\":\"ImageObject\",\"inLanguage\":\"fr-FR\",\"@id\":\"https:\/\/janeke1830.it\/fr\/prodotto\/brosse-hexagonale-en-bois-noir-brosse-avec-ramasse-meches\/#primaryimage\",\"url\":\"https:\/\/janeke1830.it\/wp-content\/uploads\/2026\/01\/spazzola-esagonale-legno-55mm-sp89nm.r.png\",\"contentUrl\":\"https:\/\/janeke1830.it\/wp-content\/uploads\/2026\/01\/spazzola-esagonale-legno-55mm-sp89nm.r.png\",\"width\":1024,\"height\":1024,\"caption\":\"Spazzola esagonale legno 55mm J\u00e4neke nera massaggio cinghiale districante\"},{\"@type\":\"BreadcrumbList\",\"@id\":\"https:\/\/janeke1830.it\/fr\/prodotto\/brosse-hexagonale-en-bois-noir-brosse-avec-ramasse-meches\/#breadcrumb\",\"itemListElement\":[{\"@type\":\"ListItem\",\"position\":1,\"name\":\"Home\",\"item\":\"https:\/\/janeke1830.it\/\"},{\"@type\":\"ListItem\",\"position\":2,\"name\":\"Boutique\",\"item\":\"https:\/\/janeke1830.it\/fr\/boutique\/\"},{\"@type\":\"ListItem\",\"position\":3,\"name\":\"Brosse hexagonale en bois noir bross\u00e9 avec ramasse-m\u00e8ches\"}]},{\"@type\":\"WebSite\",\"@id\":\"https:\/\/janeke1830.it\/#website\",\"url\":\"https:\/\/janeke1830.it\/\",\"name\":\"J\u00e4neke 1830\",\"description\":\"\",\"publisher\":{\"@id\":\"https:\/\/janeke1830.it\/#organization\"},\"potentialAction\":[{\"@type\":\"SearchAction\",\"target\":{\"@type\":\"EntryPoint\",\"urlTemplate\":\"https:\/\/janeke1830.it\/?s={search_term_string}\"},\"query-input\":{\"@type\":\"PropertyValueSpecification\",\"valueRequired\":true,\"valueName\":\"search_term_string\"}}],\"inLanguage\":\"fr-FR\"},{\"@type\":\"Organization\",\"@id\":\"https:\/\/janeke1830.it\/#organization\",\"name\":\"J\u00e4neke 1830\",\"url\":\"https:\/\/janeke1830.it\/\",\"logo\":{\"@type\":\"ImageObject\",\"inLanguage\":\"fr-FR\",\"@id\":\"https:\/\/janeke1830.it\/#\/schema\/logo\/image\/\",\"url\":\"https:\/\/janeke1830.it\/wp-content\/uploads\/2025\/12\/logo-nero-janeke.png\",\"contentUrl\":\"https:\/\/janeke1830.it\/wp-content\/uploads\/2025\/12\/logo-nero-janeke.png\",\"width\":1824,\"height\":829,\"caption\":\"J\u00e4neke 1830\"},\"image\":{\"@id\":\"https:\/\/janeke1830.it\/#\/schema\/logo\/image\/\"},\"sameAs\":[\"https:\/\/www.facebook.com\/janeke1830\",\"https:\/\/www.instagram.com\/janeke1830official\",\"https:\/\/www.linkedin.com\/company\/giorgio-janeke-s-r-l-\/\"]}]}<\/script>\n<!-- \/ Yoast SEO plugin. -->","yoast_head_json":{"title":"Brosse \u00e0 cheveux hexagonale en bois noir - J\u00e4neke","description":"Lissez les frisottis et les m\u00e8ches fourchues avec la brosse hexagonale en bois noir de J\u00e4neke. Poils m\u00e9lang\u00e9s. Achetez-la maintenant !","robots":{"index":"index","follow":"follow","max-snippet":"max-snippet:-1","max-image-preview":"max-image-preview:large","max-video-preview":"max-video-preview:-1"},"canonical":"https:\/\/janeke1830.it\/fr\/prodotto\/brosse-hexagonale-en-bois-noir-brosse-avec-ramasse-meches\/","og_locale":"fr_FR","og_type":"article","og_title":"Brosse \u00e0 cheveux hexagonale en bois noir - J\u00e4neke","og_description":"Lissez les frisottis et les m\u00e8ches fourchues avec la brosse hexagonale en bois noir de J\u00e4neke. Poils m\u00e9lang\u00e9s. Achetez-la maintenant !","og_url":"https:\/\/janeke1830.it\/fr\/prodotto\/brosse-hexagonale-en-bois-noir-brosse-avec-ramasse-meches\/","og_site_name":"J\u00e4neke","article_publisher":"https:\/\/www.facebook.com\/janeke1830","article_modified_time":"2026-02-10T13:41:10+00:00","og_image":[{"width":1024,"height":1024,"url":"https:\/\/janeke1830.it\/wp-content\/uploads\/2026\/01\/SP89NM.R.png","type":"image\/png"}],"twitter_card":"summary_large_image","schema":{"@context":"https:\/\/schema.org","@graph":[{"@type":"WebPage","@id":"https:\/\/janeke1830.it\/fr\/prodotto\/brosse-hexagonale-en-bois-noir-brosse-avec-ramasse-meches\/","url":"https:\/\/janeke1830.it\/fr\/prodotto\/brosse-hexagonale-en-bois-noir-brosse-avec-ramasse-meches\/","name":"Brosse \u00e0 cheveux hexagonale en bois noir - J\u00e4neke","isPartOf":{"@id":"https:\/\/janeke1830.it\/#website"},"primaryImageOfPage":{"@id":"https:\/\/janeke1830.it\/fr\/prodotto\/brosse-hexagonale-en-bois-noir-brosse-avec-ramasse-meches\/#primaryimage"},"image":{"@id":"https:\/\/janeke1830.it\/fr\/prodotto\/brosse-hexagonale-en-bois-noir-brosse-avec-ramasse-meches\/#primaryimage"},"thumbnailUrl":"https:\/\/janeke1830.it\/wp-content\/uploads\/2026\/01\/spazzola-esagonale-legno-55mm-sp89nm.r.png","datePublished":"2026-01-02T10:54:38+00:00","dateModified":"2026-02-10T13:41:10+00:00","description":"Lissez les frisottis et les m\u00e8ches fourchues avec la brosse hexagonale en bois noir de J\u00e4neke. Poils m\u00e9lang\u00e9s. Achetez-la maintenant !","breadcrumb":{"@id":"https:\/\/janeke1830.it\/fr\/prodotto\/brosse-hexagonale-en-bois-noir-brosse-avec-ramasse-meches\/#breadcrumb"},"inLanguage":"fr-FR","potentialAction":[{"@type":"ReadAction","target":["https:\/\/janeke1830.it\/fr\/prodotto\/brosse-hexagonale-en-bois-noir-brosse-avec-ramasse-meches\/"]}]},{"@type":"ImageObject","inLanguage":"fr-FR","@id":"https:\/\/janeke1830.it\/fr\/prodotto\/brosse-hexagonale-en-bois-noir-brosse-avec-ramasse-meches\/#primaryimage","url":"https:\/\/janeke1830.it\/wp-content\/uploads\/2026\/01\/spazzola-esagonale-legno-55mm-sp89nm.r.png","contentUrl":"https:\/\/janeke1830.it\/wp-content\/uploads\/2026\/01\/spazzola-esagonale-legno-55mm-sp89nm.r.png","width":1024,"height":1024,"caption":"Spazzola esagonale legno 55mm J\u00e4neke nera massaggio cinghiale districante"},{"@type":"BreadcrumbList","@id":"https:\/\/janeke1830.it\/fr\/prodotto\/brosse-hexagonale-en-bois-noir-brosse-avec-ramasse-meches\/#breadcrumb","itemListElement":[{"@type":"ListItem","position":1,"name":"Home","item":"https:\/\/janeke1830.it\/"},{"@type":"ListItem","position":2,"name":"Boutique","item":"https:\/\/janeke1830.it\/fr\/boutique\/"},{"@type":"ListItem","position":3,"name":"Brosse hexagonale en bois noir bross\u00e9 avec ramasse-m\u00e8ches"}]},{"@type":"WebSite","@id":"https:\/\/janeke1830.it\/#website","url":"https:\/\/janeke1830.it\/","name":"J\u00e4neke 1830","description":"","publisher":{"@id":"https:\/\/janeke1830.it\/#organization"},"potentialAction":[{"@type":"SearchAction","target":{"@type":"EntryPoint","urlTemplate":"https:\/\/janeke1830.it\/?s={search_term_string}"},"query-input":{"@type":"PropertyValueSpecification","valueRequired":true,"valueName":"search_term_string"}}],"inLanguage":"fr-FR"},{"@type":"Organization","@id":"https:\/\/janeke1830.it\/#organization","name":"J\u00e4neke 1830","url":"https:\/\/janeke1830.it\/","logo":{"@type":"ImageObject","inLanguage":"fr-FR","@id":"https:\/\/janeke1830.it\/#\/schema\/logo\/image\/","url":"https:\/\/janeke1830.it\/wp-content\/uploads\/2025\/12\/logo-nero-janeke.png","contentUrl":"https:\/\/janeke1830.it\/wp-content\/uploads\/2025\/12\/logo-nero-janeke.png","width":1824,"height":829,"caption":"J\u00e4neke 1830"},"image":{"@id":"https:\/\/janeke1830.it\/#\/schema\/logo\/image\/"},"sameAs":["https:\/\/www.facebook.com\/janeke1830","https:\/\/www.instagram.com\/janeke1830official","https:\/\/www.linkedin.com\/company\/giorgio-janeke-s-r-l-\/"]}]}},"_links":{"self":[{"href":"https:\/\/janeke1830.it\/fr\/wp-json\/wp\/v2\/product\/3963","targetHints":{"allow":["GET"]}}],"collection":[{"href":"https:\/\/janeke1830.it\/fr\/wp-json\/wp\/v2\/product"}],"about":[{"href":"https:\/\/janeke1830.it\/fr\/wp-json\/wp\/v2\/types\/product"}],"replies":[{"embeddable":true,"href":"https:\/\/janeke1830.it\/fr\/wp-json\/wp\/v2\/comments?post=3963"}],"wp:featuredmedia":[{"embeddable":true,"href":"https:\/\/janeke1830.it\/fr\/wp-json\/wp\/v2\/media\/3964"}],"wp:attachment":[{"href":"https:\/\/janeke1830.it\/fr\/wp-json\/wp\/v2\/media?parent=3963"}],"wp:term":[{"taxonomy":"product_brand","embeddable":true,"href":"https:\/\/janeke1830.it\/fr\/wp-json\/wp\/v2\/product_brand?post=3963"},{"taxonomy":"product_cat","embeddable":true,"href":"https:\/\/janeke1830.it\/fr\/wp-json\/wp\/v2\/product_cat?post=3963"},{"taxonomy":"product_tag","embeddable":true,"href":"https:\/\/janeke1830.it\/fr\/wp-json\/wp\/v2\/product_tag?post=3963"}],"curies":[{"name":"wp","href":"https:\/\/api.w.org\/{rel}","templated":true}]}}