{"id":3946,"date":"2026-01-02T19:35:26","date_gmt":"2026-01-02T18:35:26","guid":{"rendered":"https:\/\/janeke1830.it\/prodotto\/brosse-superbrush-corne\/"},"modified":"2026-02-05T15:49:57","modified_gmt":"2026-02-05T14:49:57","slug":"brosse-superbrush-corne","status":"publish","type":"product","link":"https:\/\/janeke1830.it\/fr\/prodotto\/brosse-superbrush-corne\/","title":{"rendered":"Superbrush Horn"},"content":{"rendered":"","protected":false},"excerpt":{"rendered":"<p>Brosse rectangulaire \u00e0 picots souples<br \/>\n<em>20,3&#215;8,5&#215;3,1cm<\/em><\/p>\n<p>Brosse professionnelle \u00e0 picots souples moul\u00e9s, base alv\u00e9ol\u00e9e en nid d&rsquo;abeille id\u00e9ale sous l&rsquo;eau pour le coiffage lors de l&rsquo;application du masque ou de l&rsquo;apr\u00e8s-shampooing. D\u00e9m\u00eale sans arracher les cheveux. Sa base alv\u00e9ol\u00e9e r\u00e9duit le temps de s\u00e9chage. L\u00e9g\u00e8re et maniable.   <\/p>\n","protected":false},"featured_media":3947,"comment_status":"closed","ping_status":"closed","template":"","meta":[],"product_brand":[824,823],"product_cat":[208],"product_tag":[699,423],"class_list":{"0":"post-3946","1":"product","2":"type-product","3":"status-publish","4":"has-post-thumbnail","6":"product_brand-professional","7":"product_brand-superbrush","8":"product_cat-brosses","9":"product_tag-brosses-professionnelles","10":"product_tag-superbrush","12":"first","13":"instock","14":"shipping-taxable","15":"purchasable","16":"product-type-simple"},"yoast_head":"<!-- This site is optimized with the Yoast SEO plugin v27.1.1 - https:\/\/yoast.com\/product\/yoast-seo-wordpress\/ -->\n<title>J\u00e4neke Horn Superbrush - Ventil\u00e9e et d\u00e9m\u00ealante<\/title>\n<meta name=\"description\" content=\"La Superbrush J\u00e4neke Horn d\u00e9m\u00eale les n\u0153uds sous l&#039;eau et acc\u00e9l\u00e8re le s\u00e9chage. Base alv\u00e9ol\u00e9e l\u00e9g\u00e8re et \u00e9l\u00e9gante. \u00c0 d\u00e9couvrir sans tarder !\" \/>\n<meta name=\"robots\" content=\"index, follow, max-snippet:-1, max-image-preview:large, max-video-preview:-1\" \/>\n<link rel=\"canonical\" href=\"https:\/\/janeke1830.it\/fr\/prodotto\/brosse-superbrush-corne\/\" \/>\n<meta property=\"og:locale\" content=\"fr_FR\" \/>\n<meta property=\"og:type\" content=\"article\" \/>\n<meta property=\"og:title\" content=\"J\u00e4neke Horn Superbrush - Ventil\u00e9e et d\u00e9m\u00ealante\" \/>\n<meta property=\"og:description\" content=\"La Superbrush J\u00e4neke Horn d\u00e9m\u00eale les n\u0153uds sous l&#039;eau et acc\u00e9l\u00e8re le s\u00e9chage. Base alv\u00e9ol\u00e9e l\u00e9g\u00e8re et \u00e9l\u00e9gante. \u00c0 d\u00e9couvrir sans tarder !\" \/>\n<meta property=\"og:url\" content=\"https:\/\/janeke1830.it\/fr\/prodotto\/brosse-superbrush-corne\/\" \/>\n<meta property=\"og:site_name\" content=\"J\u00e4neke\" \/>\n<meta property=\"article:publisher\" content=\"https:\/\/www.facebook.com\/janeke1830\" \/>\n<meta property=\"article:modified_time\" content=\"2026-02-05T14:49:57+00:00\" \/>\n<meta property=\"og:image\" content=\"https:\/\/janeke1830.it\/wp-content\/uploads\/2026\/01\/SP226CRN.png\" \/>\n\t<meta property=\"og:image:width\" content=\"1024\" \/>\n\t<meta property=\"og:image:height\" content=\"1024\" \/>\n\t<meta property=\"og:image:type\" content=\"image\/png\" \/>\n<meta name=\"twitter:card\" content=\"summary_large_image\" \/>\n<script type=\"application\/ld+json\" class=\"yoast-schema-graph\">{\"@context\":\"https:\/\/schema.org\",\"@graph\":[{\"@type\":\"WebPage\",\"@id\":\"https:\/\/janeke1830.it\/fr\/prodotto\/brosse-superbrush-corne\/\",\"url\":\"https:\/\/janeke1830.it\/fr\/prodotto\/brosse-superbrush-corne\/\",\"name\":\"J\u00e4neke Horn Superbrush - Ventil\u00e9e et d\u00e9m\u00ealante\",\"isPartOf\":{\"@id\":\"https:\/\/janeke1830.it\/#website\"},\"primaryImageOfPage\":{\"@id\":\"https:\/\/janeke1830.it\/fr\/prodotto\/brosse-superbrush-corne\/#primaryimage\"},\"image\":{\"@id\":\"https:\/\/janeke1830.it\/fr\/prodotto\/brosse-superbrush-corne\/#primaryimage\"},\"thumbnailUrl\":\"https:\/\/janeke1830.it\/wp-content\/uploads\/2026\/01\/spazzola-superbrush-corno-sp226crn.png\",\"datePublished\":\"2026-01-02T18:35:26+00:00\",\"dateModified\":\"2026-02-05T14:49:57+00:00\",\"description\":\"La Superbrush J\u00e4neke Horn d\u00e9m\u00eale les n\u0153uds sous l'eau et acc\u00e9l\u00e8re le s\u00e9chage. Base alv\u00e9ol\u00e9e l\u00e9g\u00e8re et \u00e9l\u00e9gante. \u00c0 d\u00e9couvrir sans tarder !\",\"breadcrumb\":{\"@id\":\"https:\/\/janeke1830.it\/fr\/prodotto\/brosse-superbrush-corne\/#breadcrumb\"},\"inLanguage\":\"fr-FR\",\"potentialAction\":[{\"@type\":\"ReadAction\",\"target\":[\"https:\/\/janeke1830.it\/fr\/prodotto\/brosse-superbrush-corne\/\"]}]},{\"@type\":\"ImageObject\",\"inLanguage\":\"fr-FR\",\"@id\":\"https:\/\/janeke1830.it\/fr\/prodotto\/brosse-superbrush-corne\/#primaryimage\",\"url\":\"https:\/\/janeke1830.it\/wp-content\/uploads\/2026\/01\/spazzola-superbrush-corno-sp226crn.png\",\"contentUrl\":\"https:\/\/janeke1830.it\/wp-content\/uploads\/2026\/01\/spazzola-superbrush-corno-sp226crn.png\",\"width\":1024,\"height\":1024,\"caption\":\"Spazzola Superbrush corno J\u00e4neke professionale districante e anti-strappo\"},{\"@type\":\"BreadcrumbList\",\"@id\":\"https:\/\/janeke1830.it\/fr\/prodotto\/brosse-superbrush-corne\/#breadcrumb\",\"itemListElement\":[{\"@type\":\"ListItem\",\"position\":1,\"name\":\"Home\",\"item\":\"https:\/\/janeke1830.it\/\"},{\"@type\":\"ListItem\",\"position\":2,\"name\":\"Boutique\",\"item\":\"https:\/\/janeke1830.it\/fr\/boutique\/\"},{\"@type\":\"ListItem\",\"position\":3,\"name\":\"Superbrush Horn\"}]},{\"@type\":\"WebSite\",\"@id\":\"https:\/\/janeke1830.it\/#website\",\"url\":\"https:\/\/janeke1830.it\/\",\"name\":\"J\u00e4neke 1830\",\"description\":\"\",\"publisher\":{\"@id\":\"https:\/\/janeke1830.it\/#organization\"},\"potentialAction\":[{\"@type\":\"SearchAction\",\"target\":{\"@type\":\"EntryPoint\",\"urlTemplate\":\"https:\/\/janeke1830.it\/?s={search_term_string}\"},\"query-input\":{\"@type\":\"PropertyValueSpecification\",\"valueRequired\":true,\"valueName\":\"search_term_string\"}}],\"inLanguage\":\"fr-FR\"},{\"@type\":\"Organization\",\"@id\":\"https:\/\/janeke1830.it\/#organization\",\"name\":\"J\u00e4neke 1830\",\"url\":\"https:\/\/janeke1830.it\/\",\"logo\":{\"@type\":\"ImageObject\",\"inLanguage\":\"fr-FR\",\"@id\":\"https:\/\/janeke1830.it\/#\/schema\/logo\/image\/\",\"url\":\"https:\/\/janeke1830.it\/wp-content\/uploads\/2025\/12\/logo-nero-janeke.png\",\"contentUrl\":\"https:\/\/janeke1830.it\/wp-content\/uploads\/2025\/12\/logo-nero-janeke.png\",\"width\":1824,\"height\":829,\"caption\":\"J\u00e4neke 1830\"},\"image\":{\"@id\":\"https:\/\/janeke1830.it\/#\/schema\/logo\/image\/\"},\"sameAs\":[\"https:\/\/www.facebook.com\/janeke1830\",\"https:\/\/www.instagram.com\/janeke1830official\",\"https:\/\/www.linkedin.com\/company\/giorgio-janeke-s-r-l-\/\"]}]}<\/script>\n<!-- \/ Yoast SEO plugin. -->","yoast_head_json":{"title":"J\u00e4neke Horn Superbrush - Ventil\u00e9e et d\u00e9m\u00ealante","description":"La Superbrush J\u00e4neke Horn d\u00e9m\u00eale les n\u0153uds sous l'eau et acc\u00e9l\u00e8re le s\u00e9chage. Base alv\u00e9ol\u00e9e l\u00e9g\u00e8re et \u00e9l\u00e9gante. \u00c0 d\u00e9couvrir sans tarder !","robots":{"index":"index","follow":"follow","max-snippet":"max-snippet:-1","max-image-preview":"max-image-preview:large","max-video-preview":"max-video-preview:-1"},"canonical":"https:\/\/janeke1830.it\/fr\/prodotto\/brosse-superbrush-corne\/","og_locale":"fr_FR","og_type":"article","og_title":"J\u00e4neke Horn Superbrush - Ventil\u00e9e et d\u00e9m\u00ealante","og_description":"La Superbrush J\u00e4neke Horn d\u00e9m\u00eale les n\u0153uds sous l'eau et acc\u00e9l\u00e8re le s\u00e9chage. Base alv\u00e9ol\u00e9e l\u00e9g\u00e8re et \u00e9l\u00e9gante. \u00c0 d\u00e9couvrir sans tarder !","og_url":"https:\/\/janeke1830.it\/fr\/prodotto\/brosse-superbrush-corne\/","og_site_name":"J\u00e4neke","article_publisher":"https:\/\/www.facebook.com\/janeke1830","article_modified_time":"2026-02-05T14:49:57+00:00","og_image":[{"width":1024,"height":1024,"url":"https:\/\/janeke1830.it\/wp-content\/uploads\/2026\/01\/SP226CRN.png","type":"image\/png"}],"twitter_card":"summary_large_image","schema":{"@context":"https:\/\/schema.org","@graph":[{"@type":"WebPage","@id":"https:\/\/janeke1830.it\/fr\/prodotto\/brosse-superbrush-corne\/","url":"https:\/\/janeke1830.it\/fr\/prodotto\/brosse-superbrush-corne\/","name":"J\u00e4neke Horn Superbrush - Ventil\u00e9e et d\u00e9m\u00ealante","isPartOf":{"@id":"https:\/\/janeke1830.it\/#website"},"primaryImageOfPage":{"@id":"https:\/\/janeke1830.it\/fr\/prodotto\/brosse-superbrush-corne\/#primaryimage"},"image":{"@id":"https:\/\/janeke1830.it\/fr\/prodotto\/brosse-superbrush-corne\/#primaryimage"},"thumbnailUrl":"https:\/\/janeke1830.it\/wp-content\/uploads\/2026\/01\/spazzola-superbrush-corno-sp226crn.png","datePublished":"2026-01-02T18:35:26+00:00","dateModified":"2026-02-05T14:49:57+00:00","description":"La Superbrush J\u00e4neke Horn d\u00e9m\u00eale les n\u0153uds sous l'eau et acc\u00e9l\u00e8re le s\u00e9chage. Base alv\u00e9ol\u00e9e l\u00e9g\u00e8re et \u00e9l\u00e9gante. \u00c0 d\u00e9couvrir sans tarder !","breadcrumb":{"@id":"https:\/\/janeke1830.it\/fr\/prodotto\/brosse-superbrush-corne\/#breadcrumb"},"inLanguage":"fr-FR","potentialAction":[{"@type":"ReadAction","target":["https:\/\/janeke1830.it\/fr\/prodotto\/brosse-superbrush-corne\/"]}]},{"@type":"ImageObject","inLanguage":"fr-FR","@id":"https:\/\/janeke1830.it\/fr\/prodotto\/brosse-superbrush-corne\/#primaryimage","url":"https:\/\/janeke1830.it\/wp-content\/uploads\/2026\/01\/spazzola-superbrush-corno-sp226crn.png","contentUrl":"https:\/\/janeke1830.it\/wp-content\/uploads\/2026\/01\/spazzola-superbrush-corno-sp226crn.png","width":1024,"height":1024,"caption":"Spazzola Superbrush corno J\u00e4neke professionale districante e anti-strappo"},{"@type":"BreadcrumbList","@id":"https:\/\/janeke1830.it\/fr\/prodotto\/brosse-superbrush-corne\/#breadcrumb","itemListElement":[{"@type":"ListItem","position":1,"name":"Home","item":"https:\/\/janeke1830.it\/"},{"@type":"ListItem","position":2,"name":"Boutique","item":"https:\/\/janeke1830.it\/fr\/boutique\/"},{"@type":"ListItem","position":3,"name":"Superbrush Horn"}]},{"@type":"WebSite","@id":"https:\/\/janeke1830.it\/#website","url":"https:\/\/janeke1830.it\/","name":"J\u00e4neke 1830","description":"","publisher":{"@id":"https:\/\/janeke1830.it\/#organization"},"potentialAction":[{"@type":"SearchAction","target":{"@type":"EntryPoint","urlTemplate":"https:\/\/janeke1830.it\/?s={search_term_string}"},"query-input":{"@type":"PropertyValueSpecification","valueRequired":true,"valueName":"search_term_string"}}],"inLanguage":"fr-FR"},{"@type":"Organization","@id":"https:\/\/janeke1830.it\/#organization","name":"J\u00e4neke 1830","url":"https:\/\/janeke1830.it\/","logo":{"@type":"ImageObject","inLanguage":"fr-FR","@id":"https:\/\/janeke1830.it\/#\/schema\/logo\/image\/","url":"https:\/\/janeke1830.it\/wp-content\/uploads\/2025\/12\/logo-nero-janeke.png","contentUrl":"https:\/\/janeke1830.it\/wp-content\/uploads\/2025\/12\/logo-nero-janeke.png","width":1824,"height":829,"caption":"J\u00e4neke 1830"},"image":{"@id":"https:\/\/janeke1830.it\/#\/schema\/logo\/image\/"},"sameAs":["https:\/\/www.facebook.com\/janeke1830","https:\/\/www.instagram.com\/janeke1830official","https:\/\/www.linkedin.com\/company\/giorgio-janeke-s-r-l-\/"]}]}},"_links":{"self":[{"href":"https:\/\/janeke1830.it\/fr\/wp-json\/wp\/v2\/product\/3946","targetHints":{"allow":["GET"]}}],"collection":[{"href":"https:\/\/janeke1830.it\/fr\/wp-json\/wp\/v2\/product"}],"about":[{"href":"https:\/\/janeke1830.it\/fr\/wp-json\/wp\/v2\/types\/product"}],"replies":[{"embeddable":true,"href":"https:\/\/janeke1830.it\/fr\/wp-json\/wp\/v2\/comments?post=3946"}],"wp:featuredmedia":[{"embeddable":true,"href":"https:\/\/janeke1830.it\/fr\/wp-json\/wp\/v2\/media\/3947"}],"wp:attachment":[{"href":"https:\/\/janeke1830.it\/fr\/wp-json\/wp\/v2\/media?parent=3946"}],"wp:term":[{"taxonomy":"product_brand","embeddable":true,"href":"https:\/\/janeke1830.it\/fr\/wp-json\/wp\/v2\/product_brand?post=3946"},{"taxonomy":"product_cat","embeddable":true,"href":"https:\/\/janeke1830.it\/fr\/wp-json\/wp\/v2\/product_cat?post=3946"},{"taxonomy":"product_tag","embeddable":true,"href":"https:\/\/janeke1830.it\/fr\/wp-json\/wp\/v2\/product_tag?post=3946"}],"curies":[{"name":"wp","href":"https:\/\/api.w.org\/{rel}","templated":true}]}}