{"id":3886,"date":"2026-01-07T11:25:21","date_gmt":"2026-01-07T10:25:21","guid":{"rendered":"https:\/\/janeke1830.it\/prodotto\/petite-pince-a-4-dents-bordee-dor\/"},"modified":"2026-02-02T11:03:42","modified_gmt":"2026-02-02T10:03:42","slug":"petite-pince-a-4-dents-bordee-dor","status":"publish","type":"product","link":"https:\/\/janeke1830.it\/fr\/prodotto\/petite-pince-a-4-dents-bordee-dor\/","title":{"rendered":"Petite pince \u00e0 4 dents bord\u00e9e d&rsquo;or"},"content":{"rendered":"","protected":false},"excerpt":{"rendered":"<p>Compacte et raffin\u00e9e, elle fixe les cheveux avec praticit\u00e9 et \u00e9l\u00e9gance dans un format maniable. Les quatre dents bien espac\u00e9es assurent une prise d\u00e9licate mais s\u00fbre, maintenant les cheveux en ordre sans les casser. La finition dor\u00e9e ajoute une touche de style sophistiqu\u00e9, la rendant parfaite pour une utilisation quotidienne ou \u00e0 emporter dans votre sac.  <\/p>\n<p>Un accessoire indispensable qui allie confort, fonctionnalit\u00e9 et qualit\u00e9 artisanale typique de la marque Janeke.<\/p>\n","protected":false},"featured_media":3887,"comment_status":"closed","ping_status":"closed","template":"","meta":[],"product_brand":[815],"product_cat":[680],"product_tag":[681,686],"class_list":{"0":"post-3886","1":"product","2":"type-product","3":"status-publish","4":"has-post-thumbnail","6":"product_brand-luxury","7":"product_cat-accessoires-pour-cheveux","8":"product_tag-accessoires-pour-cheveux","9":"product_tag-pince","11":"first","12":"instock","13":"shipping-taxable","14":"purchasable","15":"product-type-variable","16":"wvs-archive-product-wrapper"},"yoast_head":"<!-- This site is optimized with the Yoast SEO plugin v27.1.1 - https:\/\/yoast.com\/product\/yoast-seo-wordpress\/ -->\n<title>J\u00e4neke Petite pince \u00e0 4 dents bord\u00e9e d&#039;or - compacte et chic<\/title>\n<meta name=\"description\" content=\"Id\u00e9ale pour votre sac \u00e0 main, la petite pince \u00e0 4 dents en or de J\u00e4neke allie un style sophistiqu\u00e9 \u00e0 une prise en main s\u00fbre. Commandez-la d\u00e8s maintenant !\" \/>\n<meta name=\"robots\" content=\"index, follow, max-snippet:-1, max-image-preview:large, max-video-preview:-1\" \/>\n<link rel=\"canonical\" href=\"https:\/\/janeke1830.it\/fr\/prodotto\/petite-pince-a-4-dents-bordee-dor\/\" \/>\n<meta property=\"og:locale\" content=\"fr_FR\" \/>\n<meta property=\"og:type\" content=\"article\" \/>\n<meta property=\"og:title\" content=\"J\u00e4neke Petite pince \u00e0 4 dents bord\u00e9e d&#039;or - compacte et chic\" \/>\n<meta property=\"og:description\" content=\"Id\u00e9ale pour votre sac \u00e0 main, la petite pince \u00e0 4 dents en or de J\u00e4neke allie un style sophistiqu\u00e9 \u00e0 une prise en main s\u00fbre. Commandez-la d\u00e8s maintenant !\" \/>\n<meta property=\"og:url\" content=\"https:\/\/janeke1830.it\/fr\/prodotto\/petite-pince-a-4-dents-bordee-dor\/\" \/>\n<meta property=\"og:site_name\" content=\"J\u00e4neke\" \/>\n<meta property=\"article:publisher\" content=\"https:\/\/www.facebook.com\/janeke1830\" \/>\n<meta property=\"article:modified_time\" content=\"2026-02-02T10:03:42+00:00\" \/>\n<meta property=\"og:image\" content=\"https:\/\/janeke1830.it\/wp-content\/uploads\/2025\/12\/JG29106DBL.png\" \/>\n\t<meta property=\"og:image:width\" content=\"1024\" \/>\n\t<meta property=\"og:image:height\" content=\"1024\" \/>\n\t<meta property=\"og:image:type\" content=\"image\/png\" \/>\n<meta name=\"twitter:card\" content=\"summary_large_image\" \/>\n<script type=\"application\/ld+json\" class=\"yoast-schema-graph\">{\"@context\":\"https:\/\/schema.org\",\"@graph\":[{\"@type\":\"WebPage\",\"@id\":\"https:\/\/janeke1830.it\/fr\/prodotto\/petite-pince-a-4-dents-bordee-dor\/\",\"url\":\"https:\/\/janeke1830.it\/fr\/prodotto\/petite-pince-a-4-dents-bordee-dor\/\",\"name\":\"J\u00e4neke Petite pince \u00e0 4 dents bord\u00e9e d'or - compacte et chic\",\"isPartOf\":{\"@id\":\"https:\/\/janeke1830.it\/#website\"},\"primaryImageOfPage\":{\"@id\":\"https:\/\/janeke1830.it\/fr\/prodotto\/petite-pince-a-4-dents-bordee-dor\/#primaryimage\"},\"image\":{\"@id\":\"https:\/\/janeke1830.it\/fr\/prodotto\/petite-pince-a-4-dents-bordee-dor\/#primaryimage\"},\"thumbnailUrl\":\"https:\/\/janeke1830.it\/wp-content\/uploads\/2025\/12\/pinza-piccola-bordata-tartaruga-jg29106dbl.png\",\"datePublished\":\"2026-01-07T10:25:21+00:00\",\"dateModified\":\"2026-02-02T10:03:42+00:00\",\"description\":\"Id\u00e9ale pour votre sac \u00e0 main, la petite pince \u00e0 4 dents en or de J\u00e4neke allie un style sophistiqu\u00e9 \u00e0 une prise en main s\u00fbre. Commandez-la d\u00e8s maintenant !\",\"breadcrumb\":{\"@id\":\"https:\/\/janeke1830.it\/fr\/prodotto\/petite-pince-a-4-dents-bordee-dor\/#breadcrumb\"},\"inLanguage\":\"fr-FR\",\"potentialAction\":[{\"@type\":\"ReadAction\",\"target\":[\"https:\/\/janeke1830.it\/fr\/prodotto\/petite-pince-a-4-dents-bordee-dor\/\"]}]},{\"@type\":\"ImageObject\",\"inLanguage\":\"fr-FR\",\"@id\":\"https:\/\/janeke1830.it\/fr\/prodotto\/petite-pince-a-4-dents-bordee-dor\/#primaryimage\",\"url\":\"https:\/\/janeke1830.it\/wp-content\/uploads\/2025\/12\/pinza-piccola-bordata-tartaruga-jg29106dbl.png\",\"contentUrl\":\"https:\/\/janeke1830.it\/wp-content\/uploads\/2025\/12\/pinza-piccola-bordata-tartaruga-jg29106dbl.png\",\"width\":1024,\"height\":1024,\"caption\":\"Pinza piccola 4 denti oro J\u00e4neke tartaruga comoda e sicura sui capelli\"},{\"@type\":\"BreadcrumbList\",\"@id\":\"https:\/\/janeke1830.it\/fr\/prodotto\/petite-pince-a-4-dents-bordee-dor\/#breadcrumb\",\"itemListElement\":[{\"@type\":\"ListItem\",\"position\":1,\"name\":\"Home\",\"item\":\"https:\/\/janeke1830.it\/\"},{\"@type\":\"ListItem\",\"position\":2,\"name\":\"Boutique\",\"item\":\"https:\/\/janeke1830.it\/fr\/boutique\/\"},{\"@type\":\"ListItem\",\"position\":3,\"name\":\"Petite pince \u00e0 4 dents bord\u00e9e d&rsquo;or\"}]},{\"@type\":\"WebSite\",\"@id\":\"https:\/\/janeke1830.it\/#website\",\"url\":\"https:\/\/janeke1830.it\/\",\"name\":\"J\u00e4neke 1830\",\"description\":\"\",\"publisher\":{\"@id\":\"https:\/\/janeke1830.it\/#organization\"},\"potentialAction\":[{\"@type\":\"SearchAction\",\"target\":{\"@type\":\"EntryPoint\",\"urlTemplate\":\"https:\/\/janeke1830.it\/?s={search_term_string}\"},\"query-input\":{\"@type\":\"PropertyValueSpecification\",\"valueRequired\":true,\"valueName\":\"search_term_string\"}}],\"inLanguage\":\"fr-FR\"},{\"@type\":\"Organization\",\"@id\":\"https:\/\/janeke1830.it\/#organization\",\"name\":\"J\u00e4neke 1830\",\"url\":\"https:\/\/janeke1830.it\/\",\"logo\":{\"@type\":\"ImageObject\",\"inLanguage\":\"fr-FR\",\"@id\":\"https:\/\/janeke1830.it\/#\/schema\/logo\/image\/\",\"url\":\"https:\/\/janeke1830.it\/wp-content\/uploads\/2025\/12\/logo-nero-janeke.png\",\"contentUrl\":\"https:\/\/janeke1830.it\/wp-content\/uploads\/2025\/12\/logo-nero-janeke.png\",\"width\":1824,\"height\":829,\"caption\":\"J\u00e4neke 1830\"},\"image\":{\"@id\":\"https:\/\/janeke1830.it\/#\/schema\/logo\/image\/\"},\"sameAs\":[\"https:\/\/www.facebook.com\/janeke1830\",\"https:\/\/www.instagram.com\/janeke1830official\",\"https:\/\/www.linkedin.com\/company\/giorgio-janeke-s-r-l-\/\"]}]}<\/script>\n<!-- \/ Yoast SEO plugin. -->","yoast_head_json":{"title":"J\u00e4neke Petite pince \u00e0 4 dents bord\u00e9e d'or - compacte et chic","description":"Id\u00e9ale pour votre sac \u00e0 main, la petite pince \u00e0 4 dents en or de J\u00e4neke allie un style sophistiqu\u00e9 \u00e0 une prise en main s\u00fbre. Commandez-la d\u00e8s maintenant !","robots":{"index":"index","follow":"follow","max-snippet":"max-snippet:-1","max-image-preview":"max-image-preview:large","max-video-preview":"max-video-preview:-1"},"canonical":"https:\/\/janeke1830.it\/fr\/prodotto\/petite-pince-a-4-dents-bordee-dor\/","og_locale":"fr_FR","og_type":"article","og_title":"J\u00e4neke Petite pince \u00e0 4 dents bord\u00e9e d'or - compacte et chic","og_description":"Id\u00e9ale pour votre sac \u00e0 main, la petite pince \u00e0 4 dents en or de J\u00e4neke allie un style sophistiqu\u00e9 \u00e0 une prise en main s\u00fbre. Commandez-la d\u00e8s maintenant !","og_url":"https:\/\/janeke1830.it\/fr\/prodotto\/petite-pince-a-4-dents-bordee-dor\/","og_site_name":"J\u00e4neke","article_publisher":"https:\/\/www.facebook.com\/janeke1830","article_modified_time":"2026-02-02T10:03:42+00:00","og_image":[{"width":1024,"height":1024,"url":"https:\/\/janeke1830.it\/wp-content\/uploads\/2025\/12\/JG29106DBL.png","type":"image\/png"}],"twitter_card":"summary_large_image","schema":{"@context":"https:\/\/schema.org","@graph":[{"@type":"WebPage","@id":"https:\/\/janeke1830.it\/fr\/prodotto\/petite-pince-a-4-dents-bordee-dor\/","url":"https:\/\/janeke1830.it\/fr\/prodotto\/petite-pince-a-4-dents-bordee-dor\/","name":"J\u00e4neke Petite pince \u00e0 4 dents bord\u00e9e d'or - compacte et chic","isPartOf":{"@id":"https:\/\/janeke1830.it\/#website"},"primaryImageOfPage":{"@id":"https:\/\/janeke1830.it\/fr\/prodotto\/petite-pince-a-4-dents-bordee-dor\/#primaryimage"},"image":{"@id":"https:\/\/janeke1830.it\/fr\/prodotto\/petite-pince-a-4-dents-bordee-dor\/#primaryimage"},"thumbnailUrl":"https:\/\/janeke1830.it\/wp-content\/uploads\/2025\/12\/pinza-piccola-bordata-tartaruga-jg29106dbl.png","datePublished":"2026-01-07T10:25:21+00:00","dateModified":"2026-02-02T10:03:42+00:00","description":"Id\u00e9ale pour votre sac \u00e0 main, la petite pince \u00e0 4 dents en or de J\u00e4neke allie un style sophistiqu\u00e9 \u00e0 une prise en main s\u00fbre. Commandez-la d\u00e8s maintenant !","breadcrumb":{"@id":"https:\/\/janeke1830.it\/fr\/prodotto\/petite-pince-a-4-dents-bordee-dor\/#breadcrumb"},"inLanguage":"fr-FR","potentialAction":[{"@type":"ReadAction","target":["https:\/\/janeke1830.it\/fr\/prodotto\/petite-pince-a-4-dents-bordee-dor\/"]}]},{"@type":"ImageObject","inLanguage":"fr-FR","@id":"https:\/\/janeke1830.it\/fr\/prodotto\/petite-pince-a-4-dents-bordee-dor\/#primaryimage","url":"https:\/\/janeke1830.it\/wp-content\/uploads\/2025\/12\/pinza-piccola-bordata-tartaruga-jg29106dbl.png","contentUrl":"https:\/\/janeke1830.it\/wp-content\/uploads\/2025\/12\/pinza-piccola-bordata-tartaruga-jg29106dbl.png","width":1024,"height":1024,"caption":"Pinza piccola 4 denti oro J\u00e4neke tartaruga comoda e sicura sui capelli"},{"@type":"BreadcrumbList","@id":"https:\/\/janeke1830.it\/fr\/prodotto\/petite-pince-a-4-dents-bordee-dor\/#breadcrumb","itemListElement":[{"@type":"ListItem","position":1,"name":"Home","item":"https:\/\/janeke1830.it\/"},{"@type":"ListItem","position":2,"name":"Boutique","item":"https:\/\/janeke1830.it\/fr\/boutique\/"},{"@type":"ListItem","position":3,"name":"Petite pince \u00e0 4 dents bord\u00e9e d&rsquo;or"}]},{"@type":"WebSite","@id":"https:\/\/janeke1830.it\/#website","url":"https:\/\/janeke1830.it\/","name":"J\u00e4neke 1830","description":"","publisher":{"@id":"https:\/\/janeke1830.it\/#organization"},"potentialAction":[{"@type":"SearchAction","target":{"@type":"EntryPoint","urlTemplate":"https:\/\/janeke1830.it\/?s={search_term_string}"},"query-input":{"@type":"PropertyValueSpecification","valueRequired":true,"valueName":"search_term_string"}}],"inLanguage":"fr-FR"},{"@type":"Organization","@id":"https:\/\/janeke1830.it\/#organization","name":"J\u00e4neke 1830","url":"https:\/\/janeke1830.it\/","logo":{"@type":"ImageObject","inLanguage":"fr-FR","@id":"https:\/\/janeke1830.it\/#\/schema\/logo\/image\/","url":"https:\/\/janeke1830.it\/wp-content\/uploads\/2025\/12\/logo-nero-janeke.png","contentUrl":"https:\/\/janeke1830.it\/wp-content\/uploads\/2025\/12\/logo-nero-janeke.png","width":1824,"height":829,"caption":"J\u00e4neke 1830"},"image":{"@id":"https:\/\/janeke1830.it\/#\/schema\/logo\/image\/"},"sameAs":["https:\/\/www.facebook.com\/janeke1830","https:\/\/www.instagram.com\/janeke1830official","https:\/\/www.linkedin.com\/company\/giorgio-janeke-s-r-l-\/"]}]}},"_links":{"self":[{"href":"https:\/\/janeke1830.it\/fr\/wp-json\/wp\/v2\/product\/3886","targetHints":{"allow":["GET"]}}],"collection":[{"href":"https:\/\/janeke1830.it\/fr\/wp-json\/wp\/v2\/product"}],"about":[{"href":"https:\/\/janeke1830.it\/fr\/wp-json\/wp\/v2\/types\/product"}],"replies":[{"embeddable":true,"href":"https:\/\/janeke1830.it\/fr\/wp-json\/wp\/v2\/comments?post=3886"}],"wp:featuredmedia":[{"embeddable":true,"href":"https:\/\/janeke1830.it\/fr\/wp-json\/wp\/v2\/media\/3887"}],"wp:attachment":[{"href":"https:\/\/janeke1830.it\/fr\/wp-json\/wp\/v2\/media?parent=3886"}],"wp:term":[{"taxonomy":"product_brand","embeddable":true,"href":"https:\/\/janeke1830.it\/fr\/wp-json\/wp\/v2\/product_brand?post=3886"},{"taxonomy":"product_cat","embeddable":true,"href":"https:\/\/janeke1830.it\/fr\/wp-json\/wp\/v2\/product_cat?post=3886"},{"taxonomy":"product_tag","embeddable":true,"href":"https:\/\/janeke1830.it\/fr\/wp-json\/wp\/v2\/product_tag?post=3886"}],"curies":[{"name":"wp","href":"https:\/\/api.w.org\/{rel}","templated":true}]}}