{"id":3839,"date":"2026-01-07T11:27:46","date_gmt":"2026-01-07T10:27:46","guid":{"rendered":"https:\/\/janeke1830.it\/prodotto\/grande-pince-a-cheveux-doree-4-dents\/"},"modified":"2026-03-03T11:48:07","modified_gmt":"2026-03-03T10:48:07","slug":"grande-pince-a-cheveux-doree-4-dents","status":"publish","type":"product","link":"https:\/\/janeke1830.it\/fr\/prodotto\/grande-pince-a-cheveux-doree-4-dents\/","title":{"rendered":"Grande pince \u00e0 cheveux dor\u00e9e 4 dents"},"content":{"rendered":"","protected":false},"excerpt":{"rendered":"<p>\u00c9l\u00e9gante et fonctionnelle, elle fixe les cheveux avec s\u00e9curit\u00e9 et style. Les quatre dents bien espac\u00e9es garantissent une prise ferme sans ab\u00eemer la fibre capillaire, permettant de cr\u00e9er des coiffures ordonn\u00e9es en quelques gestes. La finition dor\u00e9e ajoute une touche de raffinement, transformant un accessoire pratique en un d\u00e9tail de classe.  <\/p>\n<p>Parfaite pour tous les types de cheveux, elle allie confort, \u00e9l\u00e9gance et la qualit\u00e9 artisanale typique de la marque Janeke.<\/p>\n","protected":false},"featured_media":3840,"comment_status":"closed","ping_status":"closed","template":"","meta":[],"product_brand":[815],"product_cat":[680],"product_tag":[681,686],"class_list":{"0":"post-3839","1":"product","2":"type-product","3":"status-publish","4":"has-post-thumbnail","6":"product_brand-luxury","7":"product_cat-accessoires-pour-cheveux","8":"product_tag-accessoires-pour-cheveux","9":"product_tag-pince","11":"first","12":"instock","13":"shipping-taxable","14":"purchasable","15":"product-type-variable","16":"wvs-archive-product-wrapper"},"yoast_head":"<!-- This site is optimized with the Yoast SEO plugin v27.1.1 - https:\/\/yoast.com\/product\/yoast-seo-wordpress\/ -->\n<title>J\u00e4neke 4-Tine Gold-Bordered Large Pliers - Style et endurance<\/title>\n<meta name=\"description\" content=\"Finie avec des d\u00e9tails pr\u00e9cieux, la grande pince \u00e0 4 dents bord\u00e9e d&#039;or de J\u00e4neke assure une prise en main ferme et raffin\u00e9e. D\u00e9couvrez-la en ligne !\" \/>\n<meta name=\"robots\" content=\"index, follow, max-snippet:-1, max-image-preview:large, max-video-preview:-1\" \/>\n<link rel=\"canonical\" href=\"https:\/\/janeke1830.it\/fr\/prodotto\/grande-pince-a-cheveux-doree-4-dents\/\" \/>\n<meta property=\"og:locale\" content=\"fr_FR\" \/>\n<meta property=\"og:type\" content=\"article\" \/>\n<meta property=\"og:title\" content=\"J\u00e4neke 4-Tine Gold-Bordered Large Pliers - Style et endurance\" \/>\n<meta property=\"og:description\" content=\"Finie avec des d\u00e9tails pr\u00e9cieux, la grande pince \u00e0 4 dents bord\u00e9e d&#039;or de J\u00e4neke assure une prise en main ferme et raffin\u00e9e. D\u00e9couvrez-la en ligne !\" \/>\n<meta property=\"og:url\" content=\"https:\/\/janeke1830.it\/fr\/prodotto\/grande-pince-a-cheveux-doree-4-dents\/\" \/>\n<meta property=\"og:site_name\" content=\"J\u00e4neke\" \/>\n<meta property=\"article:publisher\" content=\"https:\/\/www.facebook.com\/janeke1830\" \/>\n<meta property=\"article:modified_time\" content=\"2026-03-03T10:48:07+00:00\" \/>\n<meta property=\"og:image\" content=\"https:\/\/janeke1830.it\/wp-content\/uploads\/2025\/12\/JG29107DBL.png\" \/>\n\t<meta property=\"og:image:width\" content=\"1024\" \/>\n\t<meta property=\"og:image:height\" content=\"1024\" \/>\n\t<meta property=\"og:image:type\" content=\"image\/png\" \/>\n<meta name=\"twitter:card\" content=\"summary_large_image\" \/>\n<script type=\"application\/ld+json\" class=\"yoast-schema-graph\">{\"@context\":\"https:\/\/schema.org\",\"@graph\":[{\"@type\":\"WebPage\",\"@id\":\"https:\/\/janeke1830.it\/fr\/prodotto\/grande-pince-a-cheveux-doree-4-dents\/\",\"url\":\"https:\/\/janeke1830.it\/fr\/prodotto\/grande-pince-a-cheveux-doree-4-dents\/\",\"name\":\"J\u00e4neke 4-Tine Gold-Bordered Large Pliers - Style et endurance\",\"isPartOf\":{\"@id\":\"https:\/\/janeke1830.it\/#website\"},\"primaryImageOfPage\":{\"@id\":\"https:\/\/janeke1830.it\/fr\/prodotto\/grande-pince-a-cheveux-doree-4-dents\/#primaryimage\"},\"image\":{\"@id\":\"https:\/\/janeke1830.it\/fr\/prodotto\/grande-pince-a-cheveux-doree-4-dents\/#primaryimage\"},\"thumbnailUrl\":\"https:\/\/janeke1830.it\/wp-content\/uploads\/2025\/12\/pinza-grande-bordata-tartaruga-jg29107dbl.png\",\"datePublished\":\"2026-01-07T10:27:46+00:00\",\"dateModified\":\"2026-03-03T10:48:07+00:00\",\"description\":\"Finie avec des d\u00e9tails pr\u00e9cieux, la grande pince \u00e0 4 dents bord\u00e9e d'or de J\u00e4neke assure une prise en main ferme et raffin\u00e9e. D\u00e9couvrez-la en ligne !\",\"breadcrumb\":{\"@id\":\"https:\/\/janeke1830.it\/fr\/prodotto\/grande-pince-a-cheveux-doree-4-dents\/#breadcrumb\"},\"inLanguage\":\"fr-FR\",\"potentialAction\":[{\"@type\":\"ReadAction\",\"target\":[\"https:\/\/janeke1830.it\/fr\/prodotto\/grande-pince-a-cheveux-doree-4-dents\/\"]}]},{\"@type\":\"ImageObject\",\"inLanguage\":\"fr-FR\",\"@id\":\"https:\/\/janeke1830.it\/fr\/prodotto\/grande-pince-a-cheveux-doree-4-dents\/#primaryimage\",\"url\":\"https:\/\/janeke1830.it\/wp-content\/uploads\/2025\/12\/pinza-grande-bordata-tartaruga-jg29107dbl.png\",\"contentUrl\":\"https:\/\/janeke1830.it\/wp-content\/uploads\/2025\/12\/pinza-grande-bordata-tartaruga-jg29107dbl.png\",\"width\":1024,\"height\":1024,\"caption\":\"Pinza grande 4 denti oro J\u00e4neke tartaruga con presa salda e raffinata\"},{\"@type\":\"BreadcrumbList\",\"@id\":\"https:\/\/janeke1830.it\/fr\/prodotto\/grande-pince-a-cheveux-doree-4-dents\/#breadcrumb\",\"itemListElement\":[{\"@type\":\"ListItem\",\"position\":1,\"name\":\"Home\",\"item\":\"https:\/\/janeke1830.it\/\"},{\"@type\":\"ListItem\",\"position\":2,\"name\":\"Boutique\",\"item\":\"https:\/\/janeke1830.it\/fr\/boutique\/\"},{\"@type\":\"ListItem\",\"position\":3,\"name\":\"Grande pince \u00e0 cheveux dor\u00e9e 4 dents\"}]},{\"@type\":\"WebSite\",\"@id\":\"https:\/\/janeke1830.it\/#website\",\"url\":\"https:\/\/janeke1830.it\/\",\"name\":\"J\u00e4neke 1830\",\"description\":\"\",\"publisher\":{\"@id\":\"https:\/\/janeke1830.it\/#organization\"},\"potentialAction\":[{\"@type\":\"SearchAction\",\"target\":{\"@type\":\"EntryPoint\",\"urlTemplate\":\"https:\/\/janeke1830.it\/?s={search_term_string}\"},\"query-input\":{\"@type\":\"PropertyValueSpecification\",\"valueRequired\":true,\"valueName\":\"search_term_string\"}}],\"inLanguage\":\"fr-FR\"},{\"@type\":\"Organization\",\"@id\":\"https:\/\/janeke1830.it\/#organization\",\"name\":\"J\u00e4neke 1830\",\"url\":\"https:\/\/janeke1830.it\/\",\"logo\":{\"@type\":\"ImageObject\",\"inLanguage\":\"fr-FR\",\"@id\":\"https:\/\/janeke1830.it\/#\/schema\/logo\/image\/\",\"url\":\"https:\/\/janeke1830.it\/wp-content\/uploads\/2025\/12\/logo-nero-janeke.png\",\"contentUrl\":\"https:\/\/janeke1830.it\/wp-content\/uploads\/2025\/12\/logo-nero-janeke.png\",\"width\":1824,\"height\":829,\"caption\":\"J\u00e4neke 1830\"},\"image\":{\"@id\":\"https:\/\/janeke1830.it\/#\/schema\/logo\/image\/\"},\"sameAs\":[\"https:\/\/www.facebook.com\/janeke1830\",\"https:\/\/www.instagram.com\/janeke1830official\",\"https:\/\/www.linkedin.com\/company\/giorgio-janeke-s-r-l-\/\"]}]}<\/script>\n<!-- \/ Yoast SEO plugin. -->","yoast_head_json":{"title":"J\u00e4neke 4-Tine Gold-Bordered Large Pliers - Style et endurance","description":"Finie avec des d\u00e9tails pr\u00e9cieux, la grande pince \u00e0 4 dents bord\u00e9e d'or de J\u00e4neke assure une prise en main ferme et raffin\u00e9e. D\u00e9couvrez-la en ligne !","robots":{"index":"index","follow":"follow","max-snippet":"max-snippet:-1","max-image-preview":"max-image-preview:large","max-video-preview":"max-video-preview:-1"},"canonical":"https:\/\/janeke1830.it\/fr\/prodotto\/grande-pince-a-cheveux-doree-4-dents\/","og_locale":"fr_FR","og_type":"article","og_title":"J\u00e4neke 4-Tine Gold-Bordered Large Pliers - Style et endurance","og_description":"Finie avec des d\u00e9tails pr\u00e9cieux, la grande pince \u00e0 4 dents bord\u00e9e d'or de J\u00e4neke assure une prise en main ferme et raffin\u00e9e. D\u00e9couvrez-la en ligne !","og_url":"https:\/\/janeke1830.it\/fr\/prodotto\/grande-pince-a-cheveux-doree-4-dents\/","og_site_name":"J\u00e4neke","article_publisher":"https:\/\/www.facebook.com\/janeke1830","article_modified_time":"2026-03-03T10:48:07+00:00","og_image":[{"width":1024,"height":1024,"url":"https:\/\/janeke1830.it\/wp-content\/uploads\/2025\/12\/JG29107DBL.png","type":"image\/png"}],"twitter_card":"summary_large_image","schema":{"@context":"https:\/\/schema.org","@graph":[{"@type":"WebPage","@id":"https:\/\/janeke1830.it\/fr\/prodotto\/grande-pince-a-cheveux-doree-4-dents\/","url":"https:\/\/janeke1830.it\/fr\/prodotto\/grande-pince-a-cheveux-doree-4-dents\/","name":"J\u00e4neke 4-Tine Gold-Bordered Large Pliers - Style et endurance","isPartOf":{"@id":"https:\/\/janeke1830.it\/#website"},"primaryImageOfPage":{"@id":"https:\/\/janeke1830.it\/fr\/prodotto\/grande-pince-a-cheveux-doree-4-dents\/#primaryimage"},"image":{"@id":"https:\/\/janeke1830.it\/fr\/prodotto\/grande-pince-a-cheveux-doree-4-dents\/#primaryimage"},"thumbnailUrl":"https:\/\/janeke1830.it\/wp-content\/uploads\/2025\/12\/pinza-grande-bordata-tartaruga-jg29107dbl.png","datePublished":"2026-01-07T10:27:46+00:00","dateModified":"2026-03-03T10:48:07+00:00","description":"Finie avec des d\u00e9tails pr\u00e9cieux, la grande pince \u00e0 4 dents bord\u00e9e d'or de J\u00e4neke assure une prise en main ferme et raffin\u00e9e. D\u00e9couvrez-la en ligne !","breadcrumb":{"@id":"https:\/\/janeke1830.it\/fr\/prodotto\/grande-pince-a-cheveux-doree-4-dents\/#breadcrumb"},"inLanguage":"fr-FR","potentialAction":[{"@type":"ReadAction","target":["https:\/\/janeke1830.it\/fr\/prodotto\/grande-pince-a-cheveux-doree-4-dents\/"]}]},{"@type":"ImageObject","inLanguage":"fr-FR","@id":"https:\/\/janeke1830.it\/fr\/prodotto\/grande-pince-a-cheveux-doree-4-dents\/#primaryimage","url":"https:\/\/janeke1830.it\/wp-content\/uploads\/2025\/12\/pinza-grande-bordata-tartaruga-jg29107dbl.png","contentUrl":"https:\/\/janeke1830.it\/wp-content\/uploads\/2025\/12\/pinza-grande-bordata-tartaruga-jg29107dbl.png","width":1024,"height":1024,"caption":"Pinza grande 4 denti oro J\u00e4neke tartaruga con presa salda e raffinata"},{"@type":"BreadcrumbList","@id":"https:\/\/janeke1830.it\/fr\/prodotto\/grande-pince-a-cheveux-doree-4-dents\/#breadcrumb","itemListElement":[{"@type":"ListItem","position":1,"name":"Home","item":"https:\/\/janeke1830.it\/"},{"@type":"ListItem","position":2,"name":"Boutique","item":"https:\/\/janeke1830.it\/fr\/boutique\/"},{"@type":"ListItem","position":3,"name":"Grande pince \u00e0 cheveux dor\u00e9e 4 dents"}]},{"@type":"WebSite","@id":"https:\/\/janeke1830.it\/#website","url":"https:\/\/janeke1830.it\/","name":"J\u00e4neke 1830","description":"","publisher":{"@id":"https:\/\/janeke1830.it\/#organization"},"potentialAction":[{"@type":"SearchAction","target":{"@type":"EntryPoint","urlTemplate":"https:\/\/janeke1830.it\/?s={search_term_string}"},"query-input":{"@type":"PropertyValueSpecification","valueRequired":true,"valueName":"search_term_string"}}],"inLanguage":"fr-FR"},{"@type":"Organization","@id":"https:\/\/janeke1830.it\/#organization","name":"J\u00e4neke 1830","url":"https:\/\/janeke1830.it\/","logo":{"@type":"ImageObject","inLanguage":"fr-FR","@id":"https:\/\/janeke1830.it\/#\/schema\/logo\/image\/","url":"https:\/\/janeke1830.it\/wp-content\/uploads\/2025\/12\/logo-nero-janeke.png","contentUrl":"https:\/\/janeke1830.it\/wp-content\/uploads\/2025\/12\/logo-nero-janeke.png","width":1824,"height":829,"caption":"J\u00e4neke 1830"},"image":{"@id":"https:\/\/janeke1830.it\/#\/schema\/logo\/image\/"},"sameAs":["https:\/\/www.facebook.com\/janeke1830","https:\/\/www.instagram.com\/janeke1830official","https:\/\/www.linkedin.com\/company\/giorgio-janeke-s-r-l-\/"]}]}},"_links":{"self":[{"href":"https:\/\/janeke1830.it\/fr\/wp-json\/wp\/v2\/product\/3839","targetHints":{"allow":["GET"]}}],"collection":[{"href":"https:\/\/janeke1830.it\/fr\/wp-json\/wp\/v2\/product"}],"about":[{"href":"https:\/\/janeke1830.it\/fr\/wp-json\/wp\/v2\/types\/product"}],"replies":[{"embeddable":true,"href":"https:\/\/janeke1830.it\/fr\/wp-json\/wp\/v2\/comments?post=3839"}],"wp:featuredmedia":[{"embeddable":true,"href":"https:\/\/janeke1830.it\/fr\/wp-json\/wp\/v2\/media\/3840"}],"wp:attachment":[{"href":"https:\/\/janeke1830.it\/fr\/wp-json\/wp\/v2\/media?parent=3839"}],"wp:term":[{"taxonomy":"product_brand","embeddable":true,"href":"https:\/\/janeke1830.it\/fr\/wp-json\/wp\/v2\/product_brand?post=3839"},{"taxonomy":"product_cat","embeddable":true,"href":"https:\/\/janeke1830.it\/fr\/wp-json\/wp\/v2\/product_cat?post=3839"},{"taxonomy":"product_tag","embeddable":true,"href":"https:\/\/janeke1830.it\/fr\/wp-json\/wp\/v2\/product_tag?post=3839"}],"curies":[{"name":"wp","href":"https:\/\/api.w.org\/{rel}","templated":true}]}}