{"id":3817,"date":"2026-01-07T17:30:23","date_gmt":"2026-01-07T16:30:23","guid":{"rendered":"https:\/\/janeke1830.it\/prodotto\/pince-a-cheveux-avec-gros-cristaux\/"},"modified":"2026-02-02T10:04:08","modified_gmt":"2026-02-02T09:04:08","slug":"pince-a-cheveux-avec-gros-cristaux","status":"publish","type":"product","link":"https:\/\/janeke1830.it\/fr\/prodotto\/pince-a-cheveux-avec-gros-cristaux\/","title":{"rendered":"Pince \u00e0 cheveux avec gros cristaux"},"content":{"rendered":"","protected":false},"excerpt":{"rendered":"<p>\u00c9l\u00e9gante et scintillante, elle fixe les cheveux avec s\u00e9curit\u00e9 et style gr\u00e2ce aux cristaux qui apportent une touche d&rsquo;\u00e9clat au look. La structure r\u00e9sistante garantit une prise ferme sans ab\u00eemer la fibre capillaire, transformant un accessoire pratique en un d\u00e9tail raffin\u00e9 et glamour. <\/p>\n<p>Parfaite pour tous types de cheveux, elle est id\u00e9ale aussi bien pour un usage quotidien que pour les occasions sp\u00e9ciales, alliant fonctionnalit\u00e9, \u00e9l\u00e9gance et qualit\u00e9 artisanale caract\u00e9ristique de la marque Janeke.<\/p>\n","protected":false},"featured_media":3818,"comment_status":"closed","ping_status":"closed","template":"","meta":[],"product_brand":[815],"product_cat":[680],"product_tag":[681,686],"class_list":{"0":"post-3817","1":"product","2":"type-product","3":"status-publish","4":"has-post-thumbnail","6":"product_brand-luxury","7":"product_cat-accessoires-pour-cheveux","8":"product_tag-accessoires-pour-cheveux","9":"product_tag-pince","11":"first","12":"instock","13":"shipping-taxable","14":"purchasable","15":"product-type-variable","16":"wvs-archive-product-wrapper"},"yoast_head":"<!-- This site is optimized with the Yoast SEO plugin v27.6 - https:\/\/yoast.com\/product\/yoast-seo-wordpress\/ -->\n<title>J\u00e4neke Large Crystal Pliers - Fonctionnelle et \u00e9l\u00e9gante<\/title>\n<meta name=\"description\" content=\"Etincelante et bien fix\u00e9e sur les cheveux, la pince J\u00e4neke Large Crystals apporte une touche de glamour \u00e0 chaque look. Ajoutez-la \u00e0 votre panier !\" \/>\n<meta name=\"robots\" content=\"index, follow, max-snippet:-1, max-image-preview:large, max-video-preview:-1\" \/>\n<link rel=\"canonical\" href=\"https:\/\/janeke1830.it\/fr\/prodotto\/pince-a-cheveux-avec-gros-cristaux\/\" \/>\n<meta property=\"og:locale\" content=\"fr_FR\" \/>\n<meta property=\"og:type\" content=\"article\" \/>\n<meta property=\"og:title\" content=\"J\u00e4neke Large Crystal Pliers - Fonctionnelle et \u00e9l\u00e9gante\" \/>\n<meta property=\"og:description\" content=\"Etincelante et bien fix\u00e9e sur les cheveux, la pince J\u00e4neke Large Crystals apporte une touche de glamour \u00e0 chaque look. Ajoutez-la \u00e0 votre panier !\" \/>\n<meta property=\"og:url\" content=\"https:\/\/janeke1830.it\/fr\/prodotto\/pince-a-cheveux-avec-gros-cristaux\/\" \/>\n<meta property=\"og:site_name\" content=\"J\u00e4neke\" \/>\n<meta property=\"article:publisher\" content=\"https:\/\/www.facebook.com\/janeke1830\" \/>\n<meta property=\"article:modified_time\" content=\"2026-02-02T09:04:08+00:00\" \/>\n<meta property=\"og:image\" content=\"https:\/\/janeke1830.it\/wp-content\/uploads\/2025\/12\/TB52528DS.png\" \/>\n\t<meta property=\"og:image:width\" content=\"1024\" \/>\n\t<meta property=\"og:image:height\" content=\"1024\" \/>\n\t<meta property=\"og:image:type\" content=\"image\/png\" \/>\n<meta name=\"twitter:card\" content=\"summary_large_image\" \/>\n<script type=\"application\/ld+json\" class=\"yoast-schema-graph\">{\"@context\":\"https:\\\/\\\/schema.org\",\"@graph\":[{\"@type\":\"WebPage\",\"@id\":\"https:\\\/\\\/janeke1830.it\\\/fr\\\/prodotto\\\/pince-a-cheveux-avec-gros-cristaux\\\/\",\"url\":\"https:\\\/\\\/janeke1830.it\\\/fr\\\/prodotto\\\/pince-a-cheveux-avec-gros-cristaux\\\/\",\"name\":\"J\u00e4neke Large Crystal Pliers - Fonctionnelle et \u00e9l\u00e9gante\",\"isPartOf\":{\"@id\":\"https:\\\/\\\/janeke1830.it\\\/#website\"},\"primaryImageOfPage\":{\"@id\":\"https:\\\/\\\/janeke1830.it\\\/fr\\\/prodotto\\\/pince-a-cheveux-avec-gros-cristaux\\\/#primaryimage\"},\"image\":{\"@id\":\"https:\\\/\\\/janeke1830.it\\\/fr\\\/prodotto\\\/pince-a-cheveux-avec-gros-cristaux\\\/#primaryimage\"},\"thumbnailUrl\":\"https:\\\/\\\/janeke1830.it\\\/wp-content\\\/uploads\\\/2025\\\/12\\\/pinza-cristalli-grandi-tartaruga-tb52528ds.png\",\"datePublished\":\"2026-01-07T16:30:23+00:00\",\"dateModified\":\"2026-02-02T09:04:08+00:00\",\"description\":\"Etincelante et bien fix\u00e9e sur les cheveux, la pince J\u00e4neke Large Crystals apporte une touche de glamour \u00e0 chaque look. Ajoutez-la \u00e0 votre panier !\",\"breadcrumb\":{\"@id\":\"https:\\\/\\\/janeke1830.it\\\/fr\\\/prodotto\\\/pince-a-cheveux-avec-gros-cristaux\\\/#breadcrumb\"},\"inLanguage\":\"fr-FR\",\"potentialAction\":[{\"@type\":\"ReadAction\",\"target\":[\"https:\\\/\\\/janeke1830.it\\\/fr\\\/prodotto\\\/pince-a-cheveux-avec-gros-cristaux\\\/\"]}]},{\"@type\":\"ImageObject\",\"inLanguage\":\"fr-FR\",\"@id\":\"https:\\\/\\\/janeke1830.it\\\/fr\\\/prodotto\\\/pince-a-cheveux-avec-gros-cristaux\\\/#primaryimage\",\"url\":\"https:\\\/\\\/janeke1830.it\\\/wp-content\\\/uploads\\\/2025\\\/12\\\/pinza-cristalli-grandi-tartaruga-tb52528ds.png\",\"contentUrl\":\"https:\\\/\\\/janeke1830.it\\\/wp-content\\\/uploads\\\/2025\\\/12\\\/pinza-cristalli-grandi-tartaruga-tb52528ds.png\",\"width\":1024,\"height\":1024,\"caption\":\"Pinza con cristalli grandi J\u00e4neke tartaruga classica con tocco chic\"},{\"@type\":\"BreadcrumbList\",\"@id\":\"https:\\\/\\\/janeke1830.it\\\/fr\\\/prodotto\\\/pince-a-cheveux-avec-gros-cristaux\\\/#breadcrumb\",\"itemListElement\":[{\"@type\":\"ListItem\",\"position\":1,\"name\":\"Home\",\"item\":\"https:\\\/\\\/janeke1830.it\\\/\"},{\"@type\":\"ListItem\",\"position\":2,\"name\":\"Boutique\",\"item\":\"https:\\\/\\\/janeke1830.it\\\/fr\\\/boutique\\\/\"},{\"@type\":\"ListItem\",\"position\":3,\"name\":\"Pince \u00e0 cheveux avec gros cristaux\"}]},{\"@type\":\"WebSite\",\"@id\":\"https:\\\/\\\/janeke1830.it\\\/#website\",\"url\":\"https:\\\/\\\/janeke1830.it\\\/\",\"name\":\"J\u00e4neke 1830\",\"description\":\"\",\"publisher\":{\"@id\":\"https:\\\/\\\/janeke1830.it\\\/#organization\"},\"potentialAction\":[{\"@type\":\"SearchAction\",\"target\":{\"@type\":\"EntryPoint\",\"urlTemplate\":\"https:\\\/\\\/janeke1830.it\\\/?s={search_term_string}\"},\"query-input\":{\"@type\":\"PropertyValueSpecification\",\"valueRequired\":true,\"valueName\":\"search_term_string\"}}],\"inLanguage\":\"fr-FR\"},{\"@type\":\"Organization\",\"@id\":\"https:\\\/\\\/janeke1830.it\\\/#organization\",\"name\":\"J\u00e4neke 1830\",\"url\":\"https:\\\/\\\/janeke1830.it\\\/\",\"logo\":{\"@type\":\"ImageObject\",\"inLanguage\":\"fr-FR\",\"@id\":\"https:\\\/\\\/janeke1830.it\\\/#\\\/schema\\\/logo\\\/image\\\/\",\"url\":\"https:\\\/\\\/janeke1830.it\\\/wp-content\\\/uploads\\\/2025\\\/12\\\/logo-nero-janeke.png\",\"contentUrl\":\"https:\\\/\\\/janeke1830.it\\\/wp-content\\\/uploads\\\/2025\\\/12\\\/logo-nero-janeke.png\",\"width\":1824,\"height\":829,\"caption\":\"J\u00e4neke 1830\"},\"image\":{\"@id\":\"https:\\\/\\\/janeke1830.it\\\/#\\\/schema\\\/logo\\\/image\\\/\"},\"sameAs\":[\"https:\\\/\\\/www.facebook.com\\\/janeke1830\",\"https:\\\/\\\/www.instagram.com\\\/janeke1830official\",\"https:\\\/\\\/www.linkedin.com\\\/company\\\/giorgio-janeke-s-r-l-\\\/\"]}]}<\/script>\n<!-- \/ Yoast SEO plugin. -->","yoast_head_json":{"title":"J\u00e4neke Large Crystal Pliers - Fonctionnelle et \u00e9l\u00e9gante","description":"Etincelante et bien fix\u00e9e sur les cheveux, la pince J\u00e4neke Large Crystals apporte une touche de glamour \u00e0 chaque look. Ajoutez-la \u00e0 votre panier !","robots":{"index":"index","follow":"follow","max-snippet":"max-snippet:-1","max-image-preview":"max-image-preview:large","max-video-preview":"max-video-preview:-1"},"canonical":"https:\/\/janeke1830.it\/fr\/prodotto\/pince-a-cheveux-avec-gros-cristaux\/","og_locale":"fr_FR","og_type":"article","og_title":"J\u00e4neke Large Crystal Pliers - Fonctionnelle et \u00e9l\u00e9gante","og_description":"Etincelante et bien fix\u00e9e sur les cheveux, la pince J\u00e4neke Large Crystals apporte une touche de glamour \u00e0 chaque look. Ajoutez-la \u00e0 votre panier !","og_url":"https:\/\/janeke1830.it\/fr\/prodotto\/pince-a-cheveux-avec-gros-cristaux\/","og_site_name":"J\u00e4neke","article_publisher":"https:\/\/www.facebook.com\/janeke1830","article_modified_time":"2026-02-02T09:04:08+00:00","og_image":[{"width":1024,"height":1024,"url":"https:\/\/janeke1830.it\/wp-content\/uploads\/2025\/12\/TB52528DS.png","type":"image\/png"}],"twitter_card":"summary_large_image","schema":{"@context":"https:\/\/schema.org","@graph":[{"@type":"WebPage","@id":"https:\/\/janeke1830.it\/fr\/prodotto\/pince-a-cheveux-avec-gros-cristaux\/","url":"https:\/\/janeke1830.it\/fr\/prodotto\/pince-a-cheveux-avec-gros-cristaux\/","name":"J\u00e4neke Large Crystal Pliers - Fonctionnelle et \u00e9l\u00e9gante","isPartOf":{"@id":"https:\/\/janeke1830.it\/#website"},"primaryImageOfPage":{"@id":"https:\/\/janeke1830.it\/fr\/prodotto\/pince-a-cheveux-avec-gros-cristaux\/#primaryimage"},"image":{"@id":"https:\/\/janeke1830.it\/fr\/prodotto\/pince-a-cheveux-avec-gros-cristaux\/#primaryimage"},"thumbnailUrl":"https:\/\/janeke1830.it\/wp-content\/uploads\/2025\/12\/pinza-cristalli-grandi-tartaruga-tb52528ds.png","datePublished":"2026-01-07T16:30:23+00:00","dateModified":"2026-02-02T09:04:08+00:00","description":"Etincelante et bien fix\u00e9e sur les cheveux, la pince J\u00e4neke Large Crystals apporte une touche de glamour \u00e0 chaque look. Ajoutez-la \u00e0 votre panier !","breadcrumb":{"@id":"https:\/\/janeke1830.it\/fr\/prodotto\/pince-a-cheveux-avec-gros-cristaux\/#breadcrumb"},"inLanguage":"fr-FR","potentialAction":[{"@type":"ReadAction","target":["https:\/\/janeke1830.it\/fr\/prodotto\/pince-a-cheveux-avec-gros-cristaux\/"]}]},{"@type":"ImageObject","inLanguage":"fr-FR","@id":"https:\/\/janeke1830.it\/fr\/prodotto\/pince-a-cheveux-avec-gros-cristaux\/#primaryimage","url":"https:\/\/janeke1830.it\/wp-content\/uploads\/2025\/12\/pinza-cristalli-grandi-tartaruga-tb52528ds.png","contentUrl":"https:\/\/janeke1830.it\/wp-content\/uploads\/2025\/12\/pinza-cristalli-grandi-tartaruga-tb52528ds.png","width":1024,"height":1024,"caption":"Pinza con cristalli grandi J\u00e4neke tartaruga classica con tocco chic"},{"@type":"BreadcrumbList","@id":"https:\/\/janeke1830.it\/fr\/prodotto\/pince-a-cheveux-avec-gros-cristaux\/#breadcrumb","itemListElement":[{"@type":"ListItem","position":1,"name":"Home","item":"https:\/\/janeke1830.it\/"},{"@type":"ListItem","position":2,"name":"Boutique","item":"https:\/\/janeke1830.it\/fr\/boutique\/"},{"@type":"ListItem","position":3,"name":"Pince \u00e0 cheveux avec gros cristaux"}]},{"@type":"WebSite","@id":"https:\/\/janeke1830.it\/#website","url":"https:\/\/janeke1830.it\/","name":"J\u00e4neke 1830","description":"","publisher":{"@id":"https:\/\/janeke1830.it\/#organization"},"potentialAction":[{"@type":"SearchAction","target":{"@type":"EntryPoint","urlTemplate":"https:\/\/janeke1830.it\/?s={search_term_string}"},"query-input":{"@type":"PropertyValueSpecification","valueRequired":true,"valueName":"search_term_string"}}],"inLanguage":"fr-FR"},{"@type":"Organization","@id":"https:\/\/janeke1830.it\/#organization","name":"J\u00e4neke 1830","url":"https:\/\/janeke1830.it\/","logo":{"@type":"ImageObject","inLanguage":"fr-FR","@id":"https:\/\/janeke1830.it\/#\/schema\/logo\/image\/","url":"https:\/\/janeke1830.it\/wp-content\/uploads\/2025\/12\/logo-nero-janeke.png","contentUrl":"https:\/\/janeke1830.it\/wp-content\/uploads\/2025\/12\/logo-nero-janeke.png","width":1824,"height":829,"caption":"J\u00e4neke 1830"},"image":{"@id":"https:\/\/janeke1830.it\/#\/schema\/logo\/image\/"},"sameAs":["https:\/\/www.facebook.com\/janeke1830","https:\/\/www.instagram.com\/janeke1830official","https:\/\/www.linkedin.com\/company\/giorgio-janeke-s-r-l-\/"]}]}},"_links":{"self":[{"href":"https:\/\/janeke1830.it\/fr\/wp-json\/wp\/v2\/product\/3817","targetHints":{"allow":["GET"]}}],"collection":[{"href":"https:\/\/janeke1830.it\/fr\/wp-json\/wp\/v2\/product"}],"about":[{"href":"https:\/\/janeke1830.it\/fr\/wp-json\/wp\/v2\/types\/product"}],"replies":[{"embeddable":true,"href":"https:\/\/janeke1830.it\/fr\/wp-json\/wp\/v2\/comments?post=3817"}],"wp:featuredmedia":[{"embeddable":true,"href":"https:\/\/janeke1830.it\/fr\/wp-json\/wp\/v2\/media\/3818"}],"wp:attachment":[{"href":"https:\/\/janeke1830.it\/fr\/wp-json\/wp\/v2\/media?parent=3817"}],"wp:term":[{"taxonomy":"product_brand","embeddable":true,"href":"https:\/\/janeke1830.it\/fr\/wp-json\/wp\/v2\/product_brand?post=3817"},{"taxonomy":"product_cat","embeddable":true,"href":"https:\/\/janeke1830.it\/fr\/wp-json\/wp\/v2\/product_cat?post=3817"},{"taxonomy":"product_tag","embeddable":true,"href":"https:\/\/janeke1830.it\/fr\/wp-json\/wp\/v2\/product_tag?post=3817"}],"curies":[{"name":"wp","href":"https:\/\/api.w.org\/{rel}","templated":true}]}}