{"id":3807,"date":"2026-01-07T12:12:56","date_gmt":"2026-01-07T11:12:56","guid":{"rendered":"https:\/\/janeke1830.it\/prodotto\/grande-pince-bordee-or-6-dents\/"},"modified":"2026-02-02T10:05:57","modified_gmt":"2026-02-02T09:05:57","slug":"grande-pince-bordee-or-6-dents","status":"publish","type":"product","link":"https:\/\/janeke1830.it\/fr\/prodotto\/grande-pince-bordee-or-6-dents\/","title":{"rendered":"Grande pince bord\u00e9e or 6 dents"},"content":{"rendered":"","protected":false},"excerpt":{"rendered":"<p>\u00c9l\u00e9gante et fonctionnelle, la pince \u00e0 cheveux Janeke est con\u00e7ue pour fixer les cheveux avec s\u00e9curit\u00e9 et style. La structure r\u00e9sistante et les six dents bien espac\u00e9es assurent une prise ferme sans ab\u00eemer la fibre capillaire, permettant de cr\u00e9er des coiffures parfaites en quelques gestes. La finition dor\u00e9e ajoute une touche de raffinement, transformant un accessoire pratique en un d\u00e9tail de classe.  <\/p>\n<p>Parfaite pour tous les types de cheveux, elle allie confort, \u00e9l\u00e9gance et le savoir-faire artisanal distinctif de la marque Janeke.<\/p>\n","protected":false},"featured_media":3808,"comment_status":"closed","ping_status":"closed","template":"","meta":[],"product_brand":[815],"product_cat":[680],"product_tag":[681,686],"class_list":{"0":"post-3807","1":"product","2":"type-product","3":"status-publish","4":"has-post-thumbnail","6":"product_brand-luxury","7":"product_cat-accessoires-pour-cheveux","8":"product_tag-accessoires-pour-cheveux","9":"product_tag-pince","11":"first","12":"instock","13":"shipping-taxable","14":"purchasable","15":"product-type-variable","16":"wvs-archive-product-wrapper"},"yoast_head":"<!-- This site is optimized with the Yoast SEO plugin v27.6 - https:\/\/yoast.com\/product\/yoast-seo-wordpress\/ -->\n<title>J\u00e4neke 1830 J\u00e4neke 6 dents Pince large bord\u00e9e d&#039;or - Finition<\/title>\n<meta name=\"description\" content=\"Finie avec \u00e9l\u00e9gance, la grande pince \u00e0 6 dents bord\u00e9e d&#039;or de J\u00e4neke assure une prise ferme et raffin\u00e9e. Achetez-la pour votre style !\" \/>\n<meta name=\"robots\" content=\"index, follow, max-snippet:-1, max-image-preview:large, max-video-preview:-1\" \/>\n<link rel=\"canonical\" href=\"https:\/\/janeke1830.it\/fr\/prodotto\/grande-pince-bordee-or-6-dents\/\" \/>\n<meta property=\"og:locale\" content=\"fr_FR\" \/>\n<meta property=\"og:type\" content=\"article\" \/>\n<meta property=\"og:title\" content=\"J\u00e4neke 1830 J\u00e4neke 6 dents Pince large bord\u00e9e d&#039;or - Finition\" \/>\n<meta property=\"og:description\" content=\"Finie avec \u00e9l\u00e9gance, la grande pince \u00e0 6 dents bord\u00e9e d&#039;or de J\u00e4neke assure une prise ferme et raffin\u00e9e. Achetez-la pour votre style !\" \/>\n<meta property=\"og:url\" content=\"https:\/\/janeke1830.it\/fr\/prodotto\/grande-pince-bordee-or-6-dents\/\" \/>\n<meta property=\"og:site_name\" content=\"J\u00e4neke\" \/>\n<meta property=\"article:publisher\" content=\"https:\/\/www.facebook.com\/janeke1830\" \/>\n<meta property=\"article:modified_time\" content=\"2026-02-02T09:05:57+00:00\" \/>\n<meta property=\"og:image\" content=\"https:\/\/janeke1830.it\/wp-content\/uploads\/2025\/12\/JG29100DBL.png\" \/>\n\t<meta property=\"og:image:width\" content=\"1024\" \/>\n\t<meta property=\"og:image:height\" content=\"1024\" \/>\n\t<meta property=\"og:image:type\" content=\"image\/png\" \/>\n<meta name=\"twitter:card\" content=\"summary_large_image\" \/>\n<script type=\"application\/ld+json\" class=\"yoast-schema-graph\">{\"@context\":\"https:\\\/\\\/schema.org\",\"@graph\":[{\"@type\":\"WebPage\",\"@id\":\"https:\\\/\\\/janeke1830.it\\\/fr\\\/prodotto\\\/grande-pince-bordee-or-6-dents\\\/\",\"url\":\"https:\\\/\\\/janeke1830.it\\\/fr\\\/prodotto\\\/grande-pince-bordee-or-6-dents\\\/\",\"name\":\"J\u00e4neke 1830 J\u00e4neke 6 dents Pince large bord\u00e9e d'or - Finition\",\"isPartOf\":{\"@id\":\"https:\\\/\\\/janeke1830.it\\\/#website\"},\"primaryImageOfPage\":{\"@id\":\"https:\\\/\\\/janeke1830.it\\\/fr\\\/prodotto\\\/grande-pince-bordee-or-6-dents\\\/#primaryimage\"},\"image\":{\"@id\":\"https:\\\/\\\/janeke1830.it\\\/fr\\\/prodotto\\\/grande-pince-bordee-or-6-dents\\\/#primaryimage\"},\"thumbnailUrl\":\"https:\\\/\\\/janeke1830.it\\\/wp-content\\\/uploads\\\/2025\\\/12\\\/pinza-grande-bordata-tartaruga-jg29100dbl.png\",\"datePublished\":\"2026-01-07T11:12:56+00:00\",\"dateModified\":\"2026-02-02T09:05:57+00:00\",\"description\":\"Finie avec \u00e9l\u00e9gance, la grande pince \u00e0 6 dents bord\u00e9e d'or de J\u00e4neke assure une prise ferme et raffin\u00e9e. Achetez-la pour votre style !\",\"breadcrumb\":{\"@id\":\"https:\\\/\\\/janeke1830.it\\\/fr\\\/prodotto\\\/grande-pince-bordee-or-6-dents\\\/#breadcrumb\"},\"inLanguage\":\"fr-FR\",\"potentialAction\":[{\"@type\":\"ReadAction\",\"target\":[\"https:\\\/\\\/janeke1830.it\\\/fr\\\/prodotto\\\/grande-pince-bordee-or-6-dents\\\/\"]}]},{\"@type\":\"ImageObject\",\"inLanguage\":\"fr-FR\",\"@id\":\"https:\\\/\\\/janeke1830.it\\\/fr\\\/prodotto\\\/grande-pince-bordee-or-6-dents\\\/#primaryimage\",\"url\":\"https:\\\/\\\/janeke1830.it\\\/wp-content\\\/uploads\\\/2025\\\/12\\\/pinza-grande-bordata-tartaruga-jg29100dbl.png\",\"contentUrl\":\"https:\\\/\\\/janeke1830.it\\\/wp-content\\\/uploads\\\/2025\\\/12\\\/pinza-grande-bordata-tartaruga-jg29100dbl.png\",\"width\":1024,\"height\":1024,\"caption\":\"Pinza grande bordata oro J\u00e4neke tartaruga con presa salda e raffinata\"},{\"@type\":\"BreadcrumbList\",\"@id\":\"https:\\\/\\\/janeke1830.it\\\/fr\\\/prodotto\\\/grande-pince-bordee-or-6-dents\\\/#breadcrumb\",\"itemListElement\":[{\"@type\":\"ListItem\",\"position\":1,\"name\":\"Home\",\"item\":\"https:\\\/\\\/janeke1830.it\\\/\"},{\"@type\":\"ListItem\",\"position\":2,\"name\":\"Boutique\",\"item\":\"https:\\\/\\\/janeke1830.it\\\/fr\\\/boutique\\\/\"},{\"@type\":\"ListItem\",\"position\":3,\"name\":\"Grande pince bord\u00e9e or 6 dents\"}]},{\"@type\":\"WebSite\",\"@id\":\"https:\\\/\\\/janeke1830.it\\\/#website\",\"url\":\"https:\\\/\\\/janeke1830.it\\\/\",\"name\":\"J\u00e4neke 1830\",\"description\":\"\",\"publisher\":{\"@id\":\"https:\\\/\\\/janeke1830.it\\\/#organization\"},\"potentialAction\":[{\"@type\":\"SearchAction\",\"target\":{\"@type\":\"EntryPoint\",\"urlTemplate\":\"https:\\\/\\\/janeke1830.it\\\/?s={search_term_string}\"},\"query-input\":{\"@type\":\"PropertyValueSpecification\",\"valueRequired\":true,\"valueName\":\"search_term_string\"}}],\"inLanguage\":\"fr-FR\"},{\"@type\":\"Organization\",\"@id\":\"https:\\\/\\\/janeke1830.it\\\/#organization\",\"name\":\"J\u00e4neke 1830\",\"url\":\"https:\\\/\\\/janeke1830.it\\\/\",\"logo\":{\"@type\":\"ImageObject\",\"inLanguage\":\"fr-FR\",\"@id\":\"https:\\\/\\\/janeke1830.it\\\/#\\\/schema\\\/logo\\\/image\\\/\",\"url\":\"https:\\\/\\\/janeke1830.it\\\/wp-content\\\/uploads\\\/2025\\\/12\\\/logo-nero-janeke.png\",\"contentUrl\":\"https:\\\/\\\/janeke1830.it\\\/wp-content\\\/uploads\\\/2025\\\/12\\\/logo-nero-janeke.png\",\"width\":1824,\"height\":829,\"caption\":\"J\u00e4neke 1830\"},\"image\":{\"@id\":\"https:\\\/\\\/janeke1830.it\\\/#\\\/schema\\\/logo\\\/image\\\/\"},\"sameAs\":[\"https:\\\/\\\/www.facebook.com\\\/janeke1830\",\"https:\\\/\\\/www.instagram.com\\\/janeke1830official\",\"https:\\\/\\\/www.linkedin.com\\\/company\\\/giorgio-janeke-s-r-l-\\\/\"]}]}<\/script>\n<!-- \/ Yoast SEO plugin. -->","yoast_head_json":{"title":"J\u00e4neke 1830 J\u00e4neke 6 dents Pince large bord\u00e9e d'or - Finition","description":"Finie avec \u00e9l\u00e9gance, la grande pince \u00e0 6 dents bord\u00e9e d'or de J\u00e4neke assure une prise ferme et raffin\u00e9e. Achetez-la pour votre style !","robots":{"index":"index","follow":"follow","max-snippet":"max-snippet:-1","max-image-preview":"max-image-preview:large","max-video-preview":"max-video-preview:-1"},"canonical":"https:\/\/janeke1830.it\/fr\/prodotto\/grande-pince-bordee-or-6-dents\/","og_locale":"fr_FR","og_type":"article","og_title":"J\u00e4neke 1830 J\u00e4neke 6 dents Pince large bord\u00e9e d'or - Finition","og_description":"Finie avec \u00e9l\u00e9gance, la grande pince \u00e0 6 dents bord\u00e9e d'or de J\u00e4neke assure une prise ferme et raffin\u00e9e. Achetez-la pour votre style !","og_url":"https:\/\/janeke1830.it\/fr\/prodotto\/grande-pince-bordee-or-6-dents\/","og_site_name":"J\u00e4neke","article_publisher":"https:\/\/www.facebook.com\/janeke1830","article_modified_time":"2026-02-02T09:05:57+00:00","og_image":[{"width":1024,"height":1024,"url":"https:\/\/janeke1830.it\/wp-content\/uploads\/2025\/12\/JG29100DBL.png","type":"image\/png"}],"twitter_card":"summary_large_image","schema":{"@context":"https:\/\/schema.org","@graph":[{"@type":"WebPage","@id":"https:\/\/janeke1830.it\/fr\/prodotto\/grande-pince-bordee-or-6-dents\/","url":"https:\/\/janeke1830.it\/fr\/prodotto\/grande-pince-bordee-or-6-dents\/","name":"J\u00e4neke 1830 J\u00e4neke 6 dents Pince large bord\u00e9e d'or - Finition","isPartOf":{"@id":"https:\/\/janeke1830.it\/#website"},"primaryImageOfPage":{"@id":"https:\/\/janeke1830.it\/fr\/prodotto\/grande-pince-bordee-or-6-dents\/#primaryimage"},"image":{"@id":"https:\/\/janeke1830.it\/fr\/prodotto\/grande-pince-bordee-or-6-dents\/#primaryimage"},"thumbnailUrl":"https:\/\/janeke1830.it\/wp-content\/uploads\/2025\/12\/pinza-grande-bordata-tartaruga-jg29100dbl.png","datePublished":"2026-01-07T11:12:56+00:00","dateModified":"2026-02-02T09:05:57+00:00","description":"Finie avec \u00e9l\u00e9gance, la grande pince \u00e0 6 dents bord\u00e9e d'or de J\u00e4neke assure une prise ferme et raffin\u00e9e. Achetez-la pour votre style !","breadcrumb":{"@id":"https:\/\/janeke1830.it\/fr\/prodotto\/grande-pince-bordee-or-6-dents\/#breadcrumb"},"inLanguage":"fr-FR","potentialAction":[{"@type":"ReadAction","target":["https:\/\/janeke1830.it\/fr\/prodotto\/grande-pince-bordee-or-6-dents\/"]}]},{"@type":"ImageObject","inLanguage":"fr-FR","@id":"https:\/\/janeke1830.it\/fr\/prodotto\/grande-pince-bordee-or-6-dents\/#primaryimage","url":"https:\/\/janeke1830.it\/wp-content\/uploads\/2025\/12\/pinza-grande-bordata-tartaruga-jg29100dbl.png","contentUrl":"https:\/\/janeke1830.it\/wp-content\/uploads\/2025\/12\/pinza-grande-bordata-tartaruga-jg29100dbl.png","width":1024,"height":1024,"caption":"Pinza grande bordata oro J\u00e4neke tartaruga con presa salda e raffinata"},{"@type":"BreadcrumbList","@id":"https:\/\/janeke1830.it\/fr\/prodotto\/grande-pince-bordee-or-6-dents\/#breadcrumb","itemListElement":[{"@type":"ListItem","position":1,"name":"Home","item":"https:\/\/janeke1830.it\/"},{"@type":"ListItem","position":2,"name":"Boutique","item":"https:\/\/janeke1830.it\/fr\/boutique\/"},{"@type":"ListItem","position":3,"name":"Grande pince bord\u00e9e or 6 dents"}]},{"@type":"WebSite","@id":"https:\/\/janeke1830.it\/#website","url":"https:\/\/janeke1830.it\/","name":"J\u00e4neke 1830","description":"","publisher":{"@id":"https:\/\/janeke1830.it\/#organization"},"potentialAction":[{"@type":"SearchAction","target":{"@type":"EntryPoint","urlTemplate":"https:\/\/janeke1830.it\/?s={search_term_string}"},"query-input":{"@type":"PropertyValueSpecification","valueRequired":true,"valueName":"search_term_string"}}],"inLanguage":"fr-FR"},{"@type":"Organization","@id":"https:\/\/janeke1830.it\/#organization","name":"J\u00e4neke 1830","url":"https:\/\/janeke1830.it\/","logo":{"@type":"ImageObject","inLanguage":"fr-FR","@id":"https:\/\/janeke1830.it\/#\/schema\/logo\/image\/","url":"https:\/\/janeke1830.it\/wp-content\/uploads\/2025\/12\/logo-nero-janeke.png","contentUrl":"https:\/\/janeke1830.it\/wp-content\/uploads\/2025\/12\/logo-nero-janeke.png","width":1824,"height":829,"caption":"J\u00e4neke 1830"},"image":{"@id":"https:\/\/janeke1830.it\/#\/schema\/logo\/image\/"},"sameAs":["https:\/\/www.facebook.com\/janeke1830","https:\/\/www.instagram.com\/janeke1830official","https:\/\/www.linkedin.com\/company\/giorgio-janeke-s-r-l-\/"]}]}},"_links":{"self":[{"href":"https:\/\/janeke1830.it\/fr\/wp-json\/wp\/v2\/product\/3807","targetHints":{"allow":["GET"]}}],"collection":[{"href":"https:\/\/janeke1830.it\/fr\/wp-json\/wp\/v2\/product"}],"about":[{"href":"https:\/\/janeke1830.it\/fr\/wp-json\/wp\/v2\/types\/product"}],"replies":[{"embeddable":true,"href":"https:\/\/janeke1830.it\/fr\/wp-json\/wp\/v2\/comments?post=3807"}],"wp:featuredmedia":[{"embeddable":true,"href":"https:\/\/janeke1830.it\/fr\/wp-json\/wp\/v2\/media\/3808"}],"wp:attachment":[{"href":"https:\/\/janeke1830.it\/fr\/wp-json\/wp\/v2\/media?parent=3807"}],"wp:term":[{"taxonomy":"product_brand","embeddable":true,"href":"https:\/\/janeke1830.it\/fr\/wp-json\/wp\/v2\/product_brand?post=3807"},{"taxonomy":"product_cat","embeddable":true,"href":"https:\/\/janeke1830.it\/fr\/wp-json\/wp\/v2\/product_cat?post=3807"},{"taxonomy":"product_tag","embeddable":true,"href":"https:\/\/janeke1830.it\/fr\/wp-json\/wp\/v2\/product_tag?post=3807"}],"curies":[{"name":"wp","href":"https:\/\/api.w.org\/{rel}","templated":true}]}}