{"id":3729,"date":"2026-01-07T17:32:19","date_gmt":"2026-01-07T16:32:19","guid":{"rendered":"https:\/\/janeke1830.it\/prodotto\/grande-pince-a-cheveux-avec-cristaux\/"},"modified":"2026-03-03T11:47:48","modified_gmt":"2026-03-03T10:47:48","slug":"grande-pince-a-cheveux-avec-cristaux","status":"publish","type":"product","link":"https:\/\/janeke1830.it\/fr\/prodotto\/grande-pince-a-cheveux-avec-cristaux\/","title":{"rendered":"Grande pince \u00e0 cheveux avec cristaux"},"content":{"rendered":"","protected":false},"excerpt":{"rendered":"<p>\u00c9tincelante et raffin\u00e9e, elle fixe les cheveux avec s\u00fbret\u00e9 et style, gr\u00e2ce aux cristaux qui ajoutent une touche de brillance et de glamour. Sa structure r\u00e9sistante assure une prise ferme sans ab\u00eemer la fibre capillaire, permettant de cr\u00e9er des coiffures parfaites et ordonn\u00e9es. <\/p>\n<p>Parfaite pour tous types de cheveux, elle est id\u00e9ale aussi bien pour un usage quotidien que pour les occasions sp\u00e9ciales, alliant fonctionnalit\u00e9, \u00e9l\u00e9gance et qualit\u00e9 artisanale caract\u00e9ristique de la marque Janeke.<\/p>\n","protected":false},"featured_media":3731,"comment_status":"closed","ping_status":"closed","template":"","meta":[],"product_brand":[815],"product_cat":[680],"product_tag":[681],"class_list":{"0":"post-3729","1":"product","2":"type-product","3":"status-publish","4":"has-post-thumbnail","6":"product_brand-luxury","7":"product_cat-accessoires-pour-cheveux","8":"product_tag-accessoires-pour-cheveux","10":"first","11":"instock","12":"shipping-taxable","13":"purchasable","14":"product-type-simple"},"yoast_head":"<!-- This site is optimized with the Yoast SEO plugin v27.6 - https:\/\/yoast.com\/product\/yoast-seo-wordpress\/ -->\n<title>J\u00e4neke Grande pince avec cristaux - Style \u00e9tincelant<\/title>\n<meta name=\"description\" content=\"Sophistiqu\u00e9e et \u00e9tincelante, la pince J\u00e4neke Crystal Large garantit une prise s\u00fbre et un look glamour. Mettez-la dans votre panier !\" \/>\n<meta name=\"robots\" content=\"index, follow, max-snippet:-1, max-image-preview:large, max-video-preview:-1\" \/>\n<link rel=\"canonical\" href=\"https:\/\/janeke1830.it\/fr\/prodotto\/grande-pince-a-cheveux-avec-cristaux\/\" \/>\n<meta property=\"og:locale\" content=\"fr_FR\" \/>\n<meta property=\"og:type\" content=\"article\" \/>\n<meta property=\"og:title\" content=\"J\u00e4neke Grande pince avec cristaux - Style \u00e9tincelant\" \/>\n<meta property=\"og:description\" content=\"Sophistiqu\u00e9e et \u00e9tincelante, la pince J\u00e4neke Crystal Large garantit une prise s\u00fbre et un look glamour. Mettez-la dans votre panier !\" \/>\n<meta property=\"og:url\" content=\"https:\/\/janeke1830.it\/fr\/prodotto\/grande-pince-a-cheveux-avec-cristaux\/\" \/>\n<meta property=\"og:site_name\" content=\"J\u00e4neke\" \/>\n<meta property=\"article:publisher\" content=\"https:\/\/www.facebook.com\/janeke1830\" \/>\n<meta property=\"article:modified_time\" content=\"2026-03-03T10:47:48+00:00\" \/>\n<meta property=\"og:image\" content=\"https:\/\/janeke1830.it\/wp-content\/uploads\/2025\/12\/pinza-cristalli-l-b.png\" \/>\n\t<meta property=\"og:image:width\" content=\"1024\" \/>\n\t<meta property=\"og:image:height\" content=\"1024\" \/>\n\t<meta property=\"og:image:type\" content=\"image\/png\" \/>\n<meta name=\"twitter:card\" content=\"summary_large_image\" \/>\n<script type=\"application\/ld+json\" class=\"yoast-schema-graph\">{\"@context\":\"https:\\\/\\\/schema.org\",\"@graph\":[{\"@type\":\"WebPage\",\"@id\":\"https:\\\/\\\/janeke1830.it\\\/fr\\\/prodotto\\\/grande-pince-a-cheveux-avec-cristaux\\\/\",\"url\":\"https:\\\/\\\/janeke1830.it\\\/fr\\\/prodotto\\\/grande-pince-a-cheveux-avec-cristaux\\\/\",\"name\":\"J\u00e4neke Grande pince avec cristaux - Style \u00e9tincelant\",\"isPartOf\":{\"@id\":\"https:\\\/\\\/janeke1830.it\\\/#website\"},\"primaryImageOfPage\":{\"@id\":\"https:\\\/\\\/janeke1830.it\\\/fr\\\/prodotto\\\/grande-pince-a-cheveux-avec-cristaux\\\/#primaryimage\"},\"image\":{\"@id\":\"https:\\\/\\\/janeke1830.it\\\/fr\\\/prodotto\\\/grande-pince-a-cheveux-avec-cristaux\\\/#primaryimage\"},\"thumbnailUrl\":\"https:\\\/\\\/janeke1830.it\\\/wp-content\\\/uploads\\\/2025\\\/12\\\/pinza-grande-cristalli.png\",\"datePublished\":\"2026-01-07T16:32:19+00:00\",\"dateModified\":\"2026-03-03T10:47:48+00:00\",\"description\":\"Sophistiqu\u00e9e et \u00e9tincelante, la pince J\u00e4neke Crystal Large garantit une prise s\u00fbre et un look glamour. Mettez-la dans votre panier !\",\"breadcrumb\":{\"@id\":\"https:\\\/\\\/janeke1830.it\\\/fr\\\/prodotto\\\/grande-pince-a-cheveux-avec-cristaux\\\/#breadcrumb\"},\"inLanguage\":\"fr-FR\",\"potentialAction\":[{\"@type\":\"ReadAction\",\"target\":[\"https:\\\/\\\/janeke1830.it\\\/fr\\\/prodotto\\\/grande-pince-a-cheveux-avec-cristaux\\\/\"]}]},{\"@type\":\"ImageObject\",\"inLanguage\":\"fr-FR\",\"@id\":\"https:\\\/\\\/janeke1830.it\\\/fr\\\/prodotto\\\/grande-pince-a-cheveux-avec-cristaux\\\/#primaryimage\",\"url\":\"https:\\\/\\\/janeke1830.it\\\/wp-content\\\/uploads\\\/2025\\\/12\\\/pinza-grande-cristalli.png\",\"contentUrl\":\"https:\\\/\\\/janeke1830.it\\\/wp-content\\\/uploads\\\/2025\\\/12\\\/pinza-grande-cristalli.png\",\"width\":1024,\"height\":1024,\"caption\":\"Pinza piccola con cristalli J\u00e4neke brillante e compatta per look raffinati\"},{\"@type\":\"BreadcrumbList\",\"@id\":\"https:\\\/\\\/janeke1830.it\\\/fr\\\/prodotto\\\/grande-pince-a-cheveux-avec-cristaux\\\/#breadcrumb\",\"itemListElement\":[{\"@type\":\"ListItem\",\"position\":1,\"name\":\"Home\",\"item\":\"https:\\\/\\\/janeke1830.it\\\/\"},{\"@type\":\"ListItem\",\"position\":2,\"name\":\"Boutique\",\"item\":\"https:\\\/\\\/janeke1830.it\\\/fr\\\/boutique\\\/\"},{\"@type\":\"ListItem\",\"position\":3,\"name\":\"Grande pince \u00e0 cheveux avec cristaux\"}]},{\"@type\":\"WebSite\",\"@id\":\"https:\\\/\\\/janeke1830.it\\\/#website\",\"url\":\"https:\\\/\\\/janeke1830.it\\\/\",\"name\":\"J\u00e4neke 1830\",\"description\":\"\",\"publisher\":{\"@id\":\"https:\\\/\\\/janeke1830.it\\\/#organization\"},\"potentialAction\":[{\"@type\":\"SearchAction\",\"target\":{\"@type\":\"EntryPoint\",\"urlTemplate\":\"https:\\\/\\\/janeke1830.it\\\/?s={search_term_string}\"},\"query-input\":{\"@type\":\"PropertyValueSpecification\",\"valueRequired\":true,\"valueName\":\"search_term_string\"}}],\"inLanguage\":\"fr-FR\"},{\"@type\":\"Organization\",\"@id\":\"https:\\\/\\\/janeke1830.it\\\/#organization\",\"name\":\"J\u00e4neke 1830\",\"url\":\"https:\\\/\\\/janeke1830.it\\\/\",\"logo\":{\"@type\":\"ImageObject\",\"inLanguage\":\"fr-FR\",\"@id\":\"https:\\\/\\\/janeke1830.it\\\/#\\\/schema\\\/logo\\\/image\\\/\",\"url\":\"https:\\\/\\\/janeke1830.it\\\/wp-content\\\/uploads\\\/2025\\\/12\\\/logo-nero-janeke.png\",\"contentUrl\":\"https:\\\/\\\/janeke1830.it\\\/wp-content\\\/uploads\\\/2025\\\/12\\\/logo-nero-janeke.png\",\"width\":1824,\"height\":829,\"caption\":\"J\u00e4neke 1830\"},\"image\":{\"@id\":\"https:\\\/\\\/janeke1830.it\\\/#\\\/schema\\\/logo\\\/image\\\/\"},\"sameAs\":[\"https:\\\/\\\/www.facebook.com\\\/janeke1830\",\"https:\\\/\\\/www.instagram.com\\\/janeke1830official\",\"https:\\\/\\\/www.linkedin.com\\\/company\\\/giorgio-janeke-s-r-l-\\\/\"]}]}<\/script>\n<!-- \/ Yoast SEO plugin. -->","yoast_head_json":{"title":"J\u00e4neke Grande pince avec cristaux - Style \u00e9tincelant","description":"Sophistiqu\u00e9e et \u00e9tincelante, la pince J\u00e4neke Crystal Large garantit une prise s\u00fbre et un look glamour. Mettez-la dans votre panier !","robots":{"index":"index","follow":"follow","max-snippet":"max-snippet:-1","max-image-preview":"max-image-preview:large","max-video-preview":"max-video-preview:-1"},"canonical":"https:\/\/janeke1830.it\/fr\/prodotto\/grande-pince-a-cheveux-avec-cristaux\/","og_locale":"fr_FR","og_type":"article","og_title":"J\u00e4neke Grande pince avec cristaux - Style \u00e9tincelant","og_description":"Sophistiqu\u00e9e et \u00e9tincelante, la pince J\u00e4neke Crystal Large garantit une prise s\u00fbre et un look glamour. Mettez-la dans votre panier !","og_url":"https:\/\/janeke1830.it\/fr\/prodotto\/grande-pince-a-cheveux-avec-cristaux\/","og_site_name":"J\u00e4neke","article_publisher":"https:\/\/www.facebook.com\/janeke1830","article_modified_time":"2026-03-03T10:47:48+00:00","og_image":[{"width":1024,"height":1024,"url":"https:\/\/janeke1830.it\/wp-content\/uploads\/2025\/12\/pinza-cristalli-l-b.png","type":"image\/png"}],"twitter_card":"summary_large_image","schema":{"@context":"https:\/\/schema.org","@graph":[{"@type":"WebPage","@id":"https:\/\/janeke1830.it\/fr\/prodotto\/grande-pince-a-cheveux-avec-cristaux\/","url":"https:\/\/janeke1830.it\/fr\/prodotto\/grande-pince-a-cheveux-avec-cristaux\/","name":"J\u00e4neke Grande pince avec cristaux - Style \u00e9tincelant","isPartOf":{"@id":"https:\/\/janeke1830.it\/#website"},"primaryImageOfPage":{"@id":"https:\/\/janeke1830.it\/fr\/prodotto\/grande-pince-a-cheveux-avec-cristaux\/#primaryimage"},"image":{"@id":"https:\/\/janeke1830.it\/fr\/prodotto\/grande-pince-a-cheveux-avec-cristaux\/#primaryimage"},"thumbnailUrl":"https:\/\/janeke1830.it\/wp-content\/uploads\/2025\/12\/pinza-grande-cristalli.png","datePublished":"2026-01-07T16:32:19+00:00","dateModified":"2026-03-03T10:47:48+00:00","description":"Sophistiqu\u00e9e et \u00e9tincelante, la pince J\u00e4neke Crystal Large garantit une prise s\u00fbre et un look glamour. Mettez-la dans votre panier !","breadcrumb":{"@id":"https:\/\/janeke1830.it\/fr\/prodotto\/grande-pince-a-cheveux-avec-cristaux\/#breadcrumb"},"inLanguage":"fr-FR","potentialAction":[{"@type":"ReadAction","target":["https:\/\/janeke1830.it\/fr\/prodotto\/grande-pince-a-cheveux-avec-cristaux\/"]}]},{"@type":"ImageObject","inLanguage":"fr-FR","@id":"https:\/\/janeke1830.it\/fr\/prodotto\/grande-pince-a-cheveux-avec-cristaux\/#primaryimage","url":"https:\/\/janeke1830.it\/wp-content\/uploads\/2025\/12\/pinza-grande-cristalli.png","contentUrl":"https:\/\/janeke1830.it\/wp-content\/uploads\/2025\/12\/pinza-grande-cristalli.png","width":1024,"height":1024,"caption":"Pinza piccola con cristalli J\u00e4neke brillante e compatta per look raffinati"},{"@type":"BreadcrumbList","@id":"https:\/\/janeke1830.it\/fr\/prodotto\/grande-pince-a-cheveux-avec-cristaux\/#breadcrumb","itemListElement":[{"@type":"ListItem","position":1,"name":"Home","item":"https:\/\/janeke1830.it\/"},{"@type":"ListItem","position":2,"name":"Boutique","item":"https:\/\/janeke1830.it\/fr\/boutique\/"},{"@type":"ListItem","position":3,"name":"Grande pince \u00e0 cheveux avec cristaux"}]},{"@type":"WebSite","@id":"https:\/\/janeke1830.it\/#website","url":"https:\/\/janeke1830.it\/","name":"J\u00e4neke 1830","description":"","publisher":{"@id":"https:\/\/janeke1830.it\/#organization"},"potentialAction":[{"@type":"SearchAction","target":{"@type":"EntryPoint","urlTemplate":"https:\/\/janeke1830.it\/?s={search_term_string}"},"query-input":{"@type":"PropertyValueSpecification","valueRequired":true,"valueName":"search_term_string"}}],"inLanguage":"fr-FR"},{"@type":"Organization","@id":"https:\/\/janeke1830.it\/#organization","name":"J\u00e4neke 1830","url":"https:\/\/janeke1830.it\/","logo":{"@type":"ImageObject","inLanguage":"fr-FR","@id":"https:\/\/janeke1830.it\/#\/schema\/logo\/image\/","url":"https:\/\/janeke1830.it\/wp-content\/uploads\/2025\/12\/logo-nero-janeke.png","contentUrl":"https:\/\/janeke1830.it\/wp-content\/uploads\/2025\/12\/logo-nero-janeke.png","width":1824,"height":829,"caption":"J\u00e4neke 1830"},"image":{"@id":"https:\/\/janeke1830.it\/#\/schema\/logo\/image\/"},"sameAs":["https:\/\/www.facebook.com\/janeke1830","https:\/\/www.instagram.com\/janeke1830official","https:\/\/www.linkedin.com\/company\/giorgio-janeke-s-r-l-\/"]}]}},"_links":{"self":[{"href":"https:\/\/janeke1830.it\/fr\/wp-json\/wp\/v2\/product\/3729","targetHints":{"allow":["GET"]}}],"collection":[{"href":"https:\/\/janeke1830.it\/fr\/wp-json\/wp\/v2\/product"}],"about":[{"href":"https:\/\/janeke1830.it\/fr\/wp-json\/wp\/v2\/types\/product"}],"replies":[{"embeddable":true,"href":"https:\/\/janeke1830.it\/fr\/wp-json\/wp\/v2\/comments?post=3729"}],"wp:featuredmedia":[{"embeddable":true,"href":"https:\/\/janeke1830.it\/fr\/wp-json\/wp\/v2\/media\/3731"}],"wp:attachment":[{"href":"https:\/\/janeke1830.it\/fr\/wp-json\/wp\/v2\/media?parent=3729"}],"wp:term":[{"taxonomy":"product_brand","embeddable":true,"href":"https:\/\/janeke1830.it\/fr\/wp-json\/wp\/v2\/product_brand?post=3729"},{"taxonomy":"product_cat","embeddable":true,"href":"https:\/\/janeke1830.it\/fr\/wp-json\/wp\/v2\/product_cat?post=3729"},{"taxonomy":"product_tag","embeddable":true,"href":"https:\/\/janeke1830.it\/fr\/wp-json\/wp\/v2\/product_tag?post=3729"}],"curies":[{"name":"wp","href":"https:\/\/api.w.org\/{rel}","templated":true}]}}