{"id":3719,"date":"2026-01-07T17:34:15","date_gmt":"2026-01-07T16:34:15","guid":{"rendered":"https:\/\/janeke1830.it\/prodotto\/petite-pince-a-cheveux-avec-cristaux\/"},"modified":"2026-03-03T11:47:48","modified_gmt":"2026-03-03T10:47:48","slug":"petite-pince-a-cheveux-avec-cristaux","status":"publish","type":"product","link":"https:\/\/janeke1830.it\/fr\/prodotto\/petite-pince-a-cheveux-avec-cristaux\/","title":{"rendered":"Petite pince \u00e0 cheveux avec cristaux"},"content":{"rendered":"","protected":false},"excerpt":{"rendered":"<p>Compacte et raffin\u00e9e, elle fixe les cheveux avec praticit\u00e9 et \u00e9l\u00e9gance, enrichie de cristaux qui apportent une touche de brillance au look. Sa structure r\u00e9sistante assure une prise douce mais s\u00fbre, maintenant les cheveux en place sans les casser.  Parfaite \u00e0 emporter dans le sac ou \u00e0 utiliser quotidiennement, elle allie confort, style et la qualit\u00e9 artisanale typique de la marque Janeke.<\/p>\n","protected":false},"featured_media":3721,"comment_status":"closed","ping_status":"closed","template":"","meta":[],"product_brand":[815],"product_cat":[680],"product_tag":[681],"class_list":{"0":"post-3719","1":"product","2":"type-product","3":"status-publish","4":"has-post-thumbnail","6":"product_brand-luxury","7":"product_cat-accessoires-pour-cheveux","8":"product_tag-accessoires-pour-cheveux","10":"first","11":"instock","12":"shipping-taxable","13":"purchasable","14":"product-type-simple"},"yoast_head":"<!-- This site is optimized with the Yoast SEO plugin v27.6 - https:\/\/yoast.com\/product\/yoast-seo-wordpress\/ -->\n<title>J\u00e4neke Small Pliers With Crystals - \u00c9l\u00e9gance et praticit\u00e9<\/title>\n<meta name=\"description\" content=\"Orn\u00e9e de d\u00e9tails lumineux, la petite pince J\u00e4neke avec cristaux allie une prise en main s\u00fbre \u00e0 une \u00e9l\u00e9gance raffin\u00e9e. Achetez-la maintenant !\" \/>\n<meta name=\"robots\" content=\"index, follow, max-snippet:-1, max-image-preview:large, max-video-preview:-1\" \/>\n<link rel=\"canonical\" href=\"https:\/\/janeke1830.it\/fr\/prodotto\/petite-pince-a-cheveux-avec-cristaux\/\" \/>\n<meta property=\"og:locale\" content=\"fr_FR\" \/>\n<meta property=\"og:type\" content=\"article\" \/>\n<meta property=\"og:title\" content=\"J\u00e4neke Small Pliers With Crystals - \u00c9l\u00e9gance et praticit\u00e9\" \/>\n<meta property=\"og:description\" content=\"Orn\u00e9e de d\u00e9tails lumineux, la petite pince J\u00e4neke avec cristaux allie une prise en main s\u00fbre \u00e0 une \u00e9l\u00e9gance raffin\u00e9e. Achetez-la maintenant !\" \/>\n<meta property=\"og:url\" content=\"https:\/\/janeke1830.it\/fr\/prodotto\/petite-pince-a-cheveux-avec-cristaux\/\" \/>\n<meta property=\"og:site_name\" content=\"J\u00e4neke\" \/>\n<meta property=\"article:publisher\" content=\"https:\/\/www.facebook.com\/janeke1830\" \/>\n<meta property=\"article:modified_time\" content=\"2026-03-03T10:47:48+00:00\" \/>\n<meta property=\"og:image\" content=\"https:\/\/janeke1830.it\/wp-content\/uploads\/2025\/12\/pinza-cristalli-bianco.png\" \/>\n\t<meta property=\"og:image:width\" content=\"1024\" \/>\n\t<meta property=\"og:image:height\" content=\"1024\" \/>\n\t<meta property=\"og:image:type\" content=\"image\/png\" \/>\n<meta name=\"twitter:card\" content=\"summary_large_image\" \/>\n<script type=\"application\/ld+json\" class=\"yoast-schema-graph\">{\"@context\":\"https:\\\/\\\/schema.org\",\"@graph\":[{\"@type\":\"WebPage\",\"@id\":\"https:\\\/\\\/janeke1830.it\\\/fr\\\/prodotto\\\/petite-pince-a-cheveux-avec-cristaux\\\/\",\"url\":\"https:\\\/\\\/janeke1830.it\\\/fr\\\/prodotto\\\/petite-pince-a-cheveux-avec-cristaux\\\/\",\"name\":\"J\u00e4neke Small Pliers With Crystals - \u00c9l\u00e9gance et praticit\u00e9\",\"isPartOf\":{\"@id\":\"https:\\\/\\\/janeke1830.it\\\/#website\"},\"primaryImageOfPage\":{\"@id\":\"https:\\\/\\\/janeke1830.it\\\/fr\\\/prodotto\\\/petite-pince-a-cheveux-avec-cristaux\\\/#primaryimage\"},\"image\":{\"@id\":\"https:\\\/\\\/janeke1830.it\\\/fr\\\/prodotto\\\/petite-pince-a-cheveux-avec-cristaux\\\/#primaryimage\"},\"thumbnailUrl\":\"https:\\\/\\\/janeke1830.it\\\/wp-content\\\/uploads\\\/2025\\\/12\\\/pinza-piccola-cristalli.png\",\"datePublished\":\"2026-01-07T16:34:15+00:00\",\"dateModified\":\"2026-03-03T10:47:48+00:00\",\"description\":\"Orn\u00e9e de d\u00e9tails lumineux, la petite pince J\u00e4neke avec cristaux allie une prise en main s\u00fbre \u00e0 une \u00e9l\u00e9gance raffin\u00e9e. Achetez-la maintenant !\",\"breadcrumb\":{\"@id\":\"https:\\\/\\\/janeke1830.it\\\/fr\\\/prodotto\\\/petite-pince-a-cheveux-avec-cristaux\\\/#breadcrumb\"},\"inLanguage\":\"fr-FR\",\"potentialAction\":[{\"@type\":\"ReadAction\",\"target\":[\"https:\\\/\\\/janeke1830.it\\\/fr\\\/prodotto\\\/petite-pince-a-cheveux-avec-cristaux\\\/\"]}]},{\"@type\":\"ImageObject\",\"inLanguage\":\"fr-FR\",\"@id\":\"https:\\\/\\\/janeke1830.it\\\/fr\\\/prodotto\\\/petite-pince-a-cheveux-avec-cristaux\\\/#primaryimage\",\"url\":\"https:\\\/\\\/janeke1830.it\\\/wp-content\\\/uploads\\\/2025\\\/12\\\/pinza-piccola-cristalli.png\",\"contentUrl\":\"https:\\\/\\\/janeke1830.it\\\/wp-content\\\/uploads\\\/2025\\\/12\\\/pinza-piccola-cristalli.png\",\"width\":1024,\"height\":1024,\"caption\":\"Pinza piccola con cristalli J\u00e4neke brillante e compatta per look raffinati\"},{\"@type\":\"BreadcrumbList\",\"@id\":\"https:\\\/\\\/janeke1830.it\\\/fr\\\/prodotto\\\/petite-pince-a-cheveux-avec-cristaux\\\/#breadcrumb\",\"itemListElement\":[{\"@type\":\"ListItem\",\"position\":1,\"name\":\"Home\",\"item\":\"https:\\\/\\\/janeke1830.it\\\/\"},{\"@type\":\"ListItem\",\"position\":2,\"name\":\"Boutique\",\"item\":\"https:\\\/\\\/janeke1830.it\\\/fr\\\/boutique\\\/\"},{\"@type\":\"ListItem\",\"position\":3,\"name\":\"Petite pince \u00e0 cheveux avec cristaux\"}]},{\"@type\":\"WebSite\",\"@id\":\"https:\\\/\\\/janeke1830.it\\\/#website\",\"url\":\"https:\\\/\\\/janeke1830.it\\\/\",\"name\":\"J\u00e4neke 1830\",\"description\":\"\",\"publisher\":{\"@id\":\"https:\\\/\\\/janeke1830.it\\\/#organization\"},\"potentialAction\":[{\"@type\":\"SearchAction\",\"target\":{\"@type\":\"EntryPoint\",\"urlTemplate\":\"https:\\\/\\\/janeke1830.it\\\/?s={search_term_string}\"},\"query-input\":{\"@type\":\"PropertyValueSpecification\",\"valueRequired\":true,\"valueName\":\"search_term_string\"}}],\"inLanguage\":\"fr-FR\"},{\"@type\":\"Organization\",\"@id\":\"https:\\\/\\\/janeke1830.it\\\/#organization\",\"name\":\"J\u00e4neke 1830\",\"url\":\"https:\\\/\\\/janeke1830.it\\\/\",\"logo\":{\"@type\":\"ImageObject\",\"inLanguage\":\"fr-FR\",\"@id\":\"https:\\\/\\\/janeke1830.it\\\/#\\\/schema\\\/logo\\\/image\\\/\",\"url\":\"https:\\\/\\\/janeke1830.it\\\/wp-content\\\/uploads\\\/2025\\\/12\\\/logo-nero-janeke.png\",\"contentUrl\":\"https:\\\/\\\/janeke1830.it\\\/wp-content\\\/uploads\\\/2025\\\/12\\\/logo-nero-janeke.png\",\"width\":1824,\"height\":829,\"caption\":\"J\u00e4neke 1830\"},\"image\":{\"@id\":\"https:\\\/\\\/janeke1830.it\\\/#\\\/schema\\\/logo\\\/image\\\/\"},\"sameAs\":[\"https:\\\/\\\/www.facebook.com\\\/janeke1830\",\"https:\\\/\\\/www.instagram.com\\\/janeke1830official\",\"https:\\\/\\\/www.linkedin.com\\\/company\\\/giorgio-janeke-s-r-l-\\\/\"]}]}<\/script>\n<!-- \/ Yoast SEO plugin. -->","yoast_head_json":{"title":"J\u00e4neke Small Pliers With Crystals - \u00c9l\u00e9gance et praticit\u00e9","description":"Orn\u00e9e de d\u00e9tails lumineux, la petite pince J\u00e4neke avec cristaux allie une prise en main s\u00fbre \u00e0 une \u00e9l\u00e9gance raffin\u00e9e. Achetez-la maintenant !","robots":{"index":"index","follow":"follow","max-snippet":"max-snippet:-1","max-image-preview":"max-image-preview:large","max-video-preview":"max-video-preview:-1"},"canonical":"https:\/\/janeke1830.it\/fr\/prodotto\/petite-pince-a-cheveux-avec-cristaux\/","og_locale":"fr_FR","og_type":"article","og_title":"J\u00e4neke Small Pliers With Crystals - \u00c9l\u00e9gance et praticit\u00e9","og_description":"Orn\u00e9e de d\u00e9tails lumineux, la petite pince J\u00e4neke avec cristaux allie une prise en main s\u00fbre \u00e0 une \u00e9l\u00e9gance raffin\u00e9e. Achetez-la maintenant !","og_url":"https:\/\/janeke1830.it\/fr\/prodotto\/petite-pince-a-cheveux-avec-cristaux\/","og_site_name":"J\u00e4neke","article_publisher":"https:\/\/www.facebook.com\/janeke1830","article_modified_time":"2026-03-03T10:47:48+00:00","og_image":[{"width":1024,"height":1024,"url":"https:\/\/janeke1830.it\/wp-content\/uploads\/2025\/12\/pinza-cristalli-bianco.png","type":"image\/png"}],"twitter_card":"summary_large_image","schema":{"@context":"https:\/\/schema.org","@graph":[{"@type":"WebPage","@id":"https:\/\/janeke1830.it\/fr\/prodotto\/petite-pince-a-cheveux-avec-cristaux\/","url":"https:\/\/janeke1830.it\/fr\/prodotto\/petite-pince-a-cheveux-avec-cristaux\/","name":"J\u00e4neke Small Pliers With Crystals - \u00c9l\u00e9gance et praticit\u00e9","isPartOf":{"@id":"https:\/\/janeke1830.it\/#website"},"primaryImageOfPage":{"@id":"https:\/\/janeke1830.it\/fr\/prodotto\/petite-pince-a-cheveux-avec-cristaux\/#primaryimage"},"image":{"@id":"https:\/\/janeke1830.it\/fr\/prodotto\/petite-pince-a-cheveux-avec-cristaux\/#primaryimage"},"thumbnailUrl":"https:\/\/janeke1830.it\/wp-content\/uploads\/2025\/12\/pinza-piccola-cristalli.png","datePublished":"2026-01-07T16:34:15+00:00","dateModified":"2026-03-03T10:47:48+00:00","description":"Orn\u00e9e de d\u00e9tails lumineux, la petite pince J\u00e4neke avec cristaux allie une prise en main s\u00fbre \u00e0 une \u00e9l\u00e9gance raffin\u00e9e. Achetez-la maintenant !","breadcrumb":{"@id":"https:\/\/janeke1830.it\/fr\/prodotto\/petite-pince-a-cheveux-avec-cristaux\/#breadcrumb"},"inLanguage":"fr-FR","potentialAction":[{"@type":"ReadAction","target":["https:\/\/janeke1830.it\/fr\/prodotto\/petite-pince-a-cheveux-avec-cristaux\/"]}]},{"@type":"ImageObject","inLanguage":"fr-FR","@id":"https:\/\/janeke1830.it\/fr\/prodotto\/petite-pince-a-cheveux-avec-cristaux\/#primaryimage","url":"https:\/\/janeke1830.it\/wp-content\/uploads\/2025\/12\/pinza-piccola-cristalli.png","contentUrl":"https:\/\/janeke1830.it\/wp-content\/uploads\/2025\/12\/pinza-piccola-cristalli.png","width":1024,"height":1024,"caption":"Pinza piccola con cristalli J\u00e4neke brillante e compatta per look raffinati"},{"@type":"BreadcrumbList","@id":"https:\/\/janeke1830.it\/fr\/prodotto\/petite-pince-a-cheveux-avec-cristaux\/#breadcrumb","itemListElement":[{"@type":"ListItem","position":1,"name":"Home","item":"https:\/\/janeke1830.it\/"},{"@type":"ListItem","position":2,"name":"Boutique","item":"https:\/\/janeke1830.it\/fr\/boutique\/"},{"@type":"ListItem","position":3,"name":"Petite pince \u00e0 cheveux avec cristaux"}]},{"@type":"WebSite","@id":"https:\/\/janeke1830.it\/#website","url":"https:\/\/janeke1830.it\/","name":"J\u00e4neke 1830","description":"","publisher":{"@id":"https:\/\/janeke1830.it\/#organization"},"potentialAction":[{"@type":"SearchAction","target":{"@type":"EntryPoint","urlTemplate":"https:\/\/janeke1830.it\/?s={search_term_string}"},"query-input":{"@type":"PropertyValueSpecification","valueRequired":true,"valueName":"search_term_string"}}],"inLanguage":"fr-FR"},{"@type":"Organization","@id":"https:\/\/janeke1830.it\/#organization","name":"J\u00e4neke 1830","url":"https:\/\/janeke1830.it\/","logo":{"@type":"ImageObject","inLanguage":"fr-FR","@id":"https:\/\/janeke1830.it\/#\/schema\/logo\/image\/","url":"https:\/\/janeke1830.it\/wp-content\/uploads\/2025\/12\/logo-nero-janeke.png","contentUrl":"https:\/\/janeke1830.it\/wp-content\/uploads\/2025\/12\/logo-nero-janeke.png","width":1824,"height":829,"caption":"J\u00e4neke 1830"},"image":{"@id":"https:\/\/janeke1830.it\/#\/schema\/logo\/image\/"},"sameAs":["https:\/\/www.facebook.com\/janeke1830","https:\/\/www.instagram.com\/janeke1830official","https:\/\/www.linkedin.com\/company\/giorgio-janeke-s-r-l-\/"]}]}},"_links":{"self":[{"href":"https:\/\/janeke1830.it\/fr\/wp-json\/wp\/v2\/product\/3719","targetHints":{"allow":["GET"]}}],"collection":[{"href":"https:\/\/janeke1830.it\/fr\/wp-json\/wp\/v2\/product"}],"about":[{"href":"https:\/\/janeke1830.it\/fr\/wp-json\/wp\/v2\/types\/product"}],"replies":[{"embeddable":true,"href":"https:\/\/janeke1830.it\/fr\/wp-json\/wp\/v2\/comments?post=3719"}],"wp:featuredmedia":[{"embeddable":true,"href":"https:\/\/janeke1830.it\/fr\/wp-json\/wp\/v2\/media\/3721"}],"wp:attachment":[{"href":"https:\/\/janeke1830.it\/fr\/wp-json\/wp\/v2\/media?parent=3719"}],"wp:term":[{"taxonomy":"product_brand","embeddable":true,"href":"https:\/\/janeke1830.it\/fr\/wp-json\/wp\/v2\/product_brand?post=3719"},{"taxonomy":"product_cat","embeddable":true,"href":"https:\/\/janeke1830.it\/fr\/wp-json\/wp\/v2\/product_cat?post=3719"},{"taxonomy":"product_tag","embeddable":true,"href":"https:\/\/janeke1830.it\/fr\/wp-json\/wp\/v2\/product_tag?post=3719"}],"curies":[{"name":"wp","href":"https:\/\/api.w.org\/{rel}","templated":true}]}}