{"id":3605,"date":"2026-01-08T09:05:43","date_gmt":"2026-01-08T08:05:43","guid":{"rendered":"https:\/\/janeke1830.it\/prodotto\/peigne-en-bois-de-hetre-etuve\/"},"modified":"2026-03-03T11:47:55","modified_gmt":"2026-03-03T10:47:55","slug":"peigne-en-bois-de-hetre-etuve","status":"publish","type":"product","link":"https:\/\/janeke1830.it\/fr\/prodotto\/peigne-en-bois-de-hetre-etuve\/","title":{"rendered":"Peigne en bois de h\u00eatre \u00e9tuv\u00e9"},"content":{"rendered":"","protected":false},"excerpt":{"rendered":"<p>Fabriqu\u00e9 en bois de h\u00eatre \u00e9tuv\u00e9, il allie \u00e9l\u00e9gance et robustesse dans un accessoire naturel pour le soin des cheveux. Les dents d\u00e9licates d\u00e9m\u00ealent sans casser la fibre capillaire, r\u00e9duisant les frisottis et r\u00e9partissant uniform\u00e9ment les huiles naturelles. <\/p>\n<p>Parfait pour tous types de cheveux, il combine praticit\u00e9, confort et qualit\u00e9 artisanale, offrant une exp\u00e9rience de coiffage agr\u00e9able et respectueuse des cheveux.<\/p>\n","protected":false},"featured_media":3606,"comment_status":"closed","ping_status":"closed","template":"","meta":[],"product_brand":[811],"product_cat":[617],"product_tag":[652],"class_list":{"0":"post-3605","1":"product","2":"type-product","3":"status-publish","4":"has-post-thumbnail","6":"product_brand-everyday","7":"product_cat-peignes","8":"product_tag-bois","10":"first","11":"instock","12":"shipping-taxable","13":"purchasable","14":"product-type-simple"},"yoast_head":"<!-- This site is optimized with the Yoast SEO plugin v27.1.1 - https:\/\/yoast.com\/product\/yoast-seo-wordpress\/ -->\n<title>J\u00e4neke Peigne en bois de h\u00eatre \u00e9vapor\u00e9 - Naturel<\/title>\n<meta name=\"description\" content=\"Le peigne en bois de h\u00eatre \u00e9tuv\u00e9 J\u00e4neke d\u00e9m\u00eale en douceur. Un accessoire naturel qui r\u00e9duit les frisottis et nourrit les cheveux. Essayez-le !\" \/>\n<meta name=\"robots\" content=\"index, follow, max-snippet:-1, max-image-preview:large, max-video-preview:-1\" \/>\n<link rel=\"canonical\" href=\"https:\/\/janeke1830.it\/fr\/prodotto\/peigne-en-bois-de-hetre-etuve\/\" \/>\n<meta property=\"og:locale\" content=\"fr_FR\" \/>\n<meta property=\"og:type\" content=\"article\" \/>\n<meta property=\"og:title\" content=\"J\u00e4neke Peigne en bois de h\u00eatre \u00e9vapor\u00e9 - Naturel\" \/>\n<meta property=\"og:description\" content=\"Le peigne en bois de h\u00eatre \u00e9tuv\u00e9 J\u00e4neke d\u00e9m\u00eale en douceur. Un accessoire naturel qui r\u00e9duit les frisottis et nourrit les cheveux. Essayez-le !\" \/>\n<meta property=\"og:url\" content=\"https:\/\/janeke1830.it\/fr\/prodotto\/peigne-en-bois-de-hetre-etuve\/\" \/>\n<meta property=\"og:site_name\" content=\"J\u00e4neke\" \/>\n<meta property=\"article:publisher\" content=\"https:\/\/www.facebook.com\/janeke1830\" \/>\n<meta property=\"article:modified_time\" content=\"2026-03-03T10:47:55+00:00\" \/>\n<meta property=\"og:image\" content=\"https:\/\/janeke1830.it\/wp-content\/uploads\/2026\/01\/LG362.png\" \/>\n\t<meta property=\"og:image:width\" content=\"1024\" \/>\n\t<meta property=\"og:image:height\" content=\"1024\" \/>\n\t<meta property=\"og:image:type\" content=\"image\/png\" \/>\n<meta name=\"twitter:card\" content=\"summary_large_image\" \/>\n<script type=\"application\/ld+json\" class=\"yoast-schema-graph\">{\"@context\":\"https:\/\/schema.org\",\"@graph\":[{\"@type\":\"WebPage\",\"@id\":\"https:\/\/janeke1830.it\/fr\/prodotto\/peigne-en-bois-de-hetre-etuve\/\",\"url\":\"https:\/\/janeke1830.it\/fr\/prodotto\/peigne-en-bois-de-hetre-etuve\/\",\"name\":\"J\u00e4neke Peigne en bois de h\u00eatre \u00e9vapor\u00e9 - Naturel\",\"isPartOf\":{\"@id\":\"https:\/\/janeke1830.it\/#website\"},\"primaryImageOfPage\":{\"@id\":\"https:\/\/janeke1830.it\/fr\/prodotto\/peigne-en-bois-de-hetre-etuve\/#primaryimage\"},\"image\":{\"@id\":\"https:\/\/janeke1830.it\/fr\/prodotto\/peigne-en-bois-de-hetre-etuve\/#primaryimage\"},\"thumbnailUrl\":\"https:\/\/janeke1830.it\/wp-content\/uploads\/2026\/01\/pettine-legno-faggio-evaporato-lg362.png\",\"datePublished\":\"2026-01-08T08:05:43+00:00\",\"dateModified\":\"2026-03-03T10:47:55+00:00\",\"description\":\"Le peigne en bois de h\u00eatre \u00e9tuv\u00e9 J\u00e4neke d\u00e9m\u00eale en douceur. Un accessoire naturel qui r\u00e9duit les frisottis et nourrit les cheveux. Essayez-le !\",\"breadcrumb\":{\"@id\":\"https:\/\/janeke1830.it\/fr\/prodotto\/peigne-en-bois-de-hetre-etuve\/#breadcrumb\"},\"inLanguage\":\"fr-FR\",\"potentialAction\":[{\"@type\":\"ReadAction\",\"target\":[\"https:\/\/janeke1830.it\/fr\/prodotto\/peigne-en-bois-de-hetre-etuve\/\"]}]},{\"@type\":\"ImageObject\",\"inLanguage\":\"fr-FR\",\"@id\":\"https:\/\/janeke1830.it\/fr\/prodotto\/peigne-en-bois-de-hetre-etuve\/#primaryimage\",\"url\":\"https:\/\/janeke1830.it\/wp-content\/uploads\/2026\/01\/pettine-legno-faggio-evaporato-lg362.png\",\"contentUrl\":\"https:\/\/janeke1830.it\/wp-content\/uploads\/2026\/01\/pettine-legno-faggio-evaporato-lg362.png\",\"width\":1024,\"height\":1024,\"caption\":\"Pettine J\u00e4neke in legno di faggio evaporato naturale e antistatico per tutti i tipi di capelli\"},{\"@type\":\"BreadcrumbList\",\"@id\":\"https:\/\/janeke1830.it\/fr\/prodotto\/peigne-en-bois-de-hetre-etuve\/#breadcrumb\",\"itemListElement\":[{\"@type\":\"ListItem\",\"position\":1,\"name\":\"Home\",\"item\":\"https:\/\/janeke1830.it\/\"},{\"@type\":\"ListItem\",\"position\":2,\"name\":\"Boutique\",\"item\":\"https:\/\/janeke1830.it\/fr\/boutique\/\"},{\"@type\":\"ListItem\",\"position\":3,\"name\":\"Peigne en bois de h\u00eatre \u00e9tuv\u00e9\"}]},{\"@type\":\"WebSite\",\"@id\":\"https:\/\/janeke1830.it\/#website\",\"url\":\"https:\/\/janeke1830.it\/\",\"name\":\"J\u00e4neke 1830\",\"description\":\"\",\"publisher\":{\"@id\":\"https:\/\/janeke1830.it\/#organization\"},\"potentialAction\":[{\"@type\":\"SearchAction\",\"target\":{\"@type\":\"EntryPoint\",\"urlTemplate\":\"https:\/\/janeke1830.it\/?s={search_term_string}\"},\"query-input\":{\"@type\":\"PropertyValueSpecification\",\"valueRequired\":true,\"valueName\":\"search_term_string\"}}],\"inLanguage\":\"fr-FR\"},{\"@type\":\"Organization\",\"@id\":\"https:\/\/janeke1830.it\/#organization\",\"name\":\"J\u00e4neke 1830\",\"url\":\"https:\/\/janeke1830.it\/\",\"logo\":{\"@type\":\"ImageObject\",\"inLanguage\":\"fr-FR\",\"@id\":\"https:\/\/janeke1830.it\/#\/schema\/logo\/image\/\",\"url\":\"https:\/\/janeke1830.it\/wp-content\/uploads\/2025\/12\/logo-nero-janeke.png\",\"contentUrl\":\"https:\/\/janeke1830.it\/wp-content\/uploads\/2025\/12\/logo-nero-janeke.png\",\"width\":1824,\"height\":829,\"caption\":\"J\u00e4neke 1830\"},\"image\":{\"@id\":\"https:\/\/janeke1830.it\/#\/schema\/logo\/image\/\"},\"sameAs\":[\"https:\/\/www.facebook.com\/janeke1830\",\"https:\/\/www.instagram.com\/janeke1830official\",\"https:\/\/www.linkedin.com\/company\/giorgio-janeke-s-r-l-\/\"]}]}<\/script>\n<!-- \/ Yoast SEO plugin. -->","yoast_head_json":{"title":"J\u00e4neke Peigne en bois de h\u00eatre \u00e9vapor\u00e9 - Naturel","description":"Le peigne en bois de h\u00eatre \u00e9tuv\u00e9 J\u00e4neke d\u00e9m\u00eale en douceur. Un accessoire naturel qui r\u00e9duit les frisottis et nourrit les cheveux. Essayez-le !","robots":{"index":"index","follow":"follow","max-snippet":"max-snippet:-1","max-image-preview":"max-image-preview:large","max-video-preview":"max-video-preview:-1"},"canonical":"https:\/\/janeke1830.it\/fr\/prodotto\/peigne-en-bois-de-hetre-etuve\/","og_locale":"fr_FR","og_type":"article","og_title":"J\u00e4neke Peigne en bois de h\u00eatre \u00e9vapor\u00e9 - Naturel","og_description":"Le peigne en bois de h\u00eatre \u00e9tuv\u00e9 J\u00e4neke d\u00e9m\u00eale en douceur. Un accessoire naturel qui r\u00e9duit les frisottis et nourrit les cheveux. Essayez-le !","og_url":"https:\/\/janeke1830.it\/fr\/prodotto\/peigne-en-bois-de-hetre-etuve\/","og_site_name":"J\u00e4neke","article_publisher":"https:\/\/www.facebook.com\/janeke1830","article_modified_time":"2026-03-03T10:47:55+00:00","og_image":[{"width":1024,"height":1024,"url":"https:\/\/janeke1830.it\/wp-content\/uploads\/2026\/01\/LG362.png","type":"image\/png"}],"twitter_card":"summary_large_image","schema":{"@context":"https:\/\/schema.org","@graph":[{"@type":"WebPage","@id":"https:\/\/janeke1830.it\/fr\/prodotto\/peigne-en-bois-de-hetre-etuve\/","url":"https:\/\/janeke1830.it\/fr\/prodotto\/peigne-en-bois-de-hetre-etuve\/","name":"J\u00e4neke Peigne en bois de h\u00eatre \u00e9vapor\u00e9 - Naturel","isPartOf":{"@id":"https:\/\/janeke1830.it\/#website"},"primaryImageOfPage":{"@id":"https:\/\/janeke1830.it\/fr\/prodotto\/peigne-en-bois-de-hetre-etuve\/#primaryimage"},"image":{"@id":"https:\/\/janeke1830.it\/fr\/prodotto\/peigne-en-bois-de-hetre-etuve\/#primaryimage"},"thumbnailUrl":"https:\/\/janeke1830.it\/wp-content\/uploads\/2026\/01\/pettine-legno-faggio-evaporato-lg362.png","datePublished":"2026-01-08T08:05:43+00:00","dateModified":"2026-03-03T10:47:55+00:00","description":"Le peigne en bois de h\u00eatre \u00e9tuv\u00e9 J\u00e4neke d\u00e9m\u00eale en douceur. Un accessoire naturel qui r\u00e9duit les frisottis et nourrit les cheveux. Essayez-le !","breadcrumb":{"@id":"https:\/\/janeke1830.it\/fr\/prodotto\/peigne-en-bois-de-hetre-etuve\/#breadcrumb"},"inLanguage":"fr-FR","potentialAction":[{"@type":"ReadAction","target":["https:\/\/janeke1830.it\/fr\/prodotto\/peigne-en-bois-de-hetre-etuve\/"]}]},{"@type":"ImageObject","inLanguage":"fr-FR","@id":"https:\/\/janeke1830.it\/fr\/prodotto\/peigne-en-bois-de-hetre-etuve\/#primaryimage","url":"https:\/\/janeke1830.it\/wp-content\/uploads\/2026\/01\/pettine-legno-faggio-evaporato-lg362.png","contentUrl":"https:\/\/janeke1830.it\/wp-content\/uploads\/2026\/01\/pettine-legno-faggio-evaporato-lg362.png","width":1024,"height":1024,"caption":"Pettine J\u00e4neke in legno di faggio evaporato naturale e antistatico per tutti i tipi di capelli"},{"@type":"BreadcrumbList","@id":"https:\/\/janeke1830.it\/fr\/prodotto\/peigne-en-bois-de-hetre-etuve\/#breadcrumb","itemListElement":[{"@type":"ListItem","position":1,"name":"Home","item":"https:\/\/janeke1830.it\/"},{"@type":"ListItem","position":2,"name":"Boutique","item":"https:\/\/janeke1830.it\/fr\/boutique\/"},{"@type":"ListItem","position":3,"name":"Peigne en bois de h\u00eatre \u00e9tuv\u00e9"}]},{"@type":"WebSite","@id":"https:\/\/janeke1830.it\/#website","url":"https:\/\/janeke1830.it\/","name":"J\u00e4neke 1830","description":"","publisher":{"@id":"https:\/\/janeke1830.it\/#organization"},"potentialAction":[{"@type":"SearchAction","target":{"@type":"EntryPoint","urlTemplate":"https:\/\/janeke1830.it\/?s={search_term_string}"},"query-input":{"@type":"PropertyValueSpecification","valueRequired":true,"valueName":"search_term_string"}}],"inLanguage":"fr-FR"},{"@type":"Organization","@id":"https:\/\/janeke1830.it\/#organization","name":"J\u00e4neke 1830","url":"https:\/\/janeke1830.it\/","logo":{"@type":"ImageObject","inLanguage":"fr-FR","@id":"https:\/\/janeke1830.it\/#\/schema\/logo\/image\/","url":"https:\/\/janeke1830.it\/wp-content\/uploads\/2025\/12\/logo-nero-janeke.png","contentUrl":"https:\/\/janeke1830.it\/wp-content\/uploads\/2025\/12\/logo-nero-janeke.png","width":1824,"height":829,"caption":"J\u00e4neke 1830"},"image":{"@id":"https:\/\/janeke1830.it\/#\/schema\/logo\/image\/"},"sameAs":["https:\/\/www.facebook.com\/janeke1830","https:\/\/www.instagram.com\/janeke1830official","https:\/\/www.linkedin.com\/company\/giorgio-janeke-s-r-l-\/"]}]}},"_links":{"self":[{"href":"https:\/\/janeke1830.it\/fr\/wp-json\/wp\/v2\/product\/3605","targetHints":{"allow":["GET"]}}],"collection":[{"href":"https:\/\/janeke1830.it\/fr\/wp-json\/wp\/v2\/product"}],"about":[{"href":"https:\/\/janeke1830.it\/fr\/wp-json\/wp\/v2\/types\/product"}],"replies":[{"embeddable":true,"href":"https:\/\/janeke1830.it\/fr\/wp-json\/wp\/v2\/comments?post=3605"}],"wp:featuredmedia":[{"embeddable":true,"href":"https:\/\/janeke1830.it\/fr\/wp-json\/wp\/v2\/media\/3606"}],"wp:attachment":[{"href":"https:\/\/janeke1830.it\/fr\/wp-json\/wp\/v2\/media?parent=3605"}],"wp:term":[{"taxonomy":"product_brand","embeddable":true,"href":"https:\/\/janeke1830.it\/fr\/wp-json\/wp\/v2\/product_brand?post=3605"},{"taxonomy":"product_cat","embeddable":true,"href":"https:\/\/janeke1830.it\/fr\/wp-json\/wp\/v2\/product_cat?post=3605"},{"taxonomy":"product_tag","embeddable":true,"href":"https:\/\/janeke1830.it\/fr\/wp-json\/wp\/v2\/product_tag?post=3605"}],"curies":[{"name":"wp","href":"https:\/\/api.w.org\/{rel}","templated":true}]}}