{"id":3519,"date":"2026-01-07T17:49:22","date_gmt":"2026-01-07T16:49:22","guid":{"rendered":"https:\/\/janeke1830.it\/prodotto\/grande-barrette-a-cheveux\/"},"modified":"2026-02-02T09:46:33","modified_gmt":"2026-02-02T08:46:33","slug":"grande-barrette-a-cheveux","status":"publish","type":"product","link":"https:\/\/janeke1830.it\/fr\/prodotto\/grande-barrette-a-cheveux\/","title":{"rendered":"Grande barrette \u00e0 cheveux"},"content":{"rendered":"","protected":false},"excerpt":{"rendered":"<p>Sophistiqu\u00e9e et solide, elle maintient les cheveux en ordre avec facilit\u00e9, garantissant une prise s\u00fbre sans les ab\u00eemer.<\/p>\n<p>Id\u00e9ale pour cr\u00e9er des coiffures soign\u00e9es au quotidien ou pour compl\u00e9ter des looks plus \u00e9l\u00e9gants, elle allie praticit\u00e9, style et la qualit\u00e9 artisanale minutieuse typique de la marque Janeke.<\/p>\n","protected":false},"featured_media":3520,"comment_status":"closed","ping_status":"closed","template":"","meta":[],"product_brand":[815],"product_cat":[680],"product_tag":[681],"class_list":{"0":"post-3519","1":"product","2":"type-product","3":"status-publish","4":"has-post-thumbnail","6":"product_brand-luxury","7":"product_cat-accessoires-pour-cheveux","8":"product_tag-accessoires-pour-cheveux","10":"first","11":"instock","12":"shipping-taxable","13":"purchasable","14":"product-type-variable","15":"wvs-archive-product-wrapper"},"yoast_head":"<!-- This site is optimized with the Yoast SEO plugin v27.6 - https:\/\/yoast.com\/product\/yoast-seo-wordpress\/ -->\n<title>J\u00e4neke Large Hair Bar - Solide et \u00e9l\u00e9gant<\/title>\n<meta name=\"description\" content=\"Id\u00e9ale pour un look sophistiqu\u00e9, la barre \u00e0 cheveux J\u00e4neke Large Hair Bar assure une prise ferme sans stress. Mettez-la dans votre panier !\" \/>\n<meta name=\"robots\" content=\"index, follow, max-snippet:-1, max-image-preview:large, max-video-preview:-1\" \/>\n<link rel=\"canonical\" href=\"https:\/\/janeke1830.it\/fr\/prodotto\/grande-barrette-a-cheveux\/\" \/>\n<meta property=\"og:locale\" content=\"fr_FR\" \/>\n<meta property=\"og:type\" content=\"article\" \/>\n<meta property=\"og:title\" content=\"J\u00e4neke Large Hair Bar - Solide et \u00e9l\u00e9gant\" \/>\n<meta property=\"og:description\" content=\"Id\u00e9ale pour un look sophistiqu\u00e9, la barre \u00e0 cheveux J\u00e4neke Large Hair Bar assure une prise ferme sans stress. Mettez-la dans votre panier !\" \/>\n<meta property=\"og:url\" content=\"https:\/\/janeke1830.it\/fr\/prodotto\/grande-barrette-a-cheveux\/\" \/>\n<meta property=\"og:site_name\" content=\"J\u00e4neke\" \/>\n<meta property=\"article:publisher\" content=\"https:\/\/www.facebook.com\/janeke1830\" \/>\n<meta property=\"article:modified_time\" content=\"2026-02-02T08:46:33+00:00\" \/>\n<meta property=\"og:image\" content=\"https:\/\/janeke1830.it\/wp-content\/uploads\/2026\/01\/NZ0139T.png\" \/>\n\t<meta property=\"og:image:width\" content=\"1024\" \/>\n\t<meta property=\"og:image:height\" content=\"1024\" \/>\n\t<meta property=\"og:image:type\" content=\"image\/png\" \/>\n<meta name=\"twitter:card\" content=\"summary_large_image\" \/>\n<script type=\"application\/ld+json\" class=\"yoast-schema-graph\">{\"@context\":\"https:\\\/\\\/schema.org\",\"@graph\":[{\"@type\":\"WebPage\",\"@id\":\"https:\\\/\\\/janeke1830.it\\\/fr\\\/prodotto\\\/grande-barrette-a-cheveux\\\/\",\"url\":\"https:\\\/\\\/janeke1830.it\\\/fr\\\/prodotto\\\/grande-barrette-a-cheveux\\\/\",\"name\":\"J\u00e4neke Large Hair Bar - Solide et \u00e9l\u00e9gant\",\"isPartOf\":{\"@id\":\"https:\\\/\\\/janeke1830.it\\\/#website\"},\"primaryImageOfPage\":{\"@id\":\"https:\\\/\\\/janeke1830.it\\\/fr\\\/prodotto\\\/grande-barrette-a-cheveux\\\/#primaryimage\"},\"image\":{\"@id\":\"https:\\\/\\\/janeke1830.it\\\/fr\\\/prodotto\\\/grande-barrette-a-cheveux\\\/#primaryimage\"},\"thumbnailUrl\":\"https:\\\/\\\/janeke1830.it\\\/wp-content\\\/uploads\\\/2026\\\/01\\\/barretta-capelli-grande-tokyo-scura-nz0139t.png\",\"datePublished\":\"2026-01-07T16:49:22+00:00\",\"dateModified\":\"2026-02-02T08:46:33+00:00\",\"description\":\"Id\u00e9ale pour un look sophistiqu\u00e9, la barre \u00e0 cheveux J\u00e4neke Large Hair Bar assure une prise ferme sans stress. Mettez-la dans votre panier !\",\"breadcrumb\":{\"@id\":\"https:\\\/\\\/janeke1830.it\\\/fr\\\/prodotto\\\/grande-barrette-a-cheveux\\\/#breadcrumb\"},\"inLanguage\":\"fr-FR\",\"potentialAction\":[{\"@type\":\"ReadAction\",\"target\":[\"https:\\\/\\\/janeke1830.it\\\/fr\\\/prodotto\\\/grande-barrette-a-cheveux\\\/\"]}]},{\"@type\":\"ImageObject\",\"inLanguage\":\"fr-FR\",\"@id\":\"https:\\\/\\\/janeke1830.it\\\/fr\\\/prodotto\\\/grande-barrette-a-cheveux\\\/#primaryimage\",\"url\":\"https:\\\/\\\/janeke1830.it\\\/wp-content\\\/uploads\\\/2026\\\/01\\\/barretta-capelli-grande-tokyo-scura-nz0139t.png\",\"contentUrl\":\"https:\\\/\\\/janeke1830.it\\\/wp-content\\\/uploads\\\/2026\\\/01\\\/barretta-capelli-grande-tokyo-scura-nz0139t.png\",\"width\":1024,\"height\":1024,\"caption\":\"Barretta per capelli grande J\u00e4neke Tokyo scuro con presa sicura che non stressa i capelli\"},{\"@type\":\"BreadcrumbList\",\"@id\":\"https:\\\/\\\/janeke1830.it\\\/fr\\\/prodotto\\\/grande-barrette-a-cheveux\\\/#breadcrumb\",\"itemListElement\":[{\"@type\":\"ListItem\",\"position\":1,\"name\":\"Home\",\"item\":\"https:\\\/\\\/janeke1830.it\\\/\"},{\"@type\":\"ListItem\",\"position\":2,\"name\":\"Boutique\",\"item\":\"https:\\\/\\\/janeke1830.it\\\/fr\\\/boutique\\\/\"},{\"@type\":\"ListItem\",\"position\":3,\"name\":\"Grande barrette \u00e0 cheveux\"}]},{\"@type\":\"WebSite\",\"@id\":\"https:\\\/\\\/janeke1830.it\\\/#website\",\"url\":\"https:\\\/\\\/janeke1830.it\\\/\",\"name\":\"J\u00e4neke 1830\",\"description\":\"\",\"publisher\":{\"@id\":\"https:\\\/\\\/janeke1830.it\\\/#organization\"},\"potentialAction\":[{\"@type\":\"SearchAction\",\"target\":{\"@type\":\"EntryPoint\",\"urlTemplate\":\"https:\\\/\\\/janeke1830.it\\\/?s={search_term_string}\"},\"query-input\":{\"@type\":\"PropertyValueSpecification\",\"valueRequired\":true,\"valueName\":\"search_term_string\"}}],\"inLanguage\":\"fr-FR\"},{\"@type\":\"Organization\",\"@id\":\"https:\\\/\\\/janeke1830.it\\\/#organization\",\"name\":\"J\u00e4neke 1830\",\"url\":\"https:\\\/\\\/janeke1830.it\\\/\",\"logo\":{\"@type\":\"ImageObject\",\"inLanguage\":\"fr-FR\",\"@id\":\"https:\\\/\\\/janeke1830.it\\\/#\\\/schema\\\/logo\\\/image\\\/\",\"url\":\"https:\\\/\\\/janeke1830.it\\\/wp-content\\\/uploads\\\/2025\\\/12\\\/logo-nero-janeke.png\",\"contentUrl\":\"https:\\\/\\\/janeke1830.it\\\/wp-content\\\/uploads\\\/2025\\\/12\\\/logo-nero-janeke.png\",\"width\":1824,\"height\":829,\"caption\":\"J\u00e4neke 1830\"},\"image\":{\"@id\":\"https:\\\/\\\/janeke1830.it\\\/#\\\/schema\\\/logo\\\/image\\\/\"},\"sameAs\":[\"https:\\\/\\\/www.facebook.com\\\/janeke1830\",\"https:\\\/\\\/www.instagram.com\\\/janeke1830official\",\"https:\\\/\\\/www.linkedin.com\\\/company\\\/giorgio-janeke-s-r-l-\\\/\"]}]}<\/script>\n<!-- \/ Yoast SEO plugin. -->","yoast_head_json":{"title":"J\u00e4neke Large Hair Bar - Solide et \u00e9l\u00e9gant","description":"Id\u00e9ale pour un look sophistiqu\u00e9, la barre \u00e0 cheveux J\u00e4neke Large Hair Bar assure une prise ferme sans stress. Mettez-la dans votre panier !","robots":{"index":"index","follow":"follow","max-snippet":"max-snippet:-1","max-image-preview":"max-image-preview:large","max-video-preview":"max-video-preview:-1"},"canonical":"https:\/\/janeke1830.it\/fr\/prodotto\/grande-barrette-a-cheveux\/","og_locale":"fr_FR","og_type":"article","og_title":"J\u00e4neke Large Hair Bar - Solide et \u00e9l\u00e9gant","og_description":"Id\u00e9ale pour un look sophistiqu\u00e9, la barre \u00e0 cheveux J\u00e4neke Large Hair Bar assure une prise ferme sans stress. Mettez-la dans votre panier !","og_url":"https:\/\/janeke1830.it\/fr\/prodotto\/grande-barrette-a-cheveux\/","og_site_name":"J\u00e4neke","article_publisher":"https:\/\/www.facebook.com\/janeke1830","article_modified_time":"2026-02-02T08:46:33+00:00","og_image":[{"width":1024,"height":1024,"url":"https:\/\/janeke1830.it\/wp-content\/uploads\/2026\/01\/NZ0139T.png","type":"image\/png"}],"twitter_card":"summary_large_image","schema":{"@context":"https:\/\/schema.org","@graph":[{"@type":"WebPage","@id":"https:\/\/janeke1830.it\/fr\/prodotto\/grande-barrette-a-cheveux\/","url":"https:\/\/janeke1830.it\/fr\/prodotto\/grande-barrette-a-cheveux\/","name":"J\u00e4neke Large Hair Bar - Solide et \u00e9l\u00e9gant","isPartOf":{"@id":"https:\/\/janeke1830.it\/#website"},"primaryImageOfPage":{"@id":"https:\/\/janeke1830.it\/fr\/prodotto\/grande-barrette-a-cheveux\/#primaryimage"},"image":{"@id":"https:\/\/janeke1830.it\/fr\/prodotto\/grande-barrette-a-cheveux\/#primaryimage"},"thumbnailUrl":"https:\/\/janeke1830.it\/wp-content\/uploads\/2026\/01\/barretta-capelli-grande-tokyo-scura-nz0139t.png","datePublished":"2026-01-07T16:49:22+00:00","dateModified":"2026-02-02T08:46:33+00:00","description":"Id\u00e9ale pour un look sophistiqu\u00e9, la barre \u00e0 cheveux J\u00e4neke Large Hair Bar assure une prise ferme sans stress. Mettez-la dans votre panier !","breadcrumb":{"@id":"https:\/\/janeke1830.it\/fr\/prodotto\/grande-barrette-a-cheveux\/#breadcrumb"},"inLanguage":"fr-FR","potentialAction":[{"@type":"ReadAction","target":["https:\/\/janeke1830.it\/fr\/prodotto\/grande-barrette-a-cheveux\/"]}]},{"@type":"ImageObject","inLanguage":"fr-FR","@id":"https:\/\/janeke1830.it\/fr\/prodotto\/grande-barrette-a-cheveux\/#primaryimage","url":"https:\/\/janeke1830.it\/wp-content\/uploads\/2026\/01\/barretta-capelli-grande-tokyo-scura-nz0139t.png","contentUrl":"https:\/\/janeke1830.it\/wp-content\/uploads\/2026\/01\/barretta-capelli-grande-tokyo-scura-nz0139t.png","width":1024,"height":1024,"caption":"Barretta per capelli grande J\u00e4neke Tokyo scuro con presa sicura che non stressa i capelli"},{"@type":"BreadcrumbList","@id":"https:\/\/janeke1830.it\/fr\/prodotto\/grande-barrette-a-cheveux\/#breadcrumb","itemListElement":[{"@type":"ListItem","position":1,"name":"Home","item":"https:\/\/janeke1830.it\/"},{"@type":"ListItem","position":2,"name":"Boutique","item":"https:\/\/janeke1830.it\/fr\/boutique\/"},{"@type":"ListItem","position":3,"name":"Grande barrette \u00e0 cheveux"}]},{"@type":"WebSite","@id":"https:\/\/janeke1830.it\/#website","url":"https:\/\/janeke1830.it\/","name":"J\u00e4neke 1830","description":"","publisher":{"@id":"https:\/\/janeke1830.it\/#organization"},"potentialAction":[{"@type":"SearchAction","target":{"@type":"EntryPoint","urlTemplate":"https:\/\/janeke1830.it\/?s={search_term_string}"},"query-input":{"@type":"PropertyValueSpecification","valueRequired":true,"valueName":"search_term_string"}}],"inLanguage":"fr-FR"},{"@type":"Organization","@id":"https:\/\/janeke1830.it\/#organization","name":"J\u00e4neke 1830","url":"https:\/\/janeke1830.it\/","logo":{"@type":"ImageObject","inLanguage":"fr-FR","@id":"https:\/\/janeke1830.it\/#\/schema\/logo\/image\/","url":"https:\/\/janeke1830.it\/wp-content\/uploads\/2025\/12\/logo-nero-janeke.png","contentUrl":"https:\/\/janeke1830.it\/wp-content\/uploads\/2025\/12\/logo-nero-janeke.png","width":1824,"height":829,"caption":"J\u00e4neke 1830"},"image":{"@id":"https:\/\/janeke1830.it\/#\/schema\/logo\/image\/"},"sameAs":["https:\/\/www.facebook.com\/janeke1830","https:\/\/www.instagram.com\/janeke1830official","https:\/\/www.linkedin.com\/company\/giorgio-janeke-s-r-l-\/"]}]}},"_links":{"self":[{"href":"https:\/\/janeke1830.it\/fr\/wp-json\/wp\/v2\/product\/3519","targetHints":{"allow":["GET"]}}],"collection":[{"href":"https:\/\/janeke1830.it\/fr\/wp-json\/wp\/v2\/product"}],"about":[{"href":"https:\/\/janeke1830.it\/fr\/wp-json\/wp\/v2\/types\/product"}],"replies":[{"embeddable":true,"href":"https:\/\/janeke1830.it\/fr\/wp-json\/wp\/v2\/comments?post=3519"}],"wp:featuredmedia":[{"embeddable":true,"href":"https:\/\/janeke1830.it\/fr\/wp-json\/wp\/v2\/media\/3520"}],"wp:attachment":[{"href":"https:\/\/janeke1830.it\/fr\/wp-json\/wp\/v2\/media?parent=3519"}],"wp:term":[{"taxonomy":"product_brand","embeddable":true,"href":"https:\/\/janeke1830.it\/fr\/wp-json\/wp\/v2\/product_brand?post=3519"},{"taxonomy":"product_cat","embeddable":true,"href":"https:\/\/janeke1830.it\/fr\/wp-json\/wp\/v2\/product_cat?post=3519"},{"taxonomy":"product_tag","embeddable":true,"href":"https:\/\/janeke1830.it\/fr\/wp-json\/wp\/v2\/product_tag?post=3519"}],"curies":[{"name":"wp","href":"https:\/\/api.w.org\/{rel}","templated":true}]}}