{"id":3472,"date":"2026-01-08T13:24:52","date_gmt":"2026-01-08T12:24:52","guid":{"rendered":"https:\/\/janeke1830.it\/prodotto\/petite-brosse-ovale\/"},"modified":"2026-03-03T11:47:42","modified_gmt":"2026-03-03T10:47:42","slug":"petite-brosse-ovale","status":"publish","type":"product","link":"https:\/\/janeke1830.it\/fr\/prodotto\/petite-brosse-ovale\/","title":{"rendered":"Petite brosse ovale"},"content":{"rendered":"","protected":false},"excerpt":{"rendered":"<p>Compacte et raffin\u00e9e, la Petite Brosse Ovale avec Picots Or Janeke allie design \u00e9l\u00e9gant et fonctionnalit\u00e9 quotidienne. Les picots d\u00e9licats d\u00e9m\u00ealent les cheveux sans les casser, tout en stimulant le cuir chevelu par un massage agr\u00e9able, favorisant la circulation. Son format r\u00e9duit la rend parfaite pour le voyage ou une utilisation pratique et maniable, garantissant douceur, brillance et soin des cheveux.  <\/p>\n<p>Un accessoire indispensable qui allie confort, style et qualit\u00e9 artisanale caract\u00e9ristique de la marque Janeke.<\/p>\n","protected":false},"featured_media":3473,"comment_status":"closed","ping_status":"closed","template":"","meta":[],"product_brand":[815],"product_cat":[208],"product_tag":[470],"class_list":{"0":"post-3472","1":"product","2":"type-product","3":"status-publish","4":"has-post-thumbnail","6":"product_brand-luxury","7":"product_cat-brosses","8":"product_tag-brosses-de-luxe","10":"first","11":"instock","12":"shipping-taxable","13":"purchasable","14":"product-type-simple"},"yoast_head":"<!-- This site is optimized with the Yoast SEO plugin v27.1.1 - https:\/\/yoast.com\/product\/yoast-seo-wordpress\/ -->\n<title>J\u00e4neke Small Oval - Pinceau de voyage compact<\/title>\n<meta name=\"description\" content=\"Id\u00e9ale dans votre sac \u00e0 main : la petite brosse ovale J\u00e4neke masse le cuir chevelu et d\u00e9m\u00eale sans se casser. Des cheveux parfaits partout. Achetez-le !\" \/>\n<meta name=\"robots\" content=\"index, follow, max-snippet:-1, max-image-preview:large, max-video-preview:-1\" \/>\n<link rel=\"canonical\" href=\"https:\/\/janeke1830.it\/fr\/prodotto\/petite-brosse-ovale\/\" \/>\n<meta property=\"og:locale\" content=\"fr_FR\" \/>\n<meta property=\"og:type\" content=\"article\" \/>\n<meta property=\"og:title\" content=\"J\u00e4neke Small Oval - Pinceau de voyage compact\" \/>\n<meta property=\"og:description\" content=\"Id\u00e9ale dans votre sac \u00e0 main : la petite brosse ovale J\u00e4neke masse le cuir chevelu et d\u00e9m\u00eale sans se casser. Des cheveux parfaits partout. Achetez-le !\" \/>\n<meta property=\"og:url\" content=\"https:\/\/janeke1830.it\/fr\/prodotto\/petite-brosse-ovale\/\" \/>\n<meta property=\"og:site_name\" content=\"J\u00e4neke\" \/>\n<meta property=\"article:publisher\" content=\"https:\/\/www.facebook.com\/janeke1830\" \/>\n<meta property=\"article:modified_time\" content=\"2026-03-03T10:47:42+00:00\" \/>\n<meta property=\"og:image\" content=\"https:\/\/janeke1830.it\/wp-content\/uploads\/2025\/12\/SP08GDBL-1.png\" \/>\n\t<meta property=\"og:image:width\" content=\"1024\" \/>\n\t<meta property=\"og:image:height\" content=\"1024\" \/>\n\t<meta property=\"og:image:type\" content=\"image\/png\" \/>\n<meta name=\"twitter:card\" content=\"summary_large_image\" \/>\n<script type=\"application\/ld+json\" class=\"yoast-schema-graph\">{\"@context\":\"https:\/\/schema.org\",\"@graph\":[{\"@type\":\"WebPage\",\"@id\":\"https:\/\/janeke1830.it\/fr\/prodotto\/petite-brosse-ovale\/\",\"url\":\"https:\/\/janeke1830.it\/fr\/prodotto\/petite-brosse-ovale\/\",\"name\":\"J\u00e4neke Small Oval - Pinceau de voyage compact\",\"isPartOf\":{\"@id\":\"https:\/\/janeke1830.it\/#website\"},\"primaryImageOfPage\":{\"@id\":\"https:\/\/janeke1830.it\/fr\/prodotto\/petite-brosse-ovale\/#primaryimage\"},\"image\":{\"@id\":\"https:\/\/janeke1830.it\/fr\/prodotto\/petite-brosse-ovale\/#primaryimage\"},\"thumbnailUrl\":\"https:\/\/janeke1830.it\/wp-content\/uploads\/2025\/12\/spazzola-ovale-piccola-setole-sp08gdbl-1.png\",\"datePublished\":\"2026-01-08T12:24:52+00:00\",\"dateModified\":\"2026-03-03T10:47:42+00:00\",\"description\":\"Id\u00e9ale dans votre sac \u00e0 main : la petite brosse ovale J\u00e4neke masse le cuir chevelu et d\u00e9m\u00eale sans se casser. Des cheveux parfaits partout. Achetez-le !\",\"breadcrumb\":{\"@id\":\"https:\/\/janeke1830.it\/fr\/prodotto\/petite-brosse-ovale\/#breadcrumb\"},\"inLanguage\":\"fr-FR\",\"potentialAction\":[{\"@type\":\"ReadAction\",\"target\":[\"https:\/\/janeke1830.it\/fr\/prodotto\/petite-brosse-ovale\/\"]}]},{\"@type\":\"ImageObject\",\"inLanguage\":\"fr-FR\",\"@id\":\"https:\/\/janeke1830.it\/fr\/prodotto\/petite-brosse-ovale\/#primaryimage\",\"url\":\"https:\/\/janeke1830.it\/wp-content\/uploads\/2025\/12\/spazzola-ovale-piccola-setole-sp08gdbl-1.png\",\"contentUrl\":\"https:\/\/janeke1830.it\/wp-content\/uploads\/2025\/12\/spazzola-ovale-piccola-setole-sp08gdbl-1.png\",\"width\":1024,\"height\":1024,\"caption\":\"Spazzola ovale piccola picchi oro da viaggio J\u00e4neke\"},{\"@type\":\"BreadcrumbList\",\"@id\":\"https:\/\/janeke1830.it\/fr\/prodotto\/petite-brosse-ovale\/#breadcrumb\",\"itemListElement\":[{\"@type\":\"ListItem\",\"position\":1,\"name\":\"Home\",\"item\":\"https:\/\/janeke1830.it\/\"},{\"@type\":\"ListItem\",\"position\":2,\"name\":\"Boutique\",\"item\":\"https:\/\/janeke1830.it\/fr\/boutique\/\"},{\"@type\":\"ListItem\",\"position\":3,\"name\":\"Petite brosse ovale\"}]},{\"@type\":\"WebSite\",\"@id\":\"https:\/\/janeke1830.it\/#website\",\"url\":\"https:\/\/janeke1830.it\/\",\"name\":\"J\u00e4neke 1830\",\"description\":\"\",\"publisher\":{\"@id\":\"https:\/\/janeke1830.it\/#organization\"},\"potentialAction\":[{\"@type\":\"SearchAction\",\"target\":{\"@type\":\"EntryPoint\",\"urlTemplate\":\"https:\/\/janeke1830.it\/?s={search_term_string}\"},\"query-input\":{\"@type\":\"PropertyValueSpecification\",\"valueRequired\":true,\"valueName\":\"search_term_string\"}}],\"inLanguage\":\"fr-FR\"},{\"@type\":\"Organization\",\"@id\":\"https:\/\/janeke1830.it\/#organization\",\"name\":\"J\u00e4neke 1830\",\"url\":\"https:\/\/janeke1830.it\/\",\"logo\":{\"@type\":\"ImageObject\",\"inLanguage\":\"fr-FR\",\"@id\":\"https:\/\/janeke1830.it\/#\/schema\/logo\/image\/\",\"url\":\"https:\/\/janeke1830.it\/wp-content\/uploads\/2025\/12\/logo-nero-janeke.png\",\"contentUrl\":\"https:\/\/janeke1830.it\/wp-content\/uploads\/2025\/12\/logo-nero-janeke.png\",\"width\":1824,\"height\":829,\"caption\":\"J\u00e4neke 1830\"},\"image\":{\"@id\":\"https:\/\/janeke1830.it\/#\/schema\/logo\/image\/\"},\"sameAs\":[\"https:\/\/www.facebook.com\/janeke1830\",\"https:\/\/www.instagram.com\/janeke1830official\",\"https:\/\/www.linkedin.com\/company\/giorgio-janeke-s-r-l-\/\"]}]}<\/script>\n<!-- \/ Yoast SEO plugin. -->","yoast_head_json":{"title":"J\u00e4neke Small Oval - Pinceau de voyage compact","description":"Id\u00e9ale dans votre sac \u00e0 main : la petite brosse ovale J\u00e4neke masse le cuir chevelu et d\u00e9m\u00eale sans se casser. Des cheveux parfaits partout. Achetez-le !","robots":{"index":"index","follow":"follow","max-snippet":"max-snippet:-1","max-image-preview":"max-image-preview:large","max-video-preview":"max-video-preview:-1"},"canonical":"https:\/\/janeke1830.it\/fr\/prodotto\/petite-brosse-ovale\/","og_locale":"fr_FR","og_type":"article","og_title":"J\u00e4neke Small Oval - Pinceau de voyage compact","og_description":"Id\u00e9ale dans votre sac \u00e0 main : la petite brosse ovale J\u00e4neke masse le cuir chevelu et d\u00e9m\u00eale sans se casser. Des cheveux parfaits partout. Achetez-le !","og_url":"https:\/\/janeke1830.it\/fr\/prodotto\/petite-brosse-ovale\/","og_site_name":"J\u00e4neke","article_publisher":"https:\/\/www.facebook.com\/janeke1830","article_modified_time":"2026-03-03T10:47:42+00:00","og_image":[{"width":1024,"height":1024,"url":"https:\/\/janeke1830.it\/wp-content\/uploads\/2025\/12\/SP08GDBL-1.png","type":"image\/png"}],"twitter_card":"summary_large_image","schema":{"@context":"https:\/\/schema.org","@graph":[{"@type":"WebPage","@id":"https:\/\/janeke1830.it\/fr\/prodotto\/petite-brosse-ovale\/","url":"https:\/\/janeke1830.it\/fr\/prodotto\/petite-brosse-ovale\/","name":"J\u00e4neke Small Oval - Pinceau de voyage compact","isPartOf":{"@id":"https:\/\/janeke1830.it\/#website"},"primaryImageOfPage":{"@id":"https:\/\/janeke1830.it\/fr\/prodotto\/petite-brosse-ovale\/#primaryimage"},"image":{"@id":"https:\/\/janeke1830.it\/fr\/prodotto\/petite-brosse-ovale\/#primaryimage"},"thumbnailUrl":"https:\/\/janeke1830.it\/wp-content\/uploads\/2025\/12\/spazzola-ovale-piccola-setole-sp08gdbl-1.png","datePublished":"2026-01-08T12:24:52+00:00","dateModified":"2026-03-03T10:47:42+00:00","description":"Id\u00e9ale dans votre sac \u00e0 main : la petite brosse ovale J\u00e4neke masse le cuir chevelu et d\u00e9m\u00eale sans se casser. Des cheveux parfaits partout. Achetez-le !","breadcrumb":{"@id":"https:\/\/janeke1830.it\/fr\/prodotto\/petite-brosse-ovale\/#breadcrumb"},"inLanguage":"fr-FR","potentialAction":[{"@type":"ReadAction","target":["https:\/\/janeke1830.it\/fr\/prodotto\/petite-brosse-ovale\/"]}]},{"@type":"ImageObject","inLanguage":"fr-FR","@id":"https:\/\/janeke1830.it\/fr\/prodotto\/petite-brosse-ovale\/#primaryimage","url":"https:\/\/janeke1830.it\/wp-content\/uploads\/2025\/12\/spazzola-ovale-piccola-setole-sp08gdbl-1.png","contentUrl":"https:\/\/janeke1830.it\/wp-content\/uploads\/2025\/12\/spazzola-ovale-piccola-setole-sp08gdbl-1.png","width":1024,"height":1024,"caption":"Spazzola ovale piccola picchi oro da viaggio J\u00e4neke"},{"@type":"BreadcrumbList","@id":"https:\/\/janeke1830.it\/fr\/prodotto\/petite-brosse-ovale\/#breadcrumb","itemListElement":[{"@type":"ListItem","position":1,"name":"Home","item":"https:\/\/janeke1830.it\/"},{"@type":"ListItem","position":2,"name":"Boutique","item":"https:\/\/janeke1830.it\/fr\/boutique\/"},{"@type":"ListItem","position":3,"name":"Petite brosse ovale"}]},{"@type":"WebSite","@id":"https:\/\/janeke1830.it\/#website","url":"https:\/\/janeke1830.it\/","name":"J\u00e4neke 1830","description":"","publisher":{"@id":"https:\/\/janeke1830.it\/#organization"},"potentialAction":[{"@type":"SearchAction","target":{"@type":"EntryPoint","urlTemplate":"https:\/\/janeke1830.it\/?s={search_term_string}"},"query-input":{"@type":"PropertyValueSpecification","valueRequired":true,"valueName":"search_term_string"}}],"inLanguage":"fr-FR"},{"@type":"Organization","@id":"https:\/\/janeke1830.it\/#organization","name":"J\u00e4neke 1830","url":"https:\/\/janeke1830.it\/","logo":{"@type":"ImageObject","inLanguage":"fr-FR","@id":"https:\/\/janeke1830.it\/#\/schema\/logo\/image\/","url":"https:\/\/janeke1830.it\/wp-content\/uploads\/2025\/12\/logo-nero-janeke.png","contentUrl":"https:\/\/janeke1830.it\/wp-content\/uploads\/2025\/12\/logo-nero-janeke.png","width":1824,"height":829,"caption":"J\u00e4neke 1830"},"image":{"@id":"https:\/\/janeke1830.it\/#\/schema\/logo\/image\/"},"sameAs":["https:\/\/www.facebook.com\/janeke1830","https:\/\/www.instagram.com\/janeke1830official","https:\/\/www.linkedin.com\/company\/giorgio-janeke-s-r-l-\/"]}]}},"_links":{"self":[{"href":"https:\/\/janeke1830.it\/fr\/wp-json\/wp\/v2\/product\/3472","targetHints":{"allow":["GET"]}}],"collection":[{"href":"https:\/\/janeke1830.it\/fr\/wp-json\/wp\/v2\/product"}],"about":[{"href":"https:\/\/janeke1830.it\/fr\/wp-json\/wp\/v2\/types\/product"}],"replies":[{"embeddable":true,"href":"https:\/\/janeke1830.it\/fr\/wp-json\/wp\/v2\/comments?post=3472"}],"wp:featuredmedia":[{"embeddable":true,"href":"https:\/\/janeke1830.it\/fr\/wp-json\/wp\/v2\/media\/3473"}],"wp:attachment":[{"href":"https:\/\/janeke1830.it\/fr\/wp-json\/wp\/v2\/media?parent=3472"}],"wp:term":[{"taxonomy":"product_brand","embeddable":true,"href":"https:\/\/janeke1830.it\/fr\/wp-json\/wp\/v2\/product_brand?post=3472"},{"taxonomy":"product_cat","embeddable":true,"href":"https:\/\/janeke1830.it\/fr\/wp-json\/wp\/v2\/product_cat?post=3472"},{"taxonomy":"product_tag","embeddable":true,"href":"https:\/\/janeke1830.it\/fr\/wp-json\/wp\/v2\/product_tag?post=3472"}],"curies":[{"name":"wp","href":"https:\/\/api.w.org\/{rel}","templated":true}]}}