{"id":3458,"date":"2026-01-10T08:40:30","date_gmt":"2026-01-10T07:40:30","guid":{"rendered":"https:\/\/janeke1830.it\/prodotto\/peigne-ondule-pour-lapplication-de-gel\/"},"modified":"2026-01-30T14:18:37","modified_gmt":"2026-01-30T13:18:37","slug":"peigne-ondule-pour-lapplication-de-gel","status":"publish","type":"product","link":"https:\/\/janeke1830.it\/fr\/prodotto\/peigne-ondule-pour-lapplication-de-gel\/","title":{"rendered":"Peigne ondul\u00e9 pour l&rsquo;application de gel"},"content":{"rendered":"","protected":false},"excerpt":{"rendered":"<p>Le <strong>Peigne Ondul\u00e9 pour Gel Janeke<\/strong> est con\u00e7u pour r\u00e9partir uniform\u00e9ment les gels, mousses et autres produits coiffants sur les cheveux, assurant une application homog\u00e8ne et pr\u00e9cise. La denture ondul\u00e9e sp\u00e9ciale favorise la d\u00e9finition des cheveux sans les casser, tandis que les pointes arrondies prot\u00e8gent le cuir chevelu. Id\u00e9al pour les coiffures cr\u00e9atives et d\u00e9taill\u00e9es, il allie praticit\u00e9, contr\u00f4le et la qualit\u00e9 distinctive de la marque Janeke.  <\/p>\n","protected":false},"featured_media":3459,"comment_status":"closed","ping_status":"closed","template":"","meta":[],"product_brand":[815],"product_cat":[617],"product_tag":[632],"class_list":{"0":"post-3458","1":"product","2":"type-product","3":"status-publish","4":"has-post-thumbnail","6":"product_brand-luxury","7":"product_cat-peignes","8":"product_tag-peignes-luxury","10":"first","11":"instock","12":"shipping-taxable","13":"purchasable","14":"product-type-variable","15":"wvs-archive-product-wrapper"},"yoast_head":"<!-- This site is optimized with the Yoast SEO plugin v27.1.1 - https:\/\/yoast.com\/product\/yoast-seo-wordpress\/ -->\n<title>Peigne ondul\u00e9 pour l&#039;application de gel J\u00e4neke - Styling Definition<\/title>\n<meta name=\"description\" content=\"\u00c9talez le gel et la mousse avec le peigne ondul\u00e9 pour application de gel J\u00e4neke. La denture sp\u00e9ciale permet de d\u00e9finir les cheveux sans les casser. Achetez-le !\" \/>\n<meta name=\"robots\" content=\"index, follow, max-snippet:-1, max-image-preview:large, max-video-preview:-1\" \/>\n<link rel=\"canonical\" href=\"https:\/\/janeke1830.it\/fr\/prodotto\/peigne-ondule-pour-lapplication-de-gel\/\" \/>\n<meta property=\"og:locale\" content=\"fr_FR\" \/>\n<meta property=\"og:type\" content=\"article\" \/>\n<meta property=\"og:title\" content=\"Peigne ondul\u00e9 pour l&#039;application de gel J\u00e4neke - Styling Definition\" \/>\n<meta property=\"og:description\" content=\"\u00c9talez le gel et la mousse avec le peigne ondul\u00e9 pour application de gel J\u00e4neke. La denture sp\u00e9ciale permet de d\u00e9finir les cheveux sans les casser. Achetez-le !\" \/>\n<meta property=\"og:url\" content=\"https:\/\/janeke1830.it\/fr\/prodotto\/peigne-ondule-pour-lapplication-de-gel\/\" \/>\n<meta property=\"og:site_name\" content=\"J\u00e4neke\" \/>\n<meta property=\"article:publisher\" content=\"https:\/\/www.facebook.com\/janeke1830\" \/>\n<meta property=\"article:modified_time\" content=\"2026-01-30T13:18:37+00:00\" \/>\n<meta property=\"og:image\" content=\"https:\/\/janeke1830.it\/wp-content\/uploads\/2026\/01\/AU805.png\" \/>\n\t<meta property=\"og:image:width\" content=\"1024\" \/>\n\t<meta property=\"og:image:height\" content=\"1024\" \/>\n\t<meta property=\"og:image:type\" content=\"image\/png\" \/>\n<meta name=\"twitter:card\" content=\"summary_large_image\" \/>\n<script type=\"application\/ld+json\" class=\"yoast-schema-graph\">{\"@context\":\"https:\/\/schema.org\",\"@graph\":[{\"@type\":\"WebPage\",\"@id\":\"https:\/\/janeke1830.it\/fr\/prodotto\/peigne-ondule-pour-lapplication-de-gel\/\",\"url\":\"https:\/\/janeke1830.it\/fr\/prodotto\/peigne-ondule-pour-lapplication-de-gel\/\",\"name\":\"Peigne ondul\u00e9 pour l'application de gel J\u00e4neke - Styling Definition\",\"isPartOf\":{\"@id\":\"https:\/\/janeke1830.it\/#website\"},\"primaryImageOfPage\":{\"@id\":\"https:\/\/janeke1830.it\/fr\/prodotto\/peigne-ondule-pour-lapplication-de-gel\/#primaryimage\"},\"image\":{\"@id\":\"https:\/\/janeke1830.it\/fr\/prodotto\/peigne-ondule-pour-lapplication-de-gel\/#primaryimage\"},\"thumbnailUrl\":\"https:\/\/janeke1830.it\/wp-content\/uploads\/2026\/01\/wavy-comb-gel-application-oro-au805.png\",\"datePublished\":\"2026-01-10T07:40:30+00:00\",\"dateModified\":\"2026-01-30T13:18:37+00:00\",\"description\":\"\u00c9talez le gel et la mousse avec le peigne ondul\u00e9 pour application de gel J\u00e4neke. La denture sp\u00e9ciale permet de d\u00e9finir les cheveux sans les casser. Achetez-le !\",\"breadcrumb\":{\"@id\":\"https:\/\/janeke1830.it\/fr\/prodotto\/peigne-ondule-pour-lapplication-de-gel\/#breadcrumb\"},\"inLanguage\":\"fr-FR\",\"potentialAction\":[{\"@type\":\"ReadAction\",\"target\":[\"https:\/\/janeke1830.it\/fr\/prodotto\/peigne-ondule-pour-lapplication-de-gel\/\"]}]},{\"@type\":\"ImageObject\",\"inLanguage\":\"fr-FR\",\"@id\":\"https:\/\/janeke1830.it\/fr\/prodotto\/peigne-ondule-pour-lapplication-de-gel\/#primaryimage\",\"url\":\"https:\/\/janeke1830.it\/wp-content\/uploads\/2026\/01\/wavy-comb-gel-application-oro-au805.png\",\"contentUrl\":\"https:\/\/janeke1830.it\/wp-content\/uploads\/2026\/01\/wavy-comb-gel-application-oro-au805.png\",\"width\":1024,\"height\":1024,\"caption\":\"Wavy Comb for gel application oro per definire onde J\u00e4neke Made in Italy\"},{\"@type\":\"BreadcrumbList\",\"@id\":\"https:\/\/janeke1830.it\/fr\/prodotto\/peigne-ondule-pour-lapplication-de-gel\/#breadcrumb\",\"itemListElement\":[{\"@type\":\"ListItem\",\"position\":1,\"name\":\"Home\",\"item\":\"https:\/\/janeke1830.it\/\"},{\"@type\":\"ListItem\",\"position\":2,\"name\":\"Boutique\",\"item\":\"https:\/\/janeke1830.it\/fr\/boutique\/\"},{\"@type\":\"ListItem\",\"position\":3,\"name\":\"Peigne ondul\u00e9 pour l&rsquo;application de gel\"}]},{\"@type\":\"WebSite\",\"@id\":\"https:\/\/janeke1830.it\/#website\",\"url\":\"https:\/\/janeke1830.it\/\",\"name\":\"J\u00e4neke 1830\",\"description\":\"\",\"publisher\":{\"@id\":\"https:\/\/janeke1830.it\/#organization\"},\"potentialAction\":[{\"@type\":\"SearchAction\",\"target\":{\"@type\":\"EntryPoint\",\"urlTemplate\":\"https:\/\/janeke1830.it\/?s={search_term_string}\"},\"query-input\":{\"@type\":\"PropertyValueSpecification\",\"valueRequired\":true,\"valueName\":\"search_term_string\"}}],\"inLanguage\":\"fr-FR\"},{\"@type\":\"Organization\",\"@id\":\"https:\/\/janeke1830.it\/#organization\",\"name\":\"J\u00e4neke 1830\",\"url\":\"https:\/\/janeke1830.it\/\",\"logo\":{\"@type\":\"ImageObject\",\"inLanguage\":\"fr-FR\",\"@id\":\"https:\/\/janeke1830.it\/#\/schema\/logo\/image\/\",\"url\":\"https:\/\/janeke1830.it\/wp-content\/uploads\/2025\/12\/logo-nero-janeke.png\",\"contentUrl\":\"https:\/\/janeke1830.it\/wp-content\/uploads\/2025\/12\/logo-nero-janeke.png\",\"width\":1824,\"height\":829,\"caption\":\"J\u00e4neke 1830\"},\"image\":{\"@id\":\"https:\/\/janeke1830.it\/#\/schema\/logo\/image\/\"},\"sameAs\":[\"https:\/\/www.facebook.com\/janeke1830\",\"https:\/\/www.instagram.com\/janeke1830official\",\"https:\/\/www.linkedin.com\/company\/giorgio-janeke-s-r-l-\/\"]}]}<\/script>\n<!-- \/ Yoast SEO plugin. -->","yoast_head_json":{"title":"Peigne ondul\u00e9 pour l'application de gel J\u00e4neke - Styling Definition","description":"\u00c9talez le gel et la mousse avec le peigne ondul\u00e9 pour application de gel J\u00e4neke. La denture sp\u00e9ciale permet de d\u00e9finir les cheveux sans les casser. Achetez-le !","robots":{"index":"index","follow":"follow","max-snippet":"max-snippet:-1","max-image-preview":"max-image-preview:large","max-video-preview":"max-video-preview:-1"},"canonical":"https:\/\/janeke1830.it\/fr\/prodotto\/peigne-ondule-pour-lapplication-de-gel\/","og_locale":"fr_FR","og_type":"article","og_title":"Peigne ondul\u00e9 pour l'application de gel J\u00e4neke - Styling Definition","og_description":"\u00c9talez le gel et la mousse avec le peigne ondul\u00e9 pour application de gel J\u00e4neke. La denture sp\u00e9ciale permet de d\u00e9finir les cheveux sans les casser. Achetez-le !","og_url":"https:\/\/janeke1830.it\/fr\/prodotto\/peigne-ondule-pour-lapplication-de-gel\/","og_site_name":"J\u00e4neke","article_publisher":"https:\/\/www.facebook.com\/janeke1830","article_modified_time":"2026-01-30T13:18:37+00:00","og_image":[{"width":1024,"height":1024,"url":"https:\/\/janeke1830.it\/wp-content\/uploads\/2026\/01\/AU805.png","type":"image\/png"}],"twitter_card":"summary_large_image","schema":{"@context":"https:\/\/schema.org","@graph":[{"@type":"WebPage","@id":"https:\/\/janeke1830.it\/fr\/prodotto\/peigne-ondule-pour-lapplication-de-gel\/","url":"https:\/\/janeke1830.it\/fr\/prodotto\/peigne-ondule-pour-lapplication-de-gel\/","name":"Peigne ondul\u00e9 pour l'application de gel J\u00e4neke - Styling Definition","isPartOf":{"@id":"https:\/\/janeke1830.it\/#website"},"primaryImageOfPage":{"@id":"https:\/\/janeke1830.it\/fr\/prodotto\/peigne-ondule-pour-lapplication-de-gel\/#primaryimage"},"image":{"@id":"https:\/\/janeke1830.it\/fr\/prodotto\/peigne-ondule-pour-lapplication-de-gel\/#primaryimage"},"thumbnailUrl":"https:\/\/janeke1830.it\/wp-content\/uploads\/2026\/01\/wavy-comb-gel-application-oro-au805.png","datePublished":"2026-01-10T07:40:30+00:00","dateModified":"2026-01-30T13:18:37+00:00","description":"\u00c9talez le gel et la mousse avec le peigne ondul\u00e9 pour application de gel J\u00e4neke. La denture sp\u00e9ciale permet de d\u00e9finir les cheveux sans les casser. Achetez-le !","breadcrumb":{"@id":"https:\/\/janeke1830.it\/fr\/prodotto\/peigne-ondule-pour-lapplication-de-gel\/#breadcrumb"},"inLanguage":"fr-FR","potentialAction":[{"@type":"ReadAction","target":["https:\/\/janeke1830.it\/fr\/prodotto\/peigne-ondule-pour-lapplication-de-gel\/"]}]},{"@type":"ImageObject","inLanguage":"fr-FR","@id":"https:\/\/janeke1830.it\/fr\/prodotto\/peigne-ondule-pour-lapplication-de-gel\/#primaryimage","url":"https:\/\/janeke1830.it\/wp-content\/uploads\/2026\/01\/wavy-comb-gel-application-oro-au805.png","contentUrl":"https:\/\/janeke1830.it\/wp-content\/uploads\/2026\/01\/wavy-comb-gel-application-oro-au805.png","width":1024,"height":1024,"caption":"Wavy Comb for gel application oro per definire onde J\u00e4neke Made in Italy"},{"@type":"BreadcrumbList","@id":"https:\/\/janeke1830.it\/fr\/prodotto\/peigne-ondule-pour-lapplication-de-gel\/#breadcrumb","itemListElement":[{"@type":"ListItem","position":1,"name":"Home","item":"https:\/\/janeke1830.it\/"},{"@type":"ListItem","position":2,"name":"Boutique","item":"https:\/\/janeke1830.it\/fr\/boutique\/"},{"@type":"ListItem","position":3,"name":"Peigne ondul\u00e9 pour l&rsquo;application de gel"}]},{"@type":"WebSite","@id":"https:\/\/janeke1830.it\/#website","url":"https:\/\/janeke1830.it\/","name":"J\u00e4neke 1830","description":"","publisher":{"@id":"https:\/\/janeke1830.it\/#organization"},"potentialAction":[{"@type":"SearchAction","target":{"@type":"EntryPoint","urlTemplate":"https:\/\/janeke1830.it\/?s={search_term_string}"},"query-input":{"@type":"PropertyValueSpecification","valueRequired":true,"valueName":"search_term_string"}}],"inLanguage":"fr-FR"},{"@type":"Organization","@id":"https:\/\/janeke1830.it\/#organization","name":"J\u00e4neke 1830","url":"https:\/\/janeke1830.it\/","logo":{"@type":"ImageObject","inLanguage":"fr-FR","@id":"https:\/\/janeke1830.it\/#\/schema\/logo\/image\/","url":"https:\/\/janeke1830.it\/wp-content\/uploads\/2025\/12\/logo-nero-janeke.png","contentUrl":"https:\/\/janeke1830.it\/wp-content\/uploads\/2025\/12\/logo-nero-janeke.png","width":1824,"height":829,"caption":"J\u00e4neke 1830"},"image":{"@id":"https:\/\/janeke1830.it\/#\/schema\/logo\/image\/"},"sameAs":["https:\/\/www.facebook.com\/janeke1830","https:\/\/www.instagram.com\/janeke1830official","https:\/\/www.linkedin.com\/company\/giorgio-janeke-s-r-l-\/"]}]}},"_links":{"self":[{"href":"https:\/\/janeke1830.it\/fr\/wp-json\/wp\/v2\/product\/3458","targetHints":{"allow":["GET"]}}],"collection":[{"href":"https:\/\/janeke1830.it\/fr\/wp-json\/wp\/v2\/product"}],"about":[{"href":"https:\/\/janeke1830.it\/fr\/wp-json\/wp\/v2\/types\/product"}],"replies":[{"embeddable":true,"href":"https:\/\/janeke1830.it\/fr\/wp-json\/wp\/v2\/comments?post=3458"}],"wp:featuredmedia":[{"embeddable":true,"href":"https:\/\/janeke1830.it\/fr\/wp-json\/wp\/v2\/media\/3459"}],"wp:attachment":[{"href":"https:\/\/janeke1830.it\/fr\/wp-json\/wp\/v2\/media?parent=3458"}],"wp:term":[{"taxonomy":"product_brand","embeddable":true,"href":"https:\/\/janeke1830.it\/fr\/wp-json\/wp\/v2\/product_brand?post=3458"},{"taxonomy":"product_cat","embeddable":true,"href":"https:\/\/janeke1830.it\/fr\/wp-json\/wp\/v2\/product_cat?post=3458"},{"taxonomy":"product_tag","embeddable":true,"href":"https:\/\/janeke1830.it\/fr\/wp-json\/wp\/v2\/product_tag?post=3458"}],"curies":[{"name":"wp","href":"https:\/\/api.w.org\/{rel}","templated":true}]}}