{"id":3407,"date":"2026-01-09T15:22:31","date_gmt":"2026-01-09T14:22:31","guid":{"rendered":"https:\/\/janeke1830.it\/prodotto\/boite-cadeau-avec-petite-brosse-tokyo\/"},"modified":"2026-03-03T11:47:32","modified_gmt":"2026-03-03T10:47:32","slug":"boite-cadeau-avec-petite-brosse-tokyo","status":"publish","type":"product","link":"https:\/\/janeke1830.it\/fr\/prodotto\/boite-cadeau-avec-petite-brosse-tokyo\/","title":{"rendered":"Bo\u00eete cadeau avec petite brosse Tokyo"},"content":{"rendered":"","protected":false},"excerpt":{"rendered":"<p>La <strong>bo\u00eete cadeau Janeke avec petite brosse Tokyo<\/strong> est un ensemble \u00e9l\u00e9gant con\u00e7u pour ceux qui recherchent praticit\u00e9 et style dans un format compact. \u00c0 l&rsquo;int\u00e9rieur, la brosse ronde ou traditionnelle d\u00e9m\u00eale d\u00e9licatement les cheveux, les gardant doux et brillants, et est parfaite \u00e0 emporter dans un sac ou en voyage. <\/p>\n<p>Soign\u00e9e dans les moindres d\u00e9tails et pr\u00eate \u00e0 offrir, elle allie fonctionnalit\u00e9, design raffin\u00e9 et la qualit\u00e9 distinctive de la marque Janeke.<\/p>\n","protected":false},"featured_media":3408,"comment_status":"closed","ping_status":"closed","template":"","meta":[],"product_brand":[815],"product_cat":[208],"product_tag":[638],"class_list":{"0":"post-3407","1":"product","2":"type-product","3":"status-publish","4":"has-post-thumbnail","6":"product_brand-luxury","7":"product_cat-brosses","8":"product_tag-tokyo","10":"first","11":"instock","12":"shipping-taxable","13":"purchasable","14":"product-type-simple"},"yoast_head":"<!-- This site is optimized with the Yoast SEO plugin v27.1.1 - https:\/\/yoast.com\/product\/yoast-seo-wordpress\/ -->\n<title>Bo\u00eete cadeau avec petit pinceau Tokyo - J\u00e4neke 1830<\/title>\n<meta name=\"description\" content=\"Choisissez le coffret cadeau J\u00e4neke Small Tokyo Brush. Un set compact et exclusif pour des cheveux brillants. Le cadeau id\u00e9al !\" \/>\n<meta name=\"robots\" content=\"index, follow, max-snippet:-1, max-image-preview:large, max-video-preview:-1\" \/>\n<link rel=\"canonical\" href=\"https:\/\/janeke1830.it\/fr\/prodotto\/boite-cadeau-avec-petite-brosse-tokyo\/\" \/>\n<meta property=\"og:locale\" content=\"fr_FR\" \/>\n<meta property=\"og:type\" content=\"article\" \/>\n<meta property=\"og:title\" content=\"Bo\u00eete cadeau avec petit pinceau Tokyo - J\u00e4neke 1830\" \/>\n<meta property=\"og:description\" content=\"Choisissez le coffret cadeau J\u00e4neke Small Tokyo Brush. Un set compact et exclusif pour des cheveux brillants. Le cadeau id\u00e9al !\" \/>\n<meta property=\"og:url\" content=\"https:\/\/janeke1830.it\/fr\/prodotto\/boite-cadeau-avec-petite-brosse-tokyo\/\" \/>\n<meta property=\"og:site_name\" content=\"J\u00e4neke\" \/>\n<meta property=\"article:publisher\" content=\"https:\/\/www.facebook.com\/janeke1830\" \/>\n<meta property=\"article:modified_time\" content=\"2026-03-03T10:47:32+00:00\" \/>\n<meta property=\"og:image\" content=\"https:\/\/janeke1830.it\/wp-content\/uploads\/2026\/01\/SCA64.png\" \/>\n\t<meta property=\"og:image:width\" content=\"1024\" \/>\n\t<meta property=\"og:image:height\" content=\"1024\" \/>\n\t<meta property=\"og:image:type\" content=\"image\/png\" \/>\n<meta name=\"twitter:card\" content=\"summary_large_image\" \/>\n<script type=\"application\/ld+json\" class=\"yoast-schema-graph\">{\"@context\":\"https:\/\/schema.org\",\"@graph\":[{\"@type\":\"WebPage\",\"@id\":\"https:\/\/janeke1830.it\/fr\/prodotto\/boite-cadeau-avec-petite-brosse-tokyo\/\",\"url\":\"https:\/\/janeke1830.it\/fr\/prodotto\/boite-cadeau-avec-petite-brosse-tokyo\/\",\"name\":\"Bo\u00eete cadeau avec petit pinceau Tokyo - J\u00e4neke 1830\",\"isPartOf\":{\"@id\":\"https:\/\/janeke1830.it\/#website\"},\"primaryImageOfPage\":{\"@id\":\"https:\/\/janeke1830.it\/fr\/prodotto\/boite-cadeau-avec-petite-brosse-tokyo\/#primaryimage\"},\"image\":{\"@id\":\"https:\/\/janeke1830.it\/fr\/prodotto\/boite-cadeau-avec-petite-brosse-tokyo\/#primaryimage\"},\"thumbnailUrl\":\"https:\/\/janeke1830.it\/wp-content\/uploads\/2026\/01\/scatola-regalo-spazzola-tokyo-piccola-sca64.png\",\"datePublished\":\"2026-01-09T14:22:31+00:00\",\"dateModified\":\"2026-03-03T10:47:32+00:00\",\"description\":\"Choisissez le coffret cadeau J\u00e4neke Small Tokyo Brush. Un set compact et exclusif pour des cheveux brillants. Le cadeau id\u00e9al !\",\"breadcrumb\":{\"@id\":\"https:\/\/janeke1830.it\/fr\/prodotto\/boite-cadeau-avec-petite-brosse-tokyo\/#breadcrumb\"},\"inLanguage\":\"fr-FR\",\"potentialAction\":[{\"@type\":\"ReadAction\",\"target\":[\"https:\/\/janeke1830.it\/fr\/prodotto\/boite-cadeau-avec-petite-brosse-tokyo\/\"]}]},{\"@type\":\"ImageObject\",\"inLanguage\":\"fr-FR\",\"@id\":\"https:\/\/janeke1830.it\/fr\/prodotto\/boite-cadeau-avec-petite-brosse-tokyo\/#primaryimage\",\"url\":\"https:\/\/janeke1830.it\/wp-content\/uploads\/2026\/01\/scatola-regalo-spazzola-tokyo-piccola-sca64.png\",\"contentUrl\":\"https:\/\/janeke1830.it\/wp-content\/uploads\/2026\/01\/scatola-regalo-spazzola-tokyo-piccola-sca64.png\",\"width\":1024,\"height\":1024,\"caption\":\"Scatola regalo J\u00e4neke con spazzola Tokyo piccola da borsetta lusso\"},{\"@type\":\"BreadcrumbList\",\"@id\":\"https:\/\/janeke1830.it\/fr\/prodotto\/boite-cadeau-avec-petite-brosse-tokyo\/#breadcrumb\",\"itemListElement\":[{\"@type\":\"ListItem\",\"position\":1,\"name\":\"Home\",\"item\":\"https:\/\/janeke1830.it\/\"},{\"@type\":\"ListItem\",\"position\":2,\"name\":\"Boutique\",\"item\":\"https:\/\/janeke1830.it\/fr\/boutique\/\"},{\"@type\":\"ListItem\",\"position\":3,\"name\":\"Bo\u00eete cadeau avec petite brosse Tokyo\"}]},{\"@type\":\"WebSite\",\"@id\":\"https:\/\/janeke1830.it\/#website\",\"url\":\"https:\/\/janeke1830.it\/\",\"name\":\"J\u00e4neke 1830\",\"description\":\"\",\"publisher\":{\"@id\":\"https:\/\/janeke1830.it\/#organization\"},\"potentialAction\":[{\"@type\":\"SearchAction\",\"target\":{\"@type\":\"EntryPoint\",\"urlTemplate\":\"https:\/\/janeke1830.it\/?s={search_term_string}\"},\"query-input\":{\"@type\":\"PropertyValueSpecification\",\"valueRequired\":true,\"valueName\":\"search_term_string\"}}],\"inLanguage\":\"fr-FR\"},{\"@type\":\"Organization\",\"@id\":\"https:\/\/janeke1830.it\/#organization\",\"name\":\"J\u00e4neke 1830\",\"url\":\"https:\/\/janeke1830.it\/\",\"logo\":{\"@type\":\"ImageObject\",\"inLanguage\":\"fr-FR\",\"@id\":\"https:\/\/janeke1830.it\/#\/schema\/logo\/image\/\",\"url\":\"https:\/\/janeke1830.it\/wp-content\/uploads\/2025\/12\/logo-nero-janeke.png\",\"contentUrl\":\"https:\/\/janeke1830.it\/wp-content\/uploads\/2025\/12\/logo-nero-janeke.png\",\"width\":1824,\"height\":829,\"caption\":\"J\u00e4neke 1830\"},\"image\":{\"@id\":\"https:\/\/janeke1830.it\/#\/schema\/logo\/image\/\"},\"sameAs\":[\"https:\/\/www.facebook.com\/janeke1830\",\"https:\/\/www.instagram.com\/janeke1830official\",\"https:\/\/www.linkedin.com\/company\/giorgio-janeke-s-r-l-\/\"]}]}<\/script>\n<!-- \/ Yoast SEO plugin. -->","yoast_head_json":{"title":"Bo\u00eete cadeau avec petit pinceau Tokyo - J\u00e4neke 1830","description":"Choisissez le coffret cadeau J\u00e4neke Small Tokyo Brush. Un set compact et exclusif pour des cheveux brillants. Le cadeau id\u00e9al !","robots":{"index":"index","follow":"follow","max-snippet":"max-snippet:-1","max-image-preview":"max-image-preview:large","max-video-preview":"max-video-preview:-1"},"canonical":"https:\/\/janeke1830.it\/fr\/prodotto\/boite-cadeau-avec-petite-brosse-tokyo\/","og_locale":"fr_FR","og_type":"article","og_title":"Bo\u00eete cadeau avec petit pinceau Tokyo - J\u00e4neke 1830","og_description":"Choisissez le coffret cadeau J\u00e4neke Small Tokyo Brush. Un set compact et exclusif pour des cheveux brillants. Le cadeau id\u00e9al !","og_url":"https:\/\/janeke1830.it\/fr\/prodotto\/boite-cadeau-avec-petite-brosse-tokyo\/","og_site_name":"J\u00e4neke","article_publisher":"https:\/\/www.facebook.com\/janeke1830","article_modified_time":"2026-03-03T10:47:32+00:00","og_image":[{"width":1024,"height":1024,"url":"https:\/\/janeke1830.it\/wp-content\/uploads\/2026\/01\/SCA64.png","type":"image\/png"}],"twitter_card":"summary_large_image","schema":{"@context":"https:\/\/schema.org","@graph":[{"@type":"WebPage","@id":"https:\/\/janeke1830.it\/fr\/prodotto\/boite-cadeau-avec-petite-brosse-tokyo\/","url":"https:\/\/janeke1830.it\/fr\/prodotto\/boite-cadeau-avec-petite-brosse-tokyo\/","name":"Bo\u00eete cadeau avec petit pinceau Tokyo - J\u00e4neke 1830","isPartOf":{"@id":"https:\/\/janeke1830.it\/#website"},"primaryImageOfPage":{"@id":"https:\/\/janeke1830.it\/fr\/prodotto\/boite-cadeau-avec-petite-brosse-tokyo\/#primaryimage"},"image":{"@id":"https:\/\/janeke1830.it\/fr\/prodotto\/boite-cadeau-avec-petite-brosse-tokyo\/#primaryimage"},"thumbnailUrl":"https:\/\/janeke1830.it\/wp-content\/uploads\/2026\/01\/scatola-regalo-spazzola-tokyo-piccola-sca64.png","datePublished":"2026-01-09T14:22:31+00:00","dateModified":"2026-03-03T10:47:32+00:00","description":"Choisissez le coffret cadeau J\u00e4neke Small Tokyo Brush. Un set compact et exclusif pour des cheveux brillants. Le cadeau id\u00e9al !","breadcrumb":{"@id":"https:\/\/janeke1830.it\/fr\/prodotto\/boite-cadeau-avec-petite-brosse-tokyo\/#breadcrumb"},"inLanguage":"fr-FR","potentialAction":[{"@type":"ReadAction","target":["https:\/\/janeke1830.it\/fr\/prodotto\/boite-cadeau-avec-petite-brosse-tokyo\/"]}]},{"@type":"ImageObject","inLanguage":"fr-FR","@id":"https:\/\/janeke1830.it\/fr\/prodotto\/boite-cadeau-avec-petite-brosse-tokyo\/#primaryimage","url":"https:\/\/janeke1830.it\/wp-content\/uploads\/2026\/01\/scatola-regalo-spazzola-tokyo-piccola-sca64.png","contentUrl":"https:\/\/janeke1830.it\/wp-content\/uploads\/2026\/01\/scatola-regalo-spazzola-tokyo-piccola-sca64.png","width":1024,"height":1024,"caption":"Scatola regalo J\u00e4neke con spazzola Tokyo piccola da borsetta lusso"},{"@type":"BreadcrumbList","@id":"https:\/\/janeke1830.it\/fr\/prodotto\/boite-cadeau-avec-petite-brosse-tokyo\/#breadcrumb","itemListElement":[{"@type":"ListItem","position":1,"name":"Home","item":"https:\/\/janeke1830.it\/"},{"@type":"ListItem","position":2,"name":"Boutique","item":"https:\/\/janeke1830.it\/fr\/boutique\/"},{"@type":"ListItem","position":3,"name":"Bo\u00eete cadeau avec petite brosse Tokyo"}]},{"@type":"WebSite","@id":"https:\/\/janeke1830.it\/#website","url":"https:\/\/janeke1830.it\/","name":"J\u00e4neke 1830","description":"","publisher":{"@id":"https:\/\/janeke1830.it\/#organization"},"potentialAction":[{"@type":"SearchAction","target":{"@type":"EntryPoint","urlTemplate":"https:\/\/janeke1830.it\/?s={search_term_string}"},"query-input":{"@type":"PropertyValueSpecification","valueRequired":true,"valueName":"search_term_string"}}],"inLanguage":"fr-FR"},{"@type":"Organization","@id":"https:\/\/janeke1830.it\/#organization","name":"J\u00e4neke 1830","url":"https:\/\/janeke1830.it\/","logo":{"@type":"ImageObject","inLanguage":"fr-FR","@id":"https:\/\/janeke1830.it\/#\/schema\/logo\/image\/","url":"https:\/\/janeke1830.it\/wp-content\/uploads\/2025\/12\/logo-nero-janeke.png","contentUrl":"https:\/\/janeke1830.it\/wp-content\/uploads\/2025\/12\/logo-nero-janeke.png","width":1824,"height":829,"caption":"J\u00e4neke 1830"},"image":{"@id":"https:\/\/janeke1830.it\/#\/schema\/logo\/image\/"},"sameAs":["https:\/\/www.facebook.com\/janeke1830","https:\/\/www.instagram.com\/janeke1830official","https:\/\/www.linkedin.com\/company\/giorgio-janeke-s-r-l-\/"]}]}},"_links":{"self":[{"href":"https:\/\/janeke1830.it\/fr\/wp-json\/wp\/v2\/product\/3407","targetHints":{"allow":["GET"]}}],"collection":[{"href":"https:\/\/janeke1830.it\/fr\/wp-json\/wp\/v2\/product"}],"about":[{"href":"https:\/\/janeke1830.it\/fr\/wp-json\/wp\/v2\/types\/product"}],"replies":[{"embeddable":true,"href":"https:\/\/janeke1830.it\/fr\/wp-json\/wp\/v2\/comments?post=3407"}],"wp:featuredmedia":[{"embeddable":true,"href":"https:\/\/janeke1830.it\/fr\/wp-json\/wp\/v2\/media\/3408"}],"wp:attachment":[{"href":"https:\/\/janeke1830.it\/fr\/wp-json\/wp\/v2\/media?parent=3407"}],"wp:term":[{"taxonomy":"product_brand","embeddable":true,"href":"https:\/\/janeke1830.it\/fr\/wp-json\/wp\/v2\/product_brand?post=3407"},{"taxonomy":"product_cat","embeddable":true,"href":"https:\/\/janeke1830.it\/fr\/wp-json\/wp\/v2\/product_cat?post=3407"},{"taxonomy":"product_tag","embeddable":true,"href":"https:\/\/janeke1830.it\/fr\/wp-json\/wp\/v2\/product_tag?post=3407"}],"curies":[{"name":"wp","href":"https:\/\/api.w.org\/{rel}","templated":true}]}}