{"id":3334,"date":"2026-01-09T15:47:01","date_gmt":"2026-01-09T14:47:01","guid":{"rendered":"https:\/\/janeke1830.it\/prodotto\/miroir-tokyo-avec-etui-en-cuir\/"},"modified":"2026-03-03T11:47:33","modified_gmt":"2026-03-03T10:47:33","slug":"miroir-tokyo-avec-etui-en-cuir","status":"publish","type":"product","link":"https:\/\/janeke1830.it\/fr\/prodotto\/miroir-tokyo-avec-etui-en-cuir\/","title":{"rendered":"Miroir Tokyo avec \u00e9tui en cuir"},"content":{"rendered":"","protected":false},"excerpt":{"rendered":"<p>Le <strong>miroir Tokyo Janeke<\/strong> est un accessoire \u00e9l\u00e9gant et pratique, con\u00e7u pour v\u00e9rifier son look \u00e0 tout moment de la journ\u00e9e. Compact et maniable, il est fourni avec un \u00e9tui en cuir qui le prot\u00e8ge des chocs et des rayures, garantissant durabilit\u00e9 et portabilit\u00e9. <\/p>\n<p>Parfait \u00e0 glisser dans votre sac ou \u00e0 garder sur votre coiffeuse, il allie fonctionnalit\u00e9, design raffin\u00e9 et la qualit\u00e9 distinctive de la marque Janeke.<\/p>\n","protected":false},"featured_media":3335,"comment_status":"closed","ping_status":"closed","template":"","meta":[],"product_brand":[815],"product_cat":[637],"product_tag":[638],"class_list":{"0":"post-3334","1":"product","2":"type-product","3":"status-publish","4":"has-post-thumbnail","6":"product_brand-luxury","7":"product_cat-miroirs","8":"product_tag-tokyo","10":"first","11":"instock","12":"shipping-taxable","13":"purchasable","14":"product-type-simple"},"yoast_head":"<!-- This site is optimized with the Yoast SEO plugin v27.6 - https:\/\/yoast.com\/product\/yoast-seo-wordpress\/ -->\n<title>Miroir de Tokyo avec \u00e9tui en cuir - J\u00e4neke 1830<\/title>\n<meta name=\"description\" content=\"Prot\u00e9g\u00e9 par du cuir v\u00e9ritable, le miroir J\u00e4neke Tokyo avec \u00e9tui en cuir est l&#039;accessoire de luxe pour vos retouches. D\u00e9couvrez-le en ligne !\" \/>\n<meta name=\"robots\" content=\"index, follow, max-snippet:-1, max-image-preview:large, max-video-preview:-1\" \/>\n<link rel=\"canonical\" href=\"https:\/\/janeke1830.it\/fr\/prodotto\/miroir-tokyo-avec-etui-en-cuir\/\" \/>\n<meta property=\"og:locale\" content=\"fr_FR\" \/>\n<meta property=\"og:type\" content=\"article\" \/>\n<meta property=\"og:title\" content=\"Miroir de Tokyo avec \u00e9tui en cuir - J\u00e4neke 1830\" \/>\n<meta property=\"og:description\" content=\"Prot\u00e9g\u00e9 par du cuir v\u00e9ritable, le miroir J\u00e4neke Tokyo avec \u00e9tui en cuir est l&#039;accessoire de luxe pour vos retouches. D\u00e9couvrez-le en ligne !\" \/>\n<meta property=\"og:url\" content=\"https:\/\/janeke1830.it\/fr\/prodotto\/miroir-tokyo-avec-etui-en-cuir\/\" \/>\n<meta property=\"og:site_name\" content=\"J\u00e4neke\" \/>\n<meta property=\"article:publisher\" content=\"https:\/\/www.facebook.com\/janeke1830\" \/>\n<meta property=\"article:modified_time\" content=\"2026-03-03T10:47:33+00:00\" \/>\n<meta property=\"og:image\" content=\"https:\/\/janeke1830.it\/wp-content\/uploads\/2026\/01\/Ja_4941_2025.png\" \/>\n\t<meta property=\"og:image:width\" content=\"1024\" \/>\n\t<meta property=\"og:image:height\" content=\"1024\" \/>\n\t<meta property=\"og:image:type\" content=\"image\/png\" \/>\n<meta name=\"twitter:card\" content=\"summary_large_image\" \/>\n<script type=\"application\/ld+json\" class=\"yoast-schema-graph\">{\"@context\":\"https:\\\/\\\/schema.org\",\"@graph\":[{\"@type\":\"WebPage\",\"@id\":\"https:\\\/\\\/janeke1830.it\\\/fr\\\/prodotto\\\/miroir-tokyo-avec-etui-en-cuir\\\/\",\"url\":\"https:\\\/\\\/janeke1830.it\\\/fr\\\/prodotto\\\/miroir-tokyo-avec-etui-en-cuir\\\/\",\"name\":\"Miroir de Tokyo avec \u00e9tui en cuir - J\u00e4neke 1830\",\"isPartOf\":{\"@id\":\"https:\\\/\\\/janeke1830.it\\\/#website\"},\"primaryImageOfPage\":{\"@id\":\"https:\\\/\\\/janeke1830.it\\\/fr\\\/prodotto\\\/miroir-tokyo-avec-etui-en-cuir\\\/#primaryimage\"},\"image\":{\"@id\":\"https:\\\/\\\/janeke1830.it\\\/fr\\\/prodotto\\\/miroir-tokyo-avec-etui-en-cuir\\\/#primaryimage\"},\"thumbnailUrl\":\"https:\\\/\\\/janeke1830.it\\\/wp-content\\\/uploads\\\/2026\\\/01\\\/specchietto-trucco-astuccio-cuoio-ja_4941_2025.png\",\"datePublished\":\"2026-01-09T14:47:01+00:00\",\"dateModified\":\"2026-03-03T10:47:33+00:00\",\"description\":\"Prot\u00e9g\u00e9 par du cuir v\u00e9ritable, le miroir J\u00e4neke Tokyo avec \u00e9tui en cuir est l'accessoire de luxe pour vos retouches. D\u00e9couvrez-le en ligne !\",\"breadcrumb\":{\"@id\":\"https:\\\/\\\/janeke1830.it\\\/fr\\\/prodotto\\\/miroir-tokyo-avec-etui-en-cuir\\\/#breadcrumb\"},\"inLanguage\":\"fr-FR\",\"potentialAction\":[{\"@type\":\"ReadAction\",\"target\":[\"https:\\\/\\\/janeke1830.it\\\/fr\\\/prodotto\\\/miroir-tokyo-avec-etui-en-cuir\\\/\"]}]},{\"@type\":\"ImageObject\",\"inLanguage\":\"fr-FR\",\"@id\":\"https:\\\/\\\/janeke1830.it\\\/fr\\\/prodotto\\\/miroir-tokyo-avec-etui-en-cuir\\\/#primaryimage\",\"url\":\"https:\\\/\\\/janeke1830.it\\\/wp-content\\\/uploads\\\/2026\\\/01\\\/specchietto-trucco-astuccio-cuoio-ja_4941_2025.png\",\"contentUrl\":\"https:\\\/\\\/janeke1830.it\\\/wp-content\\\/uploads\\\/2026\\\/01\\\/specchietto-trucco-astuccio-cuoio-ja_4941_2025.png\",\"width\":1024,\"height\":1024,\"caption\":\"Specchietto Tokyo con astuccio in cuoio elegante da borsetta J\u00e4neke\"},{\"@type\":\"BreadcrumbList\",\"@id\":\"https:\\\/\\\/janeke1830.it\\\/fr\\\/prodotto\\\/miroir-tokyo-avec-etui-en-cuir\\\/#breadcrumb\",\"itemListElement\":[{\"@type\":\"ListItem\",\"position\":1,\"name\":\"Home\",\"item\":\"https:\\\/\\\/janeke1830.it\\\/\"},{\"@type\":\"ListItem\",\"position\":2,\"name\":\"Boutique\",\"item\":\"https:\\\/\\\/janeke1830.it\\\/fr\\\/boutique\\\/\"},{\"@type\":\"ListItem\",\"position\":3,\"name\":\"Miroir Tokyo avec \u00e9tui en cuir\"}]},{\"@type\":\"WebSite\",\"@id\":\"https:\\\/\\\/janeke1830.it\\\/#website\",\"url\":\"https:\\\/\\\/janeke1830.it\\\/\",\"name\":\"J\u00e4neke 1830\",\"description\":\"\",\"publisher\":{\"@id\":\"https:\\\/\\\/janeke1830.it\\\/#organization\"},\"potentialAction\":[{\"@type\":\"SearchAction\",\"target\":{\"@type\":\"EntryPoint\",\"urlTemplate\":\"https:\\\/\\\/janeke1830.it\\\/?s={search_term_string}\"},\"query-input\":{\"@type\":\"PropertyValueSpecification\",\"valueRequired\":true,\"valueName\":\"search_term_string\"}}],\"inLanguage\":\"fr-FR\"},{\"@type\":\"Organization\",\"@id\":\"https:\\\/\\\/janeke1830.it\\\/#organization\",\"name\":\"J\u00e4neke 1830\",\"url\":\"https:\\\/\\\/janeke1830.it\\\/\",\"logo\":{\"@type\":\"ImageObject\",\"inLanguage\":\"fr-FR\",\"@id\":\"https:\\\/\\\/janeke1830.it\\\/#\\\/schema\\\/logo\\\/image\\\/\",\"url\":\"https:\\\/\\\/janeke1830.it\\\/wp-content\\\/uploads\\\/2025\\\/12\\\/logo-nero-janeke.png\",\"contentUrl\":\"https:\\\/\\\/janeke1830.it\\\/wp-content\\\/uploads\\\/2025\\\/12\\\/logo-nero-janeke.png\",\"width\":1824,\"height\":829,\"caption\":\"J\u00e4neke 1830\"},\"image\":{\"@id\":\"https:\\\/\\\/janeke1830.it\\\/#\\\/schema\\\/logo\\\/image\\\/\"},\"sameAs\":[\"https:\\\/\\\/www.facebook.com\\\/janeke1830\",\"https:\\\/\\\/www.instagram.com\\\/janeke1830official\",\"https:\\\/\\\/www.linkedin.com\\\/company\\\/giorgio-janeke-s-r-l-\\\/\"]}]}<\/script>\n<!-- \/ Yoast SEO plugin. -->","yoast_head_json":{"title":"Miroir de Tokyo avec \u00e9tui en cuir - J\u00e4neke 1830","description":"Prot\u00e9g\u00e9 par du cuir v\u00e9ritable, le miroir J\u00e4neke Tokyo avec \u00e9tui en cuir est l'accessoire de luxe pour vos retouches. D\u00e9couvrez-le en ligne !","robots":{"index":"index","follow":"follow","max-snippet":"max-snippet:-1","max-image-preview":"max-image-preview:large","max-video-preview":"max-video-preview:-1"},"canonical":"https:\/\/janeke1830.it\/fr\/prodotto\/miroir-tokyo-avec-etui-en-cuir\/","og_locale":"fr_FR","og_type":"article","og_title":"Miroir de Tokyo avec \u00e9tui en cuir - J\u00e4neke 1830","og_description":"Prot\u00e9g\u00e9 par du cuir v\u00e9ritable, le miroir J\u00e4neke Tokyo avec \u00e9tui en cuir est l'accessoire de luxe pour vos retouches. D\u00e9couvrez-le en ligne !","og_url":"https:\/\/janeke1830.it\/fr\/prodotto\/miroir-tokyo-avec-etui-en-cuir\/","og_site_name":"J\u00e4neke","article_publisher":"https:\/\/www.facebook.com\/janeke1830","article_modified_time":"2026-03-03T10:47:33+00:00","og_image":[{"width":1024,"height":1024,"url":"https:\/\/janeke1830.it\/wp-content\/uploads\/2026\/01\/Ja_4941_2025.png","type":"image\/png"}],"twitter_card":"summary_large_image","schema":{"@context":"https:\/\/schema.org","@graph":[{"@type":"WebPage","@id":"https:\/\/janeke1830.it\/fr\/prodotto\/miroir-tokyo-avec-etui-en-cuir\/","url":"https:\/\/janeke1830.it\/fr\/prodotto\/miroir-tokyo-avec-etui-en-cuir\/","name":"Miroir de Tokyo avec \u00e9tui en cuir - J\u00e4neke 1830","isPartOf":{"@id":"https:\/\/janeke1830.it\/#website"},"primaryImageOfPage":{"@id":"https:\/\/janeke1830.it\/fr\/prodotto\/miroir-tokyo-avec-etui-en-cuir\/#primaryimage"},"image":{"@id":"https:\/\/janeke1830.it\/fr\/prodotto\/miroir-tokyo-avec-etui-en-cuir\/#primaryimage"},"thumbnailUrl":"https:\/\/janeke1830.it\/wp-content\/uploads\/2026\/01\/specchietto-trucco-astuccio-cuoio-ja_4941_2025.png","datePublished":"2026-01-09T14:47:01+00:00","dateModified":"2026-03-03T10:47:33+00:00","description":"Prot\u00e9g\u00e9 par du cuir v\u00e9ritable, le miroir J\u00e4neke Tokyo avec \u00e9tui en cuir est l'accessoire de luxe pour vos retouches. D\u00e9couvrez-le en ligne !","breadcrumb":{"@id":"https:\/\/janeke1830.it\/fr\/prodotto\/miroir-tokyo-avec-etui-en-cuir\/#breadcrumb"},"inLanguage":"fr-FR","potentialAction":[{"@type":"ReadAction","target":["https:\/\/janeke1830.it\/fr\/prodotto\/miroir-tokyo-avec-etui-en-cuir\/"]}]},{"@type":"ImageObject","inLanguage":"fr-FR","@id":"https:\/\/janeke1830.it\/fr\/prodotto\/miroir-tokyo-avec-etui-en-cuir\/#primaryimage","url":"https:\/\/janeke1830.it\/wp-content\/uploads\/2026\/01\/specchietto-trucco-astuccio-cuoio-ja_4941_2025.png","contentUrl":"https:\/\/janeke1830.it\/wp-content\/uploads\/2026\/01\/specchietto-trucco-astuccio-cuoio-ja_4941_2025.png","width":1024,"height":1024,"caption":"Specchietto Tokyo con astuccio in cuoio elegante da borsetta J\u00e4neke"},{"@type":"BreadcrumbList","@id":"https:\/\/janeke1830.it\/fr\/prodotto\/miroir-tokyo-avec-etui-en-cuir\/#breadcrumb","itemListElement":[{"@type":"ListItem","position":1,"name":"Home","item":"https:\/\/janeke1830.it\/"},{"@type":"ListItem","position":2,"name":"Boutique","item":"https:\/\/janeke1830.it\/fr\/boutique\/"},{"@type":"ListItem","position":3,"name":"Miroir Tokyo avec \u00e9tui en cuir"}]},{"@type":"WebSite","@id":"https:\/\/janeke1830.it\/#website","url":"https:\/\/janeke1830.it\/","name":"J\u00e4neke 1830","description":"","publisher":{"@id":"https:\/\/janeke1830.it\/#organization"},"potentialAction":[{"@type":"SearchAction","target":{"@type":"EntryPoint","urlTemplate":"https:\/\/janeke1830.it\/?s={search_term_string}"},"query-input":{"@type":"PropertyValueSpecification","valueRequired":true,"valueName":"search_term_string"}}],"inLanguage":"fr-FR"},{"@type":"Organization","@id":"https:\/\/janeke1830.it\/#organization","name":"J\u00e4neke 1830","url":"https:\/\/janeke1830.it\/","logo":{"@type":"ImageObject","inLanguage":"fr-FR","@id":"https:\/\/janeke1830.it\/#\/schema\/logo\/image\/","url":"https:\/\/janeke1830.it\/wp-content\/uploads\/2025\/12\/logo-nero-janeke.png","contentUrl":"https:\/\/janeke1830.it\/wp-content\/uploads\/2025\/12\/logo-nero-janeke.png","width":1824,"height":829,"caption":"J\u00e4neke 1830"},"image":{"@id":"https:\/\/janeke1830.it\/#\/schema\/logo\/image\/"},"sameAs":["https:\/\/www.facebook.com\/janeke1830","https:\/\/www.instagram.com\/janeke1830official","https:\/\/www.linkedin.com\/company\/giorgio-janeke-s-r-l-\/"]}]}},"_links":{"self":[{"href":"https:\/\/janeke1830.it\/fr\/wp-json\/wp\/v2\/product\/3334","targetHints":{"allow":["GET"]}}],"collection":[{"href":"https:\/\/janeke1830.it\/fr\/wp-json\/wp\/v2\/product"}],"about":[{"href":"https:\/\/janeke1830.it\/fr\/wp-json\/wp\/v2\/types\/product"}],"replies":[{"embeddable":true,"href":"https:\/\/janeke1830.it\/fr\/wp-json\/wp\/v2\/comments?post=3334"}],"wp:featuredmedia":[{"embeddable":true,"href":"https:\/\/janeke1830.it\/fr\/wp-json\/wp\/v2\/media\/3335"}],"wp:attachment":[{"href":"https:\/\/janeke1830.it\/fr\/wp-json\/wp\/v2\/media?parent=3334"}],"wp:term":[{"taxonomy":"product_brand","embeddable":true,"href":"https:\/\/janeke1830.it\/fr\/wp-json\/wp\/v2\/product_brand?post=3334"},{"taxonomy":"product_cat","embeddable":true,"href":"https:\/\/janeke1830.it\/fr\/wp-json\/wp\/v2\/product_cat?post=3334"},{"taxonomy":"product_tag","embeddable":true,"href":"https:\/\/janeke1830.it\/fr\/wp-json\/wp\/v2\/product_tag?post=3334"}],"curies":[{"name":"wp","href":"https:\/\/api.w.org\/{rel}","templated":true}]}}