{"id":3327,"date":"2026-01-10T07:30:26","date_gmt":"2026-01-10T06:30:26","guid":{"rendered":"https:\/\/janeke1830.it\/prodotto\/peigne-a-dents-larges-avec-manche\/"},"modified":"2026-02-02T09:35:08","modified_gmt":"2026-02-02T08:35:08","slug":"peigne-a-dents-larges-avec-manche","status":"publish","type":"product","link":"https:\/\/janeke1830.it\/fr\/prodotto\/peigne-a-dents-larges-avec-manche\/","title":{"rendered":"Peigne \u00e0 dents larges avec manche"},"content":{"rendered":"","protected":false},"excerpt":{"rendered":"<p>Le <strong>Peigne Janeke avec manche<\/strong> est un accessoire \u00e9l\u00e9gant et pratique, id\u00e9al pour d\u00e9m\u00ealer et coiffer les cheveux facilement. Le manche ergonomique assure une prise en main s\u00fbre et confortable, permettant de travailler avec pr\u00e9cision sur tout type de chevelure. <\/p>\n<p>Fabriqu\u00e9 avec des mat\u00e9riaux r\u00e9sistants et soign\u00e9 dans les d\u00e9tails, il allie fonctionnalit\u00e9, style et la qualit\u00e9 distinctive de la marque Janeke, le rendant parfait aussi bien pour un usage quotidien que pour des moments de soin personnel plus raffin\u00e9s.<\/p>\n","protected":false},"featured_media":3328,"comment_status":"closed","ping_status":"closed","template":"","meta":[],"product_brand":[815],"product_cat":[617],"product_tag":[632],"class_list":{"0":"post-3327","1":"product","2":"type-product","3":"status-publish","4":"has-post-thumbnail","6":"product_brand-luxury","7":"product_cat-peignes","8":"product_tag-peignes-luxury","10":"first","11":"instock","12":"shipping-taxable","13":"purchasable","14":"product-type-variable","15":"wvs-archive-product-wrapper"},"yoast_head":"<!-- This site is optimized with the Yoast SEO plugin v27.1.1 - https:\/\/yoast.com\/product\/yoast-seo-wordpress\/ -->\n<title>Peigne Rado avec manche J\u00e4neke - D\u00e9m\u00eale et met en forme<\/title>\n<meta name=\"description\" content=\"Peigne Rado avec manche J\u00e4neke : poign\u00e9e ergonomique pour d\u00e9m\u00ealer tous les cheveux. Style \u00e9l\u00e9gant et mat\u00e9riaux durables. Commandez-les en ligne !\" \/>\n<meta name=\"robots\" content=\"index, follow, max-snippet:-1, max-image-preview:large, max-video-preview:-1\" \/>\n<link rel=\"canonical\" href=\"https:\/\/janeke1830.it\/fr\/prodotto\/peigne-a-dents-larges-avec-manche\/\" \/>\n<meta property=\"og:locale\" content=\"fr_FR\" \/>\n<meta property=\"og:type\" content=\"article\" \/>\n<meta property=\"og:title\" content=\"Peigne Rado avec manche J\u00e4neke - D\u00e9m\u00eale et met en forme\" \/>\n<meta property=\"og:description\" content=\"Peigne Rado avec manche J\u00e4neke : poign\u00e9e ergonomique pour d\u00e9m\u00ealer tous les cheveux. Style \u00e9l\u00e9gant et mat\u00e9riaux durables. Commandez-les en ligne !\" \/>\n<meta property=\"og:url\" content=\"https:\/\/janeke1830.it\/fr\/prodotto\/peigne-a-dents-larges-avec-manche\/\" \/>\n<meta property=\"og:site_name\" content=\"J\u00e4neke\" \/>\n<meta property=\"article:publisher\" content=\"https:\/\/www.facebook.com\/janeke1830\" \/>\n<meta property=\"article:modified_time\" content=\"2026-02-02T08:35:08+00:00\" \/>\n<meta property=\"og:image\" content=\"https:\/\/janeke1830.it\/wp-content\/uploads\/2026\/01\/AU825.png\" \/>\n\t<meta property=\"og:image:width\" content=\"1024\" \/>\n\t<meta property=\"og:image:height\" content=\"1024\" \/>\n\t<meta property=\"og:image:type\" content=\"image\/png\" \/>\n<meta name=\"twitter:card\" content=\"summary_large_image\" \/>\n<script type=\"application\/ld+json\" class=\"yoast-schema-graph\">{\"@context\":\"https:\/\/schema.org\",\"@graph\":[{\"@type\":\"WebPage\",\"@id\":\"https:\/\/janeke1830.it\/fr\/prodotto\/peigne-a-dents-larges-avec-manche\/\",\"url\":\"https:\/\/janeke1830.it\/fr\/prodotto\/peigne-a-dents-larges-avec-manche\/\",\"name\":\"Peigne Rado avec manche J\u00e4neke - D\u00e9m\u00eale et met en forme\",\"isPartOf\":{\"@id\":\"https:\/\/janeke1830.it\/#website\"},\"primaryImageOfPage\":{\"@id\":\"https:\/\/janeke1830.it\/fr\/prodotto\/peigne-a-dents-larges-avec-manche\/#primaryimage\"},\"image\":{\"@id\":\"https:\/\/janeke1830.it\/fr\/prodotto\/peigne-a-dents-larges-avec-manche\/#primaryimage\"},\"thumbnailUrl\":\"https:\/\/janeke1830.it\/wp-content\/uploads\/2026\/01\/pettine-manico-capelli-oro-au825.png\",\"datePublished\":\"2026-01-10T06:30:26+00:00\",\"dateModified\":\"2026-02-02T08:35:08+00:00\",\"description\":\"Peigne Rado avec manche J\u00e4neke : poign\u00e9e ergonomique pour d\u00e9m\u00ealer tous les cheveux. Style \u00e9l\u00e9gant et mat\u00e9riaux durables. Commandez-les en ligne !\",\"breadcrumb\":{\"@id\":\"https:\/\/janeke1830.it\/fr\/prodotto\/peigne-a-dents-larges-avec-manche\/#breadcrumb\"},\"inLanguage\":\"fr-FR\",\"potentialAction\":[{\"@type\":\"ReadAction\",\"target\":[\"https:\/\/janeke1830.it\/fr\/prodotto\/peigne-a-dents-larges-avec-manche\/\"]}]},{\"@type\":\"ImageObject\",\"inLanguage\":\"fr-FR\",\"@id\":\"https:\/\/janeke1830.it\/fr\/prodotto\/peigne-a-dents-larges-avec-manche\/#primaryimage\",\"url\":\"https:\/\/janeke1830.it\/wp-content\/uploads\/2026\/01\/pettine-manico-capelli-oro-au825.png\",\"contentUrl\":\"https:\/\/janeke1830.it\/wp-content\/uploads\/2026\/01\/pettine-manico-capelli-oro-au825.png\",\"width\":1024,\"height\":1024,\"caption\":\"Pettine rado con manico oro per districare e modellare i capelli\"},{\"@type\":\"BreadcrumbList\",\"@id\":\"https:\/\/janeke1830.it\/fr\/prodotto\/peigne-a-dents-larges-avec-manche\/#breadcrumb\",\"itemListElement\":[{\"@type\":\"ListItem\",\"position\":1,\"name\":\"Home\",\"item\":\"https:\/\/janeke1830.it\/\"},{\"@type\":\"ListItem\",\"position\":2,\"name\":\"Boutique\",\"item\":\"https:\/\/janeke1830.it\/fr\/boutique\/\"},{\"@type\":\"ListItem\",\"position\":3,\"name\":\"Peigne \u00e0 dents larges avec manche\"}]},{\"@type\":\"WebSite\",\"@id\":\"https:\/\/janeke1830.it\/#website\",\"url\":\"https:\/\/janeke1830.it\/\",\"name\":\"J\u00e4neke 1830\",\"description\":\"\",\"publisher\":{\"@id\":\"https:\/\/janeke1830.it\/#organization\"},\"potentialAction\":[{\"@type\":\"SearchAction\",\"target\":{\"@type\":\"EntryPoint\",\"urlTemplate\":\"https:\/\/janeke1830.it\/?s={search_term_string}\"},\"query-input\":{\"@type\":\"PropertyValueSpecification\",\"valueRequired\":true,\"valueName\":\"search_term_string\"}}],\"inLanguage\":\"fr-FR\"},{\"@type\":\"Organization\",\"@id\":\"https:\/\/janeke1830.it\/#organization\",\"name\":\"J\u00e4neke 1830\",\"url\":\"https:\/\/janeke1830.it\/\",\"logo\":{\"@type\":\"ImageObject\",\"inLanguage\":\"fr-FR\",\"@id\":\"https:\/\/janeke1830.it\/#\/schema\/logo\/image\/\",\"url\":\"https:\/\/janeke1830.it\/wp-content\/uploads\/2025\/12\/logo-nero-janeke.png\",\"contentUrl\":\"https:\/\/janeke1830.it\/wp-content\/uploads\/2025\/12\/logo-nero-janeke.png\",\"width\":1824,\"height\":829,\"caption\":\"J\u00e4neke 1830\"},\"image\":{\"@id\":\"https:\/\/janeke1830.it\/#\/schema\/logo\/image\/\"},\"sameAs\":[\"https:\/\/www.facebook.com\/janeke1830\",\"https:\/\/www.instagram.com\/janeke1830official\",\"https:\/\/www.linkedin.com\/company\/giorgio-janeke-s-r-l-\/\"]}]}<\/script>\n<!-- \/ Yoast SEO plugin. -->","yoast_head_json":{"title":"Peigne Rado avec manche J\u00e4neke - D\u00e9m\u00eale et met en forme","description":"Peigne Rado avec manche J\u00e4neke : poign\u00e9e ergonomique pour d\u00e9m\u00ealer tous les cheveux. Style \u00e9l\u00e9gant et mat\u00e9riaux durables. Commandez-les en ligne !","robots":{"index":"index","follow":"follow","max-snippet":"max-snippet:-1","max-image-preview":"max-image-preview:large","max-video-preview":"max-video-preview:-1"},"canonical":"https:\/\/janeke1830.it\/fr\/prodotto\/peigne-a-dents-larges-avec-manche\/","og_locale":"fr_FR","og_type":"article","og_title":"Peigne Rado avec manche J\u00e4neke - D\u00e9m\u00eale et met en forme","og_description":"Peigne Rado avec manche J\u00e4neke : poign\u00e9e ergonomique pour d\u00e9m\u00ealer tous les cheveux. Style \u00e9l\u00e9gant et mat\u00e9riaux durables. Commandez-les en ligne !","og_url":"https:\/\/janeke1830.it\/fr\/prodotto\/peigne-a-dents-larges-avec-manche\/","og_site_name":"J\u00e4neke","article_publisher":"https:\/\/www.facebook.com\/janeke1830","article_modified_time":"2026-02-02T08:35:08+00:00","og_image":[{"width":1024,"height":1024,"url":"https:\/\/janeke1830.it\/wp-content\/uploads\/2026\/01\/AU825.png","type":"image\/png"}],"twitter_card":"summary_large_image","schema":{"@context":"https:\/\/schema.org","@graph":[{"@type":"WebPage","@id":"https:\/\/janeke1830.it\/fr\/prodotto\/peigne-a-dents-larges-avec-manche\/","url":"https:\/\/janeke1830.it\/fr\/prodotto\/peigne-a-dents-larges-avec-manche\/","name":"Peigne Rado avec manche J\u00e4neke - D\u00e9m\u00eale et met en forme","isPartOf":{"@id":"https:\/\/janeke1830.it\/#website"},"primaryImageOfPage":{"@id":"https:\/\/janeke1830.it\/fr\/prodotto\/peigne-a-dents-larges-avec-manche\/#primaryimage"},"image":{"@id":"https:\/\/janeke1830.it\/fr\/prodotto\/peigne-a-dents-larges-avec-manche\/#primaryimage"},"thumbnailUrl":"https:\/\/janeke1830.it\/wp-content\/uploads\/2026\/01\/pettine-manico-capelli-oro-au825.png","datePublished":"2026-01-10T06:30:26+00:00","dateModified":"2026-02-02T08:35:08+00:00","description":"Peigne Rado avec manche J\u00e4neke : poign\u00e9e ergonomique pour d\u00e9m\u00ealer tous les cheveux. Style \u00e9l\u00e9gant et mat\u00e9riaux durables. Commandez-les en ligne !","breadcrumb":{"@id":"https:\/\/janeke1830.it\/fr\/prodotto\/peigne-a-dents-larges-avec-manche\/#breadcrumb"},"inLanguage":"fr-FR","potentialAction":[{"@type":"ReadAction","target":["https:\/\/janeke1830.it\/fr\/prodotto\/peigne-a-dents-larges-avec-manche\/"]}]},{"@type":"ImageObject","inLanguage":"fr-FR","@id":"https:\/\/janeke1830.it\/fr\/prodotto\/peigne-a-dents-larges-avec-manche\/#primaryimage","url":"https:\/\/janeke1830.it\/wp-content\/uploads\/2026\/01\/pettine-manico-capelli-oro-au825.png","contentUrl":"https:\/\/janeke1830.it\/wp-content\/uploads\/2026\/01\/pettine-manico-capelli-oro-au825.png","width":1024,"height":1024,"caption":"Pettine rado con manico oro per districare e modellare i capelli"},{"@type":"BreadcrumbList","@id":"https:\/\/janeke1830.it\/fr\/prodotto\/peigne-a-dents-larges-avec-manche\/#breadcrumb","itemListElement":[{"@type":"ListItem","position":1,"name":"Home","item":"https:\/\/janeke1830.it\/"},{"@type":"ListItem","position":2,"name":"Boutique","item":"https:\/\/janeke1830.it\/fr\/boutique\/"},{"@type":"ListItem","position":3,"name":"Peigne \u00e0 dents larges avec manche"}]},{"@type":"WebSite","@id":"https:\/\/janeke1830.it\/#website","url":"https:\/\/janeke1830.it\/","name":"J\u00e4neke 1830","description":"","publisher":{"@id":"https:\/\/janeke1830.it\/#organization"},"potentialAction":[{"@type":"SearchAction","target":{"@type":"EntryPoint","urlTemplate":"https:\/\/janeke1830.it\/?s={search_term_string}"},"query-input":{"@type":"PropertyValueSpecification","valueRequired":true,"valueName":"search_term_string"}}],"inLanguage":"fr-FR"},{"@type":"Organization","@id":"https:\/\/janeke1830.it\/#organization","name":"J\u00e4neke 1830","url":"https:\/\/janeke1830.it\/","logo":{"@type":"ImageObject","inLanguage":"fr-FR","@id":"https:\/\/janeke1830.it\/#\/schema\/logo\/image\/","url":"https:\/\/janeke1830.it\/wp-content\/uploads\/2025\/12\/logo-nero-janeke.png","contentUrl":"https:\/\/janeke1830.it\/wp-content\/uploads\/2025\/12\/logo-nero-janeke.png","width":1824,"height":829,"caption":"J\u00e4neke 1830"},"image":{"@id":"https:\/\/janeke1830.it\/#\/schema\/logo\/image\/"},"sameAs":["https:\/\/www.facebook.com\/janeke1830","https:\/\/www.instagram.com\/janeke1830official","https:\/\/www.linkedin.com\/company\/giorgio-janeke-s-r-l-\/"]}]}},"_links":{"self":[{"href":"https:\/\/janeke1830.it\/fr\/wp-json\/wp\/v2\/product\/3327","targetHints":{"allow":["GET"]}}],"collection":[{"href":"https:\/\/janeke1830.it\/fr\/wp-json\/wp\/v2\/product"}],"about":[{"href":"https:\/\/janeke1830.it\/fr\/wp-json\/wp\/v2\/types\/product"}],"replies":[{"embeddable":true,"href":"https:\/\/janeke1830.it\/fr\/wp-json\/wp\/v2\/comments?post=3327"}],"wp:featuredmedia":[{"embeddable":true,"href":"https:\/\/janeke1830.it\/fr\/wp-json\/wp\/v2\/media\/3328"}],"wp:attachment":[{"href":"https:\/\/janeke1830.it\/fr\/wp-json\/wp\/v2\/media?parent=3327"}],"wp:term":[{"taxonomy":"product_brand","embeddable":true,"href":"https:\/\/janeke1830.it\/fr\/wp-json\/wp\/v2\/product_brand?post=3327"},{"taxonomy":"product_cat","embeddable":true,"href":"https:\/\/janeke1830.it\/fr\/wp-json\/wp\/v2\/product_cat?post=3327"},{"taxonomy":"product_tag","embeddable":true,"href":"https:\/\/janeke1830.it\/fr\/wp-json\/wp\/v2\/product_tag?post=3327"}],"curies":[{"name":"wp","href":"https:\/\/api.w.org\/{rel}","templated":true}]}}