{"id":3228,"date":"2026-01-10T08:50:14","date_gmt":"2026-01-10T07:50:14","guid":{"rendered":"https:\/\/janeke1830.it\/prodotto\/mini-supercomb\/"},"modified":"2026-01-30T14:18:56","modified_gmt":"2026-01-30T13:18:56","slug":"mini-supercomb","status":"publish","type":"product","link":"https:\/\/janeke1830.it\/fr\/prodotto\/mini-supercomb\/","title":{"rendered":"Mini Supercomb"},"content":{"rendered":"","protected":false},"excerpt":{"rendered":"<p>La <strong>Mini Supercomb Janeke<\/strong> poss\u00e8de une dentition sp\u00e9cialement con\u00e7ue pour offrir une r\u00e9partition uniforme des gels, mousses et produits coiffants. La configuration des dents, plus large sur une section et plus rapproch\u00e9e sur l&rsquo;autre, permet de d\u00e9m\u00ealer d\u00e9licatement les cheveux sans les casser et de travailler avec pr\u00e9cision sur tout type de cheveux. <\/p>\n<p>Les pointes arrondies prot\u00e8gent le cuir chevelu, garantissant confort et s\u00e9curit\u00e9. Parfait pour le coiffage professionnel et les soins quotidiens, il allie fonctionnalit\u00e9, ergonomie et la qualit\u00e9 distinctive de la marque Janeke. <\/p>\n","protected":false},"featured_media":3235,"comment_status":"closed","ping_status":"closed","template":"","meta":[],"product_brand":[811],"product_cat":[617],"product_tag":[449],"class_list":{"0":"post-3228","1":"product","2":"type-product","3":"status-publish","4":"has-post-thumbnail","6":"product_brand-everyday","7":"product_cat-peignes","8":"product_tag-obs","10":"first","11":"instock","12":"shipping-taxable","13":"purchasable","14":"product-type-variable","15":"wvs-archive-product-wrapper"},"yoast_head":"<!-- This site is optimized with the Yoast SEO plugin v27.1.1 - https:\/\/yoast.com\/product\/yoast-seo-wordpress\/ -->\n<title>Mini Supercomb J\u00e4neke 1830 - Peigne \u00e0 dents pour le coiffage<\/title>\n<meta name=\"description\" content=\"Utilisez le mini-peigne J\u00e4neke pour les gels et les mousses. Con\u00e7u pour d\u00e9m\u00ealer et d\u00e9finir les cheveux sans les casser. Extr\u00e9mit\u00e9s arrondies. D\u00e9couvrez-le maintenant !\" \/>\n<meta name=\"robots\" content=\"index, follow, max-snippet:-1, max-image-preview:large, max-video-preview:-1\" \/>\n<link rel=\"canonical\" href=\"https:\/\/janeke1830.it\/fr\/prodotto\/mini-supercomb\/\" \/>\n<meta property=\"og:locale\" content=\"fr_FR\" \/>\n<meta property=\"og:type\" content=\"article\" \/>\n<meta property=\"og:title\" content=\"Mini Supercomb J\u00e4neke 1830 - Peigne \u00e0 dents pour le coiffage\" \/>\n<meta property=\"og:description\" content=\"Utilisez le mini-peigne J\u00e4neke pour les gels et les mousses. Con\u00e7u pour d\u00e9m\u00ealer et d\u00e9finir les cheveux sans les casser. Extr\u00e9mit\u00e9s arrondies. D\u00e9couvrez-le maintenant !\" \/>\n<meta property=\"og:url\" content=\"https:\/\/janeke1830.it\/fr\/prodotto\/mini-supercomb\/\" \/>\n<meta property=\"og:site_name\" content=\"J\u00e4neke\" \/>\n<meta property=\"article:publisher\" content=\"https:\/\/www.facebook.com\/janeke1830\" \/>\n<meta property=\"article:modified_time\" content=\"2026-01-30T13:18:56+00:00\" \/>\n<meta property=\"og:image\" content=\"https:\/\/janeke1830.it\/wp-content\/uploads\/2026\/01\/82872FF2.png\" \/>\n\t<meta property=\"og:image:width\" content=\"800\" \/>\n\t<meta property=\"og:image:height\" content=\"800\" \/>\n\t<meta property=\"og:image:type\" content=\"image\/png\" \/>\n<meta name=\"twitter:card\" content=\"summary_large_image\" \/>\n<script type=\"application\/ld+json\" class=\"yoast-schema-graph\">{\"@context\":\"https:\/\/schema.org\",\"@graph\":[{\"@type\":\"WebPage\",\"@id\":\"https:\/\/janeke1830.it\/fr\/prodotto\/mini-supercomb\/\",\"url\":\"https:\/\/janeke1830.it\/fr\/prodotto\/mini-supercomb\/\",\"name\":\"Mini Supercomb J\u00e4neke 1830 - Peigne \u00e0 dents pour le coiffage\",\"isPartOf\":{\"@id\":\"https:\/\/janeke1830.it\/#website\"},\"primaryImageOfPage\":{\"@id\":\"https:\/\/janeke1830.it\/fr\/prodotto\/mini-supercomb\/#primaryimage\"},\"image\":{\"@id\":\"https:\/\/janeke1830.it\/fr\/prodotto\/mini-supercomb\/#primaryimage\"},\"thumbnailUrl\":\"https:\/\/janeke1830.it\/wp-content\/uploads\/2026\/01\/82872FF2.png\",\"datePublished\":\"2026-01-10T07:50:14+00:00\",\"dateModified\":\"2026-01-30T13:18:56+00:00\",\"description\":\"Utilisez le mini-peigne J\u00e4neke pour les gels et les mousses. Con\u00e7u pour d\u00e9m\u00ealer et d\u00e9finir les cheveux sans les casser. Extr\u00e9mit\u00e9s arrondies. D\u00e9couvrez-le maintenant !\",\"breadcrumb\":{\"@id\":\"https:\/\/janeke1830.it\/fr\/prodotto\/mini-supercomb\/#breadcrumb\"},\"inLanguage\":\"fr-FR\",\"potentialAction\":[{\"@type\":\"ReadAction\",\"target\":[\"https:\/\/janeke1830.it\/fr\/prodotto\/mini-supercomb\/\"]}]},{\"@type\":\"ImageObject\",\"inLanguage\":\"fr-FR\",\"@id\":\"https:\/\/janeke1830.it\/fr\/prodotto\/mini-supercomb\/#primaryimage\",\"url\":\"https:\/\/janeke1830.it\/wp-content\/uploads\/2026\/01\/82872FF2.png\",\"contentUrl\":\"https:\/\/janeke1830.it\/wp-content\/uploads\/2026\/01\/82872FF2.png\",\"width\":800,\"height\":800},{\"@type\":\"BreadcrumbList\",\"@id\":\"https:\/\/janeke1830.it\/fr\/prodotto\/mini-supercomb\/#breadcrumb\",\"itemListElement\":[{\"@type\":\"ListItem\",\"position\":1,\"name\":\"Home\",\"item\":\"https:\/\/janeke1830.it\/\"},{\"@type\":\"ListItem\",\"position\":2,\"name\":\"Boutique\",\"item\":\"https:\/\/janeke1830.it\/fr\/boutique\/\"},{\"@type\":\"ListItem\",\"position\":3,\"name\":\"Mini Supercomb\"}]},{\"@type\":\"WebSite\",\"@id\":\"https:\/\/janeke1830.it\/#website\",\"url\":\"https:\/\/janeke1830.it\/\",\"name\":\"J\u00e4neke 1830\",\"description\":\"\",\"publisher\":{\"@id\":\"https:\/\/janeke1830.it\/#organization\"},\"potentialAction\":[{\"@type\":\"SearchAction\",\"target\":{\"@type\":\"EntryPoint\",\"urlTemplate\":\"https:\/\/janeke1830.it\/?s={search_term_string}\"},\"query-input\":{\"@type\":\"PropertyValueSpecification\",\"valueRequired\":true,\"valueName\":\"search_term_string\"}}],\"inLanguage\":\"fr-FR\"},{\"@type\":\"Organization\",\"@id\":\"https:\/\/janeke1830.it\/#organization\",\"name\":\"J\u00e4neke 1830\",\"url\":\"https:\/\/janeke1830.it\/\",\"logo\":{\"@type\":\"ImageObject\",\"inLanguage\":\"fr-FR\",\"@id\":\"https:\/\/janeke1830.it\/#\/schema\/logo\/image\/\",\"url\":\"https:\/\/janeke1830.it\/wp-content\/uploads\/2025\/12\/logo-nero-janeke.png\",\"contentUrl\":\"https:\/\/janeke1830.it\/wp-content\/uploads\/2025\/12\/logo-nero-janeke.png\",\"width\":1824,\"height\":829,\"caption\":\"J\u00e4neke 1830\"},\"image\":{\"@id\":\"https:\/\/janeke1830.it\/#\/schema\/logo\/image\/\"},\"sameAs\":[\"https:\/\/www.facebook.com\/janeke1830\",\"https:\/\/www.instagram.com\/janeke1830official\",\"https:\/\/www.linkedin.com\/company\/giorgio-janeke-s-r-l-\/\"]}]}<\/script>\n<!-- \/ Yoast SEO plugin. -->","yoast_head_json":{"title":"Mini Supercomb J\u00e4neke 1830 - Peigne \u00e0 dents pour le coiffage","description":"Utilisez le mini-peigne J\u00e4neke pour les gels et les mousses. Con\u00e7u pour d\u00e9m\u00ealer et d\u00e9finir les cheveux sans les casser. Extr\u00e9mit\u00e9s arrondies. D\u00e9couvrez-le maintenant !","robots":{"index":"index","follow":"follow","max-snippet":"max-snippet:-1","max-image-preview":"max-image-preview:large","max-video-preview":"max-video-preview:-1"},"canonical":"https:\/\/janeke1830.it\/fr\/prodotto\/mini-supercomb\/","og_locale":"fr_FR","og_type":"article","og_title":"Mini Supercomb J\u00e4neke 1830 - Peigne \u00e0 dents pour le coiffage","og_description":"Utilisez le mini-peigne J\u00e4neke pour les gels et les mousses. Con\u00e7u pour d\u00e9m\u00ealer et d\u00e9finir les cheveux sans les casser. Extr\u00e9mit\u00e9s arrondies. D\u00e9couvrez-le maintenant !","og_url":"https:\/\/janeke1830.it\/fr\/prodotto\/mini-supercomb\/","og_site_name":"J\u00e4neke","article_publisher":"https:\/\/www.facebook.com\/janeke1830","article_modified_time":"2026-01-30T13:18:56+00:00","og_image":[{"width":800,"height":800,"url":"https:\/\/janeke1830.it\/wp-content\/uploads\/2026\/01\/82872FF2.png","type":"image\/png"}],"twitter_card":"summary_large_image","schema":{"@context":"https:\/\/schema.org","@graph":[{"@type":"WebPage","@id":"https:\/\/janeke1830.it\/fr\/prodotto\/mini-supercomb\/","url":"https:\/\/janeke1830.it\/fr\/prodotto\/mini-supercomb\/","name":"Mini Supercomb J\u00e4neke 1830 - Peigne \u00e0 dents pour le coiffage","isPartOf":{"@id":"https:\/\/janeke1830.it\/#website"},"primaryImageOfPage":{"@id":"https:\/\/janeke1830.it\/fr\/prodotto\/mini-supercomb\/#primaryimage"},"image":{"@id":"https:\/\/janeke1830.it\/fr\/prodotto\/mini-supercomb\/#primaryimage"},"thumbnailUrl":"https:\/\/janeke1830.it\/wp-content\/uploads\/2026\/01\/82872FF2.png","datePublished":"2026-01-10T07:50:14+00:00","dateModified":"2026-01-30T13:18:56+00:00","description":"Utilisez le mini-peigne J\u00e4neke pour les gels et les mousses. Con\u00e7u pour d\u00e9m\u00ealer et d\u00e9finir les cheveux sans les casser. Extr\u00e9mit\u00e9s arrondies. D\u00e9couvrez-le maintenant !","breadcrumb":{"@id":"https:\/\/janeke1830.it\/fr\/prodotto\/mini-supercomb\/#breadcrumb"},"inLanguage":"fr-FR","potentialAction":[{"@type":"ReadAction","target":["https:\/\/janeke1830.it\/fr\/prodotto\/mini-supercomb\/"]}]},{"@type":"ImageObject","inLanguage":"fr-FR","@id":"https:\/\/janeke1830.it\/fr\/prodotto\/mini-supercomb\/#primaryimage","url":"https:\/\/janeke1830.it\/wp-content\/uploads\/2026\/01\/82872FF2.png","contentUrl":"https:\/\/janeke1830.it\/wp-content\/uploads\/2026\/01\/82872FF2.png","width":800,"height":800},{"@type":"BreadcrumbList","@id":"https:\/\/janeke1830.it\/fr\/prodotto\/mini-supercomb\/#breadcrumb","itemListElement":[{"@type":"ListItem","position":1,"name":"Home","item":"https:\/\/janeke1830.it\/"},{"@type":"ListItem","position":2,"name":"Boutique","item":"https:\/\/janeke1830.it\/fr\/boutique\/"},{"@type":"ListItem","position":3,"name":"Mini Supercomb"}]},{"@type":"WebSite","@id":"https:\/\/janeke1830.it\/#website","url":"https:\/\/janeke1830.it\/","name":"J\u00e4neke 1830","description":"","publisher":{"@id":"https:\/\/janeke1830.it\/#organization"},"potentialAction":[{"@type":"SearchAction","target":{"@type":"EntryPoint","urlTemplate":"https:\/\/janeke1830.it\/?s={search_term_string}"},"query-input":{"@type":"PropertyValueSpecification","valueRequired":true,"valueName":"search_term_string"}}],"inLanguage":"fr-FR"},{"@type":"Organization","@id":"https:\/\/janeke1830.it\/#organization","name":"J\u00e4neke 1830","url":"https:\/\/janeke1830.it\/","logo":{"@type":"ImageObject","inLanguage":"fr-FR","@id":"https:\/\/janeke1830.it\/#\/schema\/logo\/image\/","url":"https:\/\/janeke1830.it\/wp-content\/uploads\/2025\/12\/logo-nero-janeke.png","contentUrl":"https:\/\/janeke1830.it\/wp-content\/uploads\/2025\/12\/logo-nero-janeke.png","width":1824,"height":829,"caption":"J\u00e4neke 1830"},"image":{"@id":"https:\/\/janeke1830.it\/#\/schema\/logo\/image\/"},"sameAs":["https:\/\/www.facebook.com\/janeke1830","https:\/\/www.instagram.com\/janeke1830official","https:\/\/www.linkedin.com\/company\/giorgio-janeke-s-r-l-\/"]}]}},"_links":{"self":[{"href":"https:\/\/janeke1830.it\/fr\/wp-json\/wp\/v2\/product\/3228","targetHints":{"allow":["GET"]}}],"collection":[{"href":"https:\/\/janeke1830.it\/fr\/wp-json\/wp\/v2\/product"}],"about":[{"href":"https:\/\/janeke1830.it\/fr\/wp-json\/wp\/v2\/types\/product"}],"replies":[{"embeddable":true,"href":"https:\/\/janeke1830.it\/fr\/wp-json\/wp\/v2\/comments?post=3228"}],"wp:featuredmedia":[{"embeddable":true,"href":"https:\/\/janeke1830.it\/fr\/wp-json\/wp\/v2\/media\/3235"}],"wp:attachment":[{"href":"https:\/\/janeke1830.it\/fr\/wp-json\/wp\/v2\/media?parent=3228"}],"wp:term":[{"taxonomy":"product_brand","embeddable":true,"href":"https:\/\/janeke1830.it\/fr\/wp-json\/wp\/v2\/product_brand?post=3228"},{"taxonomy":"product_cat","embeddable":true,"href":"https:\/\/janeke1830.it\/fr\/wp-json\/wp\/v2\/product_cat?post=3228"},{"taxonomy":"product_tag","embeddable":true,"href":"https:\/\/janeke1830.it\/fr\/wp-json\/wp\/v2\/product_tag?post=3228"}],"curies":[{"name":"wp","href":"https:\/\/api.w.org\/{rel}","templated":true}]}}