{"id":3126,"date":"2026-01-21T17:52:32","date_gmt":"2026-01-21T16:52:32","guid":{"rendered":"https:\/\/janeke1830.it\/prodotto\/mini-superbrush\/"},"modified":"2026-02-05T15:44:13","modified_gmt":"2026-02-05T14:44:13","slug":"mini-superbrush","status":"publish","type":"product","link":"https:\/\/janeke1830.it\/fr\/prodotto\/mini-superbrush\/","title":{"rendered":"Mini Superbrush"},"content":{"rendered":"","protected":false},"excerpt":{"rendered":"<p>La <strong>Mini Superbrush de Janeke<\/strong> est la brosse id\u00e9ale pour d\u00e9m\u00ealer et coiffer les cheveux, m\u00eame apr\u00e8s une s\u00e9ance de piscine ou de gym. Les poils souples peignent d\u00e9licatement les cheveux secs ou mouill\u00e9s, r\u00e9duisant les cassures et les frisottis, et rendant les cheveux doux et brillants. <\/p>\n<p>Compacte et pratique \u00e0 emporter dans un sac ou un sac \u00e0 dos, elle allie fonctionnalit\u00e9, qualit\u00e9 et le style distinctif de la marque Janeke, parfaite pour ceux qui sont toujours en mouvement.<\/p>\n","protected":false},"featured_media":3130,"comment_status":"closed","ping_status":"closed","template":"","meta":[],"product_brand":[823],"product_cat":[208],"product_tag":[449,423],"class_list":{"0":"post-3126","1":"product","2":"type-product","3":"status-publish","4":"has-post-thumbnail","6":"product_brand-superbrush","7":"product_cat-brosses","8":"product_tag-obs","9":"product_tag-superbrush","11":"first","12":"instock","13":"shipping-taxable","14":"purchasable","15":"product-type-variable","16":"wvs-archive-product-wrapper"},"yoast_head":"<!-- This site is optimized with the Yoast SEO plugin v27.1.1 - https:\/\/yoast.com\/product\/yoast-seo-wordpress\/ -->\n<title>Mini Superbrush J\u00e4neke - Brosse de sac et de voyage<\/title>\n<meta name=\"description\" content=\"Mini Superbrush J\u00e4neke : parfaite pour la piscine, la salle de sport et en d\u00e9placement. Compacte et douce, elle d\u00e9m\u00eale les cheveux secs ou mouill\u00e9s. D\u00e9couvrez-la d\u00e8s maintenant !\" \/>\n<meta name=\"robots\" content=\"index, follow, max-snippet:-1, max-image-preview:large, max-video-preview:-1\" \/>\n<link rel=\"canonical\" href=\"https:\/\/janeke1830.it\/fr\/prodotto\/mini-superbrush\/\" \/>\n<meta property=\"og:locale\" content=\"fr_FR\" \/>\n<meta property=\"og:type\" content=\"article\" \/>\n<meta property=\"og:title\" content=\"Mini Superbrush J\u00e4neke - Brosse de sac et de voyage\" \/>\n<meta property=\"og:description\" content=\"Mini Superbrush J\u00e4neke : parfaite pour la piscine, la salle de sport et en d\u00e9placement. Compacte et douce, elle d\u00e9m\u00eale les cheveux secs ou mouill\u00e9s. D\u00e9couvrez-la d\u00e8s maintenant !\" \/>\n<meta property=\"og:url\" content=\"https:\/\/janeke1830.it\/fr\/prodotto\/mini-superbrush\/\" \/>\n<meta property=\"og:site_name\" content=\"J\u00e4neke\" \/>\n<meta property=\"article:publisher\" content=\"https:\/\/www.facebook.com\/janeke1830\" \/>\n<meta property=\"article:modified_time\" content=\"2026-02-05T14:44:13+00:00\" \/>\n<meta property=\"og:image\" content=\"https:\/\/janeke1830.it\/wp-content\/uploads\/2026\/01\/10SP220OFL-2.png\" \/>\n\t<meta property=\"og:image:width\" content=\"1396\" \/>\n\t<meta property=\"og:image:height\" content=\"1396\" \/>\n\t<meta property=\"og:image:type\" content=\"image\/png\" \/>\n<meta name=\"twitter:card\" content=\"summary_large_image\" \/>\n<script type=\"application\/ld+json\" class=\"yoast-schema-graph\">{\"@context\":\"https:\/\/schema.org\",\"@graph\":[{\"@type\":\"WebPage\",\"@id\":\"https:\/\/janeke1830.it\/fr\/prodotto\/mini-superbrush\/\",\"url\":\"https:\/\/janeke1830.it\/fr\/prodotto\/mini-superbrush\/\",\"name\":\"Mini Superbrush J\u00e4neke - Brosse de sac et de voyage\",\"isPartOf\":{\"@id\":\"https:\/\/janeke1830.it\/#website\"},\"primaryImageOfPage\":{\"@id\":\"https:\/\/janeke1830.it\/fr\/prodotto\/mini-superbrush\/#primaryimage\"},\"image\":{\"@id\":\"https:\/\/janeke1830.it\/fr\/prodotto\/mini-superbrush\/#primaryimage\"},\"thumbnailUrl\":\"https:\/\/janeke1830.it\/wp-content\/uploads\/2026\/01\/10SP220OFL-2.png\",\"datePublished\":\"2026-01-21T16:52:32+00:00\",\"dateModified\":\"2026-02-05T14:44:13+00:00\",\"description\":\"Mini Superbrush J\u00e4neke : parfaite pour la piscine, la salle de sport et en d\u00e9placement. Compacte et douce, elle d\u00e9m\u00eale les cheveux secs ou mouill\u00e9s. D\u00e9couvrez-la d\u00e8s maintenant !\",\"breadcrumb\":{\"@id\":\"https:\/\/janeke1830.it\/fr\/prodotto\/mini-superbrush\/#breadcrumb\"},\"inLanguage\":\"fr-FR\",\"potentialAction\":[{\"@type\":\"ReadAction\",\"target\":[\"https:\/\/janeke1830.it\/fr\/prodotto\/mini-superbrush\/\"]}]},{\"@type\":\"ImageObject\",\"inLanguage\":\"fr-FR\",\"@id\":\"https:\/\/janeke1830.it\/fr\/prodotto\/mini-superbrush\/#primaryimage\",\"url\":\"https:\/\/janeke1830.it\/wp-content\/uploads\/2026\/01\/10SP220OFL-2.png\",\"contentUrl\":\"https:\/\/janeke1830.it\/wp-content\/uploads\/2026\/01\/10SP220OFL-2.png\",\"width\":1396,\"height\":1396},{\"@type\":\"BreadcrumbList\",\"@id\":\"https:\/\/janeke1830.it\/fr\/prodotto\/mini-superbrush\/#breadcrumb\",\"itemListElement\":[{\"@type\":\"ListItem\",\"position\":1,\"name\":\"Home\",\"item\":\"https:\/\/janeke1830.it\/\"},{\"@type\":\"ListItem\",\"position\":2,\"name\":\"Boutique\",\"item\":\"https:\/\/janeke1830.it\/fr\/boutique\/\"},{\"@type\":\"ListItem\",\"position\":3,\"name\":\"Mini Superbrush\"}]},{\"@type\":\"WebSite\",\"@id\":\"https:\/\/janeke1830.it\/#website\",\"url\":\"https:\/\/janeke1830.it\/\",\"name\":\"J\u00e4neke 1830\",\"description\":\"\",\"publisher\":{\"@id\":\"https:\/\/janeke1830.it\/#organization\"},\"potentialAction\":[{\"@type\":\"SearchAction\",\"target\":{\"@type\":\"EntryPoint\",\"urlTemplate\":\"https:\/\/janeke1830.it\/?s={search_term_string}\"},\"query-input\":{\"@type\":\"PropertyValueSpecification\",\"valueRequired\":true,\"valueName\":\"search_term_string\"}}],\"inLanguage\":\"fr-FR\"},{\"@type\":\"Organization\",\"@id\":\"https:\/\/janeke1830.it\/#organization\",\"name\":\"J\u00e4neke 1830\",\"url\":\"https:\/\/janeke1830.it\/\",\"logo\":{\"@type\":\"ImageObject\",\"inLanguage\":\"fr-FR\",\"@id\":\"https:\/\/janeke1830.it\/#\/schema\/logo\/image\/\",\"url\":\"https:\/\/janeke1830.it\/wp-content\/uploads\/2025\/12\/logo-nero-janeke.png\",\"contentUrl\":\"https:\/\/janeke1830.it\/wp-content\/uploads\/2025\/12\/logo-nero-janeke.png\",\"width\":1824,\"height\":829,\"caption\":\"J\u00e4neke 1830\"},\"image\":{\"@id\":\"https:\/\/janeke1830.it\/#\/schema\/logo\/image\/\"},\"sameAs\":[\"https:\/\/www.facebook.com\/janeke1830\",\"https:\/\/www.instagram.com\/janeke1830official\",\"https:\/\/www.linkedin.com\/company\/giorgio-janeke-s-r-l-\/\"]}]}<\/script>\n<!-- \/ Yoast SEO plugin. -->","yoast_head_json":{"title":"Mini Superbrush J\u00e4neke - Brosse de sac et de voyage","description":"Mini Superbrush J\u00e4neke : parfaite pour la piscine, la salle de sport et en d\u00e9placement. Compacte et douce, elle d\u00e9m\u00eale les cheveux secs ou mouill\u00e9s. D\u00e9couvrez-la d\u00e8s maintenant !","robots":{"index":"index","follow":"follow","max-snippet":"max-snippet:-1","max-image-preview":"max-image-preview:large","max-video-preview":"max-video-preview:-1"},"canonical":"https:\/\/janeke1830.it\/fr\/prodotto\/mini-superbrush\/","og_locale":"fr_FR","og_type":"article","og_title":"Mini Superbrush J\u00e4neke - Brosse de sac et de voyage","og_description":"Mini Superbrush J\u00e4neke : parfaite pour la piscine, la salle de sport et en d\u00e9placement. Compacte et douce, elle d\u00e9m\u00eale les cheveux secs ou mouill\u00e9s. D\u00e9couvrez-la d\u00e8s maintenant !","og_url":"https:\/\/janeke1830.it\/fr\/prodotto\/mini-superbrush\/","og_site_name":"J\u00e4neke","article_publisher":"https:\/\/www.facebook.com\/janeke1830","article_modified_time":"2026-02-05T14:44:13+00:00","og_image":[{"width":1396,"height":1396,"url":"https:\/\/janeke1830.it\/wp-content\/uploads\/2026\/01\/10SP220OFL-2.png","type":"image\/png"}],"twitter_card":"summary_large_image","schema":{"@context":"https:\/\/schema.org","@graph":[{"@type":"WebPage","@id":"https:\/\/janeke1830.it\/fr\/prodotto\/mini-superbrush\/","url":"https:\/\/janeke1830.it\/fr\/prodotto\/mini-superbrush\/","name":"Mini Superbrush J\u00e4neke - Brosse de sac et de voyage","isPartOf":{"@id":"https:\/\/janeke1830.it\/#website"},"primaryImageOfPage":{"@id":"https:\/\/janeke1830.it\/fr\/prodotto\/mini-superbrush\/#primaryimage"},"image":{"@id":"https:\/\/janeke1830.it\/fr\/prodotto\/mini-superbrush\/#primaryimage"},"thumbnailUrl":"https:\/\/janeke1830.it\/wp-content\/uploads\/2026\/01\/10SP220OFL-2.png","datePublished":"2026-01-21T16:52:32+00:00","dateModified":"2026-02-05T14:44:13+00:00","description":"Mini Superbrush J\u00e4neke : parfaite pour la piscine, la salle de sport et en d\u00e9placement. Compacte et douce, elle d\u00e9m\u00eale les cheveux secs ou mouill\u00e9s. D\u00e9couvrez-la d\u00e8s maintenant !","breadcrumb":{"@id":"https:\/\/janeke1830.it\/fr\/prodotto\/mini-superbrush\/#breadcrumb"},"inLanguage":"fr-FR","potentialAction":[{"@type":"ReadAction","target":["https:\/\/janeke1830.it\/fr\/prodotto\/mini-superbrush\/"]}]},{"@type":"ImageObject","inLanguage":"fr-FR","@id":"https:\/\/janeke1830.it\/fr\/prodotto\/mini-superbrush\/#primaryimage","url":"https:\/\/janeke1830.it\/wp-content\/uploads\/2026\/01\/10SP220OFL-2.png","contentUrl":"https:\/\/janeke1830.it\/wp-content\/uploads\/2026\/01\/10SP220OFL-2.png","width":1396,"height":1396},{"@type":"BreadcrumbList","@id":"https:\/\/janeke1830.it\/fr\/prodotto\/mini-superbrush\/#breadcrumb","itemListElement":[{"@type":"ListItem","position":1,"name":"Home","item":"https:\/\/janeke1830.it\/"},{"@type":"ListItem","position":2,"name":"Boutique","item":"https:\/\/janeke1830.it\/fr\/boutique\/"},{"@type":"ListItem","position":3,"name":"Mini Superbrush"}]},{"@type":"WebSite","@id":"https:\/\/janeke1830.it\/#website","url":"https:\/\/janeke1830.it\/","name":"J\u00e4neke 1830","description":"","publisher":{"@id":"https:\/\/janeke1830.it\/#organization"},"potentialAction":[{"@type":"SearchAction","target":{"@type":"EntryPoint","urlTemplate":"https:\/\/janeke1830.it\/?s={search_term_string}"},"query-input":{"@type":"PropertyValueSpecification","valueRequired":true,"valueName":"search_term_string"}}],"inLanguage":"fr-FR"},{"@type":"Organization","@id":"https:\/\/janeke1830.it\/#organization","name":"J\u00e4neke 1830","url":"https:\/\/janeke1830.it\/","logo":{"@type":"ImageObject","inLanguage":"fr-FR","@id":"https:\/\/janeke1830.it\/#\/schema\/logo\/image\/","url":"https:\/\/janeke1830.it\/wp-content\/uploads\/2025\/12\/logo-nero-janeke.png","contentUrl":"https:\/\/janeke1830.it\/wp-content\/uploads\/2025\/12\/logo-nero-janeke.png","width":1824,"height":829,"caption":"J\u00e4neke 1830"},"image":{"@id":"https:\/\/janeke1830.it\/#\/schema\/logo\/image\/"},"sameAs":["https:\/\/www.facebook.com\/janeke1830","https:\/\/www.instagram.com\/janeke1830official","https:\/\/www.linkedin.com\/company\/giorgio-janeke-s-r-l-\/"]}]}},"_links":{"self":[{"href":"https:\/\/janeke1830.it\/fr\/wp-json\/wp\/v2\/product\/3126","targetHints":{"allow":["GET"]}}],"collection":[{"href":"https:\/\/janeke1830.it\/fr\/wp-json\/wp\/v2\/product"}],"about":[{"href":"https:\/\/janeke1830.it\/fr\/wp-json\/wp\/v2\/types\/product"}],"replies":[{"embeddable":true,"href":"https:\/\/janeke1830.it\/fr\/wp-json\/wp\/v2\/comments?post=3126"}],"wp:featuredmedia":[{"embeddable":true,"href":"https:\/\/janeke1830.it\/fr\/wp-json\/wp\/v2\/media\/3130"}],"wp:attachment":[{"href":"https:\/\/janeke1830.it\/fr\/wp-json\/wp\/v2\/media?parent=3126"}],"wp:term":[{"taxonomy":"product_brand","embeddable":true,"href":"https:\/\/janeke1830.it\/fr\/wp-json\/wp\/v2\/product_brand?post=3126"},{"taxonomy":"product_cat","embeddable":true,"href":"https:\/\/janeke1830.it\/fr\/wp-json\/wp\/v2\/product_cat?post=3126"},{"taxonomy":"product_tag","embeddable":true,"href":"https:\/\/janeke1830.it\/fr\/wp-json\/wp\/v2\/product_tag?post=3126"}],"curies":[{"name":"wp","href":"https:\/\/api.w.org\/{rel}","templated":true}]}}