{"id":2858,"date":"2026-01-10T14:50:57","date_gmt":"2026-01-10T13:50:57","guid":{"rendered":"https:\/\/janeke1830.it\/prodotto\/brosse-superbrush-avec-miroir\/"},"modified":"2026-02-05T15:49:15","modified_gmt":"2026-02-05T14:49:15","slug":"brosse-superbrush-avec-miroir","status":"publish","type":"product","link":"https:\/\/janeke1830.it\/fr\/prodotto\/brosse-superbrush-avec-miroir\/","title":{"rendered":"Superbrush avec miroir"},"content":{"rendered":"","protected":false},"excerpt":{"rendered":"<p>Raffin\u00e9e et pratique, la<strong> Superbrush avec miroir de Janeke<\/strong> allie l&rsquo;\u00e9l\u00e9gance du design italien \u00e0 la fonctionnalit\u00e9 au quotidien. La base compacte et les picots flexibles d\u00e9m\u00ealent d\u00e9licatement les cheveux, r\u00e9duisant les cassures et les laissant doux et brillants. Le miroir int\u00e9gr\u00e9 ajoute un d\u00e9tail \u00e9l\u00e9gant et pratique, id\u00e9al pour se coiffer \u00e0 tout moment de la journ\u00e9e.  <\/p>\n<p>Parfaite \u00e0 emporter dans son sac ou en voyage, elle offre la qualit\u00e9 et l&rsquo;attention aux d\u00e9tails qui caract\u00e9risent la marque Janeke.<\/p>\n","protected":false},"featured_media":2859,"comment_status":"closed","ping_status":"closed","template":"","meta":[],"product_brand":[815],"product_cat":[208],"product_tag":[480],"class_list":{"0":"post-2858","1":"product","2":"type-product","3":"status-publish","4":"has-post-thumbnail","6":"product_brand-luxury","7":"product_cat-brosses","8":"product_tag-or-2","10":"first","11":"instock","12":"shipping-taxable","13":"purchasable","14":"product-type-variable","15":"wvs-archive-product-wrapper"},"yoast_head":"<!-- This site is optimized with the Yoast SEO plugin v27.1.1 - https:\/\/yoast.com\/product\/yoast-seo-wordpress\/ -->\n<title>J\u00e4neke Superbrush avec miroir - pratique et \u00e9l\u00e9gant<\/title>\n<meta name=\"description\" content=\"Emportez partout le Superbrush avec miroir de J\u00e4neke. D\u00e9m\u00eale et retouche le pli en douceur. Allie style et praticit\u00e9. Achetez-la !\" \/>\n<meta name=\"robots\" content=\"index, follow, max-snippet:-1, max-image-preview:large, max-video-preview:-1\" \/>\n<link rel=\"canonical\" href=\"https:\/\/janeke1830.it\/fr\/prodotto\/brosse-superbrush-avec-miroir\/\" \/>\n<meta property=\"og:locale\" content=\"fr_FR\" \/>\n<meta property=\"og:type\" content=\"article\" \/>\n<meta property=\"og:title\" content=\"J\u00e4neke Superbrush avec miroir - pratique et \u00e9l\u00e9gant\" \/>\n<meta property=\"og:description\" content=\"Emportez partout le Superbrush avec miroir de J\u00e4neke. D\u00e9m\u00eale et retouche le pli en douceur. Allie style et praticit\u00e9. Achetez-la !\" \/>\n<meta property=\"og:url\" content=\"https:\/\/janeke1830.it\/fr\/prodotto\/brosse-superbrush-avec-miroir\/\" \/>\n<meta property=\"og:site_name\" content=\"J\u00e4neke\" \/>\n<meta property=\"article:publisher\" content=\"https:\/\/www.facebook.com\/janeke1830\" \/>\n<meta property=\"article:modified_time\" content=\"2026-02-05T14:49:15+00:00\" \/>\n<meta property=\"og:image\" content=\"https:\/\/janeke1830.it\/wp-content\/uploads\/2026\/01\/AUSP230SP-1-1.png\" \/>\n\t<meta property=\"og:image:width\" content=\"1024\" \/>\n\t<meta property=\"og:image:height\" content=\"1024\" \/>\n\t<meta property=\"og:image:type\" content=\"image\/png\" \/>\n<meta name=\"twitter:card\" content=\"summary_large_image\" \/>\n<script type=\"application\/ld+json\" class=\"yoast-schema-graph\">{\"@context\":\"https:\/\/schema.org\",\"@graph\":[{\"@type\":\"WebPage\",\"@id\":\"https:\/\/janeke1830.it\/fr\/prodotto\/brosse-superbrush-avec-miroir\/\",\"url\":\"https:\/\/janeke1830.it\/fr\/prodotto\/brosse-superbrush-avec-miroir\/\",\"name\":\"J\u00e4neke Superbrush avec miroir - pratique et \u00e9l\u00e9gant\",\"isPartOf\":{\"@id\":\"https:\/\/janeke1830.it\/#website\"},\"primaryImageOfPage\":{\"@id\":\"https:\/\/janeke1830.it\/fr\/prodotto\/brosse-superbrush-avec-miroir\/#primaryimage\"},\"image\":{\"@id\":\"https:\/\/janeke1830.it\/fr\/prodotto\/brosse-superbrush-avec-miroir\/#primaryimage\"},\"thumbnailUrl\":\"https:\/\/janeke1830.it\/wp-content\/uploads\/2026\/01\/superbrush-spazzola-specchio-oro-ausp230sp-1-1.png\",\"datePublished\":\"2026-01-10T13:50:57+00:00\",\"dateModified\":\"2026-02-05T14:49:15+00:00\",\"description\":\"Emportez partout le Superbrush avec miroir de J\u00e4neke. D\u00e9m\u00eale et retouche le pli en douceur. Allie style et praticit\u00e9. Achetez-la !\",\"breadcrumb\":{\"@id\":\"https:\/\/janeke1830.it\/fr\/prodotto\/brosse-superbrush-avec-miroir\/#breadcrumb\"},\"inLanguage\":\"fr-FR\",\"potentialAction\":[{\"@type\":\"ReadAction\",\"target\":[\"https:\/\/janeke1830.it\/fr\/prodotto\/brosse-superbrush-avec-miroir\/\"]}]},{\"@type\":\"ImageObject\",\"inLanguage\":\"fr-FR\",\"@id\":\"https:\/\/janeke1830.it\/fr\/prodotto\/brosse-superbrush-avec-miroir\/#primaryimage\",\"url\":\"https:\/\/janeke1830.it\/wp-content\/uploads\/2026\/01\/superbrush-spazzola-specchio-oro-ausp230sp-1-1.png\",\"contentUrl\":\"https:\/\/janeke1830.it\/wp-content\/uploads\/2026\/01\/superbrush-spazzola-specchio-oro-ausp230sp-1-1.png\",\"width\":1024,\"height\":1024,\"caption\":\"Spazzola Superbrush oro con specchio integrato da borsetta lusso J\u00e4neke\"},{\"@type\":\"BreadcrumbList\",\"@id\":\"https:\/\/janeke1830.it\/fr\/prodotto\/brosse-superbrush-avec-miroir\/#breadcrumb\",\"itemListElement\":[{\"@type\":\"ListItem\",\"position\":1,\"name\":\"Home\",\"item\":\"https:\/\/janeke1830.it\/\"},{\"@type\":\"ListItem\",\"position\":2,\"name\":\"Boutique\",\"item\":\"https:\/\/janeke1830.it\/fr\/boutique\/\"},{\"@type\":\"ListItem\",\"position\":3,\"name\":\"Superbrush avec miroir\"}]},{\"@type\":\"WebSite\",\"@id\":\"https:\/\/janeke1830.it\/#website\",\"url\":\"https:\/\/janeke1830.it\/\",\"name\":\"J\u00e4neke 1830\",\"description\":\"\",\"publisher\":{\"@id\":\"https:\/\/janeke1830.it\/#organization\"},\"potentialAction\":[{\"@type\":\"SearchAction\",\"target\":{\"@type\":\"EntryPoint\",\"urlTemplate\":\"https:\/\/janeke1830.it\/?s={search_term_string}\"},\"query-input\":{\"@type\":\"PropertyValueSpecification\",\"valueRequired\":true,\"valueName\":\"search_term_string\"}}],\"inLanguage\":\"fr-FR\"},{\"@type\":\"Organization\",\"@id\":\"https:\/\/janeke1830.it\/#organization\",\"name\":\"J\u00e4neke 1830\",\"url\":\"https:\/\/janeke1830.it\/\",\"logo\":{\"@type\":\"ImageObject\",\"inLanguage\":\"fr-FR\",\"@id\":\"https:\/\/janeke1830.it\/#\/schema\/logo\/image\/\",\"url\":\"https:\/\/janeke1830.it\/wp-content\/uploads\/2025\/12\/logo-nero-janeke.png\",\"contentUrl\":\"https:\/\/janeke1830.it\/wp-content\/uploads\/2025\/12\/logo-nero-janeke.png\",\"width\":1824,\"height\":829,\"caption\":\"J\u00e4neke 1830\"},\"image\":{\"@id\":\"https:\/\/janeke1830.it\/#\/schema\/logo\/image\/\"},\"sameAs\":[\"https:\/\/www.facebook.com\/janeke1830\",\"https:\/\/www.instagram.com\/janeke1830official\",\"https:\/\/www.linkedin.com\/company\/giorgio-janeke-s-r-l-\/\"]}]}<\/script>\n<!-- \/ Yoast SEO plugin. -->","yoast_head_json":{"title":"J\u00e4neke Superbrush avec miroir - pratique et \u00e9l\u00e9gant","description":"Emportez partout le Superbrush avec miroir de J\u00e4neke. D\u00e9m\u00eale et retouche le pli en douceur. Allie style et praticit\u00e9. Achetez-la !","robots":{"index":"index","follow":"follow","max-snippet":"max-snippet:-1","max-image-preview":"max-image-preview:large","max-video-preview":"max-video-preview:-1"},"canonical":"https:\/\/janeke1830.it\/fr\/prodotto\/brosse-superbrush-avec-miroir\/","og_locale":"fr_FR","og_type":"article","og_title":"J\u00e4neke Superbrush avec miroir - pratique et \u00e9l\u00e9gant","og_description":"Emportez partout le Superbrush avec miroir de J\u00e4neke. D\u00e9m\u00eale et retouche le pli en douceur. Allie style et praticit\u00e9. Achetez-la !","og_url":"https:\/\/janeke1830.it\/fr\/prodotto\/brosse-superbrush-avec-miroir\/","og_site_name":"J\u00e4neke","article_publisher":"https:\/\/www.facebook.com\/janeke1830","article_modified_time":"2026-02-05T14:49:15+00:00","og_image":[{"width":1024,"height":1024,"url":"https:\/\/janeke1830.it\/wp-content\/uploads\/2026\/01\/AUSP230SP-1-1.png","type":"image\/png"}],"twitter_card":"summary_large_image","schema":{"@context":"https:\/\/schema.org","@graph":[{"@type":"WebPage","@id":"https:\/\/janeke1830.it\/fr\/prodotto\/brosse-superbrush-avec-miroir\/","url":"https:\/\/janeke1830.it\/fr\/prodotto\/brosse-superbrush-avec-miroir\/","name":"J\u00e4neke Superbrush avec miroir - pratique et \u00e9l\u00e9gant","isPartOf":{"@id":"https:\/\/janeke1830.it\/#website"},"primaryImageOfPage":{"@id":"https:\/\/janeke1830.it\/fr\/prodotto\/brosse-superbrush-avec-miroir\/#primaryimage"},"image":{"@id":"https:\/\/janeke1830.it\/fr\/prodotto\/brosse-superbrush-avec-miroir\/#primaryimage"},"thumbnailUrl":"https:\/\/janeke1830.it\/wp-content\/uploads\/2026\/01\/superbrush-spazzola-specchio-oro-ausp230sp-1-1.png","datePublished":"2026-01-10T13:50:57+00:00","dateModified":"2026-02-05T14:49:15+00:00","description":"Emportez partout le Superbrush avec miroir de J\u00e4neke. D\u00e9m\u00eale et retouche le pli en douceur. Allie style et praticit\u00e9. Achetez-la !","breadcrumb":{"@id":"https:\/\/janeke1830.it\/fr\/prodotto\/brosse-superbrush-avec-miroir\/#breadcrumb"},"inLanguage":"fr-FR","potentialAction":[{"@type":"ReadAction","target":["https:\/\/janeke1830.it\/fr\/prodotto\/brosse-superbrush-avec-miroir\/"]}]},{"@type":"ImageObject","inLanguage":"fr-FR","@id":"https:\/\/janeke1830.it\/fr\/prodotto\/brosse-superbrush-avec-miroir\/#primaryimage","url":"https:\/\/janeke1830.it\/wp-content\/uploads\/2026\/01\/superbrush-spazzola-specchio-oro-ausp230sp-1-1.png","contentUrl":"https:\/\/janeke1830.it\/wp-content\/uploads\/2026\/01\/superbrush-spazzola-specchio-oro-ausp230sp-1-1.png","width":1024,"height":1024,"caption":"Spazzola Superbrush oro con specchio integrato da borsetta lusso J\u00e4neke"},{"@type":"BreadcrumbList","@id":"https:\/\/janeke1830.it\/fr\/prodotto\/brosse-superbrush-avec-miroir\/#breadcrumb","itemListElement":[{"@type":"ListItem","position":1,"name":"Home","item":"https:\/\/janeke1830.it\/"},{"@type":"ListItem","position":2,"name":"Boutique","item":"https:\/\/janeke1830.it\/fr\/boutique\/"},{"@type":"ListItem","position":3,"name":"Superbrush avec miroir"}]},{"@type":"WebSite","@id":"https:\/\/janeke1830.it\/#website","url":"https:\/\/janeke1830.it\/","name":"J\u00e4neke 1830","description":"","publisher":{"@id":"https:\/\/janeke1830.it\/#organization"},"potentialAction":[{"@type":"SearchAction","target":{"@type":"EntryPoint","urlTemplate":"https:\/\/janeke1830.it\/?s={search_term_string}"},"query-input":{"@type":"PropertyValueSpecification","valueRequired":true,"valueName":"search_term_string"}}],"inLanguage":"fr-FR"},{"@type":"Organization","@id":"https:\/\/janeke1830.it\/#organization","name":"J\u00e4neke 1830","url":"https:\/\/janeke1830.it\/","logo":{"@type":"ImageObject","inLanguage":"fr-FR","@id":"https:\/\/janeke1830.it\/#\/schema\/logo\/image\/","url":"https:\/\/janeke1830.it\/wp-content\/uploads\/2025\/12\/logo-nero-janeke.png","contentUrl":"https:\/\/janeke1830.it\/wp-content\/uploads\/2025\/12\/logo-nero-janeke.png","width":1824,"height":829,"caption":"J\u00e4neke 1830"},"image":{"@id":"https:\/\/janeke1830.it\/#\/schema\/logo\/image\/"},"sameAs":["https:\/\/www.facebook.com\/janeke1830","https:\/\/www.instagram.com\/janeke1830official","https:\/\/www.linkedin.com\/company\/giorgio-janeke-s-r-l-\/"]}]}},"_links":{"self":[{"href":"https:\/\/janeke1830.it\/fr\/wp-json\/wp\/v2\/product\/2858","targetHints":{"allow":["GET"]}}],"collection":[{"href":"https:\/\/janeke1830.it\/fr\/wp-json\/wp\/v2\/product"}],"about":[{"href":"https:\/\/janeke1830.it\/fr\/wp-json\/wp\/v2\/types\/product"}],"replies":[{"embeddable":true,"href":"https:\/\/janeke1830.it\/fr\/wp-json\/wp\/v2\/comments?post=2858"}],"wp:featuredmedia":[{"embeddable":true,"href":"https:\/\/janeke1830.it\/fr\/wp-json\/wp\/v2\/media\/2859"}],"wp:attachment":[{"href":"https:\/\/janeke1830.it\/fr\/wp-json\/wp\/v2\/media?parent=2858"}],"wp:term":[{"taxonomy":"product_brand","embeddable":true,"href":"https:\/\/janeke1830.it\/fr\/wp-json\/wp\/v2\/product_brand?post=2858"},{"taxonomy":"product_cat","embeddable":true,"href":"https:\/\/janeke1830.it\/fr\/wp-json\/wp\/v2\/product_cat?post=2858"},{"taxonomy":"product_tag","embeddable":true,"href":"https:\/\/janeke1830.it\/fr\/wp-json\/wp\/v2\/product_tag?post=2858"}],"curies":[{"name":"wp","href":"https:\/\/api.w.org\/{rel}","templated":true}]}}