{"id":2630,"date":"2026-01-10T19:05:27","date_gmt":"2026-01-10T18:05:27","guid":{"rendered":"https:\/\/janeke1830.it\/prodotto\/brosse-j-brush\/"},"modified":"2026-01-29T16:31:57","modified_gmt":"2026-01-29T15:31:57","slug":"brosse-j-brush","status":"publish","type":"product","link":"https:\/\/janeke1830.it\/fr\/prodotto\/brosse-j-brush\/","title":{"rendered":"Brosse J Brush"},"content":{"rendered":"","protected":false},"excerpt":{"rendered":"<p>La <strong>J Brush Janeke<\/strong> est sp\u00e9cialement con\u00e7ue pour les cheveux boucl\u00e9s, pour d\u00e9m\u00ealer les n\u0153uds et d\u00e9finir les boucles sans les casser ni cr\u00e9er de frisottis. Les poils flexibles et r\u00e9sistants travaillent d\u00e9licatement la chevelure, maintenant l&rsquo;\u00e9lasticit\u00e9 naturelle des boucles et garantissant douceur et brillance. <\/p>\n<p>Ergonomique et pratique \u00e0 utiliser, c&rsquo;est l&rsquo;outil id\u00e9al pour le soin quotidien des cheveux boucl\u00e9s, alliant fonctionnalit\u00e9 et qualit\u00e9 au style distinctif de la marque Janeke.<\/p>\n","protected":false},"featured_media":2631,"comment_status":"closed","ping_status":"closed","template":"","meta":[],"product_brand":[811],"product_cat":[208],"product_tag":[449],"class_list":{"0":"post-2630","1":"product","2":"type-product","3":"status-publish","4":"has-post-thumbnail","6":"product_brand-everyday","7":"product_cat-brosses","8":"product_tag-obs","10":"first","11":"instock","12":"shipping-taxable","13":"purchasable","14":"product-type-variable","15":"wvs-archive-product-wrapper"},"yoast_head":"<!-- This site is optimized with the Yoast SEO plugin v27.6 - https:\/\/yoast.com\/product\/yoast-seo-wordpress\/ -->\n<title>J\u00e4neke J Brush - Pour cheveux boucl\u00e9s et d\u00e9finis<\/title>\n<meta name=\"description\" content=\"Vous recherchez des boucles bien d\u00e9finies ? La brosse J\u00e4neke J d\u00e9m\u00eale sans cr\u00e9er de frisottis. Les poils souples conservent leur \u00e9lasticit\u00e9. Essayez-la !\" \/>\n<meta name=\"robots\" content=\"index, follow, max-snippet:-1, max-image-preview:large, max-video-preview:-1\" \/>\n<link rel=\"canonical\" href=\"https:\/\/janeke1830.it\/fr\/prodotto\/brosse-j-brush\/\" \/>\n<meta property=\"og:locale\" content=\"fr_FR\" \/>\n<meta property=\"og:type\" content=\"article\" \/>\n<meta property=\"og:title\" content=\"J\u00e4neke J Brush - Pour cheveux boucl\u00e9s et d\u00e9finis\" \/>\n<meta property=\"og:description\" content=\"Vous recherchez des boucles bien d\u00e9finies ? La brosse J\u00e4neke J d\u00e9m\u00eale sans cr\u00e9er de frisottis. Les poils souples conservent leur \u00e9lasticit\u00e9. Essayez-la !\" \/>\n<meta property=\"og:url\" content=\"https:\/\/janeke1830.it\/fr\/prodotto\/brosse-j-brush\/\" \/>\n<meta property=\"og:site_name\" content=\"J\u00e4neke\" \/>\n<meta property=\"article:publisher\" content=\"https:\/\/www.facebook.com\/janeke1830\" \/>\n<meta property=\"article:modified_time\" content=\"2026-01-29T15:31:57+00:00\" \/>\n<meta property=\"og:image\" content=\"https:\/\/janeke1830.it\/wp-content\/uploads\/2025\/12\/jbrush-magenta.png\" \/>\n\t<meta property=\"og:image:width\" content=\"1024\" \/>\n\t<meta property=\"og:image:height\" content=\"1024\" \/>\n\t<meta property=\"og:image:type\" content=\"image\/png\" \/>\n<meta name=\"twitter:card\" content=\"summary_large_image\" \/>\n<script type=\"application\/ld+json\" class=\"yoast-schema-graph\">{\"@context\":\"https:\\\/\\\/schema.org\",\"@graph\":[{\"@type\":\"WebPage\",\"@id\":\"https:\\\/\\\/janeke1830.it\\\/fr\\\/prodotto\\\/brosse-j-brush\\\/\",\"url\":\"https:\\\/\\\/janeke1830.it\\\/fr\\\/prodotto\\\/brosse-j-brush\\\/\",\"name\":\"J\u00e4neke J Brush - Pour cheveux boucl\u00e9s et d\u00e9finis\",\"isPartOf\":{\"@id\":\"https:\\\/\\\/janeke1830.it\\\/#website\"},\"primaryImageOfPage\":{\"@id\":\"https:\\\/\\\/janeke1830.it\\\/fr\\\/prodotto\\\/brosse-j-brush\\\/#primaryimage\"},\"image\":{\"@id\":\"https:\\\/\\\/janeke1830.it\\\/fr\\\/prodotto\\\/brosse-j-brush\\\/#primaryimage\"},\"thumbnailUrl\":\"https:\\\/\\\/janeke1830.it\\\/wp-content\\\/uploads\\\/2025\\\/12\\\/spazzola-curva-j-brush-magenta.png\",\"datePublished\":\"2026-01-10T18:05:27+00:00\",\"dateModified\":\"2026-01-29T15:31:57+00:00\",\"description\":\"Vous recherchez des boucles bien d\u00e9finies ? La brosse J\u00e4neke J d\u00e9m\u00eale sans cr\u00e9er de frisottis. Les poils souples conservent leur \u00e9lasticit\u00e9. Essayez-la !\",\"breadcrumb\":{\"@id\":\"https:\\\/\\\/janeke1830.it\\\/fr\\\/prodotto\\\/brosse-j-brush\\\/#breadcrumb\"},\"inLanguage\":\"fr-FR\",\"potentialAction\":[{\"@type\":\"ReadAction\",\"target\":[\"https:\\\/\\\/janeke1830.it\\\/fr\\\/prodotto\\\/brosse-j-brush\\\/\"]}]},{\"@type\":\"ImageObject\",\"inLanguage\":\"fr-FR\",\"@id\":\"https:\\\/\\\/janeke1830.it\\\/fr\\\/prodotto\\\/brosse-j-brush\\\/#primaryimage\",\"url\":\"https:\\\/\\\/janeke1830.it\\\/wp-content\\\/uploads\\\/2025\\\/12\\\/spazzola-curva-j-brush-magenta.png\",\"contentUrl\":\"https:\\\/\\\/janeke1830.it\\\/wp-content\\\/uploads\\\/2025\\\/12\\\/spazzola-curva-j-brush-magenta.png\",\"width\":1024,\"height\":1024,\"caption\":\"Spazzola curva J Brush magenta districante J\u00e4neke\"},{\"@type\":\"BreadcrumbList\",\"@id\":\"https:\\\/\\\/janeke1830.it\\\/fr\\\/prodotto\\\/brosse-j-brush\\\/#breadcrumb\",\"itemListElement\":[{\"@type\":\"ListItem\",\"position\":1,\"name\":\"Home\",\"item\":\"https:\\\/\\\/janeke1830.it\\\/\"},{\"@type\":\"ListItem\",\"position\":2,\"name\":\"Boutique\",\"item\":\"https:\\\/\\\/janeke1830.it\\\/fr\\\/boutique\\\/\"},{\"@type\":\"ListItem\",\"position\":3,\"name\":\"Brosse J Brush\"}]},{\"@type\":\"WebSite\",\"@id\":\"https:\\\/\\\/janeke1830.it\\\/#website\",\"url\":\"https:\\\/\\\/janeke1830.it\\\/\",\"name\":\"J\u00e4neke 1830\",\"description\":\"\",\"publisher\":{\"@id\":\"https:\\\/\\\/janeke1830.it\\\/#organization\"},\"potentialAction\":[{\"@type\":\"SearchAction\",\"target\":{\"@type\":\"EntryPoint\",\"urlTemplate\":\"https:\\\/\\\/janeke1830.it\\\/?s={search_term_string}\"},\"query-input\":{\"@type\":\"PropertyValueSpecification\",\"valueRequired\":true,\"valueName\":\"search_term_string\"}}],\"inLanguage\":\"fr-FR\"},{\"@type\":\"Organization\",\"@id\":\"https:\\\/\\\/janeke1830.it\\\/#organization\",\"name\":\"J\u00e4neke 1830\",\"url\":\"https:\\\/\\\/janeke1830.it\\\/\",\"logo\":{\"@type\":\"ImageObject\",\"inLanguage\":\"fr-FR\",\"@id\":\"https:\\\/\\\/janeke1830.it\\\/#\\\/schema\\\/logo\\\/image\\\/\",\"url\":\"https:\\\/\\\/janeke1830.it\\\/wp-content\\\/uploads\\\/2025\\\/12\\\/logo-nero-janeke.png\",\"contentUrl\":\"https:\\\/\\\/janeke1830.it\\\/wp-content\\\/uploads\\\/2025\\\/12\\\/logo-nero-janeke.png\",\"width\":1824,\"height\":829,\"caption\":\"J\u00e4neke 1830\"},\"image\":{\"@id\":\"https:\\\/\\\/janeke1830.it\\\/#\\\/schema\\\/logo\\\/image\\\/\"},\"sameAs\":[\"https:\\\/\\\/www.facebook.com\\\/janeke1830\",\"https:\\\/\\\/www.instagram.com\\\/janeke1830official\",\"https:\\\/\\\/www.linkedin.com\\\/company\\\/giorgio-janeke-s-r-l-\\\/\"]}]}<\/script>\n<!-- \/ Yoast SEO plugin. -->","yoast_head_json":{"title":"J\u00e4neke J Brush - Pour cheveux boucl\u00e9s et d\u00e9finis","description":"Vous recherchez des boucles bien d\u00e9finies ? La brosse J\u00e4neke J d\u00e9m\u00eale sans cr\u00e9er de frisottis. Les poils souples conservent leur \u00e9lasticit\u00e9. Essayez-la !","robots":{"index":"index","follow":"follow","max-snippet":"max-snippet:-1","max-image-preview":"max-image-preview:large","max-video-preview":"max-video-preview:-1"},"canonical":"https:\/\/janeke1830.it\/fr\/prodotto\/brosse-j-brush\/","og_locale":"fr_FR","og_type":"article","og_title":"J\u00e4neke J Brush - Pour cheveux boucl\u00e9s et d\u00e9finis","og_description":"Vous recherchez des boucles bien d\u00e9finies ? La brosse J\u00e4neke J d\u00e9m\u00eale sans cr\u00e9er de frisottis. Les poils souples conservent leur \u00e9lasticit\u00e9. Essayez-la !","og_url":"https:\/\/janeke1830.it\/fr\/prodotto\/brosse-j-brush\/","og_site_name":"J\u00e4neke","article_publisher":"https:\/\/www.facebook.com\/janeke1830","article_modified_time":"2026-01-29T15:31:57+00:00","og_image":[{"width":1024,"height":1024,"url":"https:\/\/janeke1830.it\/wp-content\/uploads\/2025\/12\/jbrush-magenta.png","type":"image\/png"}],"twitter_card":"summary_large_image","schema":{"@context":"https:\/\/schema.org","@graph":[{"@type":"WebPage","@id":"https:\/\/janeke1830.it\/fr\/prodotto\/brosse-j-brush\/","url":"https:\/\/janeke1830.it\/fr\/prodotto\/brosse-j-brush\/","name":"J\u00e4neke J Brush - Pour cheveux boucl\u00e9s et d\u00e9finis","isPartOf":{"@id":"https:\/\/janeke1830.it\/#website"},"primaryImageOfPage":{"@id":"https:\/\/janeke1830.it\/fr\/prodotto\/brosse-j-brush\/#primaryimage"},"image":{"@id":"https:\/\/janeke1830.it\/fr\/prodotto\/brosse-j-brush\/#primaryimage"},"thumbnailUrl":"https:\/\/janeke1830.it\/wp-content\/uploads\/2025\/12\/spazzola-curva-j-brush-magenta.png","datePublished":"2026-01-10T18:05:27+00:00","dateModified":"2026-01-29T15:31:57+00:00","description":"Vous recherchez des boucles bien d\u00e9finies ? La brosse J\u00e4neke J d\u00e9m\u00eale sans cr\u00e9er de frisottis. Les poils souples conservent leur \u00e9lasticit\u00e9. Essayez-la !","breadcrumb":{"@id":"https:\/\/janeke1830.it\/fr\/prodotto\/brosse-j-brush\/#breadcrumb"},"inLanguage":"fr-FR","potentialAction":[{"@type":"ReadAction","target":["https:\/\/janeke1830.it\/fr\/prodotto\/brosse-j-brush\/"]}]},{"@type":"ImageObject","inLanguage":"fr-FR","@id":"https:\/\/janeke1830.it\/fr\/prodotto\/brosse-j-brush\/#primaryimage","url":"https:\/\/janeke1830.it\/wp-content\/uploads\/2025\/12\/spazzola-curva-j-brush-magenta.png","contentUrl":"https:\/\/janeke1830.it\/wp-content\/uploads\/2025\/12\/spazzola-curva-j-brush-magenta.png","width":1024,"height":1024,"caption":"Spazzola curva J Brush magenta districante J\u00e4neke"},{"@type":"BreadcrumbList","@id":"https:\/\/janeke1830.it\/fr\/prodotto\/brosse-j-brush\/#breadcrumb","itemListElement":[{"@type":"ListItem","position":1,"name":"Home","item":"https:\/\/janeke1830.it\/"},{"@type":"ListItem","position":2,"name":"Boutique","item":"https:\/\/janeke1830.it\/fr\/boutique\/"},{"@type":"ListItem","position":3,"name":"Brosse J Brush"}]},{"@type":"WebSite","@id":"https:\/\/janeke1830.it\/#website","url":"https:\/\/janeke1830.it\/","name":"J\u00e4neke 1830","description":"","publisher":{"@id":"https:\/\/janeke1830.it\/#organization"},"potentialAction":[{"@type":"SearchAction","target":{"@type":"EntryPoint","urlTemplate":"https:\/\/janeke1830.it\/?s={search_term_string}"},"query-input":{"@type":"PropertyValueSpecification","valueRequired":true,"valueName":"search_term_string"}}],"inLanguage":"fr-FR"},{"@type":"Organization","@id":"https:\/\/janeke1830.it\/#organization","name":"J\u00e4neke 1830","url":"https:\/\/janeke1830.it\/","logo":{"@type":"ImageObject","inLanguage":"fr-FR","@id":"https:\/\/janeke1830.it\/#\/schema\/logo\/image\/","url":"https:\/\/janeke1830.it\/wp-content\/uploads\/2025\/12\/logo-nero-janeke.png","contentUrl":"https:\/\/janeke1830.it\/wp-content\/uploads\/2025\/12\/logo-nero-janeke.png","width":1824,"height":829,"caption":"J\u00e4neke 1830"},"image":{"@id":"https:\/\/janeke1830.it\/#\/schema\/logo\/image\/"},"sameAs":["https:\/\/www.facebook.com\/janeke1830","https:\/\/www.instagram.com\/janeke1830official","https:\/\/www.linkedin.com\/company\/giorgio-janeke-s-r-l-\/"]}]}},"_links":{"self":[{"href":"https:\/\/janeke1830.it\/fr\/wp-json\/wp\/v2\/product\/2630","targetHints":{"allow":["GET"]}}],"collection":[{"href":"https:\/\/janeke1830.it\/fr\/wp-json\/wp\/v2\/product"}],"about":[{"href":"https:\/\/janeke1830.it\/fr\/wp-json\/wp\/v2\/types\/product"}],"replies":[{"embeddable":true,"href":"https:\/\/janeke1830.it\/fr\/wp-json\/wp\/v2\/comments?post=2630"}],"wp:featuredmedia":[{"embeddable":true,"href":"https:\/\/janeke1830.it\/fr\/wp-json\/wp\/v2\/media\/2631"}],"wp:attachment":[{"href":"https:\/\/janeke1830.it\/fr\/wp-json\/wp\/v2\/media?parent=2630"}],"wp:term":[{"taxonomy":"product_brand","embeddable":true,"href":"https:\/\/janeke1830.it\/fr\/wp-json\/wp\/v2\/product_brand?post=2630"},{"taxonomy":"product_cat","embeddable":true,"href":"https:\/\/janeke1830.it\/fr\/wp-json\/wp\/v2\/product_cat?post=2630"},{"taxonomy":"product_tag","embeddable":true,"href":"https:\/\/janeke1830.it\/fr\/wp-json\/wp\/v2\/product_tag?post=2630"}],"curies":[{"name":"wp","href":"https:\/\/api.w.org\/{rel}","templated":true}]}}