{"id":2550,"date":"2026-01-10T14:46:08","date_gmt":"2026-01-10T13:46:08","guid":{"rendered":"https:\/\/janeke1830.it\/prodotto\/brosse-pneumatique-avec-poils-et-renfort-en-nylon\/"},"modified":"2026-01-29T17:20:09","modified_gmt":"2026-01-29T16:20:09","slug":"brosse-pneumatique-avec-poils-et-renfort-en-nylon","status":"publish","type":"product","link":"https:\/\/janeke1830.it\/fr\/prodotto\/brosse-pneumatique-avec-poils-et-renfort-en-nylon\/","title":{"rendered":"Brosse pneumatique avec poils et renfort en nylon"},"content":{"rendered":"","protected":false},"excerpt":{"rendered":"<p>Les Brosses Pneumatiques Janeke, disponibles en trois tailles, d\u00e9m\u00ealent d\u00e9licatement les cheveux gr\u00e2ce \u00e0 leurs poils naturels et picots en nylon. Avec une base pneumatique flexible, elles massent le cuir chevelu et stimulent la circulation. \u00c9l\u00e9gantes et pratiques, elles sont id\u00e9ales pour un usage quotidien.  <\/p>\n","protected":false},"featured_media":2551,"comment_status":"closed","ping_status":"closed","template":"","meta":[],"product_brand":[815],"product_cat":[208],"product_tag":[470,471],"class_list":{"0":"post-2550","1":"product","2":"type-product","3":"status-publish","4":"has-post-thumbnail","6":"product_brand-luxury","7":"product_cat-brosses","8":"product_tag-brosses-de-luxe","9":"product_tag-pneumatique-avec-poils","11":"first","12":"instock","13":"shipping-taxable","14":"purchasable","15":"product-type-variable","16":"wvs-archive-product-wrapper"},"yoast_head":"<!-- This site is optimized with the Yoast SEO plugin v27.1.1 - https:\/\/yoast.com\/product\/yoast-seo-wordpress\/ -->\n<title>Brosse pneumatique Poils en nylon et renfort - J\u00e4neke 1830<\/title>\n<meta name=\"description\" content=\"Poils naturels et nylon : la brosse pneumatique J\u00e4neke d\u00e9m\u00eale et polit en un seul geste. Massage doux de la peau. Choisissez la v\u00f4tre !\" \/>\n<meta name=\"robots\" content=\"index, follow, max-snippet:-1, max-image-preview:large, max-video-preview:-1\" \/>\n<link rel=\"canonical\" href=\"https:\/\/janeke1830.it\/fr\/prodotto\/brosse-pneumatique-avec-poils-et-renfort-en-nylon\/\" \/>\n<meta property=\"og:locale\" content=\"fr_FR\" \/>\n<meta property=\"og:type\" content=\"article\" \/>\n<meta property=\"og:title\" content=\"Brosse pneumatique Poils en nylon et renfort - J\u00e4neke 1830\" \/>\n<meta property=\"og:description\" content=\"Poils naturels et nylon : la brosse pneumatique J\u00e4neke d\u00e9m\u00eale et polit en un seul geste. Massage doux de la peau. Choisissez la v\u00f4tre !\" \/>\n<meta property=\"og:url\" content=\"https:\/\/janeke1830.it\/fr\/prodotto\/brosse-pneumatique-avec-poils-et-renfort-en-nylon\/\" \/>\n<meta property=\"og:site_name\" content=\"J\u00e4neke\" \/>\n<meta property=\"article:publisher\" content=\"https:\/\/www.facebook.com\/janeke1830\" \/>\n<meta property=\"article:modified_time\" content=\"2026-01-29T16:20:09+00:00\" \/>\n<meta property=\"og:image\" content=\"https:\/\/janeke1830.it\/wp-content\/uploads\/2025\/12\/AUSP22M-1.png\" \/>\n\t<meta property=\"og:image:width\" content=\"1024\" \/>\n\t<meta property=\"og:image:height\" content=\"1024\" \/>\n\t<meta property=\"og:image:type\" content=\"image\/png\" \/>\n<meta name=\"twitter:card\" content=\"summary_large_image\" \/>\n<script type=\"application\/ld+json\" class=\"yoast-schema-graph\">{\"@context\":\"https:\/\/schema.org\",\"@graph\":[{\"@type\":\"WebPage\",\"@id\":\"https:\/\/janeke1830.it\/fr\/prodotto\/brosse-pneumatique-avec-poils-et-renfort-en-nylon\/\",\"url\":\"https:\/\/janeke1830.it\/fr\/prodotto\/brosse-pneumatique-avec-poils-et-renfort-en-nylon\/\",\"name\":\"Brosse pneumatique Poils en nylon et renfort - J\u00e4neke 1830\",\"isPartOf\":{\"@id\":\"https:\/\/janeke1830.it\/#website\"},\"primaryImageOfPage\":{\"@id\":\"https:\/\/janeke1830.it\/fr\/prodotto\/brosse-pneumatique-avec-poils-et-renfort-en-nylon\/#primaryimage\"},\"image\":{\"@id\":\"https:\/\/janeke1830.it\/fr\/prodotto\/brosse-pneumatique-avec-poils-et-renfort-en-nylon\/#primaryimage\"},\"thumbnailUrl\":\"https:\/\/janeke1830.it\/wp-content\/uploads\/2025\/12\/spazzola-pneumatica-nylon-media-oro-ausp22m-1.png\",\"datePublished\":\"2026-01-10T13:46:08+00:00\",\"dateModified\":\"2026-01-29T16:20:09+00:00\",\"description\":\"Poils naturels et nylon : la brosse pneumatique J\u00e4neke d\u00e9m\u00eale et polit en un seul geste. Massage doux de la peau. Choisissez la v\u00f4tre !\",\"breadcrumb\":{\"@id\":\"https:\/\/janeke1830.it\/fr\/prodotto\/brosse-pneumatique-avec-poils-et-renfort-en-nylon\/#breadcrumb\"},\"inLanguage\":\"fr-FR\",\"potentialAction\":[{\"@type\":\"ReadAction\",\"target\":[\"https:\/\/janeke1830.it\/fr\/prodotto\/brosse-pneumatique-avec-poils-et-renfort-en-nylon\/\"]}]},{\"@type\":\"ImageObject\",\"inLanguage\":\"fr-FR\",\"@id\":\"https:\/\/janeke1830.it\/fr\/prodotto\/brosse-pneumatique-avec-poils-et-renfort-en-nylon\/#primaryimage\",\"url\":\"https:\/\/janeke1830.it\/wp-content\/uploads\/2025\/12\/spazzola-pneumatica-nylon-media-oro-ausp22m-1.png\",\"contentUrl\":\"https:\/\/janeke1830.it\/wp-content\/uploads\/2025\/12\/spazzola-pneumatica-nylon-media-oro-ausp22m-1.png\",\"width\":1024,\"height\":1024,\"caption\":\"Spazzola pneumatica con setole e rinforzo nylon oro media uso quotidiano J\u00e4neke\"},{\"@type\":\"BreadcrumbList\",\"@id\":\"https:\/\/janeke1830.it\/fr\/prodotto\/brosse-pneumatique-avec-poils-et-renfort-en-nylon\/#breadcrumb\",\"itemListElement\":[{\"@type\":\"ListItem\",\"position\":1,\"name\":\"Home\",\"item\":\"https:\/\/janeke1830.it\/\"},{\"@type\":\"ListItem\",\"position\":2,\"name\":\"Boutique\",\"item\":\"https:\/\/janeke1830.it\/fr\/boutique\/\"},{\"@type\":\"ListItem\",\"position\":3,\"name\":\"Brosse pneumatique avec poils et renfort en nylon\"}]},{\"@type\":\"WebSite\",\"@id\":\"https:\/\/janeke1830.it\/#website\",\"url\":\"https:\/\/janeke1830.it\/\",\"name\":\"J\u00e4neke 1830\",\"description\":\"\",\"publisher\":{\"@id\":\"https:\/\/janeke1830.it\/#organization\"},\"potentialAction\":[{\"@type\":\"SearchAction\",\"target\":{\"@type\":\"EntryPoint\",\"urlTemplate\":\"https:\/\/janeke1830.it\/?s={search_term_string}\"},\"query-input\":{\"@type\":\"PropertyValueSpecification\",\"valueRequired\":true,\"valueName\":\"search_term_string\"}}],\"inLanguage\":\"fr-FR\"},{\"@type\":\"Organization\",\"@id\":\"https:\/\/janeke1830.it\/#organization\",\"name\":\"J\u00e4neke 1830\",\"url\":\"https:\/\/janeke1830.it\/\",\"logo\":{\"@type\":\"ImageObject\",\"inLanguage\":\"fr-FR\",\"@id\":\"https:\/\/janeke1830.it\/#\/schema\/logo\/image\/\",\"url\":\"https:\/\/janeke1830.it\/wp-content\/uploads\/2025\/12\/logo-nero-janeke.png\",\"contentUrl\":\"https:\/\/janeke1830.it\/wp-content\/uploads\/2025\/12\/logo-nero-janeke.png\",\"width\":1824,\"height\":829,\"caption\":\"J\u00e4neke 1830\"},\"image\":{\"@id\":\"https:\/\/janeke1830.it\/#\/schema\/logo\/image\/\"},\"sameAs\":[\"https:\/\/www.facebook.com\/janeke1830\",\"https:\/\/www.instagram.com\/janeke1830official\",\"https:\/\/www.linkedin.com\/company\/giorgio-janeke-s-r-l-\/\"]}]}<\/script>\n<!-- \/ Yoast SEO plugin. -->","yoast_head_json":{"title":"Brosse pneumatique Poils en nylon et renfort - J\u00e4neke 1830","description":"Poils naturels et nylon : la brosse pneumatique J\u00e4neke d\u00e9m\u00eale et polit en un seul geste. Massage doux de la peau. Choisissez la v\u00f4tre !","robots":{"index":"index","follow":"follow","max-snippet":"max-snippet:-1","max-image-preview":"max-image-preview:large","max-video-preview":"max-video-preview:-1"},"canonical":"https:\/\/janeke1830.it\/fr\/prodotto\/brosse-pneumatique-avec-poils-et-renfort-en-nylon\/","og_locale":"fr_FR","og_type":"article","og_title":"Brosse pneumatique Poils en nylon et renfort - J\u00e4neke 1830","og_description":"Poils naturels et nylon : la brosse pneumatique J\u00e4neke d\u00e9m\u00eale et polit en un seul geste. Massage doux de la peau. Choisissez la v\u00f4tre !","og_url":"https:\/\/janeke1830.it\/fr\/prodotto\/brosse-pneumatique-avec-poils-et-renfort-en-nylon\/","og_site_name":"J\u00e4neke","article_publisher":"https:\/\/www.facebook.com\/janeke1830","article_modified_time":"2026-01-29T16:20:09+00:00","og_image":[{"width":1024,"height":1024,"url":"https:\/\/janeke1830.it\/wp-content\/uploads\/2025\/12\/AUSP22M-1.png","type":"image\/png"}],"twitter_card":"summary_large_image","schema":{"@context":"https:\/\/schema.org","@graph":[{"@type":"WebPage","@id":"https:\/\/janeke1830.it\/fr\/prodotto\/brosse-pneumatique-avec-poils-et-renfort-en-nylon\/","url":"https:\/\/janeke1830.it\/fr\/prodotto\/brosse-pneumatique-avec-poils-et-renfort-en-nylon\/","name":"Brosse pneumatique Poils en nylon et renfort - J\u00e4neke 1830","isPartOf":{"@id":"https:\/\/janeke1830.it\/#website"},"primaryImageOfPage":{"@id":"https:\/\/janeke1830.it\/fr\/prodotto\/brosse-pneumatique-avec-poils-et-renfort-en-nylon\/#primaryimage"},"image":{"@id":"https:\/\/janeke1830.it\/fr\/prodotto\/brosse-pneumatique-avec-poils-et-renfort-en-nylon\/#primaryimage"},"thumbnailUrl":"https:\/\/janeke1830.it\/wp-content\/uploads\/2025\/12\/spazzola-pneumatica-nylon-media-oro-ausp22m-1.png","datePublished":"2026-01-10T13:46:08+00:00","dateModified":"2026-01-29T16:20:09+00:00","description":"Poils naturels et nylon : la brosse pneumatique J\u00e4neke d\u00e9m\u00eale et polit en un seul geste. Massage doux de la peau. Choisissez la v\u00f4tre !","breadcrumb":{"@id":"https:\/\/janeke1830.it\/fr\/prodotto\/brosse-pneumatique-avec-poils-et-renfort-en-nylon\/#breadcrumb"},"inLanguage":"fr-FR","potentialAction":[{"@type":"ReadAction","target":["https:\/\/janeke1830.it\/fr\/prodotto\/brosse-pneumatique-avec-poils-et-renfort-en-nylon\/"]}]},{"@type":"ImageObject","inLanguage":"fr-FR","@id":"https:\/\/janeke1830.it\/fr\/prodotto\/brosse-pneumatique-avec-poils-et-renfort-en-nylon\/#primaryimage","url":"https:\/\/janeke1830.it\/wp-content\/uploads\/2025\/12\/spazzola-pneumatica-nylon-media-oro-ausp22m-1.png","contentUrl":"https:\/\/janeke1830.it\/wp-content\/uploads\/2025\/12\/spazzola-pneumatica-nylon-media-oro-ausp22m-1.png","width":1024,"height":1024,"caption":"Spazzola pneumatica con setole e rinforzo nylon oro media uso quotidiano J\u00e4neke"},{"@type":"BreadcrumbList","@id":"https:\/\/janeke1830.it\/fr\/prodotto\/brosse-pneumatique-avec-poils-et-renfort-en-nylon\/#breadcrumb","itemListElement":[{"@type":"ListItem","position":1,"name":"Home","item":"https:\/\/janeke1830.it\/"},{"@type":"ListItem","position":2,"name":"Boutique","item":"https:\/\/janeke1830.it\/fr\/boutique\/"},{"@type":"ListItem","position":3,"name":"Brosse pneumatique avec poils et renfort en nylon"}]},{"@type":"WebSite","@id":"https:\/\/janeke1830.it\/#website","url":"https:\/\/janeke1830.it\/","name":"J\u00e4neke 1830","description":"","publisher":{"@id":"https:\/\/janeke1830.it\/#organization"},"potentialAction":[{"@type":"SearchAction","target":{"@type":"EntryPoint","urlTemplate":"https:\/\/janeke1830.it\/?s={search_term_string}"},"query-input":{"@type":"PropertyValueSpecification","valueRequired":true,"valueName":"search_term_string"}}],"inLanguage":"fr-FR"},{"@type":"Organization","@id":"https:\/\/janeke1830.it\/#organization","name":"J\u00e4neke 1830","url":"https:\/\/janeke1830.it\/","logo":{"@type":"ImageObject","inLanguage":"fr-FR","@id":"https:\/\/janeke1830.it\/#\/schema\/logo\/image\/","url":"https:\/\/janeke1830.it\/wp-content\/uploads\/2025\/12\/logo-nero-janeke.png","contentUrl":"https:\/\/janeke1830.it\/wp-content\/uploads\/2025\/12\/logo-nero-janeke.png","width":1824,"height":829,"caption":"J\u00e4neke 1830"},"image":{"@id":"https:\/\/janeke1830.it\/#\/schema\/logo\/image\/"},"sameAs":["https:\/\/www.facebook.com\/janeke1830","https:\/\/www.instagram.com\/janeke1830official","https:\/\/www.linkedin.com\/company\/giorgio-janeke-s-r-l-\/"]}]}},"_links":{"self":[{"href":"https:\/\/janeke1830.it\/fr\/wp-json\/wp\/v2\/product\/2550","targetHints":{"allow":["GET"]}}],"collection":[{"href":"https:\/\/janeke1830.it\/fr\/wp-json\/wp\/v2\/product"}],"about":[{"href":"https:\/\/janeke1830.it\/fr\/wp-json\/wp\/v2\/types\/product"}],"replies":[{"embeddable":true,"href":"https:\/\/janeke1830.it\/fr\/wp-json\/wp\/v2\/comments?post=2550"}],"wp:featuredmedia":[{"embeddable":true,"href":"https:\/\/janeke1830.it\/fr\/wp-json\/wp\/v2\/media\/2551"}],"wp:attachment":[{"href":"https:\/\/janeke1830.it\/fr\/wp-json\/wp\/v2\/media?parent=2550"}],"wp:term":[{"taxonomy":"product_brand","embeddable":true,"href":"https:\/\/janeke1830.it\/fr\/wp-json\/wp\/v2\/product_brand?post=2550"},{"taxonomy":"product_cat","embeddable":true,"href":"https:\/\/janeke1830.it\/fr\/wp-json\/wp\/v2\/product_cat?post=2550"},{"taxonomy":"product_tag","embeddable":true,"href":"https:\/\/janeke1830.it\/fr\/wp-json\/wp\/v2\/product_tag?post=2550"}],"curies":[{"name":"wp","href":"https:\/\/api.w.org\/{rel}","templated":true}]}}