{"id":2512,"date":"2026-01-10T15:18:54","date_gmt":"2026-01-10T14:18:54","guid":{"rendered":"https:\/\/janeke1830.it\/prodotto\/brosse-curvy-m-ventilee\/"},"modified":"2026-03-03T11:48:02","modified_gmt":"2026-03-03T10:48:02","slug":"brosse-curvy-m-ventilee","status":"publish","type":"product","link":"https:\/\/janeke1830.it\/fr\/prodotto\/brosse-curvy-m-ventilee\/","title":{"rendered":"Brosse Curvy M Ventil\u00e9e"},"content":{"rendered":"","protected":false},"excerpt":{"rendered":"<p>La brosse Janeke <strong>Curvy \"M\" Vented Brush<\/strong> est con\u00e7ue pour offrir un s\u00e9chage rapide des cheveux gr\u00e2ce \u00e0 sa base ventil\u00e9e qui permet une circulation d&rsquo;air parfaite.<\/p>\n<p>Le manche ergonomique \u00e0 la forme courb\u00e9e garantit le confort pendant l&rsquo;utilisation, tandis que les poils arrondis d\u00e9m\u00ealent en douceur, massent le cuir chevelu et pr\u00e9viennent l&rsquo;effet frisottis.<\/p>\n<p>Id\u00e9ale pour tous les types de cheveux et parfaite aussi pour les coiffages professionnels, cette brosse combine design italien et fonctionnalit\u00e9, offrant la qualit\u00e9 et le style distinctifs de la marque Janeke.<\/p>\n","protected":false},"featured_media":2517,"comment_status":"closed","ping_status":"closed","template":"","meta":[],"product_brand":[811],"product_cat":[208],"product_tag":[449],"class_list":{"0":"post-2512","1":"product","2":"type-product","3":"status-publish","4":"has-post-thumbnail","6":"product_brand-everyday","7":"product_cat-brosses","8":"product_tag-obs","10":"first","11":"instock","12":"shipping-taxable","13":"purchasable","14":"product-type-variable","15":"has-default-attributes","16":"wvs-archive-product-wrapper"},"yoast_head":"<!-- This site is optimized with the Yoast SEO plugin v27.1.1 - https:\/\/yoast.com\/product\/yoast-seo-wordpress\/ -->\n<title>J\u00e4neke Curvy M Brosse ventil\u00e9e - S\u00e9chage rapide<\/title>\n<meta name=\"description\" content=\"La brosse J\u00e4neke Curvy M Vented a une base ventil\u00e9e pour un s\u00e9chage rapide. Poign\u00e9e ergonomique et action anti-frisottis. Achetez cette brosse !\" \/>\n<meta name=\"robots\" content=\"index, follow, max-snippet:-1, max-image-preview:large, max-video-preview:-1\" \/>\n<link rel=\"canonical\" href=\"https:\/\/janeke1830.it\/fr\/prodotto\/brosse-curvy-m-ventilee\/\" \/>\n<meta property=\"og:locale\" content=\"fr_FR\" \/>\n<meta property=\"og:type\" content=\"article\" \/>\n<meta property=\"og:title\" content=\"J\u00e4neke Curvy M Brosse ventil\u00e9e - S\u00e9chage rapide\" \/>\n<meta property=\"og:description\" content=\"La brosse J\u00e4neke Curvy M Vented a une base ventil\u00e9e pour un s\u00e9chage rapide. Poign\u00e9e ergonomique et action anti-frisottis. Achetez cette brosse !\" \/>\n<meta property=\"og:url\" content=\"https:\/\/janeke1830.it\/fr\/prodotto\/brosse-curvy-m-ventilee\/\" \/>\n<meta property=\"og:site_name\" content=\"J\u00e4neke\" \/>\n<meta property=\"article:publisher\" content=\"https:\/\/www.facebook.com\/janeke1830\" \/>\n<meta property=\"article:modified_time\" content=\"2026-03-03T10:48:02+00:00\" \/>\n<meta property=\"og:image\" content=\"https:\/\/janeke1830.it\/wp-content\/uploads\/2025\/12\/curvym-magenta.png\" \/>\n\t<meta property=\"og:image:width\" content=\"1024\" \/>\n\t<meta property=\"og:image:height\" content=\"1024\" \/>\n\t<meta property=\"og:image:type\" content=\"image\/png\" \/>\n<meta name=\"twitter:card\" content=\"summary_large_image\" \/>\n<script type=\"application\/ld+json\" class=\"yoast-schema-graph\">{\"@context\":\"https:\/\/schema.org\",\"@graph\":[{\"@type\":\"WebPage\",\"@id\":\"https:\/\/janeke1830.it\/fr\/prodotto\/brosse-curvy-m-ventilee\/\",\"url\":\"https:\/\/janeke1830.it\/fr\/prodotto\/brosse-curvy-m-ventilee\/\",\"name\":\"J\u00e4neke Curvy M Brosse ventil\u00e9e - S\u00e9chage rapide\",\"isPartOf\":{\"@id\":\"https:\/\/janeke1830.it\/#website\"},\"primaryImageOfPage\":{\"@id\":\"https:\/\/janeke1830.it\/fr\/prodotto\/brosse-curvy-m-ventilee\/#primaryimage\"},\"image\":{\"@id\":\"https:\/\/janeke1830.it\/fr\/prodotto\/brosse-curvy-m-ventilee\/#primaryimage\"},\"thumbnailUrl\":\"https:\/\/janeke1830.it\/wp-content\/uploads\/2025\/12\/spazzola-curvy-m-vented-magenta.png\",\"datePublished\":\"2026-01-10T14:18:54+00:00\",\"dateModified\":\"2026-03-03T10:48:02+00:00\",\"description\":\"La brosse J\u00e4neke Curvy M Vented a une base ventil\u00e9e pour un s\u00e9chage rapide. Poign\u00e9e ergonomique et action anti-frisottis. Achetez cette brosse !\",\"breadcrumb\":{\"@id\":\"https:\/\/janeke1830.it\/fr\/prodotto\/brosse-curvy-m-ventilee\/#breadcrumb\"},\"inLanguage\":\"fr-FR\",\"potentialAction\":[{\"@type\":\"ReadAction\",\"target\":[\"https:\/\/janeke1830.it\/fr\/prodotto\/brosse-curvy-m-ventilee\/\"]}]},{\"@type\":\"ImageObject\",\"inLanguage\":\"fr-FR\",\"@id\":\"https:\/\/janeke1830.it\/fr\/prodotto\/brosse-curvy-m-ventilee\/#primaryimage\",\"url\":\"https:\/\/janeke1830.it\/wp-content\/uploads\/2025\/12\/spazzola-curvy-m-vented-magenta.png\",\"contentUrl\":\"https:\/\/janeke1830.it\/wp-content\/uploads\/2025\/12\/spazzola-curvy-m-vented-magenta.png\",\"width\":1024,\"height\":1024,\"caption\":\"Spazzola Curvy M Vented magenta per asciugatura veloce J\u00e4neke\"},{\"@type\":\"BreadcrumbList\",\"@id\":\"https:\/\/janeke1830.it\/fr\/prodotto\/brosse-curvy-m-ventilee\/#breadcrumb\",\"itemListElement\":[{\"@type\":\"ListItem\",\"position\":1,\"name\":\"Home\",\"item\":\"https:\/\/janeke1830.it\/\"},{\"@type\":\"ListItem\",\"position\":2,\"name\":\"Boutique\",\"item\":\"https:\/\/janeke1830.it\/fr\/boutique\/\"},{\"@type\":\"ListItem\",\"position\":3,\"name\":\"Brosse Curvy M Ventil\u00e9e\"}]},{\"@type\":\"WebSite\",\"@id\":\"https:\/\/janeke1830.it\/#website\",\"url\":\"https:\/\/janeke1830.it\/\",\"name\":\"J\u00e4neke 1830\",\"description\":\"\",\"publisher\":{\"@id\":\"https:\/\/janeke1830.it\/#organization\"},\"potentialAction\":[{\"@type\":\"SearchAction\",\"target\":{\"@type\":\"EntryPoint\",\"urlTemplate\":\"https:\/\/janeke1830.it\/?s={search_term_string}\"},\"query-input\":{\"@type\":\"PropertyValueSpecification\",\"valueRequired\":true,\"valueName\":\"search_term_string\"}}],\"inLanguage\":\"fr-FR\"},{\"@type\":\"Organization\",\"@id\":\"https:\/\/janeke1830.it\/#organization\",\"name\":\"J\u00e4neke 1830\",\"url\":\"https:\/\/janeke1830.it\/\",\"logo\":{\"@type\":\"ImageObject\",\"inLanguage\":\"fr-FR\",\"@id\":\"https:\/\/janeke1830.it\/#\/schema\/logo\/image\/\",\"url\":\"https:\/\/janeke1830.it\/wp-content\/uploads\/2025\/12\/logo-nero-janeke.png\",\"contentUrl\":\"https:\/\/janeke1830.it\/wp-content\/uploads\/2025\/12\/logo-nero-janeke.png\",\"width\":1824,\"height\":829,\"caption\":\"J\u00e4neke 1830\"},\"image\":{\"@id\":\"https:\/\/janeke1830.it\/#\/schema\/logo\/image\/\"},\"sameAs\":[\"https:\/\/www.facebook.com\/janeke1830\",\"https:\/\/www.instagram.com\/janeke1830official\",\"https:\/\/www.linkedin.com\/company\/giorgio-janeke-s-r-l-\/\"]}]}<\/script>\n<!-- \/ Yoast SEO plugin. -->","yoast_head_json":{"title":"J\u00e4neke Curvy M Brosse ventil\u00e9e - S\u00e9chage rapide","description":"La brosse J\u00e4neke Curvy M Vented a une base ventil\u00e9e pour un s\u00e9chage rapide. Poign\u00e9e ergonomique et action anti-frisottis. Achetez cette brosse !","robots":{"index":"index","follow":"follow","max-snippet":"max-snippet:-1","max-image-preview":"max-image-preview:large","max-video-preview":"max-video-preview:-1"},"canonical":"https:\/\/janeke1830.it\/fr\/prodotto\/brosse-curvy-m-ventilee\/","og_locale":"fr_FR","og_type":"article","og_title":"J\u00e4neke Curvy M Brosse ventil\u00e9e - S\u00e9chage rapide","og_description":"La brosse J\u00e4neke Curvy M Vented a une base ventil\u00e9e pour un s\u00e9chage rapide. Poign\u00e9e ergonomique et action anti-frisottis. Achetez cette brosse !","og_url":"https:\/\/janeke1830.it\/fr\/prodotto\/brosse-curvy-m-ventilee\/","og_site_name":"J\u00e4neke","article_publisher":"https:\/\/www.facebook.com\/janeke1830","article_modified_time":"2026-03-03T10:48:02+00:00","og_image":[{"width":1024,"height":1024,"url":"https:\/\/janeke1830.it\/wp-content\/uploads\/2025\/12\/curvym-magenta.png","type":"image\/png"}],"twitter_card":"summary_large_image","schema":{"@context":"https:\/\/schema.org","@graph":[{"@type":"WebPage","@id":"https:\/\/janeke1830.it\/fr\/prodotto\/brosse-curvy-m-ventilee\/","url":"https:\/\/janeke1830.it\/fr\/prodotto\/brosse-curvy-m-ventilee\/","name":"J\u00e4neke Curvy M Brosse ventil\u00e9e - S\u00e9chage rapide","isPartOf":{"@id":"https:\/\/janeke1830.it\/#website"},"primaryImageOfPage":{"@id":"https:\/\/janeke1830.it\/fr\/prodotto\/brosse-curvy-m-ventilee\/#primaryimage"},"image":{"@id":"https:\/\/janeke1830.it\/fr\/prodotto\/brosse-curvy-m-ventilee\/#primaryimage"},"thumbnailUrl":"https:\/\/janeke1830.it\/wp-content\/uploads\/2025\/12\/spazzola-curvy-m-vented-magenta.png","datePublished":"2026-01-10T14:18:54+00:00","dateModified":"2026-03-03T10:48:02+00:00","description":"La brosse J\u00e4neke Curvy M Vented a une base ventil\u00e9e pour un s\u00e9chage rapide. Poign\u00e9e ergonomique et action anti-frisottis. Achetez cette brosse !","breadcrumb":{"@id":"https:\/\/janeke1830.it\/fr\/prodotto\/brosse-curvy-m-ventilee\/#breadcrumb"},"inLanguage":"fr-FR","potentialAction":[{"@type":"ReadAction","target":["https:\/\/janeke1830.it\/fr\/prodotto\/brosse-curvy-m-ventilee\/"]}]},{"@type":"ImageObject","inLanguage":"fr-FR","@id":"https:\/\/janeke1830.it\/fr\/prodotto\/brosse-curvy-m-ventilee\/#primaryimage","url":"https:\/\/janeke1830.it\/wp-content\/uploads\/2025\/12\/spazzola-curvy-m-vented-magenta.png","contentUrl":"https:\/\/janeke1830.it\/wp-content\/uploads\/2025\/12\/spazzola-curvy-m-vented-magenta.png","width":1024,"height":1024,"caption":"Spazzola Curvy M Vented magenta per asciugatura veloce J\u00e4neke"},{"@type":"BreadcrumbList","@id":"https:\/\/janeke1830.it\/fr\/prodotto\/brosse-curvy-m-ventilee\/#breadcrumb","itemListElement":[{"@type":"ListItem","position":1,"name":"Home","item":"https:\/\/janeke1830.it\/"},{"@type":"ListItem","position":2,"name":"Boutique","item":"https:\/\/janeke1830.it\/fr\/boutique\/"},{"@type":"ListItem","position":3,"name":"Brosse Curvy M Ventil\u00e9e"}]},{"@type":"WebSite","@id":"https:\/\/janeke1830.it\/#website","url":"https:\/\/janeke1830.it\/","name":"J\u00e4neke 1830","description":"","publisher":{"@id":"https:\/\/janeke1830.it\/#organization"},"potentialAction":[{"@type":"SearchAction","target":{"@type":"EntryPoint","urlTemplate":"https:\/\/janeke1830.it\/?s={search_term_string}"},"query-input":{"@type":"PropertyValueSpecification","valueRequired":true,"valueName":"search_term_string"}}],"inLanguage":"fr-FR"},{"@type":"Organization","@id":"https:\/\/janeke1830.it\/#organization","name":"J\u00e4neke 1830","url":"https:\/\/janeke1830.it\/","logo":{"@type":"ImageObject","inLanguage":"fr-FR","@id":"https:\/\/janeke1830.it\/#\/schema\/logo\/image\/","url":"https:\/\/janeke1830.it\/wp-content\/uploads\/2025\/12\/logo-nero-janeke.png","contentUrl":"https:\/\/janeke1830.it\/wp-content\/uploads\/2025\/12\/logo-nero-janeke.png","width":1824,"height":829,"caption":"J\u00e4neke 1830"},"image":{"@id":"https:\/\/janeke1830.it\/#\/schema\/logo\/image\/"},"sameAs":["https:\/\/www.facebook.com\/janeke1830","https:\/\/www.instagram.com\/janeke1830official","https:\/\/www.linkedin.com\/company\/giorgio-janeke-s-r-l-\/"]}]}},"_links":{"self":[{"href":"https:\/\/janeke1830.it\/fr\/wp-json\/wp\/v2\/product\/2512","targetHints":{"allow":["GET"]}}],"collection":[{"href":"https:\/\/janeke1830.it\/fr\/wp-json\/wp\/v2\/product"}],"about":[{"href":"https:\/\/janeke1830.it\/fr\/wp-json\/wp\/v2\/types\/product"}],"replies":[{"embeddable":true,"href":"https:\/\/janeke1830.it\/fr\/wp-json\/wp\/v2\/comments?post=2512"}],"wp:featuredmedia":[{"embeddable":true,"href":"https:\/\/janeke1830.it\/fr\/wp-json\/wp\/v2\/media\/2517"}],"wp:attachment":[{"href":"https:\/\/janeke1830.it\/fr\/wp-json\/wp\/v2\/media?parent=2512"}],"wp:term":[{"taxonomy":"product_brand","embeddable":true,"href":"https:\/\/janeke1830.it\/fr\/wp-json\/wp\/v2\/product_brand?post=2512"},{"taxonomy":"product_cat","embeddable":true,"href":"https:\/\/janeke1830.it\/fr\/wp-json\/wp\/v2\/product_cat?post=2512"},{"taxonomy":"product_tag","embeddable":true,"href":"https:\/\/janeke1830.it\/fr\/wp-json\/wp\/v2\/product_tag?post=2512"}],"curies":[{"name":"wp","href":"https:\/\/api.w.org\/{rel}","templated":true}]}}