{"id":2462,"date":"2026-01-20T17:50:08","date_gmt":"2026-01-20T16:50:08","guid":{"rendered":"https:\/\/janeke1830.it\/prodotto\/superbrush-small-maculato\/"},"modified":"2026-02-05T17:10:52","modified_gmt":"2026-02-05T16:10:52","slug":"superbrush-small-maculato","status":"publish","type":"product","link":"https:\/\/janeke1830.it\/fr\/prodotto\/superbrush-small-maculato\/","title":{"rendered":"Superbrush Small Maculato"},"content":{"rendered":"","protected":false},"excerpt":{"rendered":"<p>La Superbrush Small de Janeke est la version compacte de la c\u00e9l\u00e8bre brosse professionnelle, id\u00e9ale pour d\u00e9m\u00ealer et coiffer les cheveux avec pr\u00e9cision, m\u00eame dans les endroits difficiles d&rsquo;acc\u00e8s. Les poils souples et r\u00e9sistants assurent douceur, brillance et r\u00e9duction de la casse des cheveux. Pratique \u00e0 tenir et facile \u00e0 transporter, elle allie fonctionnalit\u00e9 et qualit\u00e9, garantissant le style et la fiabilit\u00e9 propres \u00e0 Janeke.  <\/p>\n","protected":false},"featured_media":2463,"comment_status":"closed","ping_status":"closed","template":"","meta":[],"product_brand":[815,823],"product_cat":[208],"product_tag":[423],"class_list":{"0":"post-2462","1":"product","2":"type-product","3":"status-publish","4":"has-post-thumbnail","6":"product_brand-luxury","7":"product_brand-superbrush","8":"product_cat-brosses","9":"product_tag-superbrush","11":"first","12":"instock","13":"shipping-taxable","14":"purchasable","15":"product-type-variable","16":"wvs-archive-product-wrapper"},"yoast_head":"<!-- This site is optimized with the Yoast SEO plugin v27.1.1 - https:\/\/yoast.com\/product\/yoast-seo-wordpress\/ -->\n<title>Superbrush Small Spotted J\u00e4neke - Pinceau compact<\/title>\n<meta name=\"description\" content=\"La Superbrush small Maculato J\u00e4neke est compacte et id\u00e9ale pour un d\u00e9m\u00ealage pr\u00e9cis. Elle allie style animalier et fonctionnalit\u00e9. Achetez-la maintenant !\" \/>\n<meta name=\"robots\" content=\"index, follow, max-snippet:-1, max-image-preview:large, max-video-preview:-1\" \/>\n<link rel=\"canonical\" href=\"https:\/\/janeke1830.it\/fr\/prodotto\/superbrush-small-maculato\/\" \/>\n<meta property=\"og:locale\" content=\"fr_FR\" \/>\n<meta property=\"og:type\" content=\"article\" \/>\n<meta property=\"og:title\" content=\"Superbrush Small Spotted J\u00e4neke - Pinceau compact\" \/>\n<meta property=\"og:description\" content=\"La Superbrush small Maculato J\u00e4neke est compacte et id\u00e9ale pour un d\u00e9m\u00ealage pr\u00e9cis. Elle allie style animalier et fonctionnalit\u00e9. Achetez-la maintenant !\" \/>\n<meta property=\"og:url\" content=\"https:\/\/janeke1830.it\/fr\/prodotto\/superbrush-small-maculato\/\" \/>\n<meta property=\"og:site_name\" content=\"J\u00e4neke\" \/>\n<meta property=\"article:publisher\" content=\"https:\/\/www.facebook.com\/janeke1830\" \/>\n<meta property=\"article:modified_time\" content=\"2026-02-05T16:10:52+00:00\" \/>\n<meta property=\"og:image\" content=\"https:\/\/janeke1830.it\/wp-content\/uploads\/2026\/01\/SP235MAC.png\" \/>\n\t<meta property=\"og:image:width\" content=\"1024\" \/>\n\t<meta property=\"og:image:height\" content=\"1024\" \/>\n\t<meta property=\"og:image:type\" content=\"image\/png\" \/>\n<meta name=\"twitter:card\" content=\"summary_large_image\" \/>\n<script type=\"application\/ld+json\" class=\"yoast-schema-graph\">{\"@context\":\"https:\/\/schema.org\",\"@graph\":[{\"@type\":\"WebPage\",\"@id\":\"https:\/\/janeke1830.it\/fr\/prodotto\/superbrush-small-maculato\/\",\"url\":\"https:\/\/janeke1830.it\/fr\/prodotto\/superbrush-small-maculato\/\",\"name\":\"Superbrush Small Spotted J\u00e4neke - Pinceau compact\",\"isPartOf\":{\"@id\":\"https:\/\/janeke1830.it\/#website\"},\"primaryImageOfPage\":{\"@id\":\"https:\/\/janeke1830.it\/fr\/prodotto\/superbrush-small-maculato\/#primaryimage\"},\"image\":{\"@id\":\"https:\/\/janeke1830.it\/fr\/prodotto\/superbrush-small-maculato\/#primaryimage\"},\"thumbnailUrl\":\"https:\/\/janeke1830.it\/wp-content\/uploads\/2026\/01\/superbrush-small-maculato-nero-sp235mac.png\",\"datePublished\":\"2026-01-20T16:50:08+00:00\",\"dateModified\":\"2026-02-05T16:10:52+00:00\",\"description\":\"La Superbrush small Maculato J\u00e4neke est compacte et id\u00e9ale pour un d\u00e9m\u00ealage pr\u00e9cis. Elle allie style animalier et fonctionnalit\u00e9. Achetez-la maintenant !\",\"breadcrumb\":{\"@id\":\"https:\/\/janeke1830.it\/fr\/prodotto\/superbrush-small-maculato\/#breadcrumb\"},\"inLanguage\":\"fr-FR\",\"potentialAction\":[{\"@type\":\"ReadAction\",\"target\":[\"https:\/\/janeke1830.it\/fr\/prodotto\/superbrush-small-maculato\/\"]}]},{\"@type\":\"ImageObject\",\"inLanguage\":\"fr-FR\",\"@id\":\"https:\/\/janeke1830.it\/fr\/prodotto\/superbrush-small-maculato\/#primaryimage\",\"url\":\"https:\/\/janeke1830.it\/wp-content\/uploads\/2026\/01\/superbrush-small-maculato-nero-sp235mac.png\",\"contentUrl\":\"https:\/\/janeke1830.it\/wp-content\/uploads\/2026\/01\/superbrush-small-maculato-nero-sp235mac.png\",\"width\":1024,\"height\":1024,\"caption\":\"Spazzola Superbrush Small maculata nera effetto leopardato J\u00e4neke\"},{\"@type\":\"BreadcrumbList\",\"@id\":\"https:\/\/janeke1830.it\/fr\/prodotto\/superbrush-small-maculato\/#breadcrumb\",\"itemListElement\":[{\"@type\":\"ListItem\",\"position\":1,\"name\":\"Home\",\"item\":\"https:\/\/janeke1830.it\/\"},{\"@type\":\"ListItem\",\"position\":2,\"name\":\"Boutique\",\"item\":\"https:\/\/janeke1830.it\/fr\/boutique\/\"},{\"@type\":\"ListItem\",\"position\":3,\"name\":\"Superbrush Small Maculato\"}]},{\"@type\":\"WebSite\",\"@id\":\"https:\/\/janeke1830.it\/#website\",\"url\":\"https:\/\/janeke1830.it\/\",\"name\":\"J\u00e4neke 1830\",\"description\":\"\",\"publisher\":{\"@id\":\"https:\/\/janeke1830.it\/#organization\"},\"potentialAction\":[{\"@type\":\"SearchAction\",\"target\":{\"@type\":\"EntryPoint\",\"urlTemplate\":\"https:\/\/janeke1830.it\/?s={search_term_string}\"},\"query-input\":{\"@type\":\"PropertyValueSpecification\",\"valueRequired\":true,\"valueName\":\"search_term_string\"}}],\"inLanguage\":\"fr-FR\"},{\"@type\":\"Organization\",\"@id\":\"https:\/\/janeke1830.it\/#organization\",\"name\":\"J\u00e4neke 1830\",\"url\":\"https:\/\/janeke1830.it\/\",\"logo\":{\"@type\":\"ImageObject\",\"inLanguage\":\"fr-FR\",\"@id\":\"https:\/\/janeke1830.it\/#\/schema\/logo\/image\/\",\"url\":\"https:\/\/janeke1830.it\/wp-content\/uploads\/2025\/12\/logo-nero-janeke.png\",\"contentUrl\":\"https:\/\/janeke1830.it\/wp-content\/uploads\/2025\/12\/logo-nero-janeke.png\",\"width\":1824,\"height\":829,\"caption\":\"J\u00e4neke 1830\"},\"image\":{\"@id\":\"https:\/\/janeke1830.it\/#\/schema\/logo\/image\/\"},\"sameAs\":[\"https:\/\/www.facebook.com\/janeke1830\",\"https:\/\/www.instagram.com\/janeke1830official\",\"https:\/\/www.linkedin.com\/company\/giorgio-janeke-s-r-l-\/\"]}]}<\/script>\n<!-- \/ Yoast SEO plugin. -->","yoast_head_json":{"title":"Superbrush Small Spotted J\u00e4neke - Pinceau compact","description":"La Superbrush small Maculato J\u00e4neke est compacte et id\u00e9ale pour un d\u00e9m\u00ealage pr\u00e9cis. Elle allie style animalier et fonctionnalit\u00e9. Achetez-la maintenant !","robots":{"index":"index","follow":"follow","max-snippet":"max-snippet:-1","max-image-preview":"max-image-preview:large","max-video-preview":"max-video-preview:-1"},"canonical":"https:\/\/janeke1830.it\/fr\/prodotto\/superbrush-small-maculato\/","og_locale":"fr_FR","og_type":"article","og_title":"Superbrush Small Spotted J\u00e4neke - Pinceau compact","og_description":"La Superbrush small Maculato J\u00e4neke est compacte et id\u00e9ale pour un d\u00e9m\u00ealage pr\u00e9cis. Elle allie style animalier et fonctionnalit\u00e9. Achetez-la maintenant !","og_url":"https:\/\/janeke1830.it\/fr\/prodotto\/superbrush-small-maculato\/","og_site_name":"J\u00e4neke","article_publisher":"https:\/\/www.facebook.com\/janeke1830","article_modified_time":"2026-02-05T16:10:52+00:00","og_image":[{"width":1024,"height":1024,"url":"https:\/\/janeke1830.it\/wp-content\/uploads\/2026\/01\/SP235MAC.png","type":"image\/png"}],"twitter_card":"summary_large_image","schema":{"@context":"https:\/\/schema.org","@graph":[{"@type":"WebPage","@id":"https:\/\/janeke1830.it\/fr\/prodotto\/superbrush-small-maculato\/","url":"https:\/\/janeke1830.it\/fr\/prodotto\/superbrush-small-maculato\/","name":"Superbrush Small Spotted J\u00e4neke - Pinceau compact","isPartOf":{"@id":"https:\/\/janeke1830.it\/#website"},"primaryImageOfPage":{"@id":"https:\/\/janeke1830.it\/fr\/prodotto\/superbrush-small-maculato\/#primaryimage"},"image":{"@id":"https:\/\/janeke1830.it\/fr\/prodotto\/superbrush-small-maculato\/#primaryimage"},"thumbnailUrl":"https:\/\/janeke1830.it\/wp-content\/uploads\/2026\/01\/superbrush-small-maculato-nero-sp235mac.png","datePublished":"2026-01-20T16:50:08+00:00","dateModified":"2026-02-05T16:10:52+00:00","description":"La Superbrush small Maculato J\u00e4neke est compacte et id\u00e9ale pour un d\u00e9m\u00ealage pr\u00e9cis. Elle allie style animalier et fonctionnalit\u00e9. Achetez-la maintenant !","breadcrumb":{"@id":"https:\/\/janeke1830.it\/fr\/prodotto\/superbrush-small-maculato\/#breadcrumb"},"inLanguage":"fr-FR","potentialAction":[{"@type":"ReadAction","target":["https:\/\/janeke1830.it\/fr\/prodotto\/superbrush-small-maculato\/"]}]},{"@type":"ImageObject","inLanguage":"fr-FR","@id":"https:\/\/janeke1830.it\/fr\/prodotto\/superbrush-small-maculato\/#primaryimage","url":"https:\/\/janeke1830.it\/wp-content\/uploads\/2026\/01\/superbrush-small-maculato-nero-sp235mac.png","contentUrl":"https:\/\/janeke1830.it\/wp-content\/uploads\/2026\/01\/superbrush-small-maculato-nero-sp235mac.png","width":1024,"height":1024,"caption":"Spazzola Superbrush Small maculata nera effetto leopardato J\u00e4neke"},{"@type":"BreadcrumbList","@id":"https:\/\/janeke1830.it\/fr\/prodotto\/superbrush-small-maculato\/#breadcrumb","itemListElement":[{"@type":"ListItem","position":1,"name":"Home","item":"https:\/\/janeke1830.it\/"},{"@type":"ListItem","position":2,"name":"Boutique","item":"https:\/\/janeke1830.it\/fr\/boutique\/"},{"@type":"ListItem","position":3,"name":"Superbrush Small Maculato"}]},{"@type":"WebSite","@id":"https:\/\/janeke1830.it\/#website","url":"https:\/\/janeke1830.it\/","name":"J\u00e4neke 1830","description":"","publisher":{"@id":"https:\/\/janeke1830.it\/#organization"},"potentialAction":[{"@type":"SearchAction","target":{"@type":"EntryPoint","urlTemplate":"https:\/\/janeke1830.it\/?s={search_term_string}"},"query-input":{"@type":"PropertyValueSpecification","valueRequired":true,"valueName":"search_term_string"}}],"inLanguage":"fr-FR"},{"@type":"Organization","@id":"https:\/\/janeke1830.it\/#organization","name":"J\u00e4neke 1830","url":"https:\/\/janeke1830.it\/","logo":{"@type":"ImageObject","inLanguage":"fr-FR","@id":"https:\/\/janeke1830.it\/#\/schema\/logo\/image\/","url":"https:\/\/janeke1830.it\/wp-content\/uploads\/2025\/12\/logo-nero-janeke.png","contentUrl":"https:\/\/janeke1830.it\/wp-content\/uploads\/2025\/12\/logo-nero-janeke.png","width":1824,"height":829,"caption":"J\u00e4neke 1830"},"image":{"@id":"https:\/\/janeke1830.it\/#\/schema\/logo\/image\/"},"sameAs":["https:\/\/www.facebook.com\/janeke1830","https:\/\/www.instagram.com\/janeke1830official","https:\/\/www.linkedin.com\/company\/giorgio-janeke-s-r-l-\/"]}]}},"_links":{"self":[{"href":"https:\/\/janeke1830.it\/fr\/wp-json\/wp\/v2\/product\/2462","targetHints":{"allow":["GET"]}}],"collection":[{"href":"https:\/\/janeke1830.it\/fr\/wp-json\/wp\/v2\/product"}],"about":[{"href":"https:\/\/janeke1830.it\/fr\/wp-json\/wp\/v2\/types\/product"}],"replies":[{"embeddable":true,"href":"https:\/\/janeke1830.it\/fr\/wp-json\/wp\/v2\/comments?post=2462"}],"wp:featuredmedia":[{"embeddable":true,"href":"https:\/\/janeke1830.it\/fr\/wp-json\/wp\/v2\/media\/2463"}],"wp:attachment":[{"href":"https:\/\/janeke1830.it\/fr\/wp-json\/wp\/v2\/media?parent=2462"}],"wp:term":[{"taxonomy":"product_brand","embeddable":true,"href":"https:\/\/janeke1830.it\/fr\/wp-json\/wp\/v2\/product_brand?post=2462"},{"taxonomy":"product_cat","embeddable":true,"href":"https:\/\/janeke1830.it\/fr\/wp-json\/wp\/v2\/product_cat?post=2462"},{"taxonomy":"product_tag","embeddable":true,"href":"https:\/\/janeke1830.it\/fr\/wp-json\/wp\/v2\/product_tag?post=2462"}],"curies":[{"name":"wp","href":"https:\/\/api.w.org\/{rel}","templated":true}]}}