{"id":4990,"date":"2026-01-23T12:26:32","date_gmt":"2026-01-23T11:26:32","guid":{"rendered":"https:\/\/janeke1830.it\/devenez-distributeur\/"},"modified":"2026-04-10T14:27:29","modified_gmt":"2026-04-10T12:27:29","slug":"devenez-distributeur","status":"publish","type":"page","link":"https:\/\/janeke1830.it\/fr\/devenez-distributeur\/","title":{"rendered":"Devenez distributeur"},"content":{"rendered":"\t\t<div data-elementor-type=\"wp-page\" data-elementor-id=\"4990\" class=\"elementor elementor-4990 elementor-1849\" data-elementor-post-type=\"page\">\n\t\t\t\t<div class=\"elementor-element elementor-element-8c79bdb e-con-full e-flex e-con e-parent\" data-id=\"8c79bdb\" data-element_type=\"container\">\n\t\t<div class=\"elementor-element elementor-element-b517335 e-con-full e-flex e-con e-child\" data-id=\"b517335\" data-element_type=\"container\">\n\t\t\t\t<div class=\"elementor-element elementor-element-16c9397 elementor-widget elementor-widget-heading\" data-id=\"16c9397\" data-element_type=\"widget\" data-widget_type=\"heading.default\">\n\t\t\t\t\t<h1 class=\"elementor-heading-title elementor-size-default\">Devenez distributeur<\/h1>\t\t\t\t<\/div>\n\t\t\t\t<div class=\"elementor-element elementor-element-c05d00d elementor-widget elementor-widget-heading\" data-id=\"c05d00d\" data-element_type=\"widget\" data-widget_type=\"heading.default\">\n\t\t\t\t\t<p class=\"elementor-heading-title elementor-size-default\">Proposez la gamme compl\u00e8te J\u00e4neke et la meilleure brosse du monde<\/p>\t\t\t\t<\/div>\n\t\t\t\t<div class=\"elementor-element elementor-element-8ed47bb elementor-widget elementor-widget-text-editor\" data-id=\"8ed47bb\" data-element_type=\"widget\" data-widget_type=\"text-editor.default\">\n\t\t\t\t\t\t\t\t\t<p>Depuis pr\u00e8s de 200 ans, J\u00e4neke est synonyme d&rsquo;artisanat italien, de cr\u00e9ativit\u00e9 et d&rsquo;innovation. Chaque produit est fabriqu\u00e9 <strong>strictement \u00e0 la main en Italie<\/strong>, avec une attention m\u00e9ticuleuse au design, aux d\u00e9tails et \u00e0 la s\u00e9lection des mat\u00e9riaux de la plus haute qualit\u00e9. Une tradition de r\u00e9ussite qui, au fil du temps, a permis d&rsquo;acqu\u00e9rir une notori\u00e9t\u00e9 mondiale et de fid\u00e9liser la client\u00e8le, ce qui est rare dans l&rsquo;industrie de la beaut\u00e9.  <\/p><p>Aujourd&rsquo;hui, J\u00e4neke est pr\u00e9sente et appr\u00e9ci\u00e9e sur les march\u00e9s les plus prestigieux et dynamiques du monde : Chine, \u00c9tats-Unis, Br\u00e9sil, Japon, Cor\u00e9e, Singapour, Vietnam, Russie, Ukraine, Australie, Moyen-Orient et dans toute l&rsquo;Union europ\u00e9enne, o\u00f9 nous collaborons avec des partenaires s\u00e9lectionn\u00e9s qui continuent de consolider et de faire cro\u00eetre les ventes.<\/p>\t\t\t\t\t\t\t\t<\/div>\n\t\t\t\t<\/div>\n\t\t\t\t<\/div>\n\t\t<div class=\"elementor-element elementor-element-bab9732 e-con-full e-flex e-con e-parent\" data-id=\"bab9732\" data-element_type=\"container\">\n\t\t<div class=\"elementor-element elementor-element-6e6fcbf e-con-full e-flex e-con e-child\" data-id=\"6e6fcbf\" data-element_type=\"container\">\n\t\t\t\t<div class=\"elementor-element elementor-element-8545f67 elementor-widget elementor-widget-heading\" data-id=\"8545f67\" data-element_type=\"widget\" data-widget_type=\"heading.default\">\n\t\t\t\t\t<p class=\"elementor-heading-title elementor-size-default\">Demandez les catalogues et les informations\npour devenir distributeur exclusif J\u00e4neke<\/p>\t\t\t\t<\/div>\n\t\t\t\t<div class=\"elementor-element elementor-element-269dee6 elementor-widget elementor-widget-text-editor\" data-id=\"269dee6\" data-element_type=\"widget\" data-widget_type=\"text-editor.default\">\n\t\t\t\t\t\t\t\t\t<p>Remplissez le formulaire pour demander le r\u00f4le de distributeur exclusif ou de revendeur officiel, en indiquant :<\/p><ul><li>Nom et pr\u00e9nom<\/li><li>Adresse e-mail<\/li><li>R\u00f4le que vous souhaitez demander<\/li><li>Type d&rsquo;entreprise (ex. grossiste, parfumerie, pharmacie, grande distribution, salon de beaut\u00e9\/coiffeur, etc.)<\/li><li>Pays d&rsquo;int\u00e9r\u00eat pour la distribution<\/li><\/ul>\t\t\t\t\t\t\t\t<\/div>\n\t\t\t\t<div class=\"elementor-element elementor-element-6352ef2 elementor-widget elementor-widget-text-editor\" data-id=\"6352ef2\" data-element_type=\"widget\" data-widget_type=\"text-editor.default\">\n\t\t\t\t\t\t\t\t\t<p>Notre Service Commercial sera ravi de vous recontacter pour vous fournir toutes les informations n\u00e9cessaires et vous envoyer les catalogues officiels J\u00e4neke.<\/p>\t\t\t\t\t\t\t\t<\/div>\n\t\t\t\t<\/div>\n\t\t<div class=\"elementor-element elementor-element-ecfe087 e-con-full e-flex e-con e-child\" data-id=\"ecfe087\" data-element_type=\"container\" data-settings=\"{&quot;background_background&quot;:&quot;classic&quot;}\">\n\t\t\t\t<div class=\"elementor-element elementor-element-7f9aef4 form elementor-button-align-stretch elementor-widget elementor-widget-form\" data-id=\"7f9aef4\" data-element_type=\"widget\" data-settings=\"{&quot;step_next_label&quot;:&quot;Suivant&quot;,&quot;step_previous_label&quot;:&quot;Pr\\u00e9c\\u00e9dent&quot;,&quot;button_width&quot;:&quot;100&quot;,&quot;step_type&quot;:&quot;number_text&quot;,&quot;step_icon_shape&quot;:&quot;circle&quot;}\" data-widget_type=\"form.default\">\n\t\t\t\t\t\t\t<form class=\"elementor-form\" method=\"post\" id=\"distributore\" name=\"Nouveau formulaire\" aria-label=\"Nouveau formulaire\">\n\t\t\t<input type=\"hidden\" name=\"post_id\" value=\"4990\"\/>\n\t\t\t<input type=\"hidden\" name=\"form_id\" value=\"7f9aef4\"\/>\n\t\t\t<input type=\"hidden\" name=\"referer_title\" value=\"J\u00e4neke\" \/>\n\n\t\t\t\n\t\t\t<div class=\"elementor-form-fields-wrapper elementor-labels-\">\n\t\t\t\t\t\t\t\t<div class=\"elementor-field-type-text elementor-field-group elementor-column elementor-field-group-field_a4ba3d5 elementor-col-100\">\n\t\t\t\t\t\t\t\t\t\t\t\t<label for=\"form-field-field_a4ba3d5\" class=\"elementor-field-label elementor-screen-only\">\n\t\t\t\t\t\t\t\tNom et Pr\u00e9nom\t\t\t\t\t\t\t<\/label>\n\t\t\t\t\t\t\t\t\t\t\t\t\t\t<input size=\"1\" type=\"text\" name=\"form_fields[field_a4ba3d5]\" id=\"form-field-field_a4ba3d5\" class=\"elementor-field elementor-size-sm  elementor-field-textual\" placeholder=\"Nom et Pr\u00e9nom\">\n\t\t\t\t\t\t\t\t\t\t\t<\/div>\n\t\t\t\t\t\t\t\t<div class=\"elementor-field-type-email elementor-field-group elementor-column elementor-field-group-email elementor-col-100 elementor-field-required\">\n\t\t\t\t\t\t\t\t\t\t\t\t<label for=\"form-field-email\" class=\"elementor-field-label elementor-screen-only\">\n\t\t\t\t\t\t\t\tE-mail\t\t\t\t\t\t\t<\/label>\n\t\t\t\t\t\t\t\t\t\t\t\t\t\t<input size=\"1\" type=\"email\" name=\"form_fields[email]\" id=\"form-field-email\" class=\"elementor-field elementor-size-sm  elementor-field-textual\" placeholder=\"Adresse e-mail \" required=\"required\">\n\t\t\t\t\t\t\t\t\t\t\t<\/div>\n\t\t\t\t\t\t\t\t<div class=\"elementor-field-type-tel elementor-field-group elementor-column elementor-field-group-field_509909b elementor-col-100 elementor-field-required\">\n\t\t\t\t\t\t\t\t\t\t\t\t<label for=\"form-field-field_509909b\" class=\"elementor-field-label elementor-screen-only\">\n\t\t\t\t\t\t\t\tT\u00e9l\u00e9phone\t\t\t\t\t\t\t<\/label>\n\t\t\t\t\t\t\t\t<input size=\"1\" type=\"tel\" name=\"form_fields[field_509909b]\" id=\"form-field-field_509909b\" class=\"elementor-field elementor-size-sm  elementor-field-textual\" placeholder=\"Num\u00e9ro de t\u00e9l\u00e9phone\" required=\"required\" pattern=\"[0-9()#&amp;+*-=.]+\" title=\"Seuls les caract\u00e8res de num\u00e9ros de t\u00e9l\u00e9phone (#, -, *, etc.) sont accept\u00e9s.\">\n\n\t\t\t\t\t\t<\/div>\n\t\t\t\t\t\t\t\t<div class=\"elementor-field-type-html elementor-field-group elementor-column elementor-field-group-field_9594da9 elementor-col-40\">\n\t\t\t\t\tJe demande \u00e0 jouer le r\u00f4le de\t\t\t\t<\/div>\n\t\t\t\t\t\t\t\t<div class=\"elementor-field-type-checkbox elementor-field-group elementor-column elementor-field-group-field_b37a36f elementor-col-60\">\n\t\t\t\t\t<div class=\"elementor-field-subgroup  \"><span class=\"elementor-field-option\"><input type=\"checkbox\" value=\"Distributeur exclusif\" id=\"form-field-field_b37a36f-0\" name=\"form_fields[field_b37a36f][]\"> <label for=\"form-field-field_b37a36f-0\">Distributeur exclusif<\/label><\/span><span class=\"elementor-field-option\"><input type=\"checkbox\" value=\"Revendeur officiel\" id=\"form-field-field_b37a36f-1\" name=\"form_fields[field_b37a36f][]\"> <label for=\"form-field-field_b37a36f-1\">Revendeur officiel<\/label><\/span><span class=\"elementor-field-option\"><input type=\"checkbox\" value=\"Autre\" id=\"form-field-field_b37a36f-2\" name=\"form_fields[field_b37a36f][]\"> <label for=\"form-field-field_b37a36f-2\">Autre<\/label><\/span><\/div>\t\t\t\t<\/div>\n\t\t\t\t\t\t\t\t<div class=\"elementor-field-type-html elementor-field-group elementor-column elementor-field-group-field_9d1c57a elementor-col-40\">\n\t\t\t\t\tType d'entreprise\t\t\t\t<\/div>\n\t\t\t\t\t\t\t\t<div class=\"elementor-field-type-select elementor-field-group elementor-column elementor-field-group-field_1019e43 elementor-col-60\">\n\t\t\t\t\t\t\t\t\t\t\t\t<label for=\"form-field-field_1019e43\" class=\"elementor-field-label elementor-screen-only\">\n\t\t\t\t\t\t\t\tEntreprise\t\t\t\t\t\t\t<\/label>\n\t\t\t\t\t\t\t\t<div class=\"elementor-field elementor-select-wrapper remove-before \">\n\t\t\t<div class=\"select-caret-down-wrapper\">\n\t\t\t\t<svg aria-hidden=\"true\" class=\"e-font-icon-svg e-eicon-caret-down\" viewBox=\"0 0 571.4 571.4\" xmlns=\"http:\/\/www.w3.org\/2000\/svg\"><path d=\"M571 393Q571 407 561 418L311 668Q300 679 286 679T261 668L11 418Q0 407 0 393T11 368 36 357H536Q550 357 561 368T571 393Z\"><\/path><\/svg>\t\t\t<\/div>\n\t\t\t<select name=\"form_fields[field_1019e43]\" id=\"form-field-field_1019e43\" class=\"elementor-field-textual elementor-size-sm\">\n\t\t\t\t\t\t\t\t\t<option value=\"--\">--<\/option>\n\t\t\t\t\t\t\t\t\t<option value=\"Grossiste\">Grossiste<\/option>\n\t\t\t\t\t\t\t\t\t<option value=\"Parfumerie\">Parfumerie<\/option>\n\t\t\t\t\t\t\t\t\t<option value=\"Magasin g\u00e9n\u00e9raliste\">Magasin g\u00e9n\u00e9raliste<\/option>\n\t\t\t\t\t\t\t\t\t<option value=\"Pharmacie\">Pharmacie<\/option>\n\t\t\t\t\t\t\t\t\t<option value=\"Grande distribution\">Grande distribution<\/option>\n\t\t\t\t\t\t\t\t\t<option value=\"Salon de beaut\u00e9\">Salon de beaut\u00e9<\/option>\n\t\t\t\t\t\t\t\t\t<option value=\"Coiffeur\">Coiffeur<\/option>\n\t\t\t\t\t\t\t\t\t<option value=\"Autre\">Autre<\/option>\n\t\t\t\t\t\t\t<\/select>\n\t\t<\/div>\n\t\t\t\t\t\t<\/div>\n\t\t\t\t\t\t\t\t<div class=\"elementor-field-type-text elementor-field-group elementor-column elementor-field-group-name elementor-col-100\">\n\t\t\t\t\t\t\t\t\t\t\t\t<label for=\"form-field-name\" class=\"elementor-field-label elementor-screen-only\">\n\t\t\t\t\t\t\t\tPays dans lequel vous souhaiteriez distribuer\t\t\t\t\t\t\t<\/label>\n\t\t\t\t\t\t\t\t\t\t\t\t\t\t<input size=\"1\" type=\"text\" name=\"form_fields[name]\" id=\"form-field-name\" class=\"elementor-field elementor-size-sm  elementor-field-textual\" placeholder=\"Pays dans lequel vous souhaiteriez distribuer\">\n\t\t\t\t\t\t\t\t\t\t\t<\/div>\n\t\t\t\t\t\t\t\t<div class=\"elementor-field-type-textarea elementor-field-group elementor-column elementor-field-group-message elementor-col-100\">\n\t\t\t\t\t\t\t\t\t\t\t\t<label for=\"form-field-message\" class=\"elementor-field-label elementor-screen-only\">\n\t\t\t\t\t\t\t\tMessage\t\t\t\t\t\t\t<\/label>\n\t\t\t\t\t\t<textarea class=\"elementor-field-textual elementor-field  elementor-size-sm\" name=\"form_fields[message]\" id=\"form-field-message\" rows=\"4\" placeholder=\"\u00c9crivez ici votre message\"><\/textarea>\t\t\t\t<\/div>\n\t\t\t\t\t\t\t\t<div class=\"elementor-field-type-acceptance elementor-field-group elementor-column elementor-field-group-field_ebd817b elementor-col-100\">\n\t\t\t\t\t\t\t\t\t\t\t\t<label for=\"form-field-field_ebd817b\" class=\"elementor-field-label elementor-screen-only\">\n\t\t\t\t\t\t\t\tRGPD\t\t\t\t\t\t\t<\/label>\n\t\t\t\t\t\t\t\t<div class=\"elementor-field-subgroup\">\n\t\t\t<span class=\"elementor-field-option\">\n\t\t\t\t<input type=\"checkbox\" name=\"form_fields[field_ebd817b]\" id=\"form-field-field_ebd817b\" class=\"elementor-field elementor-size-sm  elementor-acceptance-field\">\n\t\t\t\t<label for=\"form-field-field_ebd817b\"> J'ai lu les informations et j'accepte les conditions relatives au traitement des donn\u00e9es telles qu'elles sont \u00e9nonc\u00e9es dans la <a href=\"https:\/\/app.legalblink.it\/api\/documents\/697778389759e00029753e64\/privacy-policy-per-siti-web-o-e-commerce-fr\" target=\"_blank\"> politique de confidentialit\u00e9.<\/a><\/label>\t\t\t<\/span>\n\t\t<\/div>\n\t\t\t\t\t\t<\/div>\n\t\t\t\t\t\t\t\t<div class=\"elementor-field-group elementor-column elementor-field-type-submit elementor-col-100 e-form__buttons\">\n\t\t\t\t\t<button class=\"elementor-button elementor-size-sm\" type=\"submit\">\n\t\t\t\t\t\t<span class=\"elementor-button-content-wrapper\">\n\t\t\t\t\t\t\t\t\t\t\t\t\t\t\t\t\t\t\t\t\t\t<span class=\"elementor-button-text\">Envoyer la demande<\/span>\n\t\t\t\t\t\t\t\t\t\t\t\t\t<\/span>\n\t\t\t\t\t<\/button>\n\t\t\t\t<\/div>\n\t\t\t<\/div>\n\t\t<\/form>\n\t\t\t\t\t\t<\/div>\n\t\t\t\t<\/div>\n\t\t\t\t<\/div>\n\t\t\t\t<\/div>\n\t\t","protected":false},"excerpt":{"rendered":"<p>Devenez distributeur Proposez la gamme compl\u00e8te J\u00e4neke et la meilleure brosse du monde Depuis pr\u00e8s de 200 ans, J\u00e4neke est synonyme d&rsquo;artisanat italien, de cr\u00e9ativit\u00e9 et d&rsquo;innovation. Chaque produit est fabriqu\u00e9 strictement \u00e0 la main en Italie, avec une attention m\u00e9ticuleuse au design, aux d\u00e9tails et \u00e0 la s\u00e9lection des mat\u00e9riaux de la plus haute [&hellip;]<\/p>\n","protected":false},"author":1,"featured_media":0,"parent":0,"menu_order":0,"comment_status":"closed","ping_status":"closed","template":"elementor_header_footer","meta":{"footnotes":""},"class_list":["post-4990","page","type-page","status-publish","hentry"],"yoast_head":"<!-- This site is optimized with the Yoast SEO plugin v27.5 - https:\/\/yoast.com\/product\/yoast-seo-wordpress\/ -->\n<title>Devenez distributeur exclusif - J\u00e4neke 1830<\/title>\n<meta name=\"description\" content=\"Rejoignez J\u00e4neke et devenez un distributeur exclusif. Distribuez les brosses et accessoires Made in Italy dans le monde entier. Contactez nous !\" \/>\n<meta name=\"robots\" content=\"index, follow, max-snippet:-1, max-image-preview:large, max-video-preview:-1\" \/>\n<link rel=\"canonical\" href=\"https:\/\/janeke1830.it\/diventa-distributore\/\" \/>\n<meta property=\"og:locale\" content=\"fr_FR\" \/>\n<meta property=\"og:type\" content=\"article\" \/>\n<meta property=\"og:title\" content=\"Devenez distributeur exclusif - J\u00e4neke 1830\" \/>\n<meta property=\"og:description\" content=\"Rejoignez J\u00e4neke et devenez un distributeur exclusif. Distribuez les brosses et accessoires Made in Italy dans le monde entier. Contactez nous !\" \/>\n<meta property=\"og:url\" content=\"https:\/\/janeke1830.it\/diventa-distributore\/\" \/>\n<meta property=\"og:site_name\" content=\"J\u00e4neke\" \/>\n<meta property=\"article:publisher\" content=\"https:\/\/www.facebook.com\/janeke1830\" \/>\n<meta property=\"article:modified_time\" content=\"2026-04-10T12:27:29+00:00\" \/>\n<meta name=\"twitter:card\" content=\"summary_large_image\" \/>\n<meta name=\"twitter:label1\" content=\"Dur\u00e9e de lecture estim\u00e9e\" \/>\n\t<meta name=\"twitter:data1\" content=\"1 minute\" \/>\n<script type=\"application\/ld+json\" class=\"yoast-schema-graph\">{\"@context\":\"https:\\\/\\\/schema.org\",\"@graph\":[{\"@type\":\"WebPage\",\"@id\":\"https:\\\/\\\/janeke1830.it\\\/diventa-distributore\\\/\",\"url\":\"https:\\\/\\\/janeke1830.it\\\/diventa-distributore\\\/\",\"name\":\"Devenez distributeur exclusif - J\u00e4neke 1830\",\"isPartOf\":{\"@id\":\"https:\\\/\\\/janeke1830.it\\\/#website\"},\"datePublished\":\"2026-01-23T11:26:32+00:00\",\"dateModified\":\"2026-04-10T12:27:29+00:00\",\"description\":\"Rejoignez J\u00e4neke et devenez un distributeur exclusif. Distribuez les brosses et accessoires Made in Italy dans le monde entier. Contactez nous !\",\"breadcrumb\":{\"@id\":\"https:\\\/\\\/janeke1830.it\\\/diventa-distributore\\\/#breadcrumb\"},\"inLanguage\":\"fr-FR\",\"potentialAction\":[{\"@type\":\"ReadAction\",\"target\":[\"https:\\\/\\\/janeke1830.it\\\/diventa-distributore\\\/\"]}]},{\"@type\":\"BreadcrumbList\",\"@id\":\"https:\\\/\\\/janeke1830.it\\\/diventa-distributore\\\/#breadcrumb\",\"itemListElement\":[{\"@type\":\"ListItem\",\"position\":1,\"name\":\"Home\",\"item\":\"https:\\\/\\\/janeke1830.it\\\/\"},{\"@type\":\"ListItem\",\"position\":2,\"name\":\"Devenez distributeur\"}]},{\"@type\":\"WebSite\",\"@id\":\"https:\\\/\\\/janeke1830.it\\\/#website\",\"url\":\"https:\\\/\\\/janeke1830.it\\\/\",\"name\":\"J\u00e4neke 1830\",\"description\":\"\",\"publisher\":{\"@id\":\"https:\\\/\\\/janeke1830.it\\\/#organization\"},\"potentialAction\":[{\"@type\":\"SearchAction\",\"target\":{\"@type\":\"EntryPoint\",\"urlTemplate\":\"https:\\\/\\\/janeke1830.it\\\/?s={search_term_string}\"},\"query-input\":{\"@type\":\"PropertyValueSpecification\",\"valueRequired\":true,\"valueName\":\"search_term_string\"}}],\"inLanguage\":\"fr-FR\"},{\"@type\":\"Organization\",\"@id\":\"https:\\\/\\\/janeke1830.it\\\/#organization\",\"name\":\"J\u00e4neke 1830\",\"url\":\"https:\\\/\\\/janeke1830.it\\\/\",\"logo\":{\"@type\":\"ImageObject\",\"inLanguage\":\"fr-FR\",\"@id\":\"https:\\\/\\\/janeke1830.it\\\/#\\\/schema\\\/logo\\\/image\\\/\",\"url\":\"https:\\\/\\\/janeke1830.it\\\/wp-content\\\/uploads\\\/2025\\\/12\\\/logo-nero-janeke.png\",\"contentUrl\":\"https:\\\/\\\/janeke1830.it\\\/wp-content\\\/uploads\\\/2025\\\/12\\\/logo-nero-janeke.png\",\"width\":1824,\"height\":829,\"caption\":\"J\u00e4neke 1830\"},\"image\":{\"@id\":\"https:\\\/\\\/janeke1830.it\\\/#\\\/schema\\\/logo\\\/image\\\/\"},\"sameAs\":[\"https:\\\/\\\/www.facebook.com\\\/janeke1830\",\"https:\\\/\\\/www.instagram.com\\\/janeke1830official\",\"https:\\\/\\\/www.linkedin.com\\\/company\\\/giorgio-janeke-s-r-l-\\\/\"]}]}<\/script>\n<!-- \/ Yoast SEO plugin. -->","yoast_head_json":{"title":"Devenez distributeur exclusif - J\u00e4neke 1830","description":"Rejoignez J\u00e4neke et devenez un distributeur exclusif. Distribuez les brosses et accessoires Made in Italy dans le monde entier. Contactez nous !","robots":{"index":"index","follow":"follow","max-snippet":"max-snippet:-1","max-image-preview":"max-image-preview:large","max-video-preview":"max-video-preview:-1"},"canonical":"https:\/\/janeke1830.it\/diventa-distributore\/","og_locale":"fr_FR","og_type":"article","og_title":"Devenez distributeur exclusif - J\u00e4neke 1830","og_description":"Rejoignez J\u00e4neke et devenez un distributeur exclusif. Distribuez les brosses et accessoires Made in Italy dans le monde entier. Contactez nous !","og_url":"https:\/\/janeke1830.it\/diventa-distributore\/","og_site_name":"J\u00e4neke","article_publisher":"https:\/\/www.facebook.com\/janeke1830","article_modified_time":"2026-04-10T12:27:29+00:00","twitter_card":"summary_large_image","twitter_misc":{"Dur\u00e9e de lecture estim\u00e9e":"1 minute"},"schema":{"@context":"https:\/\/schema.org","@graph":[{"@type":"WebPage","@id":"https:\/\/janeke1830.it\/diventa-distributore\/","url":"https:\/\/janeke1830.it\/diventa-distributore\/","name":"Devenez distributeur exclusif - J\u00e4neke 1830","isPartOf":{"@id":"https:\/\/janeke1830.it\/#website"},"datePublished":"2026-01-23T11:26:32+00:00","dateModified":"2026-04-10T12:27:29+00:00","description":"Rejoignez J\u00e4neke et devenez un distributeur exclusif. Distribuez les brosses et accessoires Made in Italy dans le monde entier. Contactez nous !","breadcrumb":{"@id":"https:\/\/janeke1830.it\/diventa-distributore\/#breadcrumb"},"inLanguage":"fr-FR","potentialAction":[{"@type":"ReadAction","target":["https:\/\/janeke1830.it\/diventa-distributore\/"]}]},{"@type":"BreadcrumbList","@id":"https:\/\/janeke1830.it\/diventa-distributore\/#breadcrumb","itemListElement":[{"@type":"ListItem","position":1,"name":"Home","item":"https:\/\/janeke1830.it\/"},{"@type":"ListItem","position":2,"name":"Devenez distributeur"}]},{"@type":"WebSite","@id":"https:\/\/janeke1830.it\/#website","url":"https:\/\/janeke1830.it\/","name":"J\u00e4neke 1830","description":"","publisher":{"@id":"https:\/\/janeke1830.it\/#organization"},"potentialAction":[{"@type":"SearchAction","target":{"@type":"EntryPoint","urlTemplate":"https:\/\/janeke1830.it\/?s={search_term_string}"},"query-input":{"@type":"PropertyValueSpecification","valueRequired":true,"valueName":"search_term_string"}}],"inLanguage":"fr-FR"},{"@type":"Organization","@id":"https:\/\/janeke1830.it\/#organization","name":"J\u00e4neke 1830","url":"https:\/\/janeke1830.it\/","logo":{"@type":"ImageObject","inLanguage":"fr-FR","@id":"https:\/\/janeke1830.it\/#\/schema\/logo\/image\/","url":"https:\/\/janeke1830.it\/wp-content\/uploads\/2025\/12\/logo-nero-janeke.png","contentUrl":"https:\/\/janeke1830.it\/wp-content\/uploads\/2025\/12\/logo-nero-janeke.png","width":1824,"height":829,"caption":"J\u00e4neke 1830"},"image":{"@id":"https:\/\/janeke1830.it\/#\/schema\/logo\/image\/"},"sameAs":["https:\/\/www.facebook.com\/janeke1830","https:\/\/www.instagram.com\/janeke1830official","https:\/\/www.linkedin.com\/company\/giorgio-janeke-s-r-l-\/"]}]}},"_links":{"self":[{"href":"https:\/\/janeke1830.it\/fr\/wp-json\/wp\/v2\/pages\/4990","targetHints":{"allow":["GET"]}}],"collection":[{"href":"https:\/\/janeke1830.it\/fr\/wp-json\/wp\/v2\/pages"}],"about":[{"href":"https:\/\/janeke1830.it\/fr\/wp-json\/wp\/v2\/types\/page"}],"author":[{"embeddable":true,"href":"https:\/\/janeke1830.it\/fr\/wp-json\/wp\/v2\/users\/1"}],"replies":[{"embeddable":true,"href":"https:\/\/janeke1830.it\/fr\/wp-json\/wp\/v2\/comments?post=4990"}],"version-history":[{"count":10,"href":"https:\/\/janeke1830.it\/fr\/wp-json\/wp\/v2\/pages\/4990\/revisions"}],"predecessor-version":[{"id":13486,"href":"https:\/\/janeke1830.it\/fr\/wp-json\/wp\/v2\/pages\/4990\/revisions\/13486"}],"wp:attachment":[{"href":"https:\/\/janeke1830.it\/fr\/wp-json\/wp\/v2\/media?parent=4990"}],"curies":[{"name":"wp","href":"https:\/\/api.w.org\/{rel}","templated":true}]}}