{"id":4809,"date":"2025-12-02T16:25:53","date_gmt":"2025-12-02T15:25:53","guid":{"rendered":"https:\/\/janeke1830.it\/prodotto\/peine-de-pua-ancha-de-carbono\/"},"modified":"2026-03-03T11:47:28","modified_gmt":"2026-03-03T10:47:28","slug":"peine-de-pua-ancha-de-carbono","status":"publish","type":"product","link":"https:\/\/janeke1830.it\/es\/prodotto\/peine-de-pua-ancha-de-carbono\/","title":{"rendered":"Peine de p\u00faa ancha de carbono"},"content":{"rendered":"","protected":false},"excerpt":{"rendered":"<p><em>21 cm<\/em><\/p>\n<p>Peine profesional de p\u00faa fabricado en material irrompible y resistente al calor. Ideal para trabajos t\u00e9cnicos como los de coloraci\u00f3n, como las mechas balayage. <\/p>\n","protected":false},"featured_media":4812,"comment_status":"closed","ping_status":"closed","template":"","meta":[],"product_brand":[828],"product_cat":[596],"product_tag":[726,727],"class_list":{"0":"post-4809","1":"product","2":"type-product","3":"status-publish","4":"has-post-thumbnail","6":"product_brand-professional","7":"product_cat-peines","8":"product_tag-carbono","9":"product_tag-peines-profesionales","11":"first","12":"instock","13":"shipping-taxable","14":"purchasable","15":"product-type-simple"},"yoast_head":"<!-- This site is optimized with the Yoast SEO plugin v27.1.1 - https:\/\/yoast.com\/product\/yoast-seo-wordpress\/ -->\n<title>Peine grueso de carbono J\u00e4neke - Para colorear<\/title>\n<meta name=\"description\" content=\"Perfecto para las mechas de arce, el Peine de Cola Gruesa de Carbono J\u00e4neke es irrompible y resistente al calor. C\u00f3mpralo ahora\" \/>\n<meta name=\"robots\" content=\"index, follow, max-snippet:-1, max-image-preview:large, max-video-preview:-1\" \/>\n<link rel=\"canonical\" href=\"https:\/\/janeke1830.it\/es\/prodotto\/peine-de-pua-ancha-de-carbono\/\" \/>\n<meta property=\"og:locale\" content=\"es_ES\" \/>\n<meta property=\"og:type\" content=\"article\" \/>\n<meta property=\"og:title\" content=\"Peine grueso de carbono J\u00e4neke - Para colorear\" \/>\n<meta property=\"og:description\" content=\"Perfecto para las mechas de arce, el Peine de Cola Gruesa de Carbono J\u00e4neke es irrompible y resistente al calor. C\u00f3mpralo ahora\" \/>\n<meta property=\"og:url\" content=\"https:\/\/janeke1830.it\/es\/prodotto\/peine-de-pua-ancha-de-carbono\/\" \/>\n<meta property=\"og:site_name\" content=\"J\u00e4neke\" \/>\n<meta property=\"article:publisher\" content=\"https:\/\/www.facebook.com\/janeke1830\" \/>\n<meta property=\"article:modified_time\" content=\"2026-03-03T10:47:28+00:00\" \/>\n<meta property=\"og:image\" content=\"https:\/\/janeke1830.it\/wp-content\/uploads\/2026\/01\/55820.png\" \/>\n\t<meta property=\"og:image:width\" content=\"1024\" \/>\n\t<meta property=\"og:image:height\" content=\"1024\" \/>\n\t<meta property=\"og:image:type\" content=\"image\/png\" \/>\n<meta name=\"twitter:card\" content=\"summary_large_image\" \/>\n<script type=\"application\/ld+json\" class=\"yoast-schema-graph\">{\"@context\":\"https:\/\/schema.org\",\"@graph\":[{\"@type\":\"WebPage\",\"@id\":\"https:\/\/janeke1830.it\/es\/prodotto\/peine-de-pua-ancha-de-carbono\/\",\"url\":\"https:\/\/janeke1830.it\/es\/prodotto\/peine-de-pua-ancha-de-carbono\/\",\"name\":\"Peine grueso de carbono J\u00e4neke - Para colorear\",\"isPartOf\":{\"@id\":\"https:\/\/janeke1830.it\/#website\"},\"primaryImageOfPage\":{\"@id\":\"https:\/\/janeke1830.it\/es\/prodotto\/peine-de-pua-ancha-de-carbono\/#primaryimage\"},\"image\":{\"@id\":\"https:\/\/janeke1830.it\/es\/prodotto\/peine-de-pua-ancha-de-carbono\/#primaryimage\"},\"thumbnailUrl\":\"https:\/\/janeke1830.it\/wp-content\/uploads\/2026\/01\/pettine-coda-grossa-carbonio-55820.png\",\"datePublished\":\"2025-12-02T15:25:53+00:00\",\"dateModified\":\"2026-03-03T10:47:28+00:00\",\"description\":\"Perfecto para las mechas de arce, el Peine de Cola Gruesa de Carbono J\u00e4neke es irrompible y resistente al calor. C\u00f3mpralo ahora\",\"breadcrumb\":{\"@id\":\"https:\/\/janeke1830.it\/es\/prodotto\/peine-de-pua-ancha-de-carbono\/#breadcrumb\"},\"inLanguage\":\"es\",\"potentialAction\":[{\"@type\":\"ReadAction\",\"target\":[\"https:\/\/janeke1830.it\/es\/prodotto\/peine-de-pua-ancha-de-carbono\/\"]}]},{\"@type\":\"ImageObject\",\"inLanguage\":\"es\",\"@id\":\"https:\/\/janeke1830.it\/es\/prodotto\/peine-de-pua-ancha-de-carbono\/#primaryimage\",\"url\":\"https:\/\/janeke1830.it\/wp-content\/uploads\/2026\/01\/pettine-coda-grossa-carbonio-55820.png\",\"contentUrl\":\"https:\/\/janeke1830.it\/wp-content\/uploads\/2026\/01\/pettine-coda-grossa-carbonio-55820.png\",\"width\":1024,\"height\":1024,\"caption\":\"Pettine a coda grossa in carbonio J\u00e4neke infrangibile per colorazioni\"},{\"@type\":\"BreadcrumbList\",\"@id\":\"https:\/\/janeke1830.it\/es\/prodotto\/peine-de-pua-ancha-de-carbono\/#breadcrumb\",\"itemListElement\":[{\"@type\":\"ListItem\",\"position\":1,\"name\":\"Home\",\"item\":\"https:\/\/janeke1830.it\/\"},{\"@type\":\"ListItem\",\"position\":2,\"name\":\"Tienda\",\"item\":\"https:\/\/janeke1830.it\/es\/tienda\/\"},{\"@type\":\"ListItem\",\"position\":3,\"name\":\"Peine de p\u00faa ancha de carbono\"}]},{\"@type\":\"WebSite\",\"@id\":\"https:\/\/janeke1830.it\/#website\",\"url\":\"https:\/\/janeke1830.it\/\",\"name\":\"J\u00e4neke 1830\",\"description\":\"\",\"publisher\":{\"@id\":\"https:\/\/janeke1830.it\/#organization\"},\"potentialAction\":[{\"@type\":\"SearchAction\",\"target\":{\"@type\":\"EntryPoint\",\"urlTemplate\":\"https:\/\/janeke1830.it\/?s={search_term_string}\"},\"query-input\":{\"@type\":\"PropertyValueSpecification\",\"valueRequired\":true,\"valueName\":\"search_term_string\"}}],\"inLanguage\":\"es\"},{\"@type\":\"Organization\",\"@id\":\"https:\/\/janeke1830.it\/#organization\",\"name\":\"J\u00e4neke 1830\",\"url\":\"https:\/\/janeke1830.it\/\",\"logo\":{\"@type\":\"ImageObject\",\"inLanguage\":\"es\",\"@id\":\"https:\/\/janeke1830.it\/#\/schema\/logo\/image\/\",\"url\":\"https:\/\/janeke1830.it\/wp-content\/uploads\/2025\/12\/logo-nero-janeke.png\",\"contentUrl\":\"https:\/\/janeke1830.it\/wp-content\/uploads\/2025\/12\/logo-nero-janeke.png\",\"width\":1824,\"height\":829,\"caption\":\"J\u00e4neke 1830\"},\"image\":{\"@id\":\"https:\/\/janeke1830.it\/#\/schema\/logo\/image\/\"},\"sameAs\":[\"https:\/\/www.facebook.com\/janeke1830\",\"https:\/\/www.instagram.com\/janeke1830official\",\"https:\/\/www.linkedin.com\/company\/giorgio-janeke-s-r-l-\/\"]}]}<\/script>\n<!-- \/ Yoast SEO plugin. -->","yoast_head_json":{"title":"Peine grueso de carbono J\u00e4neke - Para colorear","description":"Perfecto para las mechas de arce, el Peine de Cola Gruesa de Carbono J\u00e4neke es irrompible y resistente al calor. C\u00f3mpralo ahora","robots":{"index":"index","follow":"follow","max-snippet":"max-snippet:-1","max-image-preview":"max-image-preview:large","max-video-preview":"max-video-preview:-1"},"canonical":"https:\/\/janeke1830.it\/es\/prodotto\/peine-de-pua-ancha-de-carbono\/","og_locale":"es_ES","og_type":"article","og_title":"Peine grueso de carbono J\u00e4neke - Para colorear","og_description":"Perfecto para las mechas de arce, el Peine de Cola Gruesa de Carbono J\u00e4neke es irrompible y resistente al calor. C\u00f3mpralo ahora","og_url":"https:\/\/janeke1830.it\/es\/prodotto\/peine-de-pua-ancha-de-carbono\/","og_site_name":"J\u00e4neke","article_publisher":"https:\/\/www.facebook.com\/janeke1830","article_modified_time":"2026-03-03T10:47:28+00:00","og_image":[{"width":1024,"height":1024,"url":"https:\/\/janeke1830.it\/wp-content\/uploads\/2026\/01\/55820.png","type":"image\/png"}],"twitter_card":"summary_large_image","schema":{"@context":"https:\/\/schema.org","@graph":[{"@type":"WebPage","@id":"https:\/\/janeke1830.it\/es\/prodotto\/peine-de-pua-ancha-de-carbono\/","url":"https:\/\/janeke1830.it\/es\/prodotto\/peine-de-pua-ancha-de-carbono\/","name":"Peine grueso de carbono J\u00e4neke - Para colorear","isPartOf":{"@id":"https:\/\/janeke1830.it\/#website"},"primaryImageOfPage":{"@id":"https:\/\/janeke1830.it\/es\/prodotto\/peine-de-pua-ancha-de-carbono\/#primaryimage"},"image":{"@id":"https:\/\/janeke1830.it\/es\/prodotto\/peine-de-pua-ancha-de-carbono\/#primaryimage"},"thumbnailUrl":"https:\/\/janeke1830.it\/wp-content\/uploads\/2026\/01\/pettine-coda-grossa-carbonio-55820.png","datePublished":"2025-12-02T15:25:53+00:00","dateModified":"2026-03-03T10:47:28+00:00","description":"Perfecto para las mechas de arce, el Peine de Cola Gruesa de Carbono J\u00e4neke es irrompible y resistente al calor. C\u00f3mpralo ahora","breadcrumb":{"@id":"https:\/\/janeke1830.it\/es\/prodotto\/peine-de-pua-ancha-de-carbono\/#breadcrumb"},"inLanguage":"es","potentialAction":[{"@type":"ReadAction","target":["https:\/\/janeke1830.it\/es\/prodotto\/peine-de-pua-ancha-de-carbono\/"]}]},{"@type":"ImageObject","inLanguage":"es","@id":"https:\/\/janeke1830.it\/es\/prodotto\/peine-de-pua-ancha-de-carbono\/#primaryimage","url":"https:\/\/janeke1830.it\/wp-content\/uploads\/2026\/01\/pettine-coda-grossa-carbonio-55820.png","contentUrl":"https:\/\/janeke1830.it\/wp-content\/uploads\/2026\/01\/pettine-coda-grossa-carbonio-55820.png","width":1024,"height":1024,"caption":"Pettine a coda grossa in carbonio J\u00e4neke infrangibile per colorazioni"},{"@type":"BreadcrumbList","@id":"https:\/\/janeke1830.it\/es\/prodotto\/peine-de-pua-ancha-de-carbono\/#breadcrumb","itemListElement":[{"@type":"ListItem","position":1,"name":"Home","item":"https:\/\/janeke1830.it\/"},{"@type":"ListItem","position":2,"name":"Tienda","item":"https:\/\/janeke1830.it\/es\/tienda\/"},{"@type":"ListItem","position":3,"name":"Peine de p\u00faa ancha de carbono"}]},{"@type":"WebSite","@id":"https:\/\/janeke1830.it\/#website","url":"https:\/\/janeke1830.it\/","name":"J\u00e4neke 1830","description":"","publisher":{"@id":"https:\/\/janeke1830.it\/#organization"},"potentialAction":[{"@type":"SearchAction","target":{"@type":"EntryPoint","urlTemplate":"https:\/\/janeke1830.it\/?s={search_term_string}"},"query-input":{"@type":"PropertyValueSpecification","valueRequired":true,"valueName":"search_term_string"}}],"inLanguage":"es"},{"@type":"Organization","@id":"https:\/\/janeke1830.it\/#organization","name":"J\u00e4neke 1830","url":"https:\/\/janeke1830.it\/","logo":{"@type":"ImageObject","inLanguage":"es","@id":"https:\/\/janeke1830.it\/#\/schema\/logo\/image\/","url":"https:\/\/janeke1830.it\/wp-content\/uploads\/2025\/12\/logo-nero-janeke.png","contentUrl":"https:\/\/janeke1830.it\/wp-content\/uploads\/2025\/12\/logo-nero-janeke.png","width":1824,"height":829,"caption":"J\u00e4neke 1830"},"image":{"@id":"https:\/\/janeke1830.it\/#\/schema\/logo\/image\/"},"sameAs":["https:\/\/www.facebook.com\/janeke1830","https:\/\/www.instagram.com\/janeke1830official","https:\/\/www.linkedin.com\/company\/giorgio-janeke-s-r-l-\/"]}]}},"_links":{"self":[{"href":"https:\/\/janeke1830.it\/es\/wp-json\/wp\/v2\/product\/4809","targetHints":{"allow":["GET"]}}],"collection":[{"href":"https:\/\/janeke1830.it\/es\/wp-json\/wp\/v2\/product"}],"about":[{"href":"https:\/\/janeke1830.it\/es\/wp-json\/wp\/v2\/types\/product"}],"replies":[{"embeddable":true,"href":"https:\/\/janeke1830.it\/es\/wp-json\/wp\/v2\/comments?post=4809"}],"wp:featuredmedia":[{"embeddable":true,"href":"https:\/\/janeke1830.it\/es\/wp-json\/wp\/v2\/media\/4812"}],"wp:attachment":[{"href":"https:\/\/janeke1830.it\/es\/wp-json\/wp\/v2\/media?parent=4809"}],"wp:term":[{"taxonomy":"product_brand","embeddable":true,"href":"https:\/\/janeke1830.it\/es\/wp-json\/wp\/v2\/product_brand?post=4809"},{"taxonomy":"product_cat","embeddable":true,"href":"https:\/\/janeke1830.it\/es\/wp-json\/wp\/v2\/product_cat?post=4809"},{"taxonomy":"product_tag","embeddable":true,"href":"https:\/\/janeke1830.it\/es\/wp-json\/wp\/v2\/product_tag?post=4809"}],"curies":[{"name":"wp","href":"https:\/\/api.w.org\/{rel}","templated":true}]}}