{"id":4779,"date":"2025-12-02T09:59:02","date_gmt":"2025-12-02T08:59:02","guid":{"rendered":"https:\/\/janeke1830.it\/prodotto\/peine-de-pua-metalica-negro\/"},"modified":"2026-03-03T11:47:13","modified_gmt":"2026-03-03T10:47:13","slug":"peine-de-pua-metalica-negro","status":"publish","type":"product","link":"https:\/\/janeke1830.it\/es\/prodotto\/peine-de-pua-metalica-negro\/","title":{"rendered":"Peine de p\u00faa met\u00e1lica negro"},"content":{"rendered":"","protected":false},"excerpt":{"rendered":"<p><em>21 cm<\/em><\/p>\n<p>Peine Coiffure de dientes estrechos para peinar y separar las hebras de cabello fino medio-corto. La p\u00faa fina de metal es perfecta para trabajos t\u00e9cnicos de precisi\u00f3n como trazar secciones, la coloraci\u00f3n y las mechas. <\/p>\n","protected":false},"featured_media":4780,"comment_status":"closed","ping_status":"closed","template":"","meta":[],"product_brand":[828],"product_cat":[596],"product_tag":[734,727],"class_list":{"0":"post-4779","1":"product","2":"type-product","3":"status-publish","4":"has-post-thumbnail","6":"product_brand-professional","7":"product_cat-peines","8":"product_tag-negro","9":"product_tag-peines-profesionales","11":"first","12":"instock","13":"shipping-taxable","14":"purchasable","15":"product-type-simple"},"yoast_head":"<!-- This site is optimized with the Yoast SEO plugin v27.1.1 - https:\/\/yoast.com\/product\/yoast-seo-wordpress\/ -->\n<title>Peine de Cola de Metal Negro J\u00e4neke - Precisi\u00f3n y Color<\/title>\n<meta name=\"description\" content=\"Ideal para separar mechones finos y dar color, el Peine de Cola de Metal Negro J\u00e4neke garantiza la m\u00e1xima precisi\u00f3n. C\u00f3mpralo ahora\" \/>\n<meta name=\"robots\" content=\"index, follow, max-snippet:-1, max-image-preview:large, max-video-preview:-1\" \/>\n<link rel=\"canonical\" href=\"https:\/\/janeke1830.it\/es\/prodotto\/peine-de-pua-metalica-negro\/\" \/>\n<meta property=\"og:locale\" content=\"es_ES\" \/>\n<meta property=\"og:type\" content=\"article\" \/>\n<meta property=\"og:title\" content=\"Peine de Cola de Metal Negro J\u00e4neke - Precisi\u00f3n y Color\" \/>\n<meta property=\"og:description\" content=\"Ideal para separar mechones finos y dar color, el Peine de Cola de Metal Negro J\u00e4neke garantiza la m\u00e1xima precisi\u00f3n. C\u00f3mpralo ahora\" \/>\n<meta property=\"og:url\" content=\"https:\/\/janeke1830.it\/es\/prodotto\/peine-de-pua-metalica-negro\/\" \/>\n<meta property=\"og:site_name\" content=\"J\u00e4neke\" \/>\n<meta property=\"article:publisher\" content=\"https:\/\/www.facebook.com\/janeke1830\" \/>\n<meta property=\"article:modified_time\" content=\"2026-03-03T10:47:13+00:00\" \/>\n<meta property=\"og:image\" content=\"https:\/\/janeke1830.it\/wp-content\/uploads\/2026\/01\/57821.png\" \/>\n\t<meta property=\"og:image:width\" content=\"1024\" \/>\n\t<meta property=\"og:image:height\" content=\"1024\" \/>\n\t<meta property=\"og:image:type\" content=\"image\/png\" \/>\n<meta name=\"twitter:card\" content=\"summary_large_image\" \/>\n<script type=\"application\/ld+json\" class=\"yoast-schema-graph\">{\"@context\":\"https:\/\/schema.org\",\"@graph\":[{\"@type\":\"WebPage\",\"@id\":\"https:\/\/janeke1830.it\/es\/prodotto\/peine-de-pua-metalica-negro\/\",\"url\":\"https:\/\/janeke1830.it\/es\/prodotto\/peine-de-pua-metalica-negro\/\",\"name\":\"Peine de Cola de Metal Negro J\u00e4neke - Precisi\u00f3n y Color\",\"isPartOf\":{\"@id\":\"https:\/\/janeke1830.it\/#website\"},\"primaryImageOfPage\":{\"@id\":\"https:\/\/janeke1830.it\/es\/prodotto\/peine-de-pua-metalica-negro\/#primaryimage\"},\"image\":{\"@id\":\"https:\/\/janeke1830.it\/es\/prodotto\/peine-de-pua-metalica-negro\/#primaryimage\"},\"thumbnailUrl\":\"https:\/\/janeke1830.it\/wp-content\/uploads\/2026\/01\/pettine-coda-metallo-nero-57821.png\",\"datePublished\":\"2025-12-02T08:59:02+00:00\",\"dateModified\":\"2026-03-03T10:47:13+00:00\",\"description\":\"Ideal para separar mechones finos y dar color, el Peine de Cola de Metal Negro J\u00e4neke garantiza la m\u00e1xima precisi\u00f3n. C\u00f3mpralo ahora\",\"breadcrumb\":{\"@id\":\"https:\/\/janeke1830.it\/es\/prodotto\/peine-de-pua-metalica-negro\/#breadcrumb\"},\"inLanguage\":\"es\",\"potentialAction\":[{\"@type\":\"ReadAction\",\"target\":[\"https:\/\/janeke1830.it\/es\/prodotto\/peine-de-pua-metalica-negro\/\"]}]},{\"@type\":\"ImageObject\",\"inLanguage\":\"es\",\"@id\":\"https:\/\/janeke1830.it\/es\/prodotto\/peine-de-pua-metalica-negro\/#primaryimage\",\"url\":\"https:\/\/janeke1830.it\/wp-content\/uploads\/2026\/01\/pettine-coda-metallo-nero-57821.png\",\"contentUrl\":\"https:\/\/janeke1830.it\/wp-content\/uploads\/2026\/01\/pettine-coda-metallo-nero-57821.png\",\"width\":1024,\"height\":1024,\"caption\":\"Pettine coda metallo nero J\u00e4neke Coiffure per sezioni precise colorazione\"},{\"@type\":\"BreadcrumbList\",\"@id\":\"https:\/\/janeke1830.it\/es\/prodotto\/peine-de-pua-metalica-negro\/#breadcrumb\",\"itemListElement\":[{\"@type\":\"ListItem\",\"position\":1,\"name\":\"Home\",\"item\":\"https:\/\/janeke1830.it\/\"},{\"@type\":\"ListItem\",\"position\":2,\"name\":\"Tienda\",\"item\":\"https:\/\/janeke1830.it\/es\/tienda\/\"},{\"@type\":\"ListItem\",\"position\":3,\"name\":\"Peine de p\u00faa met\u00e1lica negro\"}]},{\"@type\":\"WebSite\",\"@id\":\"https:\/\/janeke1830.it\/#website\",\"url\":\"https:\/\/janeke1830.it\/\",\"name\":\"J\u00e4neke 1830\",\"description\":\"\",\"publisher\":{\"@id\":\"https:\/\/janeke1830.it\/#organization\"},\"potentialAction\":[{\"@type\":\"SearchAction\",\"target\":{\"@type\":\"EntryPoint\",\"urlTemplate\":\"https:\/\/janeke1830.it\/?s={search_term_string}\"},\"query-input\":{\"@type\":\"PropertyValueSpecification\",\"valueRequired\":true,\"valueName\":\"search_term_string\"}}],\"inLanguage\":\"es\"},{\"@type\":\"Organization\",\"@id\":\"https:\/\/janeke1830.it\/#organization\",\"name\":\"J\u00e4neke 1830\",\"url\":\"https:\/\/janeke1830.it\/\",\"logo\":{\"@type\":\"ImageObject\",\"inLanguage\":\"es\",\"@id\":\"https:\/\/janeke1830.it\/#\/schema\/logo\/image\/\",\"url\":\"https:\/\/janeke1830.it\/wp-content\/uploads\/2025\/12\/logo-nero-janeke.png\",\"contentUrl\":\"https:\/\/janeke1830.it\/wp-content\/uploads\/2025\/12\/logo-nero-janeke.png\",\"width\":1824,\"height\":829,\"caption\":\"J\u00e4neke 1830\"},\"image\":{\"@id\":\"https:\/\/janeke1830.it\/#\/schema\/logo\/image\/\"},\"sameAs\":[\"https:\/\/www.facebook.com\/janeke1830\",\"https:\/\/www.instagram.com\/janeke1830official\",\"https:\/\/www.linkedin.com\/company\/giorgio-janeke-s-r-l-\/\"]}]}<\/script>\n<!-- \/ Yoast SEO plugin. -->","yoast_head_json":{"title":"Peine de Cola de Metal Negro J\u00e4neke - Precisi\u00f3n y Color","description":"Ideal para separar mechones finos y dar color, el Peine de Cola de Metal Negro J\u00e4neke garantiza la m\u00e1xima precisi\u00f3n. C\u00f3mpralo ahora","robots":{"index":"index","follow":"follow","max-snippet":"max-snippet:-1","max-image-preview":"max-image-preview:large","max-video-preview":"max-video-preview:-1"},"canonical":"https:\/\/janeke1830.it\/es\/prodotto\/peine-de-pua-metalica-negro\/","og_locale":"es_ES","og_type":"article","og_title":"Peine de Cola de Metal Negro J\u00e4neke - Precisi\u00f3n y Color","og_description":"Ideal para separar mechones finos y dar color, el Peine de Cola de Metal Negro J\u00e4neke garantiza la m\u00e1xima precisi\u00f3n. C\u00f3mpralo ahora","og_url":"https:\/\/janeke1830.it\/es\/prodotto\/peine-de-pua-metalica-negro\/","og_site_name":"J\u00e4neke","article_publisher":"https:\/\/www.facebook.com\/janeke1830","article_modified_time":"2026-03-03T10:47:13+00:00","og_image":[{"width":1024,"height":1024,"url":"https:\/\/janeke1830.it\/wp-content\/uploads\/2026\/01\/57821.png","type":"image\/png"}],"twitter_card":"summary_large_image","schema":{"@context":"https:\/\/schema.org","@graph":[{"@type":"WebPage","@id":"https:\/\/janeke1830.it\/es\/prodotto\/peine-de-pua-metalica-negro\/","url":"https:\/\/janeke1830.it\/es\/prodotto\/peine-de-pua-metalica-negro\/","name":"Peine de Cola de Metal Negro J\u00e4neke - Precisi\u00f3n y Color","isPartOf":{"@id":"https:\/\/janeke1830.it\/#website"},"primaryImageOfPage":{"@id":"https:\/\/janeke1830.it\/es\/prodotto\/peine-de-pua-metalica-negro\/#primaryimage"},"image":{"@id":"https:\/\/janeke1830.it\/es\/prodotto\/peine-de-pua-metalica-negro\/#primaryimage"},"thumbnailUrl":"https:\/\/janeke1830.it\/wp-content\/uploads\/2026\/01\/pettine-coda-metallo-nero-57821.png","datePublished":"2025-12-02T08:59:02+00:00","dateModified":"2026-03-03T10:47:13+00:00","description":"Ideal para separar mechones finos y dar color, el Peine de Cola de Metal Negro J\u00e4neke garantiza la m\u00e1xima precisi\u00f3n. C\u00f3mpralo ahora","breadcrumb":{"@id":"https:\/\/janeke1830.it\/es\/prodotto\/peine-de-pua-metalica-negro\/#breadcrumb"},"inLanguage":"es","potentialAction":[{"@type":"ReadAction","target":["https:\/\/janeke1830.it\/es\/prodotto\/peine-de-pua-metalica-negro\/"]}]},{"@type":"ImageObject","inLanguage":"es","@id":"https:\/\/janeke1830.it\/es\/prodotto\/peine-de-pua-metalica-negro\/#primaryimage","url":"https:\/\/janeke1830.it\/wp-content\/uploads\/2026\/01\/pettine-coda-metallo-nero-57821.png","contentUrl":"https:\/\/janeke1830.it\/wp-content\/uploads\/2026\/01\/pettine-coda-metallo-nero-57821.png","width":1024,"height":1024,"caption":"Pettine coda metallo nero J\u00e4neke Coiffure per sezioni precise colorazione"},{"@type":"BreadcrumbList","@id":"https:\/\/janeke1830.it\/es\/prodotto\/peine-de-pua-metalica-negro\/#breadcrumb","itemListElement":[{"@type":"ListItem","position":1,"name":"Home","item":"https:\/\/janeke1830.it\/"},{"@type":"ListItem","position":2,"name":"Tienda","item":"https:\/\/janeke1830.it\/es\/tienda\/"},{"@type":"ListItem","position":3,"name":"Peine de p\u00faa met\u00e1lica negro"}]},{"@type":"WebSite","@id":"https:\/\/janeke1830.it\/#website","url":"https:\/\/janeke1830.it\/","name":"J\u00e4neke 1830","description":"","publisher":{"@id":"https:\/\/janeke1830.it\/#organization"},"potentialAction":[{"@type":"SearchAction","target":{"@type":"EntryPoint","urlTemplate":"https:\/\/janeke1830.it\/?s={search_term_string}"},"query-input":{"@type":"PropertyValueSpecification","valueRequired":true,"valueName":"search_term_string"}}],"inLanguage":"es"},{"@type":"Organization","@id":"https:\/\/janeke1830.it\/#organization","name":"J\u00e4neke 1830","url":"https:\/\/janeke1830.it\/","logo":{"@type":"ImageObject","inLanguage":"es","@id":"https:\/\/janeke1830.it\/#\/schema\/logo\/image\/","url":"https:\/\/janeke1830.it\/wp-content\/uploads\/2025\/12\/logo-nero-janeke.png","contentUrl":"https:\/\/janeke1830.it\/wp-content\/uploads\/2025\/12\/logo-nero-janeke.png","width":1824,"height":829,"caption":"J\u00e4neke 1830"},"image":{"@id":"https:\/\/janeke1830.it\/#\/schema\/logo\/image\/"},"sameAs":["https:\/\/www.facebook.com\/janeke1830","https:\/\/www.instagram.com\/janeke1830official","https:\/\/www.linkedin.com\/company\/giorgio-janeke-s-r-l-\/"]}]}},"_links":{"self":[{"href":"https:\/\/janeke1830.it\/es\/wp-json\/wp\/v2\/product\/4779","targetHints":{"allow":["GET"]}}],"collection":[{"href":"https:\/\/janeke1830.it\/es\/wp-json\/wp\/v2\/product"}],"about":[{"href":"https:\/\/janeke1830.it\/es\/wp-json\/wp\/v2\/types\/product"}],"replies":[{"embeddable":true,"href":"https:\/\/janeke1830.it\/es\/wp-json\/wp\/v2\/comments?post=4779"}],"wp:featuredmedia":[{"embeddable":true,"href":"https:\/\/janeke1830.it\/es\/wp-json\/wp\/v2\/media\/4780"}],"wp:attachment":[{"href":"https:\/\/janeke1830.it\/es\/wp-json\/wp\/v2\/media?parent=4779"}],"wp:term":[{"taxonomy":"product_brand","embeddable":true,"href":"https:\/\/janeke1830.it\/es\/wp-json\/wp\/v2\/product_brand?post=4779"},{"taxonomy":"product_cat","embeddable":true,"href":"https:\/\/janeke1830.it\/es\/wp-json\/wp\/v2\/product_cat?post=4779"},{"taxonomy":"product_tag","embeddable":true,"href":"https:\/\/janeke1830.it\/es\/wp-json\/wp\/v2\/product_tag?post=4779"}],"curies":[{"name":"wp","href":"https:\/\/api.w.org\/{rel}","templated":true}]}}