{"id":4367,"date":"2025-11-28T15:10:19","date_gmt":"2025-11-28T14:10:19","guid":{"rendered":"https:\/\/janeke1830.it\/prodotto\/acondicionador-love-is-in-the-air\/"},"modified":"2026-03-03T11:46:26","modified_gmt":"2026-03-03T10:46:26","slug":"acondicionador-love-is-in-the-air","status":"publish","type":"product","link":"https:\/\/janeke1830.it\/es\/prodotto\/acondicionador-love-is-in-the-air\/","title":{"rendered":"Acondicionador \"Love is in the air\""},"content":{"rendered":"","protected":false},"excerpt":{"rendered":"<p>El <strong>acondicionador para el cabello Janeke<\/strong> nutre y desenreda con delicadeza, aportando suavidad y brillo a todo tipo de cabello. Su f\u00f3rmula rica y equilibrada ayuda a reparar las puntas da\u00f1adas, dejando el cabello m\u00e1s sedoso y f\u00e1cil de peinar. Usado regularmente, deja el cabello sano, vital y perfumado, para una belleza natural firmada por Janeke.  <\/p>\n","protected":false},"featured_media":4368,"comment_status":"closed","ping_status":"closed","template":"","meta":[],"product_brand":[809],"product_cat":[768],"product_tag":[769,770],"class_list":{"0":"post-4367","1":"product","2":"type-product","3":"status-publish","4":"has-post-thumbnail","6":"product_brand-everyday","7":"product_cat-cuidado-corporal-y-capilar","8":"product_tag-cuidado-corporal","9":"product_tag-cuidado-del-cabello","11":"first","12":"instock","13":"shipping-taxable","14":"purchasable","15":"product-type-simple"},"yoast_head":"<!-- This site is optimized with the Yoast SEO plugin v27.1.1 - https:\/\/yoast.com\/product\/yoast-seo-wordpress\/ -->\n<title>Acondicionador &quot;El amor est\u00e1 en el aire J\u00e4neke 1830&quot; - Nutrir<\/title>\n<meta name=\"description\" content=\"Consigue suavidad y peinabilidad con el Acondicionador El Amor est\u00e1 en el Aire de J\u00e4neke. Nutritivo, perfumado y suave. \u00a1C\u00f3mpralo ahora!\" \/>\n<meta name=\"robots\" content=\"index, follow, max-snippet:-1, max-image-preview:large, max-video-preview:-1\" \/>\n<link rel=\"canonical\" href=\"https:\/\/janeke1830.it\/es\/prodotto\/acondicionador-love-is-in-the-air\/\" \/>\n<meta property=\"og:locale\" content=\"es_ES\" \/>\n<meta property=\"og:type\" content=\"article\" \/>\n<meta property=\"og:title\" content=\"Acondicionador &quot;El amor est\u00e1 en el aire J\u00e4neke 1830&quot; - Nutrir\" \/>\n<meta property=\"og:description\" content=\"Consigue suavidad y peinabilidad con el Acondicionador El Amor est\u00e1 en el Aire de J\u00e4neke. Nutritivo, perfumado y suave. \u00a1C\u00f3mpralo ahora!\" \/>\n<meta property=\"og:url\" content=\"https:\/\/janeke1830.it\/es\/prodotto\/acondicionador-love-is-in-the-air\/\" \/>\n<meta property=\"og:site_name\" content=\"J\u00e4neke\" \/>\n<meta property=\"article:publisher\" content=\"https:\/\/www.facebook.com\/janeke1830\" \/>\n<meta property=\"article:modified_time\" content=\"2026-03-03T10:46:26+00:00\" \/>\n<meta property=\"og:image\" content=\"https:\/\/janeke1830.it\/wp-content\/uploads\/2025\/12\/conditioner-love.png\" \/>\n\t<meta property=\"og:image:width\" content=\"1024\" \/>\n\t<meta property=\"og:image:height\" content=\"1024\" \/>\n\t<meta property=\"og:image:type\" content=\"image\/png\" \/>\n<meta name=\"twitter:card\" content=\"summary_large_image\" \/>\n<script type=\"application\/ld+json\" class=\"yoast-schema-graph\">{\"@context\":\"https:\/\/schema.org\",\"@graph\":[{\"@type\":\"WebPage\",\"@id\":\"https:\/\/janeke1830.it\/es\/prodotto\/acondicionador-love-is-in-the-air\/\",\"url\":\"https:\/\/janeke1830.it\/es\/prodotto\/acondicionador-love-is-in-the-air\/\",\"name\":\"Acondicionador \\\"El amor est\u00e1 en el aire J\u00e4neke 1830\\\" - Nutrir\",\"isPartOf\":{\"@id\":\"https:\/\/janeke1830.it\/#website\"},\"primaryImageOfPage\":{\"@id\":\"https:\/\/janeke1830.it\/es\/prodotto\/acondicionador-love-is-in-the-air\/#primaryimage\"},\"image\":{\"@id\":\"https:\/\/janeke1830.it\/es\/prodotto\/acondicionador-love-is-in-the-air\/#primaryimage\"},\"thumbnailUrl\":\"https:\/\/janeke1830.it\/wp-content\/uploads\/2025\/12\/conditioner-love-in-air.png\",\"datePublished\":\"2025-11-28T14:10:19+00:00\",\"dateModified\":\"2026-03-03T10:46:26+00:00\",\"description\":\"Consigue suavidad y peinabilidad con el Acondicionador El Amor est\u00e1 en el Aire de J\u00e4neke. Nutritivo, perfumado y suave. \u00a1C\u00f3mpralo ahora!\",\"breadcrumb\":{\"@id\":\"https:\/\/janeke1830.it\/es\/prodotto\/acondicionador-love-is-in-the-air\/#breadcrumb\"},\"inLanguage\":\"es\",\"potentialAction\":[{\"@type\":\"ReadAction\",\"target\":[\"https:\/\/janeke1830.it\/es\/prodotto\/acondicionador-love-is-in-the-air\/\"]}]},{\"@type\":\"ImageObject\",\"inLanguage\":\"es\",\"@id\":\"https:\/\/janeke1830.it\/es\/prodotto\/acondicionador-love-is-in-the-air\/#primaryimage\",\"url\":\"https:\/\/janeke1830.it\/wp-content\/uploads\/2025\/12\/conditioner-love-in-air.png\",\"contentUrl\":\"https:\/\/janeke1830.it\/wp-content\/uploads\/2025\/12\/conditioner-love-in-air.png\",\"width\":1024,\"height\":1024,\"caption\":\"Conditioner Love is in the Air J\u00e4neke nutriente districante lucentezza\"},{\"@type\":\"BreadcrumbList\",\"@id\":\"https:\/\/janeke1830.it\/es\/prodotto\/acondicionador-love-is-in-the-air\/#breadcrumb\",\"itemListElement\":[{\"@type\":\"ListItem\",\"position\":1,\"name\":\"Home\",\"item\":\"https:\/\/janeke1830.it\/\"},{\"@type\":\"ListItem\",\"position\":2,\"name\":\"Tienda\",\"item\":\"https:\/\/janeke1830.it\/es\/tienda\/\"},{\"@type\":\"ListItem\",\"position\":3,\"name\":\"Acondicionador \u00abLove is in the air\u00bb\"}]},{\"@type\":\"WebSite\",\"@id\":\"https:\/\/janeke1830.it\/#website\",\"url\":\"https:\/\/janeke1830.it\/\",\"name\":\"J\u00e4neke 1830\",\"description\":\"\",\"publisher\":{\"@id\":\"https:\/\/janeke1830.it\/#organization\"},\"potentialAction\":[{\"@type\":\"SearchAction\",\"target\":{\"@type\":\"EntryPoint\",\"urlTemplate\":\"https:\/\/janeke1830.it\/?s={search_term_string}\"},\"query-input\":{\"@type\":\"PropertyValueSpecification\",\"valueRequired\":true,\"valueName\":\"search_term_string\"}}],\"inLanguage\":\"es\"},{\"@type\":\"Organization\",\"@id\":\"https:\/\/janeke1830.it\/#organization\",\"name\":\"J\u00e4neke 1830\",\"url\":\"https:\/\/janeke1830.it\/\",\"logo\":{\"@type\":\"ImageObject\",\"inLanguage\":\"es\",\"@id\":\"https:\/\/janeke1830.it\/#\/schema\/logo\/image\/\",\"url\":\"https:\/\/janeke1830.it\/wp-content\/uploads\/2025\/12\/logo-nero-janeke.png\",\"contentUrl\":\"https:\/\/janeke1830.it\/wp-content\/uploads\/2025\/12\/logo-nero-janeke.png\",\"width\":1824,\"height\":829,\"caption\":\"J\u00e4neke 1830\"},\"image\":{\"@id\":\"https:\/\/janeke1830.it\/#\/schema\/logo\/image\/\"},\"sameAs\":[\"https:\/\/www.facebook.com\/janeke1830\",\"https:\/\/www.instagram.com\/janeke1830official\",\"https:\/\/www.linkedin.com\/company\/giorgio-janeke-s-r-l-\/\"]}]}<\/script>\n<!-- \/ Yoast SEO plugin. -->","yoast_head_json":{"title":"Acondicionador \"El amor est\u00e1 en el aire J\u00e4neke 1830\" - Nutrir","description":"Consigue suavidad y peinabilidad con el Acondicionador El Amor est\u00e1 en el Aire de J\u00e4neke. Nutritivo, perfumado y suave. \u00a1C\u00f3mpralo ahora!","robots":{"index":"index","follow":"follow","max-snippet":"max-snippet:-1","max-image-preview":"max-image-preview:large","max-video-preview":"max-video-preview:-1"},"canonical":"https:\/\/janeke1830.it\/es\/prodotto\/acondicionador-love-is-in-the-air\/","og_locale":"es_ES","og_type":"article","og_title":"Acondicionador \"El amor est\u00e1 en el aire J\u00e4neke 1830\" - Nutrir","og_description":"Consigue suavidad y peinabilidad con el Acondicionador El Amor est\u00e1 en el Aire de J\u00e4neke. Nutritivo, perfumado y suave. \u00a1C\u00f3mpralo ahora!","og_url":"https:\/\/janeke1830.it\/es\/prodotto\/acondicionador-love-is-in-the-air\/","og_site_name":"J\u00e4neke","article_publisher":"https:\/\/www.facebook.com\/janeke1830","article_modified_time":"2026-03-03T10:46:26+00:00","og_image":[{"width":1024,"height":1024,"url":"https:\/\/janeke1830.it\/wp-content\/uploads\/2025\/12\/conditioner-love.png","type":"image\/png"}],"twitter_card":"summary_large_image","schema":{"@context":"https:\/\/schema.org","@graph":[{"@type":"WebPage","@id":"https:\/\/janeke1830.it\/es\/prodotto\/acondicionador-love-is-in-the-air\/","url":"https:\/\/janeke1830.it\/es\/prodotto\/acondicionador-love-is-in-the-air\/","name":"Acondicionador \"El amor est\u00e1 en el aire J\u00e4neke 1830\" - Nutrir","isPartOf":{"@id":"https:\/\/janeke1830.it\/#website"},"primaryImageOfPage":{"@id":"https:\/\/janeke1830.it\/es\/prodotto\/acondicionador-love-is-in-the-air\/#primaryimage"},"image":{"@id":"https:\/\/janeke1830.it\/es\/prodotto\/acondicionador-love-is-in-the-air\/#primaryimage"},"thumbnailUrl":"https:\/\/janeke1830.it\/wp-content\/uploads\/2025\/12\/conditioner-love-in-air.png","datePublished":"2025-11-28T14:10:19+00:00","dateModified":"2026-03-03T10:46:26+00:00","description":"Consigue suavidad y peinabilidad con el Acondicionador El Amor est\u00e1 en el Aire de J\u00e4neke. Nutritivo, perfumado y suave. \u00a1C\u00f3mpralo ahora!","breadcrumb":{"@id":"https:\/\/janeke1830.it\/es\/prodotto\/acondicionador-love-is-in-the-air\/#breadcrumb"},"inLanguage":"es","potentialAction":[{"@type":"ReadAction","target":["https:\/\/janeke1830.it\/es\/prodotto\/acondicionador-love-is-in-the-air\/"]}]},{"@type":"ImageObject","inLanguage":"es","@id":"https:\/\/janeke1830.it\/es\/prodotto\/acondicionador-love-is-in-the-air\/#primaryimage","url":"https:\/\/janeke1830.it\/wp-content\/uploads\/2025\/12\/conditioner-love-in-air.png","contentUrl":"https:\/\/janeke1830.it\/wp-content\/uploads\/2025\/12\/conditioner-love-in-air.png","width":1024,"height":1024,"caption":"Conditioner Love is in the Air J\u00e4neke nutriente districante lucentezza"},{"@type":"BreadcrumbList","@id":"https:\/\/janeke1830.it\/es\/prodotto\/acondicionador-love-is-in-the-air\/#breadcrumb","itemListElement":[{"@type":"ListItem","position":1,"name":"Home","item":"https:\/\/janeke1830.it\/"},{"@type":"ListItem","position":2,"name":"Tienda","item":"https:\/\/janeke1830.it\/es\/tienda\/"},{"@type":"ListItem","position":3,"name":"Acondicionador \u00abLove is in the air\u00bb"}]},{"@type":"WebSite","@id":"https:\/\/janeke1830.it\/#website","url":"https:\/\/janeke1830.it\/","name":"J\u00e4neke 1830","description":"","publisher":{"@id":"https:\/\/janeke1830.it\/#organization"},"potentialAction":[{"@type":"SearchAction","target":{"@type":"EntryPoint","urlTemplate":"https:\/\/janeke1830.it\/?s={search_term_string}"},"query-input":{"@type":"PropertyValueSpecification","valueRequired":true,"valueName":"search_term_string"}}],"inLanguage":"es"},{"@type":"Organization","@id":"https:\/\/janeke1830.it\/#organization","name":"J\u00e4neke 1830","url":"https:\/\/janeke1830.it\/","logo":{"@type":"ImageObject","inLanguage":"es","@id":"https:\/\/janeke1830.it\/#\/schema\/logo\/image\/","url":"https:\/\/janeke1830.it\/wp-content\/uploads\/2025\/12\/logo-nero-janeke.png","contentUrl":"https:\/\/janeke1830.it\/wp-content\/uploads\/2025\/12\/logo-nero-janeke.png","width":1824,"height":829,"caption":"J\u00e4neke 1830"},"image":{"@id":"https:\/\/janeke1830.it\/#\/schema\/logo\/image\/"},"sameAs":["https:\/\/www.facebook.com\/janeke1830","https:\/\/www.instagram.com\/janeke1830official","https:\/\/www.linkedin.com\/company\/giorgio-janeke-s-r-l-\/"]}]}},"_links":{"self":[{"href":"https:\/\/janeke1830.it\/es\/wp-json\/wp\/v2\/product\/4367","targetHints":{"allow":["GET"]}}],"collection":[{"href":"https:\/\/janeke1830.it\/es\/wp-json\/wp\/v2\/product"}],"about":[{"href":"https:\/\/janeke1830.it\/es\/wp-json\/wp\/v2\/types\/product"}],"replies":[{"embeddable":true,"href":"https:\/\/janeke1830.it\/es\/wp-json\/wp\/v2\/comments?post=4367"}],"wp:featuredmedia":[{"embeddable":true,"href":"https:\/\/janeke1830.it\/es\/wp-json\/wp\/v2\/media\/4368"}],"wp:attachment":[{"href":"https:\/\/janeke1830.it\/es\/wp-json\/wp\/v2\/media?parent=4367"}],"wp:term":[{"taxonomy":"product_brand","embeddable":true,"href":"https:\/\/janeke1830.it\/es\/wp-json\/wp\/v2\/product_brand?post=4367"},{"taxonomy":"product_cat","embeddable":true,"href":"https:\/\/janeke1830.it\/es\/wp-json\/wp\/v2\/product_cat?post=4367"},{"taxonomy":"product_tag","embeddable":true,"href":"https:\/\/janeke1830.it\/es\/wp-json\/wp\/v2\/product_tag?post=4367"}],"curies":[{"name":"wp","href":"https:\/\/api.w.org\/{rel}","templated":true}]}}