{"id":4327,"date":"2025-11-28T15:27:06","date_gmt":"2025-11-28T14:27:06","guid":{"rendered":"https:\/\/janeke1830.it\/prodotto\/locion-corporal\/"},"modified":"2026-02-02T14:10:52","modified_gmt":"2026-02-02T13:10:52","slug":"locion-corporal","status":"publish","type":"product","link":"https:\/\/janeke1830.it\/es\/prodotto\/locion-corporal\/","title":{"rendered":"Loci\u00f3n corporal"},"content":{"rendered":"","protected":false},"excerpt":{"rendered":"<p>La <strong>loci\u00f3n corporal Janeke<\/strong> hidrata y nutre la piel en profundidad, dej\u00e1ndola suave, aterciopelada y agradablemente perfumada durante todo el d\u00eda. Su textura ligera se absorbe r\u00e1pidamente sin engrasar, ofreciendo un confort inmediato y una sensaci\u00f3n de frescura duradera. Ideal para el uso diario despu\u00e9s de la ducha, proporciona a la piel un aspecto luminoso y cuidado, con toda la calidad y la elegancia de la marca Janeke.  <\/p>\n<p>Formato: 300 ml<\/p>\n","protected":false},"featured_media":4328,"comment_status":"closed","ping_status":"closed","template":"","meta":[],"product_brand":[809],"product_cat":[768],"product_tag":[769],"class_list":{"0":"post-4327","1":"product","2":"type-product","3":"status-publish","4":"has-post-thumbnail","6":"product_brand-everyday","7":"product_cat-cuidado-corporal-y-capilar","8":"product_tag-cuidado-corporal","10":"first","11":"instock","12":"shipping-taxable","13":"purchasable","14":"product-type-variable","15":"has-default-attributes","16":"wvs-archive-product-wrapper"},"yoast_head":"<!-- This site is optimized with the Yoast SEO plugin v27.6 - https:\/\/yoast.com\/product\/yoast-seo-wordpress\/ -->\n<title>Loci\u00f3n corporal J\u00e4neke 1830 - Hidratante perfumada<\/title>\n<meta name=\"description\" content=\"Para una piel aterciopelada todos los d\u00edas, elige la Loci\u00f3n Corporal J\u00e4neke. R\u00e1pida absorci\u00f3n y fragancia envolvente. \u00a1A\u00f1\u00e1dela a tu cesta!\" \/>\n<meta name=\"robots\" content=\"index, follow, max-snippet:-1, max-image-preview:large, max-video-preview:-1\" \/>\n<link rel=\"canonical\" href=\"https:\/\/janeke1830.it\/es\/prodotto\/locion-corporal\/\" \/>\n<meta property=\"og:locale\" content=\"es_ES\" \/>\n<meta property=\"og:type\" content=\"article\" \/>\n<meta property=\"og:title\" content=\"Loci\u00f3n corporal J\u00e4neke 1830 - Hidratante perfumada\" \/>\n<meta property=\"og:description\" content=\"Para una piel aterciopelada todos los d\u00edas, elige la Loci\u00f3n Corporal J\u00e4neke. R\u00e1pida absorci\u00f3n y fragancia envolvente. \u00a1A\u00f1\u00e1dela a tu cesta!\" \/>\n<meta property=\"og:url\" content=\"https:\/\/janeke1830.it\/es\/prodotto\/locion-corporal\/\" \/>\n<meta property=\"og:site_name\" content=\"J\u00e4neke\" \/>\n<meta property=\"article:publisher\" content=\"https:\/\/www.facebook.com\/janeke1830\" \/>\n<meta property=\"article:modified_time\" content=\"2026-02-02T13:10:52+00:00\" \/>\n<meta property=\"og:image\" content=\"https:\/\/janeke1830.it\/wp-content\/uploads\/2025\/12\/musk-lotion.png\" \/>\n\t<meta property=\"og:image:width\" content=\"1024\" \/>\n\t<meta property=\"og:image:height\" content=\"1024\" \/>\n\t<meta property=\"og:image:type\" content=\"image\/png\" \/>\n<meta name=\"twitter:card\" content=\"summary_large_image\" \/>\n<script type=\"application\/ld+json\" class=\"yoast-schema-graph\">{\"@context\":\"https:\\\/\\\/schema.org\",\"@graph\":[{\"@type\":\"WebPage\",\"@id\":\"https:\\\/\\\/janeke1830.it\\\/es\\\/prodotto\\\/locion-corporal\\\/\",\"url\":\"https:\\\/\\\/janeke1830.it\\\/es\\\/prodotto\\\/locion-corporal\\\/\",\"name\":\"Loci\u00f3n corporal J\u00e4neke 1830 - Hidratante perfumada\",\"isPartOf\":{\"@id\":\"https:\\\/\\\/janeke1830.it\\\/#website\"},\"primaryImageOfPage\":{\"@id\":\"https:\\\/\\\/janeke1830.it\\\/es\\\/prodotto\\\/locion-corporal\\\/#primaryimage\"},\"image\":{\"@id\":\"https:\\\/\\\/janeke1830.it\\\/es\\\/prodotto\\\/locion-corporal\\\/#primaryimage\"},\"thumbnailUrl\":\"https:\\\/\\\/janeke1830.it\\\/wp-content\\\/uploads\\\/2025\\\/12\\\/body-lotion-liquid-musk.png\",\"datePublished\":\"2025-11-28T14:27:06+00:00\",\"dateModified\":\"2026-02-02T13:10:52+00:00\",\"description\":\"Para una piel aterciopelada todos los d\u00edas, elige la Loci\u00f3n Corporal J\u00e4neke. R\u00e1pida absorci\u00f3n y fragancia envolvente. \u00a1A\u00f1\u00e1dela a tu cesta!\",\"breadcrumb\":{\"@id\":\"https:\\\/\\\/janeke1830.it\\\/es\\\/prodotto\\\/locion-corporal\\\/#breadcrumb\"},\"inLanguage\":\"es\",\"potentialAction\":[{\"@type\":\"ReadAction\",\"target\":[\"https:\\\/\\\/janeke1830.it\\\/es\\\/prodotto\\\/locion-corporal\\\/\"]}]},{\"@type\":\"ImageObject\",\"inLanguage\":\"es\",\"@id\":\"https:\\\/\\\/janeke1830.it\\\/es\\\/prodotto\\\/locion-corporal\\\/#primaryimage\",\"url\":\"https:\\\/\\\/janeke1830.it\\\/wp-content\\\/uploads\\\/2025\\\/12\\\/body-lotion-liquid-musk.png\",\"contentUrl\":\"https:\\\/\\\/janeke1830.it\\\/wp-content\\\/uploads\\\/2025\\\/12\\\/body-lotion-liquid-musk.png\",\"width\":1024,\"height\":1024,\"caption\":\"Body lotion J\u00e4neke Liquid Musk vellutata muschiata assorbimento rapido\"},{\"@type\":\"BreadcrumbList\",\"@id\":\"https:\\\/\\\/janeke1830.it\\\/es\\\/prodotto\\\/locion-corporal\\\/#breadcrumb\",\"itemListElement\":[{\"@type\":\"ListItem\",\"position\":1,\"name\":\"Home\",\"item\":\"https:\\\/\\\/janeke1830.it\\\/\"},{\"@type\":\"ListItem\",\"position\":2,\"name\":\"Tienda\",\"item\":\"https:\\\/\\\/janeke1830.it\\\/es\\\/tienda\\\/\"},{\"@type\":\"ListItem\",\"position\":3,\"name\":\"Loci\u00f3n corporal\"}]},{\"@type\":\"WebSite\",\"@id\":\"https:\\\/\\\/janeke1830.it\\\/#website\",\"url\":\"https:\\\/\\\/janeke1830.it\\\/\",\"name\":\"J\u00e4neke 1830\",\"description\":\"\",\"publisher\":{\"@id\":\"https:\\\/\\\/janeke1830.it\\\/#organization\"},\"potentialAction\":[{\"@type\":\"SearchAction\",\"target\":{\"@type\":\"EntryPoint\",\"urlTemplate\":\"https:\\\/\\\/janeke1830.it\\\/?s={search_term_string}\"},\"query-input\":{\"@type\":\"PropertyValueSpecification\",\"valueRequired\":true,\"valueName\":\"search_term_string\"}}],\"inLanguage\":\"es\"},{\"@type\":\"Organization\",\"@id\":\"https:\\\/\\\/janeke1830.it\\\/#organization\",\"name\":\"J\u00e4neke 1830\",\"url\":\"https:\\\/\\\/janeke1830.it\\\/\",\"logo\":{\"@type\":\"ImageObject\",\"inLanguage\":\"es\",\"@id\":\"https:\\\/\\\/janeke1830.it\\\/#\\\/schema\\\/logo\\\/image\\\/\",\"url\":\"https:\\\/\\\/janeke1830.it\\\/wp-content\\\/uploads\\\/2025\\\/12\\\/logo-nero-janeke.png\",\"contentUrl\":\"https:\\\/\\\/janeke1830.it\\\/wp-content\\\/uploads\\\/2025\\\/12\\\/logo-nero-janeke.png\",\"width\":1824,\"height\":829,\"caption\":\"J\u00e4neke 1830\"},\"image\":{\"@id\":\"https:\\\/\\\/janeke1830.it\\\/#\\\/schema\\\/logo\\\/image\\\/\"},\"sameAs\":[\"https:\\\/\\\/www.facebook.com\\\/janeke1830\",\"https:\\\/\\\/www.instagram.com\\\/janeke1830official\",\"https:\\\/\\\/www.linkedin.com\\\/company\\\/giorgio-janeke-s-r-l-\\\/\"]}]}<\/script>\n<!-- \/ Yoast SEO plugin. -->","yoast_head_json":{"title":"Loci\u00f3n corporal J\u00e4neke 1830 - Hidratante perfumada","description":"Para una piel aterciopelada todos los d\u00edas, elige la Loci\u00f3n Corporal J\u00e4neke. R\u00e1pida absorci\u00f3n y fragancia envolvente. \u00a1A\u00f1\u00e1dela a tu cesta!","robots":{"index":"index","follow":"follow","max-snippet":"max-snippet:-1","max-image-preview":"max-image-preview:large","max-video-preview":"max-video-preview:-1"},"canonical":"https:\/\/janeke1830.it\/es\/prodotto\/locion-corporal\/","og_locale":"es_ES","og_type":"article","og_title":"Loci\u00f3n corporal J\u00e4neke 1830 - Hidratante perfumada","og_description":"Para una piel aterciopelada todos los d\u00edas, elige la Loci\u00f3n Corporal J\u00e4neke. R\u00e1pida absorci\u00f3n y fragancia envolvente. \u00a1A\u00f1\u00e1dela a tu cesta!","og_url":"https:\/\/janeke1830.it\/es\/prodotto\/locion-corporal\/","og_site_name":"J\u00e4neke","article_publisher":"https:\/\/www.facebook.com\/janeke1830","article_modified_time":"2026-02-02T13:10:52+00:00","og_image":[{"width":1024,"height":1024,"url":"https:\/\/janeke1830.it\/wp-content\/uploads\/2025\/12\/musk-lotion.png","type":"image\/png"}],"twitter_card":"summary_large_image","schema":{"@context":"https:\/\/schema.org","@graph":[{"@type":"WebPage","@id":"https:\/\/janeke1830.it\/es\/prodotto\/locion-corporal\/","url":"https:\/\/janeke1830.it\/es\/prodotto\/locion-corporal\/","name":"Loci\u00f3n corporal J\u00e4neke 1830 - Hidratante perfumada","isPartOf":{"@id":"https:\/\/janeke1830.it\/#website"},"primaryImageOfPage":{"@id":"https:\/\/janeke1830.it\/es\/prodotto\/locion-corporal\/#primaryimage"},"image":{"@id":"https:\/\/janeke1830.it\/es\/prodotto\/locion-corporal\/#primaryimage"},"thumbnailUrl":"https:\/\/janeke1830.it\/wp-content\/uploads\/2025\/12\/body-lotion-liquid-musk.png","datePublished":"2025-11-28T14:27:06+00:00","dateModified":"2026-02-02T13:10:52+00:00","description":"Para una piel aterciopelada todos los d\u00edas, elige la Loci\u00f3n Corporal J\u00e4neke. R\u00e1pida absorci\u00f3n y fragancia envolvente. \u00a1A\u00f1\u00e1dela a tu cesta!","breadcrumb":{"@id":"https:\/\/janeke1830.it\/es\/prodotto\/locion-corporal\/#breadcrumb"},"inLanguage":"es","potentialAction":[{"@type":"ReadAction","target":["https:\/\/janeke1830.it\/es\/prodotto\/locion-corporal\/"]}]},{"@type":"ImageObject","inLanguage":"es","@id":"https:\/\/janeke1830.it\/es\/prodotto\/locion-corporal\/#primaryimage","url":"https:\/\/janeke1830.it\/wp-content\/uploads\/2025\/12\/body-lotion-liquid-musk.png","contentUrl":"https:\/\/janeke1830.it\/wp-content\/uploads\/2025\/12\/body-lotion-liquid-musk.png","width":1024,"height":1024,"caption":"Body lotion J\u00e4neke Liquid Musk vellutata muschiata assorbimento rapido"},{"@type":"BreadcrumbList","@id":"https:\/\/janeke1830.it\/es\/prodotto\/locion-corporal\/#breadcrumb","itemListElement":[{"@type":"ListItem","position":1,"name":"Home","item":"https:\/\/janeke1830.it\/"},{"@type":"ListItem","position":2,"name":"Tienda","item":"https:\/\/janeke1830.it\/es\/tienda\/"},{"@type":"ListItem","position":3,"name":"Loci\u00f3n corporal"}]},{"@type":"WebSite","@id":"https:\/\/janeke1830.it\/#website","url":"https:\/\/janeke1830.it\/","name":"J\u00e4neke 1830","description":"","publisher":{"@id":"https:\/\/janeke1830.it\/#organization"},"potentialAction":[{"@type":"SearchAction","target":{"@type":"EntryPoint","urlTemplate":"https:\/\/janeke1830.it\/?s={search_term_string}"},"query-input":{"@type":"PropertyValueSpecification","valueRequired":true,"valueName":"search_term_string"}}],"inLanguage":"es"},{"@type":"Organization","@id":"https:\/\/janeke1830.it\/#organization","name":"J\u00e4neke 1830","url":"https:\/\/janeke1830.it\/","logo":{"@type":"ImageObject","inLanguage":"es","@id":"https:\/\/janeke1830.it\/#\/schema\/logo\/image\/","url":"https:\/\/janeke1830.it\/wp-content\/uploads\/2025\/12\/logo-nero-janeke.png","contentUrl":"https:\/\/janeke1830.it\/wp-content\/uploads\/2025\/12\/logo-nero-janeke.png","width":1824,"height":829,"caption":"J\u00e4neke 1830"},"image":{"@id":"https:\/\/janeke1830.it\/#\/schema\/logo\/image\/"},"sameAs":["https:\/\/www.facebook.com\/janeke1830","https:\/\/www.instagram.com\/janeke1830official","https:\/\/www.linkedin.com\/company\/giorgio-janeke-s-r-l-\/"]}]}},"_links":{"self":[{"href":"https:\/\/janeke1830.it\/es\/wp-json\/wp\/v2\/product\/4327","targetHints":{"allow":["GET"]}}],"collection":[{"href":"https:\/\/janeke1830.it\/es\/wp-json\/wp\/v2\/product"}],"about":[{"href":"https:\/\/janeke1830.it\/es\/wp-json\/wp\/v2\/types\/product"}],"replies":[{"embeddable":true,"href":"https:\/\/janeke1830.it\/es\/wp-json\/wp\/v2\/comments?post=4327"}],"wp:featuredmedia":[{"embeddable":true,"href":"https:\/\/janeke1830.it\/es\/wp-json\/wp\/v2\/media\/4328"}],"wp:attachment":[{"href":"https:\/\/janeke1830.it\/es\/wp-json\/wp\/v2\/media?parent=4327"}],"wp:term":[{"taxonomy":"product_brand","embeddable":true,"href":"https:\/\/janeke1830.it\/es\/wp-json\/wp\/v2\/product_brand?post=4327"},{"taxonomy":"product_cat","embeddable":true,"href":"https:\/\/janeke1830.it\/es\/wp-json\/wp\/v2\/product_cat?post=4327"},{"taxonomy":"product_tag","embeddable":true,"href":"https:\/\/janeke1830.it\/es\/wp-json\/wp\/v2\/product_tag?post=4327"}],"curies":[{"name":"wp","href":"https:\/\/api.w.org\/{rel}","templated":true}]}}