{"id":4237,"date":"2025-12-02T10:02:46","date_gmt":"2025-12-02T09:02:46","guid":{"rendered":"https:\/\/janeke1830.it\/prodotto\/peine-de-ondulacion-corto-negro\/"},"modified":"2026-03-03T11:47:13","modified_gmt":"2026-03-03T10:47:13","slug":"peine-de-ondulacion-corto-negro","status":"publish","type":"product","link":"https:\/\/janeke1830.it\/es\/prodotto\/peine-de-ondulacion-corto-negro\/","title":{"rendered":"Peine de ondulaci\u00f3n corto negro"},"content":{"rendered":"","protected":false},"excerpt":{"rendered":"<p><em>19 cm<\/em><\/p>\n<p>Peine de corte para hombre y para cabello medio-corto resistente a las altas temperaturas, irrompible e inalterable.<br \/>\nAdecuado para el uso profesional y con acabado de los dientes hecho a mano. El dise\u00f1o en sesgo permite trabajar tambi\u00e9n el pelo de la sien. <\/p>\n","protected":false},"featured_media":4238,"comment_status":"closed","ping_status":"closed","template":"","meta":[],"product_brand":[828],"product_cat":[596],"product_tag":[734,727],"class_list":{"0":"post-4237","1":"product","2":"type-product","3":"status-publish","4":"has-post-thumbnail","6":"product_brand-professional","7":"product_cat-peines","8":"product_tag-negro","9":"product_tag-peines-profesionales","11":"first","12":"instock","13":"shipping-taxable","14":"purchasable","15":"product-type-simple"},"yoast_head":"<!-- This site is optimized with the Yoast SEO plugin v27.1.1 - https:\/\/yoast.com\/product\/yoast-seo-wordpress\/ -->\n<title>J\u00e4neke Peine Negro Ondulado Corto - Pelo Medio-Corto<\/title>\n<meta name=\"description\" content=\"Acabado a mano para trabajar incluso el pelo de beb\u00e9, el Peine Ondulado Corto Negro J\u00e4neke es ideal para cortes masculinos. C\u00f3mpralo ahora\" \/>\n<meta name=\"robots\" content=\"index, follow, max-snippet:-1, max-image-preview:large, max-video-preview:-1\" \/>\n<link rel=\"canonical\" href=\"https:\/\/janeke1830.it\/es\/prodotto\/peine-de-ondulacion-corto-negro\/\" \/>\n<meta property=\"og:locale\" content=\"es_ES\" \/>\n<meta property=\"og:type\" content=\"article\" \/>\n<meta property=\"og:title\" content=\"J\u00e4neke Peine Negro Ondulado Corto - Pelo Medio-Corto\" \/>\n<meta property=\"og:description\" content=\"Acabado a mano para trabajar incluso el pelo de beb\u00e9, el Peine Ondulado Corto Negro J\u00e4neke es ideal para cortes masculinos. C\u00f3mpralo ahora\" \/>\n<meta property=\"og:url\" content=\"https:\/\/janeke1830.it\/es\/prodotto\/peine-de-ondulacion-corto-negro\/\" \/>\n<meta property=\"og:site_name\" content=\"J\u00e4neke\" \/>\n<meta property=\"article:publisher\" content=\"https:\/\/www.facebook.com\/janeke1830\" \/>\n<meta property=\"article:modified_time\" content=\"2026-03-03T10:47:13+00:00\" \/>\n<meta property=\"og:image\" content=\"https:\/\/janeke1830.it\/wp-content\/uploads\/2026\/01\/57824.png\" \/>\n\t<meta property=\"og:image:width\" content=\"1024\" \/>\n\t<meta property=\"og:image:height\" content=\"1024\" \/>\n\t<meta property=\"og:image:type\" content=\"image\/png\" \/>\n<meta name=\"twitter:card\" content=\"summary_large_image\" \/>\n<script type=\"application\/ld+json\" class=\"yoast-schema-graph\">{\"@context\":\"https:\/\/schema.org\",\"@graph\":[{\"@type\":\"WebPage\",\"@id\":\"https:\/\/janeke1830.it\/es\/prodotto\/peine-de-ondulacion-corto-negro\/\",\"url\":\"https:\/\/janeke1830.it\/es\/prodotto\/peine-de-ondulacion-corto-negro\/\",\"name\":\"J\u00e4neke Peine Negro Ondulado Corto - Pelo Medio-Corto\",\"isPartOf\":{\"@id\":\"https:\/\/janeke1830.it\/#website\"},\"primaryImageOfPage\":{\"@id\":\"https:\/\/janeke1830.it\/es\/prodotto\/peine-de-ondulacion-corto-negro\/#primaryimage\"},\"image\":{\"@id\":\"https:\/\/janeke1830.it\/es\/prodotto\/peine-de-ondulacion-corto-negro\/#primaryimage\"},\"thumbnailUrl\":\"https:\/\/janeke1830.it\/wp-content\/uploads\/2026\/01\/pettine-ondulazione-corto-nero-57824.png\",\"datePublished\":\"2025-12-02T09:02:46+00:00\",\"dateModified\":\"2026-03-03T10:47:13+00:00\",\"description\":\"Acabado a mano para trabajar incluso el pelo de beb\u00e9, el Peine Ondulado Corto Negro J\u00e4neke es ideal para cortes masculinos. C\u00f3mpralo ahora\",\"breadcrumb\":{\"@id\":\"https:\/\/janeke1830.it\/es\/prodotto\/peine-de-ondulacion-corto-negro\/#breadcrumb\"},\"inLanguage\":\"es\",\"potentialAction\":[{\"@type\":\"ReadAction\",\"target\":[\"https:\/\/janeke1830.it\/es\/prodotto\/peine-de-ondulacion-corto-negro\/\"]}]},{\"@type\":\"ImageObject\",\"inLanguage\":\"es\",\"@id\":\"https:\/\/janeke1830.it\/es\/prodotto\/peine-de-ondulacion-corto-negro\/#primaryimage\",\"url\":\"https:\/\/janeke1830.it\/wp-content\/uploads\/2026\/01\/pettine-ondulazione-corto-nero-57824.png\",\"contentUrl\":\"https:\/\/janeke1830.it\/wp-content\/uploads\/2026\/01\/pettine-ondulazione-corto-nero-57824.png\",\"width\":1024,\"height\":1024,\"caption\":\"Pettine ondulazione corto nero J\u00e4neke per taglio medio-corto e baby-hair\"},{\"@type\":\"BreadcrumbList\",\"@id\":\"https:\/\/janeke1830.it\/es\/prodotto\/peine-de-ondulacion-corto-negro\/#breadcrumb\",\"itemListElement\":[{\"@type\":\"ListItem\",\"position\":1,\"name\":\"Home\",\"item\":\"https:\/\/janeke1830.it\/\"},{\"@type\":\"ListItem\",\"position\":2,\"name\":\"Tienda\",\"item\":\"https:\/\/janeke1830.it\/es\/tienda\/\"},{\"@type\":\"ListItem\",\"position\":3,\"name\":\"Peine de ondulaci\u00f3n corto negro\"}]},{\"@type\":\"WebSite\",\"@id\":\"https:\/\/janeke1830.it\/#website\",\"url\":\"https:\/\/janeke1830.it\/\",\"name\":\"J\u00e4neke 1830\",\"description\":\"\",\"publisher\":{\"@id\":\"https:\/\/janeke1830.it\/#organization\"},\"potentialAction\":[{\"@type\":\"SearchAction\",\"target\":{\"@type\":\"EntryPoint\",\"urlTemplate\":\"https:\/\/janeke1830.it\/?s={search_term_string}\"},\"query-input\":{\"@type\":\"PropertyValueSpecification\",\"valueRequired\":true,\"valueName\":\"search_term_string\"}}],\"inLanguage\":\"es\"},{\"@type\":\"Organization\",\"@id\":\"https:\/\/janeke1830.it\/#organization\",\"name\":\"J\u00e4neke 1830\",\"url\":\"https:\/\/janeke1830.it\/\",\"logo\":{\"@type\":\"ImageObject\",\"inLanguage\":\"es\",\"@id\":\"https:\/\/janeke1830.it\/#\/schema\/logo\/image\/\",\"url\":\"https:\/\/janeke1830.it\/wp-content\/uploads\/2025\/12\/logo-nero-janeke.png\",\"contentUrl\":\"https:\/\/janeke1830.it\/wp-content\/uploads\/2025\/12\/logo-nero-janeke.png\",\"width\":1824,\"height\":829,\"caption\":\"J\u00e4neke 1830\"},\"image\":{\"@id\":\"https:\/\/janeke1830.it\/#\/schema\/logo\/image\/\"},\"sameAs\":[\"https:\/\/www.facebook.com\/janeke1830\",\"https:\/\/www.instagram.com\/janeke1830official\",\"https:\/\/www.linkedin.com\/company\/giorgio-janeke-s-r-l-\/\"]}]}<\/script>\n<!-- \/ Yoast SEO plugin. -->","yoast_head_json":{"title":"J\u00e4neke Peine Negro Ondulado Corto - Pelo Medio-Corto","description":"Acabado a mano para trabajar incluso el pelo de beb\u00e9, el Peine Ondulado Corto Negro J\u00e4neke es ideal para cortes masculinos. C\u00f3mpralo ahora","robots":{"index":"index","follow":"follow","max-snippet":"max-snippet:-1","max-image-preview":"max-image-preview:large","max-video-preview":"max-video-preview:-1"},"canonical":"https:\/\/janeke1830.it\/es\/prodotto\/peine-de-ondulacion-corto-negro\/","og_locale":"es_ES","og_type":"article","og_title":"J\u00e4neke Peine Negro Ondulado Corto - Pelo Medio-Corto","og_description":"Acabado a mano para trabajar incluso el pelo de beb\u00e9, el Peine Ondulado Corto Negro J\u00e4neke es ideal para cortes masculinos. C\u00f3mpralo ahora","og_url":"https:\/\/janeke1830.it\/es\/prodotto\/peine-de-ondulacion-corto-negro\/","og_site_name":"J\u00e4neke","article_publisher":"https:\/\/www.facebook.com\/janeke1830","article_modified_time":"2026-03-03T10:47:13+00:00","og_image":[{"width":1024,"height":1024,"url":"https:\/\/janeke1830.it\/wp-content\/uploads\/2026\/01\/57824.png","type":"image\/png"}],"twitter_card":"summary_large_image","schema":{"@context":"https:\/\/schema.org","@graph":[{"@type":"WebPage","@id":"https:\/\/janeke1830.it\/es\/prodotto\/peine-de-ondulacion-corto-negro\/","url":"https:\/\/janeke1830.it\/es\/prodotto\/peine-de-ondulacion-corto-negro\/","name":"J\u00e4neke Peine Negro Ondulado Corto - Pelo Medio-Corto","isPartOf":{"@id":"https:\/\/janeke1830.it\/#website"},"primaryImageOfPage":{"@id":"https:\/\/janeke1830.it\/es\/prodotto\/peine-de-ondulacion-corto-negro\/#primaryimage"},"image":{"@id":"https:\/\/janeke1830.it\/es\/prodotto\/peine-de-ondulacion-corto-negro\/#primaryimage"},"thumbnailUrl":"https:\/\/janeke1830.it\/wp-content\/uploads\/2026\/01\/pettine-ondulazione-corto-nero-57824.png","datePublished":"2025-12-02T09:02:46+00:00","dateModified":"2026-03-03T10:47:13+00:00","description":"Acabado a mano para trabajar incluso el pelo de beb\u00e9, el Peine Ondulado Corto Negro J\u00e4neke es ideal para cortes masculinos. C\u00f3mpralo ahora","breadcrumb":{"@id":"https:\/\/janeke1830.it\/es\/prodotto\/peine-de-ondulacion-corto-negro\/#breadcrumb"},"inLanguage":"es","potentialAction":[{"@type":"ReadAction","target":["https:\/\/janeke1830.it\/es\/prodotto\/peine-de-ondulacion-corto-negro\/"]}]},{"@type":"ImageObject","inLanguage":"es","@id":"https:\/\/janeke1830.it\/es\/prodotto\/peine-de-ondulacion-corto-negro\/#primaryimage","url":"https:\/\/janeke1830.it\/wp-content\/uploads\/2026\/01\/pettine-ondulazione-corto-nero-57824.png","contentUrl":"https:\/\/janeke1830.it\/wp-content\/uploads\/2026\/01\/pettine-ondulazione-corto-nero-57824.png","width":1024,"height":1024,"caption":"Pettine ondulazione corto nero J\u00e4neke per taglio medio-corto e baby-hair"},{"@type":"BreadcrumbList","@id":"https:\/\/janeke1830.it\/es\/prodotto\/peine-de-ondulacion-corto-negro\/#breadcrumb","itemListElement":[{"@type":"ListItem","position":1,"name":"Home","item":"https:\/\/janeke1830.it\/"},{"@type":"ListItem","position":2,"name":"Tienda","item":"https:\/\/janeke1830.it\/es\/tienda\/"},{"@type":"ListItem","position":3,"name":"Peine de ondulaci\u00f3n corto negro"}]},{"@type":"WebSite","@id":"https:\/\/janeke1830.it\/#website","url":"https:\/\/janeke1830.it\/","name":"J\u00e4neke 1830","description":"","publisher":{"@id":"https:\/\/janeke1830.it\/#organization"},"potentialAction":[{"@type":"SearchAction","target":{"@type":"EntryPoint","urlTemplate":"https:\/\/janeke1830.it\/?s={search_term_string}"},"query-input":{"@type":"PropertyValueSpecification","valueRequired":true,"valueName":"search_term_string"}}],"inLanguage":"es"},{"@type":"Organization","@id":"https:\/\/janeke1830.it\/#organization","name":"J\u00e4neke 1830","url":"https:\/\/janeke1830.it\/","logo":{"@type":"ImageObject","inLanguage":"es","@id":"https:\/\/janeke1830.it\/#\/schema\/logo\/image\/","url":"https:\/\/janeke1830.it\/wp-content\/uploads\/2025\/12\/logo-nero-janeke.png","contentUrl":"https:\/\/janeke1830.it\/wp-content\/uploads\/2025\/12\/logo-nero-janeke.png","width":1824,"height":829,"caption":"J\u00e4neke 1830"},"image":{"@id":"https:\/\/janeke1830.it\/#\/schema\/logo\/image\/"},"sameAs":["https:\/\/www.facebook.com\/janeke1830","https:\/\/www.instagram.com\/janeke1830official","https:\/\/www.linkedin.com\/company\/giorgio-janeke-s-r-l-\/"]}]}},"_links":{"self":[{"href":"https:\/\/janeke1830.it\/es\/wp-json\/wp\/v2\/product\/4237","targetHints":{"allow":["GET"]}}],"collection":[{"href":"https:\/\/janeke1830.it\/es\/wp-json\/wp\/v2\/product"}],"about":[{"href":"https:\/\/janeke1830.it\/es\/wp-json\/wp\/v2\/types\/product"}],"replies":[{"embeddable":true,"href":"https:\/\/janeke1830.it\/es\/wp-json\/wp\/v2\/comments?post=4237"}],"wp:featuredmedia":[{"embeddable":true,"href":"https:\/\/janeke1830.it\/es\/wp-json\/wp\/v2\/media\/4238"}],"wp:attachment":[{"href":"https:\/\/janeke1830.it\/es\/wp-json\/wp\/v2\/media?parent=4237"}],"wp:term":[{"taxonomy":"product_brand","embeddable":true,"href":"https:\/\/janeke1830.it\/es\/wp-json\/wp\/v2\/product_brand?post=4237"},{"taxonomy":"product_cat","embeddable":true,"href":"https:\/\/janeke1830.it\/es\/wp-json\/wp\/v2\/product_cat?post=4237"},{"taxonomy":"product_tag","embeddable":true,"href":"https:\/\/janeke1830.it\/es\/wp-json\/wp\/v2\/product_tag?post=4237"}],"curies":[{"name":"wp","href":"https:\/\/api.w.org\/{rel}","templated":true}]}}