{"id":4147,"date":"2025-12-02T17:05:37","date_gmt":"2025-12-02T16:05:37","guid":{"rendered":"https:\/\/janeke1830.it\/prodotto\/peine-profesional-de-carbono\/"},"modified":"2026-03-03T11:47:30","modified_gmt":"2026-03-03T10:47:30","slug":"peine-profesional-de-carbono","status":"publish","type":"product","link":"https:\/\/janeke1830.it\/es\/prodotto\/peine-profesional-de-carbono\/","title":{"rendered":"Peine profesional de carbono"},"content":{"rendered":"","protected":false},"excerpt":{"rendered":"<p><em>19 cm<\/em><\/p>\n<p>Peine de corte para hombre y para cabello corto. La densidad rala de los dientes sirve para los mechones m\u00e1s gruesos, mientras que la m\u00e1s densa, para los retoques. Su reducido tama\u00f1o lo hace m\u00e1s manejable para las melenas menos densas e incluso para las cabezas de los ni\u00f1os.  <\/p>\n","protected":false},"featured_media":4148,"comment_status":"closed","ping_status":"closed","template":"","meta":[],"product_brand":[828],"product_cat":[596],"product_tag":[726,727],"class_list":{"0":"post-4147","1":"product","2":"type-product","3":"status-publish","4":"has-post-thumbnail","6":"product_brand-professional","7":"product_cat-peines","8":"product_tag-carbono","9":"product_tag-peines-profesionales","11":"first","12":"instock","13":"shipping-taxable","14":"purchasable","15":"product-type-simple"},"yoast_head":"<!-- This site is optimized with the Yoast SEO plugin v27.6 - https:\/\/yoast.com\/product\/yoast-seo-wordpress\/ -->\n<title>Peine de carbono profesional J\u00e4neke - Corte preciso<\/title>\n<meta name=\"description\" content=\"Peine Profesional de Carbono J\u00e4neke: pr\u00e1ctico, de dientes densos y escasos para el corte y el recorte masculino. Tambi\u00e9n es ideal para ni\u00f1os. \u00a1Desc\u00fabrelo!\" \/>\n<meta name=\"robots\" content=\"index, follow, max-snippet:-1, max-image-preview:large, max-video-preview:-1\" \/>\n<link rel=\"canonical\" href=\"https:\/\/janeke1830.it\/es\/prodotto\/peine-profesional-de-carbono\/\" \/>\n<meta property=\"og:locale\" content=\"es_ES\" \/>\n<meta property=\"og:type\" content=\"article\" \/>\n<meta property=\"og:title\" content=\"Peine de carbono profesional J\u00e4neke - Corte preciso\" \/>\n<meta property=\"og:description\" content=\"Peine Profesional de Carbono J\u00e4neke: pr\u00e1ctico, de dientes densos y escasos para el corte y el recorte masculino. Tambi\u00e9n es ideal para ni\u00f1os. \u00a1Desc\u00fabrelo!\" \/>\n<meta property=\"og:url\" content=\"https:\/\/janeke1830.it\/es\/prodotto\/peine-profesional-de-carbono\/\" \/>\n<meta property=\"og:site_name\" content=\"J\u00e4neke\" \/>\n<meta property=\"article:publisher\" content=\"https:\/\/www.facebook.com\/janeke1830\" \/>\n<meta property=\"article:modified_time\" content=\"2026-03-03T10:47:30+00:00\" \/>\n<meta property=\"og:image\" content=\"https:\/\/janeke1830.it\/wp-content\/uploads\/2026\/01\/55879.png\" \/>\n\t<meta property=\"og:image:width\" content=\"1024\" \/>\n\t<meta property=\"og:image:height\" content=\"1024\" \/>\n\t<meta property=\"og:image:type\" content=\"image\/png\" \/>\n<meta name=\"twitter:card\" content=\"summary_large_image\" \/>\n<script type=\"application\/ld+json\" class=\"yoast-schema-graph\">{\"@context\":\"https:\\\/\\\/schema.org\",\"@graph\":[{\"@type\":\"WebPage\",\"@id\":\"https:\\\/\\\/janeke1830.it\\\/es\\\/prodotto\\\/peine-profesional-de-carbono\\\/\",\"url\":\"https:\\\/\\\/janeke1830.it\\\/es\\\/prodotto\\\/peine-profesional-de-carbono\\\/\",\"name\":\"Peine de carbono profesional J\u00e4neke - Corte preciso\",\"isPartOf\":{\"@id\":\"https:\\\/\\\/janeke1830.it\\\/#website\"},\"primaryImageOfPage\":{\"@id\":\"https:\\\/\\\/janeke1830.it\\\/es\\\/prodotto\\\/peine-profesional-de-carbono\\\/#primaryimage\"},\"image\":{\"@id\":\"https:\\\/\\\/janeke1830.it\\\/es\\\/prodotto\\\/peine-profesional-de-carbono\\\/#primaryimage\"},\"thumbnailUrl\":\"https:\\\/\\\/janeke1830.it\\\/wp-content\\\/uploads\\\/2026\\\/01\\\/pettine-professionale-carbonio-55879.png\",\"datePublished\":\"2025-12-02T16:05:37+00:00\",\"dateModified\":\"2026-03-03T10:47:30+00:00\",\"description\":\"Peine Profesional de Carbono J\u00e4neke: pr\u00e1ctico, de dientes densos y escasos para el corte y el recorte masculino. Tambi\u00e9n es ideal para ni\u00f1os. \u00a1Desc\u00fabrelo!\",\"breadcrumb\":{\"@id\":\"https:\\\/\\\/janeke1830.it\\\/es\\\/prodotto\\\/peine-profesional-de-carbono\\\/#breadcrumb\"},\"inLanguage\":\"es\",\"potentialAction\":[{\"@type\":\"ReadAction\",\"target\":[\"https:\\\/\\\/janeke1830.it\\\/es\\\/prodotto\\\/peine-profesional-de-carbono\\\/\"]}]},{\"@type\":\"ImageObject\",\"inLanguage\":\"es\",\"@id\":\"https:\\\/\\\/janeke1830.it\\\/es\\\/prodotto\\\/peine-profesional-de-carbono\\\/#primaryimage\",\"url\":\"https:\\\/\\\/janeke1830.it\\\/wp-content\\\/uploads\\\/2026\\\/01\\\/pettine-professionale-carbonio-55879.png\",\"contentUrl\":\"https:\\\/\\\/janeke1830.it\\\/wp-content\\\/uploads\\\/2026\\\/01\\\/pettine-professionale-carbonio-55879.png\",\"width\":1024,\"height\":1024,\"caption\":\"Pettine carbonio J\u00e4neke denti radi fitti per rifiniture precise\"},{\"@type\":\"BreadcrumbList\",\"@id\":\"https:\\\/\\\/janeke1830.it\\\/es\\\/prodotto\\\/peine-profesional-de-carbono\\\/#breadcrumb\",\"itemListElement\":[{\"@type\":\"ListItem\",\"position\":1,\"name\":\"Home\",\"item\":\"https:\\\/\\\/janeke1830.it\\\/\"},{\"@type\":\"ListItem\",\"position\":2,\"name\":\"Tienda\",\"item\":\"https:\\\/\\\/janeke1830.it\\\/es\\\/tienda\\\/\"},{\"@type\":\"ListItem\",\"position\":3,\"name\":\"Peine profesional de carbono\"}]},{\"@type\":\"WebSite\",\"@id\":\"https:\\\/\\\/janeke1830.it\\\/#website\",\"url\":\"https:\\\/\\\/janeke1830.it\\\/\",\"name\":\"J\u00e4neke 1830\",\"description\":\"\",\"publisher\":{\"@id\":\"https:\\\/\\\/janeke1830.it\\\/#organization\"},\"potentialAction\":[{\"@type\":\"SearchAction\",\"target\":{\"@type\":\"EntryPoint\",\"urlTemplate\":\"https:\\\/\\\/janeke1830.it\\\/?s={search_term_string}\"},\"query-input\":{\"@type\":\"PropertyValueSpecification\",\"valueRequired\":true,\"valueName\":\"search_term_string\"}}],\"inLanguage\":\"es\"},{\"@type\":\"Organization\",\"@id\":\"https:\\\/\\\/janeke1830.it\\\/#organization\",\"name\":\"J\u00e4neke 1830\",\"url\":\"https:\\\/\\\/janeke1830.it\\\/\",\"logo\":{\"@type\":\"ImageObject\",\"inLanguage\":\"es\",\"@id\":\"https:\\\/\\\/janeke1830.it\\\/#\\\/schema\\\/logo\\\/image\\\/\",\"url\":\"https:\\\/\\\/janeke1830.it\\\/wp-content\\\/uploads\\\/2025\\\/12\\\/logo-nero-janeke.png\",\"contentUrl\":\"https:\\\/\\\/janeke1830.it\\\/wp-content\\\/uploads\\\/2025\\\/12\\\/logo-nero-janeke.png\",\"width\":1824,\"height\":829,\"caption\":\"J\u00e4neke 1830\"},\"image\":{\"@id\":\"https:\\\/\\\/janeke1830.it\\\/#\\\/schema\\\/logo\\\/image\\\/\"},\"sameAs\":[\"https:\\\/\\\/www.facebook.com\\\/janeke1830\",\"https:\\\/\\\/www.instagram.com\\\/janeke1830official\",\"https:\\\/\\\/www.linkedin.com\\\/company\\\/giorgio-janeke-s-r-l-\\\/\"]}]}<\/script>\n<!-- \/ Yoast SEO plugin. -->","yoast_head_json":{"title":"Peine de carbono profesional J\u00e4neke - Corte preciso","description":"Peine Profesional de Carbono J\u00e4neke: pr\u00e1ctico, de dientes densos y escasos para el corte y el recorte masculino. Tambi\u00e9n es ideal para ni\u00f1os. \u00a1Desc\u00fabrelo!","robots":{"index":"index","follow":"follow","max-snippet":"max-snippet:-1","max-image-preview":"max-image-preview:large","max-video-preview":"max-video-preview:-1"},"canonical":"https:\/\/janeke1830.it\/es\/prodotto\/peine-profesional-de-carbono\/","og_locale":"es_ES","og_type":"article","og_title":"Peine de carbono profesional J\u00e4neke - Corte preciso","og_description":"Peine Profesional de Carbono J\u00e4neke: pr\u00e1ctico, de dientes densos y escasos para el corte y el recorte masculino. Tambi\u00e9n es ideal para ni\u00f1os. \u00a1Desc\u00fabrelo!","og_url":"https:\/\/janeke1830.it\/es\/prodotto\/peine-profesional-de-carbono\/","og_site_name":"J\u00e4neke","article_publisher":"https:\/\/www.facebook.com\/janeke1830","article_modified_time":"2026-03-03T10:47:30+00:00","og_image":[{"width":1024,"height":1024,"url":"https:\/\/janeke1830.it\/wp-content\/uploads\/2026\/01\/55879.png","type":"image\/png"}],"twitter_card":"summary_large_image","schema":{"@context":"https:\/\/schema.org","@graph":[{"@type":"WebPage","@id":"https:\/\/janeke1830.it\/es\/prodotto\/peine-profesional-de-carbono\/","url":"https:\/\/janeke1830.it\/es\/prodotto\/peine-profesional-de-carbono\/","name":"Peine de carbono profesional J\u00e4neke - Corte preciso","isPartOf":{"@id":"https:\/\/janeke1830.it\/#website"},"primaryImageOfPage":{"@id":"https:\/\/janeke1830.it\/es\/prodotto\/peine-profesional-de-carbono\/#primaryimage"},"image":{"@id":"https:\/\/janeke1830.it\/es\/prodotto\/peine-profesional-de-carbono\/#primaryimage"},"thumbnailUrl":"https:\/\/janeke1830.it\/wp-content\/uploads\/2026\/01\/pettine-professionale-carbonio-55879.png","datePublished":"2025-12-02T16:05:37+00:00","dateModified":"2026-03-03T10:47:30+00:00","description":"Peine Profesional de Carbono J\u00e4neke: pr\u00e1ctico, de dientes densos y escasos para el corte y el recorte masculino. Tambi\u00e9n es ideal para ni\u00f1os. \u00a1Desc\u00fabrelo!","breadcrumb":{"@id":"https:\/\/janeke1830.it\/es\/prodotto\/peine-profesional-de-carbono\/#breadcrumb"},"inLanguage":"es","potentialAction":[{"@type":"ReadAction","target":["https:\/\/janeke1830.it\/es\/prodotto\/peine-profesional-de-carbono\/"]}]},{"@type":"ImageObject","inLanguage":"es","@id":"https:\/\/janeke1830.it\/es\/prodotto\/peine-profesional-de-carbono\/#primaryimage","url":"https:\/\/janeke1830.it\/wp-content\/uploads\/2026\/01\/pettine-professionale-carbonio-55879.png","contentUrl":"https:\/\/janeke1830.it\/wp-content\/uploads\/2026\/01\/pettine-professionale-carbonio-55879.png","width":1024,"height":1024,"caption":"Pettine carbonio J\u00e4neke denti radi fitti per rifiniture precise"},{"@type":"BreadcrumbList","@id":"https:\/\/janeke1830.it\/es\/prodotto\/peine-profesional-de-carbono\/#breadcrumb","itemListElement":[{"@type":"ListItem","position":1,"name":"Home","item":"https:\/\/janeke1830.it\/"},{"@type":"ListItem","position":2,"name":"Tienda","item":"https:\/\/janeke1830.it\/es\/tienda\/"},{"@type":"ListItem","position":3,"name":"Peine profesional de carbono"}]},{"@type":"WebSite","@id":"https:\/\/janeke1830.it\/#website","url":"https:\/\/janeke1830.it\/","name":"J\u00e4neke 1830","description":"","publisher":{"@id":"https:\/\/janeke1830.it\/#organization"},"potentialAction":[{"@type":"SearchAction","target":{"@type":"EntryPoint","urlTemplate":"https:\/\/janeke1830.it\/?s={search_term_string}"},"query-input":{"@type":"PropertyValueSpecification","valueRequired":true,"valueName":"search_term_string"}}],"inLanguage":"es"},{"@type":"Organization","@id":"https:\/\/janeke1830.it\/#organization","name":"J\u00e4neke 1830","url":"https:\/\/janeke1830.it\/","logo":{"@type":"ImageObject","inLanguage":"es","@id":"https:\/\/janeke1830.it\/#\/schema\/logo\/image\/","url":"https:\/\/janeke1830.it\/wp-content\/uploads\/2025\/12\/logo-nero-janeke.png","contentUrl":"https:\/\/janeke1830.it\/wp-content\/uploads\/2025\/12\/logo-nero-janeke.png","width":1824,"height":829,"caption":"J\u00e4neke 1830"},"image":{"@id":"https:\/\/janeke1830.it\/#\/schema\/logo\/image\/"},"sameAs":["https:\/\/www.facebook.com\/janeke1830","https:\/\/www.instagram.com\/janeke1830official","https:\/\/www.linkedin.com\/company\/giorgio-janeke-s-r-l-\/"]}]}},"_links":{"self":[{"href":"https:\/\/janeke1830.it\/es\/wp-json\/wp\/v2\/product\/4147","targetHints":{"allow":["GET"]}}],"collection":[{"href":"https:\/\/janeke1830.it\/es\/wp-json\/wp\/v2\/product"}],"about":[{"href":"https:\/\/janeke1830.it\/es\/wp-json\/wp\/v2\/types\/product"}],"replies":[{"embeddable":true,"href":"https:\/\/janeke1830.it\/es\/wp-json\/wp\/v2\/comments?post=4147"}],"wp:featuredmedia":[{"embeddable":true,"href":"https:\/\/janeke1830.it\/es\/wp-json\/wp\/v2\/media\/4148"}],"wp:attachment":[{"href":"https:\/\/janeke1830.it\/es\/wp-json\/wp\/v2\/media?parent=4147"}],"wp:term":[{"taxonomy":"product_brand","embeddable":true,"href":"https:\/\/janeke1830.it\/es\/wp-json\/wp\/v2\/product_brand?post=4147"},{"taxonomy":"product_cat","embeddable":true,"href":"https:\/\/janeke1830.it\/es\/wp-json\/wp\/v2\/product_cat?post=4147"},{"taxonomy":"product_tag","embeddable":true,"href":"https:\/\/janeke1830.it\/es\/wp-json\/wp\/v2\/product_tag?post=4147"}],"curies":[{"name":"wp","href":"https:\/\/api.w.org\/{rel}","templated":true}]}}