{"id":4112,"date":"2026-01-03T11:55:35","date_gmt":"2026-01-03T10:55:35","guid":{"rendered":"https:\/\/janeke1830.it\/prodotto\/espejo-de-tocador-redondo-diam-160\/"},"modified":"2026-03-03T11:47:59","modified_gmt":"2026-03-03T10:47:59","slug":"espejo-de-tocador-redondo-diam-160","status":"publish","type":"product","link":"https:\/\/janeke1830.it\/es\/prodotto\/espejo-de-tocador-redondo-diam-160\/","title":{"rendered":"Espejo de tocador redondo di\u00e1m. 160"},"content":{"rendered":"","protected":false},"excerpt":{"rendered":"<p>El <strong>espejo de tocador redondo Janeke<\/strong> con un di\u00e1metro de <strong>160 mm<\/strong> ofrece una visi\u00f3n amplia y detallada, ideal para el maquillaje y el cuidado facial. Elegante y resistente, se adapta perfectamente a cualquier ambiente, garantizando practicidad y estilo. Fabricado con materiales de alta calidad, combina funcionalidad y dise\u00f1o refinado, asegurando precisi\u00f3n y fiabilidad firmadas por Janeke.  <\/p>\n","protected":false},"featured_media":4113,"comment_status":"closed","ping_status":"closed","template":"","meta":[],"product_brand":[814],"product_cat":[635],"product_tag":[695],"class_list":{"0":"post-4112","1":"product","2":"type-product","3":"status-publish","4":"has-post-thumbnail","6":"product_brand-luxury","7":"product_cat-espejos","8":"product_tag-espejos","10":"first","11":"instock","12":"shipping-taxable","13":"purchasable","14":"product-type-variable","15":"has-default-attributes","16":"wvs-archive-product-wrapper"},"yoast_head":"<!-- This site is optimized with the Yoast SEO plugin v27.1.1 - https:\/\/yoast.com\/product\/yoast-seo-wordpress\/ -->\n<title>Espejo de WC Redondo Di\u00e1metro 160 - J\u00e4neke 1830<\/title>\n<meta name=\"description\" content=\"A\u00f1ade elegancia a tu ritual de belleza con el espejo de tocador redondo J\u00e4neke de 160 de di\u00e1metro. Espacioso y refinado. C\u00f3mpralo ahora\" \/>\n<meta name=\"robots\" content=\"index, follow, max-snippet:-1, max-image-preview:large, max-video-preview:-1\" \/>\n<link rel=\"canonical\" href=\"https:\/\/janeke1830.it\/es\/prodotto\/espejo-de-tocador-redondo-diam-160\/\" \/>\n<meta property=\"og:locale\" content=\"es_ES\" \/>\n<meta property=\"og:type\" content=\"article\" \/>\n<meta property=\"og:title\" content=\"Espejo de WC Redondo Di\u00e1metro 160 - J\u00e4neke 1830\" \/>\n<meta property=\"og:description\" content=\"A\u00f1ade elegancia a tu ritual de belleza con el espejo de tocador redondo J\u00e4neke de 160 de di\u00e1metro. Espacioso y refinado. C\u00f3mpralo ahora\" \/>\n<meta property=\"og:url\" content=\"https:\/\/janeke1830.it\/es\/prodotto\/espejo-de-tocador-redondo-diam-160\/\" \/>\n<meta property=\"og:site_name\" content=\"J\u00e4neke\" \/>\n<meta property=\"article:publisher\" content=\"https:\/\/www.facebook.com\/janeke1830\" \/>\n<meta property=\"article:modified_time\" content=\"2026-03-03T10:47:59+00:00\" \/>\n<meta property=\"og:image\" content=\"https:\/\/janeke1830.it\/wp-content\/uploads\/2026\/01\/AU443.3.png\" \/>\n\t<meta property=\"og:image:width\" content=\"1024\" \/>\n\t<meta property=\"og:image:height\" content=\"1024\" \/>\n\t<meta property=\"og:image:type\" content=\"image\/png\" \/>\n<meta name=\"twitter:card\" content=\"summary_large_image\" \/>\n<script type=\"application\/ld+json\" class=\"yoast-schema-graph\">{\"@context\":\"https:\/\/schema.org\",\"@graph\":[{\"@type\":\"WebPage\",\"@id\":\"https:\/\/janeke1830.it\/es\/prodotto\/espejo-de-tocador-redondo-diam-160\/\",\"url\":\"https:\/\/janeke1830.it\/es\/prodotto\/espejo-de-tocador-redondo-diam-160\/\",\"name\":\"Espejo de WC Redondo Di\u00e1metro 160 - J\u00e4neke 1830\",\"isPartOf\":{\"@id\":\"https:\/\/janeke1830.it\/#website\"},\"primaryImageOfPage\":{\"@id\":\"https:\/\/janeke1830.it\/es\/prodotto\/espejo-de-tocador-redondo-diam-160\/#primaryimage\"},\"image\":{\"@id\":\"https:\/\/janeke1830.it\/es\/prodotto\/espejo-de-tocador-redondo-diam-160\/#primaryimage\"},\"thumbnailUrl\":\"https:\/\/janeke1830.it\/wp-content\/uploads\/2026\/01\/specchio-toeletta-rotondo-oro-au443.3.png\",\"datePublished\":\"2026-01-03T10:55:35+00:00\",\"dateModified\":\"2026-03-03T10:47:59+00:00\",\"description\":\"A\u00f1ade elegancia a tu ritual de belleza con el espejo de tocador redondo J\u00e4neke de 160 de di\u00e1metro. Espacioso y refinado. C\u00f3mpralo ahora\",\"breadcrumb\":{\"@id\":\"https:\/\/janeke1830.it\/es\/prodotto\/espejo-de-tocador-redondo-diam-160\/#breadcrumb\"},\"inLanguage\":\"es\",\"potentialAction\":[{\"@type\":\"ReadAction\",\"target\":[\"https:\/\/janeke1830.it\/es\/prodotto\/espejo-de-tocador-redondo-diam-160\/\"]}]},{\"@type\":\"ImageObject\",\"inLanguage\":\"es\",\"@id\":\"https:\/\/janeke1830.it\/es\/prodotto\/espejo-de-tocador-redondo-diam-160\/#primaryimage\",\"url\":\"https:\/\/janeke1830.it\/wp-content\/uploads\/2026\/01\/specchio-toeletta-rotondo-oro-au443.3.png\",\"contentUrl\":\"https:\/\/janeke1830.it\/wp-content\/uploads\/2026\/01\/specchio-toeletta-rotondo-oro-au443.3.png\",\"width\":1024,\"height\":1024,\"caption\":\"Specchio toeletta rotondo 160mm J\u00e4neke oro con visione ampia per trucco\"},{\"@type\":\"BreadcrumbList\",\"@id\":\"https:\/\/janeke1830.it\/es\/prodotto\/espejo-de-tocador-redondo-diam-160\/#breadcrumb\",\"itemListElement\":[{\"@type\":\"ListItem\",\"position\":1,\"name\":\"Home\",\"item\":\"https:\/\/janeke1830.it\/\"},{\"@type\":\"ListItem\",\"position\":2,\"name\":\"Tienda\",\"item\":\"https:\/\/janeke1830.it\/es\/tienda\/\"},{\"@type\":\"ListItem\",\"position\":3,\"name\":\"Espejo de tocador redondo di\u00e1m. 160\"}]},{\"@type\":\"WebSite\",\"@id\":\"https:\/\/janeke1830.it\/#website\",\"url\":\"https:\/\/janeke1830.it\/\",\"name\":\"J\u00e4neke 1830\",\"description\":\"\",\"publisher\":{\"@id\":\"https:\/\/janeke1830.it\/#organization\"},\"potentialAction\":[{\"@type\":\"SearchAction\",\"target\":{\"@type\":\"EntryPoint\",\"urlTemplate\":\"https:\/\/janeke1830.it\/?s={search_term_string}\"},\"query-input\":{\"@type\":\"PropertyValueSpecification\",\"valueRequired\":true,\"valueName\":\"search_term_string\"}}],\"inLanguage\":\"es\"},{\"@type\":\"Organization\",\"@id\":\"https:\/\/janeke1830.it\/#organization\",\"name\":\"J\u00e4neke 1830\",\"url\":\"https:\/\/janeke1830.it\/\",\"logo\":{\"@type\":\"ImageObject\",\"inLanguage\":\"es\",\"@id\":\"https:\/\/janeke1830.it\/#\/schema\/logo\/image\/\",\"url\":\"https:\/\/janeke1830.it\/wp-content\/uploads\/2025\/12\/logo-nero-janeke.png\",\"contentUrl\":\"https:\/\/janeke1830.it\/wp-content\/uploads\/2025\/12\/logo-nero-janeke.png\",\"width\":1824,\"height\":829,\"caption\":\"J\u00e4neke 1830\"},\"image\":{\"@id\":\"https:\/\/janeke1830.it\/#\/schema\/logo\/image\/\"},\"sameAs\":[\"https:\/\/www.facebook.com\/janeke1830\",\"https:\/\/www.instagram.com\/janeke1830official\",\"https:\/\/www.linkedin.com\/company\/giorgio-janeke-s-r-l-\/\"]}]}<\/script>\n<!-- \/ Yoast SEO plugin. -->","yoast_head_json":{"title":"Espejo de WC Redondo Di\u00e1metro 160 - J\u00e4neke 1830","description":"A\u00f1ade elegancia a tu ritual de belleza con el espejo de tocador redondo J\u00e4neke de 160 de di\u00e1metro. Espacioso y refinado. C\u00f3mpralo ahora","robots":{"index":"index","follow":"follow","max-snippet":"max-snippet:-1","max-image-preview":"max-image-preview:large","max-video-preview":"max-video-preview:-1"},"canonical":"https:\/\/janeke1830.it\/es\/prodotto\/espejo-de-tocador-redondo-diam-160\/","og_locale":"es_ES","og_type":"article","og_title":"Espejo de WC Redondo Di\u00e1metro 160 - J\u00e4neke 1830","og_description":"A\u00f1ade elegancia a tu ritual de belleza con el espejo de tocador redondo J\u00e4neke de 160 de di\u00e1metro. Espacioso y refinado. C\u00f3mpralo ahora","og_url":"https:\/\/janeke1830.it\/es\/prodotto\/espejo-de-tocador-redondo-diam-160\/","og_site_name":"J\u00e4neke","article_publisher":"https:\/\/www.facebook.com\/janeke1830","article_modified_time":"2026-03-03T10:47:59+00:00","og_image":[{"width":1024,"height":1024,"url":"https:\/\/janeke1830.it\/wp-content\/uploads\/2026\/01\/AU443.3.png","type":"image\/png"}],"twitter_card":"summary_large_image","schema":{"@context":"https:\/\/schema.org","@graph":[{"@type":"WebPage","@id":"https:\/\/janeke1830.it\/es\/prodotto\/espejo-de-tocador-redondo-diam-160\/","url":"https:\/\/janeke1830.it\/es\/prodotto\/espejo-de-tocador-redondo-diam-160\/","name":"Espejo de WC Redondo Di\u00e1metro 160 - J\u00e4neke 1830","isPartOf":{"@id":"https:\/\/janeke1830.it\/#website"},"primaryImageOfPage":{"@id":"https:\/\/janeke1830.it\/es\/prodotto\/espejo-de-tocador-redondo-diam-160\/#primaryimage"},"image":{"@id":"https:\/\/janeke1830.it\/es\/prodotto\/espejo-de-tocador-redondo-diam-160\/#primaryimage"},"thumbnailUrl":"https:\/\/janeke1830.it\/wp-content\/uploads\/2026\/01\/specchio-toeletta-rotondo-oro-au443.3.png","datePublished":"2026-01-03T10:55:35+00:00","dateModified":"2026-03-03T10:47:59+00:00","description":"A\u00f1ade elegancia a tu ritual de belleza con el espejo de tocador redondo J\u00e4neke de 160 de di\u00e1metro. Espacioso y refinado. C\u00f3mpralo ahora","breadcrumb":{"@id":"https:\/\/janeke1830.it\/es\/prodotto\/espejo-de-tocador-redondo-diam-160\/#breadcrumb"},"inLanguage":"es","potentialAction":[{"@type":"ReadAction","target":["https:\/\/janeke1830.it\/es\/prodotto\/espejo-de-tocador-redondo-diam-160\/"]}]},{"@type":"ImageObject","inLanguage":"es","@id":"https:\/\/janeke1830.it\/es\/prodotto\/espejo-de-tocador-redondo-diam-160\/#primaryimage","url":"https:\/\/janeke1830.it\/wp-content\/uploads\/2026\/01\/specchio-toeletta-rotondo-oro-au443.3.png","contentUrl":"https:\/\/janeke1830.it\/wp-content\/uploads\/2026\/01\/specchio-toeletta-rotondo-oro-au443.3.png","width":1024,"height":1024,"caption":"Specchio toeletta rotondo 160mm J\u00e4neke oro con visione ampia per trucco"},{"@type":"BreadcrumbList","@id":"https:\/\/janeke1830.it\/es\/prodotto\/espejo-de-tocador-redondo-diam-160\/#breadcrumb","itemListElement":[{"@type":"ListItem","position":1,"name":"Home","item":"https:\/\/janeke1830.it\/"},{"@type":"ListItem","position":2,"name":"Tienda","item":"https:\/\/janeke1830.it\/es\/tienda\/"},{"@type":"ListItem","position":3,"name":"Espejo de tocador redondo di\u00e1m. 160"}]},{"@type":"WebSite","@id":"https:\/\/janeke1830.it\/#website","url":"https:\/\/janeke1830.it\/","name":"J\u00e4neke 1830","description":"","publisher":{"@id":"https:\/\/janeke1830.it\/#organization"},"potentialAction":[{"@type":"SearchAction","target":{"@type":"EntryPoint","urlTemplate":"https:\/\/janeke1830.it\/?s={search_term_string}"},"query-input":{"@type":"PropertyValueSpecification","valueRequired":true,"valueName":"search_term_string"}}],"inLanguage":"es"},{"@type":"Organization","@id":"https:\/\/janeke1830.it\/#organization","name":"J\u00e4neke 1830","url":"https:\/\/janeke1830.it\/","logo":{"@type":"ImageObject","inLanguage":"es","@id":"https:\/\/janeke1830.it\/#\/schema\/logo\/image\/","url":"https:\/\/janeke1830.it\/wp-content\/uploads\/2025\/12\/logo-nero-janeke.png","contentUrl":"https:\/\/janeke1830.it\/wp-content\/uploads\/2025\/12\/logo-nero-janeke.png","width":1824,"height":829,"caption":"J\u00e4neke 1830"},"image":{"@id":"https:\/\/janeke1830.it\/#\/schema\/logo\/image\/"},"sameAs":["https:\/\/www.facebook.com\/janeke1830","https:\/\/www.instagram.com\/janeke1830official","https:\/\/www.linkedin.com\/company\/giorgio-janeke-s-r-l-\/"]}]}},"_links":{"self":[{"href":"https:\/\/janeke1830.it\/es\/wp-json\/wp\/v2\/product\/4112","targetHints":{"allow":["GET"]}}],"collection":[{"href":"https:\/\/janeke1830.it\/es\/wp-json\/wp\/v2\/product"}],"about":[{"href":"https:\/\/janeke1830.it\/es\/wp-json\/wp\/v2\/types\/product"}],"replies":[{"embeddable":true,"href":"https:\/\/janeke1830.it\/es\/wp-json\/wp\/v2\/comments?post=4112"}],"wp:featuredmedia":[{"embeddable":true,"href":"https:\/\/janeke1830.it\/es\/wp-json\/wp\/v2\/media\/4113"}],"wp:attachment":[{"href":"https:\/\/janeke1830.it\/es\/wp-json\/wp\/v2\/media?parent=4112"}],"wp:term":[{"taxonomy":"product_brand","embeddable":true,"href":"https:\/\/janeke1830.it\/es\/wp-json\/wp\/v2\/product_brand?post=4112"},{"taxonomy":"product_cat","embeddable":true,"href":"https:\/\/janeke1830.it\/es\/wp-json\/wp\/v2\/product_cat?post=4112"},{"taxonomy":"product_tag","embeddable":true,"href":"https:\/\/janeke1830.it\/es\/wp-json\/wp\/v2\/product_tag?post=4112"}],"curies":[{"name":"wp","href":"https:\/\/api.w.org\/{rel}","templated":true}]}}