{"id":4007,"date":"2026-01-07T09:01:36","date_gmt":"2026-01-07T08:01:36","guid":{"rendered":"https:\/\/janeke1830.it\/prodotto\/barrita-con-borde-dorado\/"},"modified":"2026-02-02T11:05:46","modified_gmt":"2026-02-02T10:05:46","slug":"barrita-con-borde-dorado","status":"publish","type":"product","link":"https:\/\/janeke1830.it\/es\/prodotto\/barrita-con-borde-dorado\/","title":{"rendered":"Barrita con borde dorado"},"content":{"rendered":"","protected":false},"excerpt":{"rendered":"<p>Refinada y elegante, fija delicadamente el cabello sin da\u00f1arlo, combinando funcionalidad y estilo en un \u00fanico accesorio. El acabado dorado a\u00f1ade un toque de clase, transformando un simple detalle en un elemento distintivo del look. <\/p>\n<p>Perfecta para todo tipo de cabello, es ideal tanto para el uso diario como para ocasiones especiales, uniendo practicidad, confort y la calidad artesanal t\u00edpica de la marca Janeke.<\/p>\n","protected":false},"featured_media":4008,"comment_status":"closed","ping_status":"closed","template":"","meta":[],"product_brand":[814],"product_cat":[676],"product_tag":[677],"class_list":{"0":"post-4007","1":"product","2":"type-product","3":"status-publish","4":"has-post-thumbnail","6":"product_brand-luxury","7":"product_cat-accesorios-para-el-cabello","8":"product_tag-accesorios-para-el-cabello","10":"first","11":"instock","12":"shipping-taxable","13":"purchasable","14":"product-type-variable","15":"wvs-archive-product-wrapper"},"yoast_head":"<!-- This site is optimized with the Yoast SEO plugin v27.1.1 - https:\/\/yoast.com\/product\/yoast-seo-wordpress\/ -->\n<title>Barra de oro J\u00e4neke 1830 - Detalle de clase<\/title>\n<meta name=\"description\" content=\"Para un look distintivo y delicado, el pasador con bordes dorados J\u00e4neke fija el pelo sin da\u00f1arlo. \u00a1A\u00f1\u00e1delo a tu cesta!\" \/>\n<meta name=\"robots\" content=\"index, follow, max-snippet:-1, max-image-preview:large, max-video-preview:-1\" \/>\n<link rel=\"canonical\" href=\"https:\/\/janeke1830.it\/es\/prodotto\/barrita-con-borde-dorado\/\" \/>\n<meta property=\"og:locale\" content=\"es_ES\" \/>\n<meta property=\"og:type\" content=\"article\" \/>\n<meta property=\"og:title\" content=\"Barra de oro J\u00e4neke 1830 - Detalle de clase\" \/>\n<meta property=\"og:description\" content=\"Para un look distintivo y delicado, el pasador con bordes dorados J\u00e4neke fija el pelo sin da\u00f1arlo. \u00a1A\u00f1\u00e1delo a tu cesta!\" \/>\n<meta property=\"og:url\" content=\"https:\/\/janeke1830.it\/es\/prodotto\/barrita-con-borde-dorado\/\" \/>\n<meta property=\"og:site_name\" content=\"J\u00e4neke\" \/>\n<meta property=\"article:publisher\" content=\"https:\/\/www.facebook.com\/janeke1830\" \/>\n<meta property=\"article:modified_time\" content=\"2026-02-02T10:05:46+00:00\" \/>\n<meta property=\"og:image\" content=\"https:\/\/janeke1830.it\/wp-content\/uploads\/2025\/12\/JG45020GDBL.png\" \/>\n\t<meta property=\"og:image:width\" content=\"1024\" \/>\n\t<meta property=\"og:image:height\" content=\"1024\" \/>\n\t<meta property=\"og:image:type\" content=\"image\/png\" \/>\n<meta name=\"twitter:card\" content=\"summary_large_image\" \/>\n<script type=\"application\/ld+json\" class=\"yoast-schema-graph\">{\"@context\":\"https:\/\/schema.org\",\"@graph\":[{\"@type\":\"WebPage\",\"@id\":\"https:\/\/janeke1830.it\/es\/prodotto\/barrita-con-borde-dorado\/\",\"url\":\"https:\/\/janeke1830.it\/es\/prodotto\/barrita-con-borde-dorado\/\",\"name\":\"Barra de oro J\u00e4neke 1830 - Detalle de clase\",\"isPartOf\":{\"@id\":\"https:\/\/janeke1830.it\/#website\"},\"primaryImageOfPage\":{\"@id\":\"https:\/\/janeke1830.it\/es\/prodotto\/barrita-con-borde-dorado\/#primaryimage\"},\"image\":{\"@id\":\"https:\/\/janeke1830.it\/es\/prodotto\/barrita-con-borde-dorado\/#primaryimage\"},\"thumbnailUrl\":\"https:\/\/janeke1830.it\/wp-content\/uploads\/2025\/12\/barretta-bordata-oro-tartaruga-jg45020gdbl.png\",\"datePublished\":\"2026-01-07T08:01:36+00:00\",\"dateModified\":\"2026-02-02T10:05:46+00:00\",\"description\":\"Para un look distintivo y delicado, el pasador con bordes dorados J\u00e4neke fija el pelo sin da\u00f1arlo. \u00a1A\u00f1\u00e1delo a tu cesta!\",\"breadcrumb\":{\"@id\":\"https:\/\/janeke1830.it\/es\/prodotto\/barrita-con-borde-dorado\/#breadcrumb\"},\"inLanguage\":\"es\",\"potentialAction\":[{\"@type\":\"ReadAction\",\"target\":[\"https:\/\/janeke1830.it\/es\/prodotto\/barrita-con-borde-dorado\/\"]}]},{\"@type\":\"ImageObject\",\"inLanguage\":\"es\",\"@id\":\"https:\/\/janeke1830.it\/es\/prodotto\/barrita-con-borde-dorado\/#primaryimage\",\"url\":\"https:\/\/janeke1830.it\/wp-content\/uploads\/2025\/12\/barretta-bordata-oro-tartaruga-jg45020gdbl.png\",\"contentUrl\":\"https:\/\/janeke1830.it\/wp-content\/uploads\/2025\/12\/barretta-bordata-oro-tartaruga-jg45020gdbl.png\",\"width\":1024,\"height\":1024,\"caption\":\"Barretta bordata oro J\u00e4neke tartaruga elegante e delicata sulla fibra capillare\"},{\"@type\":\"BreadcrumbList\",\"@id\":\"https:\/\/janeke1830.it\/es\/prodotto\/barrita-con-borde-dorado\/#breadcrumb\",\"itemListElement\":[{\"@type\":\"ListItem\",\"position\":1,\"name\":\"Home\",\"item\":\"https:\/\/janeke1830.it\/\"},{\"@type\":\"ListItem\",\"position\":2,\"name\":\"Tienda\",\"item\":\"https:\/\/janeke1830.it\/es\/tienda\/\"},{\"@type\":\"ListItem\",\"position\":3,\"name\":\"Barrita con borde dorado\"}]},{\"@type\":\"WebSite\",\"@id\":\"https:\/\/janeke1830.it\/#website\",\"url\":\"https:\/\/janeke1830.it\/\",\"name\":\"J\u00e4neke 1830\",\"description\":\"\",\"publisher\":{\"@id\":\"https:\/\/janeke1830.it\/#organization\"},\"potentialAction\":[{\"@type\":\"SearchAction\",\"target\":{\"@type\":\"EntryPoint\",\"urlTemplate\":\"https:\/\/janeke1830.it\/?s={search_term_string}\"},\"query-input\":{\"@type\":\"PropertyValueSpecification\",\"valueRequired\":true,\"valueName\":\"search_term_string\"}}],\"inLanguage\":\"es\"},{\"@type\":\"Organization\",\"@id\":\"https:\/\/janeke1830.it\/#organization\",\"name\":\"J\u00e4neke 1830\",\"url\":\"https:\/\/janeke1830.it\/\",\"logo\":{\"@type\":\"ImageObject\",\"inLanguage\":\"es\",\"@id\":\"https:\/\/janeke1830.it\/#\/schema\/logo\/image\/\",\"url\":\"https:\/\/janeke1830.it\/wp-content\/uploads\/2025\/12\/logo-nero-janeke.png\",\"contentUrl\":\"https:\/\/janeke1830.it\/wp-content\/uploads\/2025\/12\/logo-nero-janeke.png\",\"width\":1824,\"height\":829,\"caption\":\"J\u00e4neke 1830\"},\"image\":{\"@id\":\"https:\/\/janeke1830.it\/#\/schema\/logo\/image\/\"},\"sameAs\":[\"https:\/\/www.facebook.com\/janeke1830\",\"https:\/\/www.instagram.com\/janeke1830official\",\"https:\/\/www.linkedin.com\/company\/giorgio-janeke-s-r-l-\/\"]}]}<\/script>\n<!-- \/ Yoast SEO plugin. -->","yoast_head_json":{"title":"Barra de oro J\u00e4neke 1830 - Detalle de clase","description":"Para un look distintivo y delicado, el pasador con bordes dorados J\u00e4neke fija el pelo sin da\u00f1arlo. \u00a1A\u00f1\u00e1delo a tu cesta!","robots":{"index":"index","follow":"follow","max-snippet":"max-snippet:-1","max-image-preview":"max-image-preview:large","max-video-preview":"max-video-preview:-1"},"canonical":"https:\/\/janeke1830.it\/es\/prodotto\/barrita-con-borde-dorado\/","og_locale":"es_ES","og_type":"article","og_title":"Barra de oro J\u00e4neke 1830 - Detalle de clase","og_description":"Para un look distintivo y delicado, el pasador con bordes dorados J\u00e4neke fija el pelo sin da\u00f1arlo. \u00a1A\u00f1\u00e1delo a tu cesta!","og_url":"https:\/\/janeke1830.it\/es\/prodotto\/barrita-con-borde-dorado\/","og_site_name":"J\u00e4neke","article_publisher":"https:\/\/www.facebook.com\/janeke1830","article_modified_time":"2026-02-02T10:05:46+00:00","og_image":[{"width":1024,"height":1024,"url":"https:\/\/janeke1830.it\/wp-content\/uploads\/2025\/12\/JG45020GDBL.png","type":"image\/png"}],"twitter_card":"summary_large_image","schema":{"@context":"https:\/\/schema.org","@graph":[{"@type":"WebPage","@id":"https:\/\/janeke1830.it\/es\/prodotto\/barrita-con-borde-dorado\/","url":"https:\/\/janeke1830.it\/es\/prodotto\/barrita-con-borde-dorado\/","name":"Barra de oro J\u00e4neke 1830 - Detalle de clase","isPartOf":{"@id":"https:\/\/janeke1830.it\/#website"},"primaryImageOfPage":{"@id":"https:\/\/janeke1830.it\/es\/prodotto\/barrita-con-borde-dorado\/#primaryimage"},"image":{"@id":"https:\/\/janeke1830.it\/es\/prodotto\/barrita-con-borde-dorado\/#primaryimage"},"thumbnailUrl":"https:\/\/janeke1830.it\/wp-content\/uploads\/2025\/12\/barretta-bordata-oro-tartaruga-jg45020gdbl.png","datePublished":"2026-01-07T08:01:36+00:00","dateModified":"2026-02-02T10:05:46+00:00","description":"Para un look distintivo y delicado, el pasador con bordes dorados J\u00e4neke fija el pelo sin da\u00f1arlo. \u00a1A\u00f1\u00e1delo a tu cesta!","breadcrumb":{"@id":"https:\/\/janeke1830.it\/es\/prodotto\/barrita-con-borde-dorado\/#breadcrumb"},"inLanguage":"es","potentialAction":[{"@type":"ReadAction","target":["https:\/\/janeke1830.it\/es\/prodotto\/barrita-con-borde-dorado\/"]}]},{"@type":"ImageObject","inLanguage":"es","@id":"https:\/\/janeke1830.it\/es\/prodotto\/barrita-con-borde-dorado\/#primaryimage","url":"https:\/\/janeke1830.it\/wp-content\/uploads\/2025\/12\/barretta-bordata-oro-tartaruga-jg45020gdbl.png","contentUrl":"https:\/\/janeke1830.it\/wp-content\/uploads\/2025\/12\/barretta-bordata-oro-tartaruga-jg45020gdbl.png","width":1024,"height":1024,"caption":"Barretta bordata oro J\u00e4neke tartaruga elegante e delicata sulla fibra capillare"},{"@type":"BreadcrumbList","@id":"https:\/\/janeke1830.it\/es\/prodotto\/barrita-con-borde-dorado\/#breadcrumb","itemListElement":[{"@type":"ListItem","position":1,"name":"Home","item":"https:\/\/janeke1830.it\/"},{"@type":"ListItem","position":2,"name":"Tienda","item":"https:\/\/janeke1830.it\/es\/tienda\/"},{"@type":"ListItem","position":3,"name":"Barrita con borde dorado"}]},{"@type":"WebSite","@id":"https:\/\/janeke1830.it\/#website","url":"https:\/\/janeke1830.it\/","name":"J\u00e4neke 1830","description":"","publisher":{"@id":"https:\/\/janeke1830.it\/#organization"},"potentialAction":[{"@type":"SearchAction","target":{"@type":"EntryPoint","urlTemplate":"https:\/\/janeke1830.it\/?s={search_term_string}"},"query-input":{"@type":"PropertyValueSpecification","valueRequired":true,"valueName":"search_term_string"}}],"inLanguage":"es"},{"@type":"Organization","@id":"https:\/\/janeke1830.it\/#organization","name":"J\u00e4neke 1830","url":"https:\/\/janeke1830.it\/","logo":{"@type":"ImageObject","inLanguage":"es","@id":"https:\/\/janeke1830.it\/#\/schema\/logo\/image\/","url":"https:\/\/janeke1830.it\/wp-content\/uploads\/2025\/12\/logo-nero-janeke.png","contentUrl":"https:\/\/janeke1830.it\/wp-content\/uploads\/2025\/12\/logo-nero-janeke.png","width":1824,"height":829,"caption":"J\u00e4neke 1830"},"image":{"@id":"https:\/\/janeke1830.it\/#\/schema\/logo\/image\/"},"sameAs":["https:\/\/www.facebook.com\/janeke1830","https:\/\/www.instagram.com\/janeke1830official","https:\/\/www.linkedin.com\/company\/giorgio-janeke-s-r-l-\/"]}]}},"_links":{"self":[{"href":"https:\/\/janeke1830.it\/es\/wp-json\/wp\/v2\/product\/4007","targetHints":{"allow":["GET"]}}],"collection":[{"href":"https:\/\/janeke1830.it\/es\/wp-json\/wp\/v2\/product"}],"about":[{"href":"https:\/\/janeke1830.it\/es\/wp-json\/wp\/v2\/types\/product"}],"replies":[{"embeddable":true,"href":"https:\/\/janeke1830.it\/es\/wp-json\/wp\/v2\/comments?post=4007"}],"wp:featuredmedia":[{"embeddable":true,"href":"https:\/\/janeke1830.it\/es\/wp-json\/wp\/v2\/media\/4008"}],"wp:attachment":[{"href":"https:\/\/janeke1830.it\/es\/wp-json\/wp\/v2\/media?parent=4007"}],"wp:term":[{"taxonomy":"product_brand","embeddable":true,"href":"https:\/\/janeke1830.it\/es\/wp-json\/wp\/v2\/product_brand?post=4007"},{"taxonomy":"product_cat","embeddable":true,"href":"https:\/\/janeke1830.it\/es\/wp-json\/wp\/v2\/product_cat?post=4007"},{"taxonomy":"product_tag","embeddable":true,"href":"https:\/\/janeke1830.it\/es\/wp-json\/wp\/v2\/product_tag?post=4007"}],"curies":[{"name":"wp","href":"https:\/\/api.w.org\/{rel}","templated":true}]}}