{"id":3898,"date":"2026-01-07T11:25:21","date_gmt":"2026-01-07T10:25:21","guid":{"rendered":"https:\/\/janeke1830.it\/prodotto\/pinza-pequena-con-borde-dorado-de-4-dientes\/"},"modified":"2026-02-02T11:03:48","modified_gmt":"2026-02-02T10:03:48","slug":"pinza-pequena-con-borde-dorado-de-4-dientes","status":"publish","type":"product","link":"https:\/\/janeke1830.it\/es\/prodotto\/pinza-pequena-con-borde-dorado-de-4-dientes\/","title":{"rendered":"Pinza peque\u00f1a con borde dorado de 4 dientes"},"content":{"rendered":"","protected":false},"excerpt":{"rendered":"<p>Compacta y refinada, fija el cabello con practicidad y elegancia en un formato manejable. Los cuatro dientes bien distanciados aseguran un agarre delicado pero seguro, manteniendo el cabello ordenado sin quebrarlo. El acabado dorado a\u00f1ade un toque de estilo sofisticado, haci\u00e9ndola perfecta para usar a diario o para llevar en el bolso.  <\/p>\n<p>Un accesorio indispensable que une confort, funcionalidad y la calidad artesanal t\u00edpica de la marca Janeke.<\/p>\n","protected":false},"featured_media":3899,"comment_status":"closed","ping_status":"closed","template":"","meta":[],"product_brand":[814],"product_cat":[676],"product_tag":[677,685],"class_list":{"0":"post-3898","1":"product","2":"type-product","3":"status-publish","4":"has-post-thumbnail","6":"product_brand-luxury","7":"product_cat-accesorios-para-el-cabello","8":"product_tag-accesorios-para-el-cabello","9":"product_tag-pinza","11":"first","12":"instock","13":"shipping-taxable","14":"purchasable","15":"product-type-variable","16":"wvs-archive-product-wrapper"},"yoast_head":"<!-- This site is optimized with the Yoast SEO plugin v27.1.1 - https:\/\/yoast.com\/product\/yoast-seo-wordpress\/ -->\n<title>Alicates Peque\u00f1os J\u00e4neke de 4 P\u00faas Bordados en Oro - Compactos y Elegantes<\/title>\n<meta name=\"description\" content=\"Ideales para llevar en el bolso, los alicates peque\u00f1os J\u00e4neke de 4 dientes y filo dorado combinan un estilo sofisticado con un agarre seguro. \u00a1P\u00eddelo ya!\" \/>\n<meta name=\"robots\" content=\"index, follow, max-snippet:-1, max-image-preview:large, max-video-preview:-1\" \/>\n<link rel=\"canonical\" href=\"https:\/\/janeke1830.it\/es\/prodotto\/pinza-pequena-con-borde-dorado-de-4-dientes\/\" \/>\n<meta property=\"og:locale\" content=\"es_ES\" \/>\n<meta property=\"og:type\" content=\"article\" \/>\n<meta property=\"og:title\" content=\"Alicates Peque\u00f1os J\u00e4neke de 4 P\u00faas Bordados en Oro - Compactos y Elegantes\" \/>\n<meta property=\"og:description\" content=\"Ideales para llevar en el bolso, los alicates peque\u00f1os J\u00e4neke de 4 dientes y filo dorado combinan un estilo sofisticado con un agarre seguro. \u00a1P\u00eddelo ya!\" \/>\n<meta property=\"og:url\" content=\"https:\/\/janeke1830.it\/es\/prodotto\/pinza-pequena-con-borde-dorado-de-4-dientes\/\" \/>\n<meta property=\"og:site_name\" content=\"J\u00e4neke\" \/>\n<meta property=\"article:publisher\" content=\"https:\/\/www.facebook.com\/janeke1830\" \/>\n<meta property=\"article:modified_time\" content=\"2026-02-02T10:03:48+00:00\" \/>\n<meta property=\"og:image\" content=\"https:\/\/janeke1830.it\/wp-content\/uploads\/2025\/12\/JG29106DBL.png\" \/>\n\t<meta property=\"og:image:width\" content=\"1024\" \/>\n\t<meta property=\"og:image:height\" content=\"1024\" \/>\n\t<meta property=\"og:image:type\" content=\"image\/png\" \/>\n<meta name=\"twitter:card\" content=\"summary_large_image\" \/>\n<script type=\"application\/ld+json\" class=\"yoast-schema-graph\">{\"@context\":\"https:\/\/schema.org\",\"@graph\":[{\"@type\":\"WebPage\",\"@id\":\"https:\/\/janeke1830.it\/es\/prodotto\/pinza-pequena-con-borde-dorado-de-4-dientes\/\",\"url\":\"https:\/\/janeke1830.it\/es\/prodotto\/pinza-pequena-con-borde-dorado-de-4-dientes\/\",\"name\":\"Alicates Peque\u00f1os J\u00e4neke de 4 P\u00faas Bordados en Oro - Compactos y Elegantes\",\"isPartOf\":{\"@id\":\"https:\/\/janeke1830.it\/#website\"},\"primaryImageOfPage\":{\"@id\":\"https:\/\/janeke1830.it\/es\/prodotto\/pinza-pequena-con-borde-dorado-de-4-dientes\/#primaryimage\"},\"image\":{\"@id\":\"https:\/\/janeke1830.it\/es\/prodotto\/pinza-pequena-con-borde-dorado-de-4-dientes\/#primaryimage\"},\"thumbnailUrl\":\"https:\/\/janeke1830.it\/wp-content\/uploads\/2025\/12\/pinza-piccola-bordata-tartaruga-jg29106dbl.png\",\"datePublished\":\"2026-01-07T10:25:21+00:00\",\"dateModified\":\"2026-02-02T10:03:48+00:00\",\"description\":\"Ideales para llevar en el bolso, los alicates peque\u00f1os J\u00e4neke de 4 dientes y filo dorado combinan un estilo sofisticado con un agarre seguro. \u00a1P\u00eddelo ya!\",\"breadcrumb\":{\"@id\":\"https:\/\/janeke1830.it\/es\/prodotto\/pinza-pequena-con-borde-dorado-de-4-dientes\/#breadcrumb\"},\"inLanguage\":\"es\",\"potentialAction\":[{\"@type\":\"ReadAction\",\"target\":[\"https:\/\/janeke1830.it\/es\/prodotto\/pinza-pequena-con-borde-dorado-de-4-dientes\/\"]}]},{\"@type\":\"ImageObject\",\"inLanguage\":\"es\",\"@id\":\"https:\/\/janeke1830.it\/es\/prodotto\/pinza-pequena-con-borde-dorado-de-4-dientes\/#primaryimage\",\"url\":\"https:\/\/janeke1830.it\/wp-content\/uploads\/2025\/12\/pinza-piccola-bordata-tartaruga-jg29106dbl.png\",\"contentUrl\":\"https:\/\/janeke1830.it\/wp-content\/uploads\/2025\/12\/pinza-piccola-bordata-tartaruga-jg29106dbl.png\",\"width\":1024,\"height\":1024,\"caption\":\"Pinza piccola 4 denti oro J\u00e4neke tartaruga comoda e sicura sui capelli\"},{\"@type\":\"BreadcrumbList\",\"@id\":\"https:\/\/janeke1830.it\/es\/prodotto\/pinza-pequena-con-borde-dorado-de-4-dientes\/#breadcrumb\",\"itemListElement\":[{\"@type\":\"ListItem\",\"position\":1,\"name\":\"Home\",\"item\":\"https:\/\/janeke1830.it\/\"},{\"@type\":\"ListItem\",\"position\":2,\"name\":\"Tienda\",\"item\":\"https:\/\/janeke1830.it\/es\/tienda\/\"},{\"@type\":\"ListItem\",\"position\":3,\"name\":\"Pinza peque\u00f1a con borde dorado de 4 dientes\"}]},{\"@type\":\"WebSite\",\"@id\":\"https:\/\/janeke1830.it\/#website\",\"url\":\"https:\/\/janeke1830.it\/\",\"name\":\"J\u00e4neke 1830\",\"description\":\"\",\"publisher\":{\"@id\":\"https:\/\/janeke1830.it\/#organization\"},\"potentialAction\":[{\"@type\":\"SearchAction\",\"target\":{\"@type\":\"EntryPoint\",\"urlTemplate\":\"https:\/\/janeke1830.it\/?s={search_term_string}\"},\"query-input\":{\"@type\":\"PropertyValueSpecification\",\"valueRequired\":true,\"valueName\":\"search_term_string\"}}],\"inLanguage\":\"es\"},{\"@type\":\"Organization\",\"@id\":\"https:\/\/janeke1830.it\/#organization\",\"name\":\"J\u00e4neke 1830\",\"url\":\"https:\/\/janeke1830.it\/\",\"logo\":{\"@type\":\"ImageObject\",\"inLanguage\":\"es\",\"@id\":\"https:\/\/janeke1830.it\/#\/schema\/logo\/image\/\",\"url\":\"https:\/\/janeke1830.it\/wp-content\/uploads\/2025\/12\/logo-nero-janeke.png\",\"contentUrl\":\"https:\/\/janeke1830.it\/wp-content\/uploads\/2025\/12\/logo-nero-janeke.png\",\"width\":1824,\"height\":829,\"caption\":\"J\u00e4neke 1830\"},\"image\":{\"@id\":\"https:\/\/janeke1830.it\/#\/schema\/logo\/image\/\"},\"sameAs\":[\"https:\/\/www.facebook.com\/janeke1830\",\"https:\/\/www.instagram.com\/janeke1830official\",\"https:\/\/www.linkedin.com\/company\/giorgio-janeke-s-r-l-\/\"]}]}<\/script>\n<!-- \/ Yoast SEO plugin. -->","yoast_head_json":{"title":"Alicates Peque\u00f1os J\u00e4neke de 4 P\u00faas Bordados en Oro - Compactos y Elegantes","description":"Ideales para llevar en el bolso, los alicates peque\u00f1os J\u00e4neke de 4 dientes y filo dorado combinan un estilo sofisticado con un agarre seguro. \u00a1P\u00eddelo ya!","robots":{"index":"index","follow":"follow","max-snippet":"max-snippet:-1","max-image-preview":"max-image-preview:large","max-video-preview":"max-video-preview:-1"},"canonical":"https:\/\/janeke1830.it\/es\/prodotto\/pinza-pequena-con-borde-dorado-de-4-dientes\/","og_locale":"es_ES","og_type":"article","og_title":"Alicates Peque\u00f1os J\u00e4neke de 4 P\u00faas Bordados en Oro - Compactos y Elegantes","og_description":"Ideales para llevar en el bolso, los alicates peque\u00f1os J\u00e4neke de 4 dientes y filo dorado combinan un estilo sofisticado con un agarre seguro. \u00a1P\u00eddelo ya!","og_url":"https:\/\/janeke1830.it\/es\/prodotto\/pinza-pequena-con-borde-dorado-de-4-dientes\/","og_site_name":"J\u00e4neke","article_publisher":"https:\/\/www.facebook.com\/janeke1830","article_modified_time":"2026-02-02T10:03:48+00:00","og_image":[{"width":1024,"height":1024,"url":"https:\/\/janeke1830.it\/wp-content\/uploads\/2025\/12\/JG29106DBL.png","type":"image\/png"}],"twitter_card":"summary_large_image","schema":{"@context":"https:\/\/schema.org","@graph":[{"@type":"WebPage","@id":"https:\/\/janeke1830.it\/es\/prodotto\/pinza-pequena-con-borde-dorado-de-4-dientes\/","url":"https:\/\/janeke1830.it\/es\/prodotto\/pinza-pequena-con-borde-dorado-de-4-dientes\/","name":"Alicates Peque\u00f1os J\u00e4neke de 4 P\u00faas Bordados en Oro - Compactos y Elegantes","isPartOf":{"@id":"https:\/\/janeke1830.it\/#website"},"primaryImageOfPage":{"@id":"https:\/\/janeke1830.it\/es\/prodotto\/pinza-pequena-con-borde-dorado-de-4-dientes\/#primaryimage"},"image":{"@id":"https:\/\/janeke1830.it\/es\/prodotto\/pinza-pequena-con-borde-dorado-de-4-dientes\/#primaryimage"},"thumbnailUrl":"https:\/\/janeke1830.it\/wp-content\/uploads\/2025\/12\/pinza-piccola-bordata-tartaruga-jg29106dbl.png","datePublished":"2026-01-07T10:25:21+00:00","dateModified":"2026-02-02T10:03:48+00:00","description":"Ideales para llevar en el bolso, los alicates peque\u00f1os J\u00e4neke de 4 dientes y filo dorado combinan un estilo sofisticado con un agarre seguro. \u00a1P\u00eddelo ya!","breadcrumb":{"@id":"https:\/\/janeke1830.it\/es\/prodotto\/pinza-pequena-con-borde-dorado-de-4-dientes\/#breadcrumb"},"inLanguage":"es","potentialAction":[{"@type":"ReadAction","target":["https:\/\/janeke1830.it\/es\/prodotto\/pinza-pequena-con-borde-dorado-de-4-dientes\/"]}]},{"@type":"ImageObject","inLanguage":"es","@id":"https:\/\/janeke1830.it\/es\/prodotto\/pinza-pequena-con-borde-dorado-de-4-dientes\/#primaryimage","url":"https:\/\/janeke1830.it\/wp-content\/uploads\/2025\/12\/pinza-piccola-bordata-tartaruga-jg29106dbl.png","contentUrl":"https:\/\/janeke1830.it\/wp-content\/uploads\/2025\/12\/pinza-piccola-bordata-tartaruga-jg29106dbl.png","width":1024,"height":1024,"caption":"Pinza piccola 4 denti oro J\u00e4neke tartaruga comoda e sicura sui capelli"},{"@type":"BreadcrumbList","@id":"https:\/\/janeke1830.it\/es\/prodotto\/pinza-pequena-con-borde-dorado-de-4-dientes\/#breadcrumb","itemListElement":[{"@type":"ListItem","position":1,"name":"Home","item":"https:\/\/janeke1830.it\/"},{"@type":"ListItem","position":2,"name":"Tienda","item":"https:\/\/janeke1830.it\/es\/tienda\/"},{"@type":"ListItem","position":3,"name":"Pinza peque\u00f1a con borde dorado de 4 dientes"}]},{"@type":"WebSite","@id":"https:\/\/janeke1830.it\/#website","url":"https:\/\/janeke1830.it\/","name":"J\u00e4neke 1830","description":"","publisher":{"@id":"https:\/\/janeke1830.it\/#organization"},"potentialAction":[{"@type":"SearchAction","target":{"@type":"EntryPoint","urlTemplate":"https:\/\/janeke1830.it\/?s={search_term_string}"},"query-input":{"@type":"PropertyValueSpecification","valueRequired":true,"valueName":"search_term_string"}}],"inLanguage":"es"},{"@type":"Organization","@id":"https:\/\/janeke1830.it\/#organization","name":"J\u00e4neke 1830","url":"https:\/\/janeke1830.it\/","logo":{"@type":"ImageObject","inLanguage":"es","@id":"https:\/\/janeke1830.it\/#\/schema\/logo\/image\/","url":"https:\/\/janeke1830.it\/wp-content\/uploads\/2025\/12\/logo-nero-janeke.png","contentUrl":"https:\/\/janeke1830.it\/wp-content\/uploads\/2025\/12\/logo-nero-janeke.png","width":1824,"height":829,"caption":"J\u00e4neke 1830"},"image":{"@id":"https:\/\/janeke1830.it\/#\/schema\/logo\/image\/"},"sameAs":["https:\/\/www.facebook.com\/janeke1830","https:\/\/www.instagram.com\/janeke1830official","https:\/\/www.linkedin.com\/company\/giorgio-janeke-s-r-l-\/"]}]}},"_links":{"self":[{"href":"https:\/\/janeke1830.it\/es\/wp-json\/wp\/v2\/product\/3898","targetHints":{"allow":["GET"]}}],"collection":[{"href":"https:\/\/janeke1830.it\/es\/wp-json\/wp\/v2\/product"}],"about":[{"href":"https:\/\/janeke1830.it\/es\/wp-json\/wp\/v2\/types\/product"}],"replies":[{"embeddable":true,"href":"https:\/\/janeke1830.it\/es\/wp-json\/wp\/v2\/comments?post=3898"}],"wp:featuredmedia":[{"embeddable":true,"href":"https:\/\/janeke1830.it\/es\/wp-json\/wp\/v2\/media\/3899"}],"wp:attachment":[{"href":"https:\/\/janeke1830.it\/es\/wp-json\/wp\/v2\/media?parent=3898"}],"wp:term":[{"taxonomy":"product_brand","embeddable":true,"href":"https:\/\/janeke1830.it\/es\/wp-json\/wp\/v2\/product_brand?post=3898"},{"taxonomy":"product_cat","embeddable":true,"href":"https:\/\/janeke1830.it\/es\/wp-json\/wp\/v2\/product_cat?post=3898"},{"taxonomy":"product_tag","embeddable":true,"href":"https:\/\/janeke1830.it\/es\/wp-json\/wp\/v2\/product_tag?post=3898"}],"curies":[{"name":"wp","href":"https:\/\/api.w.org\/{rel}","templated":true}]}}