{"id":3866,"date":"2026-01-07T11:27:46","date_gmt":"2026-01-07T10:27:46","guid":{"rendered":"https:\/\/janeke1830.it\/prodotto\/pinza-grande-con-borde-dorado-de-4-dientes\/"},"modified":"2026-02-02T11:06:12","modified_gmt":"2026-02-02T10:06:12","slug":"pinza-grande-con-borde-dorado-de-4-dientes","status":"publish","type":"product","link":"https:\/\/janeke1830.it\/es\/prodotto\/pinza-grande-con-borde-dorado-de-4-dientes\/","title":{"rendered":"Pinza grande con borde dorado de 4 dientes"},"content":{"rendered":"","protected":false},"excerpt":{"rendered":"<p>Elegante y funcional, fija el cabello con seguridad y estilo. Los cuatro dientes bien distanciados garantizan un agarre firme sin da\u00f1ar la fibra capilar, permitiendo crear peinados ordenados en pocos gestos. El acabado dorado a\u00f1ade un toque de sofisticaci\u00f3n, transformando un accesorio pr\u00e1ctico en un detalle de clase.  <\/p>\n<p>Perfecta para todo tipo de cabello, une comodidad, elegancia y la calidad artesanal t\u00edpica de la marca Janeke.<\/p>\n","protected":false},"featured_media":3867,"comment_status":"closed","ping_status":"closed","template":"","meta":[],"product_brand":[814],"product_cat":[676],"product_tag":[677,685],"class_list":{"0":"post-3866","1":"product","2":"type-product","3":"status-publish","4":"has-post-thumbnail","6":"product_brand-luxury","7":"product_cat-accesorios-para-el-cabello","8":"product_tag-accesorios-para-el-cabello","9":"product_tag-pinza","11":"first","12":"instock","13":"shipping-taxable","14":"purchasable","15":"product-type-variable","16":"wvs-archive-product-wrapper"},"yoast_head":"<!-- This site is optimized with the Yoast SEO plugin v27.6 - https:\/\/yoast.com\/product\/yoast-seo-wordpress\/ -->\n<title>Alicates grandes J\u00e4neke de 4 p\u00faas doradas - Estilo y resistencia<\/title>\n<meta name=\"description\" content=\"Acabado con preciosos detalles, el Alicate Grande J\u00e4neke de 4 P\u00faas Bordado en Oro garantiza un agarre firme y refinado. \u00a1Desc\u00fabrelo en l\u00ednea!\" \/>\n<meta name=\"robots\" content=\"index, follow, max-snippet:-1, max-image-preview:large, max-video-preview:-1\" \/>\n<link rel=\"canonical\" href=\"https:\/\/janeke1830.it\/es\/prodotto\/pinza-grande-con-borde-dorado-de-4-dientes\/\" \/>\n<meta property=\"og:locale\" content=\"es_ES\" \/>\n<meta property=\"og:type\" content=\"article\" \/>\n<meta property=\"og:title\" content=\"Alicates grandes J\u00e4neke de 4 p\u00faas doradas - Estilo y resistencia\" \/>\n<meta property=\"og:description\" content=\"Acabado con preciosos detalles, el Alicate Grande J\u00e4neke de 4 P\u00faas Bordado en Oro garantiza un agarre firme y refinado. \u00a1Desc\u00fabrelo en l\u00ednea!\" \/>\n<meta property=\"og:url\" content=\"https:\/\/janeke1830.it\/es\/prodotto\/pinza-grande-con-borde-dorado-de-4-dientes\/\" \/>\n<meta property=\"og:site_name\" content=\"J\u00e4neke\" \/>\n<meta property=\"article:publisher\" content=\"https:\/\/www.facebook.com\/janeke1830\" \/>\n<meta property=\"article:modified_time\" content=\"2026-02-02T10:06:12+00:00\" \/>\n<meta property=\"og:image\" content=\"https:\/\/janeke1830.it\/wp-content\/uploads\/2025\/12\/JG29107DBL.png\" \/>\n\t<meta property=\"og:image:width\" content=\"1024\" \/>\n\t<meta property=\"og:image:height\" content=\"1024\" \/>\n\t<meta property=\"og:image:type\" content=\"image\/png\" \/>\n<meta name=\"twitter:card\" content=\"summary_large_image\" \/>\n<script type=\"application\/ld+json\" class=\"yoast-schema-graph\">{\"@context\":\"https:\\\/\\\/schema.org\",\"@graph\":[{\"@type\":\"WebPage\",\"@id\":\"https:\\\/\\\/janeke1830.it\\\/es\\\/prodotto\\\/pinza-grande-con-borde-dorado-de-4-dientes\\\/\",\"url\":\"https:\\\/\\\/janeke1830.it\\\/es\\\/prodotto\\\/pinza-grande-con-borde-dorado-de-4-dientes\\\/\",\"name\":\"Alicates grandes J\u00e4neke de 4 p\u00faas doradas - Estilo y resistencia\",\"isPartOf\":{\"@id\":\"https:\\\/\\\/janeke1830.it\\\/#website\"},\"primaryImageOfPage\":{\"@id\":\"https:\\\/\\\/janeke1830.it\\\/es\\\/prodotto\\\/pinza-grande-con-borde-dorado-de-4-dientes\\\/#primaryimage\"},\"image\":{\"@id\":\"https:\\\/\\\/janeke1830.it\\\/es\\\/prodotto\\\/pinza-grande-con-borde-dorado-de-4-dientes\\\/#primaryimage\"},\"thumbnailUrl\":\"https:\\\/\\\/janeke1830.it\\\/wp-content\\\/uploads\\\/2025\\\/12\\\/pinza-grande-bordata-tartaruga-jg29107dbl.png\",\"datePublished\":\"2026-01-07T10:27:46+00:00\",\"dateModified\":\"2026-02-02T10:06:12+00:00\",\"description\":\"Acabado con preciosos detalles, el Alicate Grande J\u00e4neke de 4 P\u00faas Bordado en Oro garantiza un agarre firme y refinado. \u00a1Desc\u00fabrelo en l\u00ednea!\",\"breadcrumb\":{\"@id\":\"https:\\\/\\\/janeke1830.it\\\/es\\\/prodotto\\\/pinza-grande-con-borde-dorado-de-4-dientes\\\/#breadcrumb\"},\"inLanguage\":\"es\",\"potentialAction\":[{\"@type\":\"ReadAction\",\"target\":[\"https:\\\/\\\/janeke1830.it\\\/es\\\/prodotto\\\/pinza-grande-con-borde-dorado-de-4-dientes\\\/\"]}]},{\"@type\":\"ImageObject\",\"inLanguage\":\"es\",\"@id\":\"https:\\\/\\\/janeke1830.it\\\/es\\\/prodotto\\\/pinza-grande-con-borde-dorado-de-4-dientes\\\/#primaryimage\",\"url\":\"https:\\\/\\\/janeke1830.it\\\/wp-content\\\/uploads\\\/2025\\\/12\\\/pinza-grande-bordata-tartaruga-jg29107dbl.png\",\"contentUrl\":\"https:\\\/\\\/janeke1830.it\\\/wp-content\\\/uploads\\\/2025\\\/12\\\/pinza-grande-bordata-tartaruga-jg29107dbl.png\",\"width\":1024,\"height\":1024,\"caption\":\"Pinza grande 4 denti oro J\u00e4neke tartaruga con presa salda e raffinata\"},{\"@type\":\"BreadcrumbList\",\"@id\":\"https:\\\/\\\/janeke1830.it\\\/es\\\/prodotto\\\/pinza-grande-con-borde-dorado-de-4-dientes\\\/#breadcrumb\",\"itemListElement\":[{\"@type\":\"ListItem\",\"position\":1,\"name\":\"Home\",\"item\":\"https:\\\/\\\/janeke1830.it\\\/\"},{\"@type\":\"ListItem\",\"position\":2,\"name\":\"Tienda\",\"item\":\"https:\\\/\\\/janeke1830.it\\\/es\\\/tienda\\\/\"},{\"@type\":\"ListItem\",\"position\":3,\"name\":\"Pinza grande con borde dorado de 4 dientes\"}]},{\"@type\":\"WebSite\",\"@id\":\"https:\\\/\\\/janeke1830.it\\\/#website\",\"url\":\"https:\\\/\\\/janeke1830.it\\\/\",\"name\":\"J\u00e4neke 1830\",\"description\":\"\",\"publisher\":{\"@id\":\"https:\\\/\\\/janeke1830.it\\\/#organization\"},\"potentialAction\":[{\"@type\":\"SearchAction\",\"target\":{\"@type\":\"EntryPoint\",\"urlTemplate\":\"https:\\\/\\\/janeke1830.it\\\/?s={search_term_string}\"},\"query-input\":{\"@type\":\"PropertyValueSpecification\",\"valueRequired\":true,\"valueName\":\"search_term_string\"}}],\"inLanguage\":\"es\"},{\"@type\":\"Organization\",\"@id\":\"https:\\\/\\\/janeke1830.it\\\/#organization\",\"name\":\"J\u00e4neke 1830\",\"url\":\"https:\\\/\\\/janeke1830.it\\\/\",\"logo\":{\"@type\":\"ImageObject\",\"inLanguage\":\"es\",\"@id\":\"https:\\\/\\\/janeke1830.it\\\/#\\\/schema\\\/logo\\\/image\\\/\",\"url\":\"https:\\\/\\\/janeke1830.it\\\/wp-content\\\/uploads\\\/2025\\\/12\\\/logo-nero-janeke.png\",\"contentUrl\":\"https:\\\/\\\/janeke1830.it\\\/wp-content\\\/uploads\\\/2025\\\/12\\\/logo-nero-janeke.png\",\"width\":1824,\"height\":829,\"caption\":\"J\u00e4neke 1830\"},\"image\":{\"@id\":\"https:\\\/\\\/janeke1830.it\\\/#\\\/schema\\\/logo\\\/image\\\/\"},\"sameAs\":[\"https:\\\/\\\/www.facebook.com\\\/janeke1830\",\"https:\\\/\\\/www.instagram.com\\\/janeke1830official\",\"https:\\\/\\\/www.linkedin.com\\\/company\\\/giorgio-janeke-s-r-l-\\\/\"]}]}<\/script>\n<!-- \/ Yoast SEO plugin. -->","yoast_head_json":{"title":"Alicates grandes J\u00e4neke de 4 p\u00faas doradas - Estilo y resistencia","description":"Acabado con preciosos detalles, el Alicate Grande J\u00e4neke de 4 P\u00faas Bordado en Oro garantiza un agarre firme y refinado. \u00a1Desc\u00fabrelo en l\u00ednea!","robots":{"index":"index","follow":"follow","max-snippet":"max-snippet:-1","max-image-preview":"max-image-preview:large","max-video-preview":"max-video-preview:-1"},"canonical":"https:\/\/janeke1830.it\/es\/prodotto\/pinza-grande-con-borde-dorado-de-4-dientes\/","og_locale":"es_ES","og_type":"article","og_title":"Alicates grandes J\u00e4neke de 4 p\u00faas doradas - Estilo y resistencia","og_description":"Acabado con preciosos detalles, el Alicate Grande J\u00e4neke de 4 P\u00faas Bordado en Oro garantiza un agarre firme y refinado. \u00a1Desc\u00fabrelo en l\u00ednea!","og_url":"https:\/\/janeke1830.it\/es\/prodotto\/pinza-grande-con-borde-dorado-de-4-dientes\/","og_site_name":"J\u00e4neke","article_publisher":"https:\/\/www.facebook.com\/janeke1830","article_modified_time":"2026-02-02T10:06:12+00:00","og_image":[{"width":1024,"height":1024,"url":"https:\/\/janeke1830.it\/wp-content\/uploads\/2025\/12\/JG29107DBL.png","type":"image\/png"}],"twitter_card":"summary_large_image","schema":{"@context":"https:\/\/schema.org","@graph":[{"@type":"WebPage","@id":"https:\/\/janeke1830.it\/es\/prodotto\/pinza-grande-con-borde-dorado-de-4-dientes\/","url":"https:\/\/janeke1830.it\/es\/prodotto\/pinza-grande-con-borde-dorado-de-4-dientes\/","name":"Alicates grandes J\u00e4neke de 4 p\u00faas doradas - Estilo y resistencia","isPartOf":{"@id":"https:\/\/janeke1830.it\/#website"},"primaryImageOfPage":{"@id":"https:\/\/janeke1830.it\/es\/prodotto\/pinza-grande-con-borde-dorado-de-4-dientes\/#primaryimage"},"image":{"@id":"https:\/\/janeke1830.it\/es\/prodotto\/pinza-grande-con-borde-dorado-de-4-dientes\/#primaryimage"},"thumbnailUrl":"https:\/\/janeke1830.it\/wp-content\/uploads\/2025\/12\/pinza-grande-bordata-tartaruga-jg29107dbl.png","datePublished":"2026-01-07T10:27:46+00:00","dateModified":"2026-02-02T10:06:12+00:00","description":"Acabado con preciosos detalles, el Alicate Grande J\u00e4neke de 4 P\u00faas Bordado en Oro garantiza un agarre firme y refinado. \u00a1Desc\u00fabrelo en l\u00ednea!","breadcrumb":{"@id":"https:\/\/janeke1830.it\/es\/prodotto\/pinza-grande-con-borde-dorado-de-4-dientes\/#breadcrumb"},"inLanguage":"es","potentialAction":[{"@type":"ReadAction","target":["https:\/\/janeke1830.it\/es\/prodotto\/pinza-grande-con-borde-dorado-de-4-dientes\/"]}]},{"@type":"ImageObject","inLanguage":"es","@id":"https:\/\/janeke1830.it\/es\/prodotto\/pinza-grande-con-borde-dorado-de-4-dientes\/#primaryimage","url":"https:\/\/janeke1830.it\/wp-content\/uploads\/2025\/12\/pinza-grande-bordata-tartaruga-jg29107dbl.png","contentUrl":"https:\/\/janeke1830.it\/wp-content\/uploads\/2025\/12\/pinza-grande-bordata-tartaruga-jg29107dbl.png","width":1024,"height":1024,"caption":"Pinza grande 4 denti oro J\u00e4neke tartaruga con presa salda e raffinata"},{"@type":"BreadcrumbList","@id":"https:\/\/janeke1830.it\/es\/prodotto\/pinza-grande-con-borde-dorado-de-4-dientes\/#breadcrumb","itemListElement":[{"@type":"ListItem","position":1,"name":"Home","item":"https:\/\/janeke1830.it\/"},{"@type":"ListItem","position":2,"name":"Tienda","item":"https:\/\/janeke1830.it\/es\/tienda\/"},{"@type":"ListItem","position":3,"name":"Pinza grande con borde dorado de 4 dientes"}]},{"@type":"WebSite","@id":"https:\/\/janeke1830.it\/#website","url":"https:\/\/janeke1830.it\/","name":"J\u00e4neke 1830","description":"","publisher":{"@id":"https:\/\/janeke1830.it\/#organization"},"potentialAction":[{"@type":"SearchAction","target":{"@type":"EntryPoint","urlTemplate":"https:\/\/janeke1830.it\/?s={search_term_string}"},"query-input":{"@type":"PropertyValueSpecification","valueRequired":true,"valueName":"search_term_string"}}],"inLanguage":"es"},{"@type":"Organization","@id":"https:\/\/janeke1830.it\/#organization","name":"J\u00e4neke 1830","url":"https:\/\/janeke1830.it\/","logo":{"@type":"ImageObject","inLanguage":"es","@id":"https:\/\/janeke1830.it\/#\/schema\/logo\/image\/","url":"https:\/\/janeke1830.it\/wp-content\/uploads\/2025\/12\/logo-nero-janeke.png","contentUrl":"https:\/\/janeke1830.it\/wp-content\/uploads\/2025\/12\/logo-nero-janeke.png","width":1824,"height":829,"caption":"J\u00e4neke 1830"},"image":{"@id":"https:\/\/janeke1830.it\/#\/schema\/logo\/image\/"},"sameAs":["https:\/\/www.facebook.com\/janeke1830","https:\/\/www.instagram.com\/janeke1830official","https:\/\/www.linkedin.com\/company\/giorgio-janeke-s-r-l-\/"]}]}},"_links":{"self":[{"href":"https:\/\/janeke1830.it\/es\/wp-json\/wp\/v2\/product\/3866","targetHints":{"allow":["GET"]}}],"collection":[{"href":"https:\/\/janeke1830.it\/es\/wp-json\/wp\/v2\/product"}],"about":[{"href":"https:\/\/janeke1830.it\/es\/wp-json\/wp\/v2\/types\/product"}],"replies":[{"embeddable":true,"href":"https:\/\/janeke1830.it\/es\/wp-json\/wp\/v2\/comments?post=3866"}],"wp:featuredmedia":[{"embeddable":true,"href":"https:\/\/janeke1830.it\/es\/wp-json\/wp\/v2\/media\/3867"}],"wp:attachment":[{"href":"https:\/\/janeke1830.it\/es\/wp-json\/wp\/v2\/media?parent=3866"}],"wp:term":[{"taxonomy":"product_brand","embeddable":true,"href":"https:\/\/janeke1830.it\/es\/wp-json\/wp\/v2\/product_brand?post=3866"},{"taxonomy":"product_cat","embeddable":true,"href":"https:\/\/janeke1830.it\/es\/wp-json\/wp\/v2\/product_cat?post=3866"},{"taxonomy":"product_tag","embeddable":true,"href":"https:\/\/janeke1830.it\/es\/wp-json\/wp\/v2\/product_tag?post=3866"}],"curies":[{"name":"wp","href":"https:\/\/api.w.org\/{rel}","templated":true}]}}