{"id":3767,"date":"2026-01-07T12:12:56","date_gmt":"2026-01-07T11:12:56","guid":{"rendered":"https:\/\/janeke1830.it\/prodotto\/pinza-grande-con-borde-dorado-de-6-dientes\/"},"modified":"2026-03-03T11:48:07","modified_gmt":"2026-03-03T10:48:07","slug":"pinza-grande-con-borde-dorado-de-6-dientes","status":"publish","type":"product","link":"https:\/\/janeke1830.it\/es\/prodotto\/pinza-grande-con-borde-dorado-de-6-dientes\/","title":{"rendered":"Pinza grande con borde dorado de 6 dientes"},"content":{"rendered":"","protected":false},"excerpt":{"rendered":"<p>Elegante y funcional, la pinza para el cabello Janeke est\u00e1 pensada para fijar el cabello con seguridad y estilo. La estructura resistente y los seis dientes bien distanciados aseguran un agarre firme sin da\u00f1ar la fibra capilar, permitiendo crear peinados perfectos en pocos gestos. El acabado dorado a\u00f1ade un toque de sofisticaci\u00f3n, transformando un accesorio pr\u00e1ctico en un detalle de clase.  <\/p>\n<p>Perfecta para todo tipo de cabello, une comodidad, elegancia y la artesan\u00eda distintiva de la marca Janeke.<\/p>\n","protected":false},"featured_media":3768,"comment_status":"closed","ping_status":"closed","template":"","meta":[],"product_brand":[814],"product_cat":[676],"product_tag":[677,685],"class_list":{"0":"post-3767","1":"product","2":"type-product","3":"status-publish","4":"has-post-thumbnail","6":"product_brand-luxury","7":"product_cat-accesorios-para-el-cabello","8":"product_tag-accesorios-para-el-cabello","9":"product_tag-pinza","11":"first","12":"instock","13":"shipping-taxable","14":"purchasable","15":"product-type-variable","16":"wvs-archive-product-wrapper"},"yoast_head":"<!-- This site is optimized with the Yoast SEO plugin v27.1.1 - https:\/\/yoast.com\/product\/yoast-seo-wordpress\/ -->\n<title>J\u00e4neke 1830 Alicates grandes J\u00e4neke de 6 dientes dorados - Acabado<\/title>\n<meta name=\"description\" content=\"Acabados con elegancia, los Alicates Grandes J\u00e4neke de 6 Dientes Bordados en Oro garantizan un agarre firme y refinado. \u00a1C\u00f3mpralo para tu estilismo!\" \/>\n<meta name=\"robots\" content=\"index, follow, max-snippet:-1, max-image-preview:large, max-video-preview:-1\" \/>\n<link rel=\"canonical\" href=\"https:\/\/janeke1830.it\/es\/prodotto\/pinza-grande-con-borde-dorado-de-6-dientes\/\" \/>\n<meta property=\"og:locale\" content=\"es_ES\" \/>\n<meta property=\"og:type\" content=\"article\" \/>\n<meta property=\"og:title\" content=\"J\u00e4neke 1830 Alicates grandes J\u00e4neke de 6 dientes dorados - Acabado\" \/>\n<meta property=\"og:description\" content=\"Acabados con elegancia, los Alicates Grandes J\u00e4neke de 6 Dientes Bordados en Oro garantizan un agarre firme y refinado. \u00a1C\u00f3mpralo para tu estilismo!\" \/>\n<meta property=\"og:url\" content=\"https:\/\/janeke1830.it\/es\/prodotto\/pinza-grande-con-borde-dorado-de-6-dientes\/\" \/>\n<meta property=\"og:site_name\" content=\"J\u00e4neke\" \/>\n<meta property=\"article:publisher\" content=\"https:\/\/www.facebook.com\/janeke1830\" \/>\n<meta property=\"article:modified_time\" content=\"2026-03-03T10:48:07+00:00\" \/>\n<meta property=\"og:image\" content=\"https:\/\/janeke1830.it\/wp-content\/uploads\/2025\/12\/JG29100DBL.png\" \/>\n\t<meta property=\"og:image:width\" content=\"1024\" \/>\n\t<meta property=\"og:image:height\" content=\"1024\" \/>\n\t<meta property=\"og:image:type\" content=\"image\/png\" \/>\n<meta name=\"twitter:card\" content=\"summary_large_image\" \/>\n<script type=\"application\/ld+json\" class=\"yoast-schema-graph\">{\"@context\":\"https:\/\/schema.org\",\"@graph\":[{\"@type\":\"WebPage\",\"@id\":\"https:\/\/janeke1830.it\/es\/prodotto\/pinza-grande-con-borde-dorado-de-6-dientes\/\",\"url\":\"https:\/\/janeke1830.it\/es\/prodotto\/pinza-grande-con-borde-dorado-de-6-dientes\/\",\"name\":\"J\u00e4neke 1830 Alicates grandes J\u00e4neke de 6 dientes dorados - Acabado\",\"isPartOf\":{\"@id\":\"https:\/\/janeke1830.it\/#website\"},\"primaryImageOfPage\":{\"@id\":\"https:\/\/janeke1830.it\/es\/prodotto\/pinza-grande-con-borde-dorado-de-6-dientes\/#primaryimage\"},\"image\":{\"@id\":\"https:\/\/janeke1830.it\/es\/prodotto\/pinza-grande-con-borde-dorado-de-6-dientes\/#primaryimage\"},\"thumbnailUrl\":\"https:\/\/janeke1830.it\/wp-content\/uploads\/2025\/12\/pinza-grande-bordata-tartaruga-jg29100dbl.png\",\"datePublished\":\"2026-01-07T11:12:56+00:00\",\"dateModified\":\"2026-03-03T10:48:07+00:00\",\"description\":\"Acabados con elegancia, los Alicates Grandes J\u00e4neke de 6 Dientes Bordados en Oro garantizan un agarre firme y refinado. \u00a1C\u00f3mpralo para tu estilismo!\",\"breadcrumb\":{\"@id\":\"https:\/\/janeke1830.it\/es\/prodotto\/pinza-grande-con-borde-dorado-de-6-dientes\/#breadcrumb\"},\"inLanguage\":\"es\",\"potentialAction\":[{\"@type\":\"ReadAction\",\"target\":[\"https:\/\/janeke1830.it\/es\/prodotto\/pinza-grande-con-borde-dorado-de-6-dientes\/\"]}]},{\"@type\":\"ImageObject\",\"inLanguage\":\"es\",\"@id\":\"https:\/\/janeke1830.it\/es\/prodotto\/pinza-grande-con-borde-dorado-de-6-dientes\/#primaryimage\",\"url\":\"https:\/\/janeke1830.it\/wp-content\/uploads\/2025\/12\/pinza-grande-bordata-tartaruga-jg29100dbl.png\",\"contentUrl\":\"https:\/\/janeke1830.it\/wp-content\/uploads\/2025\/12\/pinza-grande-bordata-tartaruga-jg29100dbl.png\",\"width\":1024,\"height\":1024,\"caption\":\"Pinza grande bordata oro J\u00e4neke tartaruga con presa salda e raffinata\"},{\"@type\":\"BreadcrumbList\",\"@id\":\"https:\/\/janeke1830.it\/es\/prodotto\/pinza-grande-con-borde-dorado-de-6-dientes\/#breadcrumb\",\"itemListElement\":[{\"@type\":\"ListItem\",\"position\":1,\"name\":\"Home\",\"item\":\"https:\/\/janeke1830.it\/\"},{\"@type\":\"ListItem\",\"position\":2,\"name\":\"Tienda\",\"item\":\"https:\/\/janeke1830.it\/es\/tienda\/\"},{\"@type\":\"ListItem\",\"position\":3,\"name\":\"Pinza grande con borde dorado de 6 dientes\"}]},{\"@type\":\"WebSite\",\"@id\":\"https:\/\/janeke1830.it\/#website\",\"url\":\"https:\/\/janeke1830.it\/\",\"name\":\"J\u00e4neke 1830\",\"description\":\"\",\"publisher\":{\"@id\":\"https:\/\/janeke1830.it\/#organization\"},\"potentialAction\":[{\"@type\":\"SearchAction\",\"target\":{\"@type\":\"EntryPoint\",\"urlTemplate\":\"https:\/\/janeke1830.it\/?s={search_term_string}\"},\"query-input\":{\"@type\":\"PropertyValueSpecification\",\"valueRequired\":true,\"valueName\":\"search_term_string\"}}],\"inLanguage\":\"es\"},{\"@type\":\"Organization\",\"@id\":\"https:\/\/janeke1830.it\/#organization\",\"name\":\"J\u00e4neke 1830\",\"url\":\"https:\/\/janeke1830.it\/\",\"logo\":{\"@type\":\"ImageObject\",\"inLanguage\":\"es\",\"@id\":\"https:\/\/janeke1830.it\/#\/schema\/logo\/image\/\",\"url\":\"https:\/\/janeke1830.it\/wp-content\/uploads\/2025\/12\/logo-nero-janeke.png\",\"contentUrl\":\"https:\/\/janeke1830.it\/wp-content\/uploads\/2025\/12\/logo-nero-janeke.png\",\"width\":1824,\"height\":829,\"caption\":\"J\u00e4neke 1830\"},\"image\":{\"@id\":\"https:\/\/janeke1830.it\/#\/schema\/logo\/image\/\"},\"sameAs\":[\"https:\/\/www.facebook.com\/janeke1830\",\"https:\/\/www.instagram.com\/janeke1830official\",\"https:\/\/www.linkedin.com\/company\/giorgio-janeke-s-r-l-\/\"]}]}<\/script>\n<!-- \/ Yoast SEO plugin. -->","yoast_head_json":{"title":"J\u00e4neke 1830 Alicates grandes J\u00e4neke de 6 dientes dorados - Acabado","description":"Acabados con elegancia, los Alicates Grandes J\u00e4neke de 6 Dientes Bordados en Oro garantizan un agarre firme y refinado. \u00a1C\u00f3mpralo para tu estilismo!","robots":{"index":"index","follow":"follow","max-snippet":"max-snippet:-1","max-image-preview":"max-image-preview:large","max-video-preview":"max-video-preview:-1"},"canonical":"https:\/\/janeke1830.it\/es\/prodotto\/pinza-grande-con-borde-dorado-de-6-dientes\/","og_locale":"es_ES","og_type":"article","og_title":"J\u00e4neke 1830 Alicates grandes J\u00e4neke de 6 dientes dorados - Acabado","og_description":"Acabados con elegancia, los Alicates Grandes J\u00e4neke de 6 Dientes Bordados en Oro garantizan un agarre firme y refinado. \u00a1C\u00f3mpralo para tu estilismo!","og_url":"https:\/\/janeke1830.it\/es\/prodotto\/pinza-grande-con-borde-dorado-de-6-dientes\/","og_site_name":"J\u00e4neke","article_publisher":"https:\/\/www.facebook.com\/janeke1830","article_modified_time":"2026-03-03T10:48:07+00:00","og_image":[{"width":1024,"height":1024,"url":"https:\/\/janeke1830.it\/wp-content\/uploads\/2025\/12\/JG29100DBL.png","type":"image\/png"}],"twitter_card":"summary_large_image","schema":{"@context":"https:\/\/schema.org","@graph":[{"@type":"WebPage","@id":"https:\/\/janeke1830.it\/es\/prodotto\/pinza-grande-con-borde-dorado-de-6-dientes\/","url":"https:\/\/janeke1830.it\/es\/prodotto\/pinza-grande-con-borde-dorado-de-6-dientes\/","name":"J\u00e4neke 1830 Alicates grandes J\u00e4neke de 6 dientes dorados - Acabado","isPartOf":{"@id":"https:\/\/janeke1830.it\/#website"},"primaryImageOfPage":{"@id":"https:\/\/janeke1830.it\/es\/prodotto\/pinza-grande-con-borde-dorado-de-6-dientes\/#primaryimage"},"image":{"@id":"https:\/\/janeke1830.it\/es\/prodotto\/pinza-grande-con-borde-dorado-de-6-dientes\/#primaryimage"},"thumbnailUrl":"https:\/\/janeke1830.it\/wp-content\/uploads\/2025\/12\/pinza-grande-bordata-tartaruga-jg29100dbl.png","datePublished":"2026-01-07T11:12:56+00:00","dateModified":"2026-03-03T10:48:07+00:00","description":"Acabados con elegancia, los Alicates Grandes J\u00e4neke de 6 Dientes Bordados en Oro garantizan un agarre firme y refinado. \u00a1C\u00f3mpralo para tu estilismo!","breadcrumb":{"@id":"https:\/\/janeke1830.it\/es\/prodotto\/pinza-grande-con-borde-dorado-de-6-dientes\/#breadcrumb"},"inLanguage":"es","potentialAction":[{"@type":"ReadAction","target":["https:\/\/janeke1830.it\/es\/prodotto\/pinza-grande-con-borde-dorado-de-6-dientes\/"]}]},{"@type":"ImageObject","inLanguage":"es","@id":"https:\/\/janeke1830.it\/es\/prodotto\/pinza-grande-con-borde-dorado-de-6-dientes\/#primaryimage","url":"https:\/\/janeke1830.it\/wp-content\/uploads\/2025\/12\/pinza-grande-bordata-tartaruga-jg29100dbl.png","contentUrl":"https:\/\/janeke1830.it\/wp-content\/uploads\/2025\/12\/pinza-grande-bordata-tartaruga-jg29100dbl.png","width":1024,"height":1024,"caption":"Pinza grande bordata oro J\u00e4neke tartaruga con presa salda e raffinata"},{"@type":"BreadcrumbList","@id":"https:\/\/janeke1830.it\/es\/prodotto\/pinza-grande-con-borde-dorado-de-6-dientes\/#breadcrumb","itemListElement":[{"@type":"ListItem","position":1,"name":"Home","item":"https:\/\/janeke1830.it\/"},{"@type":"ListItem","position":2,"name":"Tienda","item":"https:\/\/janeke1830.it\/es\/tienda\/"},{"@type":"ListItem","position":3,"name":"Pinza grande con borde dorado de 6 dientes"}]},{"@type":"WebSite","@id":"https:\/\/janeke1830.it\/#website","url":"https:\/\/janeke1830.it\/","name":"J\u00e4neke 1830","description":"","publisher":{"@id":"https:\/\/janeke1830.it\/#organization"},"potentialAction":[{"@type":"SearchAction","target":{"@type":"EntryPoint","urlTemplate":"https:\/\/janeke1830.it\/?s={search_term_string}"},"query-input":{"@type":"PropertyValueSpecification","valueRequired":true,"valueName":"search_term_string"}}],"inLanguage":"es"},{"@type":"Organization","@id":"https:\/\/janeke1830.it\/#organization","name":"J\u00e4neke 1830","url":"https:\/\/janeke1830.it\/","logo":{"@type":"ImageObject","inLanguage":"es","@id":"https:\/\/janeke1830.it\/#\/schema\/logo\/image\/","url":"https:\/\/janeke1830.it\/wp-content\/uploads\/2025\/12\/logo-nero-janeke.png","contentUrl":"https:\/\/janeke1830.it\/wp-content\/uploads\/2025\/12\/logo-nero-janeke.png","width":1824,"height":829,"caption":"J\u00e4neke 1830"},"image":{"@id":"https:\/\/janeke1830.it\/#\/schema\/logo\/image\/"},"sameAs":["https:\/\/www.facebook.com\/janeke1830","https:\/\/www.instagram.com\/janeke1830official","https:\/\/www.linkedin.com\/company\/giorgio-janeke-s-r-l-\/"]}]}},"_links":{"self":[{"href":"https:\/\/janeke1830.it\/es\/wp-json\/wp\/v2\/product\/3767","targetHints":{"allow":["GET"]}}],"collection":[{"href":"https:\/\/janeke1830.it\/es\/wp-json\/wp\/v2\/product"}],"about":[{"href":"https:\/\/janeke1830.it\/es\/wp-json\/wp\/v2\/types\/product"}],"replies":[{"embeddable":true,"href":"https:\/\/janeke1830.it\/es\/wp-json\/wp\/v2\/comments?post=3767"}],"wp:featuredmedia":[{"embeddable":true,"href":"https:\/\/janeke1830.it\/es\/wp-json\/wp\/v2\/media\/3768"}],"wp:attachment":[{"href":"https:\/\/janeke1830.it\/es\/wp-json\/wp\/v2\/media?parent=3767"}],"wp:term":[{"taxonomy":"product_brand","embeddable":true,"href":"https:\/\/janeke1830.it\/es\/wp-json\/wp\/v2\/product_brand?post=3767"},{"taxonomy":"product_cat","embeddable":true,"href":"https:\/\/janeke1830.it\/es\/wp-json\/wp\/v2\/product_cat?post=3767"},{"taxonomy":"product_tag","embeddable":true,"href":"https:\/\/janeke1830.it\/es\/wp-json\/wp\/v2\/product_tag?post=3767"}],"curies":[{"name":"wp","href":"https:\/\/api.w.org\/{rel}","templated":true}]}}