{"id":3655,"date":"2026-01-07T17:55:16","date_gmt":"2026-01-07T16:55:16","guid":{"rendered":"https:\/\/janeke1830.it\/prodotto\/pinza-para-el-pelo-mediana\/"},"modified":"2026-02-02T09:35:47","modified_gmt":"2026-02-02T08:35:47","slug":"pinza-para-el-pelo-mediana","status":"publish","type":"product","link":"https:\/\/janeke1830.it\/es\/prodotto\/pinza-para-el-pelo-mediana\/","title":{"rendered":"Pinza para el pelo mediana"},"content":{"rendered":"","protected":false},"excerpt":{"rendered":"<p>Elegante y pr\u00e1ctica, fija el cabello con seguridad y estilo. Su estructura resistente asegura una sujeci\u00f3n firme sin da\u00f1ar la fibra capilar, manteniendo el cabello ordenado y cuidado. <\/p>\n<p>Perfecta para todo tipo de cabello, a\u00fana funcionalidad, comodidad y elegancia, caracter\u00edstica distintiva de la calidad artesanal de la marca Janeke.<\/p>\n","protected":false},"featured_media":3657,"comment_status":"closed","ping_status":"closed","template":"","meta":[],"product_brand":[814],"product_cat":[676],"product_tag":[677,685],"class_list":{"0":"post-3655","1":"product","2":"type-product","3":"status-publish","4":"has-post-thumbnail","6":"product_brand-luxury","7":"product_cat-accesorios-para-el-cabello","8":"product_tag-accesorios-para-el-cabello","9":"product_tag-pinza","11":"first","12":"instock","13":"shipping-taxable","14":"purchasable","15":"product-type-variable","16":"wvs-archive-product-wrapper"},"yoast_head":"<!-- This site is optimized with the Yoast SEO plugin v27.1.1 - https:\/\/yoast.com\/product\/yoast-seo-wordpress\/ -->\n<title>Pinza de pelo mediana J\u00e4neke 1830 - Estilo y comodidad<\/title>\n<meta name=\"description\" content=\"Ideal para un look ordenado sin da\u00f1ar el cabello, la Pinza Mediana J\u00e4neke ofrece un agarre seguro en cualquier cabello. \u00a1Desc\u00fabrela ahora!\" \/>\n<meta name=\"robots\" content=\"index, follow, max-snippet:-1, max-image-preview:large, max-video-preview:-1\" \/>\n<link rel=\"canonical\" href=\"https:\/\/janeke1830.it\/es\/prodotto\/pinza-para-el-pelo-mediana\/\" \/>\n<meta property=\"og:locale\" content=\"es_ES\" \/>\n<meta property=\"og:type\" content=\"article\" \/>\n<meta property=\"og:title\" content=\"Pinza de pelo mediana J\u00e4neke 1830 - Estilo y comodidad\" \/>\n<meta property=\"og:description\" content=\"Ideal para un look ordenado sin da\u00f1ar el cabello, la Pinza Mediana J\u00e4neke ofrece un agarre seguro en cualquier cabello. \u00a1Desc\u00fabrela ahora!\" \/>\n<meta property=\"og:url\" content=\"https:\/\/janeke1830.it\/es\/prodotto\/pinza-para-el-pelo-mediana\/\" \/>\n<meta property=\"og:site_name\" content=\"J\u00e4neke\" \/>\n<meta property=\"article:publisher\" content=\"https:\/\/www.facebook.com\/janeke1830\" \/>\n<meta property=\"article:modified_time\" content=\"2026-02-02T08:35:47+00:00\" \/>\n<meta property=\"og:image\" content=\"https:\/\/janeke1830.it\/wp-content\/uploads\/2026\/01\/pinza-m-tos-cover-1.png\" \/>\n\t<meta property=\"og:image:width\" content=\"800\" \/>\n\t<meta property=\"og:image:height\" content=\"800\" \/>\n\t<meta property=\"og:image:type\" content=\"image\/png\" \/>\n<meta name=\"twitter:card\" content=\"summary_large_image\" \/>\n<script type=\"application\/ld+json\" class=\"yoast-schema-graph\">{\"@context\":\"https:\/\/schema.org\",\"@graph\":[{\"@type\":\"WebPage\",\"@id\":\"https:\/\/janeke1830.it\/es\/prodotto\/pinza-para-el-pelo-mediana\/\",\"url\":\"https:\/\/janeke1830.it\/es\/prodotto\/pinza-para-el-pelo-mediana\/\",\"name\":\"Pinza de pelo mediana J\u00e4neke 1830 - Estilo y comodidad\",\"isPartOf\":{\"@id\":\"https:\/\/janeke1830.it\/#website\"},\"primaryImageOfPage\":{\"@id\":\"https:\/\/janeke1830.it\/es\/prodotto\/pinza-para-el-pelo-mediana\/#primaryimage\"},\"image\":{\"@id\":\"https:\/\/janeke1830.it\/es\/prodotto\/pinza-para-el-pelo-mediana\/#primaryimage\"},\"thumbnailUrl\":\"https:\/\/janeke1830.it\/wp-content\/uploads\/2026\/01\/pinza-m-tos-cover-1.png\",\"datePublished\":\"2026-01-07T16:55:16+00:00\",\"dateModified\":\"2026-02-02T08:35:47+00:00\",\"description\":\"Ideal para un look ordenado sin da\u00f1ar el cabello, la Pinza Mediana J\u00e4neke ofrece un agarre seguro en cualquier cabello. \u00a1Desc\u00fabrela ahora!\",\"breadcrumb\":{\"@id\":\"https:\/\/janeke1830.it\/es\/prodotto\/pinza-para-el-pelo-mediana\/#breadcrumb\"},\"inLanguage\":\"es\",\"potentialAction\":[{\"@type\":\"ReadAction\",\"target\":[\"https:\/\/janeke1830.it\/es\/prodotto\/pinza-para-el-pelo-mediana\/\"]}]},{\"@type\":\"ImageObject\",\"inLanguage\":\"es\",\"@id\":\"https:\/\/janeke1830.it\/es\/prodotto\/pinza-para-el-pelo-mediana\/#primaryimage\",\"url\":\"https:\/\/janeke1830.it\/wp-content\/uploads\/2026\/01\/pinza-m-tos-cover-1.png\",\"contentUrl\":\"https:\/\/janeke1830.it\/wp-content\/uploads\/2026\/01\/pinza-m-tos-cover-1.png\",\"width\":800,\"height\":800},{\"@type\":\"BreadcrumbList\",\"@id\":\"https:\/\/janeke1830.it\/es\/prodotto\/pinza-para-el-pelo-mediana\/#breadcrumb\",\"itemListElement\":[{\"@type\":\"ListItem\",\"position\":1,\"name\":\"Home\",\"item\":\"https:\/\/janeke1830.it\/\"},{\"@type\":\"ListItem\",\"position\":2,\"name\":\"Tienda\",\"item\":\"https:\/\/janeke1830.it\/es\/tienda\/\"},{\"@type\":\"ListItem\",\"position\":3,\"name\":\"Pinza para el pelo mediana\"}]},{\"@type\":\"WebSite\",\"@id\":\"https:\/\/janeke1830.it\/#website\",\"url\":\"https:\/\/janeke1830.it\/\",\"name\":\"J\u00e4neke 1830\",\"description\":\"\",\"publisher\":{\"@id\":\"https:\/\/janeke1830.it\/#organization\"},\"potentialAction\":[{\"@type\":\"SearchAction\",\"target\":{\"@type\":\"EntryPoint\",\"urlTemplate\":\"https:\/\/janeke1830.it\/?s={search_term_string}\"},\"query-input\":{\"@type\":\"PropertyValueSpecification\",\"valueRequired\":true,\"valueName\":\"search_term_string\"}}],\"inLanguage\":\"es\"},{\"@type\":\"Organization\",\"@id\":\"https:\/\/janeke1830.it\/#organization\",\"name\":\"J\u00e4neke 1830\",\"url\":\"https:\/\/janeke1830.it\/\",\"logo\":{\"@type\":\"ImageObject\",\"inLanguage\":\"es\",\"@id\":\"https:\/\/janeke1830.it\/#\/schema\/logo\/image\/\",\"url\":\"https:\/\/janeke1830.it\/wp-content\/uploads\/2025\/12\/logo-nero-janeke.png\",\"contentUrl\":\"https:\/\/janeke1830.it\/wp-content\/uploads\/2025\/12\/logo-nero-janeke.png\",\"width\":1824,\"height\":829,\"caption\":\"J\u00e4neke 1830\"},\"image\":{\"@id\":\"https:\/\/janeke1830.it\/#\/schema\/logo\/image\/\"},\"sameAs\":[\"https:\/\/www.facebook.com\/janeke1830\",\"https:\/\/www.instagram.com\/janeke1830official\",\"https:\/\/www.linkedin.com\/company\/giorgio-janeke-s-r-l-\/\"]}]}<\/script>\n<!-- \/ Yoast SEO plugin. -->","yoast_head_json":{"title":"Pinza de pelo mediana J\u00e4neke 1830 - Estilo y comodidad","description":"Ideal para un look ordenado sin da\u00f1ar el cabello, la Pinza Mediana J\u00e4neke ofrece un agarre seguro en cualquier cabello. \u00a1Desc\u00fabrela ahora!","robots":{"index":"index","follow":"follow","max-snippet":"max-snippet:-1","max-image-preview":"max-image-preview:large","max-video-preview":"max-video-preview:-1"},"canonical":"https:\/\/janeke1830.it\/es\/prodotto\/pinza-para-el-pelo-mediana\/","og_locale":"es_ES","og_type":"article","og_title":"Pinza de pelo mediana J\u00e4neke 1830 - Estilo y comodidad","og_description":"Ideal para un look ordenado sin da\u00f1ar el cabello, la Pinza Mediana J\u00e4neke ofrece un agarre seguro en cualquier cabello. \u00a1Desc\u00fabrela ahora!","og_url":"https:\/\/janeke1830.it\/es\/prodotto\/pinza-para-el-pelo-mediana\/","og_site_name":"J\u00e4neke","article_publisher":"https:\/\/www.facebook.com\/janeke1830","article_modified_time":"2026-02-02T08:35:47+00:00","og_image":[{"width":800,"height":800,"url":"https:\/\/janeke1830.it\/wp-content\/uploads\/2026\/01\/pinza-m-tos-cover-1.png","type":"image\/png"}],"twitter_card":"summary_large_image","schema":{"@context":"https:\/\/schema.org","@graph":[{"@type":"WebPage","@id":"https:\/\/janeke1830.it\/es\/prodotto\/pinza-para-el-pelo-mediana\/","url":"https:\/\/janeke1830.it\/es\/prodotto\/pinza-para-el-pelo-mediana\/","name":"Pinza de pelo mediana J\u00e4neke 1830 - Estilo y comodidad","isPartOf":{"@id":"https:\/\/janeke1830.it\/#website"},"primaryImageOfPage":{"@id":"https:\/\/janeke1830.it\/es\/prodotto\/pinza-para-el-pelo-mediana\/#primaryimage"},"image":{"@id":"https:\/\/janeke1830.it\/es\/prodotto\/pinza-para-el-pelo-mediana\/#primaryimage"},"thumbnailUrl":"https:\/\/janeke1830.it\/wp-content\/uploads\/2026\/01\/pinza-m-tos-cover-1.png","datePublished":"2026-01-07T16:55:16+00:00","dateModified":"2026-02-02T08:35:47+00:00","description":"Ideal para un look ordenado sin da\u00f1ar el cabello, la Pinza Mediana J\u00e4neke ofrece un agarre seguro en cualquier cabello. \u00a1Desc\u00fabrela ahora!","breadcrumb":{"@id":"https:\/\/janeke1830.it\/es\/prodotto\/pinza-para-el-pelo-mediana\/#breadcrumb"},"inLanguage":"es","potentialAction":[{"@type":"ReadAction","target":["https:\/\/janeke1830.it\/es\/prodotto\/pinza-para-el-pelo-mediana\/"]}]},{"@type":"ImageObject","inLanguage":"es","@id":"https:\/\/janeke1830.it\/es\/prodotto\/pinza-para-el-pelo-mediana\/#primaryimage","url":"https:\/\/janeke1830.it\/wp-content\/uploads\/2026\/01\/pinza-m-tos-cover-1.png","contentUrl":"https:\/\/janeke1830.it\/wp-content\/uploads\/2026\/01\/pinza-m-tos-cover-1.png","width":800,"height":800},{"@type":"BreadcrumbList","@id":"https:\/\/janeke1830.it\/es\/prodotto\/pinza-para-el-pelo-mediana\/#breadcrumb","itemListElement":[{"@type":"ListItem","position":1,"name":"Home","item":"https:\/\/janeke1830.it\/"},{"@type":"ListItem","position":2,"name":"Tienda","item":"https:\/\/janeke1830.it\/es\/tienda\/"},{"@type":"ListItem","position":3,"name":"Pinza para el pelo mediana"}]},{"@type":"WebSite","@id":"https:\/\/janeke1830.it\/#website","url":"https:\/\/janeke1830.it\/","name":"J\u00e4neke 1830","description":"","publisher":{"@id":"https:\/\/janeke1830.it\/#organization"},"potentialAction":[{"@type":"SearchAction","target":{"@type":"EntryPoint","urlTemplate":"https:\/\/janeke1830.it\/?s={search_term_string}"},"query-input":{"@type":"PropertyValueSpecification","valueRequired":true,"valueName":"search_term_string"}}],"inLanguage":"es"},{"@type":"Organization","@id":"https:\/\/janeke1830.it\/#organization","name":"J\u00e4neke 1830","url":"https:\/\/janeke1830.it\/","logo":{"@type":"ImageObject","inLanguage":"es","@id":"https:\/\/janeke1830.it\/#\/schema\/logo\/image\/","url":"https:\/\/janeke1830.it\/wp-content\/uploads\/2025\/12\/logo-nero-janeke.png","contentUrl":"https:\/\/janeke1830.it\/wp-content\/uploads\/2025\/12\/logo-nero-janeke.png","width":1824,"height":829,"caption":"J\u00e4neke 1830"},"image":{"@id":"https:\/\/janeke1830.it\/#\/schema\/logo\/image\/"},"sameAs":["https:\/\/www.facebook.com\/janeke1830","https:\/\/www.instagram.com\/janeke1830official","https:\/\/www.linkedin.com\/company\/giorgio-janeke-s-r-l-\/"]}]}},"_links":{"self":[{"href":"https:\/\/janeke1830.it\/es\/wp-json\/wp\/v2\/product\/3655","targetHints":{"allow":["GET"]}}],"collection":[{"href":"https:\/\/janeke1830.it\/es\/wp-json\/wp\/v2\/product"}],"about":[{"href":"https:\/\/janeke1830.it\/es\/wp-json\/wp\/v2\/types\/product"}],"replies":[{"embeddable":true,"href":"https:\/\/janeke1830.it\/es\/wp-json\/wp\/v2\/comments?post=3655"}],"wp:featuredmedia":[{"embeddable":true,"href":"https:\/\/janeke1830.it\/es\/wp-json\/wp\/v2\/media\/3657"}],"wp:attachment":[{"href":"https:\/\/janeke1830.it\/es\/wp-json\/wp\/v2\/media?parent=3655"}],"wp:term":[{"taxonomy":"product_brand","embeddable":true,"href":"https:\/\/janeke1830.it\/es\/wp-json\/wp\/v2\/product_brand?post=3655"},{"taxonomy":"product_cat","embeddable":true,"href":"https:\/\/janeke1830.it\/es\/wp-json\/wp\/v2\/product_cat?post=3655"},{"taxonomy":"product_tag","embeddable":true,"href":"https:\/\/janeke1830.it\/es\/wp-json\/wp\/v2\/product_tag?post=3655"}],"curies":[{"name":"wp","href":"https:\/\/api.w.org\/{rel}","templated":true}]}}