{"id":3478,"date":"2026-01-08T12:35:36","date_gmt":"2026-01-08T11:35:36","guid":{"rendered":"https:\/\/janeke1830.it\/prodotto\/cepillo-ovalado-pequeno-de-madera-de-haya-vaporizada\/"},"modified":"2026-03-03T11:47:57","modified_gmt":"2026-03-03T10:47:57","slug":"cepillo-ovalado-pequeno-de-madera-de-haya-vaporizada","status":"publish","type":"product","link":"https:\/\/janeke1830.it\/es\/prodotto\/cepillo-ovalado-pequeno-de-madera-de-haya-vaporizada\/","title":{"rendered":"Cepillo ovalado peque\u00f1o de madera de haya vaporizada"},"content":{"rendered":"","protected":false},"excerpt":{"rendered":"<p>Compacto y manejable, este cepillo ovalado peque\u00f1o desenreda delicadamente el cabello sin romperlo. Las cerdas masajean el cuero cabelludo y ayudan a distribuir los aceites naturales, reduciendo el encrespamiento. <\/p>\n<p>Ideal para llevar en el bolso o para retoques r\u00e1pidos, une practicidad, comodidad y calidad artesanal Janeke.<\/p>\n","protected":false},"featured_media":3481,"comment_status":"closed","ping_status":"closed","template":"","meta":[],"product_brand":[809],"product_cat":[210],"product_tag":[654],"class_list":{"0":"post-3478","1":"product","2":"type-product","3":"status-publish","4":"has-post-thumbnail","6":"product_brand-everyday","7":"product_cat-cepillos","8":"product_tag-madera","10":"first","11":"instock","12":"shipping-taxable","13":"purchasable","14":"product-type-simple"},"yoast_head":"<!-- This site is optimized with the Yoast SEO plugin v27.1.1 - https:\/\/yoast.com\/product\/yoast-seo-wordpress\/ -->\n<title>Cepillo Oval Peque\u00f1o Madera de Haya Evaporada - J\u00e4neke<\/title>\n<meta name=\"description\" content=\"&quot;Natural y compacto. El Cepillo Oval Peque\u00f1o de Madera de Haya Vaporizada J\u00e4neke desenreda y reduce el encrespamiento. Ideal para llevar en el bolso. Desc\u00fabrelo!&quot;\" \/>\n<meta name=\"robots\" content=\"index, follow, max-snippet:-1, max-image-preview:large, max-video-preview:-1\" \/>\n<link rel=\"canonical\" href=\"https:\/\/janeke1830.it\/es\/prodotto\/cepillo-ovalado-pequeno-de-madera-de-haya-vaporizada\/\" \/>\n<meta property=\"og:locale\" content=\"es_ES\" \/>\n<meta property=\"og:type\" content=\"article\" \/>\n<meta property=\"og:title\" content=\"Cepillo Oval Peque\u00f1o Madera de Haya Evaporada - J\u00e4neke\" \/>\n<meta property=\"og:description\" content=\"&quot;Natural y compacto. El Cepillo Oval Peque\u00f1o de Madera de Haya Vaporizada J\u00e4neke desenreda y reduce el encrespamiento. Ideal para llevar en el bolso. Desc\u00fabrelo!&quot;\" \/>\n<meta property=\"og:url\" content=\"https:\/\/janeke1830.it\/es\/prodotto\/cepillo-ovalado-pequeno-de-madera-de-haya-vaporizada\/\" \/>\n<meta property=\"og:site_name\" content=\"J\u00e4neke\" \/>\n<meta property=\"article:publisher\" content=\"https:\/\/www.facebook.com\/janeke1830\" \/>\n<meta property=\"article:modified_time\" content=\"2026-03-03T10:47:57+00:00\" \/>\n<meta property=\"og:image\" content=\"https:\/\/janeke1830.it\/wp-content\/uploads\/2025\/12\/SP66.png\" \/>\n\t<meta property=\"og:image:width\" content=\"1024\" \/>\n\t<meta property=\"og:image:height\" content=\"1024\" \/>\n\t<meta property=\"og:image:type\" content=\"image\/png\" \/>\n<meta name=\"twitter:card\" content=\"summary_large_image\" \/>\n<script type=\"application\/ld+json\" class=\"yoast-schema-graph\">{\"@context\":\"https:\/\/schema.org\",\"@graph\":[{\"@type\":\"WebPage\",\"@id\":\"https:\/\/janeke1830.it\/es\/prodotto\/cepillo-ovalado-pequeno-de-madera-de-haya-vaporizada\/\",\"url\":\"https:\/\/janeke1830.it\/es\/prodotto\/cepillo-ovalado-pequeno-de-madera-de-haya-vaporizada\/\",\"name\":\"Cepillo Oval Peque\u00f1o Madera de Haya Evaporada - J\u00e4neke\",\"isPartOf\":{\"@id\":\"https:\/\/janeke1830.it\/#website\"},\"primaryImageOfPage\":{\"@id\":\"https:\/\/janeke1830.it\/es\/prodotto\/cepillo-ovalado-pequeno-de-madera-de-haya-vaporizada\/#primaryimage\"},\"image\":{\"@id\":\"https:\/\/janeke1830.it\/es\/prodotto\/cepillo-ovalado-pequeno-de-madera-de-haya-vaporizada\/#primaryimage\"},\"thumbnailUrl\":\"https:\/\/janeke1830.it\/wp-content\/uploads\/2025\/12\/spazzola-ovale-piccola-legno-sp66.png\",\"datePublished\":\"2026-01-08T11:35:36+00:00\",\"dateModified\":\"2026-03-03T10:47:57+00:00\",\"description\":\"\\\"Natural y compacto. El Cepillo Oval Peque\u00f1o de Madera de Haya Vaporizada J\u00e4neke desenreda y reduce el encrespamiento. Ideal para llevar en el bolso. Desc\u00fabrelo!\\\"\",\"breadcrumb\":{\"@id\":\"https:\/\/janeke1830.it\/es\/prodotto\/cepillo-ovalado-pequeno-de-madera-de-haya-vaporizada\/#breadcrumb\"},\"inLanguage\":\"es\",\"potentialAction\":[{\"@type\":\"ReadAction\",\"target\":[\"https:\/\/janeke1830.it\/es\/prodotto\/cepillo-ovalado-pequeno-de-madera-de-haya-vaporizada\/\"]}]},{\"@type\":\"ImageObject\",\"inLanguage\":\"es\",\"@id\":\"https:\/\/janeke1830.it\/es\/prodotto\/cepillo-ovalado-pequeno-de-madera-de-haya-vaporizada\/#primaryimage\",\"url\":\"https:\/\/janeke1830.it\/wp-content\/uploads\/2025\/12\/spazzola-ovale-piccola-legno-sp66.png\",\"contentUrl\":\"https:\/\/janeke1830.it\/wp-content\/uploads\/2025\/12\/spazzola-ovale-piccola-legno-sp66.png\",\"width\":1024,\"height\":1024,\"caption\":\"Spazzola ovale piccola legno di faggio evaporato da borsetta J\u00e4neke\"},{\"@type\":\"BreadcrumbList\",\"@id\":\"https:\/\/janeke1830.it\/es\/prodotto\/cepillo-ovalado-pequeno-de-madera-de-haya-vaporizada\/#breadcrumb\",\"itemListElement\":[{\"@type\":\"ListItem\",\"position\":1,\"name\":\"Home\",\"item\":\"https:\/\/janeke1830.it\/\"},{\"@type\":\"ListItem\",\"position\":2,\"name\":\"Tienda\",\"item\":\"https:\/\/janeke1830.it\/es\/tienda\/\"},{\"@type\":\"ListItem\",\"position\":3,\"name\":\"Cepillo ovalado peque\u00f1o de madera de haya vaporizada\"}]},{\"@type\":\"WebSite\",\"@id\":\"https:\/\/janeke1830.it\/#website\",\"url\":\"https:\/\/janeke1830.it\/\",\"name\":\"J\u00e4neke 1830\",\"description\":\"\",\"publisher\":{\"@id\":\"https:\/\/janeke1830.it\/#organization\"},\"potentialAction\":[{\"@type\":\"SearchAction\",\"target\":{\"@type\":\"EntryPoint\",\"urlTemplate\":\"https:\/\/janeke1830.it\/?s={search_term_string}\"},\"query-input\":{\"@type\":\"PropertyValueSpecification\",\"valueRequired\":true,\"valueName\":\"search_term_string\"}}],\"inLanguage\":\"es\"},{\"@type\":\"Organization\",\"@id\":\"https:\/\/janeke1830.it\/#organization\",\"name\":\"J\u00e4neke 1830\",\"url\":\"https:\/\/janeke1830.it\/\",\"logo\":{\"@type\":\"ImageObject\",\"inLanguage\":\"es\",\"@id\":\"https:\/\/janeke1830.it\/#\/schema\/logo\/image\/\",\"url\":\"https:\/\/janeke1830.it\/wp-content\/uploads\/2025\/12\/logo-nero-janeke.png\",\"contentUrl\":\"https:\/\/janeke1830.it\/wp-content\/uploads\/2025\/12\/logo-nero-janeke.png\",\"width\":1824,\"height\":829,\"caption\":\"J\u00e4neke 1830\"},\"image\":{\"@id\":\"https:\/\/janeke1830.it\/#\/schema\/logo\/image\/\"},\"sameAs\":[\"https:\/\/www.facebook.com\/janeke1830\",\"https:\/\/www.instagram.com\/janeke1830official\",\"https:\/\/www.linkedin.com\/company\/giorgio-janeke-s-r-l-\/\"]}]}<\/script>\n<!-- \/ Yoast SEO plugin. -->","yoast_head_json":{"title":"Cepillo Oval Peque\u00f1o Madera de Haya Evaporada - J\u00e4neke","description":"\"Natural y compacto. El Cepillo Oval Peque\u00f1o de Madera de Haya Vaporizada J\u00e4neke desenreda y reduce el encrespamiento. Ideal para llevar en el bolso. Desc\u00fabrelo!\"","robots":{"index":"index","follow":"follow","max-snippet":"max-snippet:-1","max-image-preview":"max-image-preview:large","max-video-preview":"max-video-preview:-1"},"canonical":"https:\/\/janeke1830.it\/es\/prodotto\/cepillo-ovalado-pequeno-de-madera-de-haya-vaporizada\/","og_locale":"es_ES","og_type":"article","og_title":"Cepillo Oval Peque\u00f1o Madera de Haya Evaporada - J\u00e4neke","og_description":"\"Natural y compacto. El Cepillo Oval Peque\u00f1o de Madera de Haya Vaporizada J\u00e4neke desenreda y reduce el encrespamiento. Ideal para llevar en el bolso. Desc\u00fabrelo!\"","og_url":"https:\/\/janeke1830.it\/es\/prodotto\/cepillo-ovalado-pequeno-de-madera-de-haya-vaporizada\/","og_site_name":"J\u00e4neke","article_publisher":"https:\/\/www.facebook.com\/janeke1830","article_modified_time":"2026-03-03T10:47:57+00:00","og_image":[{"width":1024,"height":1024,"url":"https:\/\/janeke1830.it\/wp-content\/uploads\/2025\/12\/SP66.png","type":"image\/png"}],"twitter_card":"summary_large_image","schema":{"@context":"https:\/\/schema.org","@graph":[{"@type":"WebPage","@id":"https:\/\/janeke1830.it\/es\/prodotto\/cepillo-ovalado-pequeno-de-madera-de-haya-vaporizada\/","url":"https:\/\/janeke1830.it\/es\/prodotto\/cepillo-ovalado-pequeno-de-madera-de-haya-vaporizada\/","name":"Cepillo Oval Peque\u00f1o Madera de Haya Evaporada - J\u00e4neke","isPartOf":{"@id":"https:\/\/janeke1830.it\/#website"},"primaryImageOfPage":{"@id":"https:\/\/janeke1830.it\/es\/prodotto\/cepillo-ovalado-pequeno-de-madera-de-haya-vaporizada\/#primaryimage"},"image":{"@id":"https:\/\/janeke1830.it\/es\/prodotto\/cepillo-ovalado-pequeno-de-madera-de-haya-vaporizada\/#primaryimage"},"thumbnailUrl":"https:\/\/janeke1830.it\/wp-content\/uploads\/2025\/12\/spazzola-ovale-piccola-legno-sp66.png","datePublished":"2026-01-08T11:35:36+00:00","dateModified":"2026-03-03T10:47:57+00:00","description":"\"Natural y compacto. El Cepillo Oval Peque\u00f1o de Madera de Haya Vaporizada J\u00e4neke desenreda y reduce el encrespamiento. Ideal para llevar en el bolso. Desc\u00fabrelo!\"","breadcrumb":{"@id":"https:\/\/janeke1830.it\/es\/prodotto\/cepillo-ovalado-pequeno-de-madera-de-haya-vaporizada\/#breadcrumb"},"inLanguage":"es","potentialAction":[{"@type":"ReadAction","target":["https:\/\/janeke1830.it\/es\/prodotto\/cepillo-ovalado-pequeno-de-madera-de-haya-vaporizada\/"]}]},{"@type":"ImageObject","inLanguage":"es","@id":"https:\/\/janeke1830.it\/es\/prodotto\/cepillo-ovalado-pequeno-de-madera-de-haya-vaporizada\/#primaryimage","url":"https:\/\/janeke1830.it\/wp-content\/uploads\/2025\/12\/spazzola-ovale-piccola-legno-sp66.png","contentUrl":"https:\/\/janeke1830.it\/wp-content\/uploads\/2025\/12\/spazzola-ovale-piccola-legno-sp66.png","width":1024,"height":1024,"caption":"Spazzola ovale piccola legno di faggio evaporato da borsetta J\u00e4neke"},{"@type":"BreadcrumbList","@id":"https:\/\/janeke1830.it\/es\/prodotto\/cepillo-ovalado-pequeno-de-madera-de-haya-vaporizada\/#breadcrumb","itemListElement":[{"@type":"ListItem","position":1,"name":"Home","item":"https:\/\/janeke1830.it\/"},{"@type":"ListItem","position":2,"name":"Tienda","item":"https:\/\/janeke1830.it\/es\/tienda\/"},{"@type":"ListItem","position":3,"name":"Cepillo ovalado peque\u00f1o de madera de haya vaporizada"}]},{"@type":"WebSite","@id":"https:\/\/janeke1830.it\/#website","url":"https:\/\/janeke1830.it\/","name":"J\u00e4neke 1830","description":"","publisher":{"@id":"https:\/\/janeke1830.it\/#organization"},"potentialAction":[{"@type":"SearchAction","target":{"@type":"EntryPoint","urlTemplate":"https:\/\/janeke1830.it\/?s={search_term_string}"},"query-input":{"@type":"PropertyValueSpecification","valueRequired":true,"valueName":"search_term_string"}}],"inLanguage":"es"},{"@type":"Organization","@id":"https:\/\/janeke1830.it\/#organization","name":"J\u00e4neke 1830","url":"https:\/\/janeke1830.it\/","logo":{"@type":"ImageObject","inLanguage":"es","@id":"https:\/\/janeke1830.it\/#\/schema\/logo\/image\/","url":"https:\/\/janeke1830.it\/wp-content\/uploads\/2025\/12\/logo-nero-janeke.png","contentUrl":"https:\/\/janeke1830.it\/wp-content\/uploads\/2025\/12\/logo-nero-janeke.png","width":1824,"height":829,"caption":"J\u00e4neke 1830"},"image":{"@id":"https:\/\/janeke1830.it\/#\/schema\/logo\/image\/"},"sameAs":["https:\/\/www.facebook.com\/janeke1830","https:\/\/www.instagram.com\/janeke1830official","https:\/\/www.linkedin.com\/company\/giorgio-janeke-s-r-l-\/"]}]}},"_links":{"self":[{"href":"https:\/\/janeke1830.it\/es\/wp-json\/wp\/v2\/product\/3478","targetHints":{"allow":["GET"]}}],"collection":[{"href":"https:\/\/janeke1830.it\/es\/wp-json\/wp\/v2\/product"}],"about":[{"href":"https:\/\/janeke1830.it\/es\/wp-json\/wp\/v2\/types\/product"}],"replies":[{"embeddable":true,"href":"https:\/\/janeke1830.it\/es\/wp-json\/wp\/v2\/comments?post=3478"}],"wp:featuredmedia":[{"embeddable":true,"href":"https:\/\/janeke1830.it\/es\/wp-json\/wp\/v2\/media\/3481"}],"wp:attachment":[{"href":"https:\/\/janeke1830.it\/es\/wp-json\/wp\/v2\/media?parent=3478"}],"wp:term":[{"taxonomy":"product_brand","embeddable":true,"href":"https:\/\/janeke1830.it\/es\/wp-json\/wp\/v2\/product_brand?post=3478"},{"taxonomy":"product_cat","embeddable":true,"href":"https:\/\/janeke1830.it\/es\/wp-json\/wp\/v2\/product_cat?post=3478"},{"taxonomy":"product_tag","embeddable":true,"href":"https:\/\/janeke1830.it\/es\/wp-json\/wp\/v2\/product_tag?post=3478"}],"curies":[{"name":"wp","href":"https:\/\/api.w.org\/{rel}","templated":true}]}}