{"id":3425,"date":"2026-01-08T13:24:52","date_gmt":"2026-01-08T12:24:52","guid":{"rendered":"https:\/\/janeke1830.it\/prodotto\/cepillo-ovalado-pequeno\/"},"modified":"2026-03-03T11:47:42","modified_gmt":"2026-03-03T10:47:42","slug":"cepillo-ovalado-pequeno","status":"publish","type":"product","link":"https:\/\/janeke1830.it\/es\/prodotto\/cepillo-ovalado-pequeno\/","title":{"rendered":"Cepillo ovalado peque\u00f1o"},"content":{"rendered":"","protected":false},"excerpt":{"rendered":"<p>Compacto y refinado, el Cepillo Ovalado Peque\u00f1o con P\u00faas Oro Janeke une dise\u00f1o elegante y funcionalidad diaria. Las p\u00faas delicadas desenredan el cabello sin romperlo, mientras estimulan el cuero cabelludo con un agradable masaje, favoreciendo la circulaci\u00f3n. El formato reducido lo hace perfecto para llevar de viaje o para usar de forma pr\u00e1ctica y manejable, garantizando suavidad, brillo y cuidado del cabello.  <\/p>\n<p>Un accesorio indispensable que une confort, estilo y la calidad artesanal t\u00edpica de la marca Janeke.<\/p>\n","protected":false},"featured_media":3426,"comment_status":"closed","ping_status":"closed","template":"","meta":[],"product_brand":[814],"product_cat":[210],"product_tag":[535],"class_list":{"0":"post-3425","1":"product","2":"type-product","3":"status-publish","4":"has-post-thumbnail","6":"product_brand-luxury","7":"product_cat-cepillos","8":"product_tag-cepillos-de-lujo","10":"first","11":"instock","12":"shipping-taxable","13":"purchasable","14":"product-type-simple"},"yoast_head":"<!-- This site is optimized with the Yoast SEO plugin v27.1.1 - https:\/\/yoast.com\/product\/yoast-seo-wordpress\/ -->\n<title>J\u00e4neke Oval Peque\u00f1o - Cepillo Compacto de Viaje<\/title>\n<meta name=\"description\" content=\"Ideal en tu bolso: el Cepillo Oval Peque\u00f1o J\u00e4neke masajea el cuero cabelludo y desenreda sin romper. Cabello perfecto en todas partes. \u00a1C\u00f3mpralo!\" \/>\n<meta name=\"robots\" content=\"index, follow, max-snippet:-1, max-image-preview:large, max-video-preview:-1\" \/>\n<link rel=\"canonical\" href=\"https:\/\/janeke1830.it\/es\/prodotto\/cepillo-ovalado-pequeno\/\" \/>\n<meta property=\"og:locale\" content=\"es_ES\" \/>\n<meta property=\"og:type\" content=\"article\" \/>\n<meta property=\"og:title\" content=\"J\u00e4neke Oval Peque\u00f1o - Cepillo Compacto de Viaje\" \/>\n<meta property=\"og:description\" content=\"Ideal en tu bolso: el Cepillo Oval Peque\u00f1o J\u00e4neke masajea el cuero cabelludo y desenreda sin romper. Cabello perfecto en todas partes. \u00a1C\u00f3mpralo!\" \/>\n<meta property=\"og:url\" content=\"https:\/\/janeke1830.it\/es\/prodotto\/cepillo-ovalado-pequeno\/\" \/>\n<meta property=\"og:site_name\" content=\"J\u00e4neke\" \/>\n<meta property=\"article:publisher\" content=\"https:\/\/www.facebook.com\/janeke1830\" \/>\n<meta property=\"article:modified_time\" content=\"2026-03-03T10:47:42+00:00\" \/>\n<meta property=\"og:image\" content=\"https:\/\/janeke1830.it\/wp-content\/uploads\/2025\/12\/SP08GDBL-1.png\" \/>\n\t<meta property=\"og:image:width\" content=\"1024\" \/>\n\t<meta property=\"og:image:height\" content=\"1024\" \/>\n\t<meta property=\"og:image:type\" content=\"image\/png\" \/>\n<meta name=\"twitter:card\" content=\"summary_large_image\" \/>\n<script type=\"application\/ld+json\" class=\"yoast-schema-graph\">{\"@context\":\"https:\/\/schema.org\",\"@graph\":[{\"@type\":\"WebPage\",\"@id\":\"https:\/\/janeke1830.it\/es\/prodotto\/cepillo-ovalado-pequeno\/\",\"url\":\"https:\/\/janeke1830.it\/es\/prodotto\/cepillo-ovalado-pequeno\/\",\"name\":\"J\u00e4neke Oval Peque\u00f1o - Cepillo Compacto de Viaje\",\"isPartOf\":{\"@id\":\"https:\/\/janeke1830.it\/#website\"},\"primaryImageOfPage\":{\"@id\":\"https:\/\/janeke1830.it\/es\/prodotto\/cepillo-ovalado-pequeno\/#primaryimage\"},\"image\":{\"@id\":\"https:\/\/janeke1830.it\/es\/prodotto\/cepillo-ovalado-pequeno\/#primaryimage\"},\"thumbnailUrl\":\"https:\/\/janeke1830.it\/wp-content\/uploads\/2025\/12\/spazzola-ovale-piccola-setole-sp08gdbl-1.png\",\"datePublished\":\"2026-01-08T12:24:52+00:00\",\"dateModified\":\"2026-03-03T10:47:42+00:00\",\"description\":\"Ideal en tu bolso: el Cepillo Oval Peque\u00f1o J\u00e4neke masajea el cuero cabelludo y desenreda sin romper. Cabello perfecto en todas partes. \u00a1C\u00f3mpralo!\",\"breadcrumb\":{\"@id\":\"https:\/\/janeke1830.it\/es\/prodotto\/cepillo-ovalado-pequeno\/#breadcrumb\"},\"inLanguage\":\"es\",\"potentialAction\":[{\"@type\":\"ReadAction\",\"target\":[\"https:\/\/janeke1830.it\/es\/prodotto\/cepillo-ovalado-pequeno\/\"]}]},{\"@type\":\"ImageObject\",\"inLanguage\":\"es\",\"@id\":\"https:\/\/janeke1830.it\/es\/prodotto\/cepillo-ovalado-pequeno\/#primaryimage\",\"url\":\"https:\/\/janeke1830.it\/wp-content\/uploads\/2025\/12\/spazzola-ovale-piccola-setole-sp08gdbl-1.png\",\"contentUrl\":\"https:\/\/janeke1830.it\/wp-content\/uploads\/2025\/12\/spazzola-ovale-piccola-setole-sp08gdbl-1.png\",\"width\":1024,\"height\":1024,\"caption\":\"Spazzola ovale piccola picchi oro da viaggio J\u00e4neke\"},{\"@type\":\"BreadcrumbList\",\"@id\":\"https:\/\/janeke1830.it\/es\/prodotto\/cepillo-ovalado-pequeno\/#breadcrumb\",\"itemListElement\":[{\"@type\":\"ListItem\",\"position\":1,\"name\":\"Home\",\"item\":\"https:\/\/janeke1830.it\/\"},{\"@type\":\"ListItem\",\"position\":2,\"name\":\"Tienda\",\"item\":\"https:\/\/janeke1830.it\/es\/tienda\/\"},{\"@type\":\"ListItem\",\"position\":3,\"name\":\"Cepillo ovalado peque\u00f1o\"}]},{\"@type\":\"WebSite\",\"@id\":\"https:\/\/janeke1830.it\/#website\",\"url\":\"https:\/\/janeke1830.it\/\",\"name\":\"J\u00e4neke 1830\",\"description\":\"\",\"publisher\":{\"@id\":\"https:\/\/janeke1830.it\/#organization\"},\"potentialAction\":[{\"@type\":\"SearchAction\",\"target\":{\"@type\":\"EntryPoint\",\"urlTemplate\":\"https:\/\/janeke1830.it\/?s={search_term_string}\"},\"query-input\":{\"@type\":\"PropertyValueSpecification\",\"valueRequired\":true,\"valueName\":\"search_term_string\"}}],\"inLanguage\":\"es\"},{\"@type\":\"Organization\",\"@id\":\"https:\/\/janeke1830.it\/#organization\",\"name\":\"J\u00e4neke 1830\",\"url\":\"https:\/\/janeke1830.it\/\",\"logo\":{\"@type\":\"ImageObject\",\"inLanguage\":\"es\",\"@id\":\"https:\/\/janeke1830.it\/#\/schema\/logo\/image\/\",\"url\":\"https:\/\/janeke1830.it\/wp-content\/uploads\/2025\/12\/logo-nero-janeke.png\",\"contentUrl\":\"https:\/\/janeke1830.it\/wp-content\/uploads\/2025\/12\/logo-nero-janeke.png\",\"width\":1824,\"height\":829,\"caption\":\"J\u00e4neke 1830\"},\"image\":{\"@id\":\"https:\/\/janeke1830.it\/#\/schema\/logo\/image\/\"},\"sameAs\":[\"https:\/\/www.facebook.com\/janeke1830\",\"https:\/\/www.instagram.com\/janeke1830official\",\"https:\/\/www.linkedin.com\/company\/giorgio-janeke-s-r-l-\/\"]}]}<\/script>\n<!-- \/ Yoast SEO plugin. -->","yoast_head_json":{"title":"J\u00e4neke Oval Peque\u00f1o - Cepillo Compacto de Viaje","description":"Ideal en tu bolso: el Cepillo Oval Peque\u00f1o J\u00e4neke masajea el cuero cabelludo y desenreda sin romper. Cabello perfecto en todas partes. \u00a1C\u00f3mpralo!","robots":{"index":"index","follow":"follow","max-snippet":"max-snippet:-1","max-image-preview":"max-image-preview:large","max-video-preview":"max-video-preview:-1"},"canonical":"https:\/\/janeke1830.it\/es\/prodotto\/cepillo-ovalado-pequeno\/","og_locale":"es_ES","og_type":"article","og_title":"J\u00e4neke Oval Peque\u00f1o - Cepillo Compacto de Viaje","og_description":"Ideal en tu bolso: el Cepillo Oval Peque\u00f1o J\u00e4neke masajea el cuero cabelludo y desenreda sin romper. Cabello perfecto en todas partes. \u00a1C\u00f3mpralo!","og_url":"https:\/\/janeke1830.it\/es\/prodotto\/cepillo-ovalado-pequeno\/","og_site_name":"J\u00e4neke","article_publisher":"https:\/\/www.facebook.com\/janeke1830","article_modified_time":"2026-03-03T10:47:42+00:00","og_image":[{"width":1024,"height":1024,"url":"https:\/\/janeke1830.it\/wp-content\/uploads\/2025\/12\/SP08GDBL-1.png","type":"image\/png"}],"twitter_card":"summary_large_image","schema":{"@context":"https:\/\/schema.org","@graph":[{"@type":"WebPage","@id":"https:\/\/janeke1830.it\/es\/prodotto\/cepillo-ovalado-pequeno\/","url":"https:\/\/janeke1830.it\/es\/prodotto\/cepillo-ovalado-pequeno\/","name":"J\u00e4neke Oval Peque\u00f1o - Cepillo Compacto de Viaje","isPartOf":{"@id":"https:\/\/janeke1830.it\/#website"},"primaryImageOfPage":{"@id":"https:\/\/janeke1830.it\/es\/prodotto\/cepillo-ovalado-pequeno\/#primaryimage"},"image":{"@id":"https:\/\/janeke1830.it\/es\/prodotto\/cepillo-ovalado-pequeno\/#primaryimage"},"thumbnailUrl":"https:\/\/janeke1830.it\/wp-content\/uploads\/2025\/12\/spazzola-ovale-piccola-setole-sp08gdbl-1.png","datePublished":"2026-01-08T12:24:52+00:00","dateModified":"2026-03-03T10:47:42+00:00","description":"Ideal en tu bolso: el Cepillo Oval Peque\u00f1o J\u00e4neke masajea el cuero cabelludo y desenreda sin romper. Cabello perfecto en todas partes. \u00a1C\u00f3mpralo!","breadcrumb":{"@id":"https:\/\/janeke1830.it\/es\/prodotto\/cepillo-ovalado-pequeno\/#breadcrumb"},"inLanguage":"es","potentialAction":[{"@type":"ReadAction","target":["https:\/\/janeke1830.it\/es\/prodotto\/cepillo-ovalado-pequeno\/"]}]},{"@type":"ImageObject","inLanguage":"es","@id":"https:\/\/janeke1830.it\/es\/prodotto\/cepillo-ovalado-pequeno\/#primaryimage","url":"https:\/\/janeke1830.it\/wp-content\/uploads\/2025\/12\/spazzola-ovale-piccola-setole-sp08gdbl-1.png","contentUrl":"https:\/\/janeke1830.it\/wp-content\/uploads\/2025\/12\/spazzola-ovale-piccola-setole-sp08gdbl-1.png","width":1024,"height":1024,"caption":"Spazzola ovale piccola picchi oro da viaggio J\u00e4neke"},{"@type":"BreadcrumbList","@id":"https:\/\/janeke1830.it\/es\/prodotto\/cepillo-ovalado-pequeno\/#breadcrumb","itemListElement":[{"@type":"ListItem","position":1,"name":"Home","item":"https:\/\/janeke1830.it\/"},{"@type":"ListItem","position":2,"name":"Tienda","item":"https:\/\/janeke1830.it\/es\/tienda\/"},{"@type":"ListItem","position":3,"name":"Cepillo ovalado peque\u00f1o"}]},{"@type":"WebSite","@id":"https:\/\/janeke1830.it\/#website","url":"https:\/\/janeke1830.it\/","name":"J\u00e4neke 1830","description":"","publisher":{"@id":"https:\/\/janeke1830.it\/#organization"},"potentialAction":[{"@type":"SearchAction","target":{"@type":"EntryPoint","urlTemplate":"https:\/\/janeke1830.it\/?s={search_term_string}"},"query-input":{"@type":"PropertyValueSpecification","valueRequired":true,"valueName":"search_term_string"}}],"inLanguage":"es"},{"@type":"Organization","@id":"https:\/\/janeke1830.it\/#organization","name":"J\u00e4neke 1830","url":"https:\/\/janeke1830.it\/","logo":{"@type":"ImageObject","inLanguage":"es","@id":"https:\/\/janeke1830.it\/#\/schema\/logo\/image\/","url":"https:\/\/janeke1830.it\/wp-content\/uploads\/2025\/12\/logo-nero-janeke.png","contentUrl":"https:\/\/janeke1830.it\/wp-content\/uploads\/2025\/12\/logo-nero-janeke.png","width":1824,"height":829,"caption":"J\u00e4neke 1830"},"image":{"@id":"https:\/\/janeke1830.it\/#\/schema\/logo\/image\/"},"sameAs":["https:\/\/www.facebook.com\/janeke1830","https:\/\/www.instagram.com\/janeke1830official","https:\/\/www.linkedin.com\/company\/giorgio-janeke-s-r-l-\/"]}]}},"_links":{"self":[{"href":"https:\/\/janeke1830.it\/es\/wp-json\/wp\/v2\/product\/3425","targetHints":{"allow":["GET"]}}],"collection":[{"href":"https:\/\/janeke1830.it\/es\/wp-json\/wp\/v2\/product"}],"about":[{"href":"https:\/\/janeke1830.it\/es\/wp-json\/wp\/v2\/types\/product"}],"replies":[{"embeddable":true,"href":"https:\/\/janeke1830.it\/es\/wp-json\/wp\/v2\/comments?post=3425"}],"wp:featuredmedia":[{"embeddable":true,"href":"https:\/\/janeke1830.it\/es\/wp-json\/wp\/v2\/media\/3426"}],"wp:attachment":[{"href":"https:\/\/janeke1830.it\/es\/wp-json\/wp\/v2\/media?parent=3425"}],"wp:term":[{"taxonomy":"product_brand","embeddable":true,"href":"https:\/\/janeke1830.it\/es\/wp-json\/wp\/v2\/product_brand?post=3425"},{"taxonomy":"product_cat","embeddable":true,"href":"https:\/\/janeke1830.it\/es\/wp-json\/wp\/v2\/product_cat?post=3425"},{"taxonomy":"product_tag","embeddable":true,"href":"https:\/\/janeke1830.it\/es\/wp-json\/wp\/v2\/product_tag?post=3425"}],"curies":[{"name":"wp","href":"https:\/\/api.w.org\/{rel}","templated":true}]}}