{"id":3379,"date":"2026-01-09T15:34:31","date_gmt":"2026-01-09T14:34:31","guid":{"rendered":"https:\/\/janeke1830.it\/prodotto\/peine-de-tocador-rado-denso-grande-tokyo-con-estuche-de-cuero\/"},"modified":"2026-03-03T11:47:32","modified_gmt":"2026-03-03T10:47:32","slug":"peine-de-tocador-rado-denso-grande-tokyo-con-estuche-de-cuero","status":"publish","type":"product","link":"https:\/\/janeke1830.it\/es\/prodotto\/peine-de-tocador-rado-denso-grande-tokyo-con-estuche-de-cuero\/","title":{"rendered":"Peine de tocador rado denso grande Tokyo con estuche de cuero"},"content":{"rendered":"","protected":false},"excerpt":{"rendered":"<p>El <strong>peine de tocador grande Tokyo Janeke<\/strong> est\u00e1 pensado para un uso profesional y dom\u00e9stico, ideal para desenredar y peinar cabellos de cualquier tipo con precisi\u00f3n y delicadeza. Su mayor longitud permite trabajar f\u00e1cilmente en mechones amplios, garantizando un peinado uniforme y sin nudos. <\/p>\n<p>Incluida en el paquete, la elegante funda de cuero protege el peine del polvo y los golpes, lo que facilita su almacenamiento o transporte. Combina funcionalidad, ergonom\u00eda y el estilo distintivo de la marca Janeke. <\/p>\n","protected":false},"featured_media":3381,"comment_status":"closed","ping_status":"closed","template":"","meta":[],"product_brand":[814],"product_cat":[596],"product_tag":[636],"class_list":{"0":"post-3379","1":"product","2":"type-product","3":"status-publish","4":"has-post-thumbnail","6":"product_brand-luxury","7":"product_cat-peines","8":"product_tag-tokyo","10":"first","11":"instock","12":"shipping-taxable","13":"purchasable","14":"product-type-simple"},"yoast_head":"<!-- This site is optimized with the Yoast SEO plugin v27.1.1 - https:\/\/yoast.com\/product\/yoast-seo-wordpress\/ -->\n<title>Peine Higi\u00e9nico Tokio Grande con Funda de Cuero - J\u00e4neke 1830<\/title>\n<meta name=\"description\" content=\"Peine inodoro escaso grande Tokio con estuche de cuero J\u00e4neke: dientes dobles para cerraduras anchas. Estuche elegante incluido. \u00a1El\u00edgelo!\" \/>\n<meta name=\"robots\" content=\"index, follow, max-snippet:-1, max-image-preview:large, max-video-preview:-1\" \/>\n<link rel=\"canonical\" href=\"https:\/\/janeke1830.it\/es\/prodotto\/peine-de-tocador-rado-denso-grande-tokyo-con-estuche-de-cuero\/\" \/>\n<meta property=\"og:locale\" content=\"es_ES\" \/>\n<meta property=\"og:type\" content=\"article\" \/>\n<meta property=\"og:title\" content=\"Peine Higi\u00e9nico Tokio Grande con Funda de Cuero - J\u00e4neke 1830\" \/>\n<meta property=\"og:description\" content=\"Peine inodoro escaso grande Tokio con estuche de cuero J\u00e4neke: dientes dobles para cerraduras anchas. Estuche elegante incluido. \u00a1El\u00edgelo!\" \/>\n<meta property=\"og:url\" content=\"https:\/\/janeke1830.it\/es\/prodotto\/peine-de-tocador-rado-denso-grande-tokyo-con-estuche-de-cuero\/\" \/>\n<meta property=\"og:site_name\" content=\"J\u00e4neke\" \/>\n<meta property=\"article:publisher\" content=\"https:\/\/www.facebook.com\/janeke1830\" \/>\n<meta property=\"article:modified_time\" content=\"2026-03-03T10:47:32+00:00\" \/>\n<meta property=\"og:image\" content=\"https:\/\/janeke1830.it\/wp-content\/uploads\/2026\/01\/Ja_4937_2025.png\" \/>\n\t<meta property=\"og:image:width\" content=\"1024\" \/>\n\t<meta property=\"og:image:height\" content=\"1024\" \/>\n\t<meta property=\"og:image:type\" content=\"image\/png\" \/>\n<meta name=\"twitter:card\" content=\"summary_large_image\" \/>\n<script type=\"application\/ld+json\" class=\"yoast-schema-graph\">{\"@context\":\"https:\/\/schema.org\",\"@graph\":[{\"@type\":\"WebPage\",\"@id\":\"https:\/\/janeke1830.it\/es\/prodotto\/peine-de-tocador-rado-denso-grande-tokyo-con-estuche-de-cuero\/\",\"url\":\"https:\/\/janeke1830.it\/es\/prodotto\/peine-de-tocador-rado-denso-grande-tokyo-con-estuche-de-cuero\/\",\"name\":\"Peine Higi\u00e9nico Tokio Grande con Funda de Cuero - J\u00e4neke 1830\",\"isPartOf\":{\"@id\":\"https:\/\/janeke1830.it\/#website\"},\"primaryImageOfPage\":{\"@id\":\"https:\/\/janeke1830.it\/es\/prodotto\/peine-de-tocador-rado-denso-grande-tokyo-con-estuche-de-cuero\/#primaryimage\"},\"image\":{\"@id\":\"https:\/\/janeke1830.it\/es\/prodotto\/peine-de-tocador-rado-denso-grande-tokyo-con-estuche-de-cuero\/#primaryimage\"},\"thumbnailUrl\":\"https:\/\/janeke1830.it\/wp-content\/uploads\/2026\/01\/pettine-grande-tokyo-astuccio-ja_4937_2025.png\",\"datePublished\":\"2026-01-09T14:34:31+00:00\",\"dateModified\":\"2026-03-03T10:47:32+00:00\",\"description\":\"Peine inodoro escaso grande Tokio con estuche de cuero J\u00e4neke: dientes dobles para cerraduras anchas. Estuche elegante incluido. \u00a1El\u00edgelo!\",\"breadcrumb\":{\"@id\":\"https:\/\/janeke1830.it\/es\/prodotto\/peine-de-tocador-rado-denso-grande-tokyo-con-estuche-de-cuero\/#breadcrumb\"},\"inLanguage\":\"es\",\"potentialAction\":[{\"@type\":\"ReadAction\",\"target\":[\"https:\/\/janeke1830.it\/es\/prodotto\/peine-de-tocador-rado-denso-grande-tokyo-con-estuche-de-cuero\/\"]}]},{\"@type\":\"ImageObject\",\"inLanguage\":\"es\",\"@id\":\"https:\/\/janeke1830.it\/es\/prodotto\/peine-de-tocador-rado-denso-grande-tokyo-con-estuche-de-cuero\/#primaryimage\",\"url\":\"https:\/\/janeke1830.it\/wp-content\/uploads\/2026\/01\/pettine-grande-tokyo-astuccio-ja_4937_2025.png\",\"contentUrl\":\"https:\/\/janeke1830.it\/wp-content\/uploads\/2026\/01\/pettine-grande-tokyo-astuccio-ja_4937_2025.png\",\"width\":1024,\"height\":1024,\"caption\":\"Pettine Toilet Comb grande Tokyo rado e fitto con astuccio cuoio J\u00e4neke\"},{\"@type\":\"BreadcrumbList\",\"@id\":\"https:\/\/janeke1830.it\/es\/prodotto\/peine-de-tocador-rado-denso-grande-tokyo-con-estuche-de-cuero\/#breadcrumb\",\"itemListElement\":[{\"@type\":\"ListItem\",\"position\":1,\"name\":\"Home\",\"item\":\"https:\/\/janeke1830.it\/\"},{\"@type\":\"ListItem\",\"position\":2,\"name\":\"Tienda\",\"item\":\"https:\/\/janeke1830.it\/es\/tienda\/\"},{\"@type\":\"ListItem\",\"position\":3,\"name\":\"Peine de tocador rado denso grande Tokyo con estuche de cuero\"}]},{\"@type\":\"WebSite\",\"@id\":\"https:\/\/janeke1830.it\/#website\",\"url\":\"https:\/\/janeke1830.it\/\",\"name\":\"J\u00e4neke 1830\",\"description\":\"\",\"publisher\":{\"@id\":\"https:\/\/janeke1830.it\/#organization\"},\"potentialAction\":[{\"@type\":\"SearchAction\",\"target\":{\"@type\":\"EntryPoint\",\"urlTemplate\":\"https:\/\/janeke1830.it\/?s={search_term_string}\"},\"query-input\":{\"@type\":\"PropertyValueSpecification\",\"valueRequired\":true,\"valueName\":\"search_term_string\"}}],\"inLanguage\":\"es\"},{\"@type\":\"Organization\",\"@id\":\"https:\/\/janeke1830.it\/#organization\",\"name\":\"J\u00e4neke 1830\",\"url\":\"https:\/\/janeke1830.it\/\",\"logo\":{\"@type\":\"ImageObject\",\"inLanguage\":\"es\",\"@id\":\"https:\/\/janeke1830.it\/#\/schema\/logo\/image\/\",\"url\":\"https:\/\/janeke1830.it\/wp-content\/uploads\/2025\/12\/logo-nero-janeke.png\",\"contentUrl\":\"https:\/\/janeke1830.it\/wp-content\/uploads\/2025\/12\/logo-nero-janeke.png\",\"width\":1824,\"height\":829,\"caption\":\"J\u00e4neke 1830\"},\"image\":{\"@id\":\"https:\/\/janeke1830.it\/#\/schema\/logo\/image\/\"},\"sameAs\":[\"https:\/\/www.facebook.com\/janeke1830\",\"https:\/\/www.instagram.com\/janeke1830official\",\"https:\/\/www.linkedin.com\/company\/giorgio-janeke-s-r-l-\/\"]}]}<\/script>\n<!-- \/ Yoast SEO plugin. -->","yoast_head_json":{"title":"Peine Higi\u00e9nico Tokio Grande con Funda de Cuero - J\u00e4neke 1830","description":"Peine inodoro escaso grande Tokio con estuche de cuero J\u00e4neke: dientes dobles para cerraduras anchas. Estuche elegante incluido. \u00a1El\u00edgelo!","robots":{"index":"index","follow":"follow","max-snippet":"max-snippet:-1","max-image-preview":"max-image-preview:large","max-video-preview":"max-video-preview:-1"},"canonical":"https:\/\/janeke1830.it\/es\/prodotto\/peine-de-tocador-rado-denso-grande-tokyo-con-estuche-de-cuero\/","og_locale":"es_ES","og_type":"article","og_title":"Peine Higi\u00e9nico Tokio Grande con Funda de Cuero - J\u00e4neke 1830","og_description":"Peine inodoro escaso grande Tokio con estuche de cuero J\u00e4neke: dientes dobles para cerraduras anchas. Estuche elegante incluido. \u00a1El\u00edgelo!","og_url":"https:\/\/janeke1830.it\/es\/prodotto\/peine-de-tocador-rado-denso-grande-tokyo-con-estuche-de-cuero\/","og_site_name":"J\u00e4neke","article_publisher":"https:\/\/www.facebook.com\/janeke1830","article_modified_time":"2026-03-03T10:47:32+00:00","og_image":[{"width":1024,"height":1024,"url":"https:\/\/janeke1830.it\/wp-content\/uploads\/2026\/01\/Ja_4937_2025.png","type":"image\/png"}],"twitter_card":"summary_large_image","schema":{"@context":"https:\/\/schema.org","@graph":[{"@type":"WebPage","@id":"https:\/\/janeke1830.it\/es\/prodotto\/peine-de-tocador-rado-denso-grande-tokyo-con-estuche-de-cuero\/","url":"https:\/\/janeke1830.it\/es\/prodotto\/peine-de-tocador-rado-denso-grande-tokyo-con-estuche-de-cuero\/","name":"Peine Higi\u00e9nico Tokio Grande con Funda de Cuero - J\u00e4neke 1830","isPartOf":{"@id":"https:\/\/janeke1830.it\/#website"},"primaryImageOfPage":{"@id":"https:\/\/janeke1830.it\/es\/prodotto\/peine-de-tocador-rado-denso-grande-tokyo-con-estuche-de-cuero\/#primaryimage"},"image":{"@id":"https:\/\/janeke1830.it\/es\/prodotto\/peine-de-tocador-rado-denso-grande-tokyo-con-estuche-de-cuero\/#primaryimage"},"thumbnailUrl":"https:\/\/janeke1830.it\/wp-content\/uploads\/2026\/01\/pettine-grande-tokyo-astuccio-ja_4937_2025.png","datePublished":"2026-01-09T14:34:31+00:00","dateModified":"2026-03-03T10:47:32+00:00","description":"Peine inodoro escaso grande Tokio con estuche de cuero J\u00e4neke: dientes dobles para cerraduras anchas. Estuche elegante incluido. \u00a1El\u00edgelo!","breadcrumb":{"@id":"https:\/\/janeke1830.it\/es\/prodotto\/peine-de-tocador-rado-denso-grande-tokyo-con-estuche-de-cuero\/#breadcrumb"},"inLanguage":"es","potentialAction":[{"@type":"ReadAction","target":["https:\/\/janeke1830.it\/es\/prodotto\/peine-de-tocador-rado-denso-grande-tokyo-con-estuche-de-cuero\/"]}]},{"@type":"ImageObject","inLanguage":"es","@id":"https:\/\/janeke1830.it\/es\/prodotto\/peine-de-tocador-rado-denso-grande-tokyo-con-estuche-de-cuero\/#primaryimage","url":"https:\/\/janeke1830.it\/wp-content\/uploads\/2026\/01\/pettine-grande-tokyo-astuccio-ja_4937_2025.png","contentUrl":"https:\/\/janeke1830.it\/wp-content\/uploads\/2026\/01\/pettine-grande-tokyo-astuccio-ja_4937_2025.png","width":1024,"height":1024,"caption":"Pettine Toilet Comb grande Tokyo rado e fitto con astuccio cuoio J\u00e4neke"},{"@type":"BreadcrumbList","@id":"https:\/\/janeke1830.it\/es\/prodotto\/peine-de-tocador-rado-denso-grande-tokyo-con-estuche-de-cuero\/#breadcrumb","itemListElement":[{"@type":"ListItem","position":1,"name":"Home","item":"https:\/\/janeke1830.it\/"},{"@type":"ListItem","position":2,"name":"Tienda","item":"https:\/\/janeke1830.it\/es\/tienda\/"},{"@type":"ListItem","position":3,"name":"Peine de tocador rado denso grande Tokyo con estuche de cuero"}]},{"@type":"WebSite","@id":"https:\/\/janeke1830.it\/#website","url":"https:\/\/janeke1830.it\/","name":"J\u00e4neke 1830","description":"","publisher":{"@id":"https:\/\/janeke1830.it\/#organization"},"potentialAction":[{"@type":"SearchAction","target":{"@type":"EntryPoint","urlTemplate":"https:\/\/janeke1830.it\/?s={search_term_string}"},"query-input":{"@type":"PropertyValueSpecification","valueRequired":true,"valueName":"search_term_string"}}],"inLanguage":"es"},{"@type":"Organization","@id":"https:\/\/janeke1830.it\/#organization","name":"J\u00e4neke 1830","url":"https:\/\/janeke1830.it\/","logo":{"@type":"ImageObject","inLanguage":"es","@id":"https:\/\/janeke1830.it\/#\/schema\/logo\/image\/","url":"https:\/\/janeke1830.it\/wp-content\/uploads\/2025\/12\/logo-nero-janeke.png","contentUrl":"https:\/\/janeke1830.it\/wp-content\/uploads\/2025\/12\/logo-nero-janeke.png","width":1824,"height":829,"caption":"J\u00e4neke 1830"},"image":{"@id":"https:\/\/janeke1830.it\/#\/schema\/logo\/image\/"},"sameAs":["https:\/\/www.facebook.com\/janeke1830","https:\/\/www.instagram.com\/janeke1830official","https:\/\/www.linkedin.com\/company\/giorgio-janeke-s-r-l-\/"]}]}},"_links":{"self":[{"href":"https:\/\/janeke1830.it\/es\/wp-json\/wp\/v2\/product\/3379","targetHints":{"allow":["GET"]}}],"collection":[{"href":"https:\/\/janeke1830.it\/es\/wp-json\/wp\/v2\/product"}],"about":[{"href":"https:\/\/janeke1830.it\/es\/wp-json\/wp\/v2\/types\/product"}],"replies":[{"embeddable":true,"href":"https:\/\/janeke1830.it\/es\/wp-json\/wp\/v2\/comments?post=3379"}],"wp:featuredmedia":[{"embeddable":true,"href":"https:\/\/janeke1830.it\/es\/wp-json\/wp\/v2\/media\/3381"}],"wp:attachment":[{"href":"https:\/\/janeke1830.it\/es\/wp-json\/wp\/v2\/media?parent=3379"}],"wp:term":[{"taxonomy":"product_brand","embeddable":true,"href":"https:\/\/janeke1830.it\/es\/wp-json\/wp\/v2\/product_brand?post=3379"},{"taxonomy":"product_cat","embeddable":true,"href":"https:\/\/janeke1830.it\/es\/wp-json\/wp\/v2\/product_cat?post=3379"},{"taxonomy":"product_tag","embeddable":true,"href":"https:\/\/janeke1830.it\/es\/wp-json\/wp\/v2\/product_tag?post=3379"}],"curies":[{"name":"wp","href":"https:\/\/api.w.org\/{rel}","templated":true}]}}