{"id":3323,"date":"2026-01-10T07:30:26","date_gmt":"2026-01-10T06:30:26","guid":{"rendered":"https:\/\/janeke1830.it\/prodotto\/peine-de-puas-anchas-con-mango\/"},"modified":"2026-02-02T09:35:15","modified_gmt":"2026-02-02T08:35:15","slug":"peine-de-puas-anchas-con-mango","status":"publish","type":"product","link":"https:\/\/janeke1830.it\/es\/prodotto\/peine-de-puas-anchas-con-mango\/","title":{"rendered":"Peine de p\u00faas anchas con mango"},"content":{"rendered":"","protected":false},"excerpt":{"rendered":"<p>El <strong>Peine Janeke con mango<\/strong> es un accesorio elegante y pr\u00e1ctico, ideal para desenredar y modelar el cabello con facilidad. El mango ergon\u00f3mico garantiza un agarre seguro y c\u00f3modo, permitiendo trabajar con precisi\u00f3n en cualquier tipo de cabello. <\/p>\n<p>Realizado con materiales resistentes y rematado con detalles, combina funcionalidad, estilo y la calidad distintiva de la marca Janeke, haci\u00e9ndolo perfecto tanto para el uso diario como para momentos de cuidado personal m\u00e1s refinados.<\/p>\n","protected":false},"featured_media":3324,"comment_status":"closed","ping_status":"closed","template":"","meta":[],"product_brand":[814],"product_cat":[596],"product_tag":[630],"class_list":{"0":"post-3323","1":"product","2":"type-product","3":"status-publish","4":"has-post-thumbnail","6":"product_brand-luxury","7":"product_cat-peines","8":"product_tag-peines-luxury","10":"first","11":"instock","12":"shipping-taxable","13":"purchasable","14":"product-type-variable","15":"wvs-archive-product-wrapper"},"yoast_head":"<!-- This site is optimized with the Yoast SEO plugin v27.1.1 - https:\/\/yoast.com\/product\/yoast-seo-wordpress\/ -->\n<title>Peine Rado con Mango J\u00e4neke - Desenreda y Da Forma<\/title>\n<meta name=\"description\" content=\"Peine Rado con mango J\u00e4neke: agarre ergon\u00f3mico para desenredar todos los cabellos. Estilo elegante y materiales duraderos. \u00a1P\u00eddelo online!\" \/>\n<meta name=\"robots\" content=\"index, follow, max-snippet:-1, max-image-preview:large, max-video-preview:-1\" \/>\n<link rel=\"canonical\" href=\"https:\/\/janeke1830.it\/es\/prodotto\/peine-de-puas-anchas-con-mango\/\" \/>\n<meta property=\"og:locale\" content=\"es_ES\" \/>\n<meta property=\"og:type\" content=\"article\" \/>\n<meta property=\"og:title\" content=\"Peine Rado con Mango J\u00e4neke - Desenreda y Da Forma\" \/>\n<meta property=\"og:description\" content=\"Peine Rado con mango J\u00e4neke: agarre ergon\u00f3mico para desenredar todos los cabellos. Estilo elegante y materiales duraderos. \u00a1P\u00eddelo online!\" \/>\n<meta property=\"og:url\" content=\"https:\/\/janeke1830.it\/es\/prodotto\/peine-de-puas-anchas-con-mango\/\" \/>\n<meta property=\"og:site_name\" content=\"J\u00e4neke\" \/>\n<meta property=\"article:publisher\" content=\"https:\/\/www.facebook.com\/janeke1830\" \/>\n<meta property=\"article:modified_time\" content=\"2026-02-02T08:35:15+00:00\" \/>\n<meta property=\"og:image\" content=\"https:\/\/janeke1830.it\/wp-content\/uploads\/2026\/01\/AU825.png\" \/>\n\t<meta property=\"og:image:width\" content=\"1024\" \/>\n\t<meta property=\"og:image:height\" content=\"1024\" \/>\n\t<meta property=\"og:image:type\" content=\"image\/png\" \/>\n<meta name=\"twitter:card\" content=\"summary_large_image\" \/>\n<script type=\"application\/ld+json\" class=\"yoast-schema-graph\">{\"@context\":\"https:\/\/schema.org\",\"@graph\":[{\"@type\":\"WebPage\",\"@id\":\"https:\/\/janeke1830.it\/es\/prodotto\/peine-de-puas-anchas-con-mango\/\",\"url\":\"https:\/\/janeke1830.it\/es\/prodotto\/peine-de-puas-anchas-con-mango\/\",\"name\":\"Peine Rado con Mango J\u00e4neke - Desenreda y Da Forma\",\"isPartOf\":{\"@id\":\"https:\/\/janeke1830.it\/#website\"},\"primaryImageOfPage\":{\"@id\":\"https:\/\/janeke1830.it\/es\/prodotto\/peine-de-puas-anchas-con-mango\/#primaryimage\"},\"image\":{\"@id\":\"https:\/\/janeke1830.it\/es\/prodotto\/peine-de-puas-anchas-con-mango\/#primaryimage\"},\"thumbnailUrl\":\"https:\/\/janeke1830.it\/wp-content\/uploads\/2026\/01\/pettine-manico-capelli-oro-au825.png\",\"datePublished\":\"2026-01-10T06:30:26+00:00\",\"dateModified\":\"2026-02-02T08:35:15+00:00\",\"description\":\"Peine Rado con mango J\u00e4neke: agarre ergon\u00f3mico para desenredar todos los cabellos. Estilo elegante y materiales duraderos. \u00a1P\u00eddelo online!\",\"breadcrumb\":{\"@id\":\"https:\/\/janeke1830.it\/es\/prodotto\/peine-de-puas-anchas-con-mango\/#breadcrumb\"},\"inLanguage\":\"es\",\"potentialAction\":[{\"@type\":\"ReadAction\",\"target\":[\"https:\/\/janeke1830.it\/es\/prodotto\/peine-de-puas-anchas-con-mango\/\"]}]},{\"@type\":\"ImageObject\",\"inLanguage\":\"es\",\"@id\":\"https:\/\/janeke1830.it\/es\/prodotto\/peine-de-puas-anchas-con-mango\/#primaryimage\",\"url\":\"https:\/\/janeke1830.it\/wp-content\/uploads\/2026\/01\/pettine-manico-capelli-oro-au825.png\",\"contentUrl\":\"https:\/\/janeke1830.it\/wp-content\/uploads\/2026\/01\/pettine-manico-capelli-oro-au825.png\",\"width\":1024,\"height\":1024,\"caption\":\"Pettine rado con manico oro per districare e modellare i capelli\"},{\"@type\":\"BreadcrumbList\",\"@id\":\"https:\/\/janeke1830.it\/es\/prodotto\/peine-de-puas-anchas-con-mango\/#breadcrumb\",\"itemListElement\":[{\"@type\":\"ListItem\",\"position\":1,\"name\":\"Home\",\"item\":\"https:\/\/janeke1830.it\/\"},{\"@type\":\"ListItem\",\"position\":2,\"name\":\"Tienda\",\"item\":\"https:\/\/janeke1830.it\/es\/tienda\/\"},{\"@type\":\"ListItem\",\"position\":3,\"name\":\"Peine de p\u00faas anchas con mango\"}]},{\"@type\":\"WebSite\",\"@id\":\"https:\/\/janeke1830.it\/#website\",\"url\":\"https:\/\/janeke1830.it\/\",\"name\":\"J\u00e4neke 1830\",\"description\":\"\",\"publisher\":{\"@id\":\"https:\/\/janeke1830.it\/#organization\"},\"potentialAction\":[{\"@type\":\"SearchAction\",\"target\":{\"@type\":\"EntryPoint\",\"urlTemplate\":\"https:\/\/janeke1830.it\/?s={search_term_string}\"},\"query-input\":{\"@type\":\"PropertyValueSpecification\",\"valueRequired\":true,\"valueName\":\"search_term_string\"}}],\"inLanguage\":\"es\"},{\"@type\":\"Organization\",\"@id\":\"https:\/\/janeke1830.it\/#organization\",\"name\":\"J\u00e4neke 1830\",\"url\":\"https:\/\/janeke1830.it\/\",\"logo\":{\"@type\":\"ImageObject\",\"inLanguage\":\"es\",\"@id\":\"https:\/\/janeke1830.it\/#\/schema\/logo\/image\/\",\"url\":\"https:\/\/janeke1830.it\/wp-content\/uploads\/2025\/12\/logo-nero-janeke.png\",\"contentUrl\":\"https:\/\/janeke1830.it\/wp-content\/uploads\/2025\/12\/logo-nero-janeke.png\",\"width\":1824,\"height\":829,\"caption\":\"J\u00e4neke 1830\"},\"image\":{\"@id\":\"https:\/\/janeke1830.it\/#\/schema\/logo\/image\/\"},\"sameAs\":[\"https:\/\/www.facebook.com\/janeke1830\",\"https:\/\/www.instagram.com\/janeke1830official\",\"https:\/\/www.linkedin.com\/company\/giorgio-janeke-s-r-l-\/\"]}]}<\/script>\n<!-- \/ Yoast SEO plugin. -->","yoast_head_json":{"title":"Peine Rado con Mango J\u00e4neke - Desenreda y Da Forma","description":"Peine Rado con mango J\u00e4neke: agarre ergon\u00f3mico para desenredar todos los cabellos. Estilo elegante y materiales duraderos. \u00a1P\u00eddelo online!","robots":{"index":"index","follow":"follow","max-snippet":"max-snippet:-1","max-image-preview":"max-image-preview:large","max-video-preview":"max-video-preview:-1"},"canonical":"https:\/\/janeke1830.it\/es\/prodotto\/peine-de-puas-anchas-con-mango\/","og_locale":"es_ES","og_type":"article","og_title":"Peine Rado con Mango J\u00e4neke - Desenreda y Da Forma","og_description":"Peine Rado con mango J\u00e4neke: agarre ergon\u00f3mico para desenredar todos los cabellos. Estilo elegante y materiales duraderos. \u00a1P\u00eddelo online!","og_url":"https:\/\/janeke1830.it\/es\/prodotto\/peine-de-puas-anchas-con-mango\/","og_site_name":"J\u00e4neke","article_publisher":"https:\/\/www.facebook.com\/janeke1830","article_modified_time":"2026-02-02T08:35:15+00:00","og_image":[{"width":1024,"height":1024,"url":"https:\/\/janeke1830.it\/wp-content\/uploads\/2026\/01\/AU825.png","type":"image\/png"}],"twitter_card":"summary_large_image","schema":{"@context":"https:\/\/schema.org","@graph":[{"@type":"WebPage","@id":"https:\/\/janeke1830.it\/es\/prodotto\/peine-de-puas-anchas-con-mango\/","url":"https:\/\/janeke1830.it\/es\/prodotto\/peine-de-puas-anchas-con-mango\/","name":"Peine Rado con Mango J\u00e4neke - Desenreda y Da Forma","isPartOf":{"@id":"https:\/\/janeke1830.it\/#website"},"primaryImageOfPage":{"@id":"https:\/\/janeke1830.it\/es\/prodotto\/peine-de-puas-anchas-con-mango\/#primaryimage"},"image":{"@id":"https:\/\/janeke1830.it\/es\/prodotto\/peine-de-puas-anchas-con-mango\/#primaryimage"},"thumbnailUrl":"https:\/\/janeke1830.it\/wp-content\/uploads\/2026\/01\/pettine-manico-capelli-oro-au825.png","datePublished":"2026-01-10T06:30:26+00:00","dateModified":"2026-02-02T08:35:15+00:00","description":"Peine Rado con mango J\u00e4neke: agarre ergon\u00f3mico para desenredar todos los cabellos. Estilo elegante y materiales duraderos. \u00a1P\u00eddelo online!","breadcrumb":{"@id":"https:\/\/janeke1830.it\/es\/prodotto\/peine-de-puas-anchas-con-mango\/#breadcrumb"},"inLanguage":"es","potentialAction":[{"@type":"ReadAction","target":["https:\/\/janeke1830.it\/es\/prodotto\/peine-de-puas-anchas-con-mango\/"]}]},{"@type":"ImageObject","inLanguage":"es","@id":"https:\/\/janeke1830.it\/es\/prodotto\/peine-de-puas-anchas-con-mango\/#primaryimage","url":"https:\/\/janeke1830.it\/wp-content\/uploads\/2026\/01\/pettine-manico-capelli-oro-au825.png","contentUrl":"https:\/\/janeke1830.it\/wp-content\/uploads\/2026\/01\/pettine-manico-capelli-oro-au825.png","width":1024,"height":1024,"caption":"Pettine rado con manico oro per districare e modellare i capelli"},{"@type":"BreadcrumbList","@id":"https:\/\/janeke1830.it\/es\/prodotto\/peine-de-puas-anchas-con-mango\/#breadcrumb","itemListElement":[{"@type":"ListItem","position":1,"name":"Home","item":"https:\/\/janeke1830.it\/"},{"@type":"ListItem","position":2,"name":"Tienda","item":"https:\/\/janeke1830.it\/es\/tienda\/"},{"@type":"ListItem","position":3,"name":"Peine de p\u00faas anchas con mango"}]},{"@type":"WebSite","@id":"https:\/\/janeke1830.it\/#website","url":"https:\/\/janeke1830.it\/","name":"J\u00e4neke 1830","description":"","publisher":{"@id":"https:\/\/janeke1830.it\/#organization"},"potentialAction":[{"@type":"SearchAction","target":{"@type":"EntryPoint","urlTemplate":"https:\/\/janeke1830.it\/?s={search_term_string}"},"query-input":{"@type":"PropertyValueSpecification","valueRequired":true,"valueName":"search_term_string"}}],"inLanguage":"es"},{"@type":"Organization","@id":"https:\/\/janeke1830.it\/#organization","name":"J\u00e4neke 1830","url":"https:\/\/janeke1830.it\/","logo":{"@type":"ImageObject","inLanguage":"es","@id":"https:\/\/janeke1830.it\/#\/schema\/logo\/image\/","url":"https:\/\/janeke1830.it\/wp-content\/uploads\/2025\/12\/logo-nero-janeke.png","contentUrl":"https:\/\/janeke1830.it\/wp-content\/uploads\/2025\/12\/logo-nero-janeke.png","width":1824,"height":829,"caption":"J\u00e4neke 1830"},"image":{"@id":"https:\/\/janeke1830.it\/#\/schema\/logo\/image\/"},"sameAs":["https:\/\/www.facebook.com\/janeke1830","https:\/\/www.instagram.com\/janeke1830official","https:\/\/www.linkedin.com\/company\/giorgio-janeke-s-r-l-\/"]}]}},"_links":{"self":[{"href":"https:\/\/janeke1830.it\/es\/wp-json\/wp\/v2\/product\/3323","targetHints":{"allow":["GET"]}}],"collection":[{"href":"https:\/\/janeke1830.it\/es\/wp-json\/wp\/v2\/product"}],"about":[{"href":"https:\/\/janeke1830.it\/es\/wp-json\/wp\/v2\/types\/product"}],"replies":[{"embeddable":true,"href":"https:\/\/janeke1830.it\/es\/wp-json\/wp\/v2\/comments?post=3323"}],"wp:featuredmedia":[{"embeddable":true,"href":"https:\/\/janeke1830.it\/es\/wp-json\/wp\/v2\/media\/3324"}],"wp:attachment":[{"href":"https:\/\/janeke1830.it\/es\/wp-json\/wp\/v2\/media?parent=3323"}],"wp:term":[{"taxonomy":"product_brand","embeddable":true,"href":"https:\/\/janeke1830.it\/es\/wp-json\/wp\/v2\/product_brand?post=3323"},{"taxonomy":"product_cat","embeddable":true,"href":"https:\/\/janeke1830.it\/es\/wp-json\/wp\/v2\/product_cat?post=3323"},{"taxonomy":"product_tag","embeddable":true,"href":"https:\/\/janeke1830.it\/es\/wp-json\/wp\/v2\/product_tag?post=3323"}],"curies":[{"name":"wp","href":"https:\/\/api.w.org\/{rel}","templated":true}]}}